{"id":5295,"date":"2025-08-22T14:17:20","date_gmt":"2025-08-22T07:17:20","guid":{"rendered":"https:\/\/noithathuuthinh.vn\/chinh-sach-van-chuyen-giao-nhan\/"},"modified":"2025-08-22T14:17:20","modified_gmt":"2025-08-22T07:17:20","slug":"chinh-sach-van-chuyen-giao-nhan","status":"publish","type":"page","link":"https:\/\/noithathuuthinh.vn\/zh-hans\/chinh-sach-van-chuyen-giao-nhan\/","title":{"rendered":"CH\u00cdNH S\u00c1CH V\u1eacN CHUY\u1ec2N &#038; GIAO NH\u1eacN"},"content":{"rendered":"<p><b><i>N\u1ed9i th\u1ea5t H\u1eefu Th\u1ecbnh<\/i><\/b> l\u00e0 th\u01b0\u01a1ng hi\u1ec7u uy t\u00edn, s\u1ea3n ph\u1ea9m \u0111a d\u1ea1ng, ch\u1ea5t l\u01b0\u1ee3ng \u1ed5n \u0111\u1ecbnh, ch\u00ednh s\u00e1ch v\u00e0 quy \u0111\u1ecbnh v\u00ec l\u1ee3i \u00edch c\u1ee7a kh\u00e1ch h\u00e0ng. s\u1ea3n ph\u1ea9m N\u1ed9i th\u1ea5t H\u1eefu Th\u1ecbnh lu\u00f4n \u0111\u01b0\u1ee3c \u0111\u00e1nh gi\u00e1 cao v\u1ec1 phong c\u00e1ch hi\u1ec7n \u0111\u1ea1i, to\u00e1t l\u00ean v\u1ebb sang tr\u1ecdng v\u00e0 tinh t\u1ebf.<\/p>\n<h1 id=\"ftoc-1-chinh-sach-van-chuyen\" class=\"ftwp-heading\"><b>1. Ch\u00ednh s\u00e1ch v\u1eadn chuy\u1ec3n<\/b><\/h1>\n<h2 id=\"ftoc-phan-loai-khu-vuc\" class=\"ftwp-heading\"><b><i>Ph\u00e2n lo\u1ea1i khu v\u1ef1c:<\/i><\/b><\/h2>\n<ul>\n<li aria-level=\"1\">N\u1ed9i th\u00e0nh Ti\u1ec1n Giang: Th\u00e0nh ph\u1ed1 M\u1ef9 Tho<\/li>\n<li aria-level=\"1\">Ngo\u1ea1i th\u00e0nh Ti\u1ec1n Giang: Th\u1ecb x\u00e3 G\u00f2 C\u00f4ng, Th\u1ecb x\u00e3 Cai L\u1eady, Huy\u1ec7n Cai L\u1eady, Huy\u1ec7n C\u00e1i B\u00e8, Huy\u1ec7n T\u00e2n Ph\u01b0\u1edbc, Huy\u1ec7n Ch\u00e2u Th\u00e0nh, Huy\u1ec7n Ch\u1ee3 G\u1ea1o, Huy\u1ec7n G\u00f2 C\u00f4ng T\u00e2y, Huy\u1ec7n G\u00f2 C\u00f4ng \u0110\u00f4ng, Huy\u1ec7n T\u00e2n Ph\u00fa \u0110\u00f4ng, ngo\u00e0i ra c\u00e1c \u0111\u1ecba ch\u1ec9 kh\u00e1c s\u1ebd \u0111\u01b0\u1ee3c v\u1eadn chuy\u1ec3n theo th\u1ecfa thu\u1eadn gi\u1eefa nh\u00e2n vi\u00ean kinh doanh v\u00e0 kh\u00e1ch h\u00e0ng.<\/li>\n<\/ul>\n<h2 id=\"ftoc-chinh-sach\" class=\"ftwp-heading\"><b><i>Ch\u00ednh s\u00e1ch:\u00a0<\/i><\/b><\/h2>\n<ul>\n<li aria-level=\"1\">N\u1ed9i th\u00e0nh t\u1ec9nh Ti\u1ec1n Giang S\u1ebd \u0111\u01b0\u1ee3c giao h\u00e0ng mi\u1ec5n ph\u00ed; \u0111\u1ed1i v\u1edbi ngo\u1ea1i th\u00e0nh t\u1ec9nh Ti\u1ec1n Giang khi giao h\u00e0ng s\u1ebd t\u00ednh ph\u00ed t\u00f9y theo kho\u1ea3ng c\u00e1ch, \u0111\u01a1n h\u00e0ng.<\/li>\n<li aria-level=\"1\">Theo gi\u00e1 tr\u1ecb \u0111\u01a1n h\u00e0ng: \u0111\u01a1n h\u00e0ng tr\u00ean 20 tri\u1ec7u trong ph\u1ea1m vi t\u1ec9nh Ti\u1ec1n Giang giao mi\u1ec5n ph\u00ed; \u0111\u01a1n h\u00e0ng d\u01b0\u1edbi 20 tri\u1ec7u ho\u1eb7c ngo\u00e0i ph\u1ea1m vi t\u1ec9nh Ti\u1ec1n Giang s\u1ebd t\u00ednh ph\u00ed t\u00f9y theo kho\u1ea3ng c\u00e1ch, \u0111\u01a1n h\u00e0ng. Ph\u1ea7n n\u00e0y s\u1ebd \u0111\u01b0\u1ee3c th\u1ecfa thu\u1eadn v\u00e0 trao \u0111\u1ed5i khi kh\u00e1ch h\u00e0ng mua h\u00e0ng t\u1ea1i N\u1ed9i th\u1ea5t H\u1eefu Th\u1ecbnh.<\/li>\n<\/ul>\n<h2 id=\"ftoc-bang-gia-van-chuyen\" class=\"ftwp-heading\"><b><i>B\u1ea3ng gi\u00e1 v\u1eadn chuy\u1ec3n:<\/i><\/b><\/h2>\n<p>\u0110\u1ed1i v\u1edbi c\u00e1c \u0111\u01a1n h\u00e0ng ngo\u1ea1i th\u00e0nh t\u1ec9nh Ti\u1ec1n Giang: Th\u1ecb x\u00e3 G\u00f2 C\u00f4ng, Th\u1ecb x\u00e3 Cai L\u1eady, Huy\u1ec7n Cai L\u1eady, Huy\u1ec7n C\u00e1i B\u00e8, Huy\u1ec7n T\u00e2n Ph\u01b0\u1edbc, Huy\u1ec7n Ch\u00e2u Th\u00e0nh, Huy\u1ec7n Ch\u1ee3 G\u1ea1o, Huy\u1ec7n G\u00f2 C\u00f4ng T\u00e2y, Huy\u1ec7n G\u00f2 C\u00f4ng \u0110\u00f4ng, Huy\u1ec7n T\u00e2n Ph\u00fa \u0110\u00f4ng<\/p>\n<ul>\n<li aria-level=\"1\">Ph\u00ed giao \u0111\u1ed9ng t\u1eeb 150 \u2013 300 ngh\u00ecn \u0111\u1ed3ng t\u00f9y s\u1ea3n ph\u1ea9m, kho\u1ea3ng c\u00e1ch (m\u1ecdi chi ph\u00ed s\u1ebd \u0111\u01b0\u1ee3c trao \u0111\u1ed5i v\u00e0 v\u00e0 th\u1ecfa thu\u1eadn ch\u00ednh x\u00e1c khi kh\u00e1ch h\u00e0ng x\u00e1c nh\u1eadn \u0111\u01a1n)<\/li>\n<li aria-level=\"1\">Th\u1eddi gian v\u1eadn chuy\u1ec3n t\u1eeb 1-5 ng\u00e0y (tr\u1eeb ch\u1ee7 nh\u1eadt v\u00e0 c\u00e1c ng\u00e0y l\u1ec5 l\u1edbn)<\/li>\n<li aria-level=\"1\">Th\u1eddi gian x\u00e1c nh\u1eadn \u0111\u01a1n h\u00e0ng t\u1eeb th\u1ee9 2 \u0111\u1ebfn th\u1ee9 7 (tr\u1eeb ch\u1ee7 nh\u1eadt v\u00e0 c\u00e1c ng\u00e0y l\u1ec5 l\u1edbn)<\/li>\n<\/ul>\n<p>\u0110\u1ec3 \u0111\u1ea3m b\u1ea3o v\u1ec1 m\u1eb7t ch\u1ea5t l\u01b0\u1ee3ng s\u1ea3n ph\u1ea9m khi \u0111\u1ebfn tay kh\u00e1ch h\u00e0ng, N\u1ed9i th\u1ea5t H\u1eefu Th\u1ecbnh s\u1ebd v\u1eadn chuy\u1ec3n \u0111\u01a1n h\u00e0ng b\u1eb1ng xe v\u1eadn chuy\u1ec3n chuy\u00ean d\u1ee5ng.<\/p>\n<h1 id=\"ftoc-2-quy-trinh-ban-giao\" class=\"ftwp-heading\"><b>2. Quy tr\u00ecnh b\u00e0n giao<\/b><\/h1>\n<ul>\n<li aria-level=\"1\">Nguy\u00ean t\u1eafc chung: C\u00f4ng ty ch\u1ec9 b\u00e0n giao cho \u0111\u00fang ng\u01b0\u1eddi \u0111\u00e3 th\u1ef1c hi\u1ec7n giao k\u1ebft h\u1ee3p \u0111\u1ed3ng v\u1edbi C\u00f4ng ty, ho\u1eb7c ng\u01b0\u1eddi \u0111\u01b0\u1ee3c \u1ee7y quy\u1ec1n h\u1ee3p ph\u00e1p b\u1edfi ng\u01b0\u1eddi n\u00e0y. Vi\u1ec7c chuy\u1ec3n giao s\u1ea3n ph\u1ea9m cho ng\u01b0\u1eddi \u0111\u01b0\u1ee3c \u1ee7y quy\u1ec1n h\u1ee3p ph\u00e1p ph\u00e1t sinh hi\u1ec7u l\u1ef1c ph\u00e1p l\u00fd nh\u01b0 giao s\u1ea3n ph\u1ea9m cho ch\u00ednh ng\u01b0\u1eddi giao k\u1ebft h\u1ee3p \u0111\u1ed3ng. Tr\u01b0\u1eddng h\u1ee3p ng\u01b0\u1eddi \u0111\u01b0\u1ee3c \u1ee7y quy\u1ec1n t\u1ea1i th\u1eddi \u0111i\u1ec3m giao s\u1ea3n ph\u1ea9m kh\u00f4ng xu\u1ea5t tr\u00ecnh \u0111\u01b0\u1ee3c v\u0103n b\u1ea3n ch\u1ee9ng minh t\u01b0 c\u00e1ch nh\u1eadn \u1ee7y quy\u1ec1n m\u1ed9t c\u00e1ch h\u1ee3p ph\u00e1p th\u00ec C\u00f4ng ty c\u00f3 quy\u1ec1n t\u1eeb ch\u1ed1i giao s\u1ea3n ph\u1ea9m v\u00e0\u00a0 th\u00f4ng b\u00e1o cho ng\u01b0\u1eddi giao k\u1ebft h\u1ee3p \u0111\u1ed3ng vi\u1ec7c giao s\u1ea3n ph\u1ea9m kh\u00f4ng th\u00e0nh c\u00f4ng. Trong m\u1ecdi tr\u01b0\u1eddng h\u1ee3p C\u00f4ng ty s\u1ebd b\u00e0n giao s\u1ea3n ph\u1ea9m cho Kh\u00e1ch h\u00e0ng theo \u0111\u00fang \u0111\u1ecba \u0111i\u1ec3m \u0111\u01b0\u1ee3c \u0111\u1ec1 c\u1eadp t\u1ea1i H\u1ee3p \u0111\u1ed3ng.<\/li>\n<li aria-level=\"1\">Tr\u01b0\u1edbc khi ti\u1ebfn h\u00e0nh b\u00e0n giao s\u1ea3n ph\u1ea9m nh\u00e2n vi\u00ean T\u01b0 v\u1ea5n c\u1ee7a N\u1ed9i th\u1ea5t H\u1eefu Th\u1ecbnh s\u1ebd li\u00ean h\u1ec7 tr\u01b0\u1edbc v\u1edbi Kh\u00e1ch h\u00e0ng \u0111\u1ec3 x\u00e1c nh\u1eadn\u00a0 l\u1ea1i th\u1eddi gian, \u0111\u1ecba \u0111i\u1ec3m b\u00e0n giao s\u1ea3n ph\u1ea9m v\u00e0 h\u01b0\u1edbng d\u1eabn Kh\u00e1ch h\u00e0ng chu\u1ea9n b\u1ecb m\u1ed9t s\u1ed1 gi\u1ea5y t\u1edd c\u1ea7n thi\u1ebft khi nh\u1eadn b\u00e0n giao s\u1ea3n ph\u1ea9m. C\u00e1c chi ph\u00ed ph\u00e1t sinh li\u00ean quan \u0111\u1ebfn vi\u1ec7c giao s\u1ea3n ph\u1ea9m ngo\u00e0i tr\u1ee5 s\u1edf showroom s\u1ebd \u0111\u01b0\u1ee3c x\u00e1c \u0111\u1ecbnh theo quy \u0111\u1ecbnh c\u1ee5 th\u1ec3 t\u1ea1i H\u1ee3p \u0111\u1ed3ng gi\u1eefa C\u00f4ng ty v\u00e0 Kh\u00e1ch h\u00e0ng.<\/li>\n<li aria-level=\"1\">T\u1ea1i th\u1eddi \u0111i\u1ec3m b\u00e0n giao nh\u1eadn s\u1ea3n ph\u1ea9m n\u1ed9i th\u1ea5t, Kh\u00e1ch h\u00e0ng vui l\u00f2ng tr\u1ef1c ti\u1ebfp ki\u1ec3m tra k\u1ef9 v\u1ec1 m\u1eabu m\u00e3, s\u1ed1 l\u01b0\u1ee3ng, t\u00ecnh tr\u1ea1ng s\u1ea3n ph\u1ea9m, c\u00e1c ph\u1ee5 ki\u1ec7n k\u00e8m theo v\u00e0\/ho\u1eb7c nh\u1eefng v\u1eadt d\u1ee5ng khuy\u1ebfn m\u00e3i kh\u00e1c (n\u1ebfu c\u00f3) \u0111\u1ec3 \u0111\u1ed1i chi\u1ebfu s\u1ef1 ph\u00f9 h\u1ee3p gi\u1eefa th\u1ef1c t\u1ebf giao nh\u1eadn v\u1edbi th\u1ecfa thu\u1eadn c\u1ee7a c\u00e1c B\u00ean t\u1ea1i H\u1ee3p \u0111\u1ed3ng.<\/li>\n<li aria-level=\"1\">Nh\u00e2n vi\u00ean T\u01b0 v\u1ea5n b\u00e1n h\u00e0ng khi th\u1ef1c hi\u1ec7n th\u1ee7 t\u1ee5c b\u00e0n giao s\u1ea3n ph\u1ea9m s\u1ebd l\u1eadp \u201cBi\u00ean b\u1ea3n nghi\u1ec7m thu\u201d v\u00e0 b\u00e0n giao s\u1ea3n ph\u1ea9m trong \u0111\u00f3 th\u1ec3 hi\u1ec7n t\u00ecnh tr\u1ea1ng s\u1ea3n ph\u1ea9m g\u1ed7 l\u00fac giao v\u00e0 nh\u1eefng ph\u1ee5 ki\u1ec7n \u0111i k\u00e8m (n\u1ebfu c\u00f3). Kh\u00e1ch h\u00e0ng vui l\u00f2ng ki\u1ec3m tra n\u1ed9i dung Bi\u00ean b\u1ea3n \u0111\u01b0\u1ee3c ghi nh\u1eadn theo \u0111\u00fang th\u1ef1c t\u1ebf giao nh\u1eadn. Bi\u00ean b\u1ea3n s\u1ebd \u0111\u01b0\u1ee3c l\u1eadp t\u1ed1i thi\u1ec3u l\u00e0 02 b\u1ea3n v\u00e0 trong m\u1ecdi tr\u01b0\u1eddng h\u1ee3p Kh\u00e1ch h\u00e0ng s\u1ebd lu\u00f4n \u0111\u01b0\u1ee3c nh\u1eadn m\u1ed9t b\u1ea3n g\u1ed1c c\u1ee7a Bi\u00ean b\u1ea3n nghi\u1ec7m thu v\u00e0 b\u00e0n giao s\u1ea3n ph\u1ea9m.<\/li>\n<li aria-level=\"1\">Vi\u1ec7c x\u00e1c nh\u1eadn v\u00e0o Bi\u00ean b\u1ea3n l\u00e0 s\u1ef1 x\u00e1c nh\u1eadn C\u00f4ng ty \u0111\u00e3 giao s\u1ea3n ph\u1ea9m v\u00e0 Kh\u00e1ch h\u00e0ng \u0111\u00e3 nh\u1eadn s\u1ea3n ph\u1ea9m \u0111\u00fang, \u0111\u1ee7 v\u00e0 \u0111\u1ea3m b\u1ea3o ch\u1ea5t l\u01b0\u1ee3ng nh\u01b0 th\u1ecfa thu\u1eadn theo quy \u0111\u1ecbnh trong H\u1ee3p \u0111\u1ed3ng. Tr\u00e1ch nhi\u1ec7m c\u1ee7a C\u00f4ng ty sau th\u1eddi \u0111i\u1ec3m c\u00e1c B\u00ean x\u00e1c nh\u1eadn Bi\u00ean b\u1ea3n s\u1ebd \u0111\u01b0\u1ee3c th\u1ef1c hi\u1ec7n theo quy \u0111\u1ecbnh v\u1ec1 b\u1ea3o h\u00e0nh.<\/li>\n<\/ul>\n<p>Trong th\u1eddi gian ch\u1edd \u0111\u1ee3i nh\u1eadn s\u1ea3n ph\u1ea9m n\u1ed9i th\u1ea5t c\u1ee7a ch\u00fang t\u00f4i, Kh\u00e1ch h\u00e0ng c\u00f3 b\u1ea5t c\u1ee9 th\u1eafc m\u1eafc g\u00ec v\u1ec1 vi\u1ec7c b\u00e0n giao xin vui l\u00f2ng li\u00ean h\u1ec7 hotline c\u1ee7a N\u1ed9i th\u1ea5t H\u1eefu Th\u1ecbnh \u0111\u1ec3 \u0111\u01b0\u1ee3c t\u01b0 v\u1ea5n c\u1ee5 th\u1ec3<\/p>\n<h1 id=\"ftoc-thong-tin-lien-he\" class=\"ftwp-heading\"><b>TH\u00d4NG TIN LI\u00caN H\u1ec6:<\/b><\/h1>\n<p><strong>CTY TNHH SX TM TTNT H\u1eeeU TH\u1ecaNH<\/strong><\/p>\n<p>141 \u0111\u01b0\u1eddng Ph\u1ea1m H\u00f9ng kp9 Ph\u01b0\u1eddng Trung An t\u1ec9nh \u0110\u1ed3ng Th\u00e1p<\/p>\n<p><a href=\"tel:0906345687\">0906345687<\/a><\/p>\n<p><a href=\"mailto:huuthinhnoithat@gmail.com\">huuthinhnoithat@gmail.com<\/a><\/p>\n<p>N\u1ed9i th\u1ea5t H\u1eefu Th\u1ecbnh h\u00e2n h\u1ea1nh \u0111\u01b0\u1ee3c ph\u1ee5c v\u1ee5 qu\u00fd kh\u00e1ch h\u00e0ng!<\/p>\n","protected":false},"excerpt":{"rendered":"<p>N\u1ed9i th\u1ea5t H\u1eefu Th\u1ecbnh l\u00e0 th\u01b0\u01a1ng hi\u1ec7u uy t\u00edn, s\u1ea3n ph\u1ea9m \u0111a d\u1ea1ng, ch\u1ea5t l\u01b0\u1ee3ng \u1ed5n \u0111\u1ecbnh, ch\u00ednh s\u00e1ch v\u00e0 quy \u0111\u1ecbnh v\u00ec l\u1ee3i \u00edch c\u1ee7a kh\u00e1ch h\u00e0ng. s\u1ea3n ph\u1ea9m N\u1ed9i th\u1ea5t H\u1eefu Th\u1ecbnh lu\u00f4n \u0111\u01b0\u1ee3c \u0111\u00e1nh gi\u00e1 cao v\u1ec1 phong c\u00e1ch hi\u1ec7n \u0111\u1ea1i, to\u00e1t l\u00ean v\u1ebb sang tr\u1ecdng v\u00e0 tinh t\u1ebf. 1. Ch\u00ednh s\u00e1ch&#8230;<\/p>\n","protected":false},"author":4,"featured_media":0,"parent":0,"menu_order":0,"comment_status":"closed","ping_status":"closed","template":"","meta":{"footnotes":""},"class_list":["post-5295","page","type-page","status-publish","hentry"],"rankMath":{"parentDomain":"noithathuuthinh.vn","noFollowDomains":[],"noFollowExcludeDomains":[],"noFollowExternalLinks":false,"featuredImageNotice":"The featured image should be at least 200 by 200 pixels to be picked up by Facebook and other social media sites.","pluginReviewed":false,"postSettings":{"linkSuggestions":true,"useFocusKeyword":false},"frontEndScore":false,"postName":"chinh-sach-van-chuyen-giao-nhan","permalinkFormat":"https:\/\/noithathuuthinh.vn\/zh-hans\/%pagename%\/","showLockModifiedDate":true,"assessor":{"focusKeywordLink":"https:\/\/noithathuuthinh.vn\/wp-admin\/edit.php?focus_keyword=%focus_keyword%&post_type=%post_type%","hasTOCPlugin":false,"primaryTaxonomy":false,"serpData":{"title":"","description":"","focusKeywords":"","pillarContent":false,"canonicalUrl":"","breadcrumbTitle":"","advancedRobots":{"max-snippet":"-1","max-video-preview":"-1","max-image-preview":"large"},"facebookTitle":"","facebookDescription":"","facebookImage":"","facebookImageID":"","facebookHasOverlay":false,"facebookImageOverlay":"","facebookAuthor":"","twitterCardType":"","twitterUseFacebook":true,"twitterTitle":"","twitterDescription":"","twitterImage":"","twitterImageID":"","twitterHasOverlay":false,"twitterImageOverlay":"","twitterPlayerUrl":"","twitterPlayerSize":"","twitterPlayerStream":"","twitterPlayerStreamCtype":"","twitterAppDescription":"","twitterAppIphoneName":"","twitterAppIphoneID":"","twitterAppIphoneUrl":"","twitterAppIpadName":"","twitterAppIpadID":"","twitterAppIpadUrl":"","twitterAppGoogleplayName":"","twitterAppGoogleplayID":"","twitterAppGoogleplayUrl":"","twitterAppCountry":"","robots":{"index":true},"twitterAuthor":"username","primaryTerm":0,"authorName":"admin","titleTemplate":"%title% %sep% %sitename%","descriptionTemplate":"%excerpt%","showScoreFrontend":true,"lockModifiedDate":false},"powerWords":[],"diacritics":{"A":"[\\u0041\\u24B6\\uFF21\\u00C0\\u00C1\\u00C2\\u1EA6\\u1EA4\\u1EAA\\u1EA8\\u00C3\\u0100\\u0102\\u1EB0\\u1EAE\\u1EB4\\u1EB2\\u0226\\u01E0\\u00C4\\u01DE\\u1EA2\\u00C5\\u01FA\\u01CD\\u0200\\u0202\\u1EA0\\u1EAC\\u1EB6\\u1E00\\u0104\\u023A\\u2C6F]","AA":"[\\uA732]","AE":"[\\u00C6\\u01FC\\u01E2]","AO":"[\\uA734]","AU":"[\\uA736]","AV":"[\\uA738\\uA73A]","AY":"[\\uA73C]","B":"[\\u0042\\u24B7\\uFF22\\u1E02\\u1E04\\u1E06\\u0243\\u0182\\u0181]","C":"[\\u0043\\u24B8\\uFF23\\u0106\\u0108\\u010A\\u010C\\u00C7\\u1E08\\u0187\\u023B\\uA73E]","D":"[\\u0044\\u24B9\\uFF24\\u1E0A\\u010E\\u1E0C\\u1E10\\u1E12\\u1E0E\\u0110\\u018B\\u018A\\u0189\\uA779]","DZ":"[\\u01F1\\u01C4]","Dz":"[\\u01F2\\u01C5]","E":"[\\u0045\\u24BA\\uFF25\\u00C8\\u00C9\\u00CA\\u1EC0\\u1EBE\\u1EC4\\u1EC2\\u1EBC\\u0112\\u1E14\\u1E16\\u0114\\u0116\\u00CB\\u1EBA\\u011A\\u0204\\u0206\\u1EB8\\u1EC6\\u0228\\u1E1C\\u0118\\u1E18\\u1E1A\\u0190\\u018E]","F":"[\\u0046\\u24BB\\uFF26\\u1E1E\\u0191\\uA77B]","G":"[\\u0047\\u24BC\\uFF27\\u01F4\\u011C\\u1E20\\u011E\\u0120\\u01E6\\u0122\\u01E4\\u0193\\uA7A0\\uA77D\\uA77E]","H":"[\\u0048\\u24BD\\uFF28\\u0124\\u1E22\\u1E26\\u021E\\u1E24\\u1E28\\u1E2A\\u0126\\u2C67\\u2C75\\uA78D]","I":"[\\u0049\\u24BE\\uFF29\\u00CC\\u00CD\\u00CE\\u0128\\u012A\\u012C\\u0130\\u00CF\\u1E2E\\u1EC8\\u01CF\\u0208\\u020A\\u1ECA\\u012E\\u1E2C\\u0197]","J":"[\\u004A\\u24BF\\uFF2A\\u0134\\u0248]","K":"[\\u004B\\u24C0\\uFF2B\\u1E30\\u01E8\\u1E32\\u0136\\u1E34\\u0198\\u2C69\\uA740\\uA742\\uA744\\uA7A2]","L":"[\\u004C\\u24C1\\uFF2C\\u013F\\u0139\\u013D\\u1E36\\u1E38\\u013B\\u1E3C\\u1E3A\\u0141\\u023D\\u2C62\\u2C60\\uA748\\uA746\\uA780]","LJ":"[\\u01C7]","Lj":"[\\u01C8]","M":"[\\u004D\\u24C2\\uFF2D\\u1E3E\\u1E40\\u1E42\\u2C6E\\u019C]","N":"[\\u004E\\u24C3\\uFF2E\\u01F8\\u0143\\u00D1\\u1E44\\u0147\\u1E46\\u0145\\u1E4A\\u1E48\\u0220\\u019D\\uA790\\uA7A4]","NJ":"[\\u01CA]","Nj":"[\\u01CB]","O":"[\\u004F\\u24C4\\uFF2F\\u00D2\\u00D3\\u00D4\\u1ED2\\u1ED0\\u1ED6\\u1ED4\\u00D5\\u1E4C\\u022C\\u1E4E\\u014C\\u1E50\\u1E52\\u014E\\u022E\\u0230\\u00D6\\u022A\\u1ECE\\u0150\\u01D1\\u020C\\u020E\\u01A0\\u1EDC\\u1EDA\\u1EE0\\u1EDE\\u1EE2\\u1ECC\\u1ED8\\u01EA\\u01EC\\u00D8\\u01FE\\u0186\\u019F\\uA74A\\uA74C]","OI":"[\\u01A2]","OO":"[\\uA74E]","OU":"[\\u0222]","P":"[\\u0050\\u24C5\\uFF30\\u1E54\\u1E56\\u01A4\\u2C63\\uA750\\uA752\\uA754]","Q":"[\\u0051\\u24C6\\uFF31\\uA756\\uA758\\u024A]","R":"[\\u0052\\u24C7\\uFF32\\u0154\\u1E58\\u0158\\u0210\\u0212\\u1E5A\\u1E5C\\u0156\\u1E5E\\u024C\\u2C64\\uA75A\\uA7A6\\uA782]","S":"[\\u0053\\u24C8\\uFF33\\u1E9E\\u015A\\u1E64\\u015C\\u1E60\\u0160\\u1E66\\u1E62\\u1E68\\u0218\\u015E\\u2C7E\\uA7A8\\uA784]","T":"[\\u0054\\u24C9\\uFF34\\u1E6A\\u0164\\u1E6C\\u021A\\u0162\\u1E70\\u1E6E\\u0166\\u01AC\\u01AE\\u023E\\uA786]","TZ":"[\\uA728]","U":"[\\u0055\\u24CA\\uFF35\\u00D9\\u00DA\\u00DB\\u0168\\u1E78\\u016A\\u1E7A\\u016C\\u00DC\\u01DB\\u01D7\\u01D5\\u01D9\\u1EE6\\u016E\\u0170\\u01D3\\u0214\\u0216\\u01AF\\u1EEA\\u1EE8\\u1EEE\\u1EEC\\u1EF0\\u1EE4\\u1E72\\u0172\\u1E76\\u1E74\\u0244]","V":"[\\u0056\\u24CB\\uFF36\\u1E7C\\u1E7E\\u01B2\\uA75E\\u0245]","VY":"[\\uA760]","W":"[\\u0057\\u24CC\\uFF37\\u1E80\\u1E82\\u0174\\u1E86\\u1E84\\u1E88\\u2C72]","X":"[\\u0058\\u24CD\\uFF38\\u1E8A\\u1E8C]","Y":"[\\u0059\\u24CE\\uFF39\\u1EF2\\u00DD\\u0176\\u1EF8\\u0232\\u1E8E\\u0178\\u1EF6\\u1EF4\\u01B3\\u024E\\u1EFE]","Z":"[\\u005A\\u24CF\\uFF3A\\u0179\\u1E90\\u017B\\u017D\\u1E92\\u1E94\\u01B5\\u0224\\u2C7F\\u2C6B\\uA762]","a":"[\\u0061\\u24D0\\uFF41\\u1E9A\\u00E0\\u00E1\\u00E2\\u1EA7\\u1EA5\\u1EAB\\u1EA9\\u00E3\\u0101\\u0103\\u1EB1\\u1EAF\\u1EB5\\u1EB3\\u0227\\u01E1\\u00E4\\u01DF\\u1EA3\\u00E5\\u01FB\\u01CE\\u0201\\u0203\\u1EA1\\u1EAD\\u1EB7\\u1E01\\u0105\\u2C65\\u0250]","aa":"[\\uA733]","ae":"[\\u00E6\\u01FD\\u01E3]","ao":"[\\uA735]","au":"[\\uA737]","av":"[\\uA739\\uA73B]","ay":"[\\uA73D]","b":"[\\u0062\\u24D1\\uFF42\\u1E03\\u1E05\\u1E07\\u0180\\u0183\\u0253]","c":"[\\u0063\\u24D2\\uFF43\\u0107\\u0109\\u010B\\u010D\\u00E7\\u1E09\\u0188\\u023C\\uA73F\\u2184]","d":"[\\u0064\\u24D3\\uFF44\\u1E0B\\u010F\\u1E0D\\u1E11\\u1E13\\u1E0F\\u0111\\u018C\\u0256\\u0257\\uA77A]","dz":"[\\u01F3\\u01C6]","e":"[\\u0065\\u24D4\\uFF45\\u00E8\\u00E9\\u00EA\\u1EC1\\u1EBF\\u1EC5\\u1EC3\\u1EBD\\u0113\\u1E15\\u1E17\\u0115\\u0117\\u00EB\\u1EBB\\u011B\\u0205\\u0207\\u1EB9\\u1EC7\\u0229\\u1E1D\\u0119\\u1E19\\u1E1B\\u0247\\u025B\\u01DD]","f":"[\\u0066\\u24D5\\uFF46\\u1E1F\\u0192\\uA77C]","g":"[\\u0067\\u24D6\\uFF47\\u01F5\\u011D\\u1E21\\u011F\\u0121\\u01E7\\u0123\\u01E5\\u0260\\uA7A1\\u1D79\\uA77F]","h":"[\\u0068\\u24D7\\uFF48\\u0125\\u1E23\\u1E27\\u021F\\u1E25\\u1E29\\u1E2B\\u1E96\\u0127\\u2C68\\u2C76\\u0265]","hv":"[\\u0195]","i":"[\\u0069\\u24D8\\uFF49\\u00EC\\u00ED\\u00EE\\u0129\\u012B\\u012D\\u00EF\\u1E2F\\u1EC9\\u01D0\\u0209\\u020B\\u1ECB\\u012F\\u1E2D\\u0268\\u0131]","j":"[\\u006A\\u24D9\\uFF4A\\u0135\\u01F0\\u0249]","k":"[\\u006B\\u24DA\\uFF4B\\u1E31\\u01E9\\u1E33\\u0137\\u1E35\\u0199\\u2C6A\\uA741\\uA743\\uA745\\uA7A3]","l":"[\\u006C\\u24DB\\uFF4C\\u0140\\u013A\\u013E\\u1E37\\u1E39\\u013C\\u1E3D\\u1E3B\\u017F\\u0142\\u019A\\u026B\\u2C61\\uA749\\uA781\\uA747]","lj":"[\\u01C9]","m":"[\\u006D\\u24DC\\uFF4D\\u1E3F\\u1E41\\u1E43\\u0271\\u026F]","n":"[\\u006E\\u24DD\\uFF4E\\u01F9\\u0144\\u00F1\\u1E45\\u0148\\u1E47\\u0146\\u1E4B\\u1E49\\u019E\\u0272\\u0149\\uA791\\uA7A5]","nj":"[\\u01CC]","o":"[\\u006F\\u24DE\\uFF4F\\u00F2\\u00F3\\u00F4\\u1ED3\\u1ED1\\u1ED7\\u1ED5\\u00F5\\u1E4D\\u022D\\u1E4F\\u014D\\u1E51\\u1E53\\u014F\\u022F\\u0231\\u00F6\\u022B\\u1ECF\\u0151\\u01D2\\u020D\\u020F\\u01A1\\u1EDD\\u1EDB\\u1EE1\\u1EDF\\u1EE3\\u1ECD\\u1ED9\\u01EB\\u01ED\\u00F8\\u01FF\\u0254\\uA74B\\uA74D\\u0275]","oi":"[\\u01A3]","ou":"[\\u0223]","oo":"[\\uA74F]","p":"[\\u0070\\u24DF\\uFF50\\u1E55\\u1E57\\u01A5\\u1D7D\\uA751\\uA753\\uA755]","q":"[\\u0071\\u24E0\\uFF51\\u024B\\uA757\\uA759]","r":"[\\u0072\\u24E1\\uFF52\\u0155\\u1E59\\u0159\\u0211\\u0213\\u1E5B\\u1E5D\\u0157\\u1E5F\\u024D\\u027D\\uA75B\\uA7A7\\uA783]","s":"[\\u0073\\u24E2\\uFF53\\u015B\\u1E65\\u015D\\u1E61\\u0161\\u1E67\\u1E63\\u1E69\\u0219\\u015F\\u023F\\uA7A9\\uA785\\u1E9B]","ss":"[\\u00DF]","t":"[\\u0074\\u24E3\\uFF54\\u1E6B\\u1E97\\u0165\\u1E6D\\u021B\\u0163\\u1E71\\u1E6F\\u0167\\u01AD\\u0288\\u2C66\\uA787]","tz":"[\\uA729]","u":"[\\u0075\\u24E4\\uFF55\\u00F9\\u00FA\\u00FB\\u0169\\u1E79\\u016B\\u1E7B\\u016D\\u00FC\\u01DC\\u01D8\\u01D6\\u01DA\\u1EE7\\u016F\\u0171\\u01D4\\u0215\\u0217\\u01B0\\u1EEB\\u1EE9\\u1EEF\\u1EED\\u1EF1\\u1EE5\\u1E73\\u0173\\u1E77\\u1E75\\u0289]","v":"[\\u0076\\u24E5\\uFF56\\u1E7D\\u1E7F\\u028B\\uA75F\\u028C]","vy":"[\\uA761]","w":"[\\u0077\\u24E6\\uFF57\\u1E81\\u1E83\\u0175\\u1E87\\u1E85\\u1E98\\u1E89\\u2C73]","x":"[\\u0078\\u24E7\\uFF58\\u1E8B\\u1E8D]","y":"[\\u0079\\u24E8\\uFF59\\u1EF3\\u00FD\\u0177\\u1EF9\\u0233\\u1E8F\\u00FF\\u1EF7\\u1E99\\u1EF5\\u01B4\\u024F\\u1EFF]","z":"[\\u007A\\u24E9\\uFF5A\\u017A\\u1E91\\u017C\\u017E\\u1E93\\u1E95\\u01B6\\u0225\\u0240\\u2C6C\\uA763]"},"researchesTests":["contentHasTOC","contentHasShortParagraphs","contentHasAssets","keywordInTitle","keywordInMetaDescription","keywordInPermalink","keywordIn10Percent","keywordInContent","keywordInSubheadings","keywordInImageAlt","keywordDensity","keywordNotUsed","lengthContent","lengthPermalink","linksHasInternal","linksHasExternals","linksNotAllExternals","titleStartWithKeyword","titleSentiment","titleHasPowerWords","titleHasNumber","hasContentAI"],"hasRedirection":false,"hasBreadcrumb":false},"homeUrl":"https:\/\/noithathuuthinh.vn\/zh-hans\/","objectID":5295,"objectType":"post","locale":"zh","localeFull":"zh_CN","overlayImages":{"play":{"name":"Play icon","url":"https:\/\/noithathuuthinh.vn\/wp-content\/plugins\/seo-by-rank-math\/assets\/admin\/img\/icon-play.png","path":"\/var\/www\/vhosts\/noithathuuthinhvn214.mbws.vn\/httpdocs\/wp-content\/plugins\/seo-by-rank-math\/assets\/admin\/img\/icon-play.png","position":"middle_center"},"gif":{"name":"GIF icon","url":"https:\/\/noithathuuthinh.vn\/wp-content\/plugins\/seo-by-rank-math\/assets\/admin\/img\/icon-gif.png","path":"\/var\/www\/vhosts\/noithathuuthinhvn214.mbws.vn\/httpdocs\/wp-content\/plugins\/seo-by-rank-math\/assets\/admin\/img\/icon-gif.png","position":"middle_center"}},"defautOgImage":"https:\/\/noithathuuthinh.vn\/wp-content\/plugins\/seo-by-rank-math\/assets\/admin\/img\/social-placeholder.jpg","customPermalinks":true,"isUserRegistered":false,"autoSuggestKeywords":false,"connectSiteUrl":"https:\/\/rankmath.com\/auth?site=https%3A%2F%2Fnoithathuuthinh.vn%2Fzh-hans%2F&r=https%3A%2F%2Fnoithathuuthinh.vn%2Fzh-hans%2Fwp-json%2Fwp%2Fv2%2Fpages%2F5295%3Fnonce%3D1475d8467b","maxTags":5,"trendsIcon":"<svg viewBox=\"0 0 610 610\"><path d=\"M18.85,446,174.32,290.48l58.08,58.08L76.93,504a14.54,14.54,0,0,1-20.55,0L18.83,466.48a14.54,14.54,0,0,1,0-20.55Z\" style=\"fill:#4285f4\"\/><path d=\"M242.65,242.66,377.59,377.6l-47.75,47.75a14.54,14.54,0,0,1-20.55,0L174.37,290.43l47.75-47.75A14.52,14.52,0,0,1,242.65,242.66Z\" style=\"fill:#ea4335\"\/><polygon points=\"319.53 319.53 479.26 159.8 537.34 217.88 377.61 377.62 319.53 319.53\" style=\"fill:#fabb05\"\/><path d=\"M594.26,262.73V118.61h0a16.94,16.94,0,0,0-16.94-16.94H433.2a16.94,16.94,0,0,0-12,28.92L565.34,274.71h0a16.94,16.94,0,0,0,28.92-12Z\" style=\"fill:#34a853\"\/><rect width=\"610\" height=\"610\" style=\"fill:none\"\/><\/svg>","showScore":true,"siteFavIcon":"https:\/\/noithathuuthinh.vn\/wp-content\/uploads\/2025\/06\/cropped-logo-trong-suot-04-32x32.png","canUser":{"general":false,"advanced":false,"snippet":false,"social":false,"analysis":false,"analytics":false,"content_ai":false},"showKeywordIntent":true,"isPro":false,"is_front_page":false,"trendsUpgradeLink":"https:\/\/rankmath.com\/pricing\/?utm_source=Plugin&utm_medium=CE%20General%20Tab%20Trends&utm_campaign=WP","trendsUpgradeLabel":"Upgrade","trendsPreviewImage":"https:\/\/noithathuuthinh.vn\/wp-content\/plugins\/seo-by-rank-math\/assets\/admin\/img\/trends-preview.jpg","currentEditor":false,"homepageData":{"assessor":{"powerWords":[],"diacritics":true,"researchesTests":["contentHasTOC","contentHasShortParagraphs","contentHasAssets","keywordInTitle","keywordInMetaDescription","keywordInPermalink","keywordIn10Percent","keywordInContent","keywordInSubheadings","keywordInImageAlt","keywordDensity","keywordNotUsed","lengthContent","lengthPermalink","linksHasInternal","linksHasExternals","linksNotAllExternals","titleStartWithKeyword","titleSentiment","titleHasPowerWords","titleHasNumber","hasContentAI"],"hasBreadcrumb":false,"serpData":{"title":"%sitename% %page% %sep% %sitedesc%","description":"","titleTemplate":"%sitename% %page% %sep% %sitedesc%","descriptionTemplate":"","focusKeywords":"","breadcrumbTitle":"Home","robots":{"index":true},"advancedRobots":{"max-snippet":"-1","max-video-preview":"-1","max-image-preview":"large"},"facebookTitle":"","facebookDescription":"","facebookImage":"","facebookImageID":""}}},"tocTitle":"Table of Contents","tocExcludeHeadings":[],"listStyle":"ul"},"_links":{"self":[{"href":"https:\/\/noithathuuthinh.vn\/zh-hans\/wp-json\/wp\/v2\/pages\/5295","targetHints":{"allow":["GET"]}}],"collection":[{"href":"https:\/\/noithathuuthinh.vn\/zh-hans\/wp-json\/wp\/v2\/pages"}],"about":[{"href":"https:\/\/noithathuuthinh.vn\/zh-hans\/wp-json\/wp\/v2\/types\/page"}],"author":[{"embeddable":true,"href":"https:\/\/noithathuuthinh.vn\/zh-hans\/wp-json\/wp\/v2\/users\/4"}],"replies":[{"embeddable":true,"href":"https:\/\/noithathuuthinh.vn\/zh-hans\/wp-json\/wp\/v2\/comments?post=5295"}],"version-history":[{"count":0,"href":"https:\/\/noithathuuthinh.vn\/zh-hans\/wp-json\/wp\/v2\/pages\/5295\/revisions"}],"wp:attachment":[{"href":"https:\/\/noithathuuthinh.vn\/zh-hans\/wp-json\/wp\/v2\/media?parent=5295"}],"curies":[{"name":"wp","href":"https:\/\/api.w.org\/{rel}","templated":true}]}}