{"id":1046,"date":"2025-05-23T15:52:20","date_gmt":"2025-05-23T08:52:20","guid":{"rendered":"https:\/\/noithathuuthinh.vn\/san-pham\/ban-giam-doc-the-one-dt1890h24\/"},"modified":"2025-09-27T10:03:18","modified_gmt":"2025-09-27T03:03:18","slug":"ban-giam-doc-dt1890h24","status":"publish","type":"product","link":"https:\/\/noithathuuthinh.vn\/zh-hans\/san-pham\/ban-giam-doc-dt1890h24\/","title":{"rendered":"B\u00e0n Gi\u00e1m \u0110\u1ed1c DT1890H24"},"content":{"rendered":"<div class=\"col-top-content des-content\">\n<p data-start=\"528\" data-end=\"626\"><strong data-start=\"528\" data-end=\"624\">B\u00e0n Gi\u00e1m \u0111\u1ed1c DT1890H24 \u2013 Thi\u1ebft k\u1ebf l\u01b0\u1ee3n cong tinh t\u1ebf, kh\u1eb3ng \u0111\u1ecbnh phong c\u00e1ch l\u00e3nh \u0111\u1ea1o hi\u1ec7n \u0111\u1ea1i<\/strong><\/p>\n<p data-start=\"628\" data-end=\"1087\">Trong v\u0103n ph\u00f2ng l\u00e3nh \u0111\u1ea1o, chi\u1ebfc b\u00e0n l\u00e0m vi\u1ec7c lu\u00f4n \u0111\u00f3ng vai tr\u00f2 trung t\u00e2m, kh\u00f4ng ch\u1ec9 ph\u1ee5c v\u1ee5 cho c\u00f4ng vi\u1ec7c h\u1eb1ng ng\u00e0y m\u00e0 c\u00f2n th\u1ec3 hi\u1ec7n c\u00e1 t\u00ednh, phong th\u00e1i v\u00e0 v\u1ecb th\u1ebf c\u1ee7a ng\u01b0\u1eddi \u0111\u1ee9ng \u0111\u1ea7u. <strong data-start=\"810\" data-end=\"836\">B\u00e0n Gi\u00e1m \u0111\u1ed1c DT1890H24<\/strong> ch\u00ednh l\u00e0 m\u1ed9t trong nh\u1eefng s\u1ea3n ph\u1ea9m n\u1ed5i b\u1eadt thu\u1ed9c d\u00f2ng b\u00e0n l\u00e3nh \u0111\u1ea1o cao c\u1ea5p c\u1ee7a N\u1ed8I TH\u1ea4T THE ONE, \u0111\u01b0\u1ee3c thi\u1ebft k\u1ebf hi\u1ec7n \u0111\u1ea1i v\u1edbi m\u1eb7t l\u01b0\u1ee3n cong v\u00e0 ch\u00e2n b\u00e0n \u1ed1p n\u1ed5i \u0111\u1ed9c \u0111\u00e1o. \u0110\u00e2y kh\u00f4ng ch\u1ec9 l\u00e0 b\u00e0n l\u00e0m vi\u1ec7c, m\u00e0 c\u00f2n l\u00e0 bi\u1ec3u t\u01b0\u1ee3ng c\u1ee7a s\u1ef1 sang tr\u1ecdng v\u00e0 quy\u1ec1n l\u1ef1c.<\/p>\n<h4 data-start=\"1089\" data-end=\"1157\">Thi\u1ebft k\u1ebf l\u01b0\u1ee3n cong m\u1ec1m m\u1ea1i \u2013 \u0111i\u1ec3m nh\u1ea5n tinh t\u1ebf cho kh\u00f4ng gian<\/h4>\n<p data-start=\"1158\" data-end=\"1471\">Kh\u00e1c v\u1edbi c\u00e1c m\u1eabu b\u00e0n truy\u1ec1n th\u1ed1ng c\u00f3 m\u1eb7t ch\u1eef nh\u1eadt vu\u00f4ng v\u1ee9c, b\u00e0n DT1890H24 s\u1edf h\u1eefu <strong data-start=\"1240\" data-end=\"1261\">m\u1eb7t b\u00e0n l\u01b0\u1ee3n cong<\/strong> thanh tho\u00e1t, gi\u00fap t\u1ea1o c\u1ea3m gi\u00e1c m\u1ec1m m\u1ea1i v\u00e0 g\u1ea7n g\u0169i. Thi\u1ebft k\u1ebf n\u00e0y kh\u00f4ng ch\u1ec9 mang t\u00ednh th\u1ea9m m\u1ef9 cao m\u00e0 c\u00f2n mang \u0111\u1ebfn s\u1ef1 thu\u1eadn ti\u1ec7n trong qu\u00e1 tr\u00ecnh s\u1eed d\u1ee5ng, nh\u1ea5t l\u00e0 khi ti\u1ebfp x\u00fac, trao \u0111\u1ed5i c\u00f9ng \u0111\u1ed1i t\u00e1c, kh\u00e1ch h\u00e0ng.<\/p>\n<p data-start=\"1473\" data-end=\"1814\">\u0110i\u1ec3m \u0111\u1eb7c bi\u1ec7t n\u1eefa c\u1ee7a b\u00e0n ch\u00ednh l\u00e0 ph\u1ea7n <strong data-start=\"1513\" data-end=\"1547\">ch\u00e2n b\u00e0n \u0111\u01b0\u1ee3c trang tr\u00ed \u1ed1p n\u1ed5i<\/strong>. C\u00e1c chi ti\u1ebft n\u00e0y v\u1eeba t\u1ea1o chi\u1ec1u s\u00e2u th\u1ecb gi\u00e1c, v\u1eeba l\u00e0m n\u1ed5i b\u1eadt s\u1ef1 ch\u1eafc ch\u1eafn, b\u1ec1 th\u1ebf nh\u01b0ng v\u1eabn gi\u1eef \u0111\u01b0\u1ee3c s\u1ef1 tinh t\u1ebf v\u00e0 hi\u1ec7n \u0111\u1ea1i. \u0110\u00e2y l\u00e0 y\u1ebfu t\u1ed1 khi\u1ebfn DT1890H24 tr\u1edf n\u00ean kh\u00e1c bi\u1ec7t, ph\u00f9 h\u1ee3p cho nh\u1eefng kh\u00f4ng gian v\u0103n ph\u00f2ng c\u1ea7n s\u1ef1 trang tr\u1ecdng nh\u01b0ng kh\u00f4ng k\u00e9m ph\u1ea7n tr\u1ebb trung.<\/p>\n<h4 data-start=\"1816\" data-end=\"1870\">Ch\u1ea5t li\u1ec7u s\u01a1n PU cao c\u1ea5p \u2013 sang tr\u1ecdng v\u00e0 b\u1ec1n b\u1ec9<\/h4>\n<p data-start=\"1871\" data-end=\"2128\">B\u00e0n \u0111\u01b0\u1ee3c ho\u00e0n thi\u1ec7n b\u1eb1ng <strong data-start=\"1896\" data-end=\"1914\">s\u01a1n PU cao c\u1ea5p<\/strong> \u2013 lo\u1ea1i s\u01a1n n\u1ed5i ti\u1ebfng v\u1edbi kh\u1ea3 n\u0103ng b\u1ea3o v\u1ec7 b\u1ec1 m\u1eb7t g\u1ed7, ch\u1ed1ng tr\u1ea7y x\u01b0\u1edbc, ch\u1ed1ng th\u1ea5m n\u01b0\u1edbc v\u00e0 h\u1ea1n ch\u1ebf b\u1ee5i b\u1ea9n b\u00e1m d\u00ednh. L\u1edbp ph\u1ee7 PU c\u00f2n mang \u0111\u1ebfn \u0111\u1ed9 b\u00f3ng m\u1ecbn, m\u00e0u s\u1eafc sang tr\u1ecdng v\u00e0 gi\u1eef \u0111\u01b0\u1ee3c v\u1ebb \u0111\u1eb9p b\u1ec1n b\u1ec9 theo th\u1eddi gian.<\/p>\n<p data-start=\"2130\" data-end=\"2400\">S\u1ef1 k\u1ebft h\u1ee3p gi\u1eefa k\u1ef9 thu\u1eadt gia c\u00f4ng hi\u1ec7n \u0111\u1ea1i c\u00f9ng ch\u1ea5t li\u1ec7u cao c\u1ea5p gi\u00fap b\u00e0n DT1890H24 kh\u00f4ng ch\u1ec9 \u0111\u1eb9p m\u1eaft m\u00e0 c\u00f2n c\u00f3 \u0111\u1ed9 b\u1ec1n v\u01b0\u1ee3t tr\u1ed9i, h\u1ea1n ch\u1ebf cong v\u00eanh, m\u1ed1i m\u1ecdt. \u0110\u00e2y l\u00e0 l\u1ef1a ch\u1ecdn ho\u00e0n h\u1ea3o cho nh\u1eefng nh\u00e0 l\u00e3nh \u0111\u1ea1o mu\u1ed1n s\u1edf h\u1eefu m\u1ed9t chi\u1ebfc b\u00e0n v\u1eeba sang tr\u1ecdng v\u1eeba s\u1eed d\u1ee5ng l\u00e2u d\u00e0i.<\/p>\n<h4 data-start=\"2402\" data-end=\"2461\">K\u00edch th\u01b0\u1edbc ti\u00eau chu\u1ea9n \u2013 kh\u00f4ng gian l\u00e0m vi\u1ec7c r\u1ed9ng r\u00e3i<\/h4>\n<p data-start=\"2462\" data-end=\"2790\">V\u1edbi k\u00edch th\u01b0\u1edbc <strong data-start=\"2477\" data-end=\"2503\">W1800 x D900 x H760 mm<\/strong>, b\u00e0n \u0111\u00e1p \u1ee9ng \u0111\u1ea7y \u0111\u1ee7 nhu c\u1ea7u c\u1ee7a m\u1ed9t gi\u00e1m \u0111\u1ed1c trong qu\u00e1 tr\u00ecnh l\u00e0m vi\u1ec7c. B\u1ec1 m\u1eb7t b\u00e0n r\u1ed9ng r\u00e3i gi\u00fap s\u1eafp x\u1ebfp m\u00e1y t\u00ednh, t\u00e0i li\u1ec7u, h\u1ed3 s\u01a1 hay c\u00e1c v\u1eadt d\u1ee5ng c\u00e1 nh\u00e2n m\u1ed9t c\u00e1ch khoa h\u1ecdc. \u0110\u1ed3ng th\u1eddi, k\u00edch th\u01b0\u1edbc n\u00e0y c\u0169ng ph\u00f9 h\u1ee3p v\u1edbi nhi\u1ec1u lo\u1ea1i v\u0103n ph\u00f2ng, t\u1eeb di\u1ec7n t\u00edch v\u1eeba cho \u0111\u1ebfn kh\u00f4ng gian r\u1ed9ng l\u1edbn.<\/p>\n<p data-start=\"2792\" data-end=\"3076\">Chi\u1ec1u cao ti\u00eau chu\u1ea9n 760 mm mang \u0111\u1ebfn t\u01b0 th\u1ebf ng\u1ed3i tho\u1ea3i m\u00e1i, gi\u1ea3m thi\u1ec3u c\u1ea3m gi\u00e1c m\u1ec7t m\u1ecfi khi l\u00e0m vi\u1ec7c trong th\u1eddi gian d\u00e0i. B\u00e0n c\u00f3 th\u1ec3 k\u1ebft h\u1ee3p d\u1ec5 d\u00e0ng v\u1edbi h\u1ed9c di \u0111\u1ed9ng, t\u1ee7 ph\u1ee5 ho\u1eb7c gh\u1ebf gi\u00e1m \u0111\u1ed1c cao c\u1ea5p \u0111\u1ec3 t\u1ea1o th\u00e0nh b\u1ed9 n\u1ed9i th\u1ea5t \u0111\u1ed3ng b\u1ed9, t\u0103ng th\u00eam t\u00ednh ti\u1ec7n \u00edch v\u00e0 th\u1ea9m m\u1ef9 cho v\u0103n ph\u00f2ng.<\/p>\n<h4 data-start=\"3078\" data-end=\"3113\">T\u00f4n vinh phong th\u00e1i l\u00e3nh \u0111\u1ea1o<\/h4>\n<p data-start=\"3114\" data-end=\"3527\">B\u00e0n gi\u00e1m \u0111\u1ed1c kh\u00f4ng ch\u1ec9 \u0111\u01a1n thu\u1ea7n l\u00e0 n\u01a1i l\u00e0m vi\u1ec7c, m\u00e0 c\u00f2n l\u00e0 \u201ctuy\u00ean ng\u00f4n\u201d v\u1ec1 phong c\u00e1ch v\u00e0 v\u1ecb th\u1ebf c\u1ee7a ng\u01b0\u1eddi s\u1eed d\u1ee5ng. V\u1edbi <strong data-start=\"3234\" data-end=\"3247\">DT1890H24<\/strong>, s\u1ef1 k\u1ebft h\u1ee3p gi\u1eefa m\u1eb7t l\u01b0\u1ee3n cong tinh t\u1ebf v\u00e0 ch\u00e2n b\u00e0n \u1ed1p n\u1ed5i sang tr\u1ecdng mang \u0111\u1ebfn h\u00ecnh \u1ea3nh hi\u1ec7n \u0111\u1ea1i, n\u0103ng \u0111\u1ed9ng nh\u01b0ng v\u1eabn to\u00e1t l\u00ean uy quy\u1ec1n. Khi \u0111\u1eb7t trong v\u0103n ph\u00f2ng, b\u00e0n kh\u00f4ng ch\u1ec9 n\u00e2ng cao t\u00ednh th\u1ea9m m\u1ef9 m\u00e0 c\u00f2n t\u1ea1o n\u00ean s\u1ef1 chuy\u00ean nghi\u1ec7p, g\u00e2y \u1ea5n t\u01b0\u1ee3ng m\u1ea1nh m\u1ebd v\u1edbi \u0111\u1ed1i t\u00e1c v\u00e0 kh\u00e1ch h\u00e0ng.<\/p>\n<p data-start=\"3529\" data-end=\"3693\">\u0110\u1eb7c bi\u1ec7t, thi\u1ebft k\u1ebf n\u00e0y ph\u00f9 h\u1ee3p v\u1edbi nh\u1eefng nh\u00e0 qu\u1ea3n l\u00fd, gi\u00e1m \u0111\u1ed1c tr\u1ebb trung, y\u00eau th\u00edch s\u1ef1 \u0111\u1ed5i m\u1edbi nh\u01b0ng v\u1eabn mu\u1ed1n gi\u1eef s\u1ef1 trang tr\u1ecdng c\u1ea7n c\u00f3 trong m\u00f4i tr\u01b0\u1eddng l\u00e0m vi\u1ec7c.<\/p>\n<h4 data-start=\"3695\" data-end=\"3710\">K\u1ebft lu\u1eadn<\/h4>\n<p data-start=\"3711\" data-end=\"4054\"><strong data-start=\"3711\" data-end=\"3737\">B\u00e0n Gi\u00e1m \u0111\u1ed1c DT1890H24<\/strong> l\u00e0 s\u1ef1 l\u1ef1a ch\u1ecdn l\u00fd t\u01b0\u1edfng d\u00e0nh cho nh\u1eefng v\u0103n ph\u00f2ng l\u00e3nh \u0111\u1ea1o mong mu\u1ed1n m\u1ed9t s\u1ea3n ph\u1ea9m v\u1eeba b\u1ec1n \u0111\u1eb9p, v\u1eeba mang t\u00ednh th\u1ea9m m\u1ef9 cao. V\u1edbi thi\u1ebft k\u1ebf m\u1eb7t b\u00e0n l\u01b0\u1ee3n cong tinh t\u1ebf, ch\u00e2n b\u00e0n \u1ed1p n\u1ed5i \u0111\u1ed9c \u0111\u00e1o c\u00f9ng l\u1edbp s\u01a1n PU cao c\u1ea5p sang tr\u1ecdng, s\u1ea3n ph\u1ea9m mang \u0111\u1ebfn kh\u00f4ng gian l\u00e0m vi\u1ec7c hi\u1ec7n \u0111\u1ea1i, kh\u1eb3ng \u0111\u1ecbnh phong c\u00e1ch l\u00e3nh \u0111\u1ea1o chuy\u00ean nghi\u1ec7p.<\/p>\n<p data-start=\"4056\" data-end=\"4236\">N\u1ebfu b\u1ea1n \u0111ang t\u00ecm ki\u1ebfm m\u1ed9t chi\u1ebfc b\u00e0n gi\u00e1m \u0111\u1ed1c v\u1eeba th\u1ec3 hi\u1ec7n \u0111\u1eb3ng c\u1ea5p v\u1eeba t\u1ed1i \u01b0u c\u00f4ng n\u0103ng, th\u00ec DT1890H24 ch\u1eafc ch\u1eafn l\u00e0 l\u1ef1a ch\u1ecdn ho\u00e0n h\u1ea3o, x\u1ee9ng \u0111\u00e1ng \u0111\u1ec3 \u0111\u1ea7u t\u01b0 cho v\u0103n ph\u00f2ng c\u1ee7a m\u00ecnh.<\/p>\n<p data-start=\"4238\" data-end=\"4419\"><em data-start=\"4238\" data-end=\"4417\">L\u01b0u \u00fd: M\u00e0u s\u1eafc s\u1ea3n ph\u1ea9m c\u00f3 th\u1ec3 kh\u00e1c bi\u1ec7t so v\u1edbi th\u1ef1c t\u1ebf do \u00e1nh s\u00e1ng ho\u1eb7c h\u00ecnh \u1ea3nh m\u00f4 ph\u1ecfng. Qu\u00fd kh\u00e1ch vui l\u00f2ng ki\u1ec3m tra tr\u1ef1c ti\u1ebfp tr\u01b0\u1edbc khi \u0111\u1eb7t h\u00e0ng \u0111\u1ec3 c\u00f3 s\u1ef1 l\u1ef1a ch\u1ecdn ch\u00ednh x\u00e1c.<\/em><\/p>\n<\/div>\n","protected":false},"excerpt":{"rendered":"<div class=\"\">\n<p data-start=\"31\" data-end=\"141\"><strong data-start=\"31\" data-end=\"139\">B\u00e0n Gi\u00e1m \u0111\u1ed1c DT1890H24 \u2013 B\u00e0n l\u00e3nh \u0111\u1ea1o cao c\u1ea5p m\u1eb7t s\u01a1n PU, thi\u1ebft k\u1ebf l\u01b0\u1ee3n cong, ch\u00e2n b\u00e0n \u1ed1p n\u1ed5i sang tr\u1ecdng<\/strong><\/p>\n<p data-start=\"143\" data-end=\"479\"><strong>K\u00edch th\u01b0\u1edbc :<\/strong><br \/>\nW1600 x D800 x H760 (mm)\u00a0 \u00a0&#8211; <strong><span style=\"color: #ed1c24; font-size: 120%;\">3.523.000 \u0111<\/span><\/strong><br \/>\nW1800 x D900 x H760 (mm)\u00a0 \u00a0&#8211; <span style=\"color: #ed1c24; font-size: 120%;\"><strong>3.580.000 \u0111<br \/>\n<\/strong><\/span>W2000 x D1000 x H760 (mm) &#8211; <strong><span style=\"color: #ed1c24; font-size: 120%;\">4.205.000 \u0111<\/span><\/strong><\/p>\n<p data-start=\"143\" data-end=\"479\">Xu\u1ea5t x\u1ee9: S\u1ea3n ph\u1ea9m c\u1ee7a c\u00f4ng ty N\u1ed8I TH\u1ea4T THE ONE \u2013 Ph\u00e2n ph\u1ed1i b\u1edfi C\u00d4NG TY TNHH SXTM TTNT H\u1eeeU TH\u1ecaNH<br data-start=\"277\" data-end=\"280\" \/>B\u1ea3o h\u00e0nh: 12 th\u00e1ng theo ti\u00eau chu\u1ea9n nh\u00e0 m\u00e1y<br data-start=\"322\" data-end=\"325\" \/><span style=\"color: #ed1c24;\"><em data-start=\"325\" data-end=\"477\">L\u01b0u \u00fd: Gi\u00e1 tr\u00ean ch\u01b0a bao g\u1ed3m VAT v\u00e0 ph\u00ed v\u1eadn chuy\u1ec3n. Gi\u00e1 s\u1ea3n ph\u1ea9m c\u00f3 th\u1ec3 thay \u0111\u1ed5i theo t\u1eebng th\u1eddi \u0111i\u1ec3m, vui l\u00f2ng li\u00ean h\u1ec7 \u0111\u1ec3 nh\u1eadn t\u01b0 v\u1ea5n \u01b0u \u0111\u00e3i t\u1ed1t nh\u1ea5t.<\/em><\/span><\/p>\n<\/div>\n","protected":false},"featured_media":3329,"comment_status":"closed","ping_status":"closed","template":"","meta":[],"product_brand":[],"product_cat":[17,756],"product_tag":[],"class_list":{"0":"post-1046","1":"product","2":"type-product","3":"status-publish","4":"has-post-thumbnail","6":"product_cat-noi-that-van-phong","7":"product_cat-ban-giam-doc","9":"first","10":"instock","11":"shipping-taxable","12":"purchasable","13":"product-type-simple"},"_links":{"self":[{"href":"https:\/\/noithathuuthinh.vn\/zh-hans\/wp-json\/wp\/v2\/product\/1046","targetHints":{"allow":["GET"]}}],"collection":[{"href":"https:\/\/noithathuuthinh.vn\/zh-hans\/wp-json\/wp\/v2\/product"}],"about":[{"href":"https:\/\/noithathuuthinh.vn\/zh-hans\/wp-json\/wp\/v2\/types\/product"}],"replies":[{"embeddable":true,"href":"https:\/\/noithathuuthinh.vn\/zh-hans\/wp-json\/wp\/v2\/comments?post=1046"}],"wp:featuredmedia":[{"embeddable":true,"href":"https:\/\/noithathuuthinh.vn\/zh-hans\/wp-json\/wp\/v2\/media\/3329"}],"wp:attachment":[{"href":"https:\/\/noithathuuthinh.vn\/zh-hans\/wp-json\/wp\/v2\/media?parent=1046"}],"wp:term":[{"taxonomy":"product_brand","embeddable":true,"href":"https:\/\/noithathuuthinh.vn\/zh-hans\/wp-json\/wp\/v2\/product_brand?post=1046"},{"taxonomy":"product_cat","embeddable":true,"href":"https:\/\/noithathuuthinh.vn\/zh-hans\/wp-json\/wp\/v2\/product_cat?post=1046"},{"taxonomy":"product_tag","embeddable":true,"href":"https:\/\/noithathuuthinh.vn\/zh-hans\/wp-json\/wp\/v2\/product_tag?post=1046"}],"curies":[{"name":"wp","href":"https:\/\/api.w.org\/{rel}","templated":true}]}}