{"id":1050,"date":"2025-05-23T15:52:26","date_gmt":"2025-05-23T08:52:26","guid":{"rendered":"https:\/\/noithathuuthinh.vn\/san-pham\/ban-giam-doc-the-one-dt1890h26\/"},"modified":"2025-09-27T10:30:34","modified_gmt":"2025-09-27T03:30:34","slug":"ban-giam-doc-dt1890h26","status":"publish","type":"product","link":"https:\/\/noithathuuthinh.vn\/zh-hans\/san-pham\/ban-giam-doc-dt1890h26\/","title":{"rendered":"B\u00e0n Gi\u00e1m \u0110\u1ed1c DT1890H26"},"content":{"rendered":"<div class=\"col-top-content des-content\">\n<p data-start=\"513\" data-end=\"604\"><strong data-start=\"513\" data-end=\"602\">B\u00e0n Gi\u00e1m \u0111\u1ed1c DT1890H26 \u2013 Ki\u1ec3u d\u00e1ng l\u01b0\u1ee3n cong sang tr\u1ecdng, n\u00e2ng t\u1ea7m kh\u00f4ng gian l\u00e3nh \u0111\u1ea1o<\/strong><\/p>\n<p data-start=\"606\" data-end=\"1117\">Trong thi\u1ebft k\u1ebf n\u1ed9i th\u1ea5t v\u0103n ph\u00f2ng l\u00e3nh \u0111\u1ea1o, chi\u1ebfc b\u00e0n gi\u00e1m \u0111\u1ed1c kh\u00f4ng ch\u1ec9 l\u00e0 v\u1eadt d\u1ee5ng ph\u1ee5c v\u1ee5 c\u00f4ng vi\u1ec7c h\u00e0ng ng\u00e0y m\u00e0 c\u00f2n \u0111\u00f3ng vai tr\u00f2 nh\u01b0 m\u1ed9t bi\u1ec3u t\u01b0\u1ee3ng c\u1ee7a phong th\u00e1i, quy\u1ec1n l\u1ef1c v\u00e0 gu th\u1ea9m m\u1ef9. Ch\u00ednh v\u00ec th\u1ebf, vi\u1ec7c l\u1ef1a ch\u1ecdn m\u1ed9t m\u1eabu b\u00e0n v\u1eeba \u0111\u1eb9p m\u1eaft v\u1eeba \u0111\u1ea3m b\u1ea3o c\u00f4ng n\u0103ng lu\u00f4n l\u00e0 \u01b0u ti\u00ean h\u00e0ng \u0111\u1ea7u. Trong s\u1ed1 c\u00e1c s\u1ea3n ph\u1ea9m \u0111\u01b0\u1ee3c \u01b0a chu\u1ed9ng hi\u1ec7n nay, <strong data-start=\"946\" data-end=\"972\">B\u00e0n Gi\u00e1m \u0111\u1ed1c DT1890H26<\/strong> n\u1ed5i b\u1eadt v\u1edbi ki\u1ec3u d\u00e1ng m\u1eb7t l\u01b0\u1ee3n cong m\u1ec1m m\u1ea1i, l\u1edbp s\u01a1n PU cao c\u1ea5p c\u00f9ng t\u1ea5m PVC trang tr\u00ed hi\u1ec7n \u0111\u1ea1i, mang \u0111\u1ebfn s\u1ef1 \u0111\u1eb3ng c\u1ea5p cho kh\u00f4ng gian l\u00e0m vi\u1ec7c.<\/p>\n<h4 data-start=\"1119\" data-end=\"1164\">Thi\u1ebft k\u1ebf l\u01b0\u1ee3n cong \u2013 m\u1ec1m m\u1ea1i m\u00e0 b\u1ec1 th\u1ebf<\/h4>\n<p data-start=\"1165\" data-end=\"1567\">Kh\u00e1c v\u1edbi nh\u1eefng m\u1eabu b\u00e0n h\u00ecnh ch\u1eef nh\u1eadt truy\u1ec1n th\u1ed1ng, b\u00e0n DT1890H26 \u0111\u01b0\u1ee3c thi\u1ebft k\u1ebf <strong data-start=\"1244\" data-end=\"1273\">m\u1eb7t l\u01b0\u1ee3n cong thanh tho\u00e1t<\/strong>. \u0110\u01b0\u1eddng cong m\u1ec1m m\u1ea1i n\u00e0y kh\u00f4ng ch\u1ec9 t\u1ea1o n\u00ean s\u1ef1 m\u1edbi m\u1ebb trong th\u1ea9m m\u1ef9 m\u00e0 c\u00f2n gi\u00fap ng\u01b0\u1eddi d\u00f9ng c\u1ea3m th\u1ea5y tho\u1ea3i m\u00e1i h\u01a1n trong qu\u00e1 tr\u00ecnh l\u00e0m vi\u1ec7c, \u0111\u1eb7c bi\u1ec7t khi ti\u1ebfp x\u00fac tr\u1ef1c ti\u1ebfp v\u1edbi nh\u00e2n vi\u00ean ho\u1eb7c \u0111\u1ed1i t\u00e1c. Thi\u1ebft k\u1ebf n\u00e0y v\u1eeba t\u1ea1o c\u1ea3m gi\u00e1c g\u1ea7n g\u0169i, v\u1eeba gi\u1eef \u0111\u01b0\u1ee3c s\u1ef1 uy nghi\u00eam c\u1ea7n c\u00f3 c\u1ee7a m\u1ed9t b\u00e0n gi\u00e1m \u0111\u1ed1c.<\/p>\n<p data-start=\"1569\" data-end=\"1864\">\u0110i\u1ec3m nh\u1ea5n \u1ea5n t\u01b0\u1ee3ng tr\u00ean b\u00e0n ch\u00ednh l\u00e0 <strong data-start=\"1606\" data-end=\"1627\">t\u1ea5m PVC trang tr\u00ed<\/strong>. \u0110\u00e2y l\u00e0 chi ti\u1ebft kh\u00f4ng ch\u1ec9 g\u00f3p ph\u1ea7n n\u00e2ng cao t\u00ednh th\u1ea9m m\u1ef9 m\u00e0 c\u00f2n mang l\u1ea1i s\u1ef1 kh\u00e1c bi\u1ec7t, khi\u1ebfn b\u00e0n tr\u1edf n\u00ean n\u1ed5i b\u1eadt trong kh\u00f4ng gian. PVC c\u00f3 kh\u1ea3 n\u0103ng gi\u1eef m\u00e0u s\u1eafc t\u1ed1t, b\u1ec1 m\u1eb7t nh\u1eb5n m\u1ecbn, g\u00f3p ph\u1ea7n l\u00e0m t\u0103ng th\u00eam v\u1ebb hi\u1ec7n \u0111\u1ea1i v\u00e0 chuy\u00ean nghi\u1ec7p.<\/p>\n<h4 data-start=\"1866\" data-end=\"1920\">S\u01a1n PU cao c\u1ea5p \u2013 b\u1ea3o v\u1ec7 v\u00e0 l\u00e0m \u0111\u1eb9p cho s\u1ea3n ph\u1ea9m<\/h4>\n<p data-start=\"1921\" data-end=\"2333\">M\u1ed9t trong nh\u1eefng y\u1ebfu t\u1ed1 quan tr\u1ecdng l\u00e0m n\u00ean gi\u00e1 tr\u1ecb c\u1ee7a DT1890H26 ch\u00ednh l\u00e0 <strong data-start=\"1994\" data-end=\"2016\">l\u1edbp s\u01a1n PU cao c\u1ea5p<\/strong>. C\u00f4ng ngh\u1ec7 s\u01a1n PU hi\u1ec7n \u0111\u1ea1i mang l\u1ea1i nhi\u1ec1u \u01b0u \u0111i\u1ec3m v\u01b0\u1ee3t tr\u1ed9i: gi\u00fap b\u1ec1 m\u1eb7t b\u00e0n b\u00f3ng m\u1ecbn, sang tr\u1ecdng; t\u0103ng kh\u1ea3 n\u0103ng ch\u1ed1ng th\u1ea5m n\u01b0\u1edbc, ch\u1ed1ng tr\u1ea7y x\u01b0\u1edbc; \u0111\u1ed3ng th\u1eddi b\u1ea3o v\u1ec7 l\u1edbp g\u1ed7 b\u00ean trong kh\u1ecfi m\u1ed1i m\u1ecdt v\u00e0 \u1ea9m m\u1ed1c. Nh\u1edd v\u1eady, s\u1ea3n ph\u1ea9m gi\u1eef \u0111\u01b0\u1ee3c \u0111\u1ed9 b\u1ec1n \u0111\u1eb9p theo th\u1eddi gian, ph\u00f9 h\u1ee3p v\u1edbi m\u00f4i tr\u01b0\u1eddng v\u0103n ph\u00f2ng l\u00e0m vi\u1ec7c c\u01b0\u1eddng \u0111\u1ed9 cao.<\/p>\n<h4 data-start=\"2335\" data-end=\"2386\">K\u00edch th\u01b0\u1edbc ti\u00eau chu\u1ea9n \u2013 t\u1ed1i \u01b0u cho c\u00f4ng n\u0103ng<\/h4>\n<p data-start=\"2387\" data-end=\"2760\">V\u1edbi k\u00edch th\u01b0\u1edbc <strong data-start=\"2402\" data-end=\"2430\">W1800 x D900 x H760 (mm)<\/strong>, b\u00e0n DT1890H26 \u0111\u01b0\u1ee3c thi\u1ebft k\u1ebf theo ti\u00eau chu\u1ea9n ph\u00f9 h\u1ee3p v\u1edbi v\u00f3c d\u00e1ng ng\u01b0\u1eddi Vi\u1ec7t. M\u1eb7t b\u00e0n r\u1ed9ng r\u00e3i cho ph\u00e9p s\u1eafp x\u1ebfp h\u1ed3 s\u01a1, t\u00e0i li\u1ec7u, m\u00e1y t\u00ednh v\u00e0 c\u00e1c v\u1eadt d\u1ee5ng kh\u00e1c m\u1ed9t c\u00e1ch khoa h\u1ecdc. Chi\u1ec1u s\u00e2u b\u00e0n \u0111\u1ee7 tho\u1ea3i m\u00e1i \u0111\u1ec3 l\u00e0m vi\u1ec7c trong th\u1eddi gian d\u00e0i m\u00e0 kh\u00f4ng g\u00e2y g\u00f2 b\u00f3, c\u00f2n chi\u1ec1u cao chu\u1ea9n gi\u00fap gi\u1eef \u0111\u00fang t\u01b0 th\u1ebf, gi\u1ea3m m\u1ec7t m\u1ecfi cho ng\u01b0\u1eddi d\u00f9ng.<\/p>\n<p data-start=\"2762\" data-end=\"2936\">Ngo\u00e0i ra, s\u1ea3n ph\u1ea9m c\u00f3 th\u1ec3 d\u1ec5 d\u00e0ng k\u1ebft h\u1ee3p c\u00f9ng h\u1ed9c t\u1ee7 ph\u1ee5, gh\u1ebf gi\u00e1m \u0111\u1ed1c ho\u1eb7c c\u00e1c ph\u1ee5 ki\u1ec7n n\u1ed9i th\u1ea5t v\u0103n ph\u00f2ng kh\u00e1c \u0111\u1ec3 t\u1ea1o n\u00ean m\u1ed9t kh\u00f4ng gian l\u00e0m vi\u1ec7c chuy\u00ean nghi\u1ec7p, \u0111\u1ed3ng b\u1ed9.<\/p>\n<h4 data-start=\"2938\" data-end=\"2993\">V\u1ebb \u0111\u1eb9p hi\u1ec7n \u0111\u1ea1i \u2013 kh\u1eb3ng \u0111\u1ecbnh phong th\u00e1i l\u00e3nh \u0111\u1ea1o<\/h4>\n<p data-start=\"2994\" data-end=\"3457\">Kh\u00f4ng ch\u1ec9 \u0111\u01a1n thu\u1ea7n l\u00e0 m\u1ed9t chi\u1ebfc b\u00e0n l\u00e0m vi\u1ec7c, <strong data-start=\"3041\" data-end=\"3054\">DT1890H26<\/strong> c\u00f2n l\u00e0 \u0111i\u1ec3m nh\u1ea5n th\u1ec3 hi\u1ec7n phong th\u00e1i c\u1ee7a ng\u01b0\u1eddi l\u00e3nh \u0111\u1ea1o. Thi\u1ebft k\u1ebf l\u01b0\u1ee3n cong m\u1ec1m m\u1ea1i, k\u1ebft h\u1ee3p v\u1edbi t\u1ea5m PVC trang tr\u00ed v\u00e0 l\u1edbp s\u01a1n PU b\u00f3ng \u0111\u1eb9p, gi\u00fap s\u1ea3n ph\u1ea9m to\u00e1t l\u00ean v\u1ebb sang tr\u1ecdng, hi\u1ec7n \u0111\u1ea1i nh\u01b0ng v\u1eabn gi\u1eef \u0111\u01b0\u1ee3c s\u1ef1 b\u1ec1 th\u1ebf c\u1ea7n c\u00f3. Khi \u0111\u1eb7t trong v\u0103n ph\u00f2ng gi\u00e1m \u0111\u1ed1c, chi\u1ebfc b\u00e0n n\u00e0y t\u1ea1o n\u00ean m\u1ed9t kh\u00f4ng gian uy nghi\u00eam, gi\u00fap ng\u01b0\u1eddi l\u00e3nh \u0111\u1ea1o t\u1ef1 tin \u0111i\u1ec1u h\u00e0nh c\u00f4ng vi\u1ec7c v\u00e0 t\u1ea1o \u1ea5n t\u01b0\u1ee3ng t\u1ed1t \u0111\u1eb9p v\u1edbi kh\u00e1ch h\u00e0ng, \u0111\u1ed1i t\u00e1c.<\/p>\n<h4 data-start=\"3459\" data-end=\"3474\">K\u1ebft lu\u1eadn<\/h4>\n<p data-start=\"3475\" data-end=\"3782\"><strong data-start=\"3475\" data-end=\"3501\">B\u00e0n Gi\u00e1m \u0111\u1ed1c DT1890H26<\/strong> l\u00e0 s\u1ef1 l\u1ef1a ch\u1ecdn ho\u00e0n h\u1ea3o cho nh\u1eefng ai mong mu\u1ed1n m\u1ed9t chi\u1ebfc b\u00e0n v\u1eeba \u0111\u1eb9p m\u1eaft, v\u1eeba b\u1ec1n b\u1ec9, v\u1eeba ti\u1ec7n d\u1ee5ng. Thi\u1ebft k\u1ebf m\u1eb7t l\u01b0\u1ee3n cong hi\u1ec7n \u0111\u1ea1i, chi ti\u1ebft PVC trang tr\u00ed \u0111\u1ed9c \u0111\u00e1o, l\u1edbp s\u01a1n PU cao c\u1ea5p c\u00f9ng k\u00edch th\u01b0\u1edbc ti\u00eau chu\u1ea9n \u0111\u00e3 t\u1ea1o n\u00ean m\u1ed9t s\u1ea3n ph\u1ea9m h\u1ed9i t\u1ee5 \u0111\u1ee7 c\u1ea3 c\u00f4ng n\u0103ng v\u00e0 gi\u00e1 tr\u1ecb th\u1ea9m m\u1ef9.<\/p>\n<p data-start=\"3784\" data-end=\"3904\">V\u1edbi DT1890H26, kh\u00f4ng gian v\u0103n ph\u00f2ng l\u00e3nh \u0111\u1ea1o c\u1ee7a b\u1ea1n s\u1ebd tr\u1edf n\u00ean sang tr\u1ecdng, chuy\u00ean nghi\u1ec7p v\u00e0 \u0111\u1eb3ng c\u1ea5p h\u01a1n bao gi\u1edd h\u1ebft.<\/p>\n<\/div>\n","protected":false},"excerpt":{"rendered":"<p data-start=\"31\" data-end=\"126\"><strong data-start=\"31\" data-end=\"124\">B\u00e0n Gi\u00e1m \u0111\u1ed1c DT1890H26 \u2013 B\u00e0n l\u00e3nh \u0111\u1ea1o m\u1eb7t l\u01b0\u1ee3n cong, s\u01a1n PU cao c\u1ea5p v\u1edbi t\u1ea5m PVC trang tr\u00ed<\/strong><\/p>\n<p data-start=\"128\" data-end=\"464\"><strong>K\u00edch th\u01b0\u1edbc :<\/strong><br \/>\nW1600 x D800 x H760 (mm)\u00a0 \u00a0&#8211; <strong><span style=\"color: #ed1c24; font-size: 120%;\">3.808.000 \u0111<\/span><\/strong><br \/>\nW1800 x D900 x H760 (mm)\u00a0 \u00a0&#8211; <span style=\"color: #ed1c24; font-size: 120%;\"><strong>4.296.000 \u0111<br \/>\n<\/strong><\/span>W2000 x D1000 x H760 (mm) &#8211; <strong><span style=\"color: #ed1c24; font-size: 120%;\">5.239.000 \u0111<\/span><\/strong><br data-start=\"164\" data-end=\"167\" \/>Xu\u1ea5t x\u1ee9: S\u1ea3n ph\u1ea9m c\u1ee7a c\u00f4ng ty N\u1ed8I TH\u1ea4T THE ONE \u2013 Ph\u00e2n ph\u1ed1i b\u1edfi C\u00d4NG TY TNHH SXTM TTNT H\u1eeeU TH\u1ecaNH<br data-start=\"262\" data-end=\"265\" \/>B\u1ea3o h\u00e0nh: 12 th\u00e1ng theo ti\u00eau chu\u1ea9n nh\u00e0 m\u00e1y<br data-start=\"307\" data-end=\"310\" \/><span style=\"color: #ed1c24;\"><em data-start=\"310\" data-end=\"462\">L\u01b0u \u00fd: Gi\u00e1 tr\u00ean ch\u01b0a bao g\u1ed3m VAT v\u00e0 ph\u00ed v\u1eadn chuy\u1ec3n. Gi\u00e1 s\u1ea3n ph\u1ea9m c\u00f3 th\u1ec3 thay \u0111\u1ed5i theo t\u1eebng th\u1eddi \u0111i\u1ec3m, vui l\u00f2ng li\u00ean h\u1ec7 \u0111\u1ec3 nh\u1eadn t\u01b0 v\u1ea5n \u01b0u \u0111\u00e3i t\u1ed1t nh\u1ea5t.<\/em><\/span><\/p>\n","protected":false},"featured_media":3337,"comment_status":"closed","ping_status":"closed","template":"","meta":[],"product_brand":[],"product_cat":[17,756],"product_tag":[],"class_list":{"0":"post-1050","1":"product","2":"type-product","3":"status-publish","4":"has-post-thumbnail","6":"product_cat-noi-that-van-phong","7":"product_cat-ban-giam-doc","9":"first","10":"instock","11":"shipping-taxable","12":"purchasable","13":"product-type-simple"},"_links":{"self":[{"href":"https:\/\/noithathuuthinh.vn\/zh-hans\/wp-json\/wp\/v2\/product\/1050","targetHints":{"allow":["GET"]}}],"collection":[{"href":"https:\/\/noithathuuthinh.vn\/zh-hans\/wp-json\/wp\/v2\/product"}],"about":[{"href":"https:\/\/noithathuuthinh.vn\/zh-hans\/wp-json\/wp\/v2\/types\/product"}],"replies":[{"embeddable":true,"href":"https:\/\/noithathuuthinh.vn\/zh-hans\/wp-json\/wp\/v2\/comments?post=1050"}],"wp:featuredmedia":[{"embeddable":true,"href":"https:\/\/noithathuuthinh.vn\/zh-hans\/wp-json\/wp\/v2\/media\/3337"}],"wp:attachment":[{"href":"https:\/\/noithathuuthinh.vn\/zh-hans\/wp-json\/wp\/v2\/media?parent=1050"}],"wp:term":[{"taxonomy":"product_brand","embeddable":true,"href":"https:\/\/noithathuuthinh.vn\/zh-hans\/wp-json\/wp\/v2\/product_brand?post=1050"},{"taxonomy":"product_cat","embeddable":true,"href":"https:\/\/noithathuuthinh.vn\/zh-hans\/wp-json\/wp\/v2\/product_cat?post=1050"},{"taxonomy":"product_tag","embeddable":true,"href":"https:\/\/noithathuuthinh.vn\/zh-hans\/wp-json\/wp\/v2\/product_tag?post=1050"}],"curies":[{"name":"wp","href":"https:\/\/api.w.org\/{rel}","templated":true}]}}