{"id":1060,"date":"2025-05-23T15:52:42","date_gmt":"2025-05-23T08:52:42","guid":{"rendered":"https:\/\/noithathuuthinh.vn\/san-pham\/ban-giam-doc-the-one-dt1890h37\/"},"modified":"2025-09-27T13:23:59","modified_gmt":"2025-09-27T06:23:59","slug":"ban-giam-doc-dt1890h37","status":"publish","type":"product","link":"https:\/\/noithathuuthinh.vn\/zh-hans\/san-pham\/ban-giam-doc-dt1890h37\/","title":{"rendered":"B\u00e0n Gi\u00e1m \u0110\u1ed1c DT1890H37"},"content":{"rendered":"<div class=\"col-top-content des-content\">\n<p data-start=\"918\" data-end=\"946\"><strong data-start=\"918\" data-end=\"944\">B\u00e0n Gi\u00e1m \u0110\u1ed1c DT1890H37<\/strong><\/p>\n<p data-start=\"948\" data-end=\"1280\">M\u1ed9t kh\u00f4ng gian v\u0103n ph\u00f2ng l\u00e3nh \u0111\u1ea1o \u0111\u1eb3ng c\u1ea5p kh\u00f4ng th\u1ec3 thi\u1ebfu chi\u1ebfc b\u00e0n gi\u00e1m \u0111\u1ed1c sang tr\u1ecdng, v\u1eeba \u0111\u00e1p \u1ee9ng nhu c\u1ea7u l\u00e0m vi\u1ec7c, v\u1eeba kh\u1eb3ng \u0111\u1ecbnh v\u1ecb th\u1ebf c\u1ee7a ng\u01b0\u1eddi s\u1eed d\u1ee5ng. <strong data-start=\"1109\" data-end=\"1135\">B\u00e0n Gi\u00e1m \u0110\u1ed1c DT1890H37<\/strong> \u0111\u01b0\u1ee3c thi\u1ebft k\u1ebf tinh t\u1ebf v\u1edbi ch\u1ea5t li\u1ec7u s\u01a1n PU cao c\u1ea5p, mang \u0111\u1ebfn v\u1ebb ngo\u00e0i b\u1ec1n \u0111\u1eb9p, hi\u1ec7n \u0111\u1ea1i v\u00e0 th\u1ec3 hi\u1ec7n phong c\u00e1ch chuy\u00ean nghi\u1ec7p c\u1ee7a doanh nghi\u1ec7p.<\/p>\n<p data-start=\"1282\" data-end=\"1688\">S\u1ea3n ph\u1ea9m s\u1edf h\u1eefu ki\u1ec3u d\u00e1ng m\u1eb7t ch\u1eef nh\u1eadt truy\u1ec1n th\u1ed1ng, d\u1ec5 d\u00e0ng b\u1ed1 tr\u00ed trong nhi\u1ec1u kh\u00f4ng gian v\u0103n ph\u00f2ng. Tr\u00ean m\u1eb7t b\u00e0n c\u00f3 \u0111i\u1ec3m nh\u1ea5n l\u00e0 <strong data-start=\"1413\" data-end=\"1434\">t\u1ea5m PVC trang tr\u00ed<\/strong>, t\u1ea1o n\u00e9t kh\u00e1c bi\u1ec7t v\u00e0 t\u0103ng t\u00ednh th\u1ea9m m\u1ef9. \u0110\u1eb7c bi\u1ec7t, ph\u1ea7n y\u1ebfm b\u00e0n \u0111\u01b0\u1ee3c <strong data-start=\"1504\" data-end=\"1519\">gh\u00e9p \u1ed1p n\u1ed5i<\/strong> \u0111\u1ed9c \u0111\u00e1o, t\u1ea1o c\u1ea3m gi\u00e1c m\u1ea1nh m\u1ebd v\u00e0 b\u1ec1 th\u1ebf \u2013 \u0111\u00fang v\u1edbi v\u1ecb th\u1ebf c\u1ee7a ng\u01b0\u1eddi l\u00e3nh \u0111\u1ea1o. \u0110\u00e2y l\u00e0 chi ti\u1ebft tinh x\u1ea3o gi\u00fap b\u00e0n kh\u00f4ng b\u1ecb \u0111\u01a1n \u0111i\u1ec7u, \u0111\u1ed3ng th\u1eddi n\u00e2ng cao gi\u00e1 tr\u1ecb s\u1eed d\u1ee5ng.<\/p>\n<p data-start=\"1690\" data-end=\"2062\">V\u1edbi k\u00edch th\u01b0\u1edbc <strong data-start=\"1705\" data-end=\"1731\">W1800 x D900 x H760 mm<\/strong>, b\u00e0n c\u00f3 di\u1ec7n t\u00edch m\u1eb7t l\u00e0m vi\u1ec7c r\u1ed9ng r\u00e3i, ph\u00f9 h\u1ee3p cho vi\u1ec7c s\u1eafp x\u1ebfp m\u00e1y t\u00ednh, h\u1ed3 s\u01a1, t\u00e0i li\u1ec7u v\u00e0 c\u00e1c v\u1eadt d\u1ee5ng c\u1ea7n thi\u1ebft. \u0110\u1ed9 cao ti\u00eau chu\u1ea9n gi\u00fap ng\u01b0\u1eddi ng\u1ed3i lu\u00f4n tho\u1ea3i m\u00e1i trong qu\u00e1 tr\u00ecnh l\u00e0m vi\u1ec7c, h\u1ed7 tr\u1ee3 t\u1ed1i \u0111a hi\u1ec7u qu\u1ea3 c\u00f4ng vi\u1ec7c. Dung sai k\u00edch th\u01b0\u1edbc \u00b15mm \u0111\u1ea3m b\u1ea3o t\u00ednh ch\u00ednh x\u00e1c, ph\u00f9 h\u1ee3p khi l\u1eafp \u0111\u1eb7t trong m\u1ecdi kh\u00f4ng gian v\u0103n ph\u00f2ng.<\/p>\n<p data-start=\"2064\" data-end=\"2371\">M\u1ed9t \u01b0u \u0111i\u1ec3m kh\u00e1c c\u1ee7a <strong data-start=\"2085\" data-end=\"2111\">B\u00e0n Gi\u00e1m \u0110\u1ed1c DT1890H37<\/strong> l\u00e0 s\u1ef1 linh ho\u1ea1t trong vi\u1ec7c k\u1ebft h\u1ee3p v\u1edbi c\u00e1c ph\u1ee5 ki\u1ec7n \u0111i k\u00e8m. Do s\u1ea3n ph\u1ea9m ch\u01b0a bao g\u1ed3m h\u1ed9c v\u00e0 t\u1ee7 ph\u1ee5, kh\u00e1ch h\u00e0ng c\u00f3 th\u1ec3 ch\u1ee7 \u0111\u1ed9ng l\u1ef1a ch\u1ecdn th\u00eam h\u1ed9c di \u0111\u1ed9ng, t\u1ee7 ph\u1ee5 ho\u1eb7c c\u00e1c m\u1eabu t\u1ee7 \u0111\u1ed3ng b\u1ed9, t\u1eeb \u0111\u00f3 t\u1ea1o n\u00ean kh\u00f4ng gian l\u00e0m vi\u1ec7c ti\u1ec7n l\u1ee3i v\u00e0 c\u00e1 nh\u00e2n h\u00f3a theo nhu c\u1ea7u.<\/p>\n<p data-start=\"2373\" data-end=\"2713\">B\u1ec1 m\u1eb7t b\u00e0n \u0111\u01b0\u1ee3c ph\u1ee7 l\u1edbp <strong data-start=\"2397\" data-end=\"2415\">s\u01a1n PU cao c\u1ea5p<\/strong> c\u00f3 kh\u1ea3 n\u0103ng ch\u1ed1ng tr\u1ea7y x\u01b0\u1edbc, ch\u1ed1ng th\u1ea5m n\u01b0\u1edbc nh\u1eb9, h\u1ea1n ch\u1ebf b\u00e1m b\u1ee5i v\u00e0 d\u1ec5 d\u00e0ng v\u1ec7 sinh. L\u1edbp s\u01a1n n\u00e0y c\u00f2n gi\u00fap gi\u1eef m\u00e0u s\u1eafc \u1ed5n \u0111\u1ecbnh trong th\u1eddi gian d\u00e0i, mang l\u1ea1i v\u1ebb \u0111\u1eb9p b\u1ec1n v\u1eefng cho s\u1ea3n ph\u1ea9m. Nh\u1edd \u1ee9ng d\u1ee5ng c\u00f4ng ngh\u1ec7 s\u1ea3n xu\u1ea5t hi\u1ec7n \u0111\u1ea1i, b\u00e0n c\u00f3 \u0111\u1ed9 b\u1ec1n cao, \u00edt cong v\u00eanh, b\u1ea3o \u0111\u1ea3m tu\u1ed5i th\u1ecd s\u1eed d\u1ee5ng l\u00e2u d\u00e0i.<\/p>\n<p data-start=\"2715\" data-end=\"3025\">S\u1ea3n ph\u1ea9m do <strong data-start=\"2727\" data-end=\"2747\">N\u1ed9i Th\u1ea5t The One<\/strong> s\u1ea3n xu\u1ea5t \u2013 th\u01b0\u01a1ng hi\u1ec7u \u0111\u00e3 kh\u1eb3ng \u0111\u1ecbnh \u0111\u01b0\u1ee3c uy t\u00edn tr\u00ean th\u1ecb tr\u01b0\u1eddng n\u1ed9i th\u1ea5t v\u0103n ph\u00f2ng Vi\u1ec7t Nam. Khi mua h\u00e0ng t\u1ea1i <strong data-start=\"2859\" data-end=\"2895\">C\u00f4ng ty TNHH SXTM TTNT H\u1eefu Th\u1ecbnh<\/strong>, kh\u00e1ch h\u00e0ng s\u1ebd nh\u1eadn \u0111\u01b0\u1ee3c ch\u00ednh s\u00e1ch b\u1ea3o h\u00e0nh 12 th\u00e1ng ch\u00ednh h\u00e3ng, c\u00f9ng d\u1ecbch v\u1ee5 giao h\u00e0ng, l\u1eafp \u0111\u1eb7t nhanh ch\u00f3ng v\u00e0 chuy\u00ean nghi\u1ec7p.<\/p>\n<p data-start=\"3027\" data-end=\"3336\">Trong m\u00f4i tr\u01b0\u1eddng c\u00f4ng s\u1edf hi\u1ec7n \u0111\u1ea1i, n\u01a1i h\u00ecnh \u1ea3nh th\u01b0\u01a1ng hi\u1ec7u v\u00e0 s\u1ef1 chuy\u00ean nghi\u1ec7p lu\u00f4n \u0111\u01b0\u1ee3c ch\u00fa tr\u1ecdng, <strong data-start=\"3128\" data-end=\"3154\">B\u00e0n Gi\u00e1m \u0110\u1ed1c DT1890H37<\/strong> l\u00e0 l\u1ef1a ch\u1ecdn l\u00fd t\u01b0\u1edfng. Kh\u00f4ng ch\u1ec9 mang l\u1ea1i s\u1ef1 ti\u1ec7n nghi cho ng\u01b0\u1eddi l\u00e3nh \u0111\u1ea1o, chi\u1ebfc b\u00e0n n\u00e0y c\u00f2n g\u00f3p ph\u1ea7n t\u1ea1o n\u00ean kh\u00f4ng gian v\u0103n ph\u00f2ng sang tr\u1ecdng, kh\u1eb3ng \u0111\u1ecbnh \u0111\u1eb3ng c\u1ea5p c\u1ee7a doanh nghi\u1ec7p.<\/p>\n<p data-start=\"3338\" data-end=\"3448\">H\u00e3y li\u00ean h\u1ec7 ngay v\u1edbi ch\u00fang t\u00f4i \u0111\u1ec3 \u0111\u01b0\u1ee3c t\u01b0 v\u1ea5n chi ti\u1ebft v\u00e0 nh\u1eadn b\u00e1o gi\u00e1 \u01b0u \u0111\u00e3i nh\u1ea5t cho s\u1ea3n ph\u1ea9m cao c\u1ea5p n\u00e0y.<\/p>\n<\/div>\n","protected":false},"excerpt":{"rendered":"<div class=\"\">\n<p data-start=\"605\" data-end=\"746\"><strong data-start=\"605\" data-end=\"744\">B\u00e0n Gi\u00e1m \u0111\u1ed1c DT1890H37 \u2013 B\u00e0n l\u00e3nh \u0111\u1ea1o s\u01a1n PU cao c\u1ea5p m\u1eb7t ch\u1eef nh\u1eadt, c\u00f3 t\u1ea5m PVC trang tr\u00ed, y\u1ebfm b\u00e0n gh\u00e9p \u1ed1p n\u1ed5i (ch\u01b0a bao g\u1ed3m h\u1ed9c, t\u1ee7 ph\u1ee5)<\/strong><\/p>\n<p data-start=\"605\" data-end=\"746\"><strong>K\u00edch th\u01b0\u1edbc :<\/strong><br \/>\nW1600 x D800 x H760 (mm)\u00a0 \u00a0&#8211; <strong><span style=\"color: #ed1c24; font-size: 120%;\">4.308.000 \u0111<\/span><\/strong><br \/>\nW1800 x D900 x H760 (mm)\u00a0 \u00a0&#8211; <span style=\"color: #ed1c24; font-size: 120%;\"><strong>4.875.000 \u0111<br \/>\n<\/strong><\/span>W2000 x D1000 x H760 (mm) &#8211; <strong><span style=\"color: #ed1c24; font-size: 120%;\">5.682.000 \u0111<\/span><\/strong><\/p>\n<p data-start=\"792\" data-end=\"1105\"><strong data-start=\"792\" data-end=\"804\">Xu\u1ea5t x\u1ee9:<\/strong> S\u1ea3n ph\u1ea9m c\u1ee7a c\u00f4ng ty <strong data-start=\"826\" data-end=\"846\">N\u1ed8I TH\u1ea4T THE ONE<\/strong> \u2013 Ph\u00e2n ph\u1ed1i b\u1edfi <strong data-start=\"863\" data-end=\"899\">C\u00d4NG TY TNHH SXTM TTNT H\u1eeeU TH\u1ecaNH<\/strong><br data-start=\"899\" data-end=\"902\" \/><strong data-start=\"902\" data-end=\"915\">B\u1ea3o h\u00e0nh:<\/strong> 12 th\u00e1ng theo ti\u00eau chu\u1ea9n nh\u00e0 m\u00e1y<br data-start=\"948\" data-end=\"951\" \/><span style=\"color: #ed1c24;\"><em data-start=\"951\" data-end=\"1103\">L\u01b0u \u00fd: Gi\u00e1 tr\u00ean ch\u01b0a bao g\u1ed3m VAT v\u00e0 ph\u00ed v\u1eadn chuy\u1ec3n. Gi\u00e1 s\u1ea3n ph\u1ea9m c\u00f3 th\u1ec3 thay \u0111\u1ed5i theo t\u1eebng th\u1eddi \u0111i\u1ec3m, vui l\u00f2ng li\u00ean h\u1ec7 \u0111\u1ec3 nh\u1eadn t\u01b0 v\u1ea5n \u01b0u \u0111\u00e3i t\u1ed1t nh\u1ea5t.<\/em><\/span><\/p>\n<\/div>\n","protected":false},"featured_media":3363,"comment_status":"closed","ping_status":"closed","template":"","meta":[],"product_brand":[],"product_cat":[17,756],"product_tag":[],"class_list":{"0":"post-1060","1":"product","2":"type-product","3":"status-publish","4":"has-post-thumbnail","6":"product_cat-noi-that-van-phong","7":"product_cat-ban-giam-doc","9":"first","10":"instock","11":"taxable","12":"shipping-taxable","13":"purchasable","14":"product-type-simple"},"_links":{"self":[{"href":"https:\/\/noithathuuthinh.vn\/zh-hans\/wp-json\/wp\/v2\/product\/1060","targetHints":{"allow":["GET"]}}],"collection":[{"href":"https:\/\/noithathuuthinh.vn\/zh-hans\/wp-json\/wp\/v2\/product"}],"about":[{"href":"https:\/\/noithathuuthinh.vn\/zh-hans\/wp-json\/wp\/v2\/types\/product"}],"replies":[{"embeddable":true,"href":"https:\/\/noithathuuthinh.vn\/zh-hans\/wp-json\/wp\/v2\/comments?post=1060"}],"wp:featuredmedia":[{"embeddable":true,"href":"https:\/\/noithathuuthinh.vn\/zh-hans\/wp-json\/wp\/v2\/media\/3363"}],"wp:attachment":[{"href":"https:\/\/noithathuuthinh.vn\/zh-hans\/wp-json\/wp\/v2\/media?parent=1060"}],"wp:term":[{"taxonomy":"product_brand","embeddable":true,"href":"https:\/\/noithathuuthinh.vn\/zh-hans\/wp-json\/wp\/v2\/product_brand?post=1060"},{"taxonomy":"product_cat","embeddable":true,"href":"https:\/\/noithathuuthinh.vn\/zh-hans\/wp-json\/wp\/v2\/product_cat?post=1060"},{"taxonomy":"product_tag","embeddable":true,"href":"https:\/\/noithathuuthinh.vn\/zh-hans\/wp-json\/wp\/v2\/product_tag?post=1060"}],"curies":[{"name":"wp","href":"https:\/\/api.w.org\/{rel}","templated":true}]}}