{"id":1062,"date":"2025-05-23T15:52:45","date_gmt":"2025-05-23T08:52:45","guid":{"rendered":"https:\/\/noithathuuthinh.vn\/san-pham\/ban-giam-doc-the-one-dt1890h4\/"},"modified":"2025-09-27T14:50:52","modified_gmt":"2025-09-27T07:50:52","slug":"ban-giam-doc-dt1890h4","status":"publish","type":"product","link":"https:\/\/noithathuuthinh.vn\/zh-hans\/san-pham\/ban-giam-doc-dt1890h4\/","title":{"rendered":"B\u00e0n Gi\u00e1m \u0110\u1ed1c DT1890H4"},"content":{"rendered":"<h3 data-start=\"712\" data-end=\"794\">B\u00e0n Gi\u00e1m \u0110\u1ed1c DT1890H4 \u2013 V\u1ebb \u0111\u1eb9p sang tr\u1ecdng t\u1eeb thi\u1ebft k\u1ebf m\u1eb7t l\u01b0\u1ee3n v\u00e0 y\u1ebfm \u1ed1p n\u1ed5i<\/h3>\n<p data-start=\"796\" data-end=\"1239\">Kh\u00f4ng gian l\u00e0m vi\u1ec7c c\u1ee7a gi\u00e1m \u0111\u1ed1c lu\u00f4n c\u1ea7n m\u1ed9t \u0111i\u1ec3m nh\u1ea5n n\u1ed5i b\u1eadt \u0111\u1ec3 th\u1ec3 hi\u1ec7n s\u1ef1 chuy\u00ean nghi\u1ec7p, uy t\u00edn v\u00e0 phong c\u00e1ch ri\u00eang bi\u1ec7t. Trong \u0111\u00f3, chi\u1ebfc b\u00e0n l\u00e0m vi\u1ec7c \u0111\u00f3ng vai tr\u00f2 trung t\u00e2m, v\u1eeba ph\u1ee5c v\u1ee5 nhu c\u1ea7u c\u00f4ng vi\u1ec7c, v\u1eeba kh\u1eb3ng \u0111\u1ecbnh v\u1ecb th\u1ebf c\u1ee7a ng\u01b0\u1eddi l\u00e3nh \u0111\u1ea1o. V\u1edbi s\u1ef1 k\u1ebft h\u1ee3p gi\u1eefa ch\u1ea5t li\u1ec7u b\u1ec1n \u0111\u1eb9p v\u00e0 thi\u1ebft k\u1ebf tinh t\u1ebf, <strong data-start=\"1108\" data-end=\"1133\">B\u00e0n Gi\u00e1m \u0110\u1ed1c DT1890H4<\/strong> \u0111\u1ebfn t\u1eeb th\u01b0\u01a1ng hi\u1ec7u <strong data-start=\"1153\" data-end=\"1173\">N\u1ed8I TH\u1ea4T THE ONE<\/strong> ch\u00ednh l\u00e0 l\u1ef1a ch\u1ecdn ho\u00e0n h\u1ea3o d\u00e0nh cho nh\u1eefng nh\u00e0 qu\u1ea3n l\u00fd hi\u1ec7n \u0111\u1ea1i.<\/p>\n<p data-start=\"1241\" data-end=\"1590\">\u0110i\u1ec3m nh\u1ea5n \u1ea5n t\u01b0\u1ee3ng c\u1ee7a b\u00e0n ch\u00ednh l\u00e0 <strong data-start=\"1277\" data-end=\"1311\">thi\u1ebft k\u1ebf m\u1eb7t l\u01b0\u1ee3n cong m\u1ec1m m\u1ea1i<\/strong>. Ki\u1ec3u d\u00e1ng n\u00e0y kh\u00f4ng ch\u1ec9 mang l\u1ea1i s\u1ef1 kh\u00e1c bi\u1ec7t so v\u1edbi c\u00e1c m\u1eabu b\u00e0n truy\u1ec1n th\u1ed1ng m\u00e0 c\u00f2n gi\u00fap kh\u00f4ng gian v\u0103n ph\u00f2ng tr\u1edf n\u00ean hi\u1ec7n \u0111\u1ea1i, tinh t\u1ebf h\u01a1n. B\u1ec1 m\u1eb7t b\u00e0n \u0111\u01b0\u1ee3c ph\u1ee7 <strong data-start=\"1475\" data-end=\"1493\">s\u01a1n PU cao c\u1ea5p<\/strong>, c\u00f3 kh\u1ea3 n\u0103ng ch\u1ed1ng tr\u1ea7y x\u01b0\u1edbc, h\u1ea1n ch\u1ebf b\u00e1m b\u1ee5i v\u00e0 gi\u1eef \u0111\u01b0\u1ee3c \u0111\u1ed9 s\u00e1ng b\u00f3ng b\u1ec1n \u0111\u1eb9p theo th\u1eddi gian.<\/p>\n<p data-start=\"1592\" data-end=\"1980\">Ph\u1ea7n <strong data-start=\"1597\" data-end=\"1615\">y\u1ebfm b\u00e0n \u1ed1p n\u1ed5i<\/strong> c\u0169ng l\u00e0 m\u1ed9t chi ti\u1ebft quan tr\u1ecdng t\u1ea1o n\u00ean v\u1ebb sang tr\u1ecdng v\u00e0 b\u1ec1 th\u1ebf cho s\u1ea3n ph\u1ea9m. Kh\u00f4ng ch\u1ec9 c\u00f3 ch\u1ee9c n\u0103ng th\u1ea9m m\u1ef9, y\u1ebfm b\u00e0n c\u00f2n gi\u00fap t\u0103ng s\u1ef1 ch\u1eafc ch\u1eafn, \u0111\u1ea3m b\u1ea3o t\u00ednh \u1ed5n \u0111\u1ecbnh v\u00e0 b\u1ec1n v\u1eefng trong qu\u00e1 tr\u00ecnh s\u1eed d\u1ee5ng. S\u1ef1 k\u1ebft h\u1ee3p gi\u1eefa thi\u1ebft k\u1ebf m\u1eb7t l\u01b0\u1ee3n c\u00f9ng y\u1ebfm \u1ed1p n\u1ed5i \u0111\u00e3 mang l\u1ea1i cho <strong data-start=\"1886\" data-end=\"1898\">DT1890H4<\/strong> d\u00e1ng v\u1ebb uy nghi\u00eam nh\u01b0ng v\u1eabn m\u1ec1m m\u1ea1i, ph\u00f9 h\u1ee3p v\u1edbi phong th\u00e1i c\u1ee7a ng\u01b0\u1eddi l\u00e3nh \u0111\u1ea1o.<\/p>\n<p data-start=\"1982\" data-end=\"2066\">M\u1ed9t \u01b0u \u0111i\u1ec3m \u0111\u00e1ng ch\u00fa \u00fd kh\u00e1c l\u00e0 <strong data-start=\"2013\" data-end=\"2044\">\u0111a d\u1ea1ng k\u00edch th\u01b0\u1edbc l\u1ef1a ch\u1ecdn<\/strong>. V\u1edbi hai phi\u00ean b\u1ea3n:<\/p>\n<ul data-start=\"2067\" data-end=\"2339\">\n<li data-start=\"2067\" data-end=\"2203\">\n<p data-start=\"2069\" data-end=\"2203\"><strong data-start=\"2069\" data-end=\"2081\">DT1890H4<\/strong>: W1800 x D900 x H760 (mm) \u2013 Ph\u00f9 h\u1ee3p cho kh\u00f4ng gian v\u0103n ph\u00f2ng v\u1eeba v\u00e0 nh\u1ecf, t\u1ed1i \u01b0u di\u1ec7n t\u00edch m\u00e0 v\u1eabn \u0111\u1ea3m b\u1ea3o s\u1ef1 sang tr\u1ecdng.<\/p>\n<\/li>\n<li data-start=\"2204\" data-end=\"2339\">\n<p data-start=\"2206\" data-end=\"2339\"><strong data-start=\"2206\" data-end=\"2218\">DT2010H4<\/strong>: W2000 x D1000 x H760 (mm) \u2013 L\u1ef1a ch\u1ecdn l\u00fd t\u01b0\u1edfng cho v\u0103n ph\u00f2ng r\u1ed9ng, t\u1ea1o n\u00ean kh\u00f4ng gian l\u00e0m vi\u1ec7c b\u1ec1 th\u1ebf v\u00e0 \u0111\u1eb3ng c\u1ea5p h\u01a1n.<\/p>\n<\/li>\n<\/ul>\n<p data-start=\"2341\" data-end=\"2589\">Ch\u1ea5t li\u1ec7u g\u1ed7 c\u00f4ng nghi\u1ec7p ch\u1ea5t l\u01b0\u1ee3ng cao k\u1ebft h\u1ee3p v\u1edbi l\u1edbp s\u01a1n PU b\u1ec1n m\u00e0u gi\u00fap b\u00e0n c\u00f3 kh\u1ea3 n\u0103ng ch\u1ed1ng cong v\u00eanh, m\u1ed1i m\u1ecdt, k\u00e9o d\u00e0i tu\u1ed5i th\u1ecd s\u1eed d\u1ee5ng. \u0110\u00e2y l\u00e0 \u0111i\u1ec3m c\u1ed9ng l\u1edbn, \u0111\u1ea3m b\u1ea3o t\u00ednh kinh t\u1ebf v\u00e0 hi\u1ec7u qu\u1ea3 cho doanh nghi\u1ec7p khi \u0111\u1ea7u t\u01b0 n\u1ed9i th\u1ea5t v\u0103n ph\u00f2ng.<\/p>\n<p data-start=\"2591\" data-end=\"2873\">L\u00e0 s\u1ea3n ph\u1ea9m c\u1ee7a th\u01b0\u01a1ng hi\u1ec7u <strong data-start=\"2619\" data-end=\"2639\">N\u1ed8I TH\u1ea4T THE ONE<\/strong>, b\u00e0n gi\u00e1m \u0111\u1ed1c DT1890H4 \u0111\u01b0\u1ee3c s\u1ea3n xu\u1ea5t tr\u00ean d\u00e2y chuy\u1ec1n hi\u1ec7n \u0111\u1ea1i, tu\u00e2n th\u1ee7 quy tr\u00ecnh ki\u1ec3m so\u00e1t ch\u1ea5t l\u01b0\u1ee3ng nghi\u00eam ng\u1eb7t. T\u1eebng chi ti\u1ebft \u0111\u01b0\u1ee3c ch\u0103m ch\u00fat t\u1ec9 m\u1ec9, mang \u0111\u1ebfn s\u1ef1 ho\u00e0n thi\u1ec7n cao, \u0111\u00e1p \u1ee9ng nhu c\u1ea7u th\u1ea9m m\u1ef9 c\u0169ng nh\u01b0 c\u00f4ng n\u0103ng s\u1eed d\u1ee5ng.<\/p>\n<p data-start=\"2875\" data-end=\"3137\">Kh\u00f4ng ch\u1ec9 \u0111\u01a1n thu\u1ea7n l\u00e0 n\u01a1i l\u00e0m vi\u1ec7c, <strong data-start=\"2912\" data-end=\"2937\">B\u00e0n Gi\u00e1m \u0110\u1ed1c DT1890H4<\/strong> c\u00f2n g\u00f3p ph\u1ea7n kh\u1eb3ng \u0111\u1ecbnh h\u00ecnh \u1ea3nh v\u00e0 v\u1ecb th\u1ebf c\u1ee7a ng\u01b0\u1eddi \u0111\u1ee9ng \u0111\u1ea7u. S\u1edf h\u1eefu s\u1ea3n ph\u1ea9m n\u00e0y, ph\u00f2ng gi\u00e1m \u0111\u1ed1c s\u1ebd tr\u1edf n\u00ean sang tr\u1ecdng, chuy\u00ean nghi\u1ec7p, \u0111\u1ed3ng th\u1eddi t\u1ea1o d\u1ea5u \u1ea5n m\u1ea1nh m\u1ebd trong m\u1eaft \u0111\u1ed1i t\u00e1c v\u00e0 nh\u00e2n vi\u00ean.<\/p>\n<p data-start=\"3139\" data-end=\"3349\">N\u1ebfu b\u1ea1n \u0111ang t\u00ecm ki\u1ebfm m\u1ed9t m\u1eabu b\u00e0n l\u00e3nh \u0111\u1ea1o h\u1ed9i t\u1ee5 \u0111\u1ea7y \u0111\u1ee7 y\u1ebfu t\u1ed1 th\u1ea9m m\u1ef9, b\u1ec1n \u0111\u1eb9p v\u00e0 ti\u1ec7n d\u1ee5ng, th\u00ec <strong data-start=\"3238\" data-end=\"3250\">DT1890H4<\/strong> ch\u1eafc ch\u1eafn l\u00e0 s\u1ef1 l\u1ef1a ch\u1ecdn l\u00fd t\u01b0\u1edfng, x\u1ee9ng t\u1ea7m v\u1edbi kh\u00f4ng gian l\u00e0m vi\u1ec7c c\u1ee7a ng\u01b0\u1eddi l\u00e3nh \u0111\u1ea1o hi\u1ec7n \u0111\u1ea1i.<\/p>\n","protected":false},"excerpt":{"rendered":"<p data-start=\"162\" data-end=\"240\"><strong data-start=\"162\" data-end=\"238\">B\u00e0n Gi\u00e1m \u0110\u1ed1c DT1890H4 \u2013 B\u00e0n l\u00e3nh \u0111\u1ea1o s\u01a1n PU cao c\u1ea5p m\u1eb7t l\u01b0\u1ee3n, y\u1ebfm \u1ed1p n\u1ed5i<\/strong><\/p>\n<p data-start=\"244\" data-end=\"261\"><strong data-start=\"244\" data-end=\"259\">K\u00edch th\u01b0\u1edbc:<\/strong><\/p>\n<p data-start=\"266\" data-end=\"302\">W1800 x D900 x H760 (mm)\u00a0 \u00a0&#8211; <span style=\"font-size: 120%; color: #ed1c24;\"><strong>3.785.000 \u0111<\/strong><\/span><\/p>\n<p data-start=\"307\" data-end=\"344\">W2000 x D1000 x H760 (mm) &#8211; <span style=\"font-size: 120%; color: #ed1c24;\"><strong>4.466.000 \u0111<\/strong><\/span><\/p>\n<p data-start=\"347\" data-end=\"456\"><strong data-start=\"347\" data-end=\"359\">Xu\u1ea5t x\u1ee9:<\/strong> S\u1ea3n ph\u1ea9m c\u1ee7a c\u00f4ng ty <strong data-start=\"381\" data-end=\"401\">N\u1ed8I TH\u1ea4T THE ONE<\/strong> \u2013 Ph\u00e2n ph\u1ed1i b\u1edfi <strong data-start=\"418\" data-end=\"454\">C\u00d4NG TY TNHH SXTM TTNT H\u1eeeU TH\u1ecaNH<\/strong><\/p>\n<p data-start=\"459\" data-end=\"507\"><strong data-start=\"459\" data-end=\"472\">B\u1ea3o h\u00e0nh:<\/strong> 12 th\u00e1ng theo ti\u00eau chu\u1ea9n nh\u00e0 m\u00e1y<\/p>\n<p data-start=\"509\" data-end=\"663\"><span style=\"color: #ed1c24;\"><em data-start=\"509\" data-end=\"661\">L\u01b0u \u00fd: Gi\u00e1 tr\u00ean ch\u01b0a bao g\u1ed3m VAT v\u00e0 ph\u00ed v\u1eadn chuy\u1ec3n. Gi\u00e1 s\u1ea3n ph\u1ea9m c\u00f3 th\u1ec3 thay \u0111\u1ed5i theo t\u1eebng th\u1eddi \u0111i\u1ec3m, vui l\u00f2ng li\u00ean h\u1ec7 \u0111\u1ec3 nh\u1eadn t\u01b0 v\u1ea5n \u01b0u \u0111\u00e3i t\u1ed1t nh\u1ea5t.<\/em><\/span><\/p>\n","protected":false},"featured_media":3428,"comment_status":"closed","ping_status":"closed","template":"","meta":[],"product_brand":[],"product_cat":[17,756],"product_tag":[],"class_list":{"0":"post-1062","1":"product","2":"type-product","3":"status-publish","4":"has-post-thumbnail","6":"product_cat-noi-that-van-phong","7":"product_cat-ban-giam-doc","9":"first","10":"instock","11":"shipping-taxable","12":"purchasable","13":"product-type-simple"},"_links":{"self":[{"href":"https:\/\/noithathuuthinh.vn\/zh-hans\/wp-json\/wp\/v2\/product\/1062","targetHints":{"allow":["GET"]}}],"collection":[{"href":"https:\/\/noithathuuthinh.vn\/zh-hans\/wp-json\/wp\/v2\/product"}],"about":[{"href":"https:\/\/noithathuuthinh.vn\/zh-hans\/wp-json\/wp\/v2\/types\/product"}],"replies":[{"embeddable":true,"href":"https:\/\/noithathuuthinh.vn\/zh-hans\/wp-json\/wp\/v2\/comments?post=1062"}],"wp:featuredmedia":[{"embeddable":true,"href":"https:\/\/noithathuuthinh.vn\/zh-hans\/wp-json\/wp\/v2\/media\/3428"}],"wp:attachment":[{"href":"https:\/\/noithathuuthinh.vn\/zh-hans\/wp-json\/wp\/v2\/media?parent=1062"}],"wp:term":[{"taxonomy":"product_brand","embeddable":true,"href":"https:\/\/noithathuuthinh.vn\/zh-hans\/wp-json\/wp\/v2\/product_brand?post=1062"},{"taxonomy":"product_cat","embeddable":true,"href":"https:\/\/noithathuuthinh.vn\/zh-hans\/wp-json\/wp\/v2\/product_cat?post=1062"},{"taxonomy":"product_tag","embeddable":true,"href":"https:\/\/noithathuuthinh.vn\/zh-hans\/wp-json\/wp\/v2\/product_tag?post=1062"}],"curies":[{"name":"wp","href":"https:\/\/api.w.org\/{rel}","templated":true}]}}