{"id":1066,"date":"2025-05-23T15:52:52","date_gmt":"2025-05-23T08:52:52","guid":{"rendered":"https:\/\/noithathuuthinh.vn\/san-pham\/ban-giam-doc-the-one-dt1890h5\/"},"modified":"2025-09-27T14:37:19","modified_gmt":"2025-09-27T07:37:19","slug":"ban-giam-doc-dt1890h5","status":"publish","type":"product","link":"https:\/\/noithathuuthinh.vn\/zh-hans\/san-pham\/ban-giam-doc-dt1890h5\/","title":{"rendered":"B\u00e0n Gi\u00e1m \u0110\u1ed1c DT1890H5"},"content":{"rendered":"<h3 data-start=\"776\" data-end=\"847\">B\u00e0n Gi\u00e1m \u0110\u1ed1c DT1890H5 \u2013 S\u1ef1 tinh t\u1ebf trong t\u1eebng \u0111\u01b0\u1eddng n\u00e9t l\u01b0\u1ee3n cong<\/h3>\n<p data-start=\"849\" data-end=\"1286\">Trong m\u00f4i tr\u01b0\u1eddng l\u00e0m vi\u1ec7c hi\u1ec7n \u0111\u1ea1i, v\u0103n ph\u00f2ng gi\u00e1m \u0111\u1ed1c kh\u00f4ng ch\u1ec9 l\u00e0 n\u01a1i \u0111\u1ec3 x\u1eed l\u00fd c\u00f4ng vi\u1ec7c m\u00e0 c\u00f2n l\u00e0 kh\u00f4ng gian th\u1ec3 hi\u1ec7n t\u1ea7m nh\u00ecn, phong c\u00e1ch v\u00e0 uy quy\u1ec1n c\u1ee7a ng\u01b0\u1eddi l\u00e3nh \u0111\u1ea1o. M\u1ed9t chi\u1ebfc b\u00e0n gi\u00e1m \u0111\u1ed1c ph\u00f9 h\u1ee3p s\u1ebd g\u00f3p ph\u1ea7n t\u00f4n vinh v\u1ecb th\u1ebf, \u0111\u1ed3ng th\u1eddi t\u1ea1o n\u00ean d\u1ea5u \u1ea5n kh\u00e1c bi\u1ec7t trong m\u1eaft \u0111\u1ed1i t\u00e1c v\u00e0 nh\u00e2n vi\u00ean. <strong data-start=\"1150\" data-end=\"1175\">B\u00e0n Gi\u00e1m \u0110\u1ed1c DT1890H5<\/strong> ch\u00ednh l\u00e0 s\u1ef1 l\u1ef1a ch\u1ecdn ho\u00e0n h\u1ea3o, k\u1ebft h\u1ee3p h\u00e0i h\u00f2a gi\u1eefa v\u1ebb \u0111\u1eb9p th\u1ea9m m\u1ef9, ch\u1ea5t l\u01b0\u1ee3ng b\u1ec1n b\u1ec9 v\u00e0 c\u00f4ng n\u0103ng ti\u1ec7n \u00edch.<\/p>\n<p data-start=\"1288\" data-end=\"1814\">\u0110i\u1ec3m nh\u1ea5n \u0111\u1ea7u ti\u00ean c\u1ee7a b\u00e0n ch\u00ednh l\u00e0 <strong data-start=\"1324\" data-end=\"1358\">thi\u1ebft k\u1ebf m\u1eb7t l\u01b0\u1ee3n cong m\u1ec1m m\u1ea1i<\/strong>. Kh\u00e1c bi\u1ec7t so v\u1edbi ki\u1ec3u d\u00e1ng vu\u00f4ng v\u1ee9c truy\u1ec1n th\u1ed1ng, nh\u1eefng \u0111\u01b0\u1eddng cong tinh t\u1ebf mang l\u1ea1i s\u1ef1 uy\u1ec3n chuy\u1ec3n v\u00e0 sang tr\u1ecdng, t\u1ea1o c\u1ea3m gi\u00e1c th\u00e2n thi\u1ec7n m\u00e0 v\u1eabn gi\u1eef \u0111\u01b0\u1ee3c n\u00e9t quy\u1ec1n uy c\u1ee7a m\u1ed9t chi\u1ebfc b\u00e0n l\u00e3nh \u0111\u1ea1o. B\u1ec1 m\u1eb7t b\u00e0n \u0111\u01b0\u1ee3c x\u1eed l\u00fd b\u1eb1ng <strong data-start=\"1583\" data-end=\"1601\">s\u01a1n PU cao c\u1ea5p<\/strong>, c\u00f3 kh\u1ea3 n\u0103ng ch\u1ed1ng tr\u1ea7y x\u01b0\u1edbc, ch\u1ed1ng th\u1ea5m n\u01b0\u1edbc nh\u1eb9 v\u00e0 lu\u00f4n gi\u1eef \u0111\u01b0\u1ee3c \u0111\u1ed9 s\u00e1ng b\u00f3ng sau th\u1eddi gian d\u00e0i s\u1eed d\u1ee5ng. \u0110\u00e2y l\u00e0 y\u1ebfu t\u1ed1 quan tr\u1ecdng gi\u00fap b\u00e0n lu\u00f4n gi\u1eef \u0111\u01b0\u1ee3c di\u1ec7n m\u1ea1o m\u1edbi m\u1ebb, sang tr\u1ecdng trong kh\u00f4ng gian v\u0103n ph\u00f2ng.<\/p>\n<p data-start=\"1816\" data-end=\"2201\">Kh\u00f4ng ch\u1ec9 d\u1eebng l\u1ea1i \u1edf thi\u1ebft k\u1ebf b\u1ec1 m\u1eb7t, <strong data-start=\"1854\" data-end=\"1879\">B\u00e0n Gi\u00e1m \u0110\u1ed1c DT1890H5<\/strong> c\u00f2n g\u00e2y \u1ea5n t\u01b0\u1ee3ng v\u1edbi <strong data-start=\"1901\" data-end=\"1945\">t\u1ea5m PVC trang tr\u00ed v\u00e0 y\u1ebfm b\u00e0n gh\u00e9p \u1ed1p n\u1ed5i<\/strong>. Chi ti\u1ebft n\u00e0y v\u1eeba mang t\u00ednh th\u1ea9m m\u1ef9, v\u1eeba t\u1ea1o \u0111i\u1ec3m nh\u1ea5n hi\u1ec7n \u0111\u1ea1i, gi\u00fap t\u1ed5ng th\u1ec3 chi\u1ebfc b\u00e0n tr\u1edf n\u00ean \u0111\u1eb3ng c\u1ea5p h\u01a1n. Y\u1ebfm b\u00e0n c\u00f2n \u0111\u00f3ng vai tr\u00f2 t\u0103ng s\u1ef1 ch\u1eafc ch\u1eafn, gi\u1eef d\u00e1ng b\u00e0n \u1ed5n \u0111\u1ecbnh, \u0111\u1ed3ng th\u1eddi g\u00f3p ph\u1ea7n t\u1ea1o n\u00ean phong th\u00e1i chuy\u00ean nghi\u1ec7p cho kh\u00f4ng gian l\u00e3nh \u0111\u1ea1o.<\/p>\n<p data-start=\"2203\" data-end=\"2590\">V\u1edbi k\u00edch th\u01b0\u1edbc ti\u00eau chu\u1ea9n <strong data-start=\"2229\" data-end=\"2257\">W1800 x D900 x H760 (mm)<\/strong>, b\u00e0n DT1890H5 c\u00f3 di\u1ec7n t\u00edch m\u1eb7t \u0111\u1ee7 r\u1ed9ng \u0111\u1ec3 s\u1eafp x\u1ebfp c\u00e1c thi\u1ebft b\u1ecb v\u0103n ph\u00f2ng, h\u1ed3 s\u01a1, t\u00e0i li\u1ec7u hay \u0111\u1ed3 d\u00f9ng c\u00e1 nh\u00e2n. Ng\u01b0\u1eddi s\u1eed d\u1ee5ng c\u00f3 th\u1ec3 d\u1ec5 d\u00e0ng t\u1ed5 ch\u1ee9c c\u00f4ng vi\u1ec7c m\u1ed9t c\u00e1ch khoa h\u1ecdc m\u00e0 v\u1eabn gi\u1eef \u0111\u01b0\u1ee3c s\u1ef1 tho\u1ea3i m\u00e1i, tho\u00e1ng \u0111\u00e3ng. \u0110\u00e2y l\u00e0 l\u1ef1a ch\u1ecdn l\u00fd t\u01b0\u1edfng cho nh\u1eefng v\u0103n ph\u00f2ng c\u00f3 di\u1ec7n t\u00edch v\u1eeba v\u00e0 l\u1edbn, c\u1ea7n s\u1ef1 c\u00e2n \u0111\u1ed1i gi\u1eefa c\u00f4ng n\u0103ng v\u00e0 th\u1ea9m m\u1ef9.<\/p>\n<p data-start=\"2592\" data-end=\"2999\">M\u1ed9t trong nh\u1eefng \u01b0u \u0111i\u1ec3m l\u1edbn c\u1ee7a s\u1ea3n ph\u1ea9m n\u00e0y l\u00e0 <strong data-start=\"2640\" data-end=\"2671\">ch\u1ea5t li\u1ec7u b\u1ec1n b\u1ec9 v\u00e0 an to\u00e0n<\/strong>. B\u00e0n \u0111\u01b0\u1ee3c s\u1ea3n xu\u1ea5t t\u1eeb g\u1ed7 c\u00f4ng nghi\u1ec7p ch\u1ea5t l\u01b0\u1ee3ng cao, \u0111\u00e3 qua x\u1eed l\u00fd k\u1ef9 l\u01b0\u1ee1ng \u0111\u1ec3 ch\u1ed1ng cong v\u00eanh, m\u1ed1i m\u1ecdt. K\u1ebft h\u1ee3p v\u1edbi l\u1edbp ph\u1ee7 PU, b\u00e0n kh\u00f4ng ch\u1ec9 gi\u1eef \u0111\u01b0\u1ee3c \u0111\u1ed9 b\u1ec1n v\u01b0\u1ee3t tr\u1ed9i m\u00e0 c\u00f2n mang l\u1ea1i c\u1ea3m gi\u00e1c sang tr\u1ecdng v\u00e0 tinh t\u1ebf. S\u1ea3n ph\u1ea9m c\u00f3 tu\u1ed5i th\u1ecd l\u00e2u d\u00e0i, gi\u00fap doanh nghi\u1ec7p ti\u1ebft ki\u1ec7m chi ph\u00ed \u0111\u1ea7u t\u01b0 v\u00e0 thay th\u1ebf trong qu\u00e1 tr\u00ecnh s\u1eed d\u1ee5ng.<\/p>\n<p data-start=\"3001\" data-end=\"3415\"><strong data-start=\"3001\" data-end=\"3026\">B\u00e0n Gi\u00e1m \u0110\u1ed1c DT1890H5<\/strong> l\u00e0 minh ch\u1ee9ng cho s\u1ef1 chuy\u00ean nghi\u1ec7p c\u1ee7a th\u01b0\u01a1ng hi\u1ec7u <strong data-start=\"3078\" data-end=\"3098\">N\u1ed8I TH\u1ea4T THE ONE<\/strong> \u2013 m\u1ed9t trong nh\u1eefng nh\u00e0 s\u1ea3n xu\u1ea5t n\u1ed9i th\u1ea5t v\u0103n ph\u00f2ng h\u00e0ng \u0111\u1ea7u t\u1ea1i Vi\u1ec7t Nam. M\u1ed7i chi ti\u1ebft \u0111\u1ec1u \u0111\u01b0\u1ee3c ch\u0103m ch\u00fat t\u1ec9 m\u1ec9, t\u1eeb thi\u1ebft k\u1ebf \u0111\u1ebfn gia c\u00f4ng, \u0111\u1ea3m b\u1ea3o t\u00ednh th\u1ea9m m\u1ef9 v\u00e0 \u0111\u1ed9 ho\u00e0n thi\u1ec7n cao. Nh\u1edd v\u1eady, s\u1ea3n ph\u1ea9m kh\u00f4ng ch\u1ec9 \u0111\u00e1p \u1ee9ng nhu c\u1ea7u s\u1eed d\u1ee5ng th\u1ef1c t\u1ebf m\u00e0 c\u00f2n mang l\u1ea1i s\u1ef1 h\u00e0i l\u00f2ng tuy\u1ec7t \u0111\u1ed1i cho nh\u1eefng kh\u00e1ch h\u00e0ng kh\u00f3 t\u00ednh nh\u1ea5t.<\/p>\n<p data-start=\"3417\" data-end=\"3758\">Kh\u00f4ng gian l\u00e0m vi\u1ec7c c\u1ee7a gi\u00e1m \u0111\u1ed1c lu\u00f4n c\u1ea7n to\u00e1t l\u00ean s\u1ef1 sang tr\u1ecdng, hi\u1ec7n \u0111\u1ea1i v\u00e0 kh\u00e1c bi\u1ec7t. V\u1edbi <strong data-start=\"3510\" data-end=\"3522\">DT1890H5<\/strong>, ng\u01b0\u1eddi l\u00e3nh \u0111\u1ea1o s\u1ebd c\u00f3 m\u1ed9t chi\u1ebfc b\u00e0n v\u1eeba \u0111\u1eb9p, v\u1eeba b\u1ec1n, v\u1eeba kh\u1eb3ng \u0111\u1ecbnh \u0111\u01b0\u1ee3c v\u1ecb th\u1ebf v\u00e0 phong c\u00e1ch qu\u1ea3n l\u00fd c\u1ee7a m\u00ecnh. \u0110\u00e2y kh\u00f4ng ch\u1ec9 l\u00e0 m\u1ed9t s\u1ea3n ph\u1ea9m n\u1ed9i th\u1ea5t \u0111\u01a1n thu\u1ea7n, m\u00e0 c\u00f2n l\u00e0 m\u1ed9t ph\u1ea7n quan tr\u1ecdng g\u00f3p ph\u1ea7n n\u00e2ng t\u1ea7m h\u00ecnh \u1ea3nh doanh nghi\u1ec7p.<\/p>\n<p data-start=\"3760\" data-end=\"4088\">N\u1ebfu b\u1ea1n \u0111ang t\u00ecm ki\u1ebfm m\u1ed9t m\u1eabu b\u00e0n gi\u00e1m \u0111\u1ed1c th\u1ec3 hi\u1ec7n tr\u1ecdn v\u1eb9n s\u1ef1 uy nghi\u00eam, chuy\u00ean nghi\u1ec7p v\u00e0 tinh t\u1ebf, th\u00ec <strong data-start=\"3865\" data-end=\"3890\">B\u00e0n Gi\u00e1m \u0110\u1ed1c DT1890H5<\/strong> ch\u1eafc ch\u1eafn l\u00e0 l\u1ef1a ch\u1ecdn ho\u00e0n h\u1ea3o. S\u1edf h\u1eefu chi\u1ebfc b\u00e0n n\u00e0y, b\u1ea1n kh\u00f4ng ch\u1ec9 c\u00f3 m\u1ed9t n\u01a1i l\u00e0m vi\u1ec7c ti\u1ec7n nghi, m\u00e0 c\u00f2n t\u1ea1o d\u1ef1ng \u0111\u01b0\u1ee3c kh\u00f4ng gian l\u00e0m vi\u1ec7c \u0111\u1eb3ng c\u1ea5p, truy\u1ec1n c\u1ea3m h\u1ee9ng v\u00e0 kh\u1eb3ng \u0111\u1ecbnh d\u1ea5u \u1ea5n c\u00e1 nh\u00e2n.<\/p>\n","protected":false},"excerpt":{"rendered":"<p data-start=\"210\" data-end=\"324\"><strong data-start=\"210\" data-end=\"322\">B\u00e0n Gi\u00e1m \u0110\u1ed1c DT1890H5 \u2013 B\u00e0n l\u00e3nh \u0111\u1ea1o s\u01a1n PU cao c\u1ea5p m\u1eb7t l\u01b0\u1ee3n cong, c\u00f3 t\u1ea5m PVC trang tr\u00ed, y\u1ebfm b\u00e0n gh\u00e9p \u1ed1p n\u1ed5i<\/strong><\/p>\n<ul data-start=\"326\" data-end=\"571\">\n<li data-start=\"326\" data-end=\"370\">\n<p data-start=\"328\" data-end=\"370\"><strong data-start=\"328\" data-end=\"343\">K\u00edch th\u01b0\u1edbc:<\/strong> W1800 x D900 x H760 (mm)<\/p>\n<\/li>\n<li data-start=\"409\" data-end=\"520\">\n<p data-start=\"411\" data-end=\"520\"><strong data-start=\"411\" data-end=\"423\">Xu\u1ea5t x\u1ee9:<\/strong> S\u1ea3n ph\u1ea9m c\u1ee7a c\u00f4ng ty <strong data-start=\"445\" data-end=\"465\">N\u1ed8I TH\u1ea4T THE ONE<\/strong> \u2013 Ph\u00e2n ph\u1ed1i b\u1edfi <strong data-start=\"482\" data-end=\"518\">C\u00d4NG TY TNHH SXTM TTNT H\u1eeeU TH\u1ecaNH<\/strong><\/p>\n<\/li>\n<li data-start=\"521\" data-end=\"571\">\n<p data-start=\"523\" data-end=\"571\"><strong data-start=\"523\" data-end=\"536\">B\u1ea3o h\u00e0nh:<\/strong> 12 th\u00e1ng theo ti\u00eau chu\u1ea9n nh\u00e0 m\u00e1y<\/p>\n<\/li>\n<\/ul>\n<p data-start=\"573\" data-end=\"727\"><span style=\"color: #ed1c24;\"><em data-start=\"573\" data-end=\"725\">L\u01b0u \u00fd: Gi\u00e1 tr\u00ean ch\u01b0a bao g\u1ed3m VAT v\u00e0 ph\u00ed v\u1eadn chuy\u1ec3n. Gi\u00e1 s\u1ea3n ph\u1ea9m c\u00f3 th\u1ec3 thay \u0111\u1ed5i theo t\u1eebng th\u1eddi \u0111i\u1ec3m, vui l\u00f2ng li\u00ean h\u1ec7 \u0111\u1ec3 nh\u1eadn t\u01b0 v\u1ea5n \u01b0u \u0111\u00e3i t\u1ed1t nh\u1ea5t.<\/em><\/span><\/p>\n","protected":false},"featured_media":3426,"comment_status":"closed","ping_status":"closed","template":"","meta":[],"product_brand":[],"product_cat":[17,756],"product_tag":[],"class_list":{"0":"post-1066","1":"product","2":"type-product","3":"status-publish","4":"has-post-thumbnail","6":"product_cat-noi-that-van-phong","7":"product_cat-ban-giam-doc","9":"first","10":"instock","11":"taxable","12":"shipping-taxable","13":"purchasable","14":"product-type-simple"},"_links":{"self":[{"href":"https:\/\/noithathuuthinh.vn\/zh-hans\/wp-json\/wp\/v2\/product\/1066","targetHints":{"allow":["GET"]}}],"collection":[{"href":"https:\/\/noithathuuthinh.vn\/zh-hans\/wp-json\/wp\/v2\/product"}],"about":[{"href":"https:\/\/noithathuuthinh.vn\/zh-hans\/wp-json\/wp\/v2\/types\/product"}],"replies":[{"embeddable":true,"href":"https:\/\/noithathuuthinh.vn\/zh-hans\/wp-json\/wp\/v2\/comments?post=1066"}],"wp:featuredmedia":[{"embeddable":true,"href":"https:\/\/noithathuuthinh.vn\/zh-hans\/wp-json\/wp\/v2\/media\/3426"}],"wp:attachment":[{"href":"https:\/\/noithathuuthinh.vn\/zh-hans\/wp-json\/wp\/v2\/media?parent=1066"}],"wp:term":[{"taxonomy":"product_brand","embeddable":true,"href":"https:\/\/noithathuuthinh.vn\/zh-hans\/wp-json\/wp\/v2\/product_brand?post=1066"},{"taxonomy":"product_cat","embeddable":true,"href":"https:\/\/noithathuuthinh.vn\/zh-hans\/wp-json\/wp\/v2\/product_cat?post=1066"},{"taxonomy":"product_tag","embeddable":true,"href":"https:\/\/noithathuuthinh.vn\/zh-hans\/wp-json\/wp\/v2\/product_tag?post=1066"}],"curies":[{"name":"wp","href":"https:\/\/api.w.org\/{rel}","templated":true}]}}