{"id":1154,"date":"2025-05-23T15:58:50","date_gmt":"2025-05-23T08:58:50","guid":{"rendered":"https:\/\/noithathuuthinh.vn\/san-pham\/ban-giam-doc-the-one-dt1890h12\/"},"modified":"2025-09-27T09:47:06","modified_gmt":"2025-09-27T02:47:06","slug":"ban-giam-doc-dt1890h12","status":"publish","type":"product","link":"https:\/\/noithathuuthinh.vn\/zh-hans\/san-pham\/ban-giam-doc-dt1890h12\/","title":{"rendered":"B\u00e0n Gi\u00e1m \u0110\u1ed1c DT1890H12"},"content":{"rendered":"<p data-start=\"512\" data-end=\"578\"><strong data-start=\"512\" data-end=\"576\">B\u00e0n Gi\u00e1m \u0111\u1ed1c DT1890H12 \u2013 V\u1ebb \u0111\u1eb9p sang tr\u1ecdng t\u1eeb s\u01a1n PU cao c\u1ea5p<\/strong><\/p>\n<p data-start=\"580\" data-end=\"902\">Trong kh\u00f4ng gian l\u00e0m vi\u1ec7c c\u1ee7a ng\u01b0\u1eddi l\u00e3nh \u0111\u1ea1o, b\u00e0n gi\u00e1m \u0111\u1ed1c lu\u00f4n l\u00e0 trung t\u00e2m, n\u01a1i th\u1ec3 hi\u1ec7n s\u1ef1 uy nghi, quy\u1ec1n l\u1ef1c c\u0169ng nh\u01b0 gu th\u1ea9m m\u1ef9 tinh t\u1ebf. Hi\u1ec3u \u0111\u01b0\u1ee3c \u0111i\u1ec1u \u0111\u00f3, <strong data-start=\"741\" data-end=\"761\">N\u1ed8I TH\u1ea4T THE ONE<\/strong> \u0111\u00e3 cho ra \u0111\u1eddi m\u1eabu <strong data-start=\"780\" data-end=\"806\">B\u00e0n Gi\u00e1m \u0111\u1ed1c DT1890H12<\/strong>, m\u1ed9t s\u1ea3n ph\u1ea9m k\u1ebft h\u1ee3p ho\u00e0n h\u1ea3o gi\u1eefa ch\u1ea5t li\u1ec7u cao c\u1ea5p, thi\u1ebft k\u1ebf hi\u1ec7n \u0111\u1ea1i v\u00e0 c\u00f4ng n\u0103ng t\u1ed1i \u01b0u.<\/p>\n<h4 data-start=\"904\" data-end=\"938\">Thi\u1ebft k\u1ebf sang tr\u1ecdng, b\u1ec1 th\u1ebf<\/h4>\n<p data-start=\"939\" data-end=\"1227\">B\u00e0n DT1890H12 \u0111\u01b0\u1ee3c thi\u1ebft k\u1ebf theo d\u00e1ng ch\u1eef nh\u1eadt truy\u1ec1n th\u1ed1ng, mang \u0111\u1ebfn s\u1ef1 c\u00e2n \u0111\u1ed1i v\u00e0 ch\u1eafc ch\u1eafn cho kh\u00f4ng gian v\u0103n ph\u00f2ng. V\u1edbi k\u00edch th\u01b0\u1edbc ti\u00eau chu\u1ea9n <strong data-start=\"1085\" data-end=\"1112\">W2000 x D1000 x H760 mm<\/strong>, s\u1ea3n ph\u1ea9m \u0111\u1ee7 r\u1ed9ng \u0111\u1ec3 t\u1ea1o s\u1ef1 tho\u1ea3i m\u00e1i t\u1ed1i \u0111a khi l\u00e0m vi\u1ec7c, \u0111\u1ed3ng th\u1eddi ph\u00f9 h\u1ee3p v\u1edbi nhi\u1ec1u di\u1ec7n t\u00edch ph\u00f2ng l\u00e3nh \u0111\u1ea1o.<\/p>\n<p data-start=\"1229\" data-end=\"1508\">\u0110i\u1ec3m nh\u1ea5n \u0111\u1eb7c bi\u1ec7t trong thi\u1ebft k\u1ebf c\u1ee7a b\u00e0n ch\u00ednh l\u00e0 <strong data-start=\"1280\" data-end=\"1301\">t\u1ea5m PVC trang tr\u00ed<\/strong> \u1edf ph\u1ea7n y\u1ebfm, v\u1eeba t\u1ea1o s\u1ef1 kh\u00e1c bi\u1ec7t v\u1eeba t\u00f4n l\u00ean n\u00e9t hi\u1ec7n \u0111\u1ea1i. Chi ti\u1ebft n\u00e0y gi\u00fap b\u00e0n kh\u00f4ng \u0111\u01a1n \u0111i\u1ec7u, m\u00e0 tr\u1edf th\u00e0nh \u0111i\u1ec3m nh\u1ea5n tinh t\u1ebf, g\u00f3p ph\u1ea7n l\u00e0m cho kh\u00f4ng gian l\u00e0m vi\u1ec7c th\u00eam ph\u1ea7n sang tr\u1ecdng v\u00e0 chuy\u00ean nghi\u1ec7p.<\/p>\n<h4 data-start=\"1510\" data-end=\"1562\">S\u01a1n PU cao c\u1ea5p \u2013 V\u1ebb \u0111\u1eb9p b\u1ec1n l\u00e2u v\u1edbi th\u1eddi gian<\/h4>\n<p data-start=\"1563\" data-end=\"1882\">DT1890H12 s\u1eed d\u1ee5ng <strong data-start=\"1581\" data-end=\"1609\">c\u00f4ng ngh\u1ec7 s\u01a1n PU cao c\u1ea5p<\/strong>, n\u1ed5i b\u1eadt v\u1edbi kh\u1ea3 n\u0103ng t\u1ea1o m\u00e0u s\u1eafc b\u00f3ng \u0111\u1eb9p, sang tr\u1ecdng, \u0111\u1ed3ng th\u1eddi gi\u00fap b\u1ec1 m\u1eb7t b\u00e0n ch\u1ed1ng tr\u1ea7y x\u01b0\u1edbc v\u00e0 d\u1ec5 d\u00e0ng v\u1ec7 sinh. L\u1edbp s\u01a1n PU c\u00f2n c\u00f3 t\u00e1c d\u1ee5ng b\u1ea3o v\u1ec7 g\u1ed7 b\u00ean trong, h\u1ea1n ch\u1ebf t\u00e1c \u0111\u1ed9ng t\u1eeb m\u00f4i tr\u01b0\u1eddng nh\u01b0 \u1ea9m m\u1ed1c, m\u1ed1i m\u1ecdt, gi\u00fap s\u1ea3n ph\u1ea9m gi\u1eef \u0111\u01b0\u1ee3c v\u1ebb \u0111\u1eb9p b\u1ec1n b\u1ec9 theo th\u1eddi gian.<\/p>\n<p data-start=\"1884\" data-end=\"2028\">\u0110\u00e2y l\u00e0 \u0111i\u1ec3m c\u1ed9ng l\u1edbn cho nh\u1eefng ai t\u00ecm ki\u1ebfm m\u1ed9t chi\u1ebfc b\u00e0n v\u1eeba \u0111\u1eb9p m\u1eaft v\u1eeba c\u00f3 \u0111\u1ed9 b\u1ec1n cao, x\u1ee9ng \u0111\u00e1ng l\u00e0 s\u1ef1 \u0111\u1ea7u t\u01b0 l\u00e2u d\u00e0i cho v\u0103n ph\u00f2ng l\u00e3nh \u0111\u1ea1o.<\/p>\n<h4 data-start=\"2030\" data-end=\"2080\">C\u00f4ng n\u0103ng ti\u1ec7n \u00edch, h\u1ed7 tr\u1ee3 t\u1ed1i \u0111a c\u00f4ng vi\u1ec7c<\/h4>\n<p data-start=\"2081\" data-end=\"2426\">Ngo\u00e0i v\u1ebb \u0111\u1eb9p th\u1ea9m m\u1ef9, b\u00e0n DT1890H12 c\u00f2n \u0111\u01b0\u1ee3c ch\u00fa tr\u1ecdng \u0111\u1ebfn c\u00f4ng n\u0103ng s\u1eed d\u1ee5ng. M\u1eb7t b\u00e0n r\u1ed9ng r\u00e3i cho ph\u00e9p b\u1ed1 tr\u00ed linh ho\u1ea1t m\u00e1y t\u00ednh, \u0111i\u1ec7n tho\u1ea1i, h\u1ed3 s\u01a1, s\u1ed5 s\u00e1ch v\u00e0 c\u1ea3 nh\u1eefng v\u1eadt ph\u1ea9m trang tr\u00ed mang \u00fd ngh\u0129a phong th\u1ee7y. \u0110\u1ed9 cao ti\u00eau chu\u1ea9n <strong data-start=\"2313\" data-end=\"2324\">H760 mm<\/strong> ph\u00f9 h\u1ee3p v\u1edbi v\u00f3c d\u00e1ng ng\u01b0\u1eddi Vi\u1ec7t, mang \u0111\u1ebfn c\u1ea3m gi\u00e1c tho\u1ea3i m\u00e1i khi ng\u1ed3i l\u00e0m vi\u1ec7c trong th\u1eddi gian d\u00e0i.<\/p>\n<p data-start=\"2428\" data-end=\"2620\">Dung sai k\u00edch th\u01b0\u1edbc ch\u1ec9 \u00b15 mm \u0111\u1ea3m b\u1ea3o s\u1ef1 ch\u00ednh x\u00e1c trong s\u1ea3n xu\u1ea5t, gi\u00fap b\u00e0n c\u00f3 \u0111\u1ed9 ho\u00e0n thi\u1ec7n cao, c\u00e1c chi ti\u1ebft l\u1eafp gh\u00e9p \u0103n kh\u1edbp ch\u1eafc ch\u1eafn, t\u1eeb \u0111\u00f3 n\u00e2ng cao tu\u1ed5i th\u1ecd v\u00e0 s\u1ef1 \u1ed5n \u0111\u1ecbnh c\u1ee7a s\u1ea3n ph\u1ea9m.<\/p>\n<h4 data-start=\"2622\" data-end=\"2659\">Kh\u1eb3ng \u0111\u1ecbnh phong th\u00e1i l\u00e3nh \u0111\u1ea1o<\/h4>\n<p data-start=\"2660\" data-end=\"3028\">M\u1ed9t chi\u1ebfc b\u00e0n gi\u00e1m \u0111\u1ed1c kh\u00f4ng ch\u1ec9 ph\u1ee5c v\u1ee5 c\u00f4ng vi\u1ec7c h\u1eb1ng ng\u00e0y m\u00e0 c\u00f2n ph\u1ea3n \u00e1nh phong th\u00e1i v\u00e0 uy t\u00edn c\u1ee7a ng\u01b0\u1eddi l\u00e3nh \u0111\u1ea1o. V\u1edbi thi\u1ebft k\u1ebf trang nh\u00e3, sang tr\u1ecdng, c\u00f9ng l\u1edbp s\u01a1n PU b\u00f3ng \u0111\u1eb9p, <strong data-start=\"2840\" data-end=\"2853\">DT1890H12<\/strong> ch\u00ednh l\u00e0 bi\u1ec3u t\u01b0\u1ee3ng c\u1ee7a s\u1ef1 chuy\u00ean nghi\u1ec7p v\u00e0 \u0111\u1eb3ng c\u1ea5p. \u0110\u00e2y s\u1ebd l\u00e0 l\u1ef1a ch\u1ecdn ho\u00e0n h\u1ea3o \u0111\u1ec3 n\u00e2ng t\u1ea7m kh\u00f4ng gian v\u0103n ph\u00f2ng, \u0111\u1ed3ng th\u1eddi t\u1ea1o \u1ea5n t\u01b0\u1ee3ng m\u1ea1nh m\u1ebd v\u1edbi \u0111\u1ed1i t\u00e1c v\u00e0 nh\u00e2n vi\u00ean.<\/p>\n<h4 data-start=\"3030\" data-end=\"3045\">K\u1ebft lu\u1eadn<\/h4>\n<p data-start=\"3046\" data-end=\"3304\"><strong data-start=\"3046\" data-end=\"3072\">B\u00e0n Gi\u00e1m \u0111\u1ed1c DT1890H12<\/strong> h\u1ed9i t\u1ee5 \u0111\u1ea7y \u0111\u1ee7 c\u00e1c y\u1ebfu t\u1ed1: thi\u1ebft k\u1ebf sang tr\u1ecdng, ch\u1ea5t li\u1ec7u cao c\u1ea5p v\u00e0 c\u00f4ng n\u0103ng t\u1ed1i \u01b0u. \u0110\u00e2y l\u00e0 s\u1ea3n ph\u1ea9m kh\u00f4ng ch\u1ec9 mang \u0111\u1ebfn s\u1ef1 ti\u1ec7n nghi trong c\u00f4ng vi\u1ec7c m\u00e0 c\u00f2n g\u00f3p ph\u1ea7n kh\u1eb3ng \u0111\u1ecbnh phong c\u00e1ch l\u00e3nh \u0111\u1ea1o, n\u00e2ng t\u1ea7m h\u00ecnh \u1ea3nh doanh nghi\u1ec7p.<\/p>\n<p data-start=\"3306\" data-end=\"3498\"><em data-start=\"3306\" data-end=\"3496\">L\u01b0u \u00fd: M\u00e0u s\u1eafc hi\u1ec3n th\u1ecb tr\u00ean website c\u00f3 th\u1ec3 kh\u00e1c so v\u1edbi th\u1ef1c t\u1ebf do \u00e1nh s\u00e1ng ch\u1ee5p \u1ea3nh ho\u1eb7c h\u00ecnh \u1ea3nh 3D m\u00f4 ph\u1ecfng. Qu\u00fd kh\u00e1ch vui l\u00f2ng ki\u1ec3m tra tr\u1ef1c ti\u1ebfp \u0111\u1ec3 \u0111\u1ea3m b\u1ea3o s\u1ef1 l\u1ef1a ch\u1ecdn ch\u00ednh x\u00e1c nh\u1ea5t.<\/em><\/p>\n","protected":false},"excerpt":{"rendered":"<p data-start=\"31\" data-end=\"124\"><strong data-start=\"31\" data-end=\"122\">B\u00e0n Gi\u00e1m \u0111\u1ed1c DT1890H12 \u2013 B\u00e0n l\u00e3nh \u0111\u1ea1o cao c\u1ea5p s\u01a1n PU m\u1eb7t ch\u1eef nh\u1eadt, c\u00f3 t\u1ea5m PVC trang tr\u00ed<\/strong><\/p>\n<p data-start=\"126\" data-end=\"463\"><strong>K\u00edch th\u01b0\u1edbc :<\/strong><br \/>\nW1800 x D900 x H760 (mm)\u00a0 \u00a0&#8211; <strong><span style=\"color: #ed1c24; font-size: 120%;\">4.091.000 \u0111<\/span><\/strong><br \/>\nW2000 x D1000 x H760 (mm) &#8211; <span style=\"color: #ed1c24; font-size: 120%;\"><strong>4.546.000 \u0111<\/strong><\/span><br data-start=\"163\" data-end=\"166\" \/>Xu\u1ea5t x\u1ee9: S\u1ea3n ph\u1ea9m c\u1ee7a c\u00f4ng ty N\u1ed8I TH\u1ea4T THE ONE \u2013 Ph\u00e2n ph\u1ed1i b\u1edfi C\u00d4NG TY TNHH SXTM TTNT H\u1eeeU TH\u1ecaNH<br data-start=\"261\" data-end=\"264\" \/>B\u1ea3o h\u00e0nh: 12 th\u00e1ng theo ti\u00eau chu\u1ea9n nh\u00e0 m\u00e1y<br data-start=\"306\" data-end=\"309\" \/><span style=\"color: #ed1c24;\"><em data-start=\"309\" data-end=\"461\">L\u01b0u \u00fd: Gi\u00e1 tr\u00ean ch\u01b0a bao g\u1ed3m VAT v\u00e0 ph\u00ed v\u1eadn chuy\u1ec3n. Gi\u00e1 s\u1ea3n ph\u1ea9m c\u00f3 th\u1ec3 thay \u0111\u1ed5i theo t\u1eebng th\u1eddi \u0111i\u1ec3m, vui l\u00f2ng li\u00ean h\u1ec7 \u0111\u1ec3 nh\u1eadn t\u01b0 v\u1ea5n \u01b0u \u0111\u00e3i t\u1ed1t nh\u1ea5t.<\/em><\/span><\/p>\n","protected":false},"featured_media":3360,"comment_status":"closed","ping_status":"closed","template":"","meta":[],"product_brand":[],"product_cat":[17,756],"product_tag":[],"class_list":{"0":"post-1154","1":"product","2":"type-product","3":"status-publish","4":"has-post-thumbnail","6":"product_cat-noi-that-van-phong","7":"product_cat-ban-giam-doc","9":"first","10":"instock","11":"shipping-taxable","12":"purchasable","13":"product-type-simple"},"_links":{"self":[{"href":"https:\/\/noithathuuthinh.vn\/zh-hans\/wp-json\/wp\/v2\/product\/1154","targetHints":{"allow":["GET"]}}],"collection":[{"href":"https:\/\/noithathuuthinh.vn\/zh-hans\/wp-json\/wp\/v2\/product"}],"about":[{"href":"https:\/\/noithathuuthinh.vn\/zh-hans\/wp-json\/wp\/v2\/types\/product"}],"replies":[{"embeddable":true,"href":"https:\/\/noithathuuthinh.vn\/zh-hans\/wp-json\/wp\/v2\/comments?post=1154"}],"wp:featuredmedia":[{"embeddable":true,"href":"https:\/\/noithathuuthinh.vn\/zh-hans\/wp-json\/wp\/v2\/media\/3360"}],"wp:attachment":[{"href":"https:\/\/noithathuuthinh.vn\/zh-hans\/wp-json\/wp\/v2\/media?parent=1154"}],"wp:term":[{"taxonomy":"product_brand","embeddable":true,"href":"https:\/\/noithathuuthinh.vn\/zh-hans\/wp-json\/wp\/v2\/product_brand?post=1154"},{"taxonomy":"product_cat","embeddable":true,"href":"https:\/\/noithathuuthinh.vn\/zh-hans\/wp-json\/wp\/v2\/product_cat?post=1154"},{"taxonomy":"product_tag","embeddable":true,"href":"https:\/\/noithathuuthinh.vn\/zh-hans\/wp-json\/wp\/v2\/product_tag?post=1154"}],"curies":[{"name":"wp","href":"https:\/\/api.w.org\/{rel}","templated":true}]}}