{"id":1158,"date":"2025-05-23T15:58:56","date_gmt":"2025-05-23T08:58:56","guid":{"rendered":"https:\/\/noithathuuthinh.vn\/san-pham\/ban-giam-doc-the-one-dt1890h15\/"},"modified":"2025-09-20T15:50:58","modified_gmt":"2025-09-20T08:50:58","slug":"ban-giam-doc-dt1890h15","status":"publish","type":"product","link":"https:\/\/noithathuuthinh.vn\/zh-hans\/san-pham\/ban-giam-doc-dt1890h15\/","title":{"rendered":"B\u00e0n Gi\u00e1m \u0110\u1ed1c DT1890H15"},"content":{"rendered":"<div class=\"col-top-content des-content\">\n<p data-start=\"520\" data-end=\"603\"><strong data-start=\"520\" data-end=\"601\">B\u00e0n Gi\u00e1m \u0111\u1ed1c DT1890H15 \u2013 L\u1ef1a ch\u1ecdn sang tr\u1ecdng cho kh\u00f4ng gian l\u00e0m vi\u1ec7c l\u00e3nh \u0111\u1ea1o<\/strong><\/p>\n<p data-start=\"605\" data-end=\"990\">Trong v\u0103n ph\u00f2ng c\u1ee7a l\u00e3nh \u0111\u1ea1o, chi\u1ebfc b\u00e0n gi\u00e1m \u0111\u1ed1c lu\u00f4n l\u00e0 t\u00e2m \u0111i\u1ec3m quan tr\u1ecdng, v\u1eeba ph\u1ee5c v\u1ee5 nhu c\u1ea7u l\u00e0m vi\u1ec7c h\u1eb1ng ng\u00e0y, v\u1eeba kh\u1eb3ng \u0111\u1ecbnh phong th\u00e1i v\u00e0 v\u1ecb th\u1ebf c\u1ee7a ng\u01b0\u1eddi \u0111\u1ee9ng \u0111\u1ea7u. Gi\u1eefa nhi\u1ec1u s\u1ef1 l\u1ef1a ch\u1ecdn tr\u00ean th\u1ecb tr\u01b0\u1eddng, <strong data-start=\"819\" data-end=\"845\">B\u00e0n Gi\u00e1m \u0111\u1ed1c DT1890H15<\/strong> n\u1ed5i b\u1eadt v\u1edbi thi\u1ebft k\u1ebf tinh t\u1ebf, ch\u1ea5t li\u1ec7u cao c\u1ea5p v\u00e0 nh\u1eefng \u0111\u01b0\u1eddng n\u00e9t trang tr\u00ed \u0111\u1eb7c tr\u01b0ng, h\u1ee9a h\u1eb9n mang \u0111\u1ebfn s\u1ef1 kh\u00e1c bi\u1ec7t cho kh\u00f4ng gian l\u00e0m vi\u1ec7c.<\/p>\n<h4 data-start=\"992\" data-end=\"1029\">Thi\u1ebft k\u1ebf chu\u1ea9n m\u1ef1c, sang tr\u1ecdng<\/h4>\n<p data-start=\"1030\" data-end=\"1392\">B\u00e0n DT1890H15 \u0111\u01b0\u1ee3c thi\u1ebft k\u1ebf theo d\u00e1ng <strong data-start=\"1068\" data-end=\"1097\">m\u1eb7t ch\u1eef nh\u1eadt truy\u1ec1n th\u1ed1ng<\/strong>, m\u1ed9t ki\u1ec3u d\u00e1ng ph\u1ed5 bi\u1ebfn nh\u01b0ng lu\u00f4n \u0111\u01b0\u1ee3c \u01b0a chu\u1ed9ng b\u1edfi t\u00ednh ti\u1ec7n d\u1ee5ng v\u00e0 kh\u1ea3 n\u0103ng h\u00e0i h\u00f2a v\u1edbi nhi\u1ec1u phong c\u00e1ch n\u1ed9i th\u1ea5t kh\u00e1c nhau. V\u1edbi k\u00edch th\u01b0\u1edbc <strong data-start=\"1243\" data-end=\"1269\">W1800 x D900 x H760 mm<\/strong>, s\u1ea3n ph\u1ea9m c\u00f3 di\u1ec7n t\u00edch m\u1eb7t b\u00e0n \u0111\u1ee7 r\u1ed9ng \u0111\u1ec3 s\u1eafp x\u1ebfp m\u00e1y t\u00ednh, t\u00e0i li\u1ec7u, v\u1eadt d\u1ee5ng c\u00e1 nh\u00e2n v\u00e0 c\u00e1c thi\u1ebft b\u1ecb h\u1ed7 tr\u1ee3 c\u00f4ng vi\u1ec7c.<\/p>\n<p data-start=\"1394\" data-end=\"1641\">\u0110i\u1ec3m nh\u1ea5n t\u1ea1o n\u00ean s\u1ef1 kh\u00e1c bi\u1ec7t ch\u00ednh l\u00e0 <strong data-start=\"1434\" data-end=\"1464\">c\u00e1c t\u1ea5m PVC caro trang tr\u00ed<\/strong>. Nh\u1eefng chi ti\u1ebft n\u00e0y \u0111\u01b0\u1ee3c x\u1eed l\u00fd tinh x\u1ea3o, kh\u00f4ng ch\u1ec9 t\u0103ng th\u00eam t\u00ednh th\u1ea9m m\u1ef9 m\u00e0 c\u00f2n mang \u0111\u1ebfn c\u1ea3m gi\u00e1c hi\u1ec7n \u0111\u1ea1i, m\u1ea1nh m\u1ebd, ph\u00f9 h\u1ee3p v\u1edbi s\u1ef1 nghi\u00eam t\u00fac v\u00e0 uy t\u00edn c\u1ee7a v\u1ecb tr\u00ed l\u00e3nh \u0111\u1ea1o.<\/p>\n<h4 data-start=\"1643\" data-end=\"1690\">Ch\u1ea5t li\u1ec7u cao c\u1ea5p, b\u1ec1n b\u1ec9 theo th\u1eddi gian<\/h4>\n<p data-start=\"1691\" data-end=\"2001\">To\u00e0n b\u1ed9 s\u1ea3n ph\u1ea9m \u0111\u01b0\u1ee3c ph\u1ee7 <strong data-start=\"1717\" data-end=\"1735\">s\u01a1n PU cao c\u1ea5p<\/strong>, mang l\u1ea1i \u0111\u1ed9 b\u00f3ng m\u1ecbn t\u1ef1 nhi\u00ean, \u0111\u1ed3ng th\u1eddi gi\u00fap b\u1ea3o v\u1ec7 b\u1ec1 m\u1eb7t g\u1ed7 kh\u1ecfi c\u00e1c t\u00e1c nh\u00e2n b\u00ean ngo\u00e0i nh\u01b0 \u1ea9m m\u1ed1c, b\u1ee5i b\u1ea9n hay tr\u1ea7y x\u01b0\u1edbc trong qu\u00e1 tr\u00ecnh s\u1eed d\u1ee5ng. L\u1edbp s\u01a1n PU c\u00f2n gi\u00fap gi\u1eef m\u00e0u l\u00e2u d\u00e0i, tr\u00e1nh t\u00ecnh tr\u1ea1ng phai m\u00e0u ho\u1eb7c bong tr\u00f3c, \u0111\u1ea3m b\u1ea3o b\u00e0n lu\u00f4n b\u1ec1n \u0111\u1eb9p nh\u01b0 m\u1edbi.<\/p>\n<p data-start=\"2003\" data-end=\"2160\">K\u1ebft h\u1ee3p v\u1edbi t\u1ea5m PVC trang tr\u00ed, b\u00e0n kh\u00f4ng ch\u1ec9 b\u1ec1n ch\u1eafc m\u00e0 c\u00f2n to\u00e1t l\u00ean s\u1ef1 tinh t\u1ebf, sang tr\u1ecdng, x\u1ee9ng \u0111\u00e1ng l\u00e0 m\u1ed9t \u0111i\u1ec3m nh\u1ea5n n\u1ed9i th\u1ea5t trong v\u0103n ph\u00f2ng gi\u00e1m \u0111\u1ed1c.<\/p>\n<h4 data-start=\"2162\" data-end=\"2206\">C\u00f4ng n\u0103ng v\u01b0\u1ee3t tr\u1ed9i, h\u1ed7 tr\u1ee3 c\u00f4ng vi\u1ec7c<\/h4>\n<p data-start=\"2207\" data-end=\"2487\">V\u1edbi thi\u1ebft k\u1ebf r\u1ed9ng r\u00e3i v\u00e0 chi\u1ec1u cao chu\u1ea9n <strong data-start=\"2248\" data-end=\"2258\">760 mm<\/strong>, b\u00e0n DT1890H15 mang l\u1ea1i s\u1ef1 tho\u1ea3i m\u00e1i t\u1ed1i \u0111a cho ng\u01b0\u1eddi s\u1eed d\u1ee5ng trong su\u1ed1t th\u1eddi gian l\u00e0m vi\u1ec7c d\u00e0i. M\u1eb7t b\u00e0n l\u1edbn gi\u00fap s\u1eafp x\u1ebfp kh\u00f4ng gian khoa h\u1ecdc, h\u1ed7 tr\u1ee3 t\u1ed1t cho vi\u1ec7c qu\u1ea3n l\u00fd h\u1ed3 s\u01a1, t\u00e0i li\u1ec7u hay \u0111\u1eb7t c\u00e1c thi\u1ebft b\u1ecb \u0111i\u1ec7n t\u1eed c\u1ea7n thi\u1ebft.<\/p>\n<p data-start=\"2489\" data-end=\"2687\">Ngo\u00e0i ra, thi\u1ebft k\u1ebf \u0111\u01a1n gi\u1ea3n nh\u01b0ng hi\u1ec7n \u0111\u1ea1i c\u1ee7a s\u1ea3n ph\u1ea9m c\u0169ng d\u1ec5 d\u00e0ng k\u1ebft h\u1ee3p v\u1edbi c\u00e1c ph\u1ee5 ki\u1ec7n v\u0103n ph\u00f2ng nh\u01b0 h\u1ed9c di \u0111\u1ed9ng, t\u1ee7 ph\u1ee5, gh\u1ebf gi\u00e1m \u0111\u1ed1c cao c\u1ea5p \u0111\u1ec3 t\u1ea1o n\u00ean m\u1ed9t b\u1ed9 n\u1ed9i th\u1ea5t \u0111\u1ed3ng b\u1ed9, ti\u1ec7n nghi.<\/p>\n<h4 data-start=\"2689\" data-end=\"2722\">Kh\u1eb3ng \u0111\u1ecbnh v\u1ecb th\u1ebf l\u00e3nh \u0111\u1ea1o<\/h4>\n<p data-start=\"2723\" data-end=\"3049\">B\u00e0n gi\u00e1m \u0111\u1ed1c kh\u00f4ng ch\u1ec9 mang t\u00ednh th\u1ef1c d\u1ee5ng m\u00e0 c\u00f2n \u0111\u00f3ng vai tr\u00f2 th\u1ec3 hi\u1ec7n h\u00ecnh \u1ea3nh c\u1ee7a ng\u01b0\u1eddi l\u00e3nh \u0111\u1ea1o trong m\u1eaft nh\u00e2n vi\u00ean v\u00e0 \u0111\u1ed1i t\u00e1c. V\u1edbi ki\u1ec3u d\u00e1ng sang tr\u1ecdng, chi ti\u1ebft PVC caro \u1ea5n t\u01b0\u1ee3ng c\u00f9ng l\u1edbp s\u01a1n PU b\u1ec1n \u0111\u1eb9p, <strong data-start=\"2933\" data-end=\"2946\">DT1890H15<\/strong> g\u00f3p ph\u1ea7n t\u1ea1o d\u1ef1ng kh\u00f4ng gian l\u00e0m vi\u1ec7c chuy\u00ean nghi\u1ec7p, hi\u1ec7n \u0111\u1ea1i, t\u1eeb \u0111\u00f3 n\u00e2ng cao h\u00ecnh \u1ea3nh doanh nghi\u1ec7p.<\/p>\n<h4 data-start=\"3051\" data-end=\"3066\">K\u1ebft lu\u1eadn<\/h4>\n<p data-start=\"3067\" data-end=\"3421\"><strong data-start=\"3067\" data-end=\"3093\">B\u00e0n Gi\u00e1m \u0111\u1ed1c DT1890H15<\/strong> l\u00e0 l\u1ef1a ch\u1ecdn l\u00fd t\u01b0\u1edfng cho nh\u1eefng nh\u00e0 l\u00e3nh \u0111\u1ea1o mong mu\u1ed1n m\u1ed9t s\u1ea3n ph\u1ea9m v\u1eeba \u0111\u1eb9p m\u1eaft, v\u1eeba b\u1ec1n b\u1ec9, l\u1ea1i \u0111\u00e1p \u1ee9ng t\u1ed1i \u01b0u nhu c\u1ea7u c\u00f4ng vi\u1ec7c. V\u1edbi s\u1ef1 k\u1ebft h\u1ee3p ho\u00e0n h\u1ea3o gi\u1eefa thi\u1ebft k\u1ebf chu\u1ea9n m\u1ef1c, chi ti\u1ebft trang tr\u00ed tinh t\u1ebf v\u00e0 ch\u1ea5t li\u1ec7u cao c\u1ea5p, s\u1ea3n ph\u1ea9m kh\u00f4ng ch\u1ec9 mang \u0111\u1ebfn s\u1ef1 ti\u1ec7n nghi m\u00e0 c\u00f2n kh\u1eb3ng \u0111\u1ecbnh phong th\u00e1i \u0111\u1eb3ng c\u1ea5p c\u1ee7a ng\u01b0\u1eddi s\u1eed d\u1ee5ng.<\/p>\n<p data-start=\"3423\" data-end=\"3592\"><em data-start=\"3423\" data-end=\"3590\">L\u01b0u \u00fd: M\u00e0u s\u1eafc s\u1ea3n ph\u1ea9m c\u00f3 th\u1ec3 kh\u00e1c bi\u1ec7t \u0111\u00f4i ch\u00fat so v\u1edbi th\u1ef1c t\u1ebf do \u00e1nh s\u00e1ng ch\u1ee5p \u1ea3nh ho\u1eb7c m\u00f4 ph\u1ecfng 3D. Qu\u00fd kh\u00e1ch n\u00ean ki\u1ec3m tra tr\u1ef1c ti\u1ebfp \u0111\u1ec3 c\u00f3 l\u1ef1a ch\u1ecdn ph\u00f9 h\u1ee3p nh\u1ea5t.<\/em><\/p>\n<\/div>\n","protected":false},"excerpt":{"rendered":"<p data-start=\"31\" data-end=\"133\"><strong data-start=\"31\" data-end=\"131\">B\u00e0n Gi\u00e1m \u0111\u1ed1c DT1890H15 \u2013 B\u00e0n l\u00e3nh \u0111\u1ea1o s\u01a1n PU cao c\u1ea5p m\u1eb7t ch\u1eef nh\u1eadt, c\u00f3 c\u00e1c t\u1ea5m PVC caro trang tr\u00ed<\/strong><\/p>\n<p data-start=\"135\" data-end=\"471\">K\u00edch th\u01b0\u1edbc: W1800 x D900 x H760 (mm)<br data-start=\"171\" data-end=\"174\" \/>Xu\u1ea5t x\u1ee9: S\u1ea3n ph\u1ea9m c\u1ee7a c\u00f4ng ty N\u1ed8I TH\u1ea4T THE ONE \u2013 Ph\u00e2n ph\u1ed1i b\u1edfi C\u00d4NG TY TNHH SXTM TTNT H\u1eeeU TH\u1ecaNH<br data-start=\"269\" data-end=\"272\" \/>B\u1ea3o h\u00e0nh: 12 th\u00e1ng theo ti\u00eau chu\u1ea9n nh\u00e0 m\u00e1y<br data-start=\"314\" data-end=\"317\" \/><span style=\"color: #ed1c24;\"><em data-start=\"317\" data-end=\"469\">L\u01b0u \u00fd: Gi\u00e1 tr\u00ean ch\u01b0a bao g\u1ed3m VAT v\u00e0 ph\u00ed v\u1eadn chuy\u1ec3n. Gi\u00e1 s\u1ea3n ph\u1ea9m c\u00f3 th\u1ec3 thay \u0111\u1ed5i theo t\u1eebng th\u1eddi \u0111i\u1ec3m, vui l\u00f2ng li\u00ean h\u1ec7 \u0111\u1ec3 nh\u1eadn t\u01b0 v\u1ea5n \u01b0u \u0111\u00e3i t\u1ed1t nh\u1ea5t.<\/em><\/span><\/p>\n","protected":false},"featured_media":3322,"comment_status":"closed","ping_status":"closed","template":"","meta":[],"product_brand":[],"product_cat":[17,756],"product_tag":[],"class_list":{"0":"post-1158","1":"product","2":"type-product","3":"status-publish","4":"has-post-thumbnail","6":"product_cat-noi-that-van-phong","7":"product_cat-ban-giam-doc","9":"first","10":"instock","11":"shipping-taxable","12":"purchasable","13":"product-type-simple"},"_links":{"self":[{"href":"https:\/\/noithathuuthinh.vn\/zh-hans\/wp-json\/wp\/v2\/product\/1158","targetHints":{"allow":["GET"]}}],"collection":[{"href":"https:\/\/noithathuuthinh.vn\/zh-hans\/wp-json\/wp\/v2\/product"}],"about":[{"href":"https:\/\/noithathuuthinh.vn\/zh-hans\/wp-json\/wp\/v2\/types\/product"}],"replies":[{"embeddable":true,"href":"https:\/\/noithathuuthinh.vn\/zh-hans\/wp-json\/wp\/v2\/comments?post=1158"}],"wp:featuredmedia":[{"embeddable":true,"href":"https:\/\/noithathuuthinh.vn\/zh-hans\/wp-json\/wp\/v2\/media\/3322"}],"wp:attachment":[{"href":"https:\/\/noithathuuthinh.vn\/zh-hans\/wp-json\/wp\/v2\/media?parent=1158"}],"wp:term":[{"taxonomy":"product_brand","embeddable":true,"href":"https:\/\/noithathuuthinh.vn\/zh-hans\/wp-json\/wp\/v2\/product_brand?post=1158"},{"taxonomy":"product_cat","embeddable":true,"href":"https:\/\/noithathuuthinh.vn\/zh-hans\/wp-json\/wp\/v2\/product_cat?post=1158"},{"taxonomy":"product_tag","embeddable":true,"href":"https:\/\/noithathuuthinh.vn\/zh-hans\/wp-json\/wp\/v2\/product_tag?post=1158"}],"curies":[{"name":"wp","href":"https:\/\/api.w.org\/{rel}","templated":true}]}}