{"id":1678,"date":"2025-07-13T23:25:52","date_gmt":"2025-07-13T16:25:52","guid":{"rendered":"https:\/\/noithathuuthinh.vn\/?post_type=product&#038;p=1678"},"modified":"2025-09-27T13:50:01","modified_gmt":"2025-09-27T06:50:01","slug":"ban-giam-doc-dt1890vm4","status":"publish","type":"product","link":"https:\/\/noithathuuthinh.vn\/zh-hans\/san-pham\/ban-giam-doc-dt1890vm4\/","title":{"rendered":"B\u00e0n Gi\u00e1m \u0111\u1ed1c DT1890VM4"},"content":{"rendered":"<h3 data-start=\"645\" data-end=\"729\">B\u00e0n Gi\u00e1m \u0111\u1ed1c DT1890VM4 \u2013 S\u1ef1 l\u1ef1a ch\u1ecdn ho\u00e0n h\u1ea3o cho kh\u00f4ng gian l\u00e3nh \u0111\u1ea1o hi\u1ec7n \u0111\u1ea1i<\/h3>\n<p data-start=\"731\" data-end=\"1069\">Trong kh\u00f4ng gian l\u00e0m vi\u1ec7c c\u1ee7a l\u00e3nh \u0111\u1ea1o, chi\u1ebfc b\u00e0n gi\u00e1m \u0111\u1ed1c kh\u00f4ng ch\u1ec9 \u0111\u01a1n thu\u1ea7n l\u00e0 n\u01a1i l\u00e0m vi\u1ec7c m\u00e0 c\u00f2n l\u00e0 bi\u1ec3u t\u01b0\u1ee3ng th\u1ec3 hi\u1ec7n v\u1ecb th\u1ebf, phong th\u00e1i v\u00e0 t\u1ea7m nh\u00ecn. B\u00e0n Gi\u00e1m \u0111\u1ed1c DT1890VM4 ch\u00ednh l\u00e0 s\u1ea3n ph\u1ea9m h\u1ed9i t\u1ee5 \u0111\u1ea7y \u0111\u1ee7 nh\u1eefng y\u1ebfu t\u1ed1 th\u1ea9m m\u1ef9, c\u00f4ng n\u0103ng v\u00e0 \u0111\u1eb3ng c\u1ea5p, mang \u0111\u1ebfn cho ng\u01b0\u1eddi s\u1eed d\u1ee5ng m\u1ed9t kh\u00f4ng gian l\u00e0m vi\u1ec7c chuy\u00ean nghi\u1ec7p v\u00e0 sang tr\u1ecdng.<\/p>\n<p data-start=\"1071\" data-end=\"1416\">S\u1ea3n ph\u1ea9m s\u1edf h\u1eefu k\u00edch th\u01b0\u1edbc W1800 x D900 x H760 mm \u2013 v\u1eeba v\u1eb7n cho h\u1ea7u h\u1ebft c\u00e1c v\u0103n ph\u00f2ng gi\u00e1m \u0111\u1ed1c hi\u1ec7n nay, \u0111\u1ea3m b\u1ea3o s\u1ef1 r\u1ed9ng r\u00e3i, ti\u1ec7n nghi trong qu\u00e1 tr\u00ecnh s\u1eed d\u1ee5ng. V\u1edbi m\u1eb7t b\u00e0n ch\u1eef nh\u1eadt, ng\u01b0\u1eddi l\u00e3nh \u0111\u1ea1o d\u1ec5 d\u00e0ng b\u1ed1 tr\u00ed m\u00e1y t\u00ednh, \u0111i\u1ec7n tho\u1ea1i, t\u00e0i li\u1ec7u hay c\u00e1c v\u1eadt ph\u1ea9m phong th\u1ee7y, \u0111\u1ed3ng th\u1eddi v\u1eabn duy tr\u00ec s\u1ef1 g\u1ecdn g\u00e0ng, khoa h\u1ecdc trong kh\u00f4ng gian l\u00e0m vi\u1ec7c.<\/p>\n<p data-start=\"1418\" data-end=\"1507\">\u0110i\u1ec3m nh\u1ea5n quan tr\u1ecdng c\u1ee7a DT1890VM4 n\u1eb1m \u1edf ch\u1ea5t li\u1ec7u cao c\u1ea5p. Kh\u00e1ch h\u00e0ng c\u00f3 th\u1ec3 l\u1ef1a ch\u1ecdn:<\/p>\n<ul data-start=\"1508\" data-end=\"1999\">\n<li data-start=\"1508\" data-end=\"1680\">\n<p data-start=\"1510\" data-end=\"1680\"><strong data-start=\"1510\" data-end=\"1522\">D\u00f2ng V4:<\/strong> g\u1ed7 Veneer v\u1edbi nh\u1eefng \u0111\u01b0\u1eddng v\u00e2n g\u1ed7 t\u1ef1 nhi\u00ean \u0111\u1eb9p m\u1eaft, mang l\u1ea1i v\u1ebb sang tr\u1ecdng, g\u1ea7n g\u0169i, \u0111i k\u00e8m \u1ed1p trang tr\u00ed m\u00e0u \u0111en m\u1ea1nh m\u1ebd, t\u1ea1o c\u1ea3m gi\u00e1c quy\u1ec1n l\u1ef1c v\u00e0 uy nghi.<\/p>\n<\/li>\n<li data-start=\"1681\" data-end=\"1999\">\n<p data-start=\"1683\" data-end=\"1999\"><strong data-start=\"1683\" data-end=\"1696\">D\u00f2ng VM4:<\/strong> g\u1ed7 Veneer k\u1ebft h\u1ee3p Melamine \u2013 s\u1ef1 k\u1ebft h\u1ee3p h\u00e0i h\u00f2a gi\u1eefa t\u00ednh th\u1ea9m m\u1ef9 v\u00e0 \u0111\u1ed9 b\u1ec1n. B\u1ec1 m\u1eb7t Melamine c\u00f3 kh\u1ea3 n\u0103ng ch\u1ed1ng tr\u1ea7y x\u01b0\u1edbc, ch\u1ed1ng th\u1ea5m v\u00e0 h\u1ea1n ch\u1ebf cong v\u00eanh, gi\u00fap s\u1ea3n ph\u1ea9m gi\u1eef \u0111\u01b0\u1ee3c v\u1ebb \u0111\u1eb9p trong su\u1ed1t qu\u00e1 tr\u00ecnh s\u1eed d\u1ee5ng. D\u00f2ng n\u00e0y c\u00f2n n\u1ed5i b\u1eadt nh\u1edd \u1ed1p PVC m\u00e0u n\u00e2u, mang l\u1ea1i s\u1ef1 \u1ea5m \u00e1p v\u00e0 tinh t\u1ebf cho kh\u00f4ng gian.<\/p>\n<\/li>\n<\/ul>\n<p data-start=\"2001\" data-end=\"2276\">V\u1edbi dung sai k\u00edch th\u01b0\u1edbc ch\u1ec9 \u00b15 mm, b\u00e0n DT1890VM4 \u0111\u1ea3m b\u1ea3o \u0111\u1ed9 ch\u00ednh x\u00e1c cao trong s\u1ea3n xu\u1ea5t. C\u00e1c chi ti\u1ebft \u0111\u1ec1u \u0111\u01b0\u1ee3c x\u1eed l\u00fd t\u1ec9 m\u1ec9, t\u1eeb m\u1eb7t b\u00e0n, c\u1ea1nh b\u00e0n cho \u0111\u1ebfn t\u1eebng \u0111\u01b0\u1eddng n\u00e9t trang tr\u00ed. Ch\u00ednh \u0111i\u1ec1u n\u00e0y \u0111\u00e3 kh\u1eb3ng \u0111\u1ecbnh uy t\u00edn v\u00e0 ch\u1ea5t l\u01b0\u1ee3ng v\u01b0\u1ee3t tr\u1ed9i c\u1ee7a th\u01b0\u01a1ng hi\u1ec7u N\u1ed8I TH\u1ea4T THE ONE.<\/p>\n<p data-start=\"2278\" data-end=\"2709\">Kh\u00f4ng ch\u1ec9 ch\u00fa tr\u1ecdng \u0111\u1ebfn \u0111\u1ed9 b\u1ec1n v\u00e0 t\u00ednh th\u1ea9m m\u1ef9, s\u1ea3n ph\u1ea9m c\u00f2n \u0111\u01b0\u1ee3c thi\u1ebft k\u1ebf \u0111\u1ec3 n\u00e2ng t\u1ea7m h\u00ecnh \u1ea3nh c\u1ee7a v\u0103n ph\u00f2ng gi\u00e1m \u0111\u1ed1c. M\u1ed9t chi\u1ebfc b\u00e0n gi\u00e1m \u0111\u1ed1c sang tr\u1ecdng s\u1ebd g\u00f3p ph\u1ea7n t\u1ea1o n\u00ean s\u1ef1 chuy\u00ean nghi\u1ec7p, g\u00e2y \u1ea5n t\u01b0\u1ee3ng m\u1ea1nh v\u1edbi \u0111\u1ed1i t\u00e1c, \u0111\u1ed3ng th\u1eddi gi\u00fap ng\u01b0\u1eddi l\u00e3nh \u0111\u1ea1o t\u1ef1 tin h\u01a1n trong c\u00f4ng vi\u1ec7c. H\u01a1n th\u1ebf n\u1eefa, kh\u00f4ng gian l\u00e0m vi\u1ec7c \u0111\u1eb3ng c\u1ea5p c\u0169ng ch\u00ednh l\u00e0 ngu\u1ed3n c\u1ea3m h\u1ee9ng, \u0111\u1ed9ng l\u1ef1c \u0111\u1ec3 \u0111\u01b0a ra nh\u1eefng quy\u1ebft \u0111\u1ecbnh \u0111\u00fang \u0111\u1eafn v\u00e0 chi\u1ebfn l\u01b0\u1ee3c cho doanh nghi\u1ec7p.<\/p>\n<p data-start=\"2711\" data-end=\"2945\">Ngo\u00e0i ra, DT1890VM4 c\u00f2n \u0111\u01b0\u1ee3c s\u1ea3n xu\u1ea5t theo ti\u00eau chu\u1ea9n k\u1ef9 thu\u1eadt kh\u1eaft khe, \u0111\u1ea3m b\u1ea3o ch\u1ea5t l\u01b0\u1ee3ng b\u1ec1n b\u1ec9 theo th\u1eddi gian. \u0110\u00e2y kh\u00f4ng ch\u1ec9 l\u00e0 m\u1ed9t s\u1ea3n ph\u1ea9m n\u1ed9i th\u1ea5t th\u00f4ng th\u01b0\u1eddng m\u00e0 c\u00f2n l\u00e0 s\u1ef1 \u0111\u1ea7u t\u01b0 l\u00e2u d\u00e0i cho kh\u00f4ng gian l\u00e0m vi\u1ec7c c\u1ee7a l\u00e3nh \u0111\u1ea1o.<\/p>\n<p data-start=\"2947\" data-end=\"3175\">M\u1ed9t l\u01b0u \u00fd nh\u1ecf: m\u00e0u s\u1eafc hi\u1ec3n th\u1ecb tr\u00ean website c\u00f3 th\u1ec3 kh\u00e1c v\u1edbi th\u1ef1c t\u1ebf do \u00e1nh s\u00e1ng khi ch\u1ee5p \u1ea3nh ho\u1eb7c do h\u00ecnh \u1ea3nh m\u00f4 ph\u1ecfng 3D. \u0110\u1ec3 c\u00f3 s\u1ef1 l\u1ef1a ch\u1ecdn ch\u00ednh x\u00e1c, kh\u00e1ch h\u00e0ng n\u00ean ki\u1ec3m tra v\u00e0 x\u00e1c nh\u1eadn m\u00e0u s\u1eafc tr\u1ef1c ti\u1ebfp tr\u01b0\u1edbc khi \u0111\u1eb7t h\u00e0ng.<\/p>\n<p data-start=\"3177\" data-end=\"3434\">V\u1edbi t\u1ea5t c\u1ea3 nh\u1eefng \u01b0u \u0111i\u1ec3m v\u01b0\u1ee3t tr\u1ed9i v\u1ec1 thi\u1ebft k\u1ebf, ch\u1ea5t li\u1ec7u v\u00e0 t\u00ednh n\u0103ng, B\u00e0n Gi\u00e1m \u0111\u1ed1c DT1890VM4 ch\u1eafc ch\u1eafn l\u00e0 s\u1ef1 l\u1ef1a ch\u1ecdn l\u00fd t\u01b0\u1edfng cho nh\u1eefng ai mong mu\u1ed1n kh\u1eb3ng \u0111\u1ecbnh phong c\u00e1ch l\u00e3nh \u0111\u1ea1o, \u0111\u1ed3ng th\u1eddi n\u00e2ng cao gi\u00e1 tr\u1ecb th\u1ea9m m\u1ef9 v\u00e0 t\u00ednh chuy\u00ean nghi\u1ec7p cho v\u0103n ph\u00f2ng.<\/p>\n","protected":false},"excerpt":{"rendered":"<p><strong data-start=\"122\" data-end=\"244\">B\u00e0n Gi\u00e1m \u0111\u1ed1c DT1890VM4 \u2013 B\u00e0n l\u00e3nh \u0111\u1ea1o cao c\u1ea5p, s\u1eed d\u1ee5ng ch\u1ea5t li\u1ec7u g\u1ed7 Veneer (V4) ho\u1eb7c g\u1ed7 Veneer k\u1ebft h\u1ee3p Melamine (VM4).<\/strong><br data-start=\"244\" data-end=\"247\" \/><strong>K\u00edch th\u01b0\u1edbc :<\/strong><br \/>\nW1800 x D900 x H760 (mm)\u00a0 \u00a0 \u00a0&#8211; <strong><span style=\"color: #ed1c24; font-size: 120%;\">5.546.000 \u0111<\/span><\/strong><br \/>\nW2000 x D1000 x H760 (mm)\u00a0 \u00a0&#8211; <span style=\"color: #ed1c24; font-size: 120%;\"><strong>7.080.000 \u0111<\/strong><\/span><br data-start=\"287\" data-end=\"290\" \/><strong data-start=\"290\" data-end=\"302\">Xu\u1ea5t x\u1ee9:<\/strong> S\u1ea3n ph\u1ea9m c\u1ee7a c\u00f4ng ty N\u1ed8I TH\u1ea4T THE ONE \u2013 Ph\u00e2n ph\u1ed1i b\u1edfi C\u00d4NG TY TNHH SXTM TTNT H\u1eeeU TH\u1ecaNH<br data-start=\"389\" data-end=\"392\" \/><strong data-start=\"392\" data-end=\"405\">B\u1ea3o h\u00e0nh:<\/strong> 12 th\u00e1ng theo ti\u00eau chu\u1ea9n nh\u00e0 m\u00e1y.<br data-start=\"439\" data-end=\"442\" \/><span style=\"color: #ed1c24;\"><em data-start=\"442\" data-end=\"594\">L\u01b0u \u00fd: Gi\u00e1 tr\u00ean ch\u01b0a bao g\u1ed3m VAT v\u00e0 ph\u00ed v\u1eadn chuy\u1ec3n. Gi\u00e1 s\u1ea3n ph\u1ea9m c\u00f3 th\u1ec3 thay \u0111\u1ed5i theo t\u1eebng th\u1eddi \u0111i\u1ec3m, vui l\u00f2ng li\u00ean h\u1ec7 \u0111\u1ec3 nh\u1eadn t\u01b0 v\u1ea5n \u01b0u \u0111\u00e3i t\u1ed1t nh\u1ea5t.<\/em><\/span><\/p>\n","protected":false},"featured_media":3268,"comment_status":"open","ping_status":"closed","template":"","meta":[],"product_brand":[],"product_cat":[17,756],"product_tag":[],"class_list":{"0":"post-1678","1":"product","2":"type-product","3":"status-publish","4":"has-post-thumbnail","6":"product_cat-noi-that-van-phong","7":"product_cat-ban-giam-doc","9":"first","10":"instock","11":"shipping-taxable","12":"purchasable","13":"product-type-simple"},"_links":{"self":[{"href":"https:\/\/noithathuuthinh.vn\/zh-hans\/wp-json\/wp\/v2\/product\/1678","targetHints":{"allow":["GET"]}}],"collection":[{"href":"https:\/\/noithathuuthinh.vn\/zh-hans\/wp-json\/wp\/v2\/product"}],"about":[{"href":"https:\/\/noithathuuthinh.vn\/zh-hans\/wp-json\/wp\/v2\/types\/product"}],"replies":[{"embeddable":true,"href":"https:\/\/noithathuuthinh.vn\/zh-hans\/wp-json\/wp\/v2\/comments?post=1678"}],"wp:featuredmedia":[{"embeddable":true,"href":"https:\/\/noithathuuthinh.vn\/zh-hans\/wp-json\/wp\/v2\/media\/3268"}],"wp:attachment":[{"href":"https:\/\/noithathuuthinh.vn\/zh-hans\/wp-json\/wp\/v2\/media?parent=1678"}],"wp:term":[{"taxonomy":"product_brand","embeddable":true,"href":"https:\/\/noithathuuthinh.vn\/zh-hans\/wp-json\/wp\/v2\/product_brand?post=1678"},{"taxonomy":"product_cat","embeddable":true,"href":"https:\/\/noithathuuthinh.vn\/zh-hans\/wp-json\/wp\/v2\/product_cat?post=1678"},{"taxonomy":"product_tag","embeddable":true,"href":"https:\/\/noithathuuthinh.vn\/zh-hans\/wp-json\/wp\/v2\/product_tag?post=1678"}],"curies":[{"name":"wp","href":"https:\/\/api.w.org\/{rel}","templated":true}]}}