{"id":1686,"date":"2025-07-13T23:43:01","date_gmt":"2025-07-13T16:43:01","guid":{"rendered":"https:\/\/noithathuuthinh.vn\/?post_type=product&#038;p=1686"},"modified":"2025-10-01T10:42:25","modified_gmt":"2025-10-01T03:42:25","slug":"ban-giam-doc-dt2010vm5","status":"publish","type":"product","link":"https:\/\/noithathuuthinh.vn\/zh-hans\/san-pham\/ban-giam-doc-dt2010vm5\/","title":{"rendered":"B\u00e0n Gi\u00e1m \u0111\u1ed1c DT2010VM5"},"content":{"rendered":"<h3 data-start=\"645\" data-end=\"718\">B\u00e0n Gi\u00e1m \u0111\u1ed1c DT2010VM5 \u2013 Kh\u1eb3ng \u0111\u1ecbnh \u0111\u1eb3ng c\u1ea5p v\u00e0 phong th\u00e1i l\u00e3nh \u0111\u1ea1o<\/h3>\n<p data-start=\"720\" data-end=\"1110\">B\u00e0n Gi\u00e1m \u0111\u1ed1c DT2010VM5 l\u00e0 d\u00f2ng s\u1ea3n ph\u1ea9m cao c\u1ea5p thu\u1ed9c b\u1ed9 s\u01b0u t\u1eadp b\u00e0n l\u00e3nh \u0111\u1ea1o c\u1ee7a N\u1ed8I TH\u1ea4T THE ONE, \u0111\u01b0\u1ee3c thi\u1ebft k\u1ebf d\u00e0nh ri\u00eang cho kh\u00f4ng gian l\u00e0m vi\u1ec7c c\u1ee7a c\u00e1c nh\u00e0 qu\u1ea3n l\u00fd v\u00e0 gi\u00e1m \u0111\u1ed1c. V\u1edbi ki\u1ec3u d\u00e1ng ch\u1eef nh\u1eadt truy\u1ec1n th\u1ed1ng nh\u01b0ng \u0111\u01b0\u1ee3c n\u00e2ng c\u1ea5p v\u1ec1 ch\u1ea5t li\u1ec7u v\u00e0 \u0111\u01b0\u1eddng n\u00e9t, s\u1ea3n ph\u1ea9m kh\u00f4ng ch\u1ec9 mang \u0111\u1ebfn s\u1ef1 ti\u1ec7n nghi m\u00e0 c\u00f2n g\u00f3p ph\u1ea7n kh\u1eb3ng \u0111\u1ecbnh phong th\u00e1i uy nghi\u00eam, chuy\u00ean nghi\u1ec7p c\u1ee7a ng\u01b0\u1eddi \u0111\u1ee9ng \u0111\u1ea7u.<\/p>\n<p data-start=\"1112\" data-end=\"1434\">V\u1edbi k\u00edch th\u01b0\u1edbc r\u1ed9ng r\u00e3i W2000 x D1000 x H760 mm, chi\u1ebfc b\u00e0n mang l\u1ea1i kh\u00f4ng gian l\u00e0m vi\u1ec7c tho\u1ea3i m\u00e1i, \u0111\u1ee7 \u0111\u1ec3 b\u1ed1 tr\u00ed m\u00e1y t\u00ednh, t\u00e0i li\u1ec7u, \u0111i\u1ec7n tho\u1ea1i v\u00e0 nhi\u1ec1u v\u1eadt d\u1ee5ng c\u00e1 nh\u00e2n kh\u00e1c. Ki\u1ec3u d\u00e1ng vu\u00f4ng v\u1eafn, v\u1eefng ch\u00e3i kh\u00f4ng ch\u1ec9 t\u1ed1i \u01b0u c\u00f4ng n\u0103ng m\u00e0 c\u00f2n to\u00e1t l\u00ean s\u1ef1 m\u1ea1nh m\u1ebd, quy\u1ebft \u0111o\u00e1n \u2013 \u0111\u00fang v\u1edbi phong c\u00e1ch c\u1ee7a l\u00e3nh \u0111\u1ea1o doanh nghi\u1ec7p.<\/p>\n<p data-start=\"1436\" data-end=\"1499\">\u0110i\u1ec3m n\u1ed5i b\u1eadt c\u1ee7a DT2010VM5 \u0111\u1ebfn t\u1eeb s\u1ef1 \u0111a d\u1ea1ng trong ch\u1ea5t li\u1ec7u:<\/p>\n<ul data-start=\"1500\" data-end=\"1937\">\n<li data-start=\"1500\" data-end=\"1696\">\n<p data-start=\"1502\" data-end=\"1696\"><strong data-start=\"1502\" data-end=\"1514\">D\u00f2ng V5:<\/strong> s\u1eed d\u1ee5ng g\u1ed7 Veneer v\u1edbi v\u00e2n g\u1ed7 t\u1ef1 nhi\u00ean, mang l\u1ea1i v\u1ebb sang tr\u1ecdng, g\u1ea7n g\u0169i nh\u01b0ng v\u1eabn \u0111\u1ea7y quy\u1ec1n l\u1ef1c. \u0110i k\u00e8m v\u1edbi \u0111\u00f3 l\u00e0 c\u00e1c chi ti\u1ebft \u1ed1p trang tr\u00ed m\u00e0u \u0111en, t\u1ea1o c\u1ea3m gi\u00e1c m\u1ea1nh m\u1ebd, l\u1ecbch l\u00e3m.<\/p>\n<\/li>\n<li data-start=\"1697\" data-end=\"1937\">\n<p data-start=\"1699\" data-end=\"1937\"><strong data-start=\"1699\" data-end=\"1712\">D\u00f2ng VM5:<\/strong> k\u1ebft h\u1ee3p g\u1ed7 Veneer v\u00e0 Melamine, mang \u0111\u1ebfn kh\u1ea3 n\u0103ng ch\u1ed1ng tr\u1ea7y x\u01b0\u1edbc, h\u1ea1n ch\u1ebf cong v\u00eanh v\u00e0 d\u1ec5 v\u1ec7 sinh. S\u1ea3n ph\u1ea9m \u0111\u01b0\u1ee3c ho\u00e0n thi\u1ec7n v\u1edbi \u1ed1p trang tr\u00ed PVC m\u00e0u n\u00e2u, \u0111em l\u1ea1i n\u00e9t \u1ea5m \u00e1p, tinh t\u1ebf v\u00e0 h\u00e0i h\u00f2a v\u1edbi nhi\u1ec1u phong c\u00e1ch n\u1ed9i th\u1ea5t.<\/p>\n<\/li>\n<\/ul>\n<p data-start=\"1939\" data-end=\"2295\">Kh\u00f4ng ch\u1ec9 t\u1eadp trung v\u00e0o thi\u1ebft k\u1ebf, b\u00e0n c\u00f2n \u0111\u1ea1t chu\u1ea9n cao v\u1ec1 k\u1ef9 thu\u1eadt s\u1ea3n xu\u1ea5t. V\u1edbi dung sai k\u00edch th\u01b0\u1edbc \u00b15 mm, t\u1eebng chi ti\u1ebft \u0111\u01b0\u1ee3c gia c\u00f4ng t\u1ec9 m\u1ec9, \u0111\u1ea3m b\u1ea3o t\u00ednh ch\u00ednh x\u00e1c v\u00e0 s\u1ef1 b\u1ec1n b\u1ec9 l\u00e2u d\u00e0i. \u0110\u00e2y l\u00e0 y\u1ebfu t\u1ed1 quan tr\u1ecdng gi\u00fap b\u00e0n gi\u1eef \u0111\u01b0\u1ee3c \u0111\u1ed9 \u1ed5n \u0111\u1ecbnh, ch\u1eafc ch\u1eafn trong qu\u00e1 tr\u00ecnh s\u1eed d\u1ee5ng, \u0111\u1ed3ng th\u1eddi kh\u1eb3ng \u0111\u1ecbnh uy t\u00edn v\u1ec1 ch\u1ea5t l\u01b0\u1ee3ng c\u1ee7a th\u01b0\u01a1ng hi\u1ec7u N\u1ed8I TH\u1ea4T THE ONE.<\/p>\n<p data-start=\"2297\" data-end=\"2692\">B\u00ean c\u1ea1nh c\u00f4ng n\u0103ng, b\u00e0n gi\u00e1m \u0111\u1ed1c c\u00f2n \u0111\u00f3ng vai tr\u00f2 quan tr\u1ecdng trong vi\u1ec7c n\u00e2ng cao h\u00ecnh \u1ea3nh doanh nghi\u1ec7p. S\u1edf h\u1eefu m\u1ed9t chi\u1ebfc b\u00e0n gi\u00e1m \u0111\u1ed1c sang tr\u1ecdng nh\u01b0 DT2010VM5 s\u1ebd gi\u00fap v\u0103n ph\u00f2ng tr\u1edf n\u00ean chuy\u00ean nghi\u1ec7p h\u01a1n, g\u00e2y \u1ea5n t\u01b0\u1ee3ng t\u1ed1t v\u1edbi kh\u00e1ch h\u00e0ng, \u0111\u1ed1i t\u00e1c v\u00e0 \u0111\u1ed3ng th\u1eddi truy\u1ec1n c\u1ea3m h\u1ee9ng t\u00edch c\u1ef1c cho ch\u00ednh ng\u01b0\u1eddi l\u00e3nh \u0111\u1ea1o. \u0110\u00e2y kh\u00f4ng ch\u1ec9 l\u00e0 n\u01a1i l\u00e0m vi\u1ec7c m\u00e0 c\u00f2n l\u00e0 bi\u1ec3u t\u01b0\u1ee3ng cho s\u1ef1 th\u00e0nh c\u00f4ng v\u00e0 th\u1ecbnh v\u01b0\u1ee3ng.<\/p>\n<p data-start=\"2694\" data-end=\"2940\">M\u1ed9t l\u01b0u \u00fd nh\u1ecf l\u00e0 m\u00e0u s\u1eafc s\u1ea3n ph\u1ea9m khi hi\u1ec3n th\u1ecb tr\u00ean website c\u00f3 th\u1ec3 kh\u00e1c v\u1edbi th\u1ef1c t\u1ebf do \u00e1nh s\u00e1ng ch\u1ee5p \u1ea3nh ho\u1eb7c h\u00ecnh \u1ea3nh m\u00f4 ph\u1ecfng 3D. V\u00ec v\u1eady, \u0111\u1ec3 c\u00f3 l\u1ef1a ch\u1ecdn ch\u00ednh x\u00e1c nh\u1ea5t, kh\u00e1ch h\u00e0ng n\u00ean tr\u1ef1c ti\u1ebfp ki\u1ec3m tra v\u00e0 x\u00e1c nh\u1eadn m\u00e0u s\u1eafc tr\u01b0\u1edbc khi \u0111\u1eb7t h\u00e0ng.<\/p>\n<p data-start=\"2942\" data-end=\"3241\">V\u1edbi thi\u1ebft k\u1ebf sang tr\u1ecdng, ch\u1ea5t li\u1ec7u cao c\u1ea5p v\u00e0 c\u00f4ng n\u0103ng v\u01b0\u1ee3t tr\u1ed9i, B\u00e0n Gi\u00e1m \u0111\u1ed1c DT2010VM5 ch\u00ednh l\u00e0 l\u1ef1a ch\u1ecdn ho\u00e0n h\u1ea3o cho nh\u1eefng ai mong mu\u1ed1n kh\u1eb3ng \u0111\u1ecbnh phong c\u00e1ch l\u00e3nh \u0111\u1ea1o v\u00e0 n\u00e2ng t\u1ea7m gi\u00e1 tr\u1ecb kh\u00f4ng gian l\u00e0m vi\u1ec7c. \u0110\u00e2y l\u00e0 s\u1ef1 \u0111\u1ea7u t\u01b0 x\u1ee9ng \u0111\u00e1ng, mang l\u1ea1i c\u1ea3 gi\u00e1 tr\u1ecb th\u1ea9m m\u1ef9 l\u1eabn ti\u1ec7n \u00edch s\u1eed d\u1ee5ng l\u00e2u d\u00e0i.<\/p>\n","protected":false},"excerpt":{"rendered":"<p data-start=\"124\" data-end=\"247\"><strong data-start=\"121\" data-end=\"243\">B\u00e0n Gi\u00e1m \u0111\u1ed1c DT2010VM5 \u2013 B\u00e0n l\u00e3nh \u0111\u1ea1o cao c\u1ea5p, s\u1eed d\u1ee5ng ch\u1ea5t li\u1ec7u g\u1ed7 Veneer (V5) ho\u1eb7c g\u1ed7 Veneer k\u1ebft h\u1ee3p Melamine (VM5).<\/strong><br data-start=\"243\" data-end=\"246\" \/><strong>K\u00edch th\u01b0\u1edbc :<\/strong><br \/>\nW2000 x D1000 x H760 (mm)\u00a0 \u00a0&#8211; <span style=\"color: #ed1c24; font-size: 120%;\"><strong>8.070.000 \u0111<br \/>\n<\/strong><\/span>W2400 x D1100 x H760 (mm)\u00a0 \u00a0&#8211; <strong><span style=\"color: #ed1c24; font-size: 120%;\">9.353.000 \u0111<\/span><\/strong><br data-start=\"287\" data-end=\"290\" \/><strong data-start=\"290\" data-end=\"302\">Xu\u1ea5t x\u1ee9:<\/strong> S\u1ea3n ph\u1ea9m c\u1ee7a c\u00f4ng ty N\u1ed8I TH\u1ea4T THE ONE \u2013 Ph\u00e2n ph\u1ed1i b\u1edfi C\u00d4NG TY TNHH SXTM TTNT H\u1eeeU TH\u1ecaNH<br data-start=\"389\" data-end=\"392\" \/><strong data-start=\"392\" data-end=\"405\">B\u1ea3o h\u00e0nh:<\/strong> 12 th\u00e1ng theo ti\u00eau chu\u1ea9n nh\u00e0 m\u00e1y.<br data-start=\"439\" data-end=\"442\" \/><span style=\"color: #ed1c24;\"><em data-start=\"442\" data-end=\"594\">L\u01b0u \u00fd: Gi\u00e1 tr\u00ean ch\u01b0a bao g\u1ed3m VAT v\u00e0 ph\u00ed v\u1eadn chuy\u1ec3n. Gi\u00e1 s\u1ea3n ph\u1ea9m c\u00f3 th\u1ec3 thay \u0111\u1ed5i theo t\u1eebng th\u1eddi \u0111i\u1ec3m, vui l\u00f2ng li\u00ean h\u1ec7 \u0111\u1ec3 nh\u1eadn t\u01b0 v\u1ea5n \u01b0u \u0111\u00e3i t\u1ed1t nh\u1ea5t.<\/em><\/span><\/p>\n","protected":false},"featured_media":3270,"comment_status":"open","ping_status":"closed","template":"","meta":[],"product_brand":[],"product_cat":[17,756],"product_tag":[],"class_list":{"0":"post-1686","1":"product","2":"type-product","3":"status-publish","4":"has-post-thumbnail","6":"product_cat-noi-that-van-phong","7":"product_cat-ban-giam-doc","9":"first","10":"instock","11":"shipping-taxable","12":"purchasable","13":"product-type-simple"},"_links":{"self":[{"href":"https:\/\/noithathuuthinh.vn\/zh-hans\/wp-json\/wp\/v2\/product\/1686","targetHints":{"allow":["GET"]}}],"collection":[{"href":"https:\/\/noithathuuthinh.vn\/zh-hans\/wp-json\/wp\/v2\/product"}],"about":[{"href":"https:\/\/noithathuuthinh.vn\/zh-hans\/wp-json\/wp\/v2\/types\/product"}],"replies":[{"embeddable":true,"href":"https:\/\/noithathuuthinh.vn\/zh-hans\/wp-json\/wp\/v2\/comments?post=1686"}],"wp:featuredmedia":[{"embeddable":true,"href":"https:\/\/noithathuuthinh.vn\/zh-hans\/wp-json\/wp\/v2\/media\/3270"}],"wp:attachment":[{"href":"https:\/\/noithathuuthinh.vn\/zh-hans\/wp-json\/wp\/v2\/media?parent=1686"}],"wp:term":[{"taxonomy":"product_brand","embeddable":true,"href":"https:\/\/noithathuuthinh.vn\/zh-hans\/wp-json\/wp\/v2\/product_brand?post=1686"},{"taxonomy":"product_cat","embeddable":true,"href":"https:\/\/noithathuuthinh.vn\/zh-hans\/wp-json\/wp\/v2\/product_cat?post=1686"},{"taxonomy":"product_tag","embeddable":true,"href":"https:\/\/noithathuuthinh.vn\/zh-hans\/wp-json\/wp\/v2\/product_tag?post=1686"}],"curies":[{"name":"wp","href":"https:\/\/api.w.org\/{rel}","templated":true}]}}