{"id":1694,"date":"2025-07-14T00:02:04","date_gmt":"2025-07-13T17:02:04","guid":{"rendered":"https:\/\/noithathuuthinh.vn\/?post_type=product&#038;p=1694"},"modified":"2025-10-01T10:38:46","modified_gmt":"2025-10-01T03:38:46","slug":"ban-giam-doc-dt2411vm6","status":"publish","type":"product","link":"https:\/\/noithathuuthinh.vn\/zh-hans\/san-pham\/ban-giam-doc-dt2411vm6\/","title":{"rendered":"B\u00e0n Gi\u00e1m \u0111\u1ed1c DT2411VM6"},"content":{"rendered":"<h3 data-start=\"640\" data-end=\"716\">B\u00e0n Gi\u00e1m \u0111\u1ed1c DT2411VM6 \u2013 Kh\u00f4ng gian l\u00e0m vi\u1ec7c \u0111\u1eb3ng c\u1ea5p cho nh\u00e0 l\u00e3nh \u0111\u1ea1o<\/h3>\n<p data-start=\"718\" data-end=\"990\">Trong thi\u1ebft k\u1ebf n\u1ed9i th\u1ea5t v\u0103n ph\u00f2ng gi\u00e1m \u0111\u1ed1c, b\u00e0n l\u00e0m vi\u1ec7c lu\u00f4n l\u00e0 trung t\u00e2m, n\u01a1i th\u1ec3 hi\u1ec7n r\u00f5 phong th\u00e1i v\u00e0 v\u1ecb th\u1ebf c\u1ee7a ng\u01b0\u1eddi \u0111\u1ee9ng \u0111\u1ea7u. B\u00e0n Gi\u00e1m \u0111\u1ed1c DT2411VM6 l\u00e0 l\u1ef1a ch\u1ecdn t\u1ed1i \u01b0u cho nh\u1eefng doanh nghi\u1ec7p mong mu\u1ed1n s\u1edf h\u1eefu m\u1ed9t kh\u00f4ng gian l\u00e3nh \u0111\u1ea1o sang tr\u1ecdng, hi\u1ec7n \u0111\u1ea1i v\u00e0 b\u1ec1n b\u1ec9.<\/p>\n<p data-start=\"992\" data-end=\"1331\">S\u1ea3n ph\u1ea9m s\u1edf h\u1eefu k\u00edch th\u01b0\u1edbc \u1ea5n t\u01b0\u1ee3ng W2400 x D1150 x H760 mm, mang l\u1ea1i di\u1ec7n t\u00edch m\u1eb7t b\u00e0n r\u1ed9ng r\u00e3i, gi\u00fap nh\u00e0 l\u00e3nh \u0111\u1ea1o d\u1ec5 d\u00e0ng b\u1ed1 tr\u00ed m\u00e1y t\u00ednh, t\u00e0i li\u1ec7u, \u0111i\u1ec7n tho\u1ea1i v\u00e0 c\u00e1c v\u1eadt d\u1ee5ng c\u1ea7n thi\u1ebft kh\u00e1c. K\u00edch th\u01b0\u1edbc l\u1edbn kh\u00f4ng ch\u1ec9 t\u1ea1o s\u1ef1 tho\u1ea3i m\u00e1i trong c\u00f4ng vi\u1ec7c m\u00e0 c\u00f2n l\u00e0m n\u1ed5i b\u1eadt s\u1ef1 uy nghi\u00eam, th\u1ec3 hi\u1ec7n r\u00f5 \u0111\u1eb3ng c\u1ea5p v\u00e0 t\u1ea7m nh\u00ecn c\u1ee7a ng\u01b0\u1eddi l\u00e3nh \u0111\u1ea1o.<\/p>\n<p data-start=\"1333\" data-end=\"1392\">B\u00e0n DT2411VM6 \u0111\u01b0\u1ee3c ch\u1ebf t\u00e1c t\u1eeb hai d\u00f2ng ch\u1ea5t li\u1ec7u cao c\u1ea5p:<\/p>\n<ul data-start=\"1393\" data-end=\"1786\">\n<li data-start=\"1393\" data-end=\"1517\">\n<p data-start=\"1395\" data-end=\"1517\"><strong data-start=\"1395\" data-end=\"1409\">G\u1ed7 Veneer:<\/strong> n\u1ed5i b\u1eadt v\u1edbi v\u00e2n g\u1ed7 t\u1ef1 nhi\u00ean sang tr\u1ecdng, g\u1ea7n g\u0169i, mang \u0111\u1ebfn c\u1ea3m gi\u00e1c \u1ea5m \u00e1p nh\u01b0ng v\u1eabn gi\u1eef \u0111\u01b0\u1ee3c s\u1ef1 quy\u1ec1n l\u1ef1c.<\/p>\n<\/li>\n<li data-start=\"1518\" data-end=\"1786\">\n<p data-start=\"1520\" data-end=\"1786\"><strong data-start=\"1520\" data-end=\"1551\">G\u1ed7 Veneer k\u1ebft h\u1ee3p Melamine:<\/strong> s\u1ef1 k\u1ebft h\u1ee3p h\u00e0i h\u00f2a gi\u1eefa v\u1ebb \u0111\u1eb9p t\u1ef1 nhi\u00ean c\u1ee7a Veneer v\u00e0 \u0111\u1ed9 b\u1ec1n v\u01b0\u1ee3t tr\u1ed9i c\u1ee7a Melamine. L\u1edbp ph\u1ee7 Melamine gi\u00fap ch\u1ed1ng tr\u1ea7y x\u01b0\u1edbc, ch\u1ed1ng th\u1ea5m n\u01b0\u1edbc, h\u1ea1n ch\u1ebf cong v\u00eanh, \u0111\u1ed3ng th\u1eddi d\u1ec5 d\u00e0ng v\u1ec7 sinh, \u0111\u1ea3m b\u1ea3o s\u1ea3n ph\u1ea9m lu\u00f4n b\u1ec1n \u0111\u1eb9p theo th\u1eddi gian.<\/p>\n<\/li>\n<\/ul>\n<p data-start=\"1788\" data-end=\"2102\">Kh\u00f4ng ch\u1ec9 ch\u00fa tr\u1ecdng \u0111\u1ebfn th\u1ea9m m\u1ef9, b\u00e0n c\u00f2n \u0111\u01b0\u1ee3c s\u1ea3n xu\u1ea5t theo ti\u00eau chu\u1ea9n k\u1ef9 thu\u1eadt kh\u1eaft khe, v\u1edbi dung sai k\u00edch th\u01b0\u1edbc \u00b15 mm. \u0110i\u1ec1u n\u00e0y th\u1ec3 hi\u1ec7n s\u1ef1 ch\u00ednh x\u00e1c, t\u1ec9 m\u1ec9 trong t\u1eebng chi ti\u1ebft, t\u1eeb b\u1ec1 m\u1eb7t b\u00e0n, c\u00e1c \u0111\u01b0\u1eddng c\u1ea1nh \u0111\u1ebfn nh\u1eefng chi ti\u1ebft trang tr\u00ed. Nh\u1edd v\u1eady, s\u1ea3n ph\u1ea9m \u0111\u1ea1t \u0111\u01b0\u1ee3c s\u1ef1 b\u1ec1n ch\u1eafc, \u1ed5n \u0111\u1ecbnh v\u00e0 tu\u1ed5i th\u1ecd s\u1eed d\u1ee5ng cao.<\/p>\n<p data-start=\"2104\" data-end=\"2423\">Ki\u1ec3u d\u00e1ng m\u1eb7t b\u00e0n ch\u1eef nh\u1eadt truy\u1ec1n th\u1ed1ng nh\u01b0ng v\u1eabn to\u00e1t l\u00ean s\u1ef1 hi\u1ec7n \u0111\u1ea1i, chuy\u00ean nghi\u1ec7p, d\u1ec5 d\u00e0ng ph\u1ed1i h\u1ee3p v\u1edbi nhi\u1ec1u phong c\u00e1ch n\u1ed9i th\u1ea5t kh\u00e1c nhau. \u0110\u00e2y kh\u00f4ng ch\u1ec9 l\u00e0 m\u1ed9t chi\u1ebfc b\u00e0n l\u00e0m vi\u1ec7c, m\u00e0 c\u00f2n l\u00e0 y\u1ebfu t\u1ed1 quan tr\u1ecdng gi\u00fap n\u00e2ng t\u1ea7m h\u00ecnh \u1ea3nh v\u0103n ph\u00f2ng, t\u1ea1o d\u1ea5u \u1ea5n m\u1ea1nh m\u1ebd v\u1edbi \u0111\u1ed1i t\u00e1c, kh\u00e1ch h\u00e0ng ngay t\u1eeb c\u00e1i nh\u00ecn \u0111\u1ea7u ti\u00ean.<\/p>\n<p data-start=\"2425\" data-end=\"2706\">\u0110\u1eb7c bi\u1ec7t, B\u00e0n Gi\u00e1m \u0111\u1ed1c DT2411VM6 c\u00f2n l\u00e0 ngu\u1ed3n c\u1ea3m h\u1ee9ng l\u00e0m vi\u1ec7c cho ch\u00ednh nh\u00e0 l\u00e3nh \u0111\u1ea1o. M\u1ed9t kh\u00f4ng gian sang tr\u1ecdng, g\u1ecdn g\u00e0ng v\u00e0 \u0111\u1eb3ng c\u1ea5p s\u1ebd g\u00f3p ph\u1ea7n th\u00fac \u0111\u1ea9y tinh th\u1ea7n s\u00e1ng t\u1ea1o, s\u1ef1 t\u1ef1 tin v\u00e0 \u0111\u01b0a ra nh\u1eefng quy\u1ebft \u0111\u1ecbnh chi\u1ebfn l\u01b0\u1ee3c \u0111\u00fang \u0111\u1eafn, g\u00f3p ph\u1ea7n v\u00e0o s\u1ef1 th\u00e0nh c\u00f4ng c\u1ee7a doanh nghi\u1ec7p.<\/p>\n<p data-start=\"2708\" data-end=\"2945\">M\u1ed9t l\u01b0u \u00fd nh\u1ecf l\u00e0 m\u00e0u s\u1eafc hi\u1ec3n th\u1ecb tr\u00ean website c\u00f3 th\u1ec3 kh\u00e1c so v\u1edbi th\u1ef1c t\u1ebf do \u00e1nh s\u00e1ng ch\u1ee5p \u1ea3nh ho\u1eb7c h\u00ecnh \u1ea3nh m\u00f4 ph\u1ecfng 3D. Do \u0111\u00f3, kh\u00e1ch h\u00e0ng n\u00ean tr\u1ef1c ti\u1ebfp ki\u1ec3m tra v\u00e0 x\u00e1c nh\u1eadn m\u00e0u s\u1eafc tr\u01b0\u1edbc khi \u0111\u1eb7t h\u00e0ng \u0111\u1ec3 \u0111\u1ea3m b\u1ea3o s\u1ef1 h\u00e0i l\u00f2ng tuy\u1ec7t \u0111\u1ed1i.<\/p>\n<p data-start=\"2947\" data-end=\"3244\">V\u1edbi thi\u1ebft k\u1ebf tinh t\u1ebf, ch\u1ea5t li\u1ec7u cao c\u1ea5p v\u00e0 c\u00f4ng n\u0103ng ho\u00e0n h\u1ea3o, B\u00e0n Gi\u00e1m \u0111\u1ed1c DT2411VM6 x\u1ee9ng \u0111\u00e1ng l\u00e0 s\u1ef1 l\u1ef1a ch\u1ecdn h\u00e0ng \u0111\u1ea7u cho c\u00e1c nh\u00e0 l\u00e3nh \u0111\u1ea1o mu\u1ed1n kh\u1eb3ng \u0111\u1ecbnh phong c\u00e1ch v\u00e0 n\u00e2ng t\u1ea7m kh\u00f4ng gian l\u00e0m vi\u1ec7c. \u0110\u00e2y ch\u1eafc ch\u1eafn l\u00e0 m\u1ed9t kho\u1ea3n \u0111\u1ea7u t\u01b0 x\u1ee9ng \u0111\u00e1ng, mang l\u1ea1i c\u1ea3 gi\u00e1 tr\u1ecb th\u1ea9m m\u1ef9 l\u1eabn ti\u1ec7n \u00edch l\u00e2u d\u00e0i.<\/p>\n","protected":false},"excerpt":{"rendered":"<p><strong data-start=\"114\" data-end=\"238\">B\u00e0n Gi\u00e1m \u0111\u1ed1c DT2411VM6 \u2013 B\u00e0n l\u00e3nh \u0111\u1ea1o m\u1eb7t ch\u1eef nh\u1eadt cao c\u1ea5p, s\u1eed d\u1ee5ng ch\u1ea5t li\u1ec7u g\u1ed7 Veneer ho\u1eb7c g\u1ed7 Veneer k\u1ebft h\u1ee3p Melamine.<\/strong><br data-start=\"238\" data-end=\"241\" \/><strong data-start=\"241\" data-end=\"256\">K\u00edch th\u01b0\u1edbc:<\/strong> W2400 x D1150 x H760 (mm)<br data-start=\"282\" data-end=\"285\" \/><strong data-start=\"285\" data-end=\"297\">Xu\u1ea5t x\u1ee9:<\/strong> S\u1ea3n ph\u1ea9m c\u1ee7a c\u00f4ng ty N\u1ed8I TH\u1ea4T THE ONE \u2013 Ph\u00e2n ph\u1ed1i b\u1edfi C\u00d4NG TY TNHH SXTM TTNT H\u1eeeU TH\u1ecaNH<br data-start=\"384\" data-end=\"387\" \/><strong data-start=\"387\" data-end=\"400\">B\u1ea3o h\u00e0nh:<\/strong> 12 th\u00e1ng theo ti\u00eau chu\u1ea9n nh\u00e0 m\u00e1y.<br data-start=\"434\" data-end=\"437\" \/><span style=\"color: #ed1c24;\"><em data-start=\"437\" data-end=\"589\">L\u01b0u \u00fd: Gi\u00e1 tr\u00ean ch\u01b0a bao g\u1ed3m VAT v\u00e0 ph\u00ed v\u1eadn chuy\u1ec3n. Gi\u00e1 s\u1ea3n ph\u1ea9m c\u00f3 th\u1ec3 thay \u0111\u1ed5i theo t\u1eebng th\u1eddi \u0111i\u1ec3m, vui l\u00f2ng li\u00ean h\u1ec7 \u0111\u1ec3 nh\u1eadn t\u01b0 v\u1ea5n \u01b0u \u0111\u00e3i t\u1ed1t nh\u1ea5t.<\/em><\/span><\/p>\n","protected":false},"featured_media":3273,"comment_status":"open","ping_status":"closed","template":"","meta":[],"product_brand":[],"product_cat":[17,756],"product_tag":[],"class_list":{"0":"post-1694","1":"product","2":"type-product","3":"status-publish","4":"has-post-thumbnail","6":"product_cat-noi-that-van-phong","7":"product_cat-ban-giam-doc","9":"first","10":"instock","11":"shipping-taxable","12":"purchasable","13":"product-type-simple"},"_links":{"self":[{"href":"https:\/\/noithathuuthinh.vn\/zh-hans\/wp-json\/wp\/v2\/product\/1694","targetHints":{"allow":["GET"]}}],"collection":[{"href":"https:\/\/noithathuuthinh.vn\/zh-hans\/wp-json\/wp\/v2\/product"}],"about":[{"href":"https:\/\/noithathuuthinh.vn\/zh-hans\/wp-json\/wp\/v2\/types\/product"}],"replies":[{"embeddable":true,"href":"https:\/\/noithathuuthinh.vn\/zh-hans\/wp-json\/wp\/v2\/comments?post=1694"}],"wp:featuredmedia":[{"embeddable":true,"href":"https:\/\/noithathuuthinh.vn\/zh-hans\/wp-json\/wp\/v2\/media\/3273"}],"wp:attachment":[{"href":"https:\/\/noithathuuthinh.vn\/zh-hans\/wp-json\/wp\/v2\/media?parent=1694"}],"wp:term":[{"taxonomy":"product_brand","embeddable":true,"href":"https:\/\/noithathuuthinh.vn\/zh-hans\/wp-json\/wp\/v2\/product_brand?post=1694"},{"taxonomy":"product_cat","embeddable":true,"href":"https:\/\/noithathuuthinh.vn\/zh-hans\/wp-json\/wp\/v2\/product_cat?post=1694"},{"taxonomy":"product_tag","embeddable":true,"href":"https:\/\/noithathuuthinh.vn\/zh-hans\/wp-json\/wp\/v2\/product_tag?post=1694"}],"curies":[{"name":"wp","href":"https:\/\/api.w.org\/{rel}","templated":true}]}}