{"id":1699,"date":"2025-07-14T00:11:29","date_gmt":"2025-07-13T17:11:29","guid":{"rendered":"https:\/\/noithathuuthinh.vn\/?post_type=product&#038;p=1699"},"modified":"2025-10-01T10:38:34","modified_gmt":"2025-10-01T03:38:34","slug":"ban-giam-doc-dt3212vm7","status":"publish","type":"product","link":"https:\/\/noithathuuthinh.vn\/zh-hans\/san-pham\/ban-giam-doc-dt3212vm7\/","title":{"rendered":"B\u00e0n Gi\u00e1m \u0111\u1ed1c DT3212VM7"},"content":{"rendered":"<h3 data-start=\"694\" data-end=\"770\">B\u00e0n Gi\u00e1m \u0111\u1ed1c DT3212VM7 \u2013 Bi\u1ec3u t\u01b0\u1ee3ng c\u1ee7a quy\u1ec1n l\u1ef1c v\u00e0 \u0111\u1eb3ng c\u1ea5p l\u00e3nh \u0111\u1ea1o<\/h3>\n<p data-start=\"772\" data-end=\"1118\">Trong nh\u1eefng kh\u00f4ng gian v\u0103n ph\u00f2ng cao c\u1ea5p, b\u00e0n l\u00e0m vi\u1ec7c c\u1ee7a l\u00e3nh \u0111\u1ea1o kh\u00f4ng ch\u1ec9 l\u00e0 n\u01a1i \u0111i\u1ec1u h\u00e0nh c\u00f4ng vi\u1ec7c m\u00e0 c\u00f2n l\u00e0 trung t\u00e2m th\u1ec3 hi\u1ec7n phong th\u00e1i v\u00e0 v\u1ecb th\u1ebf c\u1ee7a ng\u01b0\u1eddi \u0111\u1ee9ng \u0111\u1ea7u. B\u00e0n Gi\u00e1m \u0111\u1ed1c DT3212VM7 ch\u00ednh l\u00e0 m\u1ed9t trong nh\u1eefng thi\u1ebft k\u1ebf ti\u00eau bi\u1ec3u thu\u1ed9c d\u00f2ng VIP cao c\u1ea5p, k\u1ebft h\u1ee3p ho\u00e0n h\u1ea3o gi\u1eefa v\u1ebb \u0111\u1eb9p sang tr\u1ecdng, s\u1ef1 ti\u1ec7n nghi v\u00e0 ch\u1ea5t l\u01b0\u1ee3ng v\u01b0\u1ee3t tr\u1ed9i.<\/p>\n<p data-start=\"1120\" data-end=\"1458\">S\u1ea3n ph\u1ea9m s\u1edf h\u1eefu k\u00edch th\u01b0\u1edbc l\u1edbn W3200 x D1200 x H760 mm, t\u1ea1o n\u00ean m\u1ed9t m\u1eb7t b\u00e0n r\u1ed9ng r\u00e3i, tho\u1ea3i m\u00e1i cho vi\u1ec7c b\u1ed1 tr\u00ed nhi\u1ec1u thi\u1ebft b\u1ecb l\u00e0m vi\u1ec7c, t\u00e0i li\u1ec7u, m\u00e1y t\u00ednh v\u00e0 c\u1ea3 c\u00e1c v\u1eadt ph\u1ea9m trang tr\u00ed mang \u00fd ngh\u0129a phong th\u1ee7y. K\u00edch th\u01b0\u1edbc n\u00e0y ph\u00f9 h\u1ee3p v\u1edbi c\u00e1c v\u0103n ph\u00f2ng gi\u00e1m \u0111\u1ed1c, t\u1ed5ng gi\u00e1m \u0111\u1ed1c ho\u1eb7c ch\u1ee7 t\u1ecbch doanh nghi\u1ec7p, n\u01a1i y\u00eau c\u1ea7u s\u1ef1 b\u1ec1 th\u1ebf v\u00e0 uy nghi.<\/p>\n<p data-start=\"1460\" data-end=\"1768\">\u0110i\u1ec3m nh\u1ea5n n\u1ed5i b\u1eadt c\u1ee7a DT3212VM7 l\u00e0 thi\u1ebft k\u1ebf <strong data-start=\"1504\" data-end=\"1533\">m\u1eb7t b\u00e0n l\u01b0\u1ee3n cong m\u1ec1m m\u1ea1i<\/strong> c\u00f9ng <strong data-start=\"1539\" data-end=\"1567\">y\u1ebfm b\u00e0n \u1ed1p n\u1ed5i trang tr\u00ed<\/strong> \u0111\u1ea7y tinh t\u1ebf. Ki\u1ec3u d\u00e1ng n\u00e0y v\u1eeba mang t\u00ednh th\u1ea9m m\u1ef9 cao v\u1eeba gi\u00fap t\u1ea1o c\u1ea3m gi\u00e1c tho\u1ea3i m\u00e1i, d\u1ec5 ch\u1ecbu trong kh\u00f4ng gian l\u00e0m vi\u1ec7c, \u0111\u1ed3ng th\u1eddi n\u00e2ng cao h\u00ecnh \u1ea3nh chuy\u00ean nghi\u1ec7p v\u00e0 \u0111\u1eb3ng c\u1ea5p c\u1ee7a v\u0103n ph\u00f2ng l\u00e3nh \u0111\u1ea1o.<\/p>\n<p data-start=\"1770\" data-end=\"1832\">V\u1ec1 ch\u1ea5t li\u1ec7u, s\u1ea3n ph\u1ea9m mang \u0111\u1ebfn cho kh\u00e1ch h\u00e0ng hai l\u1ef1a ch\u1ecdn:<\/p>\n<ul data-start=\"1833\" data-end=\"2243\">\n<li data-start=\"1833\" data-end=\"1988\">\n<p data-start=\"1835\" data-end=\"1988\"><strong data-start=\"1835\" data-end=\"1847\">D\u00f2ng V7:<\/strong> g\u1ed7 Veneer t\u1ef1 nhi\u00ean v\u1edbi v\u00e2n g\u1ed7 sang tr\u1ecdng, k\u1ebft h\u1ee3p \u1ed1p trang tr\u00ed m\u00e0u \u0111en m\u1ea1nh m\u1ebd, th\u1ec3 hi\u1ec7n s\u1ef1 quy\u1ec1n l\u1ef1c v\u00e0 c\u00e1 t\u00ednh ri\u00eang c\u1ee7a ng\u01b0\u1eddi l\u00e3nh \u0111\u1ea1o.<\/p>\n<\/li>\n<li data-start=\"1989\" data-end=\"2243\">\n<p data-start=\"1991\" data-end=\"2243\"><strong data-start=\"1991\" data-end=\"2004\">D\u00f2ng VM7:<\/strong> g\u1ed7 Veneer k\u1ebft h\u1ee3p Melamine \u2013 s\u1ef1 k\u1ebft h\u1ee3p ho\u00e0n h\u1ea3o gi\u1eefa t\u00ednh th\u1ea9m m\u1ef9 v\u00e0 \u0111\u1ed9 b\u1ec1n. B\u1ec1 m\u1eb7t Melamine ch\u1ed1ng tr\u1ea7y x\u01b0\u1edbc, ch\u1ed1ng th\u1ea5m, h\u1ea1n ch\u1ebf cong v\u00eanh, \u0111\u1ed3ng th\u1eddi d\u1ec5 d\u00e0ng v\u1ec7 sinh. D\u00f2ng n\u00e0y s\u1eed d\u1ee5ng \u1ed1p PVC m\u00e0u n\u00e2u, t\u1ea1o c\u1ea3m gi\u00e1c \u1ea5m \u00e1p v\u00e0 g\u1ea7n g\u0169i h\u01a1n.<\/p>\n<\/li>\n<\/ul>\n<p data-start=\"2245\" data-end=\"2541\">\u0110\u1eb7c bi\u1ec7t, b\u00e0n DT3212VM7 \u0111\u01b0\u1ee3c <strong data-start=\"2274\" data-end=\"2331\">k\u1ebft h\u1ee3p \u0111\u1ed3ng b\u1ed9 v\u1edbi h\u1ed9c t\u00e0i li\u1ec7u M3DV7 v\u00e0 t\u1ee7 ph\u1ee5 TPV7<\/strong>, t\u1ea1o n\u00ean m\u1ed9t h\u1ec7 th\u1ed1ng l\u00e0m vi\u1ec7c ho\u00e0n ch\u1ec9nh, ti\u1ec7n nghi v\u00e0 th\u1ed1ng nh\u1ea5t v\u1ec1 th\u1ea9m m\u1ef9. Vi\u1ec7c \u0111\u1ed3ng b\u1ed9 n\u00e0y kh\u00f4ng ch\u1ec9 t\u0103ng th\u00eam t\u00ednh ti\u1ec7n d\u1ee5ng m\u00e0 c\u00f2n g\u00f3p ph\u1ea7n kh\u1eb3ng \u0111\u1ecbnh phong c\u00e1ch chuy\u00ean nghi\u1ec7p c\u1ee7a kh\u00f4ng gian l\u00e3nh \u0111\u1ea1o.<\/p>\n<p data-start=\"2543\" data-end=\"2861\">S\u1ea3n ph\u1ea9m \u0111\u01b0\u1ee3c ch\u1ebf t\u00e1c v\u1edbi ti\u00eau chu\u1ea9n k\u1ef9 thu\u1eadt cao, dung sai k\u00edch th\u01b0\u1edbc \u00b15 mm, \u0111\u1ea3m b\u1ea3o s\u1ef1 chu\u1ea9n x\u00e1c v\u00e0 b\u1ec1n ch\u1eafc trong su\u1ed1t qu\u00e1 tr\u00ecnh s\u1eed d\u1ee5ng. T\u1eebng chi ti\u1ebft, t\u1eeb m\u1eb7t b\u00e0n, y\u1ebfm b\u00e0n \u0111\u1ebfn c\u00e1c \u0111\u01b0\u1eddng vi\u1ec1n trang tr\u00ed \u0111\u1ec1u \u0111\u01b0\u1ee3c x\u1eed l\u00fd t\u1ec9 m\u1ec9, ph\u1ea3n \u00e1nh s\u1ef1 tinh t\u1ebf trong s\u1ea3n xu\u1ea5t v\u00e0 kh\u1eb3ng \u0111\u1ecbnh uy t\u00edn c\u1ee7a th\u01b0\u01a1ng hi\u1ec7u N\u1ed8I TH\u1ea4T THE ONE.<\/p>\n<p data-start=\"2863\" data-end=\"3180\">B\u00ean c\u1ea1nh c\u00f4ng n\u0103ng, b\u00e0n DT3212VM7 c\u00f2n \u0111\u00f3ng vai tr\u00f2 quan tr\u1ecdng trong vi\u1ec7c n\u00e2ng t\u1ea7m h\u00ecnh \u1ea3nh doanh nghi\u1ec7p. M\u1ed9t chi\u1ebfc b\u00e0n gi\u00e1m \u0111\u1ed1c VIP sang tr\u1ecdng s\u1ebd t\u1ea1o \u1ea5n t\u01b0\u1ee3ng m\u1ea1nh v\u1edbi \u0111\u1ed1i t\u00e1c, kh\u00e1ch h\u00e0ng, \u0111\u1ed3ng th\u1eddi mang l\u1ea1i ngu\u1ed3n c\u1ea3m h\u1ee9ng l\u00e0m vi\u1ec7c t\u00edch c\u1ef1c, gi\u00fap ng\u01b0\u1eddi l\u00e3nh \u0111\u1ea1o t\u1ef1 tin \u0111\u01b0a ra nh\u1eefng quy\u1ebft \u0111\u1ecbnh chi\u1ebfn l\u01b0\u1ee3c quan tr\u1ecdng.<\/p>\n<p data-start=\"3182\" data-end=\"3414\">M\u1ed9t l\u01b0u \u00fd nh\u1ecf: m\u00e0u s\u1eafc hi\u1ec3n th\u1ecb tr\u00ean website c\u00f3 th\u1ec3 kh\u00e1c so v\u1edbi th\u1ef1c t\u1ebf do \u00e1nh s\u00e1ng ch\u1ee5p \u1ea3nh ho\u1eb7c m\u00f4 ph\u1ecfng b\u1eb1ng 3D. V\u00ec v\u1eady, kh\u00e1ch h\u00e0ng n\u00ean ki\u1ec3m tra v\u00e0 x\u00e1c nh\u1eadn m\u00e0u s\u1eafc tr\u1ef1c ti\u1ebfp tr\u01b0\u1edbc khi \u0111\u1eb7t h\u00e0ng \u0111\u1ec3 c\u00f3 s\u1ef1 l\u1ef1a ch\u1ecdn ch\u00ednh x\u00e1c nh\u1ea5t.<\/p>\n<p data-start=\"3416\" data-end=\"3705\">V\u1edbi thi\u1ebft k\u1ebf sang tr\u1ecdng, ch\u1ea5t li\u1ec7u cao c\u1ea5p, k\u00edch th\u01b0\u1edbc b\u1ec1 th\u1ebf v\u00e0 t\u00ednh n\u0103ng \u0111\u1ed3ng b\u1ed9 ti\u1ec7n nghi, B\u00e0n Gi\u00e1m \u0111\u1ed1c DT3212VM7 x\u1ee9ng \u0111\u00e1ng l\u00e0 bi\u1ec3u t\u01b0\u1ee3ng c\u1ee7a quy\u1ec1n l\u1ef1c v\u00e0 th\u00e0nh c\u00f4ng, tr\u1edf th\u00e0nh s\u1ef1 l\u1ef1a ch\u1ecdn h\u00e0ng \u0111\u1ea7u cho nh\u1eefng doanh nghi\u1ec7p mong mu\u1ed1n kh\u1eb3ng \u0111\u1ecbnh \u0111\u1eb3ng c\u1ea5p v\u00e0 phong c\u00e1ch l\u00e3nh \u0111\u1ea1o v\u01b0\u1ee3t tr\u1ed9i.<\/p>\n","protected":false},"excerpt":{"rendered":"<p><strong data-start=\"114\" data-end=\"292\">B\u00e0n Gi\u00e1m \u0111\u1ed1c DT3212VM7 \u2013 B\u00e0n l\u00e3nh \u0111\u1ea1o VIP cao c\u1ea5p, m\u1eb7t b\u00e0n l\u01b0\u1ee3n cong sang tr\u1ecdng, y\u1ebfm trang tr\u00ed \u1ed1p n\u1ed5i, s\u1eed d\u1ee5ng ch\u1ea5t li\u1ec7u g\u1ed7 Veneer (V7) ho\u1eb7c g\u1ed7 Veneer k\u1ebft h\u1ee3p Melamine (VM7).<\/strong><br data-start=\"292\" data-end=\"295\" \/><strong data-start=\"295\" data-end=\"310\">K\u00edch th\u01b0\u1edbc:<\/strong> W3200 x D1200 x H760 (mm)<br data-start=\"336\" data-end=\"339\" \/><strong data-start=\"339\" data-end=\"351\">Xu\u1ea5t x\u1ee9:<\/strong> S\u1ea3n ph\u1ea9m c\u1ee7a c\u00f4ng ty N\u1ed8I TH\u1ea4T THE ONE \u2013 Ph\u00e2n ph\u1ed1i b\u1edfi C\u00d4NG TY TNHH SXTM TTNT H\u1eeeU TH\u1ecaNH<br data-start=\"438\" data-end=\"441\" \/><strong data-start=\"441\" data-end=\"454\">B\u1ea3o h\u00e0nh:<\/strong> 12 th\u00e1ng theo ti\u00eau chu\u1ea9n nh\u00e0 m\u00e1y.<br data-start=\"488\" data-end=\"491\" \/><span style=\"color: #ed1c24;\"><em data-start=\"491\" data-end=\"643\">L\u01b0u \u00fd: Gi\u00e1 tr\u00ean ch\u01b0a bao g\u1ed3m VAT v\u00e0 ph\u00ed v\u1eadn chuy\u1ec3n. Gi\u00e1 s\u1ea3n ph\u1ea9m c\u00f3 th\u1ec3 thay \u0111\u1ed5i theo t\u1eebng th\u1eddi \u0111i\u1ec3m, vui l\u00f2ng li\u00ean h\u1ec7 \u0111\u1ec3 nh\u1eadn t\u01b0 v\u1ea5n \u01b0u \u0111\u00e3i t\u1ed1t nh\u1ea5t.<\/em><\/span><\/p>\n","protected":false},"featured_media":3276,"comment_status":"open","ping_status":"closed","template":"","meta":[],"product_brand":[],"product_cat":[17,756],"product_tag":[],"class_list":{"0":"post-1699","1":"product","2":"type-product","3":"status-publish","4":"has-post-thumbnail","6":"product_cat-noi-that-van-phong","7":"product_cat-ban-giam-doc","9":"first","10":"instock","11":"shipping-taxable","12":"purchasable","13":"product-type-simple"},"_links":{"self":[{"href":"https:\/\/noithathuuthinh.vn\/zh-hans\/wp-json\/wp\/v2\/product\/1699","targetHints":{"allow":["GET"]}}],"collection":[{"href":"https:\/\/noithathuuthinh.vn\/zh-hans\/wp-json\/wp\/v2\/product"}],"about":[{"href":"https:\/\/noithathuuthinh.vn\/zh-hans\/wp-json\/wp\/v2\/types\/product"}],"replies":[{"embeddable":true,"href":"https:\/\/noithathuuthinh.vn\/zh-hans\/wp-json\/wp\/v2\/comments?post=1699"}],"wp:featuredmedia":[{"embeddable":true,"href":"https:\/\/noithathuuthinh.vn\/zh-hans\/wp-json\/wp\/v2\/media\/3276"}],"wp:attachment":[{"href":"https:\/\/noithathuuthinh.vn\/zh-hans\/wp-json\/wp\/v2\/media?parent=1699"}],"wp:term":[{"taxonomy":"product_brand","embeddable":true,"href":"https:\/\/noithathuuthinh.vn\/zh-hans\/wp-json\/wp\/v2\/product_brand?post=1699"},{"taxonomy":"product_cat","embeddable":true,"href":"https:\/\/noithathuuthinh.vn\/zh-hans\/wp-json\/wp\/v2\/product_cat?post=1699"},{"taxonomy":"product_tag","embeddable":true,"href":"https:\/\/noithathuuthinh.vn\/zh-hans\/wp-json\/wp\/v2\/product_tag?post=1699"}],"curies":[{"name":"wp","href":"https:\/\/api.w.org\/{rel}","templated":true}]}}