{"id":1702,"date":"2025-07-14T00:22:18","date_gmt":"2025-07-13T17:22:18","guid":{"rendered":"https:\/\/noithathuuthinh.vn\/?post_type=product&#038;p=1702"},"modified":"2025-10-01T10:38:23","modified_gmt":"2025-10-01T03:38:23","slug":"ban-giam-doc-dt3012vm8","status":"publish","type":"product","link":"https:\/\/noithathuuthinh.vn\/zh-hans\/san-pham\/ban-giam-doc-dt3012vm8\/","title":{"rendered":"B\u00e0n Gi\u00e1m \u0111\u1ed1c DT3012VM8"},"content":{"rendered":"<h3 data-start=\"193\" data-end=\"282\">B\u00e0n Gi\u00e1m \u0111\u1ed1c DT3012VM8 \u2013 Bi\u1ec3u t\u01b0\u1ee3ng quy\u1ec1n l\u1ef1c v\u00e0 \u0111\u1eb3ng c\u1ea5p trong kh\u00f4ng gian l\u00e3nh \u0111\u1ea1o<\/h3>\n<p data-start=\"284\" data-end=\"825\">Trong th\u1ebf gi\u1edbi kinh doanh hi\u1ec7n \u0111\u1ea1i, kh\u00f4ng gian l\u00e0m vi\u1ec7c c\u1ee7a l\u00e3nh \u0111\u1ea1o kh\u00f4ng ch\u1ec9 \u0111\u01a1n thu\u1ea7n l\u00e0 n\u01a1i gi\u1ea3i quy\u1ebft c\u00f4ng vi\u1ec7c h\u00e0ng ng\u00e0y m\u00e0 c\u00f2n l\u00e0 t\u1ea5m g\u01b0\u01a1ng ph\u1ea3n chi\u1ebfu phong c\u00e1ch, c\u00e1 t\u00ednh v\u00e0 v\u1ecb th\u1ebf c\u1ee7a ng\u01b0\u1eddi \u0111\u1ee9ng \u0111\u1ea7u. Ch\u00ednh v\u00ec v\u1eady, vi\u1ec7c l\u1ef1a ch\u1ecdn b\u00e0n gi\u00e1m \u0111\u1ed1c ph\u00f9 h\u1ee3p tr\u1edf th\u00e0nh y\u1ebfu t\u1ed1 v\u00f4 c\u00f9ng quan tr\u1ecdng. Gi\u1eefa nhi\u1ec1u d\u00f2ng s\u1ea3n ph\u1ea9m hi\u1ec7n c\u00f3 tr\u00ean th\u1ecb tr\u01b0\u1eddng, <strong data-start=\"628\" data-end=\"654\">B\u00e0n Gi\u00e1m \u0111\u1ed1c DT3012VM8<\/strong> n\u1ed5i b\u1eadt nh\u1edd thi\u1ebft k\u1ebf b\u1ec1 th\u1ebf, ch\u1ea5t li\u1ec7u cao c\u1ea5p v\u00e0 t\u00ednh th\u1ea9m m\u1ef9 tinh t\u1ebf, l\u00e0 l\u1ef1a ch\u1ecdn ho\u00e0n h\u1ea3o d\u00e0nh cho c\u00e1c nh\u00e0 l\u00e3nh \u0111\u1ea1o mong mu\u1ed1n kh\u1eb3ng \u0111\u1ecbnh t\u1ea7m v\u00f3c v\u00e0 phong c\u00e1ch ri\u00eang.<\/p>\n<p data-start=\"827\" data-end=\"1339\">S\u1ea3n ph\u1ea9m n\u00e0y \u0111\u01b0\u1ee3c thi\u1ebft k\u1ebf v\u1edbi <strong data-start=\"858\" data-end=\"900\">k\u00edch th\u01b0\u1edbc l\u1edbn W3000 x D1200 x H760 mm<\/strong>, ph\u00f9 h\u1ee3p v\u1edbi c\u00e1c kh\u00f4ng gian v\u0103n ph\u00f2ng gi\u00e1m \u0111\u1ed1c, t\u1ed5ng gi\u00e1m \u0111\u1ed1c ho\u1eb7c ch\u1ee7 t\u1ecbch. V\u1edbi di\u1ec7n t\u00edch m\u1eb7t b\u00e0n r\u1ed9ng r\u00e3i, ng\u01b0\u1eddi l\u00e3nh \u0111\u1ea1o c\u00f3 th\u1ec3 tho\u1ea3i m\u00e1i b\u1ed1 tr\u00ed c\u00e1c thi\u1ebft b\u1ecb l\u00e0m vi\u1ec7c nh\u01b0 m\u00e1y t\u00ednh, \u0111i\u1ec7n tho\u1ea1i, t\u00e0i li\u1ec7u quan tr\u1ecdng, c\u00f9ng v\u1edbi nh\u1eefng v\u1eadt d\u1ee5ng trang tr\u00ed th\u1ec3 hi\u1ec7n phong th\u1ee7y ho\u1eb7c c\u00e1 t\u00ednh c\u00e1 nh\u00e2n. S\u1ef1 c\u00e2n \u0111\u1ed1i v\u1ec1 k\u00edch th\u01b0\u1edbc kh\u00f4ng ch\u1ec9 mang \u0111\u1ebfn s\u1ef1 ti\u1ec7n nghi khi l\u00e0m vi\u1ec7c m\u00e0 c\u00f2n g\u00f3p ph\u1ea7n t\u1ea1o \u0111i\u1ec3m nh\u1ea5n sang tr\u1ecdng, b\u1ec1 th\u1ebf cho t\u1ed5ng th\u1ec3 kh\u00f4ng gian.<\/p>\n<p data-start=\"1341\" data-end=\"1671\">\u0110i\u1ec3m n\u1ed5i b\u1eadt \u0111\u00e1ng ch\u00fa \u00fd c\u1ee7a DT3012VM8 ch\u00ednh l\u00e0 <strong data-start=\"1388\" data-end=\"1415\">thi\u1ebft k\u1ebf y\u1ebfm b\u00e0n \u1ed1p n\u1ed5i<\/strong>. \u0110\u00e2y kh\u00f4ng ch\u1ec9 l\u00e0 chi ti\u1ebft gia t\u0103ng t\u00ednh ch\u1eafc ch\u1eafn m\u00e0 c\u00f2n mang l\u1ea1i s\u1ef1 kh\u00e1c bi\u1ec7t v\u1ec1 th\u1ea9m m\u1ef9. Y\u1ebfm b\u00e0n \u0111\u01b0\u1ee3c thi\u1ebft k\u1ebf c\u1ea7u k\u1ef3, t\u1ea1o c\u1ea3m gi\u00e1c m\u1ea1nh m\u1ebd, uy nghi\u00eam, \u0111\u1ed3ng th\u1eddi kh\u1eb3ng \u0111\u1ecbnh s\u1ef1 v\u1eefng v\u00e0ng, quy\u1ebft \u0111o\u00e1n \u2013 \u0111\u00fang v\u1edbi h\u00ecnh \u1ea3nh c\u1ee7a m\u1ed9t nh\u00e0 l\u00e3nh \u0111\u1ea1o th\u00e0nh c\u00f4ng.<\/p>\n<p data-start=\"1673\" data-end=\"1745\">V\u1ec1 ch\u1ea5t li\u1ec7u, b\u00e0n mang \u0111\u1ebfn cho kh\u00e1ch h\u00e0ng <strong data-start=\"1715\" data-end=\"1742\">hai s\u1ef1 l\u1ef1a ch\u1ecdn cao c\u1ea5p<\/strong>:<\/p>\n<ul data-start=\"1746\" data-end=\"2357\">\n<li data-start=\"1746\" data-end=\"2003\">\n<p data-start=\"1748\" data-end=\"2003\"><strong data-start=\"1748\" data-end=\"1767\">Veneer to\u00e0n b\u1ed9:<\/strong> s\u1eed d\u1ee5ng l\u1edbp ph\u1ee7 g\u1ed7 Veneer t\u1ef1 nhi\u00ean v\u1edbi v\u00e2n g\u1ed7 sang tr\u1ecdng, mang \u0111\u1ebfn s\u1ef1 g\u1ea7n g\u0169i, tinh t\u1ebf nh\u01b0ng v\u1eabn gi\u1eef \u0111\u01b0\u1ee3c n\u00e9t quy\u1ec1n qu\u00fd. \u0110\u00e2y l\u00e0 l\u1ef1a ch\u1ecdn d\u00e0nh cho nh\u1eefng v\u1ecb l\u00e3nh \u0111\u1ea1o y\u00eau th\u00edch v\u1ebb \u0111\u1eb9p m\u1ed9c m\u1ea1c, truy\u1ec1n th\u1ed1ng nh\u01b0ng kh\u00f4ng k\u00e9m ph\u1ea7n hi\u1ec7n \u0111\u1ea1i.<\/p>\n<\/li>\n<li data-start=\"2004\" data-end=\"2357\">\n<p data-start=\"2006\" data-end=\"2357\"><strong data-start=\"2006\" data-end=\"2034\">Veneer k\u1ebft h\u1ee3p Melamine:<\/strong> trong \u0111\u00f3 m\u1eb7t ngo\u00e0i \u0111\u01b0\u1ee3c ph\u1ee7 Veneer gi\u1eef nguy\u00ean t\u00ednh th\u1ea9m m\u1ef9 t\u1ef1 nhi\u00ean, c\u00f2n m\u1eb7t trong s\u1eed d\u1ee5ng Melamine \u0111\u1ec3 gia t\u0103ng \u0111\u1ed9 b\u1ec1n, h\u1ea1n ch\u1ebf cong v\u00eanh, ch\u1ed1ng tr\u1ea7y x\u01b0\u1edbc v\u00e0 ch\u1ed1ng \u1ea9m hi\u1ec7u qu\u1ea3. S\u1ef1 k\u1ebft h\u1ee3p th\u00f4ng minh n\u00e0y v\u1eeba \u0111\u1ea3m b\u1ea3o gi\u00e1 tr\u1ecb th\u1ea9m m\u1ef9 cao, v\u1eeba gi\u00fap s\u1ea3n ph\u1ea9m b\u1ec1n \u0111\u1eb9p theo th\u1eddi gian v\u00e0 d\u1ec5 d\u00e0ng v\u1ec7 sinh trong qu\u00e1 tr\u00ecnh s\u1eed d\u1ee5ng.<\/p>\n<\/li>\n<\/ul>\n<p data-start=\"2359\" data-end=\"2720\">B\u00ean c\u1ea1nh \u0111\u00f3, b\u00e0n \u0111\u01b0\u1ee3c s\u1ea3n xu\u1ea5t tr\u00ean d\u00e2y chuy\u1ec1n c\u00f4ng ngh\u1ec7 hi\u1ec7n \u0111\u1ea1i, v\u1edbi ti\u00eau chu\u1ea9n k\u1ef9 thu\u1eadt nghi\u00eam ng\u1eb7t. <strong data-start=\"2463\" data-end=\"2496\">Dung sai k\u00edch th\u01b0\u1edbc ch\u1ec9 \u00b15 mm<\/strong> th\u1ec3 hi\u1ec7n s\u1ef1 ch\u00ednh x\u00e1c v\u00e0 t\u1ec9 m\u1ec9 trong t\u1eebng chi ti\u1ebft. T\u1eebng g\u00f3c c\u1ea1nh, t\u1eebng \u0111\u01b0\u1eddng v\u00e2n g\u1ed7 \u0111\u1ec1u \u0111\u01b0\u1ee3c ch\u0103m ch\u00fat k\u1ef9 l\u01b0\u1ee1ng, mang l\u1ea1i m\u1ed9t s\u1ea3n ph\u1ea9m ho\u00e0n thi\u1ec7n c\u00f3 ch\u1ea5t l\u01b0\u1ee3ng cao, \u0111\u00e1p \u1ee9ng s\u1ef1 kh\u1eaft khe c\u1ee7a nh\u1eefng kh\u00e1ch h\u00e0ng kh\u00f3 t\u00ednh nh\u1ea5t.<\/p>\n<p data-start=\"2722\" data-end=\"3160\">B\u00e0n gi\u00e1m \u0111\u1ed1c kh\u00f4ng ch\u1ec9 l\u00e0 ph\u01b0\u01a1ng ti\u1ec7n l\u00e0m vi\u1ec7c, m\u00e0 c\u00f2n l\u00e0 y\u1ebfu t\u1ed1 quan tr\u1ecdng gi\u00fap n\u00e2ng t\u1ea7m h\u00ecnh \u1ea3nh l\u00e3nh \u0111\u1ea1o c\u0169ng nh\u01b0 doanh nghi\u1ec7p. V\u1edbi DT3012VM8, m\u1ed7i chi ti\u1ebft \u0111\u1ec1u to\u00e1t l\u00ean s\u1ef1 sang tr\u1ecdng v\u00e0 quy\u1ec1n l\u1ef1c, gi\u00fap v\u0103n ph\u00f2ng tr\u1edf n\u00ean chuy\u00ean nghi\u1ec7p v\u00e0 \u0111\u1eb3ng c\u1ea5p h\u01a1n. \u0110\u1ed1i t\u00e1c, kh\u00e1ch h\u00e0ng khi \u0111\u1ebfn l\u00e0m vi\u1ec7c ch\u1eafc ch\u1eafn s\u1ebd \u1ea5n t\u01b0\u1ee3ng v\u1edbi kh\u00f4ng gian v\u0103n ph\u00f2ng \u0111\u01b0\u1ee3c trang b\u1ecb chi\u1ebfc b\u00e0n n\u00e0y, t\u1eeb \u0111\u00f3 g\u00f3p ph\u1ea7n n\u00e2ng cao uy t\u00edn v\u00e0 s\u1ef1 tin t\u01b0\u1edfng d\u00e0nh cho doanh nghi\u1ec7p.<\/p>\n<p data-start=\"3162\" data-end=\"3571\">M\u1ed9t \u01b0u \u0111i\u1ec3m kh\u00e1c kh\u00f4ng th\u1ec3 b\u1ecf qua c\u1ee7a DT3012VM8 ch\u00ednh l\u00e0 t\u00ednh \u1ee9ng d\u1ee5ng linh ho\u1ea1t. Ki\u1ec3u d\u00e1ng b\u00e0n m\u1eb7t ch\u1eef nh\u1eadt \u0111\u01a1n gi\u1ea3n nh\u01b0ng tinh t\u1ebf, d\u1ec5 d\u00e0ng ph\u1ed1i h\u1ee3p v\u1edbi nhi\u1ec1u lo\u1ea1i gh\u1ebf gi\u00e1m \u0111\u1ed1c, t\u1ee7 t\u00e0i li\u1ec7u hay k\u1ec7 trang tr\u00ed \u0111\u1ec3 t\u1ea1o th\u00e0nh m\u1ed9t t\u1ed5ng th\u1ec3 \u0111\u1ed3ng b\u1ed9, hi\u1ec7n \u0111\u1ea1i. V\u1edbi gam m\u00e0u v\u00e2n g\u1ed7 t\u1ef1 nhi\u00ean \u0111\u1eb7c tr\u01b0ng, s\u1ea3n ph\u1ea9m d\u1ec5 d\u00e0ng h\u00f2a h\u1ee3p v\u1edbi nhi\u1ec1u phong c\u00e1ch thi\u1ebft k\u1ebf v\u0103n ph\u00f2ng, t\u1eeb sang tr\u1ecdng c\u1ed5 \u0111i\u1ec3n cho \u0111\u1ebfn tr\u1ebb trung hi\u1ec7n \u0111\u1ea1i.<\/p>\n<p data-start=\"3573\" data-end=\"3923\">Ngo\u00e0i ra, b\u00e0n c\u00f2n \u0111\u01b0\u1ee3c \u0111\u00e1nh gi\u00e1 cao nh\u1edd <strong data-start=\"3613\" data-end=\"3633\">tu\u1ed5i th\u1ecd l\u00e2u d\u00e0i<\/strong>. V\u1edbi ch\u1ea5t li\u1ec7u g\u1ed7 cao c\u1ea5p, kh\u1ea3 n\u0103ng ch\u1ed1ng m\u1ed1i m\u1ecdt, ch\u1ed1ng cong v\u00eanh v\u00e0 b\u1ec1n m\u00e0u theo th\u1eddi gian, s\u1ea3n ph\u1ea9m gi\u00fap kh\u00e1ch h\u00e0ng y\u00ean t\u00e2m khi \u0111\u1ea7u t\u01b0. \u0110\u00e2y kh\u00f4ng ch\u1ec9 l\u00e0 m\u1ed9t chi\u1ebfc b\u00e0n l\u00e0m vi\u1ec7c th\u00f4ng th\u01b0\u1eddng, m\u00e0 c\u00f2n l\u00e0 <strong data-start=\"3837\" data-end=\"3874\">s\u1ef1 \u0111\u1ea7u t\u01b0 x\u1ee9ng \u0111\u00e1ng cho t\u01b0\u01a1ng lai<\/strong>, \u0111\u1ed3ng h\u00e0nh c\u00f9ng l\u00e3nh \u0111\u1ea1o trong nhi\u1ec1u n\u0103m li\u1ec1n.<\/p>\n<p data-start=\"3925\" data-end=\"4244\">C\u00f3 th\u1ec3 n\u00f3i, B\u00e0n Gi\u00e1m \u0111\u1ed1c DT3012VM8 ch\u00ednh l\u00e0 s\u1ef1 k\u1ebft h\u1ee3p ho\u00e0n h\u1ea3o gi\u1eefa c\u00f4ng n\u0103ng v\u00e0 th\u1ea9m m\u1ef9, v\u1eeba \u0111\u00e1p \u1ee9ng nhu c\u1ea7u l\u00e0m vi\u1ec7c ti\u1ec7n nghi, v\u1eeba th\u1ec3 hi\u1ec7n r\u00f5 v\u1ecb th\u1ebf l\u00e3nh \u0111\u1ea1o. \u0110\u00e2y l\u00e0 l\u1ef1a ch\u1ecdn l\u00fd t\u01b0\u1edfng d\u00e0nh cho nh\u1eefng ai mong mu\u1ed1n kh\u00f4ng gian l\u00e0m vi\u1ec7c c\u1ee7a m\u00ecnh v\u1eeba hi\u1ec7n \u0111\u1ea1i, v\u1eeba sang tr\u1ecdng, \u0111\u1ed3ng th\u1eddi th\u1ec3 hi\u1ec7n phong c\u00e1ch ri\u00eang bi\u1ec7t.<\/p>\n","protected":false},"excerpt":{"rendered":"<p data-start=\"114\" data-end=\"647\"><strong data-start=\"114\" data-end=\"294\">B\u00e0n Gi\u00e1m \u0111\u1ed1c DT3012VM8 \u2013 B\u00e0n l\u00e3nh \u0111\u1ea1o cao c\u1ea5p m\u1eb7t ch\u1eef nh\u1eadt, y\u1ebfm \u1ed1p n\u1ed5i, s\u1eed d\u1ee5ng ch\u1ea5t li\u1ec7u g\u1ed7 Veneer to\u00e0n b\u1ed9 ho\u1eb7c Veneer k\u1ebft h\u1ee3p Melamine (m\u1eb7t ngo\u00e0i Veneer, m\u1eb7t trong Melamine).<\/strong><br data-start=\"294\" data-end=\"297\" \/><strong data-start=\"297\" data-end=\"312\">K\u00edch th\u01b0\u1edbc:<\/strong> W3000 x D1200 x H760 (mm)<br data-start=\"338\" data-end=\"341\" \/><strong data-start=\"341\" data-end=\"353\">Xu\u1ea5t x\u1ee9:<\/strong> S\u1ea3n ph\u1ea9m c\u1ee7a c\u00f4ng ty N\u1ed8I TH\u1ea4T THE ONE \u2013 Ph\u00e2n ph\u1ed1i b\u1edfi C\u00d4NG TY TNHH SXTM TTNT H\u1eeeU TH\u1ecaNH<br data-start=\"440\" data-end=\"443\" \/><strong data-start=\"443\" data-end=\"456\">B\u1ea3o h\u00e0nh:<\/strong> 12 th\u00e1ng theo ti\u00eau chu\u1ea9n nh\u00e0 m\u00e1y.<br data-start=\"490\" data-end=\"493\" \/><span style=\"color: #ed1c24;\"><em data-start=\"493\" data-end=\"645\">L\u01b0u \u00fd: Gi\u00e1 tr\u00ean ch\u01b0a bao g\u1ed3m VAT v\u00e0 ph\u00ed v\u1eadn chuy\u1ec3n. Gi\u00e1 s\u1ea3n ph\u1ea9m c\u00f3 th\u1ec3 thay \u0111\u1ed5i theo t\u1eebng th\u1eddi \u0111i\u1ec3m, vui l\u00f2ng li\u00ean h\u1ec7 \u0111\u1ec3 nh\u1eadn t\u01b0 v\u1ea5n \u01b0u \u0111\u00e3i t\u1ed1t nh\u1ea5t.<\/em><\/span><\/p>\n","protected":false},"featured_media":3279,"comment_status":"open","ping_status":"closed","template":"","meta":[],"product_brand":[],"product_cat":[17,756],"product_tag":[],"class_list":{"0":"post-1702","1":"product","2":"type-product","3":"status-publish","4":"has-post-thumbnail","6":"product_cat-noi-that-van-phong","7":"product_cat-ban-giam-doc","9":"first","10":"instock","11":"shipping-taxable","12":"purchasable","13":"product-type-simple"},"_links":{"self":[{"href":"https:\/\/noithathuuthinh.vn\/zh-hans\/wp-json\/wp\/v2\/product\/1702","targetHints":{"allow":["GET"]}}],"collection":[{"href":"https:\/\/noithathuuthinh.vn\/zh-hans\/wp-json\/wp\/v2\/product"}],"about":[{"href":"https:\/\/noithathuuthinh.vn\/zh-hans\/wp-json\/wp\/v2\/types\/product"}],"replies":[{"embeddable":true,"href":"https:\/\/noithathuuthinh.vn\/zh-hans\/wp-json\/wp\/v2\/comments?post=1702"}],"wp:featuredmedia":[{"embeddable":true,"href":"https:\/\/noithathuuthinh.vn\/zh-hans\/wp-json\/wp\/v2\/media\/3279"}],"wp:attachment":[{"href":"https:\/\/noithathuuthinh.vn\/zh-hans\/wp-json\/wp\/v2\/media?parent=1702"}],"wp:term":[{"taxonomy":"product_brand","embeddable":true,"href":"https:\/\/noithathuuthinh.vn\/zh-hans\/wp-json\/wp\/v2\/product_brand?post=1702"},{"taxonomy":"product_cat","embeddable":true,"href":"https:\/\/noithathuuthinh.vn\/zh-hans\/wp-json\/wp\/v2\/product_cat?post=1702"},{"taxonomy":"product_tag","embeddable":true,"href":"https:\/\/noithathuuthinh.vn\/zh-hans\/wp-json\/wp\/v2\/product_tag?post=1702"}],"curies":[{"name":"wp","href":"https:\/\/api.w.org\/{rel}","templated":true}]}}