{"id":1754,"date":"2025-07-15T00:13:03","date_gmt":"2025-07-14T17:13:03","guid":{"rendered":"https:\/\/noithathuuthinh.vn\/?post_type=product&#038;p=1754"},"modified":"2025-09-27T13:54:20","modified_gmt":"2025-09-27T06:54:20","slug":"ban-giam-doc-dt2010vm17","status":"publish","type":"product","link":"https:\/\/noithathuuthinh.vn\/zh-hans\/san-pham\/ban-giam-doc-dt2010vm17\/","title":{"rendered":"B\u00e0n Gi\u00e1m \u0111\u1ed1c DT2010VM17"},"content":{"rendered":"<p data-start=\"540\" data-end=\"623\"><strong data-start=\"540\" data-end=\"621\">B\u00e0n Gi\u00e1m \u0111\u1ed1c DT2010VM17 \u2013 Ki\u1ebfn t\u1ea1o kh\u00f4ng gian l\u00e3nh \u0111\u1ea1o sang tr\u1ecdng v\u00e0 quy\u1ec1n uy<\/strong><\/p>\n<p data-start=\"625\" data-end=\"1110\">Trong b\u1ed1i c\u1ea3nh doanh nghi\u1ec7p ng\u00e0y c\u00e0ng ch\u00fa tr\u1ecdng \u0111\u1ebfn h\u00ecnh \u1ea3nh v\u00e0 th\u01b0\u01a1ng hi\u1ec7u, v\u0103n ph\u00f2ng gi\u00e1m \u0111\u1ed1c kh\u00f4ng ch\u1ec9 l\u00e0 n\u01a1i l\u00e0m vi\u1ec7c m\u00e0 c\u00f2n l\u00e0 n\u01a1i kh\u1eb3ng \u0111\u1ecbnh phong th\u00e1i v\u00e0 uy t\u00edn c\u1ee7a ng\u01b0\u1eddi \u0111\u1ee9ng \u0111\u1ea7u. \u0110\u1ec3 ki\u1ebfn t\u1ea1o m\u1ed9t kh\u00f4ng gian l\u00e0m vi\u1ec7c chuy\u00ean nghi\u1ec7p, hi\u1ec7n \u0111\u1ea1i v\u00e0 \u0111\u1eb3ng c\u1ea5p, vi\u1ec7c l\u1ef1a ch\u1ecdn n\u1ed9i th\u1ea5t ph\u00f9 h\u1ee3p l\u00e0 v\u00f4 c\u00f9ng quan tr\u1ecdng. Trong \u0111\u00f3, <strong data-start=\"950\" data-end=\"977\">B\u00e0n Gi\u00e1m \u0111\u1ed1c DT2010VM17<\/strong> \u0111\u1ebfn t\u1eeb th\u01b0\u01a1ng hi\u1ec7u <strong data-start=\"997\" data-end=\"1017\">N\u1ed8I TH\u1ea4T THE ONE<\/strong> n\u1ed5i b\u1eadt nh\u01b0 m\u1ed9t gi\u1ea3i ph\u00e1p ho\u00e0n h\u1ea3o, k\u1ebft h\u1ee3p h\u00e0i h\u00f2a gi\u1eefa th\u1ea9m m\u1ef9, ch\u1ea5t l\u01b0\u1ee3ng v\u00e0 c\u00f4ng n\u0103ng.<\/p>\n<h4 data-start=\"1112\" data-end=\"1165\">Thi\u1ebft k\u1ebf sang tr\u1ecdng, chu\u1ea9n phong th\u00e1i l\u00e3nh \u0111\u1ea1o<\/h4>\n<p data-start=\"1166\" data-end=\"1610\">DT2010VM17 \u0111\u01b0\u1ee3c thi\u1ebft k\u1ebf v\u1edbi ki\u1ec3u d\u00e1ng m\u1eb7t ch\u1eef nh\u1eadt vu\u00f4ng v\u1eafn, mang v\u1ebb \u0111\u1eb9p \u0111\u01a1n gi\u1ea3n nh\u01b0ng tinh t\u1ebf. C\u00e1c \u0111\u01b0\u1eddng n\u00e9t kh\u1ecfe kho\u1eafn, s\u1eafc s\u1ea3o t\u1ea1o n\u00ean s\u1ef1 b\u1ec1 th\u1ebf v\u00e0 v\u1eefng ch\u00e3i, ph\u1ea3n \u00e1nh h\u00ecnh \u1ea3nh c\u1ee7a m\u1ed9t nh\u00e0 l\u00e3nh \u0111\u1ea1o b\u1ea3n l\u0129nh, quy\u1ebft \u0111o\u00e1n. V\u1edbi k\u00edch th\u01b0\u1edbc <strong data-start=\"1407\" data-end=\"1434\">W2000 x D1000 x H760 mm<\/strong>, chi\u1ebfc b\u00e0n n\u00e0y \u0111em \u0111\u1ebfn kh\u00f4ng gian l\u00e0m vi\u1ec7c r\u1ed9ng r\u00e3i, cho ph\u00e9p ng\u01b0\u1eddi d\u00f9ng tho\u1ea3i m\u00e1i s\u1eafp x\u1ebfp laptop, t\u00e0i li\u1ec7u, m\u00e1y \u0111i\u1ec7n tho\u1ea1i v\u00e0 c\u00e1c v\u1eadt d\u1ee5ng kh\u00e1c m\u1ed9t c\u00e1ch khoa h\u1ecdc, g\u1ecdn g\u00e0ng.<\/p>\n<p data-start=\"1612\" data-end=\"1922\">Thi\u1ebft k\u1ebf c\u1ee7a b\u00e0n kh\u00f4ng ch\u1ec9 \u0111\u00e1p \u1ee9ng t\u00ednh th\u1ea9m m\u1ef9 m\u00e0 c\u00f2n t\u1ed1i \u01b0u s\u1ef1 ti\u1ec7n d\u1ee5ng. Kho\u1ea3ng r\u1ed9ng h\u1ee3p l\u00fd c\u00f9ng chi\u1ec1u cao ti\u00eau chu\u1ea9n gi\u00fap ng\u01b0\u1eddi ng\u1ed3i c\u00f3 c\u1ea3m gi\u00e1c tho\u1ea3i m\u00e1i, h\u1ea1n ch\u1ebf m\u1ec7t m\u1ecfi trong qu\u00e1 tr\u00ecnh l\u00e0m vi\u1ec7c. \u0110\u00e2y l\u00e0 y\u1ebfu t\u1ed1 quan tr\u1ecdng, \u0111\u1eb7c bi\u1ec7t \u0111\u1ed1i v\u1edbi l\u00e3nh \u0111\u1ea1o th\u01b0\u1eddng xuy\u00ean ph\u1ea3i x\u1eed l\u00fd c\u00f4ng vi\u1ec7c trong th\u1eddi gian d\u00e0i.<\/p>\n<h4 data-start=\"1924\" data-end=\"1985\">Ch\u1ea5t li\u1ec7u Veneer v\u00e0 Melamine \u2013 B\u1ea3o ch\u1ee9ng cho s\u1ef1 b\u1ec1n b\u1ec9<\/h4>\n<p data-start=\"1986\" data-end=\"2044\">\u0110i\u1ec3m n\u1ed5i b\u1eadt c\u1ee7a <strong data-start=\"2003\" data-end=\"2017\">DT2010VM17<\/strong> n\u1eb1m \u1edf ch\u1ea5t li\u1ec7u cao c\u1ea5p:<\/p>\n<ul data-start=\"2045\" data-end=\"2405\">\n<li data-start=\"2045\" data-end=\"2174\">\n<p data-start=\"2047\" data-end=\"2174\"><strong data-start=\"2047\" data-end=\"2064\">Veneer (V17):<\/strong> n\u1ed5i b\u1eadt v\u1edbi v\u00e2n g\u1ed7 t\u1ef1 nhi\u00ean m\u1ec1m m\u1ea1i, mang \u0111\u1ebfn c\u1ea3m gi\u00e1c sang tr\u1ecdng, g\u1ea7n g\u0169i nh\u01b0ng v\u1eabn to\u00e1t l\u00ean s\u1ef1 quy\u1ec1n qu\u00fd.<\/p>\n<\/li>\n<li data-start=\"2175\" data-end=\"2405\">\n<p data-start=\"2177\" data-end=\"2405\"><strong data-start=\"2177\" data-end=\"2212\">Veneer k\u1ebft h\u1ee3p Melamine (VM17):<\/strong> l\u00e0 s\u1ef1 giao thoa ho\u00e0n h\u1ea3o gi\u1eefa t\u00ednh th\u1ea9m m\u1ef9 v\u00e0 \u0111\u1ed9 b\u1ec1n. L\u1edbp Veneer b\u00ean ngo\u00e0i gi\u1eef nguy\u00ean v\u1ebb \u0111\u1eb9p t\u1ef1 nhi\u00ean, trong khi Melamine b\u00ean trong gi\u00fap b\u00e0n ch\u1ed1ng tr\u1ea7y x\u01b0\u1edbc, ch\u1ed1ng \u1ea9m m\u1ed1c v\u00e0 d\u1ec5 d\u00e0ng v\u1ec7 sinh.<\/p>\n<\/li>\n<\/ul>\n<p data-start=\"2407\" data-end=\"2476\">Ngo\u00e0i ra, b\u00e0n \u0111\u01b0\u1ee3c ho\u00e0n thi\u1ec7n v\u1edbi \u1ed1p trang tr\u00ed theo hai phong c\u00e1ch:<\/p>\n<ul data-start=\"2477\" data-end=\"2608\">\n<li data-start=\"2477\" data-end=\"2537\">\n<p data-start=\"2479\" data-end=\"2537\"><strong data-start=\"2479\" data-end=\"2491\">D\u00f2ng VM:<\/strong> \u1ed1p PVC m\u00e0u n\u00e2u, mang l\u1ea1i s\u1ef1 \u1ea5m \u00e1p, tinh t\u1ebf.<\/p>\n<\/li>\n<li data-start=\"2538\" data-end=\"2608\">\n<p data-start=\"2540\" data-end=\"2608\"><strong data-start=\"2540\" data-end=\"2551\">D\u00f2ng V:<\/strong> \u1ed1p trang tr\u00ed m\u00e0u \u0111en, kh\u1eb3ng \u0111\u1ecbnh s\u1ef1 m\u1ea1nh m\u1ebd, quy\u1ec1n uy.<\/p>\n<\/li>\n<\/ul>\n<p data-start=\"2610\" data-end=\"2742\">Ch\u00ednh s\u1ef1 \u0111a d\u1ea1ng n\u00e0y gi\u00fap s\u1ea3n ph\u1ea9m d\u1ec5 d\u00e0ng ph\u00f9 h\u1ee3p v\u1edbi nhi\u1ec1u phong c\u00e1ch thi\u1ebft k\u1ebf n\u1ed9i th\u1ea5t v\u0103n ph\u00f2ng, t\u1eeb hi\u1ec7n \u0111\u1ea1i \u0111\u1ebfn truy\u1ec1n th\u1ed1ng.<\/p>\n<h4 data-start=\"2744\" data-end=\"2792\">Ch\u1ea5t l\u01b0\u1ee3ng v\u01b0\u1ee3t tr\u1ed9i t\u1eeb chi ti\u1ebft nh\u1ecf nh\u1ea5t<\/h4>\n<p data-start=\"2793\" data-end=\"3103\">V\u1edbi dung sai k\u00edch th\u01b0\u1edbc \u00b15 mm, b\u00e0n gi\u00e1m \u0111\u1ed1c DT2010VM17 \u0111\u01b0\u1ee3c s\u1ea3n xu\u1ea5t theo ti\u00eau chu\u1ea9n k\u1ef9 thu\u1eadt nghi\u00eam ng\u1eb7t, \u0111\u1ea3m b\u1ea3o \u0111\u1ed9 ch\u00ednh x\u00e1c v\u00e0 t\u00ednh \u0111\u1ed3ng nh\u1ea5t cao. T\u1eebng chi ti\u1ebft t\u1eeb b\u1ec1 m\u1eb7t, g\u00f3c c\u1ea1nh cho \u0111\u1ebfn c\u00e1c \u0111\u01b0\u1eddng \u1ed1p \u0111\u1ec1u \u0111\u01b0\u1ee3c ho\u00e0n thi\u1ec7n c\u1ea9n th\u1eadn, mang \u0111\u1ebfn m\u1ed9t s\u1ea3n ph\u1ea9m c\u00f3 \u0111\u1ed9 b\u1ec1n l\u00e2u d\u00e0i, gi\u1eef v\u1eefng v\u1ebb \u0111\u1eb9p theo th\u1eddi gian.<\/p>\n<p data-start=\"3105\" data-end=\"3300\">S\u1ef1 k\u1ebft h\u1ee3p gi\u1eefa c\u00f4ng ngh\u1ec7 hi\u1ec7n \u0111\u1ea1i v\u00e0 tay ngh\u1ec1 tinh x\u1ea3o trong qu\u00e1 tr\u00ecnh s\u1ea3n xu\u1ea5t gi\u00fap b\u00e0n kh\u00f4ng ch\u1ec9 l\u00e0 m\u00f3n n\u1ed9i th\u1ea5t th\u00f4ng th\u01b0\u1eddng m\u00e0 c\u00f2n l\u00e0 m\u1ed9t t\u00e1c ph\u1ea9m ngh\u1ec7 thu\u1eadt, x\u1ee9ng t\u1ea7m v\u1edbi v\u1ecb tr\u00ed l\u00e3nh \u0111\u1ea1o.<\/p>\n<h4 data-start=\"3302\" data-end=\"3346\">Gi\u00e1 tr\u1ecb s\u1eed d\u1ee5ng v\u00e0 \u00fd ngh\u0129a phong th\u1ee7y<\/h4>\n<p data-start=\"3347\" data-end=\"3637\">Ngo\u00e0i c\u00f4ng n\u0103ng ph\u1ee5c v\u1ee5 c\u00f4ng vi\u1ec7c, b\u00e0n gi\u00e1m \u0111\u1ed1c c\u00f2n mang y\u1ebfu t\u1ed1 phong th\u1ee7y quan tr\u1ecdng. DT2010VM17 v\u1edbi thi\u1ebft k\u1ebf v\u1eefng ch\u1eafc, ch\u1ea5t li\u1ec7u t\u1ef1 nhi\u00ean v\u00e0 m\u00e0u s\u1eafc sang tr\u1ecdng kh\u00f4ng ch\u1ec9 t\u1ea1o c\u1ea3m gi\u00e1c y\u00ean t\u00e2m cho ng\u01b0\u1eddi s\u1eed d\u1ee5ng m\u00e0 c\u00f2n g\u00f3p ph\u1ea7n mang \u0111\u1ebfn may m\u1eafn, t\u00e0i l\u1ed9c v\u00e0 s\u1ef1 h\u01b0ng th\u1ecbnh cho doanh nghi\u1ec7p.<\/p>\n<p data-start=\"3639\" data-end=\"3864\">S\u1ef1 hi\u1ec7n di\u1ec7n c\u1ee7a b\u00e0n trong kh\u00f4ng gian v\u0103n ph\u00f2ng s\u1ebd gi\u00fap kh\u1eb3ng \u0111\u1ecbnh \u0111\u1eb3ng c\u1ea5p v\u00e0 t\u1ea1o \u1ea5n t\u01b0\u1ee3ng m\u1ea1nh m\u1ebd v\u1edbi \u0111\u1ed1i t\u00e1c, kh\u00e1ch h\u00e0ng. \u0110\u00e2y l\u00e0 y\u1ebfu t\u1ed1 v\u00f4 h\u00ecnh nh\u01b0ng l\u1ea1i c\u00f3 t\u00e1c \u0111\u1ed9ng t\u00edch c\u1ef1c \u0111\u1ebfn h\u00ecnh \u1ea3nh v\u00e0 th\u01b0\u01a1ng hi\u1ec7u c\u1ee7a doanh nghi\u1ec7p.<\/p>\n<h4 data-start=\"3866\" data-end=\"3881\">K\u1ebft lu\u1eadn<\/h4>\n<p data-start=\"3882\" data-end=\"4238\">V\u1edbi nh\u1eefng \u01b0u \u0111i\u1ec3m n\u1ed5i b\u1eadt v\u1ec1 thi\u1ebft k\u1ebf, ch\u1ea5t li\u1ec7u v\u00e0 c\u00f4ng n\u0103ng, <strong data-start=\"3945\" data-end=\"3972\">B\u00e0n Gi\u00e1m \u0111\u1ed1c DT2010VM17<\/strong> kh\u00f4ng ch\u1ec9 l\u00e0 m\u1ed9t s\u1ea3n ph\u1ea9m n\u1ed9i th\u1ea5t m\u00e0 c\u00f2n l\u00e0 bi\u1ec3u t\u01b0\u1ee3ng c\u1ee7a s\u1ef1 th\u00e0nh c\u00f4ng, quy\u1ec1n l\u1ef1c v\u00e0 phong th\u00e1i l\u00e3nh \u0111\u1ea1o. \u0110\u00e2y ch\u00ednh l\u00e0 l\u1ef1a ch\u1ecdn l\u00fd t\u01b0\u1edfng cho c\u00e1c v\u0103n ph\u00f2ng gi\u00e1m \u0111\u1ed1c hi\u1ec7n \u0111\u1ea1i, n\u01a1i m\u1ecdi quy\u1ebft \u0111\u1ecbnh quan tr\u1ecdng \u0111\u01b0\u1ee3c \u0111\u01b0a ra trong m\u1ed9t kh\u00f4ng gian sang tr\u1ecdng v\u00e0 \u0111\u1eb3ng c\u1ea5p.<\/p>\n<p data-start=\"4240\" data-end=\"4429\"><em data-start=\"4240\" data-end=\"4427\">L\u01b0u \u00fd: M\u00e0u s\u1eafc hi\u1ec3n th\u1ecb tr\u00ean website c\u00f3 th\u1ec3 ch\u00eanh l\u1ec7ch so v\u1edbi th\u1ef1c t\u1ebf do \u00e1nh s\u00e1ng ho\u1eb7c h\u00ecnh \u1ea3nh 3D. Qu\u00fd kh\u00e1ch vui l\u00f2ng ki\u1ec3m tra tr\u1ef1c ti\u1ebfp \u0111\u1ec3 c\u00f3 \u0111\u01b0\u1ee3c tr\u1ea3i nghi\u1ec7m v\u00e0 s\u1ef1 h\u00e0i l\u00f2ng t\u1ed1t nh\u1ea5t.<\/em><\/p>\n","protected":false},"excerpt":{"rendered":"<p data-start=\"31\" data-end=\"151\"><strong data-start=\"31\" data-end=\"149\">B\u00e0n Gi\u00e1m \u0111\u1ed1c DT2010VM17 \u2013 B\u00e0n l\u00e3nh \u0111\u1ea1o cao c\u1ea5p, s\u1eed d\u1ee5ng ch\u1ea5t li\u1ec7u Veneer (V17) ho\u1eb7c Veneer k\u1ebft h\u1ee3p Melamine (VM17)<\/strong><\/p>\n<p data-start=\"153\" data-end=\"491\"><strong>K\u00edch th\u01b0\u1edbc :<\/strong><br \/>\nW2000 x D1000 x H760 (mm)\u00a0 \u00a0&#8211; <span style=\"color: #ed1c24; font-size: 120%;\"><strong>8.375.000 \u0111<br \/>\n<\/strong><\/span>W2400 x D1100 x H760 (mm)\u00a0 \u00a0&#8211; <strong><span style=\"color: #ed1c24; font-size: 120%;\">9.671.000 \u0111<\/span><\/strong><br data-start=\"190\" data-end=\"193\" \/>Xu\u1ea5t x\u1ee9: S\u1ea3n ph\u1ea9m c\u1ee7a c\u00f4ng ty N\u1ed8I TH\u1ea4T THE ONE \u2013 Ph\u00e2n ph\u1ed1i b\u1edfi C\u00d4NG TY TNHH SXTM TTNT H\u1eeeU TH\u1ecaNH<br data-start=\"288\" data-end=\"291\" \/>B\u1ea3o h\u00e0nh: 12 th\u00e1ng theo ti\u00eau chu\u1ea9n nh\u00e0 m\u00e1y.<br data-start=\"334\" data-end=\"337\" \/><span style=\"color: #ed1c24;\"><em data-start=\"337\" data-end=\"489\">L\u01b0u \u00fd: Gi\u00e1 tr\u00ean ch\u01b0a bao g\u1ed3m VAT v\u00e0 ph\u00ed v\u1eadn chuy\u1ec3n. Gi\u00e1 s\u1ea3n ph\u1ea9m c\u00f3 th\u1ebf thay \u0111\u1ed5i theo t\u1eebng th\u1eddi \u0111i\u1ec3m, vui l\u00f2ng li\u00ean h\u1ec7 \u0111\u1ec3 nh\u1eadn t\u01b0 v\u1ea5n \u01b0u \u0111\u00e3i t\u1ed1t nh\u1ea5t.<\/em><\/span><\/p>\n","protected":false},"featured_media":3315,"comment_status":"open","ping_status":"closed","template":"","meta":[],"product_brand":[],"product_cat":[17,756],"product_tag":[],"class_list":{"0":"post-1754","1":"product","2":"type-product","3":"status-publish","4":"has-post-thumbnail","6":"product_cat-noi-that-van-phong","7":"product_cat-ban-giam-doc","9":"first","10":"instock","11":"shipping-taxable","12":"purchasable","13":"product-type-simple"},"_links":{"self":[{"href":"https:\/\/noithathuuthinh.vn\/zh-hans\/wp-json\/wp\/v2\/product\/1754","targetHints":{"allow":["GET"]}}],"collection":[{"href":"https:\/\/noithathuuthinh.vn\/zh-hans\/wp-json\/wp\/v2\/product"}],"about":[{"href":"https:\/\/noithathuuthinh.vn\/zh-hans\/wp-json\/wp\/v2\/types\/product"}],"replies":[{"embeddable":true,"href":"https:\/\/noithathuuthinh.vn\/zh-hans\/wp-json\/wp\/v2\/comments?post=1754"}],"wp:featuredmedia":[{"embeddable":true,"href":"https:\/\/noithathuuthinh.vn\/zh-hans\/wp-json\/wp\/v2\/media\/3315"}],"wp:attachment":[{"href":"https:\/\/noithathuuthinh.vn\/zh-hans\/wp-json\/wp\/v2\/media?parent=1754"}],"wp:term":[{"taxonomy":"product_brand","embeddable":true,"href":"https:\/\/noithathuuthinh.vn\/zh-hans\/wp-json\/wp\/v2\/product_brand?post=1754"},{"taxonomy":"product_cat","embeddable":true,"href":"https:\/\/noithathuuthinh.vn\/zh-hans\/wp-json\/wp\/v2\/product_cat?post=1754"},{"taxonomy":"product_tag","embeddable":true,"href":"https:\/\/noithathuuthinh.vn\/zh-hans\/wp-json\/wp\/v2\/product_tag?post=1754"}],"curies":[{"name":"wp","href":"https:\/\/api.w.org\/{rel}","templated":true}]}}