{"id":1758,"date":"2025-07-15T00:23:51","date_gmt":"2025-07-14T17:23:51","guid":{"rendered":"https:\/\/noithathuuthinh.vn\/?post_type=product&#038;p=1758"},"modified":"2025-10-01T10:35:50","modified_gmt":"2025-10-01T03:35:50","slug":"ban-giam-doc-dt3212vm18","status":"publish","type":"product","link":"https:\/\/noithathuuthinh.vn\/zh-hans\/san-pham\/ban-giam-doc-dt3212vm18\/","title":{"rendered":"B\u00e0n Gi\u00e1m \u0111\u1ed1c DT3212VM18"},"content":{"rendered":"<p data-start=\"539\" data-end=\"634\"><strong data-start=\"539\" data-end=\"632\">B\u00e0n Gi\u00e1m \u0111\u1ed1c DT3212VM18 \u2013 Kh\u1eb3ng \u0111\u1ecbnh t\u1ea7m v\u00f3c l\u00e3nh \u0111\u1ea1o v\u1edbi thi\u1ebft k\u1ebf sang tr\u1ecdng v\u00e0 hi\u1ec7n \u0111\u1ea1i<\/strong><\/p>\n<p data-start=\"636\" data-end=\"1106\">Trong kh\u00f4ng gian v\u0103n ph\u00f2ng gi\u00e1m \u0111\u1ed1c, m\u1ed7i chi ti\u1ebft n\u1ed9i th\u1ea5t \u0111\u1ec1u \u0111\u00f3ng vai tr\u00f2 quan tr\u1ecdng trong vi\u1ec7c th\u1ec3 hi\u1ec7n phong th\u00e1i v\u00e0 uy t\u00edn c\u1ee7a ng\u01b0\u1eddi \u0111\u1ee9ng \u0111\u1ea7u. M\u1ed9t chi\u1ebfc b\u00e0n gi\u00e1m \u0111\u1ed1c kh\u00f4ng ch\u1ec9 l\u00e0 n\u01a1i x\u1eed l\u00fd c\u00f4ng vi\u1ec7c m\u00e0 c\u00f2n l\u00e0 bi\u1ec3u t\u01b0\u1ee3ng quy\u1ec1n l\u1ef1c, g\u00f3p ph\u1ea7n n\u00e2ng t\u1ea7m h\u00ecnh \u1ea3nh doanh nghi\u1ec7p. Gi\u1eefa v\u00f4 v\u00e0n l\u1ef1a ch\u1ecdn tr\u00ean th\u1ecb tr\u01b0\u1eddng, <strong data-start=\"951\" data-end=\"978\">B\u00e0n Gi\u00e1m \u0111\u1ed1c DT3212VM18<\/strong> t\u1eeb th\u01b0\u01a1ng hi\u1ec7u <strong data-start=\"994\" data-end=\"1014\">N\u1ed8I TH\u1ea4T THE ONE<\/strong> n\u1ed5i b\u1eadt nh\u01b0 m\u1ed9t l\u1ef1a ch\u1ecdn h\u00e0ng \u0111\u1ea7u, k\u1ebft h\u1ee3p ho\u00e0n h\u1ea3o gi\u1eefa th\u1ea9m m\u1ef9, c\u00f4ng n\u0103ng v\u00e0 s\u1ef1 b\u1ec1n b\u1ec9.<\/p>\n<h4 data-start=\"1108\" data-end=\"1155\">Thi\u1ebft k\u1ebf b\u1ec1 th\u1ebf, sang tr\u1ecdng v\u00e0 ti\u1ec7n d\u1ee5ng<\/h4>\n<p data-start=\"1156\" data-end=\"1653\">DT3212VM18 \u0111\u01b0\u1ee3c thi\u1ebft k\u1ebf v\u1edbi k\u00edch th\u01b0\u1edbc l\u1edbn <strong data-start=\"1200\" data-end=\"1227\">W3200 x D1200 x H760 mm<\/strong>, ph\u00f9 h\u1ee3p cho c\u00e1c v\u0103n ph\u00f2ng gi\u00e1m \u0111\u1ed1c, ch\u1ee7 t\u1ecbch t\u1eadp \u0111o\u00e0n hay c\u00e1c nh\u00e0 l\u00e3nh \u0111\u1ea1o c\u1ea5p cao. Ki\u1ec3u d\u00e1ng m\u1eb7t ch\u1eef nh\u1eadt b\u1ec1 th\u1ebf k\u1ebft h\u1ee3p v\u1edbi nh\u1eefng \u0111\u01b0\u1eddng n\u00e9t vu\u00f4ng v\u1eafn, kh\u1ecfe kho\u1eafn, mang \u0111\u1ebfn c\u1ea3m gi\u00e1c v\u1eefng ch\u1eafc v\u00e0 quy\u1ec1n uy. Kh\u00f4ng ch\u1ec9 d\u1eebng l\u1ea1i \u1edf v\u1ebb ngo\u00e0i sang tr\u1ecdng, s\u1ea3n ph\u1ea9m c\u00f2n \u0111\u01b0\u1ee3c t\u00edch h\u1ee3p <strong data-start=\"1504\" data-end=\"1533\">2 \u1ed5 c\u1eafm ch\u00ecm tr\u00ean m\u1eb7t b\u00e0n<\/strong>, mang l\u1ea1i s\u1ef1 ti\u1ec7n l\u1ee3i t\u1ed1i \u0111a cho vi\u1ec7c k\u1ebft n\u1ed1i c\u00e1c thi\u1ebft b\u1ecb \u0111i\u1ec7n t\u1eed, gi\u00fap kh\u00f4ng gian l\u00e0m vi\u1ec7c th\u00eam g\u1ecdn g\u00e0ng, khoa h\u1ecdc.<\/p>\n<p data-start=\"1655\" data-end=\"1938\">M\u1eb7t b\u00e0n \u0111\u01b0\u1ee3c ph\u1ee7 <strong data-start=\"1672\" data-end=\"1690\">s\u01a1n 2K cao c\u1ea5p<\/strong>, kh\u00f4ng ch\u1ec9 t\u1ea1o \u0111\u1ed9 b\u00f3ng \u0111\u1eb9p m\u00e0 c\u00f2n c\u00f3 kh\u1ea3 n\u0103ng <strong data-start=\"1737\" data-end=\"1756\">ch\u1ed1ng tr\u1ea7y x\u01b0\u1edbc<\/strong>, duy tr\u00ec v\u1ebb ngo\u00e0i sang tr\u1ecdng v\u00e0 m\u1edbi m\u1ebb trong su\u1ed1t qu\u00e1 tr\u00ecnh s\u1eed d\u1ee5ng. \u0110\u00e2y ch\u00ednh l\u00e0 \u0111i\u1ec3m c\u1ed9ng n\u1ed5i b\u1eadt gi\u00fap b\u00e0n gi\u1eef \u0111\u01b0\u1ee3c \u0111\u1ed9 b\u1ec1n \u0111\u1eb9p d\u00e0i l\u00e2u, x\u1ee9ng \u0111\u00e1ng v\u1edbi s\u1ef1 \u0111\u1ea7u t\u01b0 c\u1ee7a doanh nghi\u1ec7p.<\/p>\n<h4 data-start=\"1940\" data-end=\"1991\">Ch\u1ea5t li\u1ec7u cao c\u1ea5p \u2013 N\u1ec1n t\u1ea3ng c\u1ee7a s\u1ef1 b\u1ec1n v\u1eefng<\/h4>\n<p data-start=\"1992\" data-end=\"2046\">DT3212VM18 \u0111\u01b0\u1ee3c ch\u1ebf t\u00e1c t\u1eeb nh\u1eefng ch\u1ea5t li\u1ec7u h\u00e0ng \u0111\u1ea7u:<\/p>\n<ul data-start=\"2047\" data-end=\"2335\">\n<li data-start=\"2047\" data-end=\"2158\">\n<p data-start=\"2049\" data-end=\"2158\"><strong data-start=\"2049\" data-end=\"2066\">Veneer (V18):<\/strong> l\u1edbp ph\u1ee7 Veneer v\u1edbi v\u00e2n g\u1ed7 t\u1ef1 nhi\u00ean sang tr\u1ecdng, mang \u0111\u1ebfn v\u1ebb \u0111\u1eb9p \u1ea5m \u00e1p, tinh t\u1ebf v\u00e0 g\u1ea7n g\u0169i.<\/p>\n<\/li>\n<li data-start=\"2159\" data-end=\"2335\">\n<p data-start=\"2161\" data-end=\"2335\"><strong data-start=\"2161\" data-end=\"2196\">Veneer k\u1ebft h\u1ee3p Melamine (VM18):<\/strong> s\u1ef1 k\u1ebft h\u1ee3p ho\u00e0n h\u1ea3o gi\u00fap t\u0103ng \u0111\u1ed9 b\u1ec1n, kh\u1ea3 n\u0103ng ch\u1ed1ng tr\u1ea7y x\u01b0\u1edbc, cong v\u00eanh v\u00e0 \u1ea9m m\u1ed1c, \u0111\u1ed3ng th\u1eddi v\u1eabn gi\u1eef \u0111\u01b0\u1ee3c n\u00e9t \u0111\u1eb9p c\u1ee7a Veneer t\u1ef1 nhi\u00ean.<\/p>\n<\/li>\n<\/ul>\n<p data-start=\"2337\" data-end=\"2413\">T\u00f9y theo d\u00f2ng s\u1ea3n ph\u1ea9m, b\u00e0n \u0111\u01b0\u1ee3c ho\u00e0n thi\u1ec7n v\u1edbi c\u00e1c chi ti\u1ebft \u1ed1p trang tr\u00ed:<\/p>\n<ul data-start=\"2414\" data-end=\"2570\">\n<li data-start=\"2414\" data-end=\"2480\">\n<p data-start=\"2416\" data-end=\"2480\"><strong data-start=\"2416\" data-end=\"2428\">D\u00f2ng VM:<\/strong> \u1ed1p PVC m\u00e0u n\u00e2u, t\u1ea1o c\u1ea3m gi\u00e1c sang tr\u1ecdng v\u00e0 \u1ea5m \u00e1p.<\/p>\n<\/li>\n<li data-start=\"2481\" data-end=\"2570\">\n<p data-start=\"2483\" data-end=\"2570\"><strong data-start=\"2483\" data-end=\"2494\">D\u00f2ng V:<\/strong> \u1ed1p trang tr\u00ed m\u00e0u \u0111en, mang \u0111\u1ebfn s\u1ef1 quy\u1ec1n l\u1ef1c, huy\u1ec1n b\u00ed v\u00e0 c\u00e1 t\u00ednh m\u1ea1nh m\u1ebd.<\/p>\n<\/li>\n<\/ul>\n<h4 data-start=\"2572\" data-end=\"2607\">C\u00f4ng ngh\u1ec7 s\u1ea3n xu\u1ea5t chu\u1ea9n m\u1ef1c<\/h4>\n<p data-start=\"2608\" data-end=\"2885\">B\u00e0n gi\u00e1m \u0111\u1ed1c DT3212VM18 \u0111\u01b0\u1ee3c s\u1ea3n xu\u1ea5t theo quy tr\u00ecnh hi\u1ec7n \u0111\u1ea1i, \u0111\u1ea3m b\u1ea3o <strong data-start=\"2679\" data-end=\"2708\">dung sai k\u00edch th\u01b0\u1edbc \u00b15 mm<\/strong>, th\u1ec3 hi\u1ec7n s\u1ef1 ch\u00ednh x\u00e1c v\u00e0 \u0111\u1ed3ng b\u1ed9 trong t\u1eebng chi ti\u1ebft. T\u1eeb b\u1ec1 m\u1eb7t \u0111\u1ebfn c\u00e1c g\u00f3c c\u1ea1nh, t\u1ea5t c\u1ea3 \u0111\u1ec1u \u0111\u01b0\u1ee3c ho\u00e0n thi\u1ec7n t\u1ec9 m\u1ec9, mang l\u1ea1i s\u1ea3n ph\u1ea9m ch\u1ea5t l\u01b0\u1ee3ng cao, v\u1eeba b\u1ec1n b\u1ec9 v\u1eeba \u0111\u1eb9p m\u1eaft.<\/p>\n<h4 data-start=\"2887\" data-end=\"2922\">T\u00f4n vinh phong th\u00e1i l\u00e3nh \u0111\u1ea1o<\/h4>\n<p data-start=\"2923\" data-end=\"3348\">M\u1ed9t chi\u1ebfc b\u00e0n gi\u00e1m \u0111\u1ed1c kh\u00f4ng ch\u1ec9 ph\u1ee5c v\u1ee5 c\u00f4ng vi\u1ec7c m\u00e0 c\u00f2n kh\u1eb3ng \u0111\u1ecbnh v\u1ecb th\u1ebf v\u00e0 t\u1ea7m v\u00f3c c\u1ee7a ng\u01b0\u1eddi \u0111\u1ee9ng \u0111\u1ea7u. V\u1edbi k\u00edch th\u01b0\u1edbc l\u1edbn, ch\u1ea5t li\u1ec7u cao c\u1ea5p v\u00e0 thi\u1ebft k\u1ebf sang tr\u1ecdng, DT3212VM18 gi\u00fap t\u1ea1o d\u1ef1ng m\u1ed9t kh\u00f4ng gian l\u00e0m vi\u1ec7c quy\u1ec1n uy, b\u1ec1 th\u1ebf, \u0111\u1ed3ng th\u1eddi mang \u0111\u1ebfn s\u1ef1 tho\u1ea3i m\u00e1i v\u00e0 ti\u1ec7n l\u1ee3i t\u1ed1i \u0111a cho ng\u01b0\u1eddi s\u1eed d\u1ee5ng. \u0110\u00e2y c\u0169ng l\u00e0 y\u1ebfu t\u1ed1 quan tr\u1ecdng trong vi\u1ec7c g\u00e2y \u1ea5n t\u01b0\u1ee3ng m\u1ea1nh m\u1ebd v\u1edbi \u0111\u1ed1i t\u00e1c, kh\u00e1ch h\u00e0ng khi \u0111\u1ebfn l\u00e0m vi\u1ec7c t\u1ea1i v\u0103n ph\u00f2ng.<\/p>\n<h4 data-start=\"3350\" data-end=\"3394\">\u00dd ngh\u0129a phong th\u1ee7y v\u00e0 gi\u00e1 tr\u1ecb s\u1eed d\u1ee5ng<\/h4>\n<p data-start=\"3395\" data-end=\"3654\">Ngo\u00e0i c\u00f4ng n\u0103ng v\u00e0 th\u1ea9m m\u1ef9, DT3212VM18 c\u00f2n mang \u0111\u1ebfn gi\u00e1 tr\u1ecb phong th\u1ee7y t\u00edch c\u1ef1c. Ki\u1ec3u d\u00e1ng b\u1ec1 th\u1ebf, m\u00e0u s\u1eafc h\u00e0i h\u00f2a t\u1eeb g\u1ed7 Veneer t\u1ef1 nhi\u00ean k\u1ebft h\u1ee3p v\u1edbi s\u1ef1 b\u1ec1n b\u1ec9 c\u1ee7a Melamine \u0111\u01b0\u1ee3c cho l\u00e0 mang l\u1ea1i may m\u1eafn, th\u1ecbnh v\u01b0\u1ee3ng v\u00e0 s\u1ef1 ph\u00e1t tri\u1ec3n b\u1ec1n v\u1eefng cho doanh nghi\u1ec7p.<\/p>\n<h4 data-start=\"3656\" data-end=\"3671\">K\u1ebft lu\u1eadn<\/h4>\n<p data-start=\"3672\" data-end=\"3989\">V\u1edbi t\u1ea5t c\u1ea3 nh\u1eefng \u01b0u \u0111i\u1ec3m v\u01b0\u1ee3t tr\u1ed9i v\u1ec1 thi\u1ebft k\u1ebf, ch\u1ea5t li\u1ec7u v\u00e0 c\u00f4ng n\u0103ng, <strong data-start=\"3744\" data-end=\"3771\">B\u00e0n Gi\u00e1m \u0111\u1ed1c DT3212VM18<\/strong> ch\u00ednh l\u00e0 s\u1ef1 l\u1ef1a ch\u1ecdn ho\u00e0n h\u1ea3o cho kh\u00f4ng gian l\u00e3nh \u0111\u1ea1o c\u1ea5p cao. \u0110\u00e2y kh\u00f4ng ch\u1ec9 l\u00e0 n\u01a1i \u0111\u01b0a ra nh\u1eefng quy\u1ebft \u0111\u1ecbnh quan tr\u1ecdng, m\u00e0 c\u00f2n l\u00e0 bi\u1ec3u t\u01b0\u1ee3ng kh\u1eb3ng \u0111\u1ecbnh phong c\u00e1ch, v\u1ecb th\u1ebf v\u00e0 \u0111\u1eb3ng c\u1ea5p c\u1ee7a ng\u01b0\u1eddi \u0111\u1ee9ng \u0111\u1ea7u doanh nghi\u1ec7p.<\/p>\n<p data-start=\"3991\" data-end=\"4195\"><em data-start=\"3991\" data-end=\"4193\">L\u01b0u \u00fd: M\u00e0u s\u1eafc hi\u1ec3n th\u1ecb tr\u00ean website c\u00f3 th\u1ec3 kh\u00e1c bi\u1ec7t so v\u1edbi th\u1ef1c t\u1ebf do \u00e1nh s\u00e1ng ch\u1ee5p \u1ea3nh ho\u1eb7c h\u00ecnh \u1ea3nh m\u00f4 ph\u1ecfng 3D. Qu\u00fd kh\u00e1ch vui l\u00f2ng ki\u1ec3m tra tr\u1ef1c ti\u1ebfp \u0111\u1ec3 c\u00f3 s\u1ef1 l\u1ef1a ch\u1ecdn ch\u00ednh x\u00e1c v\u00e0 h\u00e0i l\u00f2ng nh\u1ea5t.<\/em><\/p>\n","protected":false},"excerpt":{"rendered":"<p data-start=\"31\" data-end=\"150\"><strong data-start=\"31\" data-end=\"148\">B\u00e0n Gi\u00e1m \u0111\u1ed1c DT3212VM18 \u2013 B\u00e0n l\u00e3nh \u0111\u1ea1o cao c\u1ea5p s\u1eed d\u1ee5ng ch\u1ea5t li\u1ec7u Veneer (V18) ho\u1eb7c Veneer k\u1ebft h\u1ee3p Melamine (VM18)<\/strong><\/p>\n<p data-start=\"152\" data-end=\"490\">K\u00edch th\u01b0\u1edbc: W3200 x D1200 x H760 (mm)<br data-start=\"189\" data-end=\"192\" \/>Xu\u1ea5t x\u1ee9: S\u1ea3n ph\u1ea9m c\u1ee7a c\u00f4ng ty N\u1ed8I TH\u1ea4T THE ONE \u2013 Ph\u00e2n ph\u1ed1i b\u1edfi C\u00d4NG TY TNHH SXTM TTNT H\u1eeeU TH\u1ecaNH<br data-start=\"287\" data-end=\"290\" \/>B\u1ea3o h\u00e0nh: 12 th\u00e1ng theo ti\u00eau chu\u1ea9n nh\u00e0 m\u00e1y.<br data-start=\"333\" data-end=\"336\" \/><span style=\"color: #ed1c24;\"><em data-start=\"336\" data-end=\"488\">L\u01b0u \u00fd: Gi\u00e1 tr\u00ean ch\u01b0a bao g\u1ed3m VAT v\u00e0 ph\u00ed v\u1eadn chuy\u1ec3n. Gi\u00e1 s\u1ea3n ph\u1ea9m c\u00f3 th\u1ebf thay \u0111\u1ed5i theo t\u1eebng th\u1eddi \u0111i\u1ec3m, vui l\u00f2ng li\u00ean h\u1ec7 \u0111\u1ec3 nh\u1eadn t\u01b0 v\u1ea5n \u01b0u \u0111\u00e3i t\u1ed1t nh\u1ea5t.<\/em><\/span><\/p>\n","protected":false},"featured_media":3295,"comment_status":"open","ping_status":"closed","template":"","meta":[],"product_brand":[],"product_cat":[17,756],"product_tag":[],"class_list":{"0":"post-1758","1":"product","2":"type-product","3":"status-publish","4":"has-post-thumbnail","6":"product_cat-noi-that-van-phong","7":"product_cat-ban-giam-doc","9":"first","10":"instock","11":"shipping-taxable","12":"purchasable","13":"product-type-simple"},"_links":{"self":[{"href":"https:\/\/noithathuuthinh.vn\/zh-hans\/wp-json\/wp\/v2\/product\/1758","targetHints":{"allow":["GET"]}}],"collection":[{"href":"https:\/\/noithathuuthinh.vn\/zh-hans\/wp-json\/wp\/v2\/product"}],"about":[{"href":"https:\/\/noithathuuthinh.vn\/zh-hans\/wp-json\/wp\/v2\/types\/product"}],"replies":[{"embeddable":true,"href":"https:\/\/noithathuuthinh.vn\/zh-hans\/wp-json\/wp\/v2\/comments?post=1758"}],"wp:featuredmedia":[{"embeddable":true,"href":"https:\/\/noithathuuthinh.vn\/zh-hans\/wp-json\/wp\/v2\/media\/3295"}],"wp:attachment":[{"href":"https:\/\/noithathuuthinh.vn\/zh-hans\/wp-json\/wp\/v2\/media?parent=1758"}],"wp:term":[{"taxonomy":"product_brand","embeddable":true,"href":"https:\/\/noithathuuthinh.vn\/zh-hans\/wp-json\/wp\/v2\/product_brand?post=1758"},{"taxonomy":"product_cat","embeddable":true,"href":"https:\/\/noithathuuthinh.vn\/zh-hans\/wp-json\/wp\/v2\/product_cat?post=1758"},{"taxonomy":"product_tag","embeddable":true,"href":"https:\/\/noithathuuthinh.vn\/zh-hans\/wp-json\/wp\/v2\/product_tag?post=1758"}],"curies":[{"name":"wp","href":"https:\/\/api.w.org\/{rel}","templated":true}]}}