{"id":1790,"date":"2025-07-15T23:45:45","date_gmt":"2025-07-15T16:45:45","guid":{"rendered":"https:\/\/noithathuuthinh.vn\/?post_type=product&#038;p=1790"},"modified":"2025-09-27T14:08:42","modified_gmt":"2025-09-27T07:08:42","slug":"ban-giam-doc-dt2411vm22","status":"publish","type":"product","link":"https:\/\/noithathuuthinh.vn\/zh-hans\/san-pham\/ban-giam-doc-dt2411vm22\/","title":{"rendered":"B\u00e0n Gi\u00e1m \u0111\u1ed1c DT2411VM22"},"content":{"rendered":"<p data-start=\"535\" data-end=\"619\"><strong data-start=\"535\" data-end=\"617\">B\u00e0n Gi\u00e1m \u0111\u1ed1c DT2411VM22 \u2013 Ki\u1ebfn t\u1ea1o phong th\u00e1i l\u00e3nh \u0111\u1ea1o chuy\u00ean nghi\u1ec7p, hi\u1ec7n \u0111\u1ea1i<\/strong><\/p>\n<p data-start=\"621\" data-end=\"993\">Trong v\u0103n ph\u00f2ng l\u00e3nh \u0111\u1ea1o, m\u1ed9t chi\u1ebfc b\u00e0n gi\u00e1m \u0111\u1ed1c kh\u00f4ng ch\u1ec9 \u0111\u01a1n thu\u1ea7n l\u00e0 n\u01a1i l\u00e0m vi\u1ec7c m\u00e0 c\u00f2n l\u00e0 bi\u1ec3u t\u01b0\u1ee3ng th\u1ec3 hi\u1ec7n phong th\u00e1i, quy\u1ec1n l\u1ef1c v\u00e0 t\u1ea7m v\u00f3c c\u1ee7a ng\u01b0\u1eddi \u0111\u1ee9ng \u0111\u1ea7u. V\u1edbi s\u1ef1 tinh t\u1ebf trong thi\u1ebft k\u1ebf v\u00e0 ch\u1ea5t li\u1ec7u cao c\u1ea5p, <strong data-start=\"841\" data-end=\"868\">B\u00e0n Gi\u00e1m \u0111\u1ed1c DT2411VM22<\/strong> \u0111\u1ebfn t\u1eeb th\u01b0\u01a1ng hi\u1ec7u <strong data-start=\"888\" data-end=\"908\">N\u1ed8I TH\u1ea4T THE ONE<\/strong> \u0111\u00e3 v\u00e0 \u0111ang tr\u1edf th\u00e0nh s\u1ef1 l\u1ef1a ch\u1ecdn l\u00fd t\u01b0\u1edfng cho nh\u1eefng kh\u00f4ng gian v\u0103n ph\u00f2ng hi\u1ec7n \u0111\u1ea1i.<\/p>\n<h4 data-start=\"995\" data-end=\"1053\">Thi\u1ebft k\u1ebf sang tr\u1ecdng, hi\u1ec7n \u0111\u1ea1i v\u1edbi \u0111i\u1ec3m nh\u1ea5n tinh t\u1ebf<\/h4>\n<p data-start=\"1054\" data-end=\"1368\">DT2411VM22 \u0111\u01b0\u1ee3c thi\u1ebft k\u1ebf v\u1edbi k\u00edch th\u01b0\u1edbc <strong data-start=\"1094\" data-end=\"1121\">W2400 x D1100 x H760 mm<\/strong>, ph\u00f9 h\u1ee3p cho c\u00e1c kh\u00f4ng gian v\u0103n ph\u00f2ng gi\u00e1m \u0111\u1ed1c, ch\u1ee7 t\u1ecbch ho\u1eb7c l\u00e3nh \u0111\u1ea1o c\u1ea5p cao. Ki\u1ec3u d\u00e1ng ch\u1eef nh\u1eadt b\u1ec1 th\u1ebf k\u1ebft h\u1ee3p v\u1edbi <strong data-start=\"1240\" data-end=\"1259\">y\u1ebfm b\u00e0n s\u01a1n ghi<\/strong>, t\u1ea1o n\u00ean \u0111i\u1ec3m nh\u1ea5n tr\u1ebb trung, hi\u1ec7n \u0111\u1ea1i, \u0111\u1ed3ng th\u1eddi v\u1eabn gi\u1eef \u0111\u01b0\u1ee3c s\u1ef1 sang tr\u1ecdng c\u1ea7n c\u00f3 c\u1ee7a n\u1ed9i th\u1ea5t l\u00e3nh \u0111\u1ea1o.<\/p>\n<p data-start=\"1370\" data-end=\"1671\">S\u1ea3n ph\u1ea9m c\u00f2n \u0111\u01b0\u1ee3c t\u00edch h\u1ee3p <strong data-start=\"1397\" data-end=\"1421\">2 \u1ed5 c\u1eafm ch\u00ecm m\u00e0u \u0111en<\/strong> ngay tr\u00ean m\u1eb7t b\u00e0n, gi\u00fap t\u1ed1i \u01b0u h\u00f3a c\u00f4ng n\u0103ng s\u1eed d\u1ee5ng. V\u1edbi chi ti\u1ebft n\u00e0y, l\u00e3nh \u0111\u1ea1o c\u00f3 th\u1ec3 d\u1ec5 d\u00e0ng k\u1ebft n\u1ed1i thi\u1ebft b\u1ecb \u0111i\u1ec7n t\u1eed nh\u01b0 m\u00e1y t\u00ednh, \u0111i\u1ec7n tho\u1ea1i, m\u00e1y in\u2026 m\u1ed9t c\u00e1ch thu\u1eadn ti\u1ec7n, \u0111\u1ed3ng th\u1eddi gi\u1eef cho kh\u00f4ng gian b\u00e0n l\u00e0m vi\u1ec7c lu\u00f4n g\u1ecdn g\u00e0ng, chuy\u00ean nghi\u1ec7p.<\/p>\n<h4 data-start=\"1673\" data-end=\"1734\">Ch\u1ea5t li\u1ec7u Veneer k\u1ebft h\u1ee3p Melamine \u2013 \u0110\u1eb3ng c\u1ea5p v\u00e0 b\u1ec1n b\u1ec9<\/h4>\n<p data-start=\"1735\" data-end=\"1825\">\u0110i\u1ec3m n\u1ed5i b\u1eadt c\u1ee7a DT2411VM22 ch\u00ednh l\u00e0 s\u1ef1 k\u1ebft h\u1ee3p tinh t\u1ebf gi\u1eefa <strong data-start=\"1796\" data-end=\"1806\">Veneer<\/strong> v\u00e0 <strong data-start=\"1810\" data-end=\"1822\">Melamine<\/strong>.<\/p>\n<ul data-start=\"1826\" data-end=\"2110\">\n<li data-start=\"1826\" data-end=\"1938\">\n<p data-start=\"1828\" data-end=\"1938\"><strong data-start=\"1828\" data-end=\"1838\">Veneer<\/strong> mang \u0111\u1ebfn v\u1ebb \u0111\u1eb9p t\u1ef1 nhi\u00ean v\u1edbi nh\u1eefng \u0111\u01b0\u1eddng v\u00e2n g\u1ed7 sang tr\u1ecdng, g\u1ea7n g\u0169i nh\u01b0ng kh\u00f4ng k\u00e9m ph\u1ea7n tinh t\u1ebf.<\/p>\n<\/li>\n<li data-start=\"1939\" data-end=\"2110\">\n<p data-start=\"1941\" data-end=\"2110\"><strong data-start=\"1941\" data-end=\"1953\">Melamine<\/strong> gi\u00fap gia t\u0103ng \u0111\u1ed9 b\u1ec1n, ch\u1ed1ng tr\u1ea7y x\u01b0\u1edbc, ch\u1ed1ng th\u1ea5m n\u01b0\u1edbc, h\u1ea1n ch\u1ebf cong v\u00eanh v\u00e0 m\u1ed1i m\u1ecdt, nh\u1edd \u0111\u00f3 s\u1ea3n ph\u1ea9m lu\u00f4n gi\u1eef \u0111\u01b0\u1ee3c v\u1ebb \u0111\u1eb9p b\u1ec1n b\u1ec9 trong qu\u00e1 tr\u00ecnh s\u1eed d\u1ee5ng.<\/p>\n<\/li>\n<\/ul>\n<p data-start=\"2112\" data-end=\"2284\">Ch\u00ednh s\u1ef1 k\u1ebft h\u1ee3p n\u00e0y kh\u00f4ng ch\u1ec9 n\u00e2ng cao ch\u1ea5t l\u01b0\u1ee3ng s\u1ea3n ph\u1ea9m m\u00e0 c\u00f2n mang l\u1ea1i s\u1ef1 h\u00e0i h\u00f2a gi\u1eefa t\u00ednh th\u1ea9m m\u1ef9 v\u00e0 c\u00f4ng n\u0103ng, \u0111\u00e1p \u1ee9ng nhu c\u1ea7u s\u1eed d\u1ee5ng l\u00e2u d\u00e0i c\u1ee7a ng\u01b0\u1eddi l\u00e3nh \u0111\u1ea1o.<\/p>\n<h4 data-start=\"2286\" data-end=\"2336\">C\u00f4ng n\u0103ng ti\u1ec7n \u00edch, h\u1ed7 tr\u1ee3 t\u1ed1i \u0111a c\u00f4ng vi\u1ec7c<\/h4>\n<p data-start=\"2337\" data-end=\"2634\">B\u1ec1 m\u1eb7t b\u00e0n r\u1ed9ng r\u00e3i mang \u0111\u1ebfn s\u1ef1 tho\u1ea3i m\u00e1i cho l\u00e3nh \u0111\u1ea1o khi s\u1eafp x\u1ebfp h\u1ed3 s\u01a1, t\u00e0i li\u1ec7u, laptop v\u00e0 c\u00e1c v\u1eadt d\u1ee5ng c\u1ea7n thi\u1ebft kh\u00e1c. Ngo\u00e0i ra, \u0111\u1ed9 cao ti\u00eau chu\u1ea9n <strong data-start=\"2488\" data-end=\"2499\">H760 mm<\/strong> ph\u00f9 h\u1ee3p v\u1edbi v\u00f3c d\u00e1ng ng\u01b0\u1eddi Vi\u1ec7t, \u0111\u1ea3m b\u1ea3o t\u01b0 th\u1ebf ng\u1ed3i tho\u1ea3i m\u00e1i, gi\u00fap gi\u1ea3m thi\u1ec3u t\u00ecnh tr\u1ea1ng m\u1ec7t m\u1ecfi khi l\u00e0m vi\u1ec7c trong th\u1eddi gian d\u00e0i.<\/p>\n<p data-start=\"2636\" data-end=\"2882\">C\u00e1c chi ti\u1ebft c\u1ee7a b\u00e0n \u0111\u01b0\u1ee3c ho\u00e0n thi\u1ec7n t\u1ec9 m\u1ec9, v\u1edbi dung sai k\u00edch th\u01b0\u1edbc ch\u1ec9 \u00b15 mm, th\u1ec3 hi\u1ec7n s\u1ef1 ch\u00ednh x\u00e1c v\u00e0 ch\u1ea5t l\u01b0\u1ee3ng s\u1ea3n xu\u1ea5t cao. \u0110i\u1ec1u n\u00e0y gi\u00fap s\u1ea3n ph\u1ea9m kh\u00f4ng ch\u1ec9 \u0111\u1eb9p v\u1ec1 h\u00ecnh th\u1ee9c m\u00e0 c\u00f2n b\u1ec1n ch\u1eafc trong k\u1ebft c\u1ea5u, mang l\u1ea1i tu\u1ed5i th\u1ecd s\u1eed d\u1ee5ng l\u00e2u d\u00e0i.<\/p>\n<h4 data-start=\"2884\" data-end=\"2919\">T\u00f4n vinh phong th\u00e1i l\u00e3nh \u0111\u1ea1o<\/h4>\n<p data-start=\"2920\" data-end=\"3298\">V\u1edbi s\u1ef1 b\u1ec1 th\u1ebf trong k\u00edch th\u01b0\u1edbc, s\u1ef1 sang tr\u1ecdng trong thi\u1ebft k\u1ebf v\u00e0 s\u1ef1 ti\u1ec7n \u00edch trong c\u00f4ng n\u0103ng, <strong data-start=\"3013\" data-end=\"3027\">DT2411VM22<\/strong> kh\u00f4ng ch\u1ec9 l\u00e0 m\u1ed9t chi\u1ebfc b\u00e0n l\u00e0m vi\u1ec7c, m\u00e0 c\u00f2n l\u00e0 bi\u1ec3u t\u01b0\u1ee3ng t\u00f4n vinh phong th\u00e1i l\u00e3nh \u0111\u1ea1o. M\u1ed9t kh\u00f4ng gian v\u0103n ph\u00f2ng s\u1edf h\u1eefu chi\u1ebfc b\u00e0n n\u00e0y s\u1ebd tr\u1edf n\u00ean chuy\u00ean nghi\u1ec7p h\u01a1n, t\u1ea1o \u1ea5n t\u01b0\u1ee3ng m\u1ea1nh m\u1ebd v\u1edbi \u0111\u1ed1i t\u00e1c, kh\u00e1ch h\u00e0ng v\u00e0 truy\u1ec1n c\u1ea3m h\u1ee9ng l\u00e0m vi\u1ec7c t\u00edch c\u1ef1c cho \u0111\u1ed9i ng\u0169 nh\u00e2n vi\u00ean.<\/p>\n<h4 data-start=\"3300\" data-end=\"3315\">K\u1ebft lu\u1eadn<\/h4>\n<p data-start=\"3316\" data-end=\"3599\"><strong data-start=\"3316\" data-end=\"3343\">B\u00e0n Gi\u00e1m \u0111\u1ed1c DT2411VM22<\/strong> l\u00e0 s\u1ef1 k\u1ebft h\u1ee3p ho\u00e0n h\u1ea3o gi\u1eefa <strong data-start=\"3372\" data-end=\"3434\">thi\u1ebft k\u1ebf hi\u1ec7n \u0111\u1ea1i, ch\u1ea5t li\u1ec7u cao c\u1ea5p v\u00e0 c\u00f4ng n\u0103ng ti\u1ec7n \u00edch<\/strong>. S\u1ea3n ph\u1ea9m kh\u00f4ng ch\u1ec9 \u0111\u00e1p \u1ee9ng nhu c\u1ea7u s\u1eed d\u1ee5ng h\u1eb1ng ng\u00e0y c\u1ee7a ng\u01b0\u1eddi l\u00e3nh \u0111\u1ea1o m\u00e0 c\u00f2n g\u00f3p ph\u1ea7n kh\u1eb3ng \u0111\u1ecbnh v\u1ecb th\u1ebf, phong th\u00e1i v\u00e0 h\u00ecnh \u1ea3nh chuy\u00ean nghi\u1ec7p c\u1ee7a doanh nghi\u1ec7p.<\/p>\n<p data-start=\"3601\" data-end=\"3794\"><em data-start=\"3601\" data-end=\"3792\">L\u01b0u \u00fd: M\u00e0u s\u1eafc s\u1ea3n ph\u1ea9m hi\u1ec3n th\u1ecb tr\u00ean website c\u00f3 th\u1ec3 kh\u00e1c so v\u1edbi th\u1ef1c t\u1ebf do \u00e1nh s\u00e1ng ch\u1ee5p \u1ea3nh ho\u1eb7c h\u00ecnh \u1ea3nh 3D m\u00f4 ph\u1ecfng. Qu\u00fd kh\u00e1ch vui l\u00f2ng ki\u1ec3m tra tr\u1ef1c ti\u1ebfp \u0111\u1ec3 c\u00f3 l\u1ef1a ch\u1ecdn ch\u00ednh x\u00e1c nh\u1ea5t.<\/em><\/p>\n","protected":false},"excerpt":{"rendered":"<p data-start=\"31\" data-end=\"147\"><strong data-start=\"31\" data-end=\"145\">B\u00e0n Gi\u00e1m \u0111\u1ed1c DT2411VM22 \u2013 B\u00e0n l\u00e3nh \u0111\u1ea1o cao c\u1ea5p s\u1eed d\u1ee5ng ch\u1ea5t li\u1ec7u Veneer k\u1ebft h\u1ee3p Melamine, y\u1ebfm s\u01a1n ghi hi\u1ec7n \u0111\u1ea1i<\/strong><\/p>\n<p data-start=\"149\" data-end=\"486\"><strong>K\u00edch th\u01b0\u1edbc :<\/strong><br \/>\nW2400 x D1100 x H760 (mm)\u00a0 \u00a0&#8211; <span style=\"color: #ed1c24; font-size: 120%;\"><strong>9.773.000 \u0111<br \/>\n<\/strong><\/span>W2800 x D1200 x H760 (mm)\u00a0 \u00a0&#8211; <strong><span style=\"color: #ed1c24; font-size: 120%;\">12.103.000 \u0111<br \/>\n<\/span><\/strong><br \/>\nXu\u1ea5t x\u1ee9: S\u1ea3n ph\u1ea9m c\u1ee7a c\u00f4ng ty N\u1ed8I TH\u1ea4T THE ONE \u2013 Ph\u00e2n ph\u1ed1i b\u1edfi C\u00d4NG TY TNHH SXTM TTNT H\u1eeeU TH\u1ecaNH<br data-start=\"284\" data-end=\"287\" \/>B\u1ea3o h\u00e0nh: 12 th\u00e1ng theo ti\u00eau chu\u1ea9n nh\u00e0 m\u00e1y<br data-start=\"329\" data-end=\"332\" \/><span style=\"color: #ed1c24;\"><em data-start=\"332\" data-end=\"484\">L\u01b0u \u00fd: Gi\u00e1 tr\u00ean ch\u01b0a bao g\u1ed3m VAT v\u00e0 ph\u00ed v\u1eadn chuy\u1ec3n. Gi\u00e1 s\u1ea3n ph\u1ea9m c\u00f3 th\u1ec3 thay \u0111\u1ed5i theo t\u1eebng th\u1eddi \u0111i\u1ec3m, vui l\u00f2ng li\u00ean h\u1ec7 \u0111\u1ec3 nh\u1eadn t\u01b0 v\u1ea5n \u01b0u \u0111\u00e3i t\u1ed1t nh\u1ea5t.<\/em><\/span><\/p>\n","protected":false},"featured_media":3306,"comment_status":"open","ping_status":"closed","template":"","meta":[],"product_brand":[],"product_cat":[17,756],"product_tag":[],"class_list":{"0":"post-1790","1":"product","2":"type-product","3":"status-publish","4":"has-post-thumbnail","6":"product_cat-noi-that-van-phong","7":"product_cat-ban-giam-doc","9":"first","10":"instock","11":"shipping-taxable","12":"purchasable","13":"product-type-simple"},"_links":{"self":[{"href":"https:\/\/noithathuuthinh.vn\/zh-hans\/wp-json\/wp\/v2\/product\/1790","targetHints":{"allow":["GET"]}}],"collection":[{"href":"https:\/\/noithathuuthinh.vn\/zh-hans\/wp-json\/wp\/v2\/product"}],"about":[{"href":"https:\/\/noithathuuthinh.vn\/zh-hans\/wp-json\/wp\/v2\/types\/product"}],"replies":[{"embeddable":true,"href":"https:\/\/noithathuuthinh.vn\/zh-hans\/wp-json\/wp\/v2\/comments?post=1790"}],"wp:featuredmedia":[{"embeddable":true,"href":"https:\/\/noithathuuthinh.vn\/zh-hans\/wp-json\/wp\/v2\/media\/3306"}],"wp:attachment":[{"href":"https:\/\/noithathuuthinh.vn\/zh-hans\/wp-json\/wp\/v2\/media?parent=1790"}],"wp:term":[{"taxonomy":"product_brand","embeddable":true,"href":"https:\/\/noithathuuthinh.vn\/zh-hans\/wp-json\/wp\/v2\/product_brand?post=1790"},{"taxonomy":"product_cat","embeddable":true,"href":"https:\/\/noithathuuthinh.vn\/zh-hans\/wp-json\/wp\/v2\/product_cat?post=1790"},{"taxonomy":"product_tag","embeddable":true,"href":"https:\/\/noithathuuthinh.vn\/zh-hans\/wp-json\/wp\/v2\/product_tag?post=1790"}],"curies":[{"name":"wp","href":"https:\/\/api.w.org\/{rel}","templated":true}]}}