{"id":1795,"date":"2025-07-16T00:00:15","date_gmt":"2025-07-15T17:00:15","guid":{"rendered":"https:\/\/noithathuuthinh.vn\/?post_type=product&#038;p=1795"},"modified":"2025-09-27T15:37:13","modified_gmt":"2025-09-27T08:37:13","slug":"ban-giam-doc-et1600vm1","status":"publish","type":"product","link":"https:\/\/noithathuuthinh.vn\/zh-hans\/san-pham\/ban-giam-doc-et1600vm1\/","title":{"rendered":"B\u00e0n Gi\u00e1m \u0111\u1ed1c ET1600VM1"},"content":{"rendered":"<p data-start=\"739\" data-end=\"828\"><strong data-start=\"739\" data-end=\"826\">B\u00e0n Gi\u00e1m \u0111\u1ed1c ET1600VM1 \u2013 S\u1ef1 sang tr\u1ecdng tinh t\u1ebf t\u1eeb ch\u1ea5t li\u1ec7u Veneer k\u1ebft h\u1ee3p Melamine<\/strong><\/p>\n<p data-start=\"830\" data-end=\"1150\">Trong kh\u00f4ng gian l\u00e0m vi\u1ec7c c\u1ee7a l\u00e3nh \u0111\u1ea1o, chi\u1ebfc b\u00e0n kh\u00f4ng ch\u1ec9 l\u00e0 n\u01a1i s\u1eafp x\u1ebfp c\u00f4ng vi\u1ec7c m\u00e0 c\u00f2n l\u00e0 bi\u1ec3u t\u01b0\u1ee3ng th\u1ec3 hi\u1ec7n phong c\u00e1ch, v\u1ecb th\u1ebf v\u00e0 s\u1ef1 chuy\u00ean nghi\u1ec7p. <strong data-start=\"985\" data-end=\"1011\">B\u00e0n Gi\u00e1m \u0111\u1ed1c ET1600VM1<\/strong> c\u1ee7a <strong data-start=\"1016\" data-end=\"1036\">N\u1ed8I TH\u1ea4T THE ONE<\/strong> ch\u00ednh l\u00e0 s\u1ef1 l\u1ef1a ch\u1ecdn ho\u00e0n h\u1ea3o, k\u1ebft h\u1ee3p h\u00e0i h\u00f2a gi\u1eefa ch\u1ea5t li\u1ec7u cao c\u1ea5p, thi\u1ebft k\u1ebf hi\u1ec7n \u0111\u1ea1i v\u00e0 c\u00f4ng n\u0103ng ti\u1ec7n \u00edch.<\/p>\n<p data-start=\"1152\" data-end=\"1460\">S\u1ea3n ph\u1ea9m n\u1ed5i b\u1eadt v\u1edbi <strong data-start=\"1173\" data-end=\"1198\">m\u1eb7t b\u00e0n h\u00ecnh ch\u1eef nh\u1eadt<\/strong> \u0111\u01b0\u1ee3c l\u00e0m t\u1eeb <strong data-start=\"1211\" data-end=\"1261\">Veneer (V1) ho\u1eb7c Veneer k\u1ebft h\u1ee3p Melamine (VM1)<\/strong>, mang l\u1ea1i v\u1ebb \u0111\u1eb9p sang tr\u1ecdng, t\u1ef1 nhi\u00ean v\u00e0 b\u1ec1n m\u00e0u theo th\u1eddi gian. L\u1edbp b\u1ec1 m\u1eb7t \u0111\u01b0\u1ee3c x\u1eed l\u00fd k\u1ef9 l\u01b0\u1ee1ng gi\u00fap ch\u1ed1ng tr\u1ea7y x\u01b0\u1edbc, h\u1ea1n ch\u1ebf \u1ea9m m\u1ed1c, \u0111\u1ed3ng th\u1eddi d\u1ec5 d\u00e0ng v\u1ec7 sinh, gi\u1eef cho b\u00e0n lu\u00f4n s\u00e1ng b\u00f3ng nh\u01b0 m\u1edbi.<\/p>\n<p data-start=\"1462\" data-end=\"1760\">Ph\u1ea7n <strong data-start=\"1467\" data-end=\"1493\">y\u1ebfm b\u00e0n \u1ed1p n\u1ed5i t\u1ea5m PVC<\/strong> t\u1ea1o \u0111i\u1ec3m nh\u1ea5n tinh t\u1ebf, n\u00e2ng cao t\u00ednh th\u1ea9m m\u1ef9 v\u00e0 s\u1ef1 b\u1ec1 th\u1ebf cho s\u1ea3n ph\u1ea9m. S\u1ef1 k\u1ebft h\u1ee3p gi\u1eefa m\u1eb7t b\u00e0n ch\u1ea5t li\u1ec7u cao c\u1ea5p v\u00e0 y\u1ebfm trang tr\u00ed \u1ed1p n\u1ed5i mang \u0111\u1ebfn t\u1ed5ng th\u1ec3 h\u00e0i h\u00f2a, v\u1eeba uy nghi\u00eam v\u1eeba thanh tho\u00e1t, ph\u00f9 h\u1ee3p v\u1edbi phong c\u00e1ch l\u00e0m vi\u1ec7c chuy\u00ean nghi\u1ec7p c\u1ee7a l\u00e3nh \u0111\u1ea1o hi\u1ec7n \u0111\u1ea1i.<\/p>\n<p data-start=\"1762\" data-end=\"2063\">K\u00edch th\u01b0\u1edbc ti\u00eau chu\u1ea9n <strong data-start=\"1784\" data-end=\"1810\">W1600 x D800 x H760 mm<\/strong> mang \u0111\u1ebfn di\u1ec7n t\u00edch m\u1eb7t b\u00e0n v\u1eeba ph\u1ea3i, \u0111\u1ee7 \u0111\u1ec3 s\u1eafp x\u1ebfp t\u00e0i li\u1ec7u, m\u00e1y t\u00ednh v\u00e0 c\u00e1c v\u1eadt d\u1ee5ng c\u1ea7n thi\u1ebft, \u0111\u1ed3ng th\u1eddi ph\u00f9 h\u1ee3p v\u1edbi nhi\u1ec1u kh\u00f4ng gian v\u0103n ph\u00f2ng kh\u00e1c nhau. Thi\u1ebft k\u1ebf c\u00e2n \u0111\u1ed1i, g\u1ecdn g\u00e0ng gi\u00fap ph\u00f2ng l\u00e0m vi\u1ec7c th\u00eam sang tr\u1ecdng, tho\u00e1ng \u0111\u00e3ng v\u00e0 chuy\u00ean nghi\u1ec7p.<\/p>\n<p data-start=\"2065\" data-end=\"2332\">Ch\u1ea5t li\u1ec7u g\u1ed7 c\u00f4ng nghi\u1ec7p cao c\u1ea5p k\u1ebft h\u1ee3p b\u1ec1 m\u1eb7t Veneer\/Melamine kh\u00f4ng ch\u1ec9 t\u0103ng \u0111\u1ed9 b\u1ec1n m\u00e0 c\u00f2n \u0111\u1ea3m b\u1ea3o t\u00ednh \u1ed5n \u0111\u1ecbnh, h\u1ea1n ch\u1ebf cong v\u00eanh, m\u1ed1i m\u1ecdt. \u0110i\u1ec1u n\u00e0y gi\u00fap ng\u01b0\u1eddi d\u00f9ng y\u00ean t\u00e2m v\u1ec1 tu\u1ed5i th\u1ecd s\u1ea3n ph\u1ea9m, ti\u1ebft ki\u1ec7m chi ph\u00ed b\u1ea3o tr\u00ec v\u00e0 thay th\u1ebf trong su\u1ed1t qu\u00e1 tr\u00ecnh s\u1eed d\u1ee5ng.<\/p>\n<p data-start=\"2334\" data-end=\"2680\"><strong data-start=\"2334\" data-end=\"2360\">B\u00e0n Gi\u00e1m \u0111\u1ed1c ET1600VM1<\/strong> kh\u00f4ng ch\u1ec9 l\u00e0 m\u1ed9t s\u1ea3n ph\u1ea9m n\u1ed9i th\u1ea5t m\u00e0 c\u00f2n l\u00e0 c\u00f4ng c\u1ee5 \u0111\u1ec3 th\u1ec3 hi\u1ec7n phong th\u00e1i, gu th\u1ea9m m\u1ef9 v\u00e0 v\u1ecb th\u1ebf c\u1ee7a ng\u01b0\u1eddi l\u00e3nh \u0111\u1ea1o. Thi\u1ebft k\u1ebf tinh t\u1ebf, ch\u1ea5t li\u1ec7u sang tr\u1ecdng v\u00e0 t\u00ednh \u1ee9ng d\u1ee5ng cao khi\u1ebfn s\u1ea3n ph\u1ea9m tr\u1edf th\u00e0nh l\u1ef1a ch\u1ecdn l\u00fd t\u01b0\u1edfng cho v\u0103n ph\u00f2ng gi\u00e1m \u0111\u1ed1c hi\u1ec7n \u0111\u1ea1i, mang \u0111\u1ebfn s\u1ef1 ti\u1ec7n nghi v\u00e0 chuy\u00ean nghi\u1ec7p cho kh\u00f4ng gian l\u00e0m vi\u1ec7c.<\/p>\n<p data-start=\"2682\" data-end=\"2921\">N\u1ebfu b\u1ea1n \u0111ang t\u00ecm ki\u1ebfm m\u1ed9t chi\u1ebfc b\u00e0n gi\u00e1m \u0111\u1ed1c h\u1ed9i t\u1ee5 \u0111\u1ee7 c\u00e1c y\u1ebfu t\u1ed1 sang tr\u1ecdng, b\u1ec1n b\u1ec9 v\u00e0 ti\u1ec7n \u00edch, <strong data-start=\"2780\" data-end=\"2793\">ET1600VM1<\/strong> ch\u1eafc ch\u1eafn l\u00e0 s\u1ef1 l\u1ef1a ch\u1ecdn ho\u00e0n h\u1ea3o, g\u00f3p ph\u1ea7n n\u00e2ng t\u1ea7m kh\u00f4ng gian l\u00e3nh \u0111\u1ea1o v\u00e0 t\u1ea1o d\u1ea5u \u1ea5n \u1ea5n t\u01b0\u1ee3ng trong m\u1eaft \u0111\u1ed1i t\u00e1c, nh\u00e2n vi\u00ean.<\/p>\n","protected":false},"excerpt":{"rendered":"<p data-start=\"203\" data-end=\"341\"><strong data-start=\"203\" data-end=\"339\">B\u00e0n Gi\u00e1m \u0111\u1ed1c ET1600VM1 \u2013 B\u00e0n l\u00e3nh \u0111\u1ea1o m\u1eb7t ch\u1eef nh\u1eadt, ch\u1ea5t li\u1ec7u Veneer (V1) ho\u1eb7c Veneer k\u1ebft h\u1ee3p Melamine (VM1), y\u1ebfm b\u00e0n \u1ed1p n\u1ed5i t\u1ea5m PVC<\/strong><\/p>\n<p data-start=\"343\" data-end=\"381\">K\u00edch th\u01b0\u1edbc: W1600 x D800 x H760 (mm)<\/p>\n<p data-start=\"383\" data-end=\"488\">Xu\u1ea5t x\u1ee9: S\u1ea3n ph\u1ea9m c\u1ee7a c\u00f4ng ty <strong data-start=\"413\" data-end=\"433\">N\u1ed8I TH\u1ea4T THE ONE<\/strong> \u2013 Ph\u00e2n ph\u1ed1i b\u1edfi <strong data-start=\"450\" data-end=\"486\">C\u00d4NG TY TNHH SXTM TTNT H\u1eeeU TH\u1ecaNH<\/strong><\/p>\n<p data-start=\"490\" data-end=\"534\">B\u1ea3o h\u00e0nh: 12 th\u00e1ng theo ti\u00eau chu\u1ea9n nh\u00e0 m\u00e1y<\/p>\n<p data-start=\"536\" data-end=\"690\"><span style=\"color: #ed1c24;\"><em data-start=\"536\" data-end=\"688\">L\u01b0u \u00fd: Gi\u00e1 tr\u00ean ch\u01b0a bao g\u1ed3m VAT v\u00e0 ph\u00ed v\u1eadn chuy\u1ec3n. Gi\u00e1 s\u1ea3n ph\u1ea9m c\u00f3 th\u1ec3 thay \u0111\u1ed5i theo t\u1eebng th\u1eddi \u0111i\u1ec3m, vui l\u00f2ng li\u00ean h\u1ec7 \u0111\u1ec3 nh\u1eadn t\u01b0 v\u1ea5n \u01b0u \u0111\u00e3i t\u1ed1t nh\u1ea5t.<\/em><\/span><\/p>\n","protected":false},"featured_media":3437,"comment_status":"open","ping_status":"closed","template":"","meta":[],"product_brand":[],"product_cat":[17,756],"product_tag":[],"class_list":{"0":"post-1795","1":"product","2":"type-product","3":"status-publish","4":"has-post-thumbnail","6":"product_cat-noi-that-van-phong","7":"product_cat-ban-giam-doc","9":"first","10":"instock","11":"shipping-taxable","12":"purchasable","13":"product-type-simple"},"_links":{"self":[{"href":"https:\/\/noithathuuthinh.vn\/zh-hans\/wp-json\/wp\/v2\/product\/1795","targetHints":{"allow":["GET"]}}],"collection":[{"href":"https:\/\/noithathuuthinh.vn\/zh-hans\/wp-json\/wp\/v2\/product"}],"about":[{"href":"https:\/\/noithathuuthinh.vn\/zh-hans\/wp-json\/wp\/v2\/types\/product"}],"replies":[{"embeddable":true,"href":"https:\/\/noithathuuthinh.vn\/zh-hans\/wp-json\/wp\/v2\/comments?post=1795"}],"wp:featuredmedia":[{"embeddable":true,"href":"https:\/\/noithathuuthinh.vn\/zh-hans\/wp-json\/wp\/v2\/media\/3437"}],"wp:attachment":[{"href":"https:\/\/noithathuuthinh.vn\/zh-hans\/wp-json\/wp\/v2\/media?parent=1795"}],"wp:term":[{"taxonomy":"product_brand","embeddable":true,"href":"https:\/\/noithathuuthinh.vn\/zh-hans\/wp-json\/wp\/v2\/product_brand?post=1795"},{"taxonomy":"product_cat","embeddable":true,"href":"https:\/\/noithathuuthinh.vn\/zh-hans\/wp-json\/wp\/v2\/product_cat?post=1795"},{"taxonomy":"product_tag","embeddable":true,"href":"https:\/\/noithathuuthinh.vn\/zh-hans\/wp-json\/wp\/v2\/product_tag?post=1795"}],"curies":[{"name":"wp","href":"https:\/\/api.w.org\/{rel}","templated":true}]}}