{"id":1796,"date":"2025-07-16T00:05:50","date_gmt":"2025-07-15T17:05:50","guid":{"rendered":"https:\/\/noithathuuthinh.vn\/?post_type=product&#038;p=1796"},"modified":"2025-09-27T15:09:36","modified_gmt":"2025-09-27T08:09:36","slug":"ban-giam-doc-dt1890h2","status":"publish","type":"product","link":"https:\/\/noithathuuthinh.vn\/zh-hans\/san-pham\/ban-giam-doc-dt1890h2\/","title":{"rendered":"B\u00e0n Gi\u00e1m \u0111\u1ed1c DT1890H2"},"content":{"rendered":"<p data-start=\"713\" data-end=\"797\"><strong data-start=\"713\" data-end=\"795\">B\u00e0n Gi\u00e1m \u0111\u1ed1c DT1890H2 \u2013 S\u1ef1 l\u1ef1a ch\u1ecdn chu\u1ea9n m\u1ef1c cho kh\u00f4ng gian l\u00e3nh \u0111\u1ea1o hi\u1ec7n \u0111\u1ea1i<\/strong><\/p>\n<p data-start=\"799\" data-end=\"1145\">Trong ph\u00f2ng l\u00e0m vi\u1ec7c c\u1ee7a gi\u00e1m \u0111\u1ed1c, chi\u1ebfc b\u00e0n lu\u00f4n l\u00e0 t\u00e2m \u0111i\u1ec3m, v\u1eeba ph\u1ee5c v\u1ee5 c\u00f4ng vi\u1ec7c h\u00e0ng ng\u00e0y v\u1eeba kh\u1eb3ng \u0111\u1ecbnh phong c\u00e1ch v\u00e0 v\u1ecb th\u1ebf c\u1ee7a ng\u01b0\u1eddi l\u00e3nh \u0111\u1ea1o. Hi\u1ec3u \u0111\u01b0\u1ee3c nhu c\u1ea7u \u0111\u00f3, th\u01b0\u01a1ng hi\u1ec7u <strong data-start=\"984\" data-end=\"1004\">N\u1ed8I TH\u1ea4T THE ONE<\/strong> \u0111\u00e3 cho ra m\u1eaft m\u1eabu <strong data-start=\"1023\" data-end=\"1048\">B\u00e0n Gi\u00e1m \u0111\u1ed1c DT1890H2<\/strong>, m\u1ed9t s\u1ea3n ph\u1ea9m k\u1ebft h\u1ee3p h\u00e0i h\u00f2a gi\u1eefa thi\u1ebft k\u1ebf sang tr\u1ecdng, ch\u1ea5t li\u1ec7u cao c\u1ea5p v\u00e0 c\u00f4ng n\u0103ng t\u1ed1i \u01b0u.<\/p>\n<p data-start=\"1147\" data-end=\"1447\">\u0110i\u1ec3m n\u1ed5i b\u1eadt c\u1ee7a b\u00e0n ch\u00ednh l\u00e0 <strong data-start=\"1177\" data-end=\"1229\">thi\u1ebft k\u1ebf m\u1eb7t ch\u1eef nh\u1eadt \u0111\u01a1n gi\u1ea3n nh\u01b0ng \u0111\u1ea7y tinh t\u1ebf<\/strong>, d\u1ec5 d\u00e0ng b\u1ed1 tr\u00ed trong nhi\u1ec1u kh\u00f4ng gian v\u0103n ph\u00f2ng kh\u00e1c nhau. Tr\u00ean b\u1ec1 m\u1eb7t \u0111\u01b0\u1ee3c trang tr\u00ed b\u1eb1ng <strong data-start=\"1322\" data-end=\"1333\">t\u1ea5m PVC<\/strong> t\u1ea1o \u0111i\u1ec3m nh\u1ea5n hi\u1ec7n \u0111\u1ea1i, gi\u00fap s\u1ea3n ph\u1ea9m kh\u00f4ng b\u1ecb \u0111\u01a1n \u0111i\u1ec7u m\u00e0 tr\u1edf n\u00ean cu\u1ed1n h\u00fat, n\u1ed5i b\u1eadt trong kh\u00f4ng gian l\u00e0m vi\u1ec7c.<\/p>\n<p data-start=\"1449\" data-end=\"1771\">L\u1edbp <strong data-start=\"1453\" data-end=\"1471\">s\u01a1n PU cao c\u1ea5p<\/strong> ph\u1ee7 b\u00ean ngo\u00e0i kh\u00f4ng ch\u1ec9 l\u00e0m t\u0103ng v\u1ebb \u0111\u1eb9p sang tr\u1ecdng m\u00e0 c\u00f2n b\u1ea3o v\u1ec7 b\u1ec1 m\u1eb7t b\u00e0n hi\u1ec7u qu\u1ea3, ch\u1ed1ng tr\u1ea7y x\u01b0\u1edbc, ch\u1ed1ng \u1ea9m m\u1ed1c, gi\u1eef cho s\u1ea3n ph\u1ea9m lu\u00f4n s\u00e1ng b\u00f3ng v\u00e0 b\u1ec1n m\u00e0u theo th\u1eddi gian. \u0110\u00e2y l\u00e0 y\u1ebfu t\u1ed1 quan tr\u1ecdng \u0111\u1ea3m b\u1ea3o b\u00e0n c\u00f3 tu\u1ed5i th\u1ecd l\u00e2u d\u00e0i, \u0111\u00e1p \u1ee9ng t\u1ed1t nhu c\u1ea7u s\u1eed d\u1ee5ng trong m\u00f4i tr\u01b0\u1eddng v\u0103n ph\u00f2ng b\u1eadn r\u1ed9n.<\/p>\n<p data-start=\"1773\" data-end=\"2088\">K\u00edch th\u01b0\u1edbc <strong data-start=\"1784\" data-end=\"1810\">W1800 x D900 x H760 mm<\/strong> \u0111\u01b0\u1ee3c thi\u1ebft k\u1ebf ti\u00eau chu\u1ea9n, ph\u00f9 h\u1ee3p v\u1edbi \u0111a s\u1ed1 kh\u00f4ng gian ph\u00f2ng gi\u00e1m \u0111\u1ed1c t\u1ea1i c\u00e1c doanh nghi\u1ec7p. S\u1ea3n ph\u1ea9m mang \u0111\u1ebfn s\u1ef1 c\u00e2n \u0111\u1ed1i trong b\u1ed1 tr\u00ed n\u1ed9i th\u1ea5t, \u0111\u1ed3ng th\u1eddi v\u1eabn \u0111\u1ea3m b\u1ea3o di\u1ec7n t\u00edch l\u00e0m vi\u1ec7c r\u1ed9ng r\u00e3i, thu\u1eadn ti\u1ec7n cho vi\u1ec7c s\u1eafp x\u1ebfp h\u1ed3 s\u01a1, m\u00e1y t\u00ednh v\u00e0 c\u00e1c v\u1eadt d\u1ee5ng v\u0103n ph\u00f2ng c\u1ea7n thi\u1ebft.<\/p>\n<p data-start=\"2090\" data-end=\"2411\">Kh\u00f4ng ch\u1ec9 \u0111\u1eb9p m\u1eaft, <strong data-start=\"2109\" data-end=\"2134\">B\u00e0n Gi\u00e1m \u0111\u1ed1c DT1890H2<\/strong> c\u00f2n ch\u00fa tr\u1ecdng \u0111\u1ebfn s\u1ef1 ch\u1eafc ch\u1eafn v\u00e0 \u1ed5n \u0111\u1ecbnh. Khung b\u00e0n \u0111\u01b0\u1ee3c s\u1ea3n xu\u1ea5t t\u1eeb g\u1ed7 c\u00f4ng nghi\u1ec7p ch\u1ea5t l\u01b0\u1ee3ng cao, x\u1eed l\u00fd tr\u00ean d\u00e2y chuy\u1ec1n hi\u1ec7n \u0111\u1ea1i, h\u1ea1n ch\u1ebf t\u1ed1i \u0111a t\u00ecnh tr\u1ea1ng cong v\u00eanh hay m\u1ed1i m\u1ecdt. \u0110i\u1ec1u n\u00e0y gi\u00fap ng\u01b0\u1eddi d\u00f9ng y\u00ean t\u00e2m h\u01a1n v\u1ec1 \u0111\u1ed9 b\u1ec1n v\u00e0 t\u00ednh an to\u00e0n trong su\u1ed1t qu\u00e1 tr\u00ecnh s\u1eed d\u1ee5ng.<\/p>\n<p data-start=\"2413\" data-end=\"2627\">V\u1edbi phong c\u00e1ch sang tr\u1ecdng, hi\u1ec7n \u0111\u1ea1i v\u00e0 t\u00ednh \u1ee9ng d\u1ee5ng cao, m\u1eabu b\u00e0n n\u00e0y kh\u00f4ng ch\u1ec9 n\u00e2ng t\u1ea7m th\u1ea9m m\u1ef9 cho v\u0103n ph\u00f2ng gi\u00e1m \u0111\u1ed1c m\u00e0 c\u00f2n g\u00f3p ph\u1ea7n kh\u1eb3ng \u0111\u1ecbnh s\u1ef1 chuy\u00ean nghi\u1ec7p c\u1ee7a doanh nghi\u1ec7p trong m\u1eaft \u0111\u1ed1i t\u00e1c v\u00e0 nh\u00e2n vi\u00ean.<\/p>\n<p data-start=\"2629\" data-end=\"2884\"><strong data-start=\"2629\" data-end=\"2654\">B\u00e0n Gi\u00e1m \u0111\u1ed1c DT1890H2<\/strong> l\u00e0 s\u1ef1 l\u1ef1a ch\u1ecdn ho\u00e0n h\u1ea3o d\u00e0nh cho nh\u1eefng ai mong mu\u1ed1n t\u00ecm ki\u1ebfm m\u1ed9t s\u1ea3n ph\u1ea9m h\u1ed9i t\u1ee5 \u0111\u1ee7 c\u00e1c y\u1ebfu t\u1ed1: th\u1ea9m m\u1ef9, b\u1ec1n b\u1ec9 v\u00e0 ti\u1ec7n \u00edch. \u0110\u00e2y ch\u1eafc ch\u1eafn s\u1ebd l\u00e0 \u0111i\u1ec3m nh\u1ea5n n\u1ed5i b\u1eadt gi\u00fap kh\u00f4ng gian ph\u00f2ng l\u00e3nh \u0111\u1ea1o tr\u1edf n\u00ean \u0111\u1eb3ng c\u1ea5p v\u00e0 \u1ea5n t\u01b0\u1ee3ng h\u01a1n.<\/p>\n","protected":false},"excerpt":{"rendered":"<p data-start=\"223\" data-end=\"315\"><strong data-start=\"223\" data-end=\"313\">B\u00e0n Gi\u00e1m \u0111\u1ed1c DT1890H2 \u2013 B\u00e0n l\u00e3nh \u0111\u1ea1o s\u01a1n PU cao c\u1ea5p m\u1eb7t ch\u1eef nh\u1eadt, c\u00f3 t\u1ea5m PVC trang tr\u00ed<\/strong><\/p>\n<p data-start=\"317\" data-end=\"355\">K\u00edch th\u01b0\u1edbc: W1800 x D900 x H760 (mm)<\/p>\n<p data-start=\"357\" data-end=\"462\">Xu\u1ea5t x\u1ee9: S\u1ea3n ph\u1ea9m c\u1ee7a c\u00f4ng ty <strong data-start=\"387\" data-end=\"407\">N\u1ed8I TH\u1ea4T THE ONE<\/strong> \u2013 Ph\u00e2n ph\u1ed1i b\u1edfi <strong data-start=\"424\" data-end=\"460\">C\u00d4NG TY TNHH SXTM TTNT H\u1eeeU TH\u1ecaNH<\/strong><\/p>\n<p data-start=\"464\" data-end=\"508\">B\u1ea3o h\u00e0nh: 12 th\u00e1ng theo ti\u00eau chu\u1ea9n nh\u00e0 m\u00e1y<\/p>\n<p data-start=\"510\" data-end=\"664\"><span style=\"color: #ed1c24;\"><em data-start=\"510\" data-end=\"662\">L\u01b0u \u00fd: Gi\u00e1 tr\u00ean ch\u01b0a bao g\u1ed3m VAT v\u00e0 ph\u00ed v\u1eadn chuy\u1ec3n. Gi\u00e1 s\u1ea3n ph\u1ea9m c\u00f3 th\u1ec3 thay \u0111\u1ed5i theo t\u1eebng th\u1eddi \u0111i\u1ec3m, vui l\u00f2ng li\u00ean h\u1ec7 \u0111\u1ec3 nh\u1eadn t\u01b0 v\u1ea5n \u01b0u \u0111\u00e3i t\u1ed1t nh\u1ea5t.<\/em><\/span><\/p>\n","protected":false},"featured_media":3433,"comment_status":"open","ping_status":"closed","template":"","meta":[],"product_brand":[],"product_cat":[17,756],"product_tag":[],"class_list":{"0":"post-1796","1":"product","2":"type-product","3":"status-publish","4":"has-post-thumbnail","6":"product_cat-noi-that-van-phong","7":"product_cat-ban-giam-doc","9":"first","10":"instock","11":"taxable","12":"shipping-taxable","13":"purchasable","14":"product-type-simple"},"_links":{"self":[{"href":"https:\/\/noithathuuthinh.vn\/zh-hans\/wp-json\/wp\/v2\/product\/1796","targetHints":{"allow":["GET"]}}],"collection":[{"href":"https:\/\/noithathuuthinh.vn\/zh-hans\/wp-json\/wp\/v2\/product"}],"about":[{"href":"https:\/\/noithathuuthinh.vn\/zh-hans\/wp-json\/wp\/v2\/types\/product"}],"replies":[{"embeddable":true,"href":"https:\/\/noithathuuthinh.vn\/zh-hans\/wp-json\/wp\/v2\/comments?post=1796"}],"wp:featuredmedia":[{"embeddable":true,"href":"https:\/\/noithathuuthinh.vn\/zh-hans\/wp-json\/wp\/v2\/media\/3433"}],"wp:attachment":[{"href":"https:\/\/noithathuuthinh.vn\/zh-hans\/wp-json\/wp\/v2\/media?parent=1796"}],"wp:term":[{"taxonomy":"product_brand","embeddable":true,"href":"https:\/\/noithathuuthinh.vn\/zh-hans\/wp-json\/wp\/v2\/product_brand?post=1796"},{"taxonomy":"product_cat","embeddable":true,"href":"https:\/\/noithathuuthinh.vn\/zh-hans\/wp-json\/wp\/v2\/product_cat?post=1796"},{"taxonomy":"product_tag","embeddable":true,"href":"https:\/\/noithathuuthinh.vn\/zh-hans\/wp-json\/wp\/v2\/product_tag?post=1796"}],"curies":[{"name":"wp","href":"https:\/\/api.w.org\/{rel}","templated":true}]}}