{"id":1799,"date":"2025-07-16T00:13:50","date_gmt":"2025-07-15T17:13:50","guid":{"rendered":"https:\/\/noithathuuthinh.vn\/?post_type=product&#038;p=1799"},"modified":"2025-09-27T15:02:31","modified_gmt":"2025-09-27T08:02:31","slug":"ban-giam-doc-dt1890h3","status":"publish","type":"product","link":"https:\/\/noithathuuthinh.vn\/zh-hans\/san-pham\/ban-giam-doc-dt1890h3\/","title":{"rendered":"B\u00e0n Gi\u00e1m \u0111\u1ed1c DT1890H3"},"content":{"rendered":"<p data-start=\"770\" data-end=\"854\"><strong data-start=\"770\" data-end=\"852\">B\u00e0n Gi\u00e1m \u0111\u1ed1c DT1890H3 \u2013 Kh\u1eb3ng \u0111\u1ecbnh phong c\u00e1ch l\u00e3nh \u0111\u1ea1o v\u1edbi thi\u1ebft k\u1ebf sang tr\u1ecdng<\/strong><\/p>\n<p data-start=\"856\" data-end=\"1286\">Trong kh\u00f4ng gian l\u00e0m vi\u1ec7c c\u1ee7a gi\u00e1m \u0111\u1ed1c, chi\u1ebfc b\u00e0n kh\u00f4ng ch\u1ec9 \u0111\u01a1n thu\u1ea7n l\u00e0 n\u01a1i x\u1eed l\u00fd c\u00f4ng vi\u1ec7c m\u00e0 c\u00f2n l\u00e0 bi\u1ec3u t\u01b0\u1ee3ng th\u1ec3 hi\u1ec7n v\u1ecb th\u1ebf, s\u1ef1 chuy\u00ean nghi\u1ec7p v\u00e0 gu th\u1ea9m m\u1ef9 c\u1ee7a ng\u01b0\u1eddi l\u00e3nh \u0111\u1ea1o. V\u1edbi mong mu\u1ed1n mang \u0111\u1ebfn s\u1ea3n ph\u1ea9m v\u1eeba ti\u1ec7n \u00edch, v\u1eeba c\u00f3 t\u00ednh th\u1ea9m m\u1ef9 cao, <strong data-start=\"1109\" data-end=\"1129\">N\u1ed8I TH\u1ea4T THE ONE<\/strong> \u0111\u00e3 cho ra m\u1eaft m\u1eabu <strong data-start=\"1148\" data-end=\"1173\">B\u00e0n Gi\u00e1m \u0111\u1ed1c DT1890H3<\/strong>, \u0111\u01b0\u1ee3c thi\u1ebft k\u1ebf tinh t\u1ebf, hi\u1ec7n \u0111\u1ea1i v\u00e0 sang tr\u1ecdng, \u0111\u00e1p \u1ee9ng ho\u00e0n h\u1ea3o m\u1ecdi nhu c\u1ea7u c\u1ee7a kh\u00f4ng gian v\u0103n ph\u00f2ng qu\u1ea3n l\u00fd.<\/p>\n<p data-start=\"1288\" data-end=\"1705\">\u0110i\u1ec3m nh\u1ea5n \u1ea5n t\u01b0\u1ee3ng c\u1ee7a b\u00e0n ch\u00ednh l\u00e0 <strong data-start=\"1324\" data-end=\"1353\">m\u1eb7t b\u00e0n l\u01b0\u1ee3n cong m\u1ec1m m\u1ea1i<\/strong>, mang l\u1ea1i s\u1ef1 \u0111\u1ed9c \u0111\u00e1o v\u00e0 kh\u00e1c bi\u1ec7t so v\u1edbi nh\u1eefng ki\u1ec3u b\u00e0n truy\u1ec1n th\u1ed1ng. Ki\u1ec3u d\u00e1ng n\u00e0y kh\u00f4ng ch\u1ec9 gi\u00fap b\u00e0n tr\u1edf n\u00ean thanh tho\u00e1t, c\u00e2n \u0111\u1ed1i m\u00e0 c\u00f2n t\u1ea1o c\u1ea3m gi\u00e1c tho\u1ea3i m\u00e1i, d\u1ec5 ch\u1ecbu cho ng\u01b0\u1eddi s\u1eed d\u1ee5ng. B\u1ec1 m\u1eb7t \u0111\u01b0\u1ee3c ph\u1ee7 <strong data-start=\"1560\" data-end=\"1578\">s\u01a1n PU cao c\u1ea5p<\/strong>, gi\u00fap t\u0103ng kh\u1ea3 n\u0103ng ch\u1ed1ng tr\u1ea7y x\u01b0\u1edbc, ch\u1ed1ng b\u00e1m b\u1ee5i, gi\u1eef \u0111\u01b0\u1ee3c \u0111\u1ed9 b\u00f3ng m\u1ecbn v\u00e0 m\u00e0u s\u1eafc sang tr\u1ecdng trong su\u1ed1t qu\u00e1 tr\u00ecnh s\u1eed d\u1ee5ng.<\/p>\n<p data-start=\"1707\" data-end=\"1990\">Ph\u1ea7n <strong data-start=\"1712\" data-end=\"1740\">y\u1ebfm b\u00e0n \u1ed1p n\u1ed5i trang tr\u00ed<\/strong> \u0111\u01b0\u1ee3c thi\u1ebft k\u1ebf c\u1ea7u k\u1ef3, mang l\u1ea1i n\u00e9t b\u1ec1 th\u1ebf, trang tr\u1ecdng, \u0111\u1ed3ng th\u1eddi gi\u00fap b\u00e0n th\u00eam ph\u1ea7n ch\u1eafc ch\u1eafn. S\u1ef1 k\u1ebft h\u1ee3p h\u00e0i h\u00f2a gi\u1eefa m\u1eb7t b\u00e0n l\u01b0\u1ee3n cong v\u00e0 y\u1ebfm \u1ed1p n\u1ed5i t\u1ea1o n\u00ean t\u1ed5ng th\u1ec3 m\u1ea1nh m\u1ebd nh\u01b0ng v\u1eabn tinh t\u1ebf, ph\u00f9 h\u1ee3p v\u1edbi phong c\u00e1ch c\u1ee7a ng\u01b0\u1eddi l\u00e3nh \u0111\u1ea1o hi\u1ec7n \u0111\u1ea1i.<\/p>\n<p data-start=\"1992\" data-end=\"2044\">S\u1ea3n ph\u1ea9m c\u00f3 hai k\u00edch th\u01b0\u1edbc \u0111\u1ec3 kh\u00e1ch h\u00e0ng l\u1ef1a ch\u1ecdn:<\/p>\n<ul data-start=\"2045\" data-end=\"2293\">\n<li data-start=\"2045\" data-end=\"2167\">\n<p data-start=\"2047\" data-end=\"2167\"><strong data-start=\"2047\" data-end=\"2076\">W1800 x D900 x H760 (mm):<\/strong> Th\u00edch h\u1ee3p cho c\u00e1c v\u0103n ph\u00f2ng c\u00f3 di\u1ec7n t\u00edch v\u1eeba ph\u1ea3i, v\u1eabn \u0111\u1ea3m b\u1ea3o s\u1ef1 tho\u1ea3i m\u00e1i v\u00e0 \u0111\u1eb3ng c\u1ea5p.<\/p>\n<\/li>\n<li data-start=\"2168\" data-end=\"2293\">\n<p data-start=\"2170\" data-end=\"2293\"><strong data-start=\"2170\" data-end=\"2200\">W2000 x D1000 x H760 (mm):<\/strong> Ph\u00f9 h\u1ee3p cho kh\u00f4ng gian r\u1ed9ng r\u00e3i, mang l\u1ea1i s\u1ef1 b\u1ec1 th\u1ebf, kh\u1eb3ng \u0111\u1ecbnh v\u1ecb th\u1ebf c\u1ee7a ng\u01b0\u1eddi \u0111\u1ee9ng \u0111\u1ea7u.<\/p>\n<\/li>\n<\/ul>\n<p data-start=\"2295\" data-end=\"2556\">V\u1edbi ch\u1ea5t li\u1ec7u g\u1ed7 c\u00f4ng nghi\u1ec7p cao c\u1ea5p, b\u00e0n \u0111\u01b0\u1ee3c s\u1ea3n xu\u1ea5t tr\u00ean d\u00e2y chuy\u1ec1n hi\u1ec7n \u0111\u1ea1i, \u0111\u1ea3m b\u1ea3o \u0111\u1ed9 b\u1ec1n ch\u1eafc, kh\u1ea3 n\u0103ng ch\u1ed1ng cong v\u00eanh, m\u1ed1i m\u1ecdt. L\u1edbp s\u01a1n PU ph\u1ee7 ngo\u00e0i gi\u00fap b\u00e0n duy tr\u00ec v\u1ebb \u0111\u1eb9p b\u1ec1n l\u00e2u, d\u1ec5 d\u00e0ng v\u1ec7 sinh, ti\u1ebft ki\u1ec7m chi ph\u00ed b\u1ea3o tr\u00ec trong qu\u00e1 tr\u00ecnh s\u1eed d\u1ee5ng.<\/p>\n<p data-start=\"2558\" data-end=\"2894\">M\u1ed9t \u01b0u \u0111i\u1ec3m kh\u00e1c c\u1ea7n l\u01b0u \u00fd l\u00e0 <strong data-start=\"2588\" data-end=\"2627\">s\u1ea3n ph\u1ea9m ch\u01b0a bao g\u1ed3m h\u1ed9c v\u00e0 t\u1ee7 ph\u1ee5<\/strong>, \u0111i\u1ec1u n\u00e0y mang \u0111\u1ebfn s\u1ef1 linh ho\u1ea1t trong vi\u1ec7c l\u1ef1a ch\u1ecdn, b\u1ed1 tr\u00ed theo nhu c\u1ea7u s\u1eed d\u1ee5ng th\u1ef1c t\u1ebf. Kh\u00e1ch h\u00e0ng c\u00f3 th\u1ec3 d\u1ec5 d\u00e0ng k\u1ebft h\u1ee3p v\u1edbi c\u00e1c m\u1eabu h\u1ed9c di \u0111\u1ed9ng ho\u1eb7c t\u1ee7 ph\u1ee5 \u0111\u1ed3ng b\u1ed9 c\u1ee7a N\u1ed8I TH\u1ea4T THE ONE \u0111\u1ec3 t\u1ea1o n\u00ean m\u1ed9t kh\u00f4ng gian l\u00e0m vi\u1ec7c ti\u1ec7n nghi, chuy\u00ean nghi\u1ec7p v\u00e0 t\u1ed1i \u01b0u nh\u1ea5t.<\/p>\n<p data-start=\"2896\" data-end=\"3166\"><strong data-start=\"2896\" data-end=\"2921\">B\u00e0n Gi\u00e1m \u0111\u1ed1c DT1890H3<\/strong> kh\u00f4ng ch\u1ec9 mang l\u1ea1i gi\u00e1 tr\u1ecb s\u1eed d\u1ee5ng v\u01b0\u1ee3t tr\u1ed9i m\u00e0 c\u00f2n gi\u00fap t\u00f4n l\u00ean h\u00ecnh \u1ea3nh v\u00e0 phong th\u00e1i c\u1ee7a ng\u01b0\u1eddi l\u00e3nh \u0111\u1ea1o. S\u1ef1 k\u1ebft h\u1ee3p gi\u1eefa thi\u1ebft k\u1ebf tinh t\u1ebf, ch\u1ea5t li\u1ec7u cao c\u1ea5p v\u00e0 t\u00ednh \u1ee9ng d\u1ee5ng linh ho\u1ea1t \u0111\u00e3 t\u1ea1o n\u00ean m\u1ed9t s\u1ea3n ph\u1ea9m n\u1ed9i th\u1ea5t v\u0103n ph\u00f2ng \u0111\u00e1ng s\u1edf h\u1eefu.<\/p>\n<p data-start=\"3168\" data-end=\"3365\">N\u1ebfu b\u1ea1n \u0111ang t\u00ecm ki\u1ebfm m\u1ed9t chi\u1ebfc b\u00e0n gi\u00e1m \u0111\u1ed1c h\u1ed9i t\u1ee5 \u0111\u1ea7y \u0111\u1ee7 y\u1ebfu t\u1ed1 sang tr\u1ecdng, b\u1ec1n b\u1ec9 v\u00e0 hi\u1ec7n \u0111\u1ea1i, th\u00ec <strong data-start=\"3270\" data-end=\"3282\">DT1890H3<\/strong> ch\u1eafc ch\u1eafn l\u00e0 l\u1ef1a ch\u1ecdn l\u00fd t\u01b0\u1edfng, g\u00f3p ph\u1ea7n ho\u00e0n thi\u1ec7n kh\u00f4ng gian l\u00e0m vi\u1ec7c c\u1ee7a b\u1ea1n.<\/p>\n","protected":false},"excerpt":{"rendered":"<p data-start=\"218\" data-end=\"342\"><strong data-start=\"218\" data-end=\"340\">B\u00e0n Gi\u00e1m \u0111\u1ed1c DT1890H3 \u2013 B\u00e0n l\u00e3nh \u0111\u1ea1o s\u01a1n PU cao c\u1ea5p m\u1eb7t l\u01b0\u1ee3n cong, y\u1ebfm b\u00e0n \u1ed1p n\u1ed5i trang tr\u00ed (ch\u01b0a bao g\u1ed3m h\u1ed9c, t\u1ee7 ph\u1ee5)<\/strong><\/p>\n<p data-start=\"344\" data-end=\"412\">K\u00edch th\u01b0\u1edbc:<br data-start=\"355\" data-end=\"358\" \/>W1800 x D900 x H760 (mm)\u00a0 \u00a0&#8211; <span style=\"color: #ed1c24; font-size: 120%;\"><strong>3.808.000 \u0111<\/strong><\/span><br data-start=\"382\" data-end=\"385\" \/>W2000 x D1000 x H760 (mm) &#8211; <span style=\"color: #ed1c24; font-size: 120%;\"><strong>4.625.000 \u0111<\/strong><\/span><\/p>\n<p data-start=\"414\" data-end=\"519\">Xu\u1ea5t x\u1ee9: S\u1ea3n ph\u1ea9m c\u1ee7a c\u00f4ng ty <strong data-start=\"444\" data-end=\"464\">N\u1ed8I TH\u1ea4T THE ONE<\/strong> \u2013 Ph\u00e2n ph\u1ed1i b\u1edfi <strong data-start=\"481\" data-end=\"517\">C\u00d4NG TY TNHH SXTM TTNT H\u1eeeU TH\u1ecaNH<\/strong><\/p>\n<p data-start=\"521\" data-end=\"565\">B\u1ea3o h\u00e0nh: 12 th\u00e1ng theo ti\u00eau chu\u1ea9n nh\u00e0 m\u00e1y<\/p>\n<p data-start=\"567\" data-end=\"721\"><span style=\"color: #ed1c24;\"><em data-start=\"567\" data-end=\"719\">L\u01b0u \u00fd: Gi\u00e1 tr\u00ean ch\u01b0a bao g\u1ed3m VAT v\u00e0 ph\u00ed v\u1eadn chuy\u1ec3n. Gi\u00e1 s\u1ea3n ph\u1ea9m c\u00f3 th\u1ec3 thay \u0111\u1ed5i theo t\u1eebng th\u1eddi \u0111i\u1ec3m, vui l\u00f2ng li\u00ean h\u1ec7 \u0111\u1ec3 nh\u1eadn t\u01b0 v\u1ea5n \u01b0u \u0111\u00e3i t\u1ed1t nh\u1ea5t.<\/em><\/span><\/p>\n","protected":false},"featured_media":3430,"comment_status":"open","ping_status":"closed","template":"","meta":[],"product_brand":[],"product_cat":[17,756],"product_tag":[],"class_list":{"0":"post-1799","1":"product","2":"type-product","3":"status-publish","4":"has-post-thumbnail","6":"product_cat-noi-that-van-phong","7":"product_cat-ban-giam-doc","9":"first","10":"instock","11":"taxable","12":"shipping-taxable","13":"purchasable","14":"product-type-simple"},"_links":{"self":[{"href":"https:\/\/noithathuuthinh.vn\/zh-hans\/wp-json\/wp\/v2\/product\/1799","targetHints":{"allow":["GET"]}}],"collection":[{"href":"https:\/\/noithathuuthinh.vn\/zh-hans\/wp-json\/wp\/v2\/product"}],"about":[{"href":"https:\/\/noithathuuthinh.vn\/zh-hans\/wp-json\/wp\/v2\/types\/product"}],"replies":[{"embeddable":true,"href":"https:\/\/noithathuuthinh.vn\/zh-hans\/wp-json\/wp\/v2\/comments?post=1799"}],"wp:featuredmedia":[{"embeddable":true,"href":"https:\/\/noithathuuthinh.vn\/zh-hans\/wp-json\/wp\/v2\/media\/3430"}],"wp:attachment":[{"href":"https:\/\/noithathuuthinh.vn\/zh-hans\/wp-json\/wp\/v2\/media?parent=1799"}],"wp:term":[{"taxonomy":"product_brand","embeddable":true,"href":"https:\/\/noithathuuthinh.vn\/zh-hans\/wp-json\/wp\/v2\/product_brand?post=1799"},{"taxonomy":"product_cat","embeddable":true,"href":"https:\/\/noithathuuthinh.vn\/zh-hans\/wp-json\/wp\/v2\/product_cat?post=1799"},{"taxonomy":"product_tag","embeddable":true,"href":"https:\/\/noithathuuthinh.vn\/zh-hans\/wp-json\/wp\/v2\/product_tag?post=1799"}],"curies":[{"name":"wp","href":"https:\/\/api.w.org\/{rel}","templated":true}]}}