{"id":1895,"date":"2025-07-18T23:34:02","date_gmt":"2025-07-18T16:34:02","guid":{"rendered":"https:\/\/noithathuuthinh.vn\/?post_type=product&#038;p=1895"},"modified":"2025-10-20T13:32:24","modified_gmt":"2025-10-20T06:32:24","slug":"ban-nhan-vien-at100","status":"publish","type":"product","link":"https:\/\/noithathuuthinh.vn\/zh-hans\/san-pham\/ban-nhan-vien-at100\/","title":{"rendered":"B\u00e0n nh\u00e2n vi\u00ean AT100"},"content":{"rendered":"<p data-start=\"746\" data-end=\"823\"><strong data-start=\"746\" data-end=\"821\">B\u00e0n nh\u00e2n vi\u00ean AT100 \u2013 Gi\u1ea3i ph\u00e1p l\u00e0m vi\u1ec7c hi\u1ec7n \u0111\u1ea1i, t\u1ed1i \u01b0u cho v\u0103n ph\u00f2ng<\/strong><\/p>\n<p data-start=\"825\" data-end=\"1215\">Trong m\u00f4i tr\u01b0\u1eddng l\u00e0m vi\u1ec7c ng\u00e0y nay, b\u00e0n nh\u00e2n vi\u00ean kh\u00f4ng ch\u1ec9 \u0111\u01a1n thu\u1ea7n l\u00e0 n\u01a1i \u0111\u1ec3 l\u00e0m vi\u1ec7c m\u00e0 c\u00f2n g\u00f3p ph\u1ea7n quan tr\u1ecdng trong vi\u1ec7c t\u1ea1o d\u1ef1ng kh\u00f4ng gian v\u0103n ph\u00f2ng chuy\u00ean nghi\u1ec7p, hi\u1ec7n \u0111\u1ea1i. Hi\u1ec3u \u0111\u01b0\u1ee3c nhu c\u1ea7u \u0111\u00f3, th\u01b0\u01a1ng hi\u1ec7u <strong data-start=\"1041\" data-end=\"1061\">N\u1ed8I TH\u1ea4T THE ONE<\/strong> \u0111\u00e3 cho ra m\u1eaft <strong data-start=\"1076\" data-end=\"1099\">B\u00e0n nh\u00e2n vi\u00ean AT100<\/strong>, m\u1eabu b\u00e0n l\u00e0m vi\u1ec7c \u0111\u01b0\u1ee3c thi\u1ebft k\u1ebf \u0111\u01a1n gi\u1ea3n nh\u01b0ng tinh t\u1ebf, mang l\u1ea1i s\u1ef1 ti\u1ec7n d\u1ee5ng v\u00e0 tho\u1ea3i m\u00e1i t\u1ed1i \u0111a cho ng\u01b0\u1eddi d\u00f9ng.<\/p>\n<p data-start=\"1217\" data-end=\"1518\">\u0110i\u1ec3m nh\u1ea5n n\u1ed5i b\u1eadt c\u1ee7a b\u00e0n ch\u00ednh l\u00e0 <strong data-start=\"1252\" data-end=\"1297\">ch\u1ea5t li\u1ec7u g\u1ed7 c\u00f4ng nghi\u1ec7p Melamine cao c\u1ea5p<\/strong>, c\u00f3 kh\u1ea3 n\u0103ng ch\u1ed1ng tr\u1ea7y x\u01b0\u1edbc, ch\u1ed1ng \u1ea9m v\u00e0 h\u1ea1n ch\u1ebf b\u00e1m b\u1ee5i hi\u1ec7u qu\u1ea3. L\u1edbp ph\u1ee7 Melamine c\u00f2n gi\u00fap s\u1ea3n ph\u1ea9m gi\u1eef \u0111\u01b0\u1ee3c m\u00e0u s\u1eafc t\u01b0\u01a1i m\u1edbi, s\u00e1ng b\u00f3ng, d\u1ec5 d\u00e0ng v\u1ec7 sinh v\u00e0 b\u1ea3o qu\u1ea3n, \u0111\u1ea3m b\u1ea3o \u0111\u1ed9 b\u1ec1n \u0111\u1eb9p trong su\u1ed1t qu\u00e1 tr\u00ecnh s\u1eed d\u1ee5ng.<\/p>\n<p data-start=\"1520\" data-end=\"1700\"><strong data-start=\"1520\" data-end=\"1549\">Thi\u1ebft k\u1ebf m\u1eb7t b\u00e0n ch\u1eef nh\u1eadt<\/strong> v\u1edbi c\u00e1c c\u1ea1nh bo tr\u00f2n tinh t\u1ebf, v\u1eeba an to\u00e0n khi s\u1eed d\u1ee5ng v\u1eeba mang l\u1ea1i c\u1ea3m gi\u00e1c nh\u1eb9 nh\u00e0ng, hi\u1ec7n \u0111\u1ea1i cho kh\u00f4ng gian. K\u00edch th\u01b0\u1edbc \u0111a d\u1ea1ng v\u1edbi ba phi\u00ean b\u1ea3n:<\/p>\n<ul data-start=\"1701\" data-end=\"2095\">\n<li data-start=\"1701\" data-end=\"1807\">\n<p data-start=\"1703\" data-end=\"1807\"><strong data-start=\"1703\" data-end=\"1736\">AT100: W1000 x D600 x H750 mm<\/strong> \u2013 Ph\u00f9 h\u1ee3p cho nh\u1eefng kh\u00f4ng gian nh\u1ecf g\u1ecdn ho\u1eb7c v\u1ecb tr\u00ed l\u00e0m vi\u1ec7c c\u00e1 nh\u00e2n.<\/p>\n<\/li>\n<li data-start=\"1808\" data-end=\"1942\">\n<p data-start=\"1810\" data-end=\"1942\"><strong data-start=\"1810\" data-end=\"1844\">AT120S: W1200 x D600 x H750 mm<\/strong> \u2013 L\u1ef1a ch\u1ecdn t\u1ed1i \u01b0u cho v\u0103n ph\u00f2ng ti\u00eau chu\u1ea9n, v\u1eeba ti\u1ebft ki\u1ec7m di\u1ec7n t\u00edch v\u1eeba tho\u1ea3i m\u00e1i khi l\u00e0m vi\u1ec7c.<\/p>\n<\/li>\n<li data-start=\"1943\" data-end=\"2095\">\n<p data-start=\"1945\" data-end=\"2095\"><strong data-start=\"1945\" data-end=\"1978\">AT120: W1200 x D700 x H750 mm<\/strong> \u2013 Phi\u00ean b\u1ea3n r\u1ed9ng r\u00e3i h\u01a1n, mang \u0111\u1ebfn kh\u00f4ng gian l\u00e0m vi\u1ec7c tho\u1ea3i m\u00e1i, thu\u1eadn ti\u1ec7n cho vi\u1ec7c b\u1ed1 tr\u00ed m\u00e1y t\u00ednh v\u00e0 t\u00e0i li\u1ec7u.<\/p>\n<\/li>\n<\/ul>\n<p data-start=\"2097\" data-end=\"2417\">V\u1edbi <strong data-start=\"2101\" data-end=\"2147\">thi\u1ebft k\u1ebf \u0111\u01a1n gi\u1ea3n, g\u1ecdn g\u00e0ng nh\u01b0ng hi\u1ec7n \u0111\u1ea1i<\/strong>, b\u00e0n AT100 d\u1ec5 d\u00e0ng k\u1ebft h\u1ee3p c\u00f9ng gh\u1ebf xoay, t\u1ee7 ph\u1ee5 hay h\u1ed9c di \u0111\u1ed9ng, t\u1ea1o th\u00e0nh b\u1ed9 n\u1ed9i th\u1ea5t v\u0103n ph\u00f2ng \u0111\u1ed3ng b\u1ed9 v\u00e0 chuy\u00ean nghi\u1ec7p. \u0110\u00e2y l\u00e0 s\u1ef1 l\u1ef1a ch\u1ecdn linh ho\u1ea1t, ph\u00f9 h\u1ee3p v\u1edbi nhi\u1ec1u phong c\u00e1ch v\u0103n ph\u00f2ng kh\u00e1c nhau, t\u1eeb kh\u00f4ng gian l\u00e0m vi\u1ec7c c\u00e1 nh\u00e2n \u0111\u1ebfn m\u00f4i tr\u01b0\u1eddng doanh nghi\u1ec7p l\u1edbn.<\/p>\n<p data-start=\"2419\" data-end=\"2679\">Ngo\u00e0i y\u1ebfu t\u1ed1 th\u1ea9m m\u1ef9, b\u00e0n AT100 c\u00f2n ch\u00fa tr\u1ecdng \u0111\u1ebfn <strong data-start=\"2469\" data-end=\"2497\">t\u00ednh b\u1ec1n v\u1eefng v\u00e0 an to\u00e0n<\/strong>. Khung b\u00e0n ch\u1eafc ch\u1eafn, kh\u1ea3 n\u0103ng ch\u1ecbu l\u1ef1c t\u1ed1t, gi\u00fap s\u1ea3n ph\u1ea9m s\u1eed d\u1ee5ng \u1ed5n \u0111\u1ecbnh trong th\u1eddi gian d\u00e0i. C\u00e1c chi ti\u1ebft \u0111\u1ec1u \u0111\u01b0\u1ee3c gia c\u00f4ng k\u1ef9 l\u01b0\u1ee1ng, mang \u0111\u1ebfn s\u1ef1 ch\u1eafc ch\u1eafn v\u00e0 t\u00ednh th\u1ea9m m\u1ef9 cao.<\/p>\n<p data-start=\"2681\" data-end=\"2989\"><strong data-start=\"2681\" data-end=\"2704\">B\u00e0n nh\u00e2n vi\u00ean AT100<\/strong> kh\u00f4ng ch\u1ec9 \u0111\u00e1p \u1ee9ng t\u1ed1t nhu c\u1ea7u s\u1eed d\u1ee5ng th\u1ef1c t\u1ebf m\u00e0 c\u00f2n g\u00f3p ph\u1ea7n n\u00e2ng cao hi\u1ec7u qu\u1ea3 c\u00f4ng vi\u1ec7c, t\u1ea1o kh\u00f4ng gian l\u00e0m vi\u1ec7c tho\u1ea3i m\u00e1i, hi\u1ec7n \u0111\u1ea1i v\u00e0 chuy\u00ean nghi\u1ec7p. \u0110\u00e2y l\u00e0 l\u1ef1a ch\u1ecdn l\u00fd t\u01b0\u1edfng cho nh\u1eefng doanh nghi\u1ec7p mong mu\u1ed1n \u0111\u1ea7u t\u01b0 v\u00e0o n\u1ed9i th\u1ea5t v\u0103n ph\u00f2ng b\u1ec1n \u0111\u1eb9p, ch\u1ea5t l\u01b0\u1ee3ng v\u00e0 ti\u1ebft ki\u1ec7m chi ph\u00ed.<\/p>\n","protected":false},"excerpt":{"rendered":"<p data-start=\"212\" data-end=\"276\"><strong data-start=\"212\" data-end=\"274\">B\u00e0n nh\u00e2n vi\u00ean AT100 \u2013 B\u00e0n l\u00e0m vi\u1ec7c g\u1ed7 c\u00f4ng nghi\u1ec7p Melamine<\/strong><\/p>\n<p data-start=\"278\" data-end=\"388\">K\u00edch th\u01b0\u1edbc:<br data-start=\"289\" data-end=\"292\" \/>W1000 x D600 x H750 mm &#8211; <strong><span style=\"color: #ed1c24; font-size: 120%;\">677.000 \u0111<\/span><\/strong><br data-start=\"321\" data-end=\"324\" \/>W1200 x D600 x H750 mm &#8211; <strong><span style=\"color: #ed1c24; font-size: 120%;\">762.000 \u0111<\/span><\/strong><br data-start=\"354\" data-end=\"357\" \/>W1200 x D700 x H750 mm &#8211; <strong><span style=\"color: #ed1c24; font-size: 120%;\">853.000 \u0111<\/span><\/strong><\/p>\n<p data-start=\"390\" data-end=\"495\">Xu\u1ea5t x\u1ee9: S\u1ea3n ph\u1ea9m c\u1ee7a c\u00f4ng ty <strong data-start=\"420\" data-end=\"440\">N\u1ed8I TH\u1ea4T THE ONE<\/strong> \u2013 Ph\u00e2n ph\u1ed1i b\u1edfi <strong data-start=\"457\" data-end=\"493\">C\u00d4NG TY TNHH SXTM TTNT H\u1eeeU TH\u1ecaNH<\/strong><\/p>\n<p data-start=\"497\" data-end=\"541\">B\u1ea3o h\u00e0nh: 12 th\u00e1ng theo ti\u00eau chu\u1ea9n nh\u00e0 m\u00e1y<\/p>\n<p data-start=\"543\" data-end=\"697\"><span style=\"color: #ed1c24;\"><em data-start=\"543\" data-end=\"695\">L\u01b0u \u00fd: Gi\u00e1 tr\u00ean ch\u01b0a bao g\u1ed3m VAT v\u00e0 ph\u00ed v\u1eadn chuy\u1ec3n. Gi\u00e1 s\u1ea3n ph\u1ea9m c\u00f3 th\u1ec3 thay \u0111\u1ed5i theo t\u1eebng th\u1eddi \u0111i\u1ec3m, vui l\u00f2ng li\u00ean h\u1ec7 \u0111\u1ec3 nh\u1eadn t\u01b0 v\u1ea5n \u01b0u \u0111\u00e3i t\u1ed1t nh\u1ea5t.<\/em><\/span><\/p>\n","protected":false},"featured_media":3438,"comment_status":"open","ping_status":"closed","template":"","meta":[],"product_brand":[],"product_cat":[17,177],"product_tag":[],"class_list":{"0":"post-1895","1":"product","2":"type-product","3":"status-publish","4":"has-post-thumbnail","6":"product_cat-noi-that-van-phong","7":"product_cat-ban-nhan-vien","9":"first","10":"instock","11":"taxable","12":"shipping-taxable","13":"purchasable","14":"product-type-simple"},"_links":{"self":[{"href":"https:\/\/noithathuuthinh.vn\/zh-hans\/wp-json\/wp\/v2\/product\/1895","targetHints":{"allow":["GET"]}}],"collection":[{"href":"https:\/\/noithathuuthinh.vn\/zh-hans\/wp-json\/wp\/v2\/product"}],"about":[{"href":"https:\/\/noithathuuthinh.vn\/zh-hans\/wp-json\/wp\/v2\/types\/product"}],"replies":[{"embeddable":true,"href":"https:\/\/noithathuuthinh.vn\/zh-hans\/wp-json\/wp\/v2\/comments?post=1895"}],"wp:featuredmedia":[{"embeddable":true,"href":"https:\/\/noithathuuthinh.vn\/zh-hans\/wp-json\/wp\/v2\/media\/3438"}],"wp:attachment":[{"href":"https:\/\/noithathuuthinh.vn\/zh-hans\/wp-json\/wp\/v2\/media?parent=1895"}],"wp:term":[{"taxonomy":"product_brand","embeddable":true,"href":"https:\/\/noithathuuthinh.vn\/zh-hans\/wp-json\/wp\/v2\/product_brand?post=1895"},{"taxonomy":"product_cat","embeddable":true,"href":"https:\/\/noithathuuthinh.vn\/zh-hans\/wp-json\/wp\/v2\/product_cat?post=1895"},{"taxonomy":"product_tag","embeddable":true,"href":"https:\/\/noithathuuthinh.vn\/zh-hans\/wp-json\/wp\/v2\/product_tag?post=1895"}],"curies":[{"name":"wp","href":"https:\/\/api.w.org\/{rel}","templated":true}]}}