{"id":1899,"date":"2025-07-18T23:44:02","date_gmt":"2025-07-18T16:44:02","guid":{"rendered":"https:\/\/noithathuuthinh.vn\/?post_type=product&#038;p=1899"},"modified":"2025-10-20T13:31:20","modified_gmt":"2025-10-20T06:31:20","slug":"ban-nhan-vien-at120","status":"publish","type":"product","link":"https:\/\/noithathuuthinh.vn\/zh-hans\/san-pham\/ban-nhan-vien-at120\/","title":{"rendered":"B\u00e0n nh\u00e2n vi\u00ean AT120"},"content":{"rendered":"<p data-start=\"505\" data-end=\"925\">B\u00e0n nh\u00e2n vi\u00ean AT120 l\u00e0 m\u1ed9t trong nh\u1eefng m\u1eabu b\u00e0n l\u00e0m vi\u1ec7c hi\u1ec7n \u0111\u1ea1i thu\u1ed9c d\u00f2ng s\u1ea3n ph\u1ea9m b\u00e0n nh\u00e2n vi\u00ean c\u1ee7a N\u1ed9i Th\u1ea5t The One, \u0111\u01b0\u1ee3c nhi\u1ec1u doanh nghi\u1ec7p tin t\u01b0\u1edfng l\u1ef1a ch\u1ecdn. V\u1edbi ch\u1ea5t li\u1ec7u g\u1ed7 c\u00f4ng nghi\u1ec7p Melamine cao c\u1ea5p, s\u1ea3n ph\u1ea9m mang l\u1ea1i s\u1ef1 b\u1ec1n \u0111\u1eb9p, ch\u1ed1ng tr\u1ea7y x\u01b0\u1edbc, ch\u1ed1ng th\u1ea5m n\u01b0\u1edbc v\u00e0 d\u1ec5 d\u00e0ng v\u1ec7 sinh. B\u00e0n c\u00f3 thi\u1ebft k\u1ebf t\u1ed1i gi\u1ea3n, ti\u1ec7n d\u1ee5ng, \u0111\u00e1p \u1ee9ng t\u1ed1t nhu c\u1ea7u l\u00e0m vi\u1ec7c h\u1eb1ng ng\u00e0y trong m\u00f4i tr\u01b0\u1eddng c\u00f4ng s\u1edf c\u0169ng nh\u01b0 t\u1ea1i gia \u0111\u00ecnh.<\/p>\n<p data-start=\"927\" data-end=\"1429\">B\u00e0n AT120 s\u1edf h\u1eefu k\u00edch th\u01b0\u1edbc W1200 x D700 x H750 mm, mang l\u1ea1i di\u1ec7n t\u00edch s\u1eed d\u1ee5ng r\u1ed9ng r\u00e3i, th\u00edch h\u1ee3p cho nh\u00e2n vi\u00ean v\u0103n ph\u00f2ng th\u01b0\u1eddng xuy\u00ean ph\u1ea3i l\u00e0m vi\u1ec7c v\u1edbi m\u00e1y t\u00ednh, h\u1ed3 s\u01a1 v\u00e0 t\u00e0i li\u1ec7u. B\u00ean c\u1ea1nh \u0111\u00f3, s\u1ea3n ph\u1ea9m c\u00f2n c\u00f3 c\u00e1c phi\u00ean b\u1ea3n kh\u00e1c nh\u01b0 AT100 (W1000 x D600 x H750 mm) nh\u1ecf g\u1ecdn, ph\u00f9 h\u1ee3p v\u1edbi kh\u00f4ng gian h\u1ea1n ch\u1ebf, v\u00e0 AT120S (W1200 x D600 x H750 mm) v\u1eeba ph\u1ea3i, t\u1ed1i \u01b0u cho kh\u00f4ng gian l\u00e0m vi\u1ec7c ti\u00eau chu\u1ea9n. \u0110i\u1ec1u n\u00e0y gi\u00fap kh\u00e1ch h\u00e0ng d\u1ec5 d\u00e0ng ch\u1ecdn l\u1ef1a m\u1eabu b\u00e0n ph\u00f9 h\u1ee3p v\u1edbi di\u1ec7n t\u00edch ph\u00f2ng c\u0169ng nh\u01b0 nhu c\u1ea7u c\u00f4ng vi\u1ec7c.<\/p>\n<p data-start=\"1431\" data-end=\"1761\">\u0110i\u1ec3m nh\u1ea5n c\u1ee7a b\u00e0n nh\u00e2n vi\u00ean AT120 l\u00e0 thi\u1ebft k\u1ebf g\u1ecdn g\u00e0ng, \u0111\u01a1n gi\u1ea3n nh\u01b0ng v\u1eabn to\u00e1t l\u00ean v\u1ebb hi\u1ec7n \u0111\u1ea1i, thanh tho\u00e1t. M\u1eb7t b\u00e0n r\u1ed9ng r\u00e3i, d\u1ec5 b\u1ed1 tr\u00ed m\u00e1y t\u00ednh, \u0111i\u1ec7n tho\u1ea1i, h\u1ed3 s\u01a1, c\u00f9ng c\u00e1c v\u1eadt d\u1ee5ng c\u00e1 nh\u00e2n c\u1ea7n thi\u1ebft. Nh\u1edd b\u1ec1 m\u1eb7t Melamine b\u00f3ng m\u1ecbn, s\u1ea3n ph\u1ea9m kh\u00f4ng ch\u1ec9 \u0111\u1eb9p m\u1eaft m\u00e0 c\u00f2n gi\u00fap vi\u1ec7c lau ch\u00f9i tr\u1edf n\u00ean nhanh ch\u00f3ng, ti\u1ebft ki\u1ec7m th\u1eddi gian.<\/p>\n<p data-start=\"1763\" data-end=\"2143\">Khung b\u00e0n v\u00e0 ch\u00e2n b\u00e0n \u0111\u01b0\u1ee3c gia c\u00f4ng ch\u1eafc ch\u1eafn, c\u00f3 kh\u1ea3 n\u0103ng ch\u1ecbu l\u1ef1c t\u1ed1t, \u0111\u1ea3m b\u1ea3o \u0111\u1ed9 \u1ed5n \u0111\u1ecbnh trong qu\u00e1 tr\u00ecnh s\u1eed d\u1ee5ng. Ng\u01b0\u1eddi d\u00f9ng ho\u00e0n to\u00e0n c\u00f3 th\u1ec3 y\u00ean t\u00e2m khi \u0111\u1eb7t c\u00e1c thi\u1ebft b\u1ecb \u0111i\u1ec7n t\u1eed ho\u1eb7c t\u00e0i li\u1ec7u s\u1ed1 l\u01b0\u1ee3ng l\u1edbn tr\u00ean b\u00e0n m\u00e0 kh\u00f4ng lo b\u00e0n b\u1ecb cong v\u00eanh hay rung l\u1eafc. Ngo\u00e0i ra, thi\u1ebft k\u1ebf c\u1ee7a b\u00e0n c\u0169ng cho ph\u00e9p d\u1ec5 d\u00e0ng k\u1ebft h\u1ee3p c\u00f9ng h\u1ed9c di \u0111\u1ed9ng ho\u1eb7c t\u1ee7 ph\u1ee5 \u0111\u1ec3 gia t\u0103ng kh\u00f4ng gian l\u01b0u tr\u1eef.<\/p>\n<p data-start=\"2145\" data-end=\"2574\">B\u00e0n AT120 kh\u00f4ng ch\u1ec9 ph\u00f9 h\u1ee3p v\u1edbi c\u00e1c kh\u00f4ng gian v\u0103n ph\u00f2ng hi\u1ec7n \u0111\u1ea1i, m\u00e0 c\u00f2n l\u00e0 gi\u1ea3i ph\u00e1p t\u1ed1i \u01b0u cho g\u00f3c l\u00e0m vi\u1ec7c t\u1ea1i nh\u00e0. V\u1edbi k\u00edch th\u01b0\u1edbc v\u1eeba ph\u1ea3i, b\u00e0n gi\u00fap ti\u1ebft ki\u1ec7m di\u1ec7n t\u00edch nh\u01b0ng v\u1eabn t\u1ea1o s\u1ef1 tho\u1ea3i m\u00e1i cho ng\u01b0\u1eddi d\u00f9ng trong su\u1ed1t qu\u00e1 tr\u00ecnh l\u00e0m vi\u1ec7c. S\u1ea3n ph\u1ea9m c\u0169ng d\u1ec5 d\u00e0ng k\u1ebft h\u1ee3p c\u00f9ng c\u00e1c lo\u1ea1i gh\u1ebf v\u0103n ph\u00f2ng nh\u01b0 gh\u1ebf xoay, gh\u1ebf ch\u00e2n qu\u1ef3 ho\u1eb7c gh\u1ebf nh\u00e2n vi\u00ean l\u01b0ng trung, mang \u0111\u1ebfn s\u1ef1 \u0111\u1ed3ng b\u1ed9 v\u00e0 t\u00ednh th\u1ea9m m\u1ef9 cao cho t\u1ed5ng th\u1ec3 kh\u00f4ng gian.<\/p>\n<p data-start=\"2576\" data-end=\"2893\">M\u1ed9t trong nh\u1eefng \u01b0u \u0111i\u1ec3m n\u1ed5i b\u1eadt c\u1ee7a b\u00e0n AT120 ch\u00ednh l\u00e0 gi\u00e1 th\u00e0nh h\u1ee3p l\u00fd \u0111i \u0111\u00f4i v\u1edbi ch\u1ea5t l\u01b0\u1ee3ng v\u01b0\u1ee3t tr\u1ed9i. \u0110\u01b0\u1ee3c s\u1ea3n xu\u1ea5t theo ti\u00eau chu\u1ea9n c\u1ee7a N\u1ed9i Th\u1ea5t The One v\u00e0 ph\u00e2n ph\u1ed1i ch\u00ednh h\u00e3ng b\u1edfi C\u00f4ng ty TNHH SXTM TTNT H\u1eefu Th\u1ecbnh, s\u1ea3n ph\u1ea9m \u0111\u01b0\u1ee3c b\u1ea3o h\u00e0nh 12 th\u00e1ng, mang l\u1ea1i s\u1ef1 y\u00ean t\u00e2m cho kh\u00e1ch h\u00e0ng trong su\u1ed1t qu\u00e1 tr\u00ecnh s\u1eed d\u1ee5ng.<\/p>\n<p data-start=\"2895\" data-end=\"3169\" data-is-last-node=\"\" data-is-only-node=\"\">T\u00f3m l\u1ea1i, b\u00e0n nh\u00e2n vi\u00ean AT120 l\u00e0 l\u1ef1a ch\u1ecdn l\u00fd t\u01b0\u1edfng cho nh\u1eefng ai mong mu\u1ed1n m\u1ed9t chi\u1ebfc b\u00e0n l\u00e0m vi\u1ec7c hi\u1ec7n \u0111\u1ea1i, b\u1ec1n b\u1ec9, d\u1ec5 d\u00e0ng k\u1ebft h\u1ee3p v\u1edbi nhi\u1ec1u kh\u00f4ng gian kh\u00e1c nhau. \u0110\u00e2y ch\u1eafc ch\u1eafn s\u1ebd l\u00e0 gi\u1ea3i ph\u00e1p h\u1eefu \u00edch \u0111\u1ec3 x\u00e2y d\u1ef1ng m\u1ed9t m\u00f4i tr\u01b0\u1eddng l\u00e0m vi\u1ec7c chuy\u00ean nghi\u1ec7p, g\u1ecdn g\u00e0ng v\u00e0 hi\u1ec7u qu\u1ea3.<\/p>\n","protected":false},"excerpt":{"rendered":"<p data-start=\"212\" data-end=\"276\"><strong data-start=\"212\" data-end=\"274\">B\u00e0n nh\u00e2n vi\u00ean AT120 \u2013 B\u00e0n l\u00e0m vi\u1ec7c g\u1ed7 c\u00f4ng nghi\u1ec7p Melamine<\/strong><\/p>\n<p data-start=\"278\" data-end=\"388\">K\u00edch th\u01b0\u1edbc:<br data-start=\"289\" data-end=\"292\" \/>W1000 x D600 x H750 mm &#8211; <strong><span style=\"color: #ed1c24; font-size: 120%;\">677.000 \u0111<\/span><\/strong><br data-start=\"321\" data-end=\"324\" \/>W1200 x D600 x H750 mm &#8211; <strong><span style=\"color: #ed1c24; font-size: 120%;\">762.000 \u0111<\/span><\/strong><br data-start=\"354\" data-end=\"357\" \/>W1200 x D700 x H750 mm &#8211; <strong><span style=\"color: #ed1c24; font-size: 120%;\">853.000 \u0111<\/span><\/strong><\/p>\n<p data-start=\"390\" data-end=\"495\">Xu\u1ea5t x\u1ee9: S\u1ea3n ph\u1ea9m c\u1ee7a c\u00f4ng ty <strong data-start=\"420\" data-end=\"440\">N\u1ed8I TH\u1ea4T THE ONE<\/strong> \u2013 Ph\u00e2n ph\u1ed1i b\u1edfi <strong data-start=\"457\" data-end=\"493\">C\u00d4NG TY TNHH SXTM TTNT H\u1eeeU TH\u1ecaNH<\/strong><\/p>\n<p data-start=\"497\" data-end=\"541\">B\u1ea3o h\u00e0nh: 12 th\u00e1ng theo ti\u00eau chu\u1ea9n nh\u00e0 m\u00e1y<\/p>\n<p data-start=\"543\" data-end=\"697\"><span style=\"color: #ed1c24;\"><em data-start=\"543\" data-end=\"695\">L\u01b0u \u00fd: Gi\u00e1 tr\u00ean ch\u01b0a bao g\u1ed3m VAT v\u00e0 ph\u00ed v\u1eadn chuy\u1ec3n. Gi\u00e1 s\u1ea3n ph\u1ea9m c\u00f3 th\u1ec3 thay \u0111\u1ed5i theo t\u1eebng th\u1eddi \u0111i\u1ec3m, vui l\u00f2ng li\u00ean h\u1ec7 \u0111\u1ec3 nh\u1eadn t\u01b0 v\u1ea5n \u01b0u \u0111\u00e3i t\u1ed1t nh\u1ea5t.<\/em><\/span><\/p>\n","protected":false},"featured_media":3514,"comment_status":"open","ping_status":"closed","template":"","meta":[],"product_brand":[],"product_cat":[17,177],"product_tag":[],"class_list":{"0":"post-1899","1":"product","2":"type-product","3":"status-publish","4":"has-post-thumbnail","6":"product_cat-noi-that-van-phong","7":"product_cat-ban-nhan-vien","9":"first","10":"instock","11":"taxable","12":"shipping-taxable","13":"purchasable","14":"product-type-simple"},"_links":{"self":[{"href":"https:\/\/noithathuuthinh.vn\/zh-hans\/wp-json\/wp\/v2\/product\/1899","targetHints":{"allow":["GET"]}}],"collection":[{"href":"https:\/\/noithathuuthinh.vn\/zh-hans\/wp-json\/wp\/v2\/product"}],"about":[{"href":"https:\/\/noithathuuthinh.vn\/zh-hans\/wp-json\/wp\/v2\/types\/product"}],"replies":[{"embeddable":true,"href":"https:\/\/noithathuuthinh.vn\/zh-hans\/wp-json\/wp\/v2\/comments?post=1899"}],"wp:featuredmedia":[{"embeddable":true,"href":"https:\/\/noithathuuthinh.vn\/zh-hans\/wp-json\/wp\/v2\/media\/3514"}],"wp:attachment":[{"href":"https:\/\/noithathuuthinh.vn\/zh-hans\/wp-json\/wp\/v2\/media?parent=1899"}],"wp:term":[{"taxonomy":"product_brand","embeddable":true,"href":"https:\/\/noithathuuthinh.vn\/zh-hans\/wp-json\/wp\/v2\/product_brand?post=1899"},{"taxonomy":"product_cat","embeddable":true,"href":"https:\/\/noithathuuthinh.vn\/zh-hans\/wp-json\/wp\/v2\/product_cat?post=1899"},{"taxonomy":"product_tag","embeddable":true,"href":"https:\/\/noithathuuthinh.vn\/zh-hans\/wp-json\/wp\/v2\/product_tag?post=1899"}],"curies":[{"name":"wp","href":"https:\/\/api.w.org\/{rel}","templated":true}]}}