{"id":1935,"date":"2025-07-19T22:50:56","date_gmt":"2025-07-19T15:50:56","guid":{"rendered":"https:\/\/noithathuuthinh.vn\/?post_type=product&#038;p=1935"},"modified":"2025-10-20T09:22:20","modified_gmt":"2025-10-20T02:22:20","slug":"ban-nhan-vien-at120hl","status":"publish","type":"product","link":"https:\/\/noithathuuthinh.vn\/zh-hans\/san-pham\/ban-nhan-vien-at120hl\/","title":{"rendered":"B\u00e0n nh\u00e2n vi\u00ean AT120HL"},"content":{"rendered":"<p data-start=\"543\" data-end=\"854\">B\u00e0n nh\u00e2n vi\u00ean AT120HL l\u00e0 m\u1eabu b\u00e0n l\u00e0m vi\u1ec7c hi\u1ec7n \u0111\u1ea1i, \u0111\u01b0\u1ee3c thi\u1ebft k\u1ebf nh\u1eb1m \u0111\u00e1p \u1ee9ng nhu c\u1ea7u s\u1eed d\u1ee5ng \u0111a d\u1ea1ng trong kh\u00f4ng gian v\u0103n ph\u00f2ng ng\u00e0y nay. V\u1edbi ki\u1ec3u d\u00e1ng g\u1ecdn g\u00e0ng, tinh t\u1ebf, k\u1ebft h\u1ee3p c\u00f9ng ch\u1ea5t li\u1ec7u b\u1ec1n b\u1ec9, s\u1ea3n ph\u1ea9m kh\u00f4ng ch\u1ec9 mang l\u1ea1i s\u1ef1 ti\u1ec7n \u00edch m\u00e0 c\u00f2n g\u00f3p ph\u1ea7n t\u1ea1o d\u1ef1ng h\u00ecnh \u1ea3nh chuy\u00ean nghi\u1ec7p cho doanh nghi\u1ec7p.<\/p>\n<p data-start=\"856\" data-end=\"1149\">B\u1ec1 m\u1eb7t b\u00e0n \u0111\u01b0\u1ee3c ph\u1ee7 Melamine cao c\u1ea5p, c\u00f3 kh\u1ea3 n\u0103ng ch\u1ed1ng x\u01b0\u1edbc, ch\u1ed1ng \u1ea9m v\u00e0 d\u1ec5 d\u00e0ng v\u1ec7 sinh, gi\u00fap gi\u1eef cho s\u1ea3n ph\u1ea9m lu\u00f4n b\u1ec1n \u0111\u1eb9p trong su\u1ed1t qu\u00e1 tr\u00ecnh s\u1eed d\u1ee5ng. Ch\u1ea5t li\u1ec7u n\u00e0y c\u00f2n c\u00f3 \u01b0u \u0111i\u1ec3m v\u1ec1 s\u1ef1 \u0111a d\u1ea1ng m\u00e0u s\u1eafc, gi\u00fap b\u00e0n AT120HL d\u1ec5 d\u00e0ng h\u00f2a h\u1ee3p v\u1edbi nhi\u1ec1u phong c\u00e1ch n\u1ed9i th\u1ea5t v\u0103n ph\u00f2ng kh\u00e1c nhau.<\/p>\n<p data-start=\"1151\" data-end=\"1471\">\u0110i\u1ec3m nh\u1ea5n c\u1ee7a b\u00e0n l\u00e0 thi\u1ebft k\u1ebf h\u1ed9c li\u1ec1n treo t\u00edch h\u1ee3p, g\u1ed3m ng\u0103n k\u00e9o v\u00e0 khoang c\u00e1nh m\u1edf c\u00f3 kh\u00f3a. H\u1ed9c li\u1ec1n mang l\u1ea1i s\u1ef1 ti\u1ec7n l\u1ee3i t\u1ed1i \u01b0u, cho ph\u00e9p ng\u01b0\u1eddi d\u00f9ng l\u01b0u tr\u1eef t\u00e0i li\u1ec7u, h\u1ed3 s\u01a1 quan tr\u1ecdng v\u00e0 \u0111\u1ed3 d\u00f9ng c\u00e1 nh\u00e2n m\u1ed9t c\u00e1ch an to\u00e0n, \u0111\u1ed3ng th\u1eddi ti\u1ebft ki\u1ec7m di\u1ec7n t\u00edch d\u01b0\u1edbi g\u1ea7m b\u00e0n, gi\u00fap kh\u00f4ng gian l\u00e0m vi\u1ec7c tr\u1edf n\u00ean th\u00f4ng tho\u00e1ng h\u01a1n.<\/p>\n<p data-start=\"1473\" data-end=\"1872\">V\u1edbi c\u00e1c k\u00edch th\u01b0\u1edbc l\u1ef1a ch\u1ecdn, b\u00e0n AT120HL mang l\u1ea1i s\u1ef1 linh ho\u1ea1t cho nhi\u1ec1u kh\u00f4ng gian. Phi\u00ean b\u1ea3n W1200 x D700 x H750 mm r\u1ed9ng r\u00e3i, th\u00edch h\u1ee3p cho nh\u1eefng ng\u01b0\u1eddi c\u1ea7n kh\u00f4ng gian thao t\u00e1c l\u1edbn, d\u1ec5 d\u00e0ng b\u1ed1 tr\u00ed m\u00e1y t\u00ednh, t\u00e0i li\u1ec7u v\u00e0 c\u00e1c thi\u1ebft b\u1ecb v\u0103n ph\u00f2ng. Trong khi \u0111\u00f3, phi\u00ean b\u1ea3n AT120SHL v\u1edbi chi\u1ec1u s\u00e2u 600 mm ho\u1eb7c AT100HL nh\u1ecf g\u1ecdn h\u01a1n l\u1ea1i ph\u00f9 h\u1ee3p cho v\u0103n ph\u00f2ng c\u00f3 di\u1ec7n t\u00edch h\u1ea1n ch\u1ebf nh\u01b0ng v\u1eabn c\u1ea7n s\u1ef1 ti\u1ec7n nghi.<\/p>\n<p data-start=\"1874\" data-end=\"2156\">Ki\u1ec3u d\u00e1ng b\u00e0n vu\u00f4ng v\u1eafn, hi\u1ec7n \u0111\u1ea1i, d\u1ec5 d\u00e0ng k\u1ebft h\u1ee3p c\u00f9ng nhi\u1ec1u lo\u1ea1i gh\u1ebf xoay, t\u1ee7 ph\u1ee5 ho\u1eb7c v\u00e1ch ng\u0103n \u0111\u1ec3 t\u1ea1o n\u00ean m\u1ed9t t\u1ed5ng th\u1ec3 \u0111\u1ed3ng b\u1ed9, chuy\u00ean nghi\u1ec7p. H\u1ed9c li\u1ec1n treo \u0111\u01b0\u1ee3c thi\u1ebft k\u1ebf ch\u1eafc ch\u1eafn, s\u1eed d\u1ee5ng ch\u1ea5t li\u1ec7u t\u1ed1t, \u0111\u1ea3m b\u1ea3o \u0111\u1ed9 b\u1ec1n cao v\u00e0 kh\u1ea3 n\u0103ng \u0111\u00f3ng m\u1edf m\u01b0\u1ee3t m\u00e0 trong qu\u00e1 tr\u00ecnh s\u1eed d\u1ee5ng.<\/p>\n<p data-start=\"2158\" data-end=\"2476\">Ngo\u00e0i c\u00f4ng n\u0103ng l\u01b0u tr\u1eef, s\u1ea3n ph\u1ea9m c\u00f2n ch\u00fa tr\u1ecdng \u0111\u1ebfn tr\u1ea3i nghi\u1ec7m c\u1ee7a ng\u01b0\u1eddi d\u00f9ng. Chi\u1ec1u cao ti\u00eau chu\u1ea9n 750 mm \u0111\u01b0\u1ee3c nghi\u00ean c\u1ee9u k\u1ef9 l\u01b0\u1ee1ng nh\u1eb1m mang l\u1ea1i s\u1ef1 tho\u1ea3i m\u00e1i cho ng\u01b0\u1eddi ng\u1ed3i l\u00e0m vi\u1ec7c trong th\u1eddi gian d\u00e0i. \u0110i\u1ec1u n\u00e0y \u0111\u1eb7c bi\u1ec7t quan tr\u1ecdng trong m\u00f4i tr\u01b0\u1eddng v\u0103n ph\u00f2ng, n\u01a1i nh\u00e2n vi\u00ean c\u1ea7n duy tr\u00ec hi\u1ec7u su\u1ea5t l\u00e0m vi\u1ec7c li\u00ean t\u1ee5c.<\/p>\n<p data-start=\"2478\" data-end=\"2734\">B\u00e0n nh\u00e2n vi\u00ean AT120HL ph\u00f9 h\u1ee3p cho nhi\u1ec1u \u0111\u1ed1i t\u01b0\u1ee3ng, t\u1eeb nh\u00e2n vi\u00ean h\u00e0nh ch\u00ednh, k\u1ebf to\u00e1n, kinh doanh cho \u0111\u1ebfn l\u00e0m vi\u1ec7c t\u1ea1i nh\u00e0. \u0110\u00e2y l\u00e0 l\u1ef1a ch\u1ecdn \u0111\u00e1ng tin c\u1eady d\u00e0nh cho nh\u1eefng ai c\u1ea7n m\u1ed9t chi\u1ebfc b\u00e0n l\u00e0m vi\u1ec7c v\u1eeba ti\u1ec7n \u00edch, v\u1eeba c\u00f3 \u0111\u1ed9 b\u1ec1n cao, l\u1ea1i \u0111\u1ea3m b\u1ea3o t\u00ednh th\u1ea9m m\u1ef9.<\/p>\n<p data-start=\"2736\" data-end=\"2915\">S\u1ea3n ph\u1ea9m \u0111\u01b0\u1ee3c ph\u00e2n ph\u1ed1i ch\u00ednh h\u00e3ng b\u1edfi C\u00f4ng ty TNHH SXTM TTNT H\u1eefu Th\u1ecbnh v\u00e0 \u0111i k\u00e8m ch\u1ebf \u0111\u1ed9 b\u1ea3o h\u00e0nh 12 th\u00e1ng theo ti\u00eau chu\u1ea9n nh\u00e0 m\u00e1y, mang \u0111\u1ebfn s\u1ef1 y\u00ean t\u00e2m tuy\u1ec7t \u0111\u1ed1i cho kh\u00e1ch h\u00e0ng.<\/p>\n<p data-start=\"2917\" data-end=\"3115\" data-is-last-node=\"\" data-is-only-node=\"\">V\u1edbi s\u1ef1 k\u1ebft h\u1ee3p h\u00e0i h\u00f2a gi\u1eefa c\u00f4ng n\u0103ng, \u0111\u1ed9 b\u1ec1n v\u00e0 phong c\u00e1ch hi\u1ec7n \u0111\u1ea1i, b\u00e0n nh\u00e2n vi\u00ean AT120HL ch\u1eafc ch\u1eafn s\u1ebd l\u00e0 gi\u1ea3i ph\u00e1p t\u1ed1i \u01b0u \u0111\u1ec3 ho\u00e0n thi\u1ec7n kh\u00f4ng gian l\u00e0m vi\u1ec7c chuy\u00ean nghi\u1ec7p, ti\u1ec7n nghi v\u00e0 hi\u1ec7u qu\u1ea3.<\/p>\n","protected":false},"excerpt":{"rendered":"<p data-start=\"0\" data-end=\"91\">B\u00e0n nh\u00e2n vi\u00ean AT120HL &#8211; B\u00e0n l\u00e0m vi\u1ec7c nh\u00e2n vi\u00ean g\u1ed7 c\u00f4ng nghi\u1ec7p Melamine, c\u00f3 h\u1ed9c li\u1ec1n treo.<\/p>\n<p data-start=\"93\" data-end=\"209\">K\u00edch th\u01b0\u1edbc:<br data-start=\"104\" data-end=\"107\" \/>W1000 x D600 x H750 mm &#8211; <span style=\"color: #ed1c24; font-size: 120%;\"><strong>1.046.000 \u0111<\/strong><\/span><br data-start=\"138\" data-end=\"141\" \/>W1200 x D600 x H750 mm &#8211; <span style=\"color: #ed1c24; font-size: 120%;\"><strong>1.103.000 \u0111<\/strong><\/span><br data-start=\"173\" data-end=\"176\" \/>W1200 x D700 x H750 mm &#8211; <span style=\"color: #ed1c24; font-size: 120%;\"><strong>1.239.000 \u0111<\/strong><\/span><\/p>\n<p data-start=\"211\" data-end=\"508\">Xu\u1ea5t x\u1ee9: S\u1ea3n ph\u1ea9m c\u1ee7a c\u00f4ng ty N\u1ed8I TH\u1ea4T THE ONE \u2013 Ph\u00e2n ph\u1ed1i b\u1edfi C\u00d4NG TY TNHH SXTM TTNT H\u1eeeU TH\u1ecaNH<br data-start=\"306\" data-end=\"309\" \/>B\u1ea3o h\u00e0nh: 12 th\u00e1ng theo ti\u00eau chu\u1ea9n nh\u00e0 m\u00e1y<br data-start=\"351\" data-end=\"354\" \/><span style=\"color: #ed1c24;\"><em data-start=\"354\" data-end=\"506\">L\u01b0u \u00fd: Gi\u00e1 tr\u00ean ch\u01b0a bao g\u1ed3m VAT v\u00e0 ph\u00ed v\u1eadn chuy\u1ec3n. Gi\u00e1 s\u1ea3n ph\u1ea9m c\u00f3 th\u1ec3 thay \u0111\u1ed5i theo t\u1eebng th\u1eddi \u0111i\u1ec3m, vui l\u00f2ng li\u00ean h\u1ec7 \u0111\u1ec3 nh\u1eadn t\u01b0 v\u1ea5n \u01b0u \u0111\u00e3i t\u1ed1t nh\u1ea5t.<\/em><\/span><\/p>\n","protected":false},"featured_media":3490,"comment_status":"open","ping_status":"closed","template":"","meta":[],"product_brand":[],"product_cat":[17,177],"product_tag":[],"class_list":{"0":"post-1935","1":"product","2":"type-product","3":"status-publish","4":"has-post-thumbnail","6":"product_cat-noi-that-van-phong","7":"product_cat-ban-nhan-vien","9":"first","10":"instock","11":"taxable","12":"shipping-taxable","13":"purchasable","14":"product-type-simple"},"_links":{"self":[{"href":"https:\/\/noithathuuthinh.vn\/zh-hans\/wp-json\/wp\/v2\/product\/1935","targetHints":{"allow":["GET"]}}],"collection":[{"href":"https:\/\/noithathuuthinh.vn\/zh-hans\/wp-json\/wp\/v2\/product"}],"about":[{"href":"https:\/\/noithathuuthinh.vn\/zh-hans\/wp-json\/wp\/v2\/types\/product"}],"replies":[{"embeddable":true,"href":"https:\/\/noithathuuthinh.vn\/zh-hans\/wp-json\/wp\/v2\/comments?post=1935"}],"wp:featuredmedia":[{"embeddable":true,"href":"https:\/\/noithathuuthinh.vn\/zh-hans\/wp-json\/wp\/v2\/media\/3490"}],"wp:attachment":[{"href":"https:\/\/noithathuuthinh.vn\/zh-hans\/wp-json\/wp\/v2\/media?parent=1935"}],"wp:term":[{"taxonomy":"product_brand","embeddable":true,"href":"https:\/\/noithathuuthinh.vn\/zh-hans\/wp-json\/wp\/v2\/product_brand?post=1935"},{"taxonomy":"product_cat","embeddable":true,"href":"https:\/\/noithathuuthinh.vn\/zh-hans\/wp-json\/wp\/v2\/product_cat?post=1935"},{"taxonomy":"product_tag","embeddable":true,"href":"https:\/\/noithathuuthinh.vn\/zh-hans\/wp-json\/wp\/v2\/product_tag?post=1935"}],"curies":[{"name":"wp","href":"https:\/\/api.w.org\/{rel}","templated":true}]}}