{"id":1936,"date":"2025-07-19T22:55:59","date_gmt":"2025-07-19T15:55:59","guid":{"rendered":"https:\/\/noithathuuthinh.vn\/?post_type=product&#038;p=1936"},"modified":"2025-10-20T09:21:51","modified_gmt":"2025-10-20T02:21:51","slug":"ban-nhan-vien-at140hl","status":"publish","type":"product","link":"https:\/\/noithathuuthinh.vn\/zh-hans\/san-pham\/ban-nhan-vien-at140hl\/","title":{"rendered":"B\u00e0n nh\u00e2n vi\u00ean AT140HL"},"content":{"rendered":"<p data-start=\"530\" data-end=\"839\">B\u00e0n nh\u00e2n vi\u00ean AT140HL l\u00e0 d\u00f2ng s\u1ea3n ph\u1ea9m \u0111\u01b0\u1ee3c thi\u1ebft k\u1ebf nh\u1eb1m \u0111\u00e1p \u1ee9ng nhu c\u1ea7u s\u1eed d\u1ee5ng ng\u00e0y c\u00e0ng cao trong c\u00e1c v\u0103n ph\u00f2ng hi\u1ec7n \u0111\u1ea1i. V\u1edbi ki\u1ec3u d\u00e1ng g\u1ecdn g\u00e0ng, sang tr\u1ecdng, k\u1ebft h\u1ee3p t\u00ednh n\u0103ng ti\u1ec7n \u00edch, s\u1ea3n ph\u1ea9m kh\u00f4ng ch\u1ec9 mang l\u1ea1i kh\u00f4ng gian l\u00e0m vi\u1ec7c chuy\u00ean nghi\u1ec7p m\u00e0 c\u00f2n g\u00f3p ph\u1ea7n n\u00e2ng cao hi\u1ec7u su\u1ea5t c\u00f4ng vi\u1ec7c h\u00e0ng ng\u00e0y.<\/p>\n<p data-start=\"841\" data-end=\"1136\">Ch\u1ea5t li\u1ec7u g\u1ed7 c\u00f4ng nghi\u1ec7p ph\u1ee7 Melamine \u0111\u01b0\u1ee3c s\u1eed d\u1ee5ng cho b\u00e0n AT140HL gi\u00fap s\u1ea3n ph\u1ea9m c\u00f3 b\u1ec1 m\u1eb7t nh\u1eb5n m\u1ecbn, ch\u1ed1ng tr\u1ea7y x\u01b0\u1edbc, ch\u1ed1ng th\u1ea5m v\u00e0 d\u1ec5 v\u1ec7 sinh. \u0110\u00e2y l\u00e0 \u01b0u \u0111i\u1ec3m v\u01b0\u1ee3t tr\u1ed9i khi\u1ebfn b\u00e0n lu\u00f4n gi\u1eef \u0111\u01b0\u1ee3c v\u1ebb ngo\u00e0i m\u1edbi m\u1ebb, b\u1ec1n \u0111\u1eb9p theo th\u1eddi gian, ph\u00f9 h\u1ee3p cho m\u00f4i tr\u01b0\u1eddng v\u0103n ph\u00f2ng ph\u1ea3i s\u1eed d\u1ee5ng th\u01b0\u1eddng xuy\u00ean.<\/p>\n<p data-start=\"1138\" data-end=\"1474\">M\u1ed9t trong nh\u1eefng \u0111i\u1ec3m n\u1ed5i b\u1eadt c\u1ee7a b\u00e0n l\u00e0 h\u1ed9c treo \u0111i k\u00e8m g\u1ed3m 1 ng\u0103n k\u00e9o v\u00e0 1 c\u00e1nh m\u1edf c\u00f3 kh\u00f3a. Ng\u0103n k\u00e9o r\u1ed9ng r\u00e3i gi\u00fap l\u01b0u tr\u1eef gi\u1ea5y t\u1edd, v\u0103n ph\u00f2ng ph\u1ea9m, trong khi c\u00e1nh m\u1edf c\u00f3 kh\u00f3a \u0111\u1ea3m b\u1ea3o s\u1ef1 an to\u00e0n cho c\u00e1c t\u00e0i li\u1ec7u, h\u1ed3 s\u01a1 quan tr\u1ecdng. Thi\u1ebft k\u1ebf h\u1ed9c treo c\u00f2n gi\u00fap ti\u1ebft ki\u1ec7m di\u1ec7n t\u00edch s\u00e0n, mang l\u1ea1i s\u1ef1 g\u1ecdn g\u00e0ng v\u00e0 tho\u1ea3i m\u00e1i khi ng\u1ed3i l\u00e0m vi\u1ec7c.<\/p>\n<p data-start=\"1476\" data-end=\"1824\">V\u1edbi k\u00edch th\u01b0\u1edbc W1400 x D700 x H750 mm, b\u00e0n AT140HL t\u1ea1o kh\u00f4ng gian l\u00e0m vi\u1ec7c r\u1ed9ng r\u00e3i, \u0111\u1ee7 \u0111\u1ec3 b\u1ed1 tr\u00ed m\u00e1y t\u00ednh, t\u00e0i li\u1ec7u v\u00e0 c\u00e1c thi\u1ebft b\u1ecb v\u0103n ph\u00f2ng c\u1ea7n thi\u1ebft. Chi\u1ec1u s\u00e2u 700 mm ph\u00f9 h\u1ee3p v\u1edbi nh\u1eefng ng\u01b0\u1eddi c\u1ea7n kh\u00f4ng gian r\u1ed9ng h\u01a1n \u0111\u1ec3 thao t\u00e1c tho\u1ea3i m\u00e1i. Ngo\u00e0i ra, phi\u00ean b\u1ea3n AT140SHL v\u1edbi chi\u1ec1u s\u00e2u 600 mm l\u00e0 l\u1ef1a ch\u1ecdn t\u1ed1i \u01b0u cho v\u0103n ph\u00f2ng c\u00f3 di\u1ec7n t\u00edch h\u1ea1n ch\u1ebf.<\/p>\n<p data-start=\"1826\" data-end=\"2140\">Thi\u1ebft k\u1ebf b\u00e0n mang phong c\u00e1ch t\u1ed1i gi\u1ea3n nh\u01b0ng hi\u1ec7n \u0111\u1ea1i, c\u00e1c \u0111\u01b0\u1eddng n\u00e9t vu\u00f4ng v\u1eafn, tinh t\u1ebf d\u1ec5 d\u00e0ng k\u1ebft h\u1ee3p v\u1edbi nhi\u1ec1u lo\u1ea1i gh\u1ebf xoay, t\u1ee7 ph\u1ee5 hay v\u00e1ch ng\u0103n, t\u1eeb \u0111\u00f3 t\u1ea1o n\u00ean s\u1ef1 \u0111\u1ed3ng b\u1ed9 trong to\u00e0n b\u1ed9 kh\u00f4ng gian l\u00e0m vi\u1ec7c. M\u00e0u s\u1eafc Melamine trang nh\u00e3 gi\u00fap b\u00e0n d\u1ec5 d\u00e0ng h\u00f2a h\u1ee3p v\u1edbi nhi\u1ec1u phong c\u00e1ch n\u1ed9i th\u1ea5t v\u0103n ph\u00f2ng kh\u00e1c nhau.<\/p>\n<p data-start=\"2142\" data-end=\"2377\">K\u1ebft c\u1ea5u b\u00e0n ch\u1eafc ch\u1eafn, b\u1ec1n b\u1ec9, kh\u1ea3 n\u0103ng ch\u1ecbu l\u1ef1c t\u1ed1t. C\u00e1c ng\u0103n k\u00e9o v\u00e0 c\u00e1nh m\u1edf \u0111\u01b0\u1ee3c gia c\u00f4ng k\u1ef9 l\u01b0\u1ee1ng, gi\u00fap vi\u1ec7c \u0111\u00f3ng m\u1edf nh\u1eb9 nh\u00e0ng, m\u01b0\u1ee3t m\u00e0. \u0110i\u1ec1u n\u00e0y kh\u00f4ng ch\u1ec9 n\u00e2ng cao tr\u1ea3i nghi\u1ec7m s\u1eed d\u1ee5ng m\u00e0 c\u00f2n \u0111\u1ea3m b\u1ea3o tu\u1ed5i th\u1ecd l\u00e2u d\u00e0i cho s\u1ea3n ph\u1ea9m.<\/p>\n<p data-start=\"2379\" data-end=\"2641\">B\u00e0n nh\u00e2n vi\u00ean AT140HL ph\u00f9 h\u1ee3p cho nhi\u1ec1u \u0111\u1ed1i t\u01b0\u1ee3ng kh\u00e1c nhau, t\u1eeb nh\u00e2n vi\u00ean v\u0103n ph\u00f2ng, c\u00e1n b\u1ed9 qu\u1ea3n l\u00fd \u0111\u1ebfn ng\u01b0\u1eddi l\u00e0m vi\u1ec7c t\u1ea1i nh\u00e0. Thi\u1ebft k\u1ebf h\u1ed9c treo t\u00edch h\u1ee3p gi\u00fap t\u1ed1i \u01b0u h\u00f3a kh\u00f4ng gian l\u01b0u tr\u1eef, \u0111\u1ed3ng th\u1eddi mang l\u1ea1i s\u1ef1 ti\u1ec7n l\u1ee3i v\u00e0 hi\u1ec7u qu\u1ea3 trong c\u00f4ng vi\u1ec7c h\u00e0ng ng\u00e0y.<\/p>\n<p data-start=\"2643\" data-end=\"2817\">S\u1ea3n ph\u1ea9m \u0111\u01b0\u1ee3c ph\u00e2n ph\u1ed1i ch\u00ednh h\u00e3ng b\u1edfi C\u00f4ng ty TNHH SXTM TTNT H\u1eefu Th\u1ecbnh v\u00e0 \u0111i k\u00e8m ch\u1ebf \u0111\u1ed9 b\u1ea3o h\u00e0nh 12 th\u00e1ng theo ti\u00eau chu\u1ea9n nh\u00e0 m\u00e1y, \u0111\u1ea3m b\u1ea3o quy\u1ec1n l\u1ee3i t\u1ed1i \u0111a cho kh\u00e1ch h\u00e0ng.<\/p>\n<p data-start=\"2819\" data-end=\"3036\" data-is-last-node=\"\" data-is-only-node=\"\">V\u1edbi s\u1ef1 k\u1ebft h\u1ee3p h\u00e0i h\u00f2a gi\u1eefa t\u00ednh th\u1ea9m m\u1ef9, \u0111\u1ed9 b\u1ec1n v\u00e0 c\u00f4ng n\u0103ng s\u1eed d\u1ee5ng, b\u00e0n nh\u00e2n vi\u00ean AT140HL ch\u00ednh l\u00e0 l\u1ef1a ch\u1ecdn l\u00fd t\u01b0\u1edfng cho nh\u1eefng ai \u0111ang t\u00ecm ki\u1ebfm m\u1ed9t chi\u1ebfc b\u00e0n l\u00e0m vi\u1ec7c ti\u1ec7n \u00edch, hi\u1ec7n \u0111\u1ea1i v\u00e0 b\u1ec1n \u0111\u1eb9p theo th\u1eddi gian.<\/p>\n","protected":false},"excerpt":{"rendered":"<p data-start=\"0\" data-end=\"112\">B\u00e0n nh\u00e2n vi\u00ean AT140HL<br data-start=\"21\" data-end=\"24\" \/>B\u00e0n l\u00e0m vi\u1ec7c g\u1ed7 c\u00f4ng nghi\u1ec7p Melamine, c\u00f3 h\u1ed9c treo g\u1ed3m 1 ng\u0103n k\u00e9o v\u00e0 1 c\u00e1nh m\u1edf c\u00f3 kh\u00f3a.<\/p>\n<p data-start=\"114\" data-end=\"196\">K\u00edch th\u01b0\u1edbc:<br data-start=\"125\" data-end=\"128\" \/>W1400 x D600 x H750 mm &#8211; <span style=\"font-size: 120%; color: #ed1c24;\"><strong>1.262.000 \u0111<\/strong><\/span><br data-start=\"161\" data-end=\"164\" \/>W1400 x D700 x H750 mm &#8211; <span style=\"font-size: 120%; color: #ed1c24;\"><strong>1.375.000 \u0111<\/strong><\/span><\/p>\n<p data-start=\"198\" data-end=\"495\">Xu\u1ea5t x\u1ee9: S\u1ea3n ph\u1ea9m c\u1ee7a c\u00f4ng ty N\u1ed8I TH\u1ea4T THE ONE \u2013 Ph\u00e2n ph\u1ed1i b\u1edfi C\u00d4NG TY TNHH SXTM TTNT H\u1eeeU TH\u1ecaNH<br data-start=\"293\" data-end=\"296\" \/>B\u1ea3o h\u00e0nh: 12 th\u00e1ng theo ti\u00eau chu\u1ea9n nh\u00e0 m\u00e1y<br data-start=\"338\" data-end=\"341\" \/><em data-start=\"341\" data-end=\"493\">L\u01b0u \u00fd: Gi\u00e1 tr\u00ean ch\u01b0a bao g\u1ed3m VAT v\u00e0 ph\u00ed v\u1eadn chuy\u1ec3n. Gi\u00e1 s\u1ea3n ph\u1ea9m c\u00f3 th\u1ec3 thay \u0111\u1ed5i theo t\u1eebng th\u1eddi \u0111i\u1ec3m, vui l\u00f2ng li\u00ean h\u1ec7 \u0111\u1ec3 nh\u1eadn t\u01b0 v\u1ea5n \u01b0u \u0111\u00e3i t\u1ed1t nh\u1ea5t.<\/em><\/p>\n","protected":false},"featured_media":3487,"comment_status":"open","ping_status":"closed","template":"","meta":[],"product_brand":[],"product_cat":[17,177],"product_tag":[],"class_list":{"0":"post-1936","1":"product","2":"type-product","3":"status-publish","4":"has-post-thumbnail","6":"product_cat-noi-that-van-phong","7":"product_cat-ban-nhan-vien","9":"first","10":"instock","11":"taxable","12":"shipping-taxable","13":"purchasable","14":"product-type-simple"},"_links":{"self":[{"href":"https:\/\/noithathuuthinh.vn\/zh-hans\/wp-json\/wp\/v2\/product\/1936","targetHints":{"allow":["GET"]}}],"collection":[{"href":"https:\/\/noithathuuthinh.vn\/zh-hans\/wp-json\/wp\/v2\/product"}],"about":[{"href":"https:\/\/noithathuuthinh.vn\/zh-hans\/wp-json\/wp\/v2\/types\/product"}],"replies":[{"embeddable":true,"href":"https:\/\/noithathuuthinh.vn\/zh-hans\/wp-json\/wp\/v2\/comments?post=1936"}],"wp:featuredmedia":[{"embeddable":true,"href":"https:\/\/noithathuuthinh.vn\/zh-hans\/wp-json\/wp\/v2\/media\/3487"}],"wp:attachment":[{"href":"https:\/\/noithathuuthinh.vn\/zh-hans\/wp-json\/wp\/v2\/media?parent=1936"}],"wp:term":[{"taxonomy":"product_brand","embeddable":true,"href":"https:\/\/noithathuuthinh.vn\/zh-hans\/wp-json\/wp\/v2\/product_brand?post=1936"},{"taxonomy":"product_cat","embeddable":true,"href":"https:\/\/noithathuuthinh.vn\/zh-hans\/wp-json\/wp\/v2\/product_cat?post=1936"},{"taxonomy":"product_tag","embeddable":true,"href":"https:\/\/noithathuuthinh.vn\/zh-hans\/wp-json\/wp\/v2\/product_tag?post=1936"}],"curies":[{"name":"wp","href":"https:\/\/api.w.org\/{rel}","templated":true}]}}