{"id":3031,"date":"2025-09-10T22:02:57","date_gmt":"2025-09-10T15:02:57","guid":{"rendered":"https:\/\/noithathuuthinh.vn\/?post_type=product&#038;p=3031"},"modified":"2025-09-26T11:28:57","modified_gmt":"2025-09-26T04:28:57","slug":"ban-giam-doc-et1400a","status":"publish","type":"product","link":"https:\/\/noithathuuthinh.vn\/zh-hans\/san-pham\/ban-giam-doc-et1400a\/","title":{"rendered":"B\u00e0n Gi\u00e1m \u0111\u1ed1c ET1400A"},"content":{"rendered":"<p data-start=\"718\" data-end=\"1073\">B\u00e0n Gi\u00e1m \u0111\u1ed1c ET1400A l\u00e0 d\u00f2ng s\u1ea3n ph\u1ea9m \u0111\u01b0\u1ee3c thi\u1ebft k\u1ebf d\u00e0nh cho c\u00e1c nh\u00e0 l\u00e3nh \u0111\u1ea1o c\u1ea5p trung, mang \u0111\u1ebfn s\u1ef1 c\u00e2n b\u1eb1ng ho\u00e0n h\u1ea3o gi\u1eefa t\u00ednh th\u1ea9m m\u1ef9, c\u00f4ng n\u0103ng v\u00e0 gi\u00e1 tr\u1ecb s\u1eed d\u1ee5ng. V\u1edbi ki\u1ec3u d\u00e1ng g\u1ecdn g\u00e0ng, hi\u1ec7n \u0111\u1ea1i c\u00f9ng nh\u1eefng ti\u1ec7n \u00edch th\u00f4ng minh, m\u1eabu b\u00e0n n\u00e0y kh\u00f4ng ch\u1ec9 \u0111\u00e1p \u1ee9ng nhu c\u1ea7u l\u00e0m vi\u1ec7c h\u1eb1ng ng\u00e0y m\u00e0 c\u00f2n t\u1ea1o n\u00ean \u0111i\u1ec3m nh\u1ea5n sang tr\u1ecdng trong kh\u00f4ng gian v\u0103n ph\u00f2ng.<\/p>\n<p data-start=\"1075\" data-end=\"1492\">S\u1ea3n ph\u1ea9m \u0111\u01b0\u1ee3c thi\u1ebft k\u1ebf theo d\u00e1ng b\u00e0n h\u00ecnh ch\u1eef nh\u1eadt truy\u1ec1n th\u1ed1ng, v\u1eeba quen thu\u1ed9c v\u1eeba d\u1ec5 b\u1ed1 tr\u00ed trong nhi\u1ec1u kh\u00f4ng gian kh\u00e1c nhau. M\u1eb7t b\u00e0n \u0111\u01b0\u1ee3c x\u1eed l\u00fd tinh t\u1ebf v\u1edbi l\u1edbp ho\u00e0n thi\u1ec7n b\u1ec1n \u0111\u1eb9p, h\u1ea1n ch\u1ebf tr\u1ea7y x\u01b0\u1edbc, ch\u1ed1ng th\u1ea5m n\u01b0\u1edbc v\u00e0 d\u1ec5 d\u00e0ng v\u1ec7 sinh. K\u00edch th\u01b0\u1edbc ti\u00eau chu\u1ea9n 1m4 chi\u1ec1u d\u00e0i, 70cm chi\u1ec1u r\u1ed9ng v\u00e0 76cm chi\u1ec1u cao gi\u00fap b\u00e0n ph\u00f9 h\u1ee3p v\u1edbi \u0111a s\u1ed1 kh\u00f4ng gian v\u0103n ph\u00f2ng, \u0111\u1eb7c bi\u1ec7t l\u00e0 nh\u1eefng ph\u00f2ng l\u00e0m vi\u1ec7c c\u00f3 di\u1ec7n t\u00edch v\u1eeba v\u00e0 nh\u1ecf.<\/p>\n<p data-start=\"1494\" data-end=\"2007\">M\u1ed9t trong nh\u1eefng \u01b0u \u0111i\u1ec3m n\u1ed5i b\u1eadt c\u1ee7a b\u00e0n gi\u00e1m \u0111\u1ed1c ET1400A ch\u00ednh l\u00e0 s\u1ef1 ti\u1ec7n l\u1ee3i trong thi\u1ebft k\u1ebf. B\u00e0n \u0111\u01b0\u1ee3c trang b\u1ecb h\u1ed9c li\u1ec1n v\u1edbi 3 ng\u0103n k\u00e9o b\u1ed1 tr\u00ed g\u1ecdn g\u00e0ng m\u1ed9t b\u00ean, gi\u00fap ng\u01b0\u1eddi s\u1eed d\u1ee5ng c\u00f3 th\u00eam kh\u00f4ng gian l\u01b0u tr\u1eef t\u00e0i li\u1ec7u, s\u1ed5 s\u00e1ch hay v\u1eadt d\u1ee5ng c\u00e1 nh\u00e2n. C\u00e1c ng\u0103n k\u00e9o \u0111\u01b0\u1ee3c thi\u1ebft k\u1ebf tr\u01b0\u1ee3t nh\u1eb9 nh\u00e0ng, \u0111\u00f3ng m\u1edf d\u1ec5 d\u00e0ng, \u0111\u1ed3ng th\u1eddi \u0111\u1ea3m b\u1ea3o \u0111\u1ed9 b\u1ec1n v\u00e0 s\u1ef1 an to\u00e0n trong qu\u00e1 tr\u00ecnh s\u1eed d\u1ee5ng. B\u00ean c\u00f2n l\u1ea1i c\u1ee7a b\u00e0n l\u00e0 khoang CPU r\u1ed9ng r\u00e3i, gi\u00fap c\u1ed1 \u0111\u1ecbnh thi\u1ebft b\u1ecb, ti\u1ebft ki\u1ec7m di\u1ec7n t\u00edch v\u00e0 gi\u1eef cho khu v\u1ef1c l\u00e0m vi\u1ec7c lu\u00f4n g\u1ecdn g\u00e0ng, ng\u0103n n\u1eafp.<\/p>\n<p data-start=\"2009\" data-end=\"2287\">Ngo\u00e0i ra, b\u00e0n c\u00f2n \u0111\u01b0\u1ee3c trang b\u1ecb b\u00e0n ph\u00edm tr\u01b0\u1ee3t th\u00f4ng minh. \u0110\u00e2y l\u00e0 chi ti\u1ebft quan tr\u1ecdng h\u1ed7 tr\u1ee3 cho nh\u1eefng ng\u01b0\u1eddi th\u01b0\u1eddng xuy\u00ean l\u00e0m vi\u1ec7c v\u1edbi m\u00e1y t\u00ednh, mang \u0111\u1ebfn s\u1ef1 ti\u1ec7n d\u1ee5ng, tho\u1ea3i m\u00e1i v\u00e0 \u0111\u00fang t\u01b0 th\u1ebf, t\u1eeb \u0111\u00f3 h\u1ea1n ch\u1ebf t\u00ecnh tr\u1ea1ng m\u1ecfi tay ho\u1eb7c sai t\u01b0 th\u1ebf khi l\u00e0m vi\u1ec7c trong th\u1eddi gian d\u00e0i.<\/p>\n<p data-start=\"2289\" data-end=\"2666\">K\u1ebft c\u1ea5u c\u1ee7a b\u00e0n gi\u00e1m \u0111\u1ed1c ET1400A ch\u1eafc ch\u1eafn, \u0111\u1ea3m b\u1ea3o kh\u1ea3 n\u0103ng ch\u1ecbu l\u1ef1c v\u00e0 \u0111\u1ed9 \u1ed5n \u0111\u1ecbnh cao. Ch\u1ea5t li\u1ec7u s\u1ea3n xu\u1ea5t \u0111\u01b0\u1ee3c ch\u1ecdn l\u1ecdc k\u1ef9 l\u01b0\u1ee1ng, k\u1ebft h\u1ee3p v\u1edbi c\u00f4ng ngh\u1ec7 s\u01a1n ph\u1ee7 ti\u00ean ti\u1ebfn, gi\u00fap s\u1ea3n ph\u1ea9m duy tr\u00ec v\u1ebb \u0111\u1eb9p sang tr\u1ecdng v\u00e0 \u0111\u1ed9 b\u1ec1n theo th\u1eddi gian. Ch\u00ednh nh\u1edd s\u1ef1 b\u1ec1n b\u1ec9 n\u00e0y m\u00e0 b\u00e0n c\u00f3 th\u1ec3 \u0111\u00e1p \u1ee9ng t\u1ed1t nhu c\u1ea7u s\u1eed d\u1ee5ng trong m\u00f4i tr\u01b0\u1eddng l\u00e0m vi\u1ec7c chuy\u00ean nghi\u1ec7p, \u0111\u00f2i h\u1ecfi c\u01b0\u1eddng \u0111\u1ed9 s\u1eed d\u1ee5ng cao.<\/p>\n<p data-start=\"2668\" data-end=\"3151\">V\u1edbi thi\u1ebft k\u1ebf tinh g\u1ecdn nh\u01b0ng v\u1eabn \u0111\u1ea3m b\u1ea3o \u0111\u1ea7y \u0111\u1ee7 c\u00f4ng n\u0103ng, b\u00e0n ET1400A r\u1ea5t ph\u00f9 h\u1ee3p v\u1edbi c\u00e1c c\u1ea5p qu\u1ea3n l\u00fd, tr\u01b0\u1edfng ph\u00f2ng ho\u1eb7c l\u00e3nh \u0111\u1ea1o c\u1ea5p trung trong doanh nghi\u1ec7p. Kh\u00f4ng ch\u1ec9 mang l\u1ea1i kh\u00f4ng gian l\u00e0m vi\u1ec7c hi\u1ec7u qu\u1ea3, s\u1ea3n ph\u1ea9m c\u00f2n g\u00f3p ph\u1ea7n n\u00e2ng cao h\u00ecnh \u1ea3nh chuy\u00ean nghi\u1ec7p, hi\u1ec7n \u0111\u1ea1i cho v\u0103n ph\u00f2ng. M\u1ed9t chi\u1ebfc b\u00e0n gi\u00e1m \u0111\u1ed1c \u0111\u1eb9p v\u00e0 ti\u1ec7n \u00edch s\u1ebd t\u1ea1o n\u00ean \u1ea5n t\u01b0\u1ee3ng t\u1ed1t \u0111\u1ed1i v\u1edbi \u0111\u1ed1i t\u00e1c, kh\u00e1ch h\u00e0ng khi \u0111\u1ebfn l\u00e0m vi\u1ec7c, \u0111\u1ed3ng th\u1eddi gi\u00fap ng\u01b0\u1eddi l\u00e3nh \u0111\u1ea1o c\u00f3 th\u00eam c\u1ea3m h\u1ee9ng, s\u1ef1 t\u1ef1 tin trong c\u00f4ng vi\u1ec7c h\u1eb1ng ng\u00e0y.<\/p>\n<p data-start=\"3153\" data-end=\"3467\">B\u00ean c\u1ea1nh t\u00ednh n\u0103ng ch\u00ednh, s\u1ea3n ph\u1ea9m c\u0169ng d\u1ec5 d\u00e0ng k\u1ebft h\u1ee3p v\u1edbi c\u00e1c d\u00f2ng gh\u1ebf gi\u00e1m \u0111\u1ed1c, gh\u1ebf xoay, t\u1ee7 h\u1ed3 s\u01a1 ho\u1eb7c t\u1ee7 ph\u1ee5 \u0111\u1ed3ng b\u1ed9, t\u1ea1o n\u00ean m\u1ed9t kh\u00f4ng gian l\u00e0m vi\u1ec7c khoa h\u1ecdc v\u00e0 \u0111\u1ed3ng nh\u1ea5t. Vi\u1ec7c b\u1ed1 tr\u00ed m\u1ed9t b\u1ed9 n\u1ed9i th\u1ea5t v\u0103n ph\u00f2ng h\u00e0i h\u00f2a kh\u00f4ng ch\u1ec9 t\u0103ng t\u00ednh th\u1ea9m m\u1ef9 m\u00e0 c\u00f2n th\u1ec3 hi\u1ec7n s\u1ef1 chuy\u00ean nghi\u1ec7p, \u0111\u1eb3ng c\u1ea5p c\u1ee7a doanh nghi\u1ec7p.<\/p>\n<p data-start=\"3469\" data-end=\"3825\">T\u00f3m l\u1ea1i, b\u00e0n gi\u00e1m \u0111\u1ed1c ET1400A l\u00e0 l\u1ef1a ch\u1ecdn l\u00fd t\u01b0\u1edfng cho nh\u1eefng \u0111\u01a1n v\u1ecb, t\u1ed5 ch\u1ee9c \u0111ang t\u00ecm ki\u1ebfm m\u1ed9t m\u1eabu b\u00e0n l\u00e3nh \u0111\u1ea1o g\u1ecdn g\u00e0ng, \u0111a n\u0103ng nh\u01b0ng v\u1eabn \u0111\u1ea3m b\u1ea3o s\u1ef1 sang tr\u1ecdng c\u1ea7n thi\u1ebft. V\u1edbi thi\u1ebft k\u1ebf hi\u1ec7n \u0111\u1ea1i, ti\u1ec7n \u00edch th\u00f4ng minh v\u00e0 ch\u1ea5t l\u01b0\u1ee3ng b\u1ec1n b\u1ec9, s\u1ea3n ph\u1ea9m ch\u1eafc ch\u1eafn s\u1ebd mang \u0111\u1ebfn s\u1ef1 h\u00e0i l\u00f2ng cho ng\u01b0\u1eddi s\u1eed d\u1ee5ng, \u0111\u1ed3ng h\u00e0nh c\u00f9ng s\u1ef1 ph\u00e1t tri\u1ec3n l\u00e2u d\u00e0i c\u1ee7a doanh nghi\u1ec7p.<\/p>\n","protected":false},"excerpt":{"rendered":"<p data-start=\"149\" data-end=\"282\"><strong data-start=\"149\" data-end=\"280\">B\u00e0n Gi\u00e1m \u0111\u1ed1c ET1400A \u2013 B\u00e0n l\u00e3nh \u0111\u1ea1o c\u1ea5p trung m\u1eb7t ch\u1eef nh\u1eadt, c\u00f3 b\u00e0n ph\u00edm; m\u1ed9t b\u00ean h\u1ed9c li\u1ec1n 3 ng\u0103n k\u00e9o, b\u00ean c\u00f2n l\u1ea1i l\u00e0 khoang CPU<\/strong><\/p>\n<p data-start=\"284\" data-end=\"326\"><strong data-start=\"284\" data-end=\"299\">K\u00edch th\u01b0\u1edbc:<\/strong> W1400 x D700 x H760 (mm)<\/p>\n<p data-start=\"328\" data-end=\"641\"><strong data-start=\"328\" data-end=\"340\">Xu\u1ea5t x\u1ee9:<\/strong> S\u1ea3n ph\u1ea9m c\u1ee7a c\u00f4ng ty <strong data-start=\"362\" data-end=\"382\">N\u1ed8I TH\u1ea4T THE ONE<\/strong> \u2013 Ph\u00e2n ph\u1ed1i b\u1edfi <strong data-start=\"399\" data-end=\"435\">C\u00d4NG TY TNHH SXTM TTNT H\u1eeeU TH\u1ecaNH<\/strong><br data-start=\"435\" data-end=\"438\" \/><strong data-start=\"438\" data-end=\"451\">B\u1ea3o h\u00e0nh:<\/strong> 12 th\u00e1ng theo ti\u00eau chu\u1ea9n nh\u00e0 m\u00e1y<br data-start=\"484\" data-end=\"487\" \/><span style=\"color: #ed1c24;\"><em data-start=\"487\" data-end=\"639\">L\u01b0u \u00fd: Gi\u00e1 tr\u00ean ch\u01b0a bao g\u1ed3m VAT v\u00e0 ph\u00ed v\u1eadn chuy\u1ec3n. Gi\u00e1 s\u1ea3n ph\u1ea9m c\u00f3 th\u1ec3 thay \u0111\u1ed5i theo t\u1eebng th\u1eddi \u0111i\u1ec3m, vui l\u00f2ng li\u00ean h\u1ec7 \u0111\u1ec3 nh\u1eadn t\u01b0 v\u1ea5n \u01b0u \u0111\u00e3i t\u1ed1t nh\u1ea5t.<\/em><\/span><\/p>\n","protected":false},"featured_media":3372,"comment_status":"open","ping_status":"closed","template":"","meta":[],"product_brand":[],"product_cat":[17,756],"product_tag":[],"class_list":{"0":"post-3031","1":"product","2":"type-product","3":"status-publish","4":"has-post-thumbnail","6":"product_cat-noi-that-van-phong","7":"product_cat-ban-giam-doc","9":"first","10":"instock","11":"shipping-taxable","12":"purchasable","13":"product-type-simple"},"_links":{"self":[{"href":"https:\/\/noithathuuthinh.vn\/zh-hans\/wp-json\/wp\/v2\/product\/3031","targetHints":{"allow":["GET"]}}],"collection":[{"href":"https:\/\/noithathuuthinh.vn\/zh-hans\/wp-json\/wp\/v2\/product"}],"about":[{"href":"https:\/\/noithathuuthinh.vn\/zh-hans\/wp-json\/wp\/v2\/types\/product"}],"replies":[{"embeddable":true,"href":"https:\/\/noithathuuthinh.vn\/zh-hans\/wp-json\/wp\/v2\/comments?post=3031"}],"wp:featuredmedia":[{"embeddable":true,"href":"https:\/\/noithathuuthinh.vn\/zh-hans\/wp-json\/wp\/v2\/media\/3372"}],"wp:attachment":[{"href":"https:\/\/noithathuuthinh.vn\/zh-hans\/wp-json\/wp\/v2\/media?parent=3031"}],"wp:term":[{"taxonomy":"product_brand","embeddable":true,"href":"https:\/\/noithathuuthinh.vn\/zh-hans\/wp-json\/wp\/v2\/product_brand?post=3031"},{"taxonomy":"product_cat","embeddable":true,"href":"https:\/\/noithathuuthinh.vn\/zh-hans\/wp-json\/wp\/v2\/product_cat?post=3031"},{"taxonomy":"product_tag","embeddable":true,"href":"https:\/\/noithathuuthinh.vn\/zh-hans\/wp-json\/wp\/v2\/product_tag?post=3031"}],"curies":[{"name":"wp","href":"https:\/\/api.w.org\/{rel}","templated":true}]}}