{"id":3035,"date":"2025-09-10T22:06:52","date_gmt":"2025-09-10T15:06:52","guid":{"rendered":"https:\/\/noithathuuthinh.vn\/?post_type=product&#038;p=3035"},"modified":"2025-09-26T11:44:03","modified_gmt":"2025-09-26T04:44:03","slug":"ban-giam-doc-et1400b","status":"publish","type":"product","link":"https:\/\/noithathuuthinh.vn\/zh-hans\/san-pham\/ban-giam-doc-et1400b\/","title":{"rendered":"B\u00e0n Gi\u00e1m \u0111\u1ed1c ET1400B"},"content":{"rendered":"<p data-start=\"663\" data-end=\"990\">B\u00e0n Gi\u00e1m \u0111\u1ed1c ET1400B l\u00e0 m\u1ed9t trong nh\u1eefng m\u1eabu b\u00e0n l\u00e3nh \u0111\u1ea1o c\u1ea5p trung \u0111\u01b0\u1ee3c \u01b0a chu\u1ed9ng nh\u1edd thi\u1ebft k\u1ebf hi\u1ec7n \u0111\u1ea1i, nh\u1ecf g\u1ecdn v\u00e0 ti\u1ec7n d\u1ee5ng. V\u1edbi ki\u1ec3u d\u00e1ng ch\u1eef nh\u1eadt truy\u1ec1n th\u1ed1ng, s\u1ea3n ph\u1ea9m mang l\u1ea1i c\u1ea3m gi\u00e1c quen thu\u1ed9c nh\u01b0ng v\u1eabn to\u00e1t l\u00ean s\u1ef1 tinh t\u1ebf, sang tr\u1ecdng, \u0111\u00e1p \u1ee9ng t\u1ed1t nhu c\u1ea7u l\u00e0m vi\u1ec7c v\u00e0 qu\u1ea3n l\u00fd c\u1ee7a c\u00e1c c\u1ea5p l\u00e3nh \u0111\u1ea1o trong doanh nghi\u1ec7p.<\/p>\n<p data-start=\"992\" data-end=\"1354\">\u0110i\u1ec3m nh\u1ea5n n\u1ed5i b\u1eadt c\u1ee7a m\u1eabu b\u00e0n n\u00e0y ch\u00ednh l\u00e0 ph\u1ea7n h\u1ed9c li\u1ec1n \u0111\u01b0\u1ee3c b\u1ed1 tr\u00ed 3 ng\u0103n k\u00e9o b\u00ean h\u00f4ng. \u0110\u00e2y l\u00e0 chi ti\u1ebft mang l\u1ea1i s\u1ef1 ti\u1ec7n l\u1ee3i v\u01b0\u1ee3t tr\u1ed9i, gi\u00fap ng\u01b0\u1eddi d\u00f9ng d\u1ec5 d\u00e0ng s\u1eafp x\u1ebfp t\u00e0i li\u1ec7u, gi\u1ea5y t\u1edd, v\u1eadt d\u1ee5ng v\u0103n ph\u00f2ng v\u00e0 c\u1ea3 \u0111\u1ed3 c\u00e1 nh\u00e2n m\u1ed9t c\u00e1ch ng\u0103n n\u1eafp. H\u1ec7 th\u1ed1ng ng\u0103n k\u00e9o ch\u1eafc ch\u1eafn, \u0111\u00f3ng m\u1edf m\u01b0\u1ee3t m\u00e0, t\u1ea1o c\u1ea3m gi\u00e1c tho\u1ea3i m\u00e1i v\u00e0 ti\u1ec7n d\u1ee5ng trong qu\u00e1 tr\u00ecnh s\u1eed d\u1ee5ng h\u00e0ng ng\u00e0y.<\/p>\n<p data-start=\"1356\" data-end=\"1678\">M\u1eb7t b\u00e0n \u0111\u01b0\u1ee3c ph\u1ee7 s\u01a1n PU cao c\u1ea5p, kh\u00f4ng ch\u1ec9 t\u1ea1o n\u00ean v\u1ebb ngo\u00e0i sang tr\u1ecdng m\u00e0 c\u00f2n gi\u00fap b\u1ec1 m\u1eb7t b\u00e0n c\u00f3 kh\u1ea3 n\u0103ng ch\u1ed1ng tr\u1ea7y x\u01b0\u1edbc, ch\u1ed1ng th\u1ea5m n\u01b0\u1edbc v\u00e0 duy tr\u00ec \u0111\u1ed9 b\u1ec1n \u0111\u1eb9p trong su\u1ed1t qu\u00e1 tr\u00ecnh s\u1eed d\u1ee5ng. Ch\u1ea5t li\u1ec7u n\u00e0y c\u00f2n d\u1ec5 d\u00e0ng v\u1ec7 sinh, gi\u1eef cho b\u00e0n lu\u00f4n s\u1ea1ch s\u1ebd v\u00e0 s\u00e1ng b\u00f3ng, g\u00f3p ph\u1ea7n n\u00e2ng cao h\u00ecnh \u1ea3nh chuy\u00ean nghi\u1ec7p cho v\u0103n ph\u00f2ng.<\/p>\n<p data-start=\"1680\" data-end=\"1941\">V\u1edbi k\u00edch th\u01b0\u1edbc W1400 x D700 x H760 (mm), b\u00e0n ET1400B ph\u00f9 h\u1ee3p v\u1edbi nh\u1eefng kh\u00f4ng gian v\u0103n ph\u00f2ng c\u00f3 di\u1ec7n t\u00edch v\u1eeba v\u00e0 nh\u1ecf. Thi\u1ebft k\u1ebf g\u1ecdn g\u00e0ng nh\u01b0ng v\u1eabn \u0111\u1ee7 r\u1ed9ng r\u00e3i \u0111\u1ec3 b\u1ed1 tr\u00ed m\u00e1y t\u00ednh, t\u00e0i li\u1ec7u v\u00e0 c\u00e1c ph\u1ee5 ki\u1ec7n v\u0103n ph\u00f2ng, mang \u0111\u1ebfn s\u1ef1 thu\u1eadn ti\u1ec7n t\u1ed1i \u0111a trong c\u00f4ng vi\u1ec7c.<\/p>\n<p data-start=\"1943\" data-end=\"2224\">Ngo\u00e0i y\u1ebfu t\u1ed1 c\u00f4ng n\u0103ng, b\u00e0n c\u00f2n \u0111\u01b0\u1ee3c thi\u1ebft k\u1ebf theo k\u1ebft c\u1ea5u ch\u1eafc ch\u1eafn, \u0111\u1ea3m b\u1ea3o kh\u1ea3 n\u0103ng ch\u1ecbu l\u1ef1c v\u00e0 s\u1ef1 \u1ed5n \u0111\u1ecbnh l\u00e2u d\u00e0i. C\u00e1c chi ti\u1ebft s\u1ea3n xu\u1ea5t \u0111\u01b0\u1ee3c gia c\u00f4ng k\u1ef9 l\u01b0\u1ee1ng, k\u1ebft h\u1ee3p c\u00f9ng c\u00f4ng ngh\u1ec7 hi\u1ec7n \u0111\u1ea1i gi\u00fap n\u00e2ng cao tu\u1ed5i th\u1ecd s\u1ea3n ph\u1ea9m, \u0111\u1ed3ng th\u1eddi t\u1ea1o c\u1ea3m gi\u00e1c y\u00ean t\u00e2m cho ng\u01b0\u1eddi s\u1eed d\u1ee5ng.<\/p>\n<p data-start=\"2226\" data-end=\"2662\">M\u1eabu b\u00e0n gi\u00e1m \u0111\u1ed1c ET1400B h\u01b0\u1edbng \u0111\u1ebfn s\u1ef1 \u0111\u01a1n gi\u1ea3n nh\u01b0ng hi\u1ec7u qu\u1ea3. \u0110\u00e2y l\u00e0 l\u1ef1a ch\u1ecdn t\u1ed1i \u01b0u cho c\u00e1c c\u1ea5p l\u00e3nh \u0111\u1ea1o c\u1ea5p trung, tr\u01b0\u1edfng ph\u00f2ng ho\u1eb7c qu\u1ea3n l\u00fd trong doanh nghi\u1ec7p, nh\u1eefng ng\u01b0\u1eddi v\u1eeba c\u1ea7n m\u1ed9t kh\u00f4ng gian l\u00e0m vi\u1ec7c g\u1ecdn g\u00e0ng, v\u1eeba mu\u1ed1n kh\u1eb3ng \u0111\u1ecbnh phong c\u00e1ch chuy\u00ean nghi\u1ec7p. B\u00ean c\u1ea1nh \u0111\u00f3, s\u1ea3n ph\u1ea9m c\u00f3 th\u1ec3 d\u1ec5 d\u00e0ng k\u1ebft h\u1ee3p v\u1edbi c\u00e1c d\u00f2ng gh\u1ebf xoay, gh\u1ebf gi\u00e1m \u0111\u1ed1c, t\u1ee7 h\u1ed3 s\u01a1 hay t\u1ee7 ph\u1ee5 \u0111\u1ec3 t\u1ea1o n\u00ean m\u1ed9t kh\u00f4ng gian l\u00e0m vi\u1ec7c \u0111\u1ed3ng b\u1ed9, sang tr\u1ecdng v\u00e0 ti\u1ec7n nghi.<\/p>\n<p data-start=\"2664\" data-end=\"2975\">Kh\u00f4ng gian v\u0103n ph\u00f2ng \u0111\u01b0\u1ee3c b\u1ed1 tr\u00ed n\u1ed9i th\u1ea5t khoa h\u1ecdc s\u1ebd kh\u00f4ng ch\u1ec9 h\u1ed7 tr\u1ee3 c\u00f4ng vi\u1ec7c hi\u1ec7u qu\u1ea3 m\u00e0 c\u00f2n n\u00e2ng cao tinh th\u1ea7n l\u00e0m vi\u1ec7c, t\u1ea1o \u0111\u1ed9ng l\u1ef1c v\u00e0 c\u1ea3m h\u1ee9ng m\u1edbi m\u1ebb. B\u00e0n gi\u00e1m \u0111\u1ed1c ET1400B v\u1edbi thi\u1ebft k\u1ebf hi\u1ec7n \u0111\u1ea1i, tinh g\u1ecdn v\u00e0 b\u1ec1n b\u1ec9 ch\u00ednh l\u00e0 s\u1ef1 l\u1ef1a ch\u1ecdn l\u00fd t\u01b0\u1edfng \u0111\u1ec3 \u0111\u1ed3ng h\u00e0nh c\u00f9ng s\u1ef1 ph\u00e1t tri\u1ec3n l\u00e2u d\u00e0i c\u1ee7a doanh nghi\u1ec7p.<\/p>\n<p data-start=\"2977\" data-end=\"3279\">T\u00f3m l\u1ea1i, v\u1edbi s\u1ef1 k\u1ebft h\u1ee3p h\u00e0i h\u00f2a gi\u1eefa thi\u1ebft k\u1ebf tinh t\u1ebf, ch\u1ea5t li\u1ec7u s\u01a1n PU cao c\u1ea5p v\u00e0 c\u00f4ng n\u0103ng ti\u1ec7n \u00edch, b\u00e0n gi\u00e1m \u0111\u1ed1c ET1400B kh\u00f4ng ch\u1ec9 l\u00e0 m\u1ed9t m\u00f3n n\u1ed9i th\u1ea5t ph\u1ee5c v\u1ee5 c\u00f4ng vi\u1ec7c m\u00e0 c\u00f2n g\u00f3p ph\u1ea7n kh\u1eb3ng \u0111\u1ecbnh v\u1ecb th\u1ebf, phong c\u00e1ch v\u00e0 s\u1ef1 chuy\u00ean nghi\u1ec7p c\u1ee7a ng\u01b0\u1eddi l\u00e3nh \u0111\u1ea1o trong m\u1eaft nh\u00e2n vi\u00ean, kh\u00e1ch h\u00e0ng v\u00e0 \u0111\u1ed1i t\u00e1c.<\/p>\n","protected":false},"excerpt":{"rendered":"<p data-start=\"122\" data-end=\"227\"><strong data-start=\"122\" data-end=\"225\">B\u00e0n Gi\u00e1m \u0111\u1ed1c ET1400B \u2013 B\u00e0n l\u00e3nh \u0111\u1ea1o c\u1ea5p trung s\u01a1n PU, m\u1eb7t b\u00e0n h\u00ecnh ch\u1eef nh\u1eadt, c\u00f3 h\u1ed9c li\u1ec1n 3 ng\u0103n k\u00e9o<\/strong><\/p>\n<p data-start=\"229\" data-end=\"271\"><strong data-start=\"229\" data-end=\"244\">K\u00edch th\u01b0\u1edbc:<\/strong> W1400 x D700 x H760 (mm)<\/p>\n<p data-start=\"273\" data-end=\"586\"><strong data-start=\"273\" data-end=\"285\">Xu\u1ea5t x\u1ee9:<\/strong> S\u1ea3n ph\u1ea9m c\u1ee7a c\u00f4ng ty <strong data-start=\"307\" data-end=\"327\">N\u1ed8I TH\u1ea4T THE ONE<\/strong> \u2013 Ph\u00e2n ph\u1ed1i b\u1edfi <strong data-start=\"344\" data-end=\"380\">C\u00d4NG TY TNHH SXTM TTNT H\u1eeeU TH\u1ecaNH<\/strong><br data-start=\"380\" data-end=\"383\" \/><strong data-start=\"383\" data-end=\"396\">B\u1ea3o h\u00e0nh:<\/strong> 12 th\u00e1ng theo ti\u00eau chu\u1ea9n nh\u00e0 m\u00e1y<br data-start=\"429\" data-end=\"432\" \/><span style=\"color: #ed1c24;\"><em data-start=\"432\" data-end=\"584\">L\u01b0u \u00fd: Gi\u00e1 tr\u00ean ch\u01b0a bao g\u1ed3m VAT v\u00e0 ph\u00ed v\u1eadn chuy\u1ec3n. Gi\u00e1 s\u1ea3n ph\u1ea9m c\u00f3 th\u1ec3 thay \u0111\u1ed5i theo t\u1eebng th\u1eddi \u0111i\u1ec3m, vui l\u00f2ng li\u00ean h\u1ec7 \u0111\u1ec3 nh\u1eadn t\u01b0 v\u1ea5n \u01b0u \u0111\u00e3i t\u1ed1t nh\u1ea5t.<\/em><\/span><\/p>\n","protected":false},"featured_media":3376,"comment_status":"open","ping_status":"closed","template":"","meta":[],"product_brand":[],"product_cat":[17,756],"product_tag":[],"class_list":{"0":"post-3035","1":"product","2":"type-product","3":"status-publish","4":"has-post-thumbnail","6":"product_cat-noi-that-van-phong","7":"product_cat-ban-giam-doc","9":"first","10":"instock","11":"shipping-taxable","12":"purchasable","13":"product-type-simple"},"_links":{"self":[{"href":"https:\/\/noithathuuthinh.vn\/zh-hans\/wp-json\/wp\/v2\/product\/3035","targetHints":{"allow":["GET"]}}],"collection":[{"href":"https:\/\/noithathuuthinh.vn\/zh-hans\/wp-json\/wp\/v2\/product"}],"about":[{"href":"https:\/\/noithathuuthinh.vn\/zh-hans\/wp-json\/wp\/v2\/types\/product"}],"replies":[{"embeddable":true,"href":"https:\/\/noithathuuthinh.vn\/zh-hans\/wp-json\/wp\/v2\/comments?post=3035"}],"wp:featuredmedia":[{"embeddable":true,"href":"https:\/\/noithathuuthinh.vn\/zh-hans\/wp-json\/wp\/v2\/media\/3376"}],"wp:attachment":[{"href":"https:\/\/noithathuuthinh.vn\/zh-hans\/wp-json\/wp\/v2\/media?parent=3035"}],"wp:term":[{"taxonomy":"product_brand","embeddable":true,"href":"https:\/\/noithathuuthinh.vn\/zh-hans\/wp-json\/wp\/v2\/product_brand?post=3035"},{"taxonomy":"product_cat","embeddable":true,"href":"https:\/\/noithathuuthinh.vn\/zh-hans\/wp-json\/wp\/v2\/product_cat?post=3035"},{"taxonomy":"product_tag","embeddable":true,"href":"https:\/\/noithathuuthinh.vn\/zh-hans\/wp-json\/wp\/v2\/product_tag?post=3035"}],"curies":[{"name":"wp","href":"https:\/\/api.w.org\/{rel}","templated":true}]}}