{"id":3039,"date":"2025-09-10T22:12:33","date_gmt":"2025-09-10T15:12:33","guid":{"rendered":"https:\/\/noithathuuthinh.vn\/?post_type=product&#038;p=3039"},"modified":"2025-09-30T17:15:34","modified_gmt":"2025-09-30T10:15:34","slug":"ban-giam-doc-et1400d","status":"publish","type":"product","link":"https:\/\/noithathuuthinh.vn\/zh-hans\/san-pham\/ban-giam-doc-et1400d\/","title":{"rendered":"B\u00e0n Gi\u00e1m \u0111\u1ed1c ET1400D"},"content":{"rendered":"<p data-start=\"669\" data-end=\"960\">B\u00e0n Gi\u00e1m \u0111\u1ed1c ET1400D l\u00e0 m\u1eabu b\u00e0n l\u00e0m vi\u1ec7c d\u00e0nh cho l\u00e3nh \u0111\u1ea1o c\u1ea5p trung, n\u1ed5i b\u1eadt nh\u1edd thi\u1ebft k\u1ebf g\u1ecdn g\u00e0ng, hi\u1ec7n \u0111\u1ea1i v\u00e0 \u0111\u00e1p \u1ee9ng t\u1ed1t nhu c\u1ea7u s\u1eed d\u1ee5ng th\u1ef1c t\u1ebf. S\u1ea3n ph\u1ea9m kh\u00f4ng ch\u1ec9 mang l\u1ea1i s\u1ef1 ti\u1ec7n nghi cho c\u00f4ng vi\u1ec7c h\u1eb1ng ng\u00e0y m\u00e0 c\u00f2n g\u00f3p ph\u1ea7n t\u1ea1o n\u00ean phong c\u00e1ch chuy\u00ean nghi\u1ec7p cho kh\u00f4ng gian v\u0103n ph\u00f2ng.<\/p>\n<p data-start=\"962\" data-end=\"1306\">Thi\u1ebft k\u1ebf m\u1eb7t b\u00e0n h\u00ecnh ch\u1eef nh\u1eadt truy\u1ec1n th\u1ed1ng gi\u00fap b\u00e0n d\u1ec5 d\u00e0ng b\u1ed1 tr\u00ed trong nhi\u1ec1u ki\u1ec3u kh\u00f4ng gian kh\u00e1c nhau. B\u1ec1 m\u1eb7t b\u00e0n r\u1ed9ng v\u1eeba \u0111\u1ee7 \u0111\u1ec3 s\u1eafp x\u1ebfp m\u00e1y t\u00ednh, t\u00e0i li\u1ec7u v\u00e0 c\u00e1c v\u1eadt d\u1ee5ng v\u0103n ph\u00f2ng c\u1ea7n thi\u1ebft. V\u1edbi l\u1edbp ph\u1ee7 ho\u00e0n thi\u1ec7n ch\u1ea5t l\u01b0\u1ee3ng cao, b\u1ec1 m\u1eb7t b\u00e0n c\u00f3 kh\u1ea3 n\u0103ng ch\u1ed1ng tr\u1ea7y x\u01b0\u1edbc, ch\u1ed1ng th\u1ea5m n\u01b0\u1edbc v\u00e0 d\u1ec5 d\u00e0ng v\u1ec7 sinh, nh\u1edd \u0111\u00f3 duy tr\u00ec v\u1ebb \u0111\u1eb9p l\u00e2u d\u00e0i.<\/p>\n<p data-start=\"1308\" data-end=\"1759\">\u0110i\u1ec3m nh\u1ea5n n\u1ed5i b\u1eadt c\u1ee7a b\u00e0n gi\u00e1m \u0111\u1ed1c ET1400D n\u1eb1m \u1edf h\u1ec7 th\u1ed1ng ng\u0103n k\u00e9o v\u00e0 h\u1ed9c li\u1ec1n. B\u00ean c\u1ea1nh ng\u0103n k\u00e9o ti\u1ec7n l\u1ee3i, s\u1ea3n ph\u1ea9m \u0111\u01b0\u1ee3c thi\u1ebft k\u1ebf th\u00eam h\u1ed9c li\u1ec1n v\u1edbi 1 ng\u0103n k\u00e9o v\u00e0 1 c\u00e1nh m\u1edf. Thi\u1ebft k\u1ebf n\u00e0y kh\u00f4ng ch\u1ec9 t\u0103ng c\u01b0\u1eddng kh\u1ea3 n\u0103ng l\u01b0u tr\u1eef m\u00e0 c\u00f2n mang \u0111\u1ebfn s\u1ef1 linh ho\u1ea1t trong vi\u1ec7c s\u1eafp x\u1ebfp t\u00e0i li\u1ec7u, h\u1ed3 s\u01a1, thi\u1ebft b\u1ecb hay v\u1eadt d\u1ee5ng c\u00e1 nh\u00e2n. C\u00e1nh m\u1edf r\u1ed9ng r\u00e3i gi\u00fap ng\u01b0\u1eddi d\u00f9ng d\u1ec5 d\u00e0ng c\u1ea5t gi\u1eef nh\u1eefng v\u1eadt d\u1ee5ng l\u1edbn, trong khi ng\u0103n k\u00e9o g\u1ecdn g\u00e0ng th\u00edch h\u1ee3p cho gi\u1ea5y t\u1edd, s\u1ed5 s\u00e1ch.<\/p>\n<p data-start=\"1761\" data-end=\"2128\">V\u1edbi k\u00edch th\u01b0\u1edbc W1400 x D700 x H760 (mm), b\u00e0n ph\u00f9 h\u1ee3p v\u1edbi nh\u1eefng v\u0103n ph\u00f2ng c\u00f3 di\u1ec7n t\u00edch v\u1eeba v\u00e0 nh\u1ecf. Thi\u1ebft k\u1ebf nh\u1ecf g\u1ecdn nh\u01b0ng \u0111\u1ea7y \u0111\u1ee7 c\u00f4ng n\u0103ng \u0111\u1ea3m b\u1ea3o mang l\u1ea1i s\u1ef1 thu\u1eadn ti\u1ec7n t\u1ed1i \u0111a trong c\u00f4ng vi\u1ec7c. \u0110\u00e2y l\u00e0 l\u1ef1a ch\u1ecdn l\u00fd t\u01b0\u1edfng cho c\u00e1c c\u1ea5p qu\u1ea3n l\u00fd, tr\u01b0\u1edfng ph\u00f2ng ho\u1eb7c l\u00e3nh \u0111\u1ea1o c\u1ea5p trung \u2013 nh\u1eefng ng\u01b0\u1eddi v\u1eeba c\u1ea7n s\u1ef1 g\u1ecdn g\u00e0ng, ti\u1ec7n l\u1ee3i v\u1eeba mu\u1ed1n kh\u1eb3ng \u0111\u1ecbnh phong th\u00e1i chuy\u00ean nghi\u1ec7p.<\/p>\n<p data-start=\"2130\" data-end=\"2442\">K\u1ebft c\u1ea5u b\u00e0n \u0111\u01b0\u1ee3c ch\u1ebf t\u00e1c ch\u1eafc ch\u1eafn, \u0111\u1ea3m b\u1ea3o \u0111\u1ed9 b\u1ec1n v\u00e0 kh\u1ea3 n\u0103ng ch\u1ecbu l\u1ef1c cao. T\u1eebng chi ti\u1ebft \u0111\u1ec1u \u0111\u01b0\u1ee3c gia c\u00f4ng t\u1ec9 m\u1ec9, g\u00f3p ph\u1ea7n n\u00e2ng cao tu\u1ed5i th\u1ecd s\u1ea3n ph\u1ea9m v\u00e0 mang \u0111\u1ebfn s\u1ef1 an t\u00e2m cho ng\u01b0\u1eddi s\u1eed d\u1ee5ng. Ch\u1ea5t li\u1ec7u cao c\u1ea5p k\u1ebft h\u1ee3p c\u00f4ng ngh\u1ec7 s\u01a1n ph\u1ee7 hi\u1ec7n \u0111\u1ea1i gi\u00fap b\u00e0n gi\u1eef \u0111\u01b0\u1ee3c v\u1ebb ngo\u00e0i sang tr\u1ecdng v\u00e0 b\u1ec1n \u0111\u1eb9p theo th\u1eddi gian.<\/p>\n<p data-start=\"2444\" data-end=\"2757\">Ngo\u00e0i y\u1ebfu t\u1ed1 c\u00f4ng n\u0103ng, b\u00e0n gi\u00e1m \u0111\u1ed1c ET1400D c\u00f2n d\u1ec5 d\u00e0ng ph\u1ed1i h\u1ee3p v\u1edbi c\u00e1c d\u00f2ng gh\u1ebf gi\u00e1m \u0111\u1ed1c, gh\u1ebf xoay, t\u1ee7 t\u00e0i li\u1ec7u ho\u1eb7c c\u00e1c s\u1ea3n ph\u1ea9m n\u1ed9i th\u1ea5t \u0111\u1ed3ng b\u1ed9 kh\u00e1c. S\u1ef1 k\u1ebft h\u1ee3p n\u00e0y gi\u00fap t\u1ea1o n\u00ean m\u1ed9t kh\u00f4ng gian l\u00e0m vi\u1ec7c khoa h\u1ecdc, th\u1ea9m m\u1ef9 v\u00e0 \u0111\u1ed3ng nh\u1ea5t, g\u00f3p ph\u1ea7n n\u00e2ng cao h\u00ecnh \u1ea3nh doanh nghi\u1ec7p trong m\u1eaft \u0111\u1ed1i t\u00e1c v\u00e0 nh\u00e2n vi\u00ean.<\/p>\n<p data-start=\"2759\" data-end=\"3064\">B\u00e0n gi\u00e1m \u0111\u1ed1c ET1400D kh\u00f4ng ch\u1ec9 \u0111\u01a1n thu\u1ea7n l\u00e0 m\u1ed9t chi\u1ebfc b\u00e0n l\u00e0m vi\u1ec7c, m\u00e0 c\u00f2n l\u00e0 c\u00f4ng c\u1ee5 h\u1ed7 tr\u1ee3 \u0111\u1eafc l\u1ef1c cho s\u1ef1 th\u00e0nh c\u00f4ng. M\u1ed9t v\u0103n ph\u00f2ng \u0111\u01b0\u1ee3c b\u1ed1 tr\u00ed n\u1ed9i th\u1ea5t h\u1ee3p l\u00fd, trong \u0111\u00f3 c\u00f3 b\u00e0n l\u00e0m vi\u1ec7c ti\u1ec7n nghi v\u00e0 hi\u1ec7n \u0111\u1ea1i, s\u1ebd gi\u00fap ng\u01b0\u1eddi l\u00e3nh \u0111\u1ea1o t\u1eadp trung h\u01a1n v\u00e0o c\u00f4ng vi\u1ec7c, t\u0103ng hi\u1ec7u su\u1ea5t v\u00e0 t\u1ea1o c\u1ea3m h\u1ee9ng s\u00e1ng t\u1ea1o.<\/p>\n<p data-start=\"3066\" data-end=\"3378\">T\u00f3m l\u1ea1i, b\u00e0n gi\u00e1m \u0111\u1ed1c ET1400D h\u1ed9i t\u1ee5 \u0111\u1ea7y \u0111\u1ee7 c\u00e1c y\u1ebfu t\u1ed1: thi\u1ebft k\u1ebf g\u1ecdn g\u00e0ng, c\u00f4ng n\u0103ng linh ho\u1ea1t, ch\u1ea5t l\u01b0\u1ee3ng b\u1ec1n b\u1ec9 v\u00e0 t\u00ednh th\u1ea9m m\u1ef9 cao. \u0110\u00e2y l\u00e0 s\u1ef1 l\u1ef1a ch\u1ecdn \u0111\u00e1ng c\u00e2n nh\u1eafc cho nh\u1eefng ai \u0111ang t\u00ecm ki\u1ebfm m\u1ed9t m\u1eabu b\u00e0n l\u00e3nh \u0111\u1ea1o c\u1ea5p trung v\u1eeba hi\u1ec7n \u0111\u1ea1i, ti\u1ec7n \u00edch v\u1eeba gi\u00fap kh\u1eb3ng \u0111\u1ecbnh phong c\u00e1ch chuy\u00ean nghi\u1ec7p trong c\u00f4ng vi\u1ec7c.<\/p>\n","protected":false},"excerpt":{"rendered":"<p data-start=\"123\" data-end=\"233\"><strong data-start=\"123\" data-end=\"231\">B\u00e0n Gi\u00e1m \u0111\u1ed1c ET1400D \u2013 B\u00e0n l\u00e3nh \u0111\u1ea1o c\u1ea5p trung m\u1eb7t ch\u1eef nh\u1eadt, c\u00f3 ng\u0103n k\u00e9o v\u00e0 h\u1ed9c li\u1ec1n 1 ng\u0103n k\u00e9o 1 c\u00e1nh m\u1edf<\/strong><\/p>\n<p data-start=\"235\" data-end=\"277\"><strong data-start=\"235\" data-end=\"250\">K\u00edch th\u01b0\u1edbc:<\/strong> W1400 x D700 x H760 (mm)<\/p>\n<p data-start=\"279\" data-end=\"592\"><strong data-start=\"279\" data-end=\"291\">Xu\u1ea5t x\u1ee9:<\/strong> S\u1ea3n ph\u1ea9m c\u1ee7a c\u00f4ng ty <strong data-start=\"313\" data-end=\"333\">N\u1ed8I TH\u1ea4T THE ONE<\/strong> \u2013 Ph\u00e2n ph\u1ed1i b\u1edfi <strong data-start=\"350\" data-end=\"386\">C\u00d4NG TY TNHH SXTM TTNT H\u1eeeU TH\u1ecaNH<\/strong><br data-start=\"386\" data-end=\"389\" \/><strong data-start=\"389\" data-end=\"402\">B\u1ea3o h\u00e0nh:<\/strong> 12 th\u00e1ng theo ti\u00eau chu\u1ea9n nh\u00e0 m\u00e1y<br data-start=\"435\" data-end=\"438\" \/><span style=\"color: #ed1c24;\"><em data-start=\"438\" data-end=\"590\">L\u01b0u \u00fd: Gi\u00e1 tr\u00ean ch\u01b0a bao g\u1ed3m VAT v\u00e0 ph\u00ed v\u1eadn chuy\u1ec3n. Gi\u00e1 s\u1ea3n ph\u1ea9m c\u00f3 th\u1ec3 thay \u0111\u1ed5i theo t\u1eebng th\u1eddi \u0111i\u1ec3m, vui l\u00f2ng li\u00ean h\u1ec7 \u0111\u1ec3 nh\u1eadn t\u01b0 v\u1ea5n \u01b0u \u0111\u00e3i t\u1ed1t nh\u1ea5t.<\/em><\/span><\/p>\n","protected":false},"featured_media":3384,"comment_status":"open","ping_status":"closed","template":"","meta":[],"product_brand":[],"product_cat":[17,756],"product_tag":[],"class_list":{"0":"post-3039","1":"product","2":"type-product","3":"status-publish","4":"has-post-thumbnail","6":"product_cat-noi-that-van-phong","7":"product_cat-ban-giam-doc","9":"first","10":"instock","11":"shipping-taxable","12":"purchasable","13":"product-type-simple"},"_links":{"self":[{"href":"https:\/\/noithathuuthinh.vn\/zh-hans\/wp-json\/wp\/v2\/product\/3039","targetHints":{"allow":["GET"]}}],"collection":[{"href":"https:\/\/noithathuuthinh.vn\/zh-hans\/wp-json\/wp\/v2\/product"}],"about":[{"href":"https:\/\/noithathuuthinh.vn\/zh-hans\/wp-json\/wp\/v2\/types\/product"}],"replies":[{"embeddable":true,"href":"https:\/\/noithathuuthinh.vn\/zh-hans\/wp-json\/wp\/v2\/comments?post=3039"}],"wp:featuredmedia":[{"embeddable":true,"href":"https:\/\/noithathuuthinh.vn\/zh-hans\/wp-json\/wp\/v2\/media\/3384"}],"wp:attachment":[{"href":"https:\/\/noithathuuthinh.vn\/zh-hans\/wp-json\/wp\/v2\/media?parent=3039"}],"wp:term":[{"taxonomy":"product_brand","embeddable":true,"href":"https:\/\/noithathuuthinh.vn\/zh-hans\/wp-json\/wp\/v2\/product_brand?post=3039"},{"taxonomy":"product_cat","embeddable":true,"href":"https:\/\/noithathuuthinh.vn\/zh-hans\/wp-json\/wp\/v2\/product_cat?post=3039"},{"taxonomy":"product_tag","embeddable":true,"href":"https:\/\/noithathuuthinh.vn\/zh-hans\/wp-json\/wp\/v2\/product_tag?post=3039"}],"curies":[{"name":"wp","href":"https:\/\/api.w.org\/{rel}","templated":true}]}}