{"id":3050,"date":"2025-09-10T22:39:12","date_gmt":"2025-09-10T15:39:12","guid":{"rendered":"https:\/\/noithathuuthinh.vn\/?post_type=product&#038;p=3050"},"modified":"2025-09-26T15:35:13","modified_gmt":"2025-09-26T08:35:13","slug":"ban-giam-doc-et1600m","status":"publish","type":"product","link":"https:\/\/noithathuuthinh.vn\/zh-hans\/san-pham\/ban-giam-doc-et1600m\/","title":{"rendered":"B\u00e0n Gi\u00e1m \u0111\u1ed1c ET1600M"},"content":{"rendered":"<p data-start=\"690\" data-end=\"1011\">B\u00e0n Gi\u00e1m \u0111\u1ed1c ET1600M l\u00e0 m\u1eabu b\u00e0n l\u00e3nh \u0111\u1ea1o c\u1ea5p trung \u0111\u01b0\u1ee3c thi\u1ebft k\u1ebf v\u1edbi phong c\u00e1ch t\u1ed1i gi\u1ea3n nh\u01b0ng v\u1eabn gi\u1eef \u0111\u01b0\u1ee3c s\u1ef1 sang tr\u1ecdng v\u00e0 chuy\u00ean nghi\u1ec7p. V\u1edbi d\u00e1ng b\u00e0n ch\u1eef nh\u1eadt truy\u1ec1n th\u1ed1ng, s\u1ea3n ph\u1ea9m d\u1ec5 d\u00e0ng b\u1ed1 tr\u00ed trong nhi\u1ec1u kh\u00f4ng gian kh\u00e1c nhau, t\u1eeb v\u0103n ph\u00f2ng l\u00e3nh \u0111\u1ea1o c\u1ea5p trung cho \u0111\u1ebfn c\u00e1c ph\u00f2ng l\u00e0m vi\u1ec7c c\u1ee7a tr\u01b0\u1edfng ph\u00f2ng, qu\u1ea3n l\u00fd.<\/p>\n<p data-start=\"1013\" data-end=\"1384\">\u0110i\u1ec3m n\u1ed5i b\u1eadt c\u1ee7a ET1600M n\u1eb1m \u1edf thi\u1ebft k\u1ebf c\u01a1 b\u1ea3n, linh ho\u1ea1t, kh\u00f4ng \u0111i k\u00e8m h\u1ed9c di \u0111\u1ed9ng 3 ng\u0103n k\u00e9o, k\u1ec7 CPU di \u0111\u1ed9ng v\u00e0 b\u00e0n ph\u00edm. Ch\u00ednh s\u1ef1 t\u1ed1i gi\u1ea3n n\u00e0y mang \u0111\u1ebfn cho ng\u01b0\u1eddi d\u00f9ng nhi\u1ec1u l\u1ef1a ch\u1ecdn, d\u1ec5 d\u00e0ng b\u1ed5 sung ho\u1eb7c k\u1ebft h\u1ee3p c\u00e1c ph\u1ee5 ki\u1ec7n n\u1ed9i th\u1ea5t kh\u00e1c t\u00f9y theo nhu c\u1ea7u s\u1eed d\u1ee5ng th\u1ef1c t\u1ebf. \u0110\u00e2y l\u00e0 \u01b0u \u0111i\u1ec3m \u0111\u1eb7c bi\u1ec7t ph\u00f9 h\u1ee3p v\u1edbi nh\u1eefng v\u0103n ph\u00f2ng c\u1ea7n s\u1eafp x\u1ebfp linh ho\u1ea1t, t\u1ed1i \u01b0u kh\u00f4ng gian.<\/p>\n<p data-start=\"1386\" data-end=\"1687\">K\u00edch th\u01b0\u1edbc ti\u00eau chu\u1ea9n W1600 x D800 x H760 mm mang \u0111\u1ebfn di\u1ec7n t\u00edch m\u1eb7t b\u00e0n r\u1ed9ng r\u00e3i, t\u1ea1o kh\u00f4ng gian tho\u1ea3i m\u00e1i \u0111\u1ec3 b\u1ed1 tr\u00ed m\u00e1y t\u00ednh, t\u00e0i li\u1ec7u v\u00e0 c\u00e1c v\u1eadt d\u1ee5ng v\u0103n ph\u00f2ng c\u1ea7n thi\u1ebft. Thi\u1ebft k\u1ebf c\u00e2n \u0111\u1ed1i gi\u1eefa chi\u1ec1u d\u00e0i, chi\u1ec1u r\u1ed9ng v\u00e0 chi\u1ec1u cao \u0111\u1ea3m b\u1ea3o s\u1ef1 tho\u1ea3i m\u00e1i cho ng\u01b0\u1eddi d\u00f9ng trong qu\u00e1 tr\u00ecnh l\u00e0m vi\u1ec7c l\u00e2u d\u00e0i.<\/p>\n<p data-start=\"1689\" data-end=\"2038\">S\u1ea3n ph\u1ea9m \u0111\u01b0\u1ee3c s\u1ea3n xu\u1ea5t t\u1eeb ch\u1ea5t li\u1ec7u cao c\u1ea5p, b\u1ec1 m\u1eb7t \u0111\u01b0\u1ee3c x\u1eed l\u00fd k\u1ef9 l\u01b0\u1ee1ng v\u1edbi l\u1edbp s\u01a1n ph\u1ee7 b\u1ec1n \u0111\u1eb9p, c\u00f3 kh\u1ea3 n\u0103ng ch\u1ed1ng tr\u1ea7y x\u01b0\u1edbc, ch\u1ed1ng th\u1ea5m n\u01b0\u1edbc v\u00e0 h\u1ea1n ch\u1ebf \u1ea9m m\u1ed1c. \u0110i\u1ec1u n\u00e0y kh\u00f4ng ch\u1ec9 gi\u00fap b\u00e0n gi\u1eef \u0111\u01b0\u1ee3c v\u1ebb ngo\u00e0i sang tr\u1ecdng trong su\u1ed1t th\u1eddi gian s\u1eed d\u1ee5ng m\u00e0 c\u00f2n n\u00e2ng cao tu\u1ed5i th\u1ecd s\u1ea3n ph\u1ea9m, \u0111\u00e1p \u1ee9ng t\u1ed1t cho nhu c\u1ea7u l\u00e0m vi\u1ec7c t\u1ea1i m\u00f4i tr\u01b0\u1eddng c\u00f4ng s\u1edf hi\u1ec7n \u0111\u1ea1i.<\/p>\n<p data-start=\"2040\" data-end=\"2322\">ET1600M c\u0169ng d\u1ec5 d\u00e0ng k\u1ebft h\u1ee3p v\u1edbi c\u00e1c s\u1ea3n ph\u1ea9m n\u1ed9i th\u1ea5t kh\u00e1c nh\u01b0 h\u1ed9c di \u0111\u1ed9ng, k\u1ec7 CPU, b\u00e0n ph\u00edm r\u1eddi, gh\u1ebf gi\u00e1m \u0111\u1ed1c, gh\u1ebf xoay ho\u1eb7c t\u1ee7 t\u00e0i li\u1ec7u. S\u1ef1 k\u1ebft h\u1ee3p n\u00e0y mang \u0111\u1ebfn s\u1ef1 \u0111\u1ed3ng b\u1ed9, ti\u1ec7n nghi v\u00e0 t\u00ednh th\u1ea9m m\u1ef9 cao, \u0111\u1ed3ng th\u1eddi gi\u00fap kh\u00f4ng gian l\u00e0m vi\u1ec7c tr\u1edf n\u00ean khoa h\u1ecdc v\u00e0 chuy\u00ean nghi\u1ec7p h\u01a1n.<\/p>\n<p data-start=\"2324\" data-end=\"2619\">Ngo\u00e0i c\u00f4ng n\u0103ng, b\u00e0n gi\u00e1m \u0111\u1ed1c ET1600M c\u00f2n g\u00f3p ph\u1ea7n th\u1ec3 hi\u1ec7n phong c\u00e1ch l\u00e0m vi\u1ec7c chuy\u00ean nghi\u1ec7p, kh\u1eb3ng \u0111\u1ecbnh v\u1ecb th\u1ebf c\u1ee7a ng\u01b0\u1eddi l\u00e3nh \u0111\u1ea1o trong m\u1eaft nh\u00e2n vi\u00ean v\u00e0 \u0111\u1ed1i t\u00e1c. M\u1ed9t chi\u1ebfc b\u00e0n l\u00e0m vi\u1ec7c g\u1ecdn g\u00e0ng, hi\u1ec7n \u0111\u1ea1i s\u1ebd mang \u0111\u1ebfn ngu\u1ed3n c\u1ea3m h\u1ee9ng t\u00edch c\u1ef1c, h\u1ed7 tr\u1ee3 n\u00e2ng cao hi\u1ec7u su\u1ea5t v\u00e0 ch\u1ea5t l\u01b0\u1ee3ng c\u00f4ng vi\u1ec7c.<\/p>\n<p data-start=\"2621\" data-end=\"2947\">T\u00f3m l\u1ea1i, b\u00e0n gi\u00e1m \u0111\u1ed1c ET1600M l\u00e0 l\u1ef1a ch\u1ecdn l\u00fd t\u01b0\u1edfng cho nh\u1eefng ai t\u00ecm ki\u1ebfm m\u1eabu b\u00e0n l\u00e3nh \u0111\u1ea1o c\u1ea5p trung t\u1ed1i gi\u1ea3n, tinh t\u1ebf v\u00e0 c\u00f3 kh\u1ea3 n\u0103ng t\u00f9y bi\u1ebfn linh ho\u1ea1t. V\u1edbi \u01b0u \u0111i\u1ec3m v\u1ec1 thi\u1ebft k\u1ebf, ch\u1ea5t l\u01b0\u1ee3ng b\u1ec1n b\u1ec9 v\u00e0 t\u00ednh \u1ee9ng d\u1ee5ng cao, \u0111\u00e2y ch\u1eafc ch\u1eafn l\u00e0 s\u1ea3n ph\u1ea9m ph\u00f9 h\u1ee3p \u0111\u1ec3 ho\u00e0n thi\u1ec7n kh\u00f4ng gian v\u0103n ph\u00f2ng hi\u1ec7n \u0111\u1ea1i, ti\u1ec7n nghi v\u00e0 chuy\u00ean nghi\u1ec7p.<\/p>\n","protected":false},"excerpt":{"rendered":"<p data-start=\"123\" data-end=\"254\"><strong data-start=\"123\" data-end=\"252\">B\u00e0n Gi\u00e1m \u0111\u1ed1c ET1600M \u2013 B\u00e0n l\u00e3nh \u0111\u1ea1o c\u1ea5p trung m\u1eb7t ch\u1eef nh\u1eadt (kh\u00f4ng bao g\u1ed3m h\u1ed9c di \u0111\u1ed9ng 3 ng\u0103n k\u00e9o, k\u1ec7 CPU di \u0111\u1ed9ng v\u00e0 b\u00e0n ph\u00edm)<\/strong><\/p>\n<p data-start=\"256\" data-end=\"298\"><strong data-start=\"256\" data-end=\"271\">K\u00edch th\u01b0\u1edbc:<\/strong> W1600 x D800 x H760 (mm)<\/p>\n<p data-start=\"300\" data-end=\"613\"><strong data-start=\"300\" data-end=\"312\">Xu\u1ea5t x\u1ee9:<\/strong> S\u1ea3n ph\u1ea9m c\u1ee7a c\u00f4ng ty <strong data-start=\"334\" data-end=\"354\">N\u1ed8I TH\u1ea4T THE ONE<\/strong> \u2013 Ph\u00e2n ph\u1ed1i b\u1edfi <strong data-start=\"371\" data-end=\"407\">C\u00d4NG TY TNHH SXTM TTNT H\u1eeeU TH\u1ecaNH<\/strong><br data-start=\"407\" data-end=\"410\" \/><strong data-start=\"410\" data-end=\"423\">B\u1ea3o h\u00e0nh:<\/strong> 12 th\u00e1ng theo ti\u00eau chu\u1ea9n nh\u00e0 m\u00e1y<br data-start=\"456\" data-end=\"459\" \/><span style=\"color: #ed1c24;\"><em data-start=\"459\" data-end=\"611\">L\u01b0u \u00fd: Gi\u00e1 tr\u00ean ch\u01b0a bao g\u1ed3m VAT v\u00e0 ph\u00ed v\u1eadn chuy\u1ec3n. Gi\u00e1 s\u1ea3n ph\u1ea9m c\u00f3 th\u1ec3 thay \u0111\u1ed5i theo t\u1eebng th\u1eddi \u0111i\u1ec3m, vui l\u00f2ng li\u00ean h\u1ec7 \u0111\u1ec3 nh\u1eadn t\u01b0 v\u1ea5n \u01b0u \u0111\u00e3i t\u1ed1t nh\u1ea5t.<\/em><\/span><\/p>\n","protected":false},"featured_media":3404,"comment_status":"open","ping_status":"closed","template":"","meta":[],"product_brand":[],"product_cat":[17,756],"product_tag":[],"class_list":{"0":"post-3050","1":"product","2":"type-product","3":"status-publish","4":"has-post-thumbnail","6":"product_cat-noi-that-van-phong","7":"product_cat-ban-giam-doc","9":"first","10":"instock","11":"shipping-taxable","12":"purchasable","13":"product-type-simple"},"_links":{"self":[{"href":"https:\/\/noithathuuthinh.vn\/zh-hans\/wp-json\/wp\/v2\/product\/3050","targetHints":{"allow":["GET"]}}],"collection":[{"href":"https:\/\/noithathuuthinh.vn\/zh-hans\/wp-json\/wp\/v2\/product"}],"about":[{"href":"https:\/\/noithathuuthinh.vn\/zh-hans\/wp-json\/wp\/v2\/types\/product"}],"replies":[{"embeddable":true,"href":"https:\/\/noithathuuthinh.vn\/zh-hans\/wp-json\/wp\/v2\/comments?post=3050"}],"wp:featuredmedia":[{"embeddable":true,"href":"https:\/\/noithathuuthinh.vn\/zh-hans\/wp-json\/wp\/v2\/media\/3404"}],"wp:attachment":[{"href":"https:\/\/noithathuuthinh.vn\/zh-hans\/wp-json\/wp\/v2\/media?parent=3050"}],"wp:term":[{"taxonomy":"product_brand","embeddable":true,"href":"https:\/\/noithathuuthinh.vn\/zh-hans\/wp-json\/wp\/v2\/product_brand?post=3050"},{"taxonomy":"product_cat","embeddable":true,"href":"https:\/\/noithathuuthinh.vn\/zh-hans\/wp-json\/wp\/v2\/product_cat?post=3050"},{"taxonomy":"product_tag","embeddable":true,"href":"https:\/\/noithathuuthinh.vn\/zh-hans\/wp-json\/wp\/v2\/product_tag?post=3050"}],"curies":[{"name":"wp","href":"https:\/\/api.w.org\/{rel}","templated":true}]}}