{"id":3052,"date":"2025-09-10T22:44:17","date_gmt":"2025-09-10T15:44:17","guid":{"rendered":"https:\/\/noithathuuthinh.vn\/?post_type=product&#038;p=3052"},"modified":"2025-09-26T15:41:28","modified_gmt":"2025-09-26T08:41:28","slug":"ban-giam-doc-et1600n","status":"publish","type":"product","link":"https:\/\/noithathuuthinh.vn\/zh-hans\/san-pham\/ban-giam-doc-et1600n\/","title":{"rendered":"B\u00e0n Gi\u00e1m \u0111\u1ed1c ET1600N"},"content":{"rendered":"<p data-start=\"684\" data-end=\"1041\">B\u00e0n Gi\u00e1m \u0111\u1ed1c ET1600N l\u00e0 m\u1ed9t trong nh\u1eefng m\u1eabu b\u00e0n l\u00e3nh \u0111\u1ea1o c\u1ea5p trung \u0111\u01b0\u1ee3c \u01b0a chu\u1ed9ng nh\u1edd thi\u1ebft k\u1ebf hi\u1ec7n \u0111\u1ea1i, sang tr\u1ecdng nh\u01b0ng v\u1eabn gi\u1eef \u0111\u01b0\u1ee3c s\u1ef1 tinh t\u1ebf v\u00e0 trang nh\u00e3. V\u1edbi m\u1eb7t b\u00e0n h\u00ecnh ch\u1eef nh\u1eadt r\u1ed9ng r\u00e3i c\u00f9ng chi ti\u1ebft y\u1ebfm v\u00e0 ch\u00e2n b\u00e0n \u0111\u01b0\u1ee3c \u1ed1p n\u1ed5i trang tr\u00ed, s\u1ea3n ph\u1ea9m kh\u00f4ng ch\u1ec9 \u0111\u00e1p \u1ee9ng nhu c\u1ea7u c\u00f4ng n\u0103ng m\u00e0 c\u00f2n g\u00f3p ph\u1ea7n n\u00e2ng cao t\u00ednh th\u1ea9m m\u1ef9 cho kh\u00f4ng gian l\u00e0m vi\u1ec7c.<\/p>\n<p data-start=\"1043\" data-end=\"1424\">K\u00edch th\u01b0\u1edbc ti\u00eau chu\u1ea9n W1600 x D800 x H760 mm mang \u0111\u1ebfn s\u1ef1 c\u00e2n \u0111\u1ed1i ho\u00e0n h\u1ea3o, t\u1ea1o di\u1ec7n t\u00edch m\u1eb7t b\u00e0n \u0111\u1ee7 r\u1ed9ng \u0111\u1ec3 b\u1ed1 tr\u00ed c\u00e1c thi\u1ebft b\u1ecb l\u00e0m vi\u1ec7c nh\u01b0 m\u00e1y t\u00ednh, h\u1ed3 s\u01a1, t\u00e0i li\u1ec7u v\u00e0 c\u00e1c v\u1eadt d\u1ee5ng v\u0103n ph\u00f2ng c\u1ea7n thi\u1ebft. Thi\u1ebft k\u1ebf h\u00e0i h\u00f2a gi\u1eefa chi\u1ec1u d\u00e0i, chi\u1ec1u r\u1ed9ng v\u00e0 chi\u1ec1u cao \u0111\u1ea3m b\u1ea3o s\u1ef1 tho\u1ea3i m\u00e1i t\u1ed1i \u0111a, gi\u00fap ng\u01b0\u1eddi d\u00f9ng duy tr\u00ec t\u01b0 th\u1ebf ng\u1ed3i chu\u1ea9n, h\u1ea1n ch\u1ebf m\u1ec7t m\u1ecfi trong su\u1ed1t th\u1eddi gian l\u00e0m vi\u1ec7c.<\/p>\n<p data-start=\"1426\" data-end=\"1731\">\u0110i\u1ec3m nh\u1ea5n c\u1ee7a ET1600N n\u1eb1m \u1edf ph\u1ea7n y\u1ebfm v\u00e0 ch\u00e2n b\u00e0n \u0111\u01b0\u1ee3c \u1ed1p n\u1ed5i tinh t\u1ebf, mang l\u1ea1i v\u1ebb ngo\u00e0i kh\u00e1c bi\u1ec7t so v\u1edbi nh\u1eefng m\u1eabu b\u00e0n truy\u1ec1n th\u1ed1ng. Nh\u1eefng chi ti\u1ebft trang tr\u00ed n\u00e0y kh\u00f4ng ch\u1ec9 t\u0103ng th\u00eam s\u1ef1 sang tr\u1ecdng m\u00e0 c\u00f2n gi\u00fap kh\u00f4ng gian v\u0103n ph\u00f2ng th\u00eam ph\u1ea7n chuy\u00ean nghi\u1ec7p, \u0111\u1eb3ng c\u1ea5p, ph\u00f9 h\u1ee3p v\u1edbi vai tr\u00f2 l\u00e3nh \u0111\u1ea1o c\u1ea5p trung.<\/p>\n<p data-start=\"1733\" data-end=\"2031\">S\u1ea3n ph\u1ea9m \u0111\u01b0\u1ee3c s\u1ea3n xu\u1ea5t t\u1eeb ch\u1ea5t li\u1ec7u cao c\u1ea5p, b\u1ec1 m\u1eb7t \u0111\u01b0\u1ee3c x\u1eed l\u00fd k\u1ef9 l\u01b0\u1ee1ng v\u1edbi l\u1edbp s\u01a1n ph\u1ee7 b\u1ec1n m\u00e0u, ch\u1ed1ng tr\u1ea7y x\u01b0\u1edbc v\u00e0 h\u1ea1n ch\u1ebf th\u1ea5m n\u01b0\u1edbc. Nh\u1edd v\u1eady, b\u00e0n lu\u00f4n gi\u1eef \u0111\u01b0\u1ee3c v\u1ebb \u0111\u1eb9p hi\u1ec7n \u0111\u1ea1i, s\u1ea1ch s\u1ebd trong su\u1ed1t qu\u00e1 tr\u00ecnh s\u1eed d\u1ee5ng, \u0111\u1ed3ng th\u1eddi c\u00f3 tu\u1ed5i th\u1ecd cao, \u0111\u00e1p \u1ee9ng t\u1ed1t y\u00eau c\u1ea7u kh\u1eaft khe c\u1ee7a m\u00f4i tr\u01b0\u1eddng c\u00f4ng s\u1edf.<\/p>\n<p data-start=\"2033\" data-end=\"2342\">ET1600N c\u0169ng d\u1ec5 d\u00e0ng k\u1ebft h\u1ee3p v\u1edbi c\u00e1c ph\u1ee5 ki\u1ec7n n\u1ed9i th\u1ea5t kh\u00e1c nh\u01b0 h\u1ed9c di \u0111\u1ed9ng, k\u1ec7 CPU, b\u00e0n ph\u00edm ho\u1eb7c t\u1ee7 t\u00e0i li\u1ec7u, mang \u0111\u1ebfn s\u1ef1 \u0111\u1ed3ng b\u1ed9 v\u00e0 ti\u1ec7n nghi trong qu\u00e1 tr\u00ecnh s\u1eed d\u1ee5ng. \u0110\u1eb7c bi\u1ec7t, khi k\u1ebft h\u1ee3p c\u00f9ng gh\u1ebf gi\u00e1m \u0111\u1ed1c ho\u1eb7c gh\u1ebf xoay cao c\u1ea5p, b\u1ed9 s\u1ea3n ph\u1ea9m s\u1ebd ho\u00e0n thi\u1ec7n kh\u00f4ng gian l\u00e0m vi\u1ec7c v\u1eeba hi\u1ec7n \u0111\u1ea1i v\u1eeba sang tr\u1ecdng.<\/p>\n<p data-start=\"2344\" data-end=\"2641\">B\u00e0n gi\u00e1m \u0111\u1ed1c ET1600N kh\u00f4ng ch\u1ec9 \u0111\u01a1n thu\u1ea7n l\u00e0 n\u01a1i l\u00e0m vi\u1ec7c m\u00e0 c\u00f2n th\u1ec3 hi\u1ec7n phong c\u00e1ch l\u00e3nh \u0111\u1ea1o, gu th\u1ea9m m\u1ef9 v\u00e0 t\u1ea7m nh\u00ecn chuy\u00ean nghi\u1ec7p. M\u1ed9t chi\u1ebfc b\u00e0n \u0111\u01b0\u1ee3c thi\u1ebft k\u1ebf \u0111\u1eb9p m\u1eaft, ch\u1eafc ch\u1eafn v\u00e0 ti\u1ec7n d\u1ee5ng s\u1ebd g\u00f3p ph\u1ea7n t\u1ea1o d\u1ef1ng h\u00ecnh \u1ea3nh uy t\u00edn, \u0111\u1ed3ng th\u1eddi mang \u0111\u1ebfn ngu\u1ed3n c\u1ea3m h\u1ee9ng t\u00edch c\u1ef1c cho m\u1ed7i ng\u00e0y l\u00e0m vi\u1ec7c.<\/p>\n<p data-start=\"2643\" data-end=\"2958\">T\u00f3m l\u1ea1i, B\u00e0n Gi\u00e1m \u0111\u1ed1c ET1600N l\u00e0 l\u1ef1a ch\u1ecdn ho\u00e0n h\u1ea3o cho nh\u1eefng ai t\u00ecm ki\u1ebfm m\u1ed9t m\u1eabu b\u00e0n l\u00e3nh \u0111\u1ea1o c\u1ea5p trung v\u1eeba \u0111\u1eb9p v\u1ec1 h\u00ecnh th\u1ee9c, v\u1eeba b\u1ec1n b\u1ec9 v\u1ec1 ch\u1ea5t l\u01b0\u1ee3ng. V\u1edbi thi\u1ebft k\u1ebf trang tr\u00ed tinh t\u1ebf, kh\u1ea3 n\u0103ng \u1ee9ng d\u1ee5ng linh ho\u1ea1t v\u00e0 \u0111\u1ed9 b\u1ec1n cao, s\u1ea3n ph\u1ea9m ch\u1eafc ch\u1eafn s\u1ebd tr\u1edf th\u00e0nh \u0111i\u1ec3m nh\u1ea5n n\u1ed5i b\u1eadt trong kh\u00f4ng gian v\u0103n ph\u00f2ng hi\u1ec7n \u0111\u1ea1i.<\/p>\n","protected":false},"excerpt":{"rendered":"<p data-start=\"146\" data-end=\"249\"><strong data-start=\"146\" data-end=\"247\">B\u00e0n Gi\u00e1m \u0111\u1ed1c ET1600N \u2013 B\u00e0n l\u00e3nh \u0111\u1ea1o c\u1ea5p trung m\u1eb7t ch\u1eef nh\u1eadt, y\u1ebfm v\u00e0 ch\u00e2n b\u00e0n \u0111\u01b0\u1ee3c \u1ed1p n\u1ed5i trang tr\u00ed<\/strong><\/p>\n<p data-start=\"251\" data-end=\"293\"><strong data-start=\"251\" data-end=\"266\">K\u00edch th\u01b0\u1edbc:<\/strong> W1600 x D800 x H760 (mm)<\/p>\n<p data-start=\"295\" data-end=\"607\"><strong data-start=\"295\" data-end=\"307\">Xu\u1ea5t x\u1ee9:<\/strong> S\u1ea3n ph\u1ea9m c\u1ee7a c\u00f4ng ty <strong data-start=\"329\" data-end=\"349\">N\u1ed8I TH\u1ea4T THE ONE<\/strong> \u2013 Ph\u00e2n ph\u1ed1i b\u1edfi <strong data-start=\"366\" data-end=\"401\">C\u00d4NG TY TNHH SXTM TTNT H\u1eee TH\u1ecaNH<\/strong><br data-start=\"401\" data-end=\"404\" \/><strong data-start=\"404\" data-end=\"417\">B\u1ea3o h\u00e0nh:<\/strong> 12 th\u00e1ng theo ti\u00eau chu\u1ea9n nh\u00e0 m\u00e1y<br data-start=\"450\" data-end=\"453\" \/><span style=\"color: #ed1c24;\"><em data-start=\"453\" data-end=\"605\">L\u01b0u \u00fd: Gi\u00e1 tr\u00ean ch\u01b0a bao g\u1ed3m VAT v\u00e0 ph\u00ed v\u1eadn chuy\u1ec3n. Gi\u00e1 s\u1ea3n ph\u1ea9m c\u00f3 th\u1ec3 thay \u0111\u1ed5i theo t\u1eebng th\u1eddi \u0111i\u1ec3m, vui l\u00f2ng li\u00ean h\u1ec7 \u0111\u1ec3 nh\u1eadn t\u01b0 v\u1ea5n \u01b0u \u0111\u00e3i t\u1ed1t nh\u1ea5t.<\/em><\/span><\/p>\n","protected":false},"featured_media":3408,"comment_status":"open","ping_status":"closed","template":"","meta":[],"product_brand":[],"product_cat":[17,756],"product_tag":[],"class_list":{"0":"post-3052","1":"product","2":"type-product","3":"status-publish","4":"has-post-thumbnail","6":"product_cat-noi-that-van-phong","7":"product_cat-ban-giam-doc","9":"first","10":"instock","11":"shipping-taxable","12":"purchasable","13":"product-type-simple"},"_links":{"self":[{"href":"https:\/\/noithathuuthinh.vn\/zh-hans\/wp-json\/wp\/v2\/product\/3052","targetHints":{"allow":["GET"]}}],"collection":[{"href":"https:\/\/noithathuuthinh.vn\/zh-hans\/wp-json\/wp\/v2\/product"}],"about":[{"href":"https:\/\/noithathuuthinh.vn\/zh-hans\/wp-json\/wp\/v2\/types\/product"}],"replies":[{"embeddable":true,"href":"https:\/\/noithathuuthinh.vn\/zh-hans\/wp-json\/wp\/v2\/comments?post=3052"}],"wp:featuredmedia":[{"embeddable":true,"href":"https:\/\/noithathuuthinh.vn\/zh-hans\/wp-json\/wp\/v2\/media\/3408"}],"wp:attachment":[{"href":"https:\/\/noithathuuthinh.vn\/zh-hans\/wp-json\/wp\/v2\/media?parent=3052"}],"wp:term":[{"taxonomy":"product_brand","embeddable":true,"href":"https:\/\/noithathuuthinh.vn\/zh-hans\/wp-json\/wp\/v2\/product_brand?post=3052"},{"taxonomy":"product_cat","embeddable":true,"href":"https:\/\/noithathuuthinh.vn\/zh-hans\/wp-json\/wp\/v2\/product_cat?post=3052"},{"taxonomy":"product_tag","embeddable":true,"href":"https:\/\/noithathuuthinh.vn\/zh-hans\/wp-json\/wp\/v2\/product_tag?post=3052"}],"curies":[{"name":"wp","href":"https:\/\/api.w.org\/{rel}","templated":true}]}}