{"id":3054,"date":"2025-09-10T22:53:08","date_gmt":"2025-09-10T15:53:08","guid":{"rendered":"https:\/\/noithathuuthinh.vn\/?post_type=product&#038;p=3054"},"modified":"2025-09-26T15:49:19","modified_gmt":"2025-09-26T08:49:19","slug":"ban-giam-doc-et1600t","status":"publish","type":"product","link":"https:\/\/noithathuuthinh.vn\/zh-hans\/san-pham\/ban-giam-doc-et1600t\/","title":{"rendered":"B\u00e0n Gi\u00e1m \u0111\u1ed1c ET1600T"},"content":{"rendered":"<p data-start=\"190\" data-end=\"216\"><strong data-start=\"190\" data-end=\"214\">B\u00e0n Gi\u00e1m \u0111\u1ed1c ET1600T<\/strong><\/p>\n<p data-start=\"218\" data-end=\"644\">Trong kh\u00f4ng gian l\u00e0m vi\u1ec7c c\u1ee7a m\u1ed9t doanh nghi\u1ec7p hi\u1ec7n \u0111\u1ea1i, b\u00e0n gi\u00e1m \u0111\u1ed1c lu\u00f4n gi\u1eef vai tr\u00f2 trung t\u00e2m, kh\u00f4ng ch\u1ec9 \u0111\u01a1n thu\u1ea7n l\u00e0 n\u01a1i l\u00e0m vi\u1ec7c m\u00e0 c\u00f2n th\u1ec3 hi\u1ec7n uy t\u00edn, s\u1ef1 chuy\u00ean nghi\u1ec7p v\u00e0 \u0111\u1eb3ng c\u1ea5p c\u1ee7a ng\u01b0\u1eddi l\u00e3nh \u0111\u1ea1o. N\u1eafm b\u1eaft \u0111\u01b0\u1ee3c nhu c\u1ea7u \u0111\u00f3, s\u1ea3n ph\u1ea9m <strong data-start=\"459\" data-end=\"483\">B\u00e0n Gi\u00e1m \u0111\u1ed1c ET1600T<\/strong> ra \u0111\u1eddi nh\u01b0 m\u1ed9t l\u1ef1a ch\u1ecdn t\u1ed1i \u01b0u, h\u1ed9i t\u1ee5 \u0111\u1ea7y \u0111\u1ee7 y\u1ebfu t\u1ed1 v\u1ec1 c\u00f4ng n\u0103ng, th\u1ea9m m\u1ef9 v\u00e0 ch\u1ea5t l\u01b0\u1ee3ng, ph\u00f9 h\u1ee3p cho nh\u1eefng v\u0103n ph\u00f2ng c\u1ea7n s\u1ef1 sang tr\u1ecdng, g\u1ecdn g\u00e0ng v\u00e0 ti\u1ec7n l\u1ee3i.<\/p>\n<p data-start=\"646\" data-end=\"1158\">\u0110i\u1ec3m n\u1ed5i b\u1eadt \u0111\u1ea7u ti\u00ean c\u1ee7a b\u00e0n ET1600T ch\u00ednh l\u00e0 thi\u1ebft k\u1ebf m\u1eb7t b\u00e0n h\u00ecnh ch\u1eef nh\u1eadt r\u1ed9ng r\u00e3i, gi\u00fap ng\u01b0\u1eddi l\u00e3nh \u0111\u1ea1o tho\u1ea3i m\u00e1i s\u1eafp x\u1ebfp gi\u1ea5y t\u1edd, m\u00e1y t\u00ednh v\u00e0 c\u00e1c v\u1eadt d\u1ee5ng c\u1ea7n thi\u1ebft. B\u00e0n c\u00f3 h\u1ed9c li\u1ec1n t\u00edch h\u1ee3p v\u1edbi <strong data-start=\"846\" data-end=\"873\">1 c\u00e1nh m\u1edf v\u00e0 1 ng\u0103n k\u00e9o<\/strong>, t\u1ea1o n\u00ean kh\u00f4ng gian l\u01b0u tr\u1eef khoa h\u1ecdc, ti\u1ec7n l\u1ee3i cho vi\u1ec7c c\u1ea5t gi\u1eef t\u00e0i li\u1ec7u m\u1eadt, v\u0103n ph\u00f2ng ph\u1ea9m ho\u1eb7c nh\u1eefng v\u1eadt d\u1ee5ng c\u00e1 nh\u00e2n. \u0110\u1eb7c bi\u1ec7t, s\u1ea3n ph\u1ea9m \u0111\u01b0\u1ee3c trang b\u1ecb <strong data-start=\"1029\" data-end=\"1048\">b\u00e0n ph\u00edm \u0111i k\u00e8m<\/strong>, \u0111\u00e1p \u1ee9ng t\u1ed1t nhu c\u1ea7u s\u1eed d\u1ee5ng m\u00e1y t\u00ednh trong c\u00f4ng vi\u1ec7c h\u00e0ng ng\u00e0y m\u00e0 kh\u00f4ng chi\u1ebfm qu\u00e1 nhi\u1ec1u di\u1ec7n t\u00edch m\u1eb7t b\u00e0n.<\/p>\n<p data-start=\"1160\" data-end=\"1616\">V\u1ec1 ch\u1ea5t li\u1ec7u, b\u00e0n ET1600T \u0111\u01b0\u1ee3c s\u1ea3n xu\u1ea5t t\u1eeb g\u1ed7 c\u00f4ng nghi\u1ec7p ch\u1ea5t l\u01b0\u1ee3ng cao, b\u1ec1 m\u1eb7t ph\u1ee7 l\u1edbp s\u01a1n PU hi\u1ec7n \u0111\u1ea1i. C\u00f4ng ngh\u1ec7 s\u01a1n PU kh\u00f4ng ch\u1ec9 gi\u00fap b\u1ec1 m\u1eb7t b\u00e0n lu\u00f4n s\u00e1ng b\u00f3ng, ch\u1ed1ng b\u00e1m b\u1ee5i, d\u1ec5 lau ch\u00f9i m\u00e0 c\u00f2n b\u1ea3o v\u1ec7 g\u1ed7 kh\u1ecfi c\u00e1c t\u00e1c \u0111\u1ed9ng t\u1eeb m\u00f4i tr\u01b0\u1eddng nh\u01b0 \u1ea9m m\u1ed1c, m\u1ed1i m\u1ecdt hay tr\u1ea7y x\u01b0\u1edbc trong qu\u00e1 tr\u00ecnh s\u1eed d\u1ee5ng. \u0110\u00e2y l\u00e0 y\u1ebfu t\u1ed1 gi\u00fap b\u00e0n gi\u1eef \u0111\u01b0\u1ee3c v\u1ebb \u0111\u1eb9p b\u1ec1n b\u1ec9, sang tr\u1ecdng qua nhi\u1ec1u n\u0103m s\u1eed d\u1ee5ng, \u0111\u1ed3ng th\u1eddi th\u1ec3 hi\u1ec7n s\u1ef1 ch\u1ec9n chu trong vi\u1ec7c \u0111\u1ea7u t\u01b0 cho kh\u00f4ng gian l\u00e3nh \u0111\u1ea1o.<\/p>\n<p data-start=\"1618\" data-end=\"1994\">Thi\u1ebft k\u1ebf c\u1ee7a b\u00e0n ET1600T c\u0169ng ch\u00fa tr\u1ecdng \u0111\u1ebfn t\u00ednh ti\u1ec7n d\u1ee5ng v\u00e0 c\u00f4ng th\u00e1i h\u1ecdc. V\u1edbi k\u00edch th\u01b0\u1edbc <strong data-start=\"1710\" data-end=\"1738\">W1600 x D800 x H760 (mm)<\/strong>, s\u1ea3n ph\u1ea9m c\u00f3 t\u1ef7 l\u1ec7 h\u00e0i h\u00f2a, ph\u00f9 h\u1ee3p v\u1edbi v\u00f3c d\u00e1ng ng\u01b0\u1eddi Vi\u1ec7t Nam, t\u1ea1o c\u1ea3m gi\u00e1c tho\u1ea3i m\u00e1i khi ng\u1ed3i l\u00e0m vi\u1ec7c trong th\u1eddi gian d\u00e0i. \u0110\u1ed3ng th\u1eddi, c\u1ea5u tr\u00fac b\u00e0n ch\u1eafc ch\u1eafn, ch\u00e2n b\u00e0n v\u1eefng ch\u00e3i gi\u00fap h\u1ea1n ch\u1ebf rung l\u1eafc, \u0111\u1ea3m b\u1ea3o s\u1ef1 \u1ed5n \u0111\u1ecbnh trong m\u1ecdi ho\u1ea1t \u0111\u1ed9ng h\u00e0ng ng\u00e0y.<\/p>\n<p data-start=\"1996\" data-end=\"2376\">Kh\u00f4ng ch\u1ec9 d\u1eebng l\u1ea1i \u1edf c\u00f4ng n\u0103ng, b\u00e0n ET1600T c\u00f2n mang t\u00ednh th\u1ea9m m\u1ef9 cao. V\u1edbi phong c\u00e1ch thi\u1ebft k\u1ebf hi\u1ec7n \u0111\u1ea1i, \u0111\u01b0\u1eddng n\u00e9t tinh t\u1ebf, m\u00e0u s\u1eafc sang tr\u1ecdng, s\u1ea3n ph\u1ea9m d\u1ec5 d\u00e0ng k\u1ebft h\u1ee3p c\u00f9ng gh\u1ebf gi\u00e1m \u0111\u1ed1c, t\u1ee7 ph\u1ee5 hay t\u1ee7 h\u1ed3 s\u01a1 \u0111\u1ec3 t\u1ea1o n\u00ean m\u1ed9t t\u1ed5ng th\u1ec3 v\u0103n ph\u00f2ng h\u00e0i h\u00f2a. Ch\u00ednh s\u1ef1 ch\u1ec9n chu trong thi\u1ebft k\u1ebf \u0111\u00e3 g\u00f3p ph\u1ea7n kh\u1eb3ng \u0111\u1ecbnh h\u00ecnh \u1ea3nh chuy\u00ean nghi\u1ec7p c\u1ee7a doanh nghi\u1ec7p trong m\u1eaft \u0111\u1ed1i t\u00e1c v\u00e0 nh\u00e2n vi\u00ean.<\/p>\n<p data-start=\"2378\" data-end=\"2741\">M\u1ed9t \u01b0u \u0111i\u1ec3m kh\u00e1c c\u1ee7a b\u00e0n ET1600T l\u00e0 s\u1ef1 linh ho\u1ea1t trong l\u1eafp \u0111\u1eb7t v\u00e0 s\u1eed d\u1ee5ng. H\u1ed9c li\u1ec1n v\u00e0 b\u00e0n ph\u00edm \u0111\u01b0\u1ee3c b\u1ed1 tr\u00ed h\u1ee3p l\u00fd, gi\u00fap t\u1ed1i \u01b0u h\u00f3a di\u1ec7n t\u00edch m\u00e0 v\u1eabn \u0111\u1ea3m b\u1ea3o \u0111\u1ea7y \u0111\u1ee7 c\u00f4ng n\u0103ng. Ngo\u00e0i ra, v\u1edbi c\u1ea5u t\u1ea1o g\u1ecdn g\u00e0ng, b\u00e0n ph\u00f9 h\u1ee3p \u0111\u1ec3 \u0111\u1eb7t trong nhi\u1ec1u kh\u00f4ng gian v\u0103n ph\u00f2ng kh\u00e1c nhau, t\u1eeb ph\u00f2ng l\u00e3nh \u0111\u1ea1o c\u1ea5p trung cho \u0111\u1ebfn ph\u00f2ng qu\u1ea3n l\u00fd ho\u1eb7c kh\u00f4ng gian l\u00e0m vi\u1ec7c c\u00e1 nh\u00e2n cao c\u1ea5p.<\/p>\n<p data-start=\"2743\" data-end=\"3051\">V\u1edbi t\u1ea5t c\u1ea3 nh\u1eefng \u01b0u \u0111i\u1ec3m k\u1ec3 tr\u00ean, <strong data-start=\"2777\" data-end=\"2801\">B\u00e0n Gi\u00e1m \u0111\u1ed1c ET1600T<\/strong> kh\u00f4ng ch\u1ec9 l\u00e0 n\u01a1i l\u00e0m vi\u1ec7c l\u00fd t\u01b0\u1edfng m\u00e0 c\u00f2n l\u00e0 s\u1ef1 kh\u1eb3ng \u0111\u1ecbnh v\u1ecb th\u1ebf v\u00e0 gu th\u1ea9m m\u1ef9 c\u1ee7a ng\u01b0\u1eddi s\u1eed d\u1ee5ng. S\u1ea3n ph\u1ea9m n\u00e0y ch\u1eafc ch\u1eafn s\u1ebd tr\u1edf th\u00e0nh l\u1ef1a ch\u1ecdn \u0111\u00e1ng tin c\u1eady cho c\u00e1c doanh nghi\u1ec7p \u0111ang t\u00ecm ki\u1ebfm gi\u1ea3i ph\u00e1p n\u1ed9i th\u1ea5t v\u0103n ph\u00f2ng v\u1eeba b\u1ec1n \u0111\u1eb9p, v\u1eeba ti\u1ec7n \u00edch.<\/p>\n<p data-start=\"3053\" data-end=\"3247\">H\u00e3y \u0111\u1ec3 b\u00e0n gi\u00e1m \u0111\u1ed1c ET1600T \u0111\u1ed3ng h\u00e0nh c\u00f9ng b\u1ea1n trong h\u00e0nh tr\u00ecnh x\u00e2y d\u1ef1ng kh\u00f4ng gian l\u00e0m vi\u1ec7c hi\u1ec7n \u0111\u1ea1i, n\u00e2ng t\u1ea7m h\u00ecnh \u1ea3nh doanh nghi\u1ec7p v\u00e0 mang l\u1ea1i s\u1ef1 tho\u1ea3i m\u00e1i t\u1ed1i \u0111a trong c\u00f4ng vi\u1ec7c h\u00e0ng ng\u00e0y.<\/p>\n","protected":false},"excerpt":{"rendered":"<p data-start=\"145\" data-end=\"263\"><strong data-start=\"145\" data-end=\"261\">B\u00e0n Gi\u00e1m \u0111\u1ed1c ET1600T \u2013 B\u00e0n l\u00e3nh \u0111\u1ea1o c\u1ea5p trung m\u1eb7t ch\u1eef nh\u1eadt, c\u00f3 h\u1ed9c li\u1ec1n 1 c\u00e1nh m\u1edf, 1 ng\u0103n k\u00e9o v\u00e0 b\u00e0n ph\u00edm \u0111i k\u00e8m<\/strong><\/p>\n<p data-start=\"265\" data-end=\"307\"><strong data-start=\"265\" data-end=\"280\">K\u00edch th\u01b0\u1edbc:<\/strong> W1600 x D800 x H760 (mm)<\/p>\n<p data-start=\"309\" data-end=\"621\"><strong data-start=\"309\" data-end=\"321\">Xu\u1ea5t x\u1ee9:<\/strong> S\u1ea3n ph\u1ea9m c\u1ee7a c\u00f4ng ty <strong data-start=\"343\" data-end=\"363\">N\u1ed8I TH\u1ea4T THE ONE<\/strong> \u2013 Ph\u00e2n ph\u1ed1i b\u1edfi <strong data-start=\"380\" data-end=\"415\">C\u00d4NG TY TNHH SXTM TTNT H\u1eee TH\u1ecaNH<\/strong><br data-start=\"415\" data-end=\"418\" \/><strong data-start=\"418\" data-end=\"431\">B\u1ea3o h\u00e0nh:<\/strong> 12 th\u00e1ng theo ti\u00eau chu\u1ea9n nh\u00e0 m\u00e1y<br data-start=\"464\" data-end=\"467\" \/><span style=\"color: #ed1c24;\"><em data-start=\"467\" data-end=\"619\">L\u01b0u \u00fd: Gi\u00e1 tr\u00ean ch\u01b0a bao g\u1ed3m VAT v\u00e0 ph\u00ed v\u1eadn chuy\u1ec3n. Gi\u00e1 s\u1ea3n ph\u1ea9m c\u00f3 th\u1ec3 thay \u0111\u1ed5i theo t\u1eebng th\u1eddi \u0111i\u1ec3m, vui l\u00f2ng li\u00ean h\u1ec7 \u0111\u1ec3 nh\u1eadn t\u01b0 v\u1ea5n \u01b0u \u0111\u00e3i t\u1ed1t nh\u1ea5t.<\/em><\/span><\/p>\n","protected":false},"featured_media":3412,"comment_status":"open","ping_status":"closed","template":"","meta":[],"product_brand":[],"product_cat":[17,756],"product_tag":[],"class_list":{"0":"post-3054","1":"product","2":"type-product","3":"status-publish","4":"has-post-thumbnail","6":"product_cat-noi-that-van-phong","7":"product_cat-ban-giam-doc","9":"first","10":"instock","11":"shipping-taxable","12":"purchasable","13":"product-type-simple"},"_links":{"self":[{"href":"https:\/\/noithathuuthinh.vn\/zh-hans\/wp-json\/wp\/v2\/product\/3054","targetHints":{"allow":["GET"]}}],"collection":[{"href":"https:\/\/noithathuuthinh.vn\/zh-hans\/wp-json\/wp\/v2\/product"}],"about":[{"href":"https:\/\/noithathuuthinh.vn\/zh-hans\/wp-json\/wp\/v2\/types\/product"}],"replies":[{"embeddable":true,"href":"https:\/\/noithathuuthinh.vn\/zh-hans\/wp-json\/wp\/v2\/comments?post=3054"}],"wp:featuredmedia":[{"embeddable":true,"href":"https:\/\/noithathuuthinh.vn\/zh-hans\/wp-json\/wp\/v2\/media\/3412"}],"wp:attachment":[{"href":"https:\/\/noithathuuthinh.vn\/zh-hans\/wp-json\/wp\/v2\/media?parent=3054"}],"wp:term":[{"taxonomy":"product_brand","embeddable":true,"href":"https:\/\/noithathuuthinh.vn\/zh-hans\/wp-json\/wp\/v2\/product_brand?post=3054"},{"taxonomy":"product_cat","embeddable":true,"href":"https:\/\/noithathuuthinh.vn\/zh-hans\/wp-json\/wp\/v2\/product_cat?post=3054"},{"taxonomy":"product_tag","embeddable":true,"href":"https:\/\/noithathuuthinh.vn\/zh-hans\/wp-json\/wp\/v2\/product_tag?post=3054"}],"curies":[{"name":"wp","href":"https:\/\/api.w.org\/{rel}","templated":true}]}}