{"id":3059,"date":"2025-09-10T23:17:14","date_gmt":"2025-09-10T16:17:14","guid":{"rendered":"https:\/\/noithathuuthinh.vn\/?post_type=product&#038;p=3059"},"modified":"2025-09-26T17:12:57","modified_gmt":"2025-09-26T10:12:57","slug":"ban-giam-doc-et1600k","status":"publish","type":"product","link":"https:\/\/noithathuuthinh.vn\/zh-hans\/san-pham\/ban-giam-doc-et1600k\/","title":{"rendered":"B\u00e0n Gi\u00e1m \u0111\u1ed1c ET1600K"},"content":{"rendered":"<p data-start=\"659\" data-end=\"1001\"><strong data-start=\"659\" data-end=\"683\">B\u00e0n Gi\u00e1m \u0111\u1ed1c ET1600K<\/strong> l\u00e0 l\u1ef1a ch\u1ecdn ho\u00e0n h\u1ea3o d\u00e0nh cho c\u00e1c v\u1ecb l\u00e3nh \u0111\u1ea1o, qu\u1ea3n l\u00fd trong m\u00f4i tr\u01b0\u1eddng c\u00f4ng s\u1edf hi\u1ec7n \u0111\u1ea1i. V\u1edbi thi\u1ebft k\u1ebf sang tr\u1ecdng, ch\u1ea5t li\u1ec7u b\u1ec1n b\u1ec9 c\u00f9ng nh\u1eefng chi ti\u1ebft ti\u1ec7n \u00edch \u0111\u01b0\u1ee3c b\u1ed1 tr\u00ed khoa h\u1ecdc, s\u1ea3n ph\u1ea9m kh\u00f4ng ch\u1ec9 mang l\u1ea1i s\u1ef1 tho\u1ea3i m\u00e1i khi s\u1eed d\u1ee5ng m\u00e0 c\u00f2n g\u00f3p ph\u1ea7n kh\u1eb3ng \u0111\u1ecbnh v\u1ecb th\u1ebf, phong th\u00e1i chuy\u00ean nghi\u1ec7p c\u1ee7a ng\u01b0\u1eddi l\u00e3nh \u0111\u1ea1o.<\/p>\n<p data-start=\"1003\" data-end=\"1477\">Trong kh\u00f4ng gian v\u0103n ph\u00f2ng, b\u00e0n gi\u00e1m \u0111\u1ed1c lu\u00f4n l\u00e0 t\u00e2m \u0111i\u1ec3m th\u1ec3 hi\u1ec7n gu th\u1ea9m m\u1ef9 v\u00e0 phong c\u00e1ch qu\u1ea3n l\u00fd c\u1ee7a ch\u1ee7 nh\u00e2n. M\u1eabu b\u00e0n ET1600K s\u1edf h\u1eefu ki\u1ec3u d\u00e1ng m\u1eb7t ch\u1eef nh\u1eadt truy\u1ec1n th\u1ed1ng, \u0111\u01b0\u1ee3c thi\u1ebft k\u1ebf c\u00e2n \u0111\u1ed1i, kh\u1ecfe kho\u1eafn nh\u01b0ng kh\u00f4ng k\u00e9m ph\u1ea7n tinh t\u1ebf nh\u1edd nh\u1eefng \u0111\u01b0\u1eddng n\u00e9t s\u1eafc s\u1ea3o v\u00e0 chi ti\u1ebft ho\u00e0n thi\u1ec7n t\u1ec9 m\u1ec9. \u0110i\u1ec3m nh\u1ea5n \u0111\u1eb7c bi\u1ec7t n\u1eb1m \u1edf ph\u1ea7n m\u1eb7t b\u00e0n \u0111\u01b0\u1ee3c \u1ed1p da sang tr\u1ecdng, t\u1ea1o s\u1ef1 kh\u00e1c bi\u1ec7t r\u00f5 r\u1ec7t so v\u1edbi c\u00e1c d\u00f2ng b\u00e0n th\u00f4ng th\u01b0\u1eddng, \u0111\u1ed3ng th\u1eddi gi\u00fap kh\u00f4ng gian tr\u1edf n\u00ean n\u1ed5i b\u1eadt v\u00e0 \u0111\u1eb3ng c\u1ea5p h\u01a1n.<\/p>\n<p data-start=\"1479\" data-end=\"1903\">V\u1ec1 ch\u1ea5t li\u1ec7u, b\u00e0n \u0111\u01b0\u1ee3c s\u01a1n ph\u1ee7 cao c\u1ea5p, mang \u0111\u1ebfn \u0111\u1ed9 b\u1ec1n \u0111\u1eb9p l\u00e2u d\u00e0i, h\u1ea1n ch\u1ebf tr\u1ea7y x\u01b0\u1edbc v\u00e0 d\u1ec5 d\u00e0ng v\u1ec7 sinh trong qu\u00e1 tr\u00ecnh s\u1eed d\u1ee5ng. M\u1eb7t b\u00e0n \u1ed1p da kh\u00f4ng ch\u1ec9 t\u0103ng t\u00ednh th\u1ea9m m\u1ef9 m\u00e0 c\u00f2n t\u1ea1o c\u1ea3m gi\u00e1c \u00eam \u00e1i, tho\u1ea3i m\u00e1i khi \u0111\u1eb7t tay l\u00e0m vi\u1ec7c. B\u00ean c\u1ea1nh \u0111\u00f3, gam m\u00e0u trang nh\u00e3 c\u1ee7a s\u1ea3n ph\u1ea9m ph\u00f9 h\u1ee3p v\u1edbi nhi\u1ec1u phong c\u00e1ch n\u1ed9i th\u1ea5t kh\u00e1c nhau, t\u1eeb hi\u1ec7n \u0111\u1ea1i cho \u0111\u1ebfn truy\u1ec1n th\u1ed1ng, g\u00f3p ph\u1ea7n l\u00e0m n\u1ed5i b\u1eadt s\u1ef1 sang tr\u1ecdng cho ph\u00f2ng l\u00e0m vi\u1ec7c l\u00e3nh \u0111\u1ea1o.<\/p>\n<p data-start=\"1905\" data-end=\"2429\">M\u1ed9t trong nh\u1eefng \u0111i\u1ec3m c\u1ed9ng l\u1edbn c\u1ee7a b\u00e0n Gi\u00e1m \u0111\u1ed1c ET1600K ch\u00ednh l\u00e0 t\u00ednh ti\u1ec7n \u00edch. B\u00e0n \u0111\u01b0\u1ee3c b\u1ed1 tr\u00ed h\u1ed9c li\u1ec1n \u1edf ph\u00eda b\u00ean ph\u1ea3i v\u1edbi 3 ng\u0103n k\u00e9o r\u1ed9ng r\u00e3i, gi\u00fap ng\u01b0\u1eddi d\u00f9ng d\u1ec5 d\u00e0ng s\u1eafp x\u1ebfp v\u00e0 l\u01b0u tr\u1eef t\u00e0i li\u1ec7u, h\u1ed3 s\u01a1 hay c\u00e1c v\u1eadt d\u1ee5ng c\u00e1 nh\u00e2n quan tr\u1ecdng. C\u00e1ch b\u1ed1 tr\u00ed khoa h\u1ecdc n\u00e0y kh\u00f4ng ch\u1ec9 h\u1ed7 tr\u1ee3 t\u1ed1i \u01b0u trong c\u00f4ng vi\u1ec7c h\u1eb1ng ng\u00e0y m\u00e0 c\u00f2n gi\u00fap kh\u00f4ng gian l\u00e0m vi\u1ec7c lu\u00f4n g\u1ecdn g\u00e0ng, ng\u0103n n\u1eafp. Ngo\u00e0i ra, m\u1eb7c d\u00f9 s\u1ea3n ph\u1ea9m kh\u00f4ng \u0111i k\u00e8m b\u00e0n ph\u00edm, kh\u00e1ch h\u00e0ng ho\u00e0n to\u00e0n c\u00f3 th\u1ec3 k\u1ebft h\u1ee3p v\u1edbi c\u00e1c ph\u1ee5 ki\u1ec7n v\u0103n ph\u00f2ng kh\u00e1c \u0111\u1ec3 n\u00e2ng cao tr\u1ea3i nghi\u1ec7m s\u1eed d\u1ee5ng.<\/p>\n<p data-start=\"2431\" data-end=\"2739\">V\u1edbi k\u00edch th\u01b0\u1edbc W1600 x D800 x H760 (mm), b\u00e0n ET1600K v\u1eeba v\u1eb7n cho nh\u1eefng kh\u00f4ng gian ph\u00f2ng gi\u00e1m \u0111\u1ed1c c\u00f3 di\u1ec7n t\u00edch v\u1eeba v\u00e0 l\u1edbn. K\u00edch th\u01b0\u1edbc n\u00e0y \u0111\u1ea3m b\u1ea3o \u0111\u1ee7 r\u1ed9ng r\u00e3i \u0111\u1ec3 s\u1eafp x\u1ebfp m\u00e1y t\u00ednh, t\u00e0i li\u1ec7u, \u0111i\u1ec7n tho\u1ea1i v\u00e0 c\u00e1c v\u1eadt d\u1ee5ng c\u1ea7n thi\u1ebft, \u0111\u1ed3ng th\u1eddi v\u1eabn gi\u1eef \u0111\u01b0\u1ee3c s\u1ef1 tho\u00e1ng \u0111\u00e3ng, chuy\u00ean nghi\u1ec7p trong kh\u00f4ng gian v\u0103n ph\u00f2ng.<\/p>\n<p data-start=\"2741\" data-end=\"3149\">S\u1eed d\u1ee5ng b\u00e0n Gi\u00e1m \u0111\u1ed1c ET1600K mang l\u1ea1i nhi\u1ec1u l\u1ee3i \u00edch thi\u1ebft th\u1ef1c. Kh\u00f4ng ch\u1ec9 d\u1eebng l\u1ea1i \u1edf c\u00f4ng n\u0103ng l\u00e0m vi\u1ec7c, s\u1ea3n ph\u1ea9m c\u00f2n g\u00f3p ph\u1ea7n n\u00e2ng t\u1ea7m h\u00ecnh \u1ea3nh ng\u01b0\u1eddi l\u00e3nh \u0111\u1ea1o, th\u1ec3 hi\u1ec7n s\u1ef1 \u0111\u1eb3ng c\u1ea5p v\u00e0 phong th\u00e1i quy\u1ebft \u0111o\u00e1n. M\u1ed9t chi\u1ebfc b\u00e0n \u0111\u01b0\u1ee3c thi\u1ebft k\u1ebf t\u1ec9 m\u1ec9, ch\u1eafc ch\u1eafn v\u00e0 sang tr\u1ecdng s\u1ebd gi\u00fap gia t\u0103ng s\u1ef1 t\u1ef1 tin, t\u1ea1o c\u1ea3m h\u1ee9ng l\u00e0m vi\u1ec7c c\u0169ng nh\u01b0 g\u00e2y \u1ea5n t\u01b0\u1ee3ng m\u1ea1nh m\u1ebd v\u1edbi \u0111\u1ed1i t\u00e1c, kh\u00e1ch h\u00e0ng trong nh\u1eefng cu\u1ed9c g\u1eb7p g\u1ee1 quan tr\u1ecdng.<\/p>\n<p data-start=\"3151\" data-end=\"3480\">B\u00ean c\u1ea1nh \u0111\u00f3, s\u1ea3n ph\u1ea9m c\u00f2n \u0111\u01b0\u1ee3c \u0111\u00e1nh gi\u00e1 cao nh\u1edd \u0111\u1ed9 b\u1ec1n v\u00e0 kh\u1ea3 n\u0103ng s\u1eed d\u1ee5ng l\u00e2u d\u00e0i. V\u1edbi l\u1edbp s\u01a1n ch\u1ea5t l\u01b0\u1ee3ng v\u00e0 m\u1eb7t da \u1ed1p cao c\u1ea5p, b\u00e0n gi\u1eef \u0111\u01b0\u1ee3c v\u1ebb \u0111\u1eb9p sang tr\u1ecdng theo th\u1eddi gian, h\u1ea1n ch\u1ebf h\u01b0 h\u1ecfng v\u00e0 ti\u1ebft ki\u1ec7m chi ph\u00ed \u0111\u1ea7u t\u01b0. \u0110\u00e2y ch\u00ednh l\u00e0 gi\u00e1 tr\u1ecb thi\u1ebft th\u1ef1c m\u00e0 nhi\u1ec1u doanh nghi\u1ec7p v\u00e0 c\u00e1 nh\u00e2n t\u00ecm ki\u1ebfm khi l\u1ef1a ch\u1ecdn n\u1ed9i th\u1ea5t v\u0103n ph\u00f2ng.<\/p>\n<p data-start=\"3482\" data-end=\"3949\">T\u00f3m l\u1ea1i, <strong data-start=\"3491\" data-end=\"3515\">B\u00e0n Gi\u00e1m \u0111\u1ed1c ET1600K<\/strong> kh\u00f4ng ch\u1ec9 l\u00e0 m\u1ed9t s\u1ea3n ph\u1ea9m n\u1ed9i th\u1ea5t \u0111\u01a1n thu\u1ea7n m\u00e0 c\u00f2n l\u00e0 s\u1ef1 kh\u1eb3ng \u0111\u1ecbnh \u0111\u1eb3ng c\u1ea5p v\u00e0 gu th\u1ea9m m\u1ef9 tinh t\u1ebf c\u1ee7a ng\u01b0\u1eddi l\u00e3nh \u0111\u1ea1o. V\u1edbi thi\u1ebft k\u1ebf sang tr\u1ecdng, ch\u1ea5t li\u1ec7u b\u1ec1n \u0111\u1eb9p, c\u00f4ng n\u0103ng ti\u1ec7n \u00edch v\u00e0 s\u1ef1 ph\u00f9 h\u1ee3p v\u1edbi nhi\u1ec1u kh\u00f4ng gian v\u0103n ph\u00f2ng, \u0111\u00e2y ch\u1eafc ch\u1eafn l\u00e0 s\u1ef1 l\u1ef1a ch\u1ecdn th\u00f4ng minh, x\u1ee9ng \u0111\u00e1ng \u0111\u1ec3 \u0111\u1ea7u t\u01b0. M\u1ed9t chi\u1ebfc b\u00e0n t\u1ed1t s\u1ebd kh\u00f4ng ch\u1ec9 h\u1ed7 tr\u1ee3 c\u00f4ng vi\u1ec7c hi\u1ec7u qu\u1ea3 m\u00e0 c\u00f2n g\u00f3p ph\u1ea7n t\u1ea1o d\u1ef1ng h\u00ecnh \u1ea3nh chuy\u00ean nghi\u1ec7p, n\u00e2ng cao uy t\u00edn cho ng\u01b0\u1eddi s\u1eed d\u1ee5ng.<\/p>\n","protected":false},"excerpt":{"rendered":"<p data-start=\"134\" data-end=\"260\"><strong data-start=\"134\" data-end=\"158\">B\u00e0n Gi\u00e1m \u0111\u1ed1c ET1600K<\/strong> \u2013 B\u00e0n l\u00e3nh \u0111\u1ea1o s\u01a1n, m\u1eb7t ch\u1eef nh\u1eadt c\u00f3 \u1ed1p da, b\u00ean ph\u1ea3i c\u00f3 h\u1ed9c li\u1ec1n 3 ng\u0103n k\u00e9o (gi\u00e1 ch\u01b0a g\u1ed3m b\u00e0n ph\u00edm).<\/p>\n<p data-start=\"262\" data-end=\"300\">K\u00edch th\u01b0\u1edbc: W1600 x D800 x H760 (mm)<\/p>\n<p data-start=\"302\" data-end=\"599\">Xu\u1ea5t x\u1ee9: S\u1ea3n ph\u1ea9m c\u1ee7a c\u00f4ng ty N\u1ed8I TH\u1ea4T THE ONE \u2013 Ph\u00e2n ph\u1ed1i b\u1edfi C\u00d4NG TY TNHH SXTM TTNT H\u1eeeU TH\u1ecaNH<br data-start=\"397\" data-end=\"400\" \/>B\u1ea3o h\u00e0nh: 12 th\u00e1ng theo ti\u00eau chu\u1ea9n nh\u00e0 m\u00e1y<br data-start=\"442\" data-end=\"445\" \/><span style=\"color: #ed1c24;\"><em data-start=\"445\" data-end=\"597\">L\u01b0u \u00fd: Gi\u00e1 tr\u00ean ch\u01b0a bao g\u1ed3m VAT v\u00e0 ph\u00ed v\u1eadn chuy\u1ec3n. Gi\u00e1 s\u1ea3n ph\u1ea9m c\u00f3 th\u1ec3 thay \u0111\u1ed5i theo t\u1eebng th\u1eddi \u0111i\u1ec3m, vui l\u00f2ng li\u00ean h\u1ec7 \u0111\u1ec3 nh\u1eadn t\u01b0 v\u1ea5n \u01b0u \u0111\u00e3i t\u1ed1t nh\u1ea5t.<\/em><\/span><\/p>\n","protected":false},"featured_media":3420,"comment_status":"open","ping_status":"closed","template":"","meta":[],"product_brand":[],"product_cat":[17,756],"product_tag":[],"class_list":{"0":"post-3059","1":"product","2":"type-product","3":"status-publish","4":"has-post-thumbnail","6":"product_cat-noi-that-van-phong","7":"product_cat-ban-giam-doc","9":"first","10":"instock","11":"shipping-taxable","12":"purchasable","13":"product-type-simple"},"_links":{"self":[{"href":"https:\/\/noithathuuthinh.vn\/zh-hans\/wp-json\/wp\/v2\/product\/3059","targetHints":{"allow":["GET"]}}],"collection":[{"href":"https:\/\/noithathuuthinh.vn\/zh-hans\/wp-json\/wp\/v2\/product"}],"about":[{"href":"https:\/\/noithathuuthinh.vn\/zh-hans\/wp-json\/wp\/v2\/types\/product"}],"replies":[{"embeddable":true,"href":"https:\/\/noithathuuthinh.vn\/zh-hans\/wp-json\/wp\/v2\/comments?post=3059"}],"wp:featuredmedia":[{"embeddable":true,"href":"https:\/\/noithathuuthinh.vn\/zh-hans\/wp-json\/wp\/v2\/media\/3420"}],"wp:attachment":[{"href":"https:\/\/noithathuuthinh.vn\/zh-hans\/wp-json\/wp\/v2\/media?parent=3059"}],"wp:term":[{"taxonomy":"product_brand","embeddable":true,"href":"https:\/\/noithathuuthinh.vn\/zh-hans\/wp-json\/wp\/v2\/product_brand?post=3059"},{"taxonomy":"product_cat","embeddable":true,"href":"https:\/\/noithathuuthinh.vn\/zh-hans\/wp-json\/wp\/v2\/product_cat?post=3059"},{"taxonomy":"product_tag","embeddable":true,"href":"https:\/\/noithathuuthinh.vn\/zh-hans\/wp-json\/wp\/v2\/product_tag?post=3059"}],"curies":[{"name":"wp","href":"https:\/\/api.w.org\/{rel}","templated":true}]}}