{"id":3646,"date":"2025-10-21T09:23:50","date_gmt":"2025-10-21T02:23:50","guid":{"rendered":"https:\/\/noithathuuthinh.vn\/?post_type=product&#038;p=3646"},"modified":"2025-10-21T09:23:50","modified_gmt":"2025-10-21T02:23:50","slug":"ban-lam-viec-chan-sat-hu12sc2","status":"publish","type":"product","link":"https:\/\/noithathuuthinh.vn\/zh-hans\/san-pham\/ban-lam-viec-chan-sat-hu12sc2\/","title":{"rendered":"B\u00e0n l\u00e0m vi\u1ec7c ch\u00e2n s\u1eaft HU12SC2"},"content":{"rendered":"<p data-start=\"797\" data-end=\"1122\">B\u00e0n l\u00e0m vi\u1ec7c ch\u00e2n s\u1eaft HU12SC2 l\u00e0 l\u1ef1a ch\u1ecdn t\u1ed1i \u01b0u d\u00e0nh cho kh\u00f4ng gian l\u00e0m vi\u1ec7c hi\u1ec7n \u0111\u1ea1i, h\u01b0\u1edbng \u0111\u1ebfn s\u1ef1 ti\u1ec7n nghi, b\u1ec1n b\u1ec9 v\u00e0 t\u00ednh th\u1ea9m m\u1ef9 cao. V\u1edbi thi\u1ebft k\u1ebf g\u1ecdn g\u00e0ng, ch\u1eafc ch\u1eafn v\u00e0 tinh t\u1ebf, s\u1ea3n ph\u1ea9m kh\u00f4ng ch\u1ec9 \u0111\u00e1p \u1ee9ng nhu c\u1ea7u s\u1eed d\u1ee5ng h\u00e0ng ng\u00e0y m\u00e0 c\u00f2n g\u00f3p ph\u1ea7n n\u00e2ng t\u1ea7m di\u1ec7n m\u1ea1o cho v\u0103n ph\u00f2ng, c\u01a1 quan ho\u1eb7c ph\u00f2ng l\u00e0m vi\u1ec7c t\u1ea1i nh\u00e0.<\/p>\n<p data-start=\"1124\" data-end=\"1541\">M\u1eb7t b\u00e0n \u0111\u01b0\u1ee3c l\u00e0m t\u1eeb g\u1ed7 c\u00f4ng nghi\u1ec7p ph\u1ee7 Melamine ho\u1eb7c Laminate \u2013 hai lo\u1ea1i v\u1eadt li\u1ec7u cao c\u1ea5p th\u01b0\u1eddng \u0111\u01b0\u1ee3c s\u1eed d\u1ee5ng trong s\u1ea3n xu\u1ea5t n\u1ed9i th\u1ea5t v\u0103n ph\u00f2ng. B\u1ec1 m\u1eb7t c\u00f3 kh\u1ea3 n\u0103ng ch\u1ed1ng tr\u1ea7y x\u01b0\u1edbc, ch\u1ed1ng th\u1ea5m n\u01b0\u1edbc v\u00e0 ch\u1ecbu nhi\u1ec7t t\u1ed1t, \u0111\u1ea3m b\u1ea3o \u0111\u1ed9 b\u1ec1n \u0111\u1eb9p l\u00e2u d\u00e0i ngay c\u1ea3 khi s\u1eed d\u1ee5ng trong m\u00f4i tr\u01b0\u1eddng l\u00e0m vi\u1ec7c li\u00ean t\u1ee5c. M\u00e0u s\u1eafc t\u1ef1 nhi\u00ean, trang nh\u00e3 gi\u00fap kh\u00f4ng gian tr\u1edf n\u00ean hi\u1ec7n \u0111\u1ea1i, h\u00e0i h\u00f2a v\u00e0 d\u1ec5 ph\u1ed1i h\u1ee3p v\u1edbi c\u00e1c v\u1eadt d\u1ee5ng n\u1ed9i th\u1ea5t kh\u00e1c.<\/p>\n<p data-start=\"1543\" data-end=\"1924\">Khung ch\u00e2n b\u00e0n HU12SC2 \u0111\u01b0\u1ee3c l\u00e0m t\u1eeb th\u00e9p s\u01a1n t\u0129nh \u0111i\u1ec7n, mang \u0111\u1ebfn \u0111\u1ed9 v\u1eefng ch\u1eafc v\u00e0 kh\u1ea3 n\u0103ng ch\u1ecbu t\u1ea3i v\u01b0\u1ee3t tr\u1ed9i. L\u1edbp s\u01a1n t\u0129nh \u0111i\u1ec7n kh\u00f4ng ch\u1ec9 gi\u00fap t\u0103ng \u0111\u1ed9 b\u1ec1n cho khung m\u00e0 c\u00f2n ch\u1ed1ng han g\u1ec9, tr\u1ea7y x\u01b0\u1edbc v\u00e0 gi\u1eef \u0111\u01b0\u1ee3c \u0111\u1ed9 m\u1edbi qua th\u1eddi gian d\u00e0i s\u1eed d\u1ee5ng. C\u1ea5u tr\u00fac ch\u00e2n b\u00e0n thi\u1ebft k\u1ebf khoa h\u1ecdc, c\u00e2n \u0111\u1ed1i gi\u00fap b\u00e0n lu\u00f4n \u0111\u1ee9ng v\u1eefng, kh\u00f4ng b\u1ecb rung l\u1eafc khi g\u00f5 b\u00e0n ph\u00edm, vi\u1ebft l\u00e1ch ho\u1eb7c thao t\u00e1c m\u00e1y t\u00ednh.<\/p>\n<p data-start=\"1926\" data-end=\"2344\">B\u00e0n HU12SC2 c\u00f3 ki\u1ec3u d\u00e1ng thanh tho\u00e1t v\u1edbi c\u00e1c \u0111\u01b0\u1eddng n\u00e9t t\u1ed1i gi\u1ea3n, ph\u00f9 h\u1ee3p v\u1edbi xu h\u01b0\u1edbng n\u1ed9i th\u1ea5t hi\u1ec7n nay. S\u1ea3n ph\u1ea9m \u0111\u01b0\u1ee3c thi\u1ebft k\u1ebf v\u1edbi hai l\u1ef1a ch\u1ecdn k\u00edch th\u01b0\u1edbc: HU12SC2 (W1200 x D600 x H750 mm) v\u00e0 HU12C2 (W1200 x D700 x H750 mm), \u0111\u00e1p \u1ee9ng \u0111a d\u1ea1ng nhu c\u1ea7u v\u00e0 kh\u00f4ng gian s\u1eed d\u1ee5ng. D\u00f9 \u0111\u01b0\u1ee3c b\u1ed1 tr\u00ed \u1edf v\u0103n ph\u00f2ng c\u00f4ng ty, ph\u00f2ng ban hay g\u00f3c l\u00e0m vi\u1ec7c t\u1ea1i nh\u00e0, b\u00e0n v\u1eabn lu\u00f4n mang \u0111\u1ebfn s\u1ef1 ti\u1ec7n l\u1ee3i v\u00e0 c\u1ea3m gi\u00e1c tho\u1ea3i m\u00e1i cho ng\u01b0\u1eddi d\u00f9ng.<\/p>\n<p data-start=\"2346\" data-end=\"2749\">M\u1ed9t \u0111i\u1ec3m c\u1ed9ng \u0111\u00e1ng ch\u00fa \u00fd c\u1ee7a b\u00e0n l\u00e0m vi\u1ec7c ch\u00e2n s\u1eaft HU12SC2 l\u00e0 t\u00ednh \u1ee9ng d\u1ee5ng linh ho\u1ea1t. V\u1edbi thi\u1ebft k\u1ebf m\u1eb7t ph\u1eb3ng r\u1ed9ng r\u00e3i, ng\u01b0\u1eddi d\u00f9ng c\u00f3 th\u1ec3 d\u1ec5 d\u00e0ng b\u1ed1 tr\u00ed m\u00e1y t\u00ednh, t\u00e0i li\u1ec7u, v\u1eadt d\u1ee5ng v\u0103n ph\u00f2ng ho\u1eb7c c\u00e1c thi\u1ebft b\u1ecb \u0111i\u1ec7n t\u1eed kh\u00e1c m\u00e0 v\u1eabn \u0111\u1ea3m b\u1ea3o g\u1ecdn g\u00e0ng, khoa h\u1ecdc. Ngo\u00e0i ra, ph\u1ea7n khung ch\u00e2n c\u00f3 kho\u1ea3ng tr\u1ed1ng r\u1ed9ng gi\u00fap t\u1ea1o kh\u00f4ng gian \u0111\u1ec3 ch\u00e2n tho\u1ea3i m\u00e1i, h\u1ed7 tr\u1ee3 t\u01b0 th\u1ebf ng\u1ed3i \u0111\u00fang chu\u1ea9n, gi\u1ea3m m\u1ecfi khi l\u00e0m vi\u1ec7c l\u00e2u.<\/p>\n<p data-start=\"2751\" data-end=\"3019\">B\u00e0n HU12SC2 c\u00f2n c\u00f3 th\u1ec3 k\u1ebft h\u1ee3p v\u1edbi c\u00e1c d\u00f2ng gh\u1ebf xoay, gh\u1ebf l\u01b0\u1edbi ho\u1eb7c t\u1ee7 ph\u1ee5, t\u1ea1o th\u00e0nh b\u1ed9 n\u1ed9i th\u1ea5t \u0111\u1ed3ng b\u1ed9, chuy\u00ean nghi\u1ec7p v\u00e0 th\u1ea9m m\u1ef9. Nh\u1edd thi\u1ebft k\u1ebf \u0111\u01a1n gi\u1ea3n m\u00e0 tinh t\u1ebf, b\u00e0n ph\u00f9 h\u1ee3p v\u1edbi nhi\u1ec1u phong c\u00e1ch v\u0103n ph\u00f2ng kh\u00e1c nhau \u2013 t\u1eeb hi\u1ec7n \u0111\u1ea1i, t\u1ed1i gi\u1ea3n \u0111\u1ebfn c\u1ed5 \u0111i\u1ec3n nh\u1eb9 nh\u00e0ng.<\/p>\n<p data-start=\"3021\" data-end=\"3481\">Kh\u00f4ng ch\u1ec9 mang l\u1ea1i s\u1ef1 ti\u1ec7n \u00edch trong c\u00f4ng vi\u1ec7c, <strong data-start=\"3069\" data-end=\"3102\">b\u00e0n l\u00e0m vi\u1ec7c ch\u00e2n s\u1eaft HU12SC2<\/strong> c\u00f2n th\u1ec3 hi\u1ec7n phong c\u00e1ch v\u00e0 gu th\u1ea9m m\u1ef9 c\u1ee7a ng\u01b0\u1eddi s\u1eed d\u1ee5ng. \u0110\u00e2y l\u00e0 s\u1ea3n ph\u1ea9m l\u00fd t\u01b0\u1edfng d\u00e0nh cho nh\u1eefng ai t\u00ecm ki\u1ebfm s\u1ef1 c\u00e2n b\u1eb1ng gi\u1eefa c\u00f4ng n\u0103ng, \u0111\u1ed9 b\u1ec1n v\u00e0 t\u00ednh th\u1ea9m m\u1ef9 trong c\u00f9ng m\u1ed9t thi\u1ebft k\u1ebf. V\u1edbi ch\u1ea5t l\u01b0\u1ee3ng \u0111\u01b0\u1ee3c \u0111\u1ea3m b\u1ea3o t\u1eeb th\u01b0\u01a1ng hi\u1ec7u <strong data-start=\"3331\" data-end=\"3351\">N\u1ed8I TH\u1ea4T THE ONE<\/strong>, b\u00e0n HU12SC2 ch\u1eafc ch\u1eafn s\u1ebd l\u00e0 l\u1ef1a ch\u1ecdn \u0111\u00e1ng tin c\u1eady, g\u00f3p ph\u1ea7n x\u00e2y d\u1ef1ng kh\u00f4ng gian l\u00e0m vi\u1ec7c chuy\u00ean nghi\u1ec7p, n\u0103ng \u0111\u1ed9ng v\u00e0 hi\u1ec7u qu\u1ea3.<\/p>\n","protected":false},"excerpt":{"rendered":"<p data-start=\"212\" data-end=\"318\">B\u00e0n l\u00e0m vi\u1ec7c ch\u00e2n s\u1eaft HU12SC2 c\u00f3 m\u1eb7t g\u1ed7 Laminate ho\u1eb7c Melamine, ch\u00e2n th\u00e9p s\u01a1n t\u0129nh \u0111i\u1ec7n.<\/p>\n<p data-start=\"320\" data-end=\"400\">K\u00edch th\u01b0\u1edbc:<br \/>\n(Laminate)<br data-start=\"331\" data-end=\"334\" \/>HU12SC2: W1200 x D600 x H750 mm &#8211; <span style=\"font-size: 120%; color: #ed1c24;\"><strong>1.721.000 \u0111<\/strong><\/span><br data-start=\"365\" data-end=\"368\" \/>HU12C2: W1200 x D700 x H750 mm &#8211; <span style=\"font-size: 120%; color: #ed1c24;\"><strong>1.361.000 \u0111<\/strong><\/span><br \/>\n(Melamine)<br data-start=\"331\" data-end=\"334\" \/>HU12SC2: W1200 x D600 x H750 mm &#8211; <span style=\"color: #ed1c24; font-size: 120%;\"><strong>1.791.000 \u0111<\/strong><\/span><br data-start=\"365\" data-end=\"368\" \/>HU12C2: W1200 x D700 x H750 mm &#8211; <span style=\"font-size: 120%; color: #ed1c24;\"><strong>1.419.000 \u0111<\/strong><\/span><\/p>\n<p data-start=\"402\" data-end=\"707\">Xu\u1ea5t x\u1ee9: S\u1ea3n ph\u1ea9m c\u1ee7a <strong data-start=\"424\" data-end=\"452\">C\u00f4ng ty N\u1ed8I TH\u1ea4T THE ONE<\/strong> \u2013 Ph\u00e2n ph\u1ed1i b\u1edfi <strong data-start=\"469\" data-end=\"505\">C\u00d4NG TY TNHH SXTM TTNT H\u1eeeU TH\u1ecaNH<\/strong><br data-start=\"505\" data-end=\"508\" \/>B\u1ea3o h\u00e0nh: 12 th\u00e1ng theo ti\u00eau chu\u1ea9n nh\u00e0 m\u00e1y<br data-start=\"550\" data-end=\"553\" \/><span style=\"color: #ed1c24;\"><em data-start=\"553\" data-end=\"705\">L\u01b0u \u00fd: Gi\u00e1 tr\u00ean ch\u01b0a bao g\u1ed3m VAT v\u00e0 ph\u00ed v\u1eadn chuy\u1ec3n. Gi\u00e1 s\u1ea3n ph\u1ea9m c\u00f3 th\u1ec3 thay \u0111\u1ed5i theo t\u1eebng th\u1eddi \u0111i\u1ec3m, vui l\u00f2ng li\u00ean h\u1ec7 \u0111\u1ec3 nh\u1eadn t\u01b0 v\u1ea5n \u01b0u \u0111\u00e3i t\u1ed1t nh\u1ea5t.<\/em><\/span><\/p>\n","protected":false},"featured_media":3649,"comment_status":"open","ping_status":"closed","template":"","meta":[],"product_brand":[],"product_cat":[17,179],"product_tag":[],"class_list":{"0":"post-3646","1":"product","2":"type-product","3":"status-publish","4":"has-post-thumbnail","6":"product_cat-noi-that-van-phong","7":"product_cat-ban-lam-viec-chan-sat","9":"first","10":"instock","11":"taxable","12":"shipping-taxable","13":"purchasable","14":"product-type-simple"},"_links":{"self":[{"href":"https:\/\/noithathuuthinh.vn\/zh-hans\/wp-json\/wp\/v2\/product\/3646","targetHints":{"allow":["GET"]}}],"collection":[{"href":"https:\/\/noithathuuthinh.vn\/zh-hans\/wp-json\/wp\/v2\/product"}],"about":[{"href":"https:\/\/noithathuuthinh.vn\/zh-hans\/wp-json\/wp\/v2\/types\/product"}],"replies":[{"embeddable":true,"href":"https:\/\/noithathuuthinh.vn\/zh-hans\/wp-json\/wp\/v2\/comments?post=3646"}],"wp:featuredmedia":[{"embeddable":true,"href":"https:\/\/noithathuuthinh.vn\/zh-hans\/wp-json\/wp\/v2\/media\/3649"}],"wp:attachment":[{"href":"https:\/\/noithathuuthinh.vn\/zh-hans\/wp-json\/wp\/v2\/media?parent=3646"}],"wp:term":[{"taxonomy":"product_brand","embeddable":true,"href":"https:\/\/noithathuuthinh.vn\/zh-hans\/wp-json\/wp\/v2\/product_brand?post=3646"},{"taxonomy":"product_cat","embeddable":true,"href":"https:\/\/noithathuuthinh.vn\/zh-hans\/wp-json\/wp\/v2\/product_cat?post=3646"},{"taxonomy":"product_tag","embeddable":true,"href":"https:\/\/noithathuuthinh.vn\/zh-hans\/wp-json\/wp\/v2\/product_tag?post=3646"}],"curies":[{"name":"wp","href":"https:\/\/api.w.org\/{rel}","templated":true}]}}