{"id":3668,"date":"2025-10-21T13:45:22","date_gmt":"2025-10-21T06:45:22","guid":{"rendered":"https:\/\/noithathuuthinh.vn\/?post_type=product&#038;p=3668"},"modified":"2025-10-21T13:45:22","modified_gmt":"2025-10-21T06:45:22","slug":"ban-lam-viec-chan-sat-hu1612c2l22","status":"publish","type":"product","link":"https:\/\/noithathuuthinh.vn\/zh-hans\/san-pham\/ban-lam-viec-chan-sat-hu1612c2l22\/","title":{"rendered":"B\u00e0n l\u00e0m vi\u1ec7c ch\u00e2n s\u1eaft HU1612C2L22"},"content":{"rendered":"<p data-start=\"818\" data-end=\"1151\"><strong data-start=\"818\" data-end=\"855\">B\u00e0n l\u00e0m vi\u1ec7c ch\u00e2n s\u1eaft HU1612C2L22<\/strong> l\u00e0 d\u00f2ng s\u1ea3n ph\u1ea9m cao c\u1ea5p thu\u1ed9c b\u1ed9 s\u01b0u t\u1eadp b\u00e0n tr\u01b0\u1edfng ph\u00f2ng c\u1ee7a <strong data-start=\"919\" data-end=\"939\">N\u1ed8I TH\u1ea4T THE ONE<\/strong>, \u0111\u01b0\u1ee3c thi\u1ebft k\u1ebf h\u01b0\u1edbng \u0111\u1ebfn phong c\u00e1ch hi\u1ec7n \u0111\u1ea1i, sang tr\u1ecdng v\u00e0 tinh t\u1ebf. V\u1edbi ki\u1ec3u d\u00e1ng m\u1eb7t b\u00e0n l\u01b0\u1ee3n m\u1ec1m m\u1ea1i c\u00f9ng khung ch\u00e2n s\u1eaft ch\u1eafc ch\u1eafn, s\u1ea3n ph\u1ea9m mang l\u1ea1i kh\u00f4ng gian l\u00e0m vi\u1ec7c \u0111\u1eb3ng c\u1ea5p, chuy\u00ean nghi\u1ec7p v\u00e0 hi\u1ec7u qu\u1ea3.<\/p>\n<p data-start=\"1153\" data-end=\"1540\">M\u1eb7t b\u00e0n \u0111\u01b0\u1ee3c l\u00e0m t\u1eeb g\u1ed7 c\u00f4ng nghi\u1ec7p ph\u1ee7 <strong data-start=\"1192\" data-end=\"1212\">Laminate cao c\u1ea5p<\/strong>, c\u00f3 kh\u1ea3 n\u0103ng ch\u1ed1ng tr\u1ea7y x\u01b0\u1edbc, ch\u1ed1ng \u1ea9m m\u1ed1c v\u00e0 ch\u1ecbu nhi\u1ec7t t\u1ed1t. L\u1edbp ph\u1ee7 Laminate c\u00f2n gi\u00fap b\u1ec1 m\u1eb7t b\u00e0n c\u00f3 \u0111\u1ed9 b\u00f3ng \u0111\u1eb9p t\u1ef1 nhi\u00ean, d\u1ec5 v\u1ec7 sinh v\u00e0 lu\u00f4n gi\u1eef \u0111\u01b0\u1ee3c m\u00e0u s\u1eafc b\u1ec1n \u0111\u1eb9p theo th\u1eddi gian. Thi\u1ebft k\u1ebf m\u1eb7t l\u01b0\u1ee3n kh\u00f4ng ch\u1ec9 mang t\u00ednh th\u1ea9m m\u1ef9 cao m\u00e0 c\u00f2n gi\u00fap ng\u01b0\u1eddi s\u1eed d\u1ee5ng c\u1ea3m th\u1ea5y g\u1ea7n g\u0169i, tho\u1ea3i m\u00e1i h\u01a1n khi l\u00e0m vi\u1ec7c trong th\u1eddi gian d\u00e0i.<\/p>\n<p data-start=\"1542\" data-end=\"1961\">Ph\u1ea7n <strong data-start=\"1547\" data-end=\"1559\">ch\u00e2n b\u00e0n<\/strong> \u0111\u01b0\u1ee3c s\u1ea3n xu\u1ea5t t\u1eeb th\u00e9p s\u01a1n t\u0129nh \u0111i\u1ec7n ch\u1ea5t l\u01b0\u1ee3ng cao, \u0111\u1ea3m b\u1ea3o \u0111\u1ed9 c\u1ee9ng c\u00e1p, v\u1eefng ch\u00e3i v\u00e0 kh\u1ea3 n\u0103ng ch\u1ecbu l\u1ef1c t\u1ed1t. L\u1edbp s\u01a1n t\u0129nh \u0111i\u1ec7n gi\u00fap khung b\u00e0n ch\u1ed1ng oxy h\u00f3a, kh\u00f4ng b\u1ecb bong tr\u00f3c hay g\u1ec9 s\u00e9t, duy tr\u00ec v\u1ebb \u0111\u1eb9p sang tr\u1ecdng trong su\u1ed1t qu\u00e1 tr\u00ecnh s\u1eed d\u1ee5ng. B\u00ean c\u1ea1nh \u0111\u00f3, b\u00e0n \u0111\u01b0\u1ee3c trang b\u1ecb <strong data-start=\"1835\" data-end=\"1851\">h\u1ed9c s\u1eaft li\u1ec1n<\/strong>, gi\u00fap ng\u01b0\u1eddi d\u00f9ng d\u1ec5 d\u00e0ng s\u1eafp x\u1ebfp, l\u01b0u tr\u1eef h\u1ed3 s\u01a1, t\u00e0i li\u1ec7u, \u0111\u1ed3 d\u00f9ng c\u00e1 nh\u00e2n m\u1ed9t c\u00e1ch g\u1ecdn g\u00e0ng v\u00e0 thu\u1eadn ti\u1ec7n.<\/p>\n<p data-start=\"1963\" data-end=\"2343\">V\u1edbi <strong data-start=\"1967\" data-end=\"2005\">k\u00edch th\u01b0\u1edbc W1600 x D1200 x H750 mm<\/strong>, b\u00e0n mang \u0111\u1ebfn kh\u00f4ng gian l\u00e0m vi\u1ec7c r\u1ed9ng r\u00e3i, \u0111\u1ee7 \u0111\u1ec3 b\u1ed1 tr\u00ed m\u00e1y t\u00ednh, h\u1ed3 s\u01a1, \u0111i\u1ec7n tho\u1ea1i v\u00e0 c\u00e1c v\u1eadt d\u1ee5ng c\u1ea7n thi\u1ebft kh\u00e1c m\u00e0 v\u1eabn \u0111\u1ea3m b\u1ea3o s\u1ef1 tho\u00e1ng \u0111\u00e3ng, ti\u1ec7n l\u1ee3i. Thi\u1ebft k\u1ebf m\u1eb7t b\u00e0n l\u01b0\u1ee3n r\u1ed9ng \u1edf ph\u00eda ng\u01b0\u1eddi ng\u1ed3i t\u1ea1o c\u1ea3m gi\u00e1c bao qu\u00e1t v\u00e0 tho\u1ea3i m\u00e1i h\u01a1n khi thao t\u00e1c, \u0111\u1ed3ng th\u1eddi gi\u00fap n\u00e2ng cao h\u00ecnh \u1ea3nh chuy\u00ean nghi\u1ec7p cho ng\u01b0\u1eddi l\u00e3nh \u0111\u1ea1o, tr\u01b0\u1edfng ph\u00f2ng.<\/p>\n<p data-start=\"2345\" data-end=\"2660\">S\u1ef1 k\u1ebft h\u1ee3p gi\u1eefa <strong data-start=\"2361\" data-end=\"2403\">g\u1ed7 Laminate v\u00e0 khung s\u1eaft s\u01a1n t\u0129nh \u0111i\u1ec7n<\/strong> gi\u00fap b\u00e0n HU1612C2L22 v\u1eeba mang n\u00e9t \u1ea5m \u00e1p c\u1ee7a g\u1ed7, v\u1eeba th\u1ec3 hi\u1ec7n s\u1ef1 hi\u1ec7n \u0111\u1ea1i v\u00e0 ch\u1eafc ch\u1eafn c\u1ee7a kim lo\u1ea1i. Nh\u1edd v\u1eady, s\u1ea3n ph\u1ea9m d\u1ec5 d\u00e0ng ph\u1ed1i h\u1ee3p v\u1edbi nhi\u1ec1u ki\u1ec3u n\u1ed9i th\u1ea5t kh\u00e1c nhau \u2013 t\u1eeb ph\u00f2ng l\u00e3nh \u0111\u1ea1o, v\u0103n ph\u00f2ng l\u00e0m vi\u1ec7c ri\u00eang cho \u0111\u1ebfn kh\u00f4ng gian home office cao c\u1ea5p.<\/p>\n<p data-start=\"2662\" data-end=\"3089\">B\u00e0n l\u00e0m vi\u1ec7c HU1612C2L22 kh\u00f4ng ch\u1ec9 \u0111\u01b0\u1ee3c \u0111\u00e1nh gi\u00e1 cao v\u1ec1 ch\u1ea5t l\u01b0\u1ee3ng m\u00e0 c\u00f2n v\u1ec1 t\u00ednh th\u1ea9m m\u1ef9 v\u00e0 \u0111\u1ed9 b\u1ec1n s\u1eed d\u1ee5ng. T\u1eebng chi ti\u1ebft \u0111\u1ec1u \u0111\u01b0\u1ee3c ho\u00e0n thi\u1ec7n t\u1ec9 m\u1ec9, t\u1eeb \u0111\u01b0\u1eddng vi\u1ec1n b\u00e0n, m\u1ed1i n\u1ed1i khung ch\u00e2n \u0111\u1ebfn tay n\u1eafm h\u1ed9c s\u1eaft, t\u1ea1o n\u00ean m\u1ed9t t\u1ed5ng th\u1ec3 h\u00e0i h\u00f2a v\u00e0 chuy\u00ean nghi\u1ec7p. Khi k\u1ebft h\u1ee3p c\u00f9ng gh\u1ebf da tr\u01b0\u1edfng ph\u00f2ng, t\u1ee7 ph\u1ee5 ho\u1eb7c t\u1ee7 h\u1ed3 s\u01a1 \u0111\u1ed3ng b\u1ed9, s\u1ea3n ph\u1ea9m mang l\u1ea1i kh\u00f4ng gian l\u00e0m vi\u1ec7c sang tr\u1ecdng, th\u1ec3 hi\u1ec7n phong th\u00e1i v\u00e0 \u0111\u1eb3ng c\u1ea5p c\u1ee7a ng\u01b0\u1eddi l\u00e3nh \u0111\u1ea1o.<\/p>\n<p data-start=\"3091\" data-end=\"3424\">N\u1ebfu b\u1ea1n \u0111ang t\u00ecm ki\u1ebfm m\u1ed9t m\u1eabu b\u00e0n tr\u01b0\u1edfng ph\u00f2ng hi\u1ec7n \u0111\u1ea1i, ch\u1eafc ch\u1eafn, b\u1ec1n \u0111\u1eb9p v\u00e0 c\u00f3 gi\u00e1 tr\u1ecb s\u1eed d\u1ee5ng l\u00e2u d\u00e0i, <strong data-start=\"3198\" data-end=\"3235\">b\u00e0n l\u00e0m vi\u1ec7c ch\u00e2n s\u1eaft HU1612C2L22<\/strong> ch\u00ednh l\u00e0 l\u1ef1a ch\u1ecdn ho\u00e0n h\u1ea3o. V\u1edbi ch\u1ea5t l\u01b0\u1ee3ng \u0111\u01b0\u1ee3c \u0111\u1ea3m b\u1ea3o b\u1edfi th\u01b0\u01a1ng hi\u1ec7u uy t\u00edn <strong data-start=\"3315\" data-end=\"3335\">N\u1ed8I TH\u1ea4T THE ONE<\/strong>, s\u1ea3n ph\u1ea9m s\u1ebd mang \u0111\u1ebfn cho b\u1ea1n kh\u00f4ng gian l\u00e0m vi\u1ec7c \u0111\u1eb3ng c\u1ea5p, ti\u1ec7n nghi v\u00e0 \u0111\u1ea7y c\u1ea3m h\u1ee9ng.<\/p>\n","protected":false},"excerpt":{"rendered":"<p data-start=\"231\" data-end=\"376\">B\u00e0n l\u00e0m vi\u1ec7c ch\u00e2n s\u1eaft HU1612C2L22 l\u00e0 b\u00e0n l\u00e0m vi\u1ec7c tr\u01b0\u1edfng ph\u00f2ng m\u1eb7t l\u01b0\u1ee3n g\u1ed7 Laminate, ch\u00e2n th\u00e9p s\u01a1n t\u0129nh \u0111i\u1ec7n. B\u00e0n c\u00f3 h\u1ed9c s\u1eaft li\u1ec1n ti\u1ec7n d\u1ee5ng.<\/p>\n<p data-start=\"378\" data-end=\"417\">K\u00edch th\u01b0\u1edbc: W1600 x D1200 x H750 mm<\/p>\n<p data-start=\"419\" data-end=\"724\">Xu\u1ea5t x\u1ee9: S\u1ea3n ph\u1ea9m c\u1ee7a <strong data-start=\"441\" data-end=\"469\">C\u00f4ng ty N\u1ed8I TH\u1ea4T THE ONE<\/strong> \u2013 Ph\u00e2n ph\u1ed1i b\u1edfi <strong data-start=\"486\" data-end=\"522\">C\u00d4NG TY TNHH SXTM TTNT H\u1eeeU TH\u1ecaNH<\/strong><br data-start=\"522\" data-end=\"525\" \/>B\u1ea3o h\u00e0nh: 12 th\u00e1ng theo ti\u00eau chu\u1ea9n nh\u00e0 m\u00e1y<br data-start=\"567\" data-end=\"570\" \/><span style=\"color: #ed1c24;\"><em data-start=\"570\" data-end=\"722\">L\u01b0u \u00fd: Gi\u00e1 tr\u00ean ch\u01b0a bao g\u1ed3m VAT v\u00e0 ph\u00ed v\u1eadn chuy\u1ec3n. Gi\u00e1 s\u1ea3n ph\u1ea9m c\u00f3 th\u1ec3 thay \u0111\u1ed5i theo t\u1eebng th\u1eddi \u0111i\u1ec3m, vui l\u00f2ng li\u00ean h\u1ec7 \u0111\u1ec3 nh\u1eadn t\u01b0 v\u1ea5n \u01b0u \u0111\u00e3i t\u1ed1t nh\u1ea5t.<\/em><\/span><\/p>\n","protected":false},"featured_media":3669,"comment_status":"open","ping_status":"closed","template":"","meta":[],"product_brand":[],"product_cat":[17,179],"product_tag":[],"class_list":{"0":"post-3668","1":"product","2":"type-product","3":"status-publish","4":"has-post-thumbnail","6":"product_cat-noi-that-van-phong","7":"product_cat-ban-lam-viec-chan-sat","9":"first","10":"instock","11":"taxable","12":"shipping-taxable","13":"purchasable","14":"product-type-simple"},"_links":{"self":[{"href":"https:\/\/noithathuuthinh.vn\/zh-hans\/wp-json\/wp\/v2\/product\/3668","targetHints":{"allow":["GET"]}}],"collection":[{"href":"https:\/\/noithathuuthinh.vn\/zh-hans\/wp-json\/wp\/v2\/product"}],"about":[{"href":"https:\/\/noithathuuthinh.vn\/zh-hans\/wp-json\/wp\/v2\/types\/product"}],"replies":[{"embeddable":true,"href":"https:\/\/noithathuuthinh.vn\/zh-hans\/wp-json\/wp\/v2\/comments?post=3668"}],"wp:featuredmedia":[{"embeddable":true,"href":"https:\/\/noithathuuthinh.vn\/zh-hans\/wp-json\/wp\/v2\/media\/3669"}],"wp:attachment":[{"href":"https:\/\/noithathuuthinh.vn\/zh-hans\/wp-json\/wp\/v2\/media?parent=3668"}],"wp:term":[{"taxonomy":"product_brand","embeddable":true,"href":"https:\/\/noithathuuthinh.vn\/zh-hans\/wp-json\/wp\/v2\/product_brand?post=3668"},{"taxonomy":"product_cat","embeddable":true,"href":"https:\/\/noithathuuthinh.vn\/zh-hans\/wp-json\/wp\/v2\/product_cat?post=3668"},{"taxonomy":"product_tag","embeddable":true,"href":"https:\/\/noithathuuthinh.vn\/zh-hans\/wp-json\/wp\/v2\/product_tag?post=3668"}],"curies":[{"name":"wp","href":"https:\/\/api.w.org\/{rel}","templated":true}]}}