{"id":3690,"date":"2025-10-21T15:38:02","date_gmt":"2025-10-21T08:38:02","guid":{"rendered":"https:\/\/noithathuuthinh.vn\/?post_type=product&#038;p=3690"},"modified":"2025-10-21T15:38:02","modified_gmt":"2025-10-21T08:38:02","slug":"ban-lam-viec-chan-sat-hrp1800c5","status":"publish","type":"product","link":"https:\/\/noithathuuthinh.vn\/zh-hans\/san-pham\/ban-lam-viec-chan-sat-hrp1800c5\/","title":{"rendered":"B\u00e0n l\u00e0m vi\u1ec7c ch\u00e2n s\u1eaft HRP1800C5"},"content":{"rendered":"<p data-start=\"622\" data-end=\"978\">B\u00e0n l\u00e0m vi\u1ec7c ch\u00e2n s\u1eaft HRP1800C5 l\u00e0 m\u1eabu b\u00e0n l\u00e3nh \u0111\u1ea1o cao c\u1ea5p mang phong c\u00e1ch hi\u1ec7n \u0111\u1ea1i, \u0111\u01b0\u1ee3c thi\u1ebft k\u1ebf v\u1edbi s\u1ef1 k\u1ebft h\u1ee3p ho\u00e0n h\u1ea3o gi\u1eefa ch\u1ea5t li\u1ec7u g\u1ed7 Melamine sang tr\u1ecdng v\u00e0 khung th\u00e9p s\u01a1n t\u0129nh \u0111i\u1ec7n ch\u1eafc ch\u1eafn. S\u1ea3n ph\u1ea9m kh\u00f4ng ch\u1ec9 \u0111\u00e1p \u1ee9ng c\u00e1c y\u00eau c\u1ea7u v\u1ec1 c\u00f4ng n\u0103ng s\u1eed d\u1ee5ng m\u00e0 c\u00f2n th\u1ec3 hi\u1ec7n \u0111\u1eb3ng c\u1ea5p v\u00e0 gu th\u1ea9m m\u1ef9 tinh t\u1ebf c\u1ee7a ng\u01b0\u1eddi l\u00e3nh \u0111\u1ea1o trong kh\u00f4ng gian v\u0103n ph\u00f2ng.<\/p>\n<p data-start=\"980\" data-end=\"1335\">\u0110i\u1ec3m n\u1ed5i b\u1eadt c\u1ee7a HRP1800C5 n\u1eb1m \u1edf <strong data-start=\"1013\" data-end=\"1041\">khung ch\u00e2n th\u00e9p tam gi\u00e1c<\/strong> \u0111\u1ed9c \u0111\u00e1o \u2013 bi\u1ec3u t\u01b0\u1ee3ng cho s\u1ef1 v\u1eefng ch\u00e3i, m\u1ea1nh m\u1ebd v\u00e0 hi\u1ec7n \u0111\u1ea1i. Ph\u1ea7n khung \u0111\u01b0\u1ee3c gia c\u00f4ng t\u1ec9 m\u1ec9 t\u1eeb th\u00e9p cao c\u1ea5p, ph\u1ee7 s\u01a1n t\u0129nh \u0111i\u1ec7n gi\u00fap b\u1ec1 m\u1eb7t nh\u1eb5n m\u1ecbn, ch\u1ed1ng g\u1ec9 s\u00e9t, ch\u1ecbu l\u1ef1c t\u1ed1t v\u00e0 b\u1ec1n b\u1ec9 theo th\u1eddi gian. C\u1ea5u tr\u00fac ch\u00e2n b\u00e0n ch\u1eafc ch\u1eafn, \u1ed5n \u0111\u1ecbnh, \u0111\u1ea3m b\u1ea3o s\u1ef1 an to\u00e0n v\u00e0 y\u00ean t\u00e2m tuy\u1ec7t \u0111\u1ed1i khi s\u1eed d\u1ee5ng.<\/p>\n<p data-start=\"1337\" data-end=\"1719\"><strong data-start=\"1337\" data-end=\"1365\">M\u1eb7t b\u00e0n b\u1eb1ng g\u1ed7 Melamine<\/strong> cao c\u1ea5p l\u00e0 m\u1ed9t trong nh\u1eefng \u01b0u \u0111i\u1ec3m n\u1ed5i b\u1eadt c\u1ee7a s\u1ea3n ph\u1ea9m. V\u1edbi b\u1ec1 m\u1eb7t ph\u1ee7 ch\u1ed1ng tr\u1ea7y x\u01b0\u1edbc, ch\u1ed1ng \u1ea9m v\u00e0 d\u1ec5 v\u1ec7 sinh, Melamine gi\u00fap b\u00e0n lu\u00f4n gi\u1eef \u0111\u01b0\u1ee3c v\u1ebb \u0111\u1eb9p nh\u01b0 m\u1edbi trong su\u1ed1t qu\u00e1 tr\u00ecnh s\u1eed d\u1ee5ng. T\u00f4ng m\u00e0u trung t\u00ednh, hi\u1ec7n \u0111\u1ea1i d\u1ec5 d\u00e0ng h\u00f2a h\u1ee3p v\u1edbi nhi\u1ec1u phong c\u00e1ch n\u1ed9i th\u1ea5t, t\u1eeb kh\u00f4ng gian v\u0103n ph\u00f2ng hi\u1ec7n \u0111\u1ea1i, t\u1ed1i gi\u1ea3n \u0111\u1ebfn phong c\u00e1ch sang tr\u1ecdng, chuy\u00ean nghi\u1ec7p.<\/p>\n<p data-start=\"1721\" data-end=\"1958\">Ph\u1ea7n <strong data-start=\"1726\" data-end=\"1767\">y\u1ebfm b\u00e0n b\u1eb1ng g\u1ed7 c\u00f3 n\u1eb9p nh\u00f4m trang tr\u00ed<\/strong> mang \u0111\u1ebfn s\u1ef1 tinh t\u1ebf v\u00e0 \u0111i\u1ec3m nh\u1ea5n \u1ea5n t\u01b0\u1ee3ng cho t\u1ed5ng th\u1ec3 thi\u1ebft k\u1ebf. Chi ti\u1ebft n\u1eb9p nh\u00f4m \u0111\u01b0\u1ee3c b\u1ed1 tr\u00ed h\u00e0i h\u00f2a, v\u1eeba t\u1ea1o n\u00e9t sang tr\u1ecdng v\u1eeba gi\u00fap b\u00e0n tr\u00f4ng hi\u1ec7n \u0111\u1ea1i h\u01a1n, ph\u00f9 h\u1ee3p v\u1edbi v\u1ecb th\u1ebf l\u00e3nh \u0111\u1ea1o.<\/p>\n<p data-start=\"1960\" data-end=\"2295\">\u0110i k\u00e8m b\u00e0n l\u00e0 <strong data-start=\"1974\" data-end=\"1992\">t\u1ee7 ph\u1ee5 \u0111\u1ed3ng b\u1ed9<\/strong>, \u0111\u01b0\u1ee3c thi\u1ebft k\u1ebf c\u00f9ng ch\u1ea5t li\u1ec7u v\u00e0 m\u00e0u s\u1eafc, gi\u00fap t\u1ed1i \u01b0u kh\u00f4ng gian l\u01b0u tr\u1eef. T\u1ee7 c\u00f3 nhi\u1ec1u ng\u0103n \u0111\u1ec3 ng\u01b0\u1eddi d\u00f9ng d\u1ec5 d\u00e0ng s\u1eafp x\u1ebfp t\u00e0i li\u1ec7u, h\u1ed3 s\u01a1, v\u1eadt d\u1ee5ng c\u00e1 nh\u00e2n g\u1ecdn g\u00e0ng v\u00e0 khoa h\u1ecdc. Ngo\u00e0i ra, t\u1ee7 ph\u1ee5 c\u00f2n c\u00f3 th\u1ec3 d\u00f9ng l\u00e0m k\u1ec7 \u0111\u1ee1 CPU ho\u1eb7c \u0111\u1eb7t v\u1eadt trang tr\u00ed, gi\u00fap kh\u00f4ng gian l\u00e0m vi\u1ec7c th\u00eam sinh \u0111\u1ed9ng v\u00e0 ti\u1ec7n \u00edch.<\/p>\n<p data-start=\"2297\" data-end=\"2609\">K\u00edch th\u01b0\u1edbc <strong data-start=\"2308\" data-end=\"2335\">W1800 x D2000 x H750 mm<\/strong> mang \u0111\u1ebfn kh\u00f4ng gian l\u00e0m vi\u1ec7c r\u1ed9ng r\u00e3i, cho ph\u00e9p b\u1ed1 tr\u00ed m\u00e1y t\u00ednh, t\u00e0i li\u1ec7u v\u00e0 c\u00e1c thi\u1ebft b\u1ecb v\u0103n ph\u00f2ng m\u1ed9t c\u00e1ch thu\u1eadn ti\u1ec7n. Thi\u1ebft k\u1ebf b\u00e0n d\u1ea1ng g\u00f3c k\u1ebft h\u1ee3p t\u1ee7 ph\u1ee5 kh\u00f4ng ch\u1ec9 ti\u1ebft ki\u1ec7m di\u1ec7n t\u00edch m\u00e0 c\u00f2n gi\u00fap ng\u01b0\u1eddi s\u1eed d\u1ee5ng thao t\u00e1c d\u1ec5 d\u00e0ng, di chuy\u1ec3n thu\u1eadn l\u1ee3i trong khi l\u00e0m vi\u1ec7c.<\/p>\n<p data-start=\"2611\" data-end=\"2897\">V\u1edbi s\u1ef1 k\u1ebft h\u1ee3p tinh t\u1ebf gi\u1eefa <strong data-start=\"2639\" data-end=\"2663\">ch\u1ea5t li\u1ec7u th\u00e9p v\u00e0 g\u1ed7<\/strong>, HRP1800C5 v\u1eeba th\u1ec3 hi\u1ec7n phong th\u00e1i m\u1ea1nh m\u1ebd, chuy\u00ean nghi\u1ec7p, v\u1eeba t\u1ea1o c\u1ea3m gi\u00e1c \u1ea5m c\u00fang, g\u1ea7n g\u0169i. \u0110\u00e2y l\u00e0 l\u1ef1a ch\u1ecdn ho\u00e0n h\u1ea3o cho kh\u00f4ng gian l\u00e0m vi\u1ec7c c\u1ee7a gi\u00e1m \u0111\u1ed1c, tr\u01b0\u1edfng ph\u00f2ng ho\u1eb7c c\u00e1c v\u1ecb tr\u00ed qu\u1ea3n l\u00fd c\u1ea7n th\u1ec3 hi\u1ec7n s\u1ef1 \u0111\u1eb3ng c\u1ea5p v\u00e0 quy\u1ec1n uy.<\/p>\n<p data-start=\"2899\" data-end=\"3166\">Kh\u00f4ng ch\u1ec9 ch\u00fa tr\u1ecdng v\u1ec1 th\u1ea9m m\u1ef9, b\u00e0n HRP1800C5 c\u00f2n \u0111\u01b0\u1ee3c \u0111\u00e1nh gi\u00e1 cao v\u1ec1 <strong data-start=\"2970\" data-end=\"3008\">\u0111\u1ed9 b\u1ec1n v\u00e0 kh\u1ea3 n\u0103ng s\u1eed d\u1ee5ng l\u00e2u d\u00e0i<\/strong>. C\u00e1c chi ti\u1ebft \u0111\u01b0\u1ee3c s\u1ea3n xu\u1ea5t \u0111\u1ed3ng b\u1ed9 tr\u00ean d\u00e2y chuy\u1ec1n hi\u1ec7n \u0111\u1ea1i c\u1ee7a N\u1ed9i Th\u1ea5t The One, \u0111\u1ea3m b\u1ea3o ti\u00eau chu\u1ea9n ch\u1ea5t l\u01b0\u1ee3ng cao, k\u1ebft c\u1ea5u v\u1eefng ch\u1eafc v\u00e0 tu\u1ed5i th\u1ecd b\u1ec1n b\u1ec9.<\/p>\n<p data-start=\"3168\" data-end=\"3470\"><strong data-start=\"3168\" data-end=\"3194\">B\u00e0n l\u00e3nh \u0111\u1ea1o HRP1800C5<\/strong> l\u00e0 l\u1ef1a ch\u1ecdn l\u00fd t\u01b0\u1edfng cho nh\u1eefng ai \u0111ang t\u00ecm ki\u1ebfm m\u1ed9t m\u1eabu b\u00e0n l\u00e0m vi\u1ec7c v\u1eeba sang tr\u1ecdng, v\u1eeba ti\u1ec7n d\u1ee5ng, mang \u0111\u1eadm phong c\u00e1ch hi\u1ec7n \u0111\u1ea1i v\u00e0 tinh t\u1ebf. S\u1ea3n ph\u1ea9m g\u00f3p ph\u1ea7n t\u00f4n l\u00ean v\u1ecb th\u1ebf c\u1ee7a ng\u01b0\u1eddi l\u00e3nh \u0111\u1ea1o, \u0111\u1ed3ng th\u1eddi t\u1ea1o n\u00ean m\u1ed9t kh\u00f4ng gian l\u00e0m vi\u1ec7c chuy\u00ean nghi\u1ec7p, n\u0103ng \u0111\u1ed9ng v\u00e0 hi\u1ec7u qu\u1ea3.<\/p>\n","protected":false},"excerpt":{"rendered":"<p data-start=\"0\" data-end=\"68\">B\u00e0n l\u00e0m vi\u1ec7c ch\u00e2n s\u1eaft HRP1800C5 &#8211;\u00a0B\u00e0n l\u00e3nh \u0111\u1ea1o khung th\u00e9p tam gi\u00e1c, m\u1eb7t b\u00e0n g\u1ed7 Melamine.<br data-start=\"124\" data-end=\"127\" \/>Y\u1ebfm b\u00e0n b\u1eb1ng g\u1ed7 c\u00f3 n\u1eb9p nh\u00f4m trang tr\u00ed v\u00e0 c\u00f3 t\u1ee7 ph\u1ee5 \u0111i k\u00e8m.<\/p>\n<p data-start=\"189\" data-end=\"226\">K\u00edch th\u01b0\u1edbc: W1800 x D2000 x H750 mm<\/p>\n<p data-start=\"228\" data-end=\"378\">Xu\u1ea5t x\u1ee9: S\u1ea3n ph\u1ea9m c\u1ee7a <strong data-start=\"250\" data-end=\"278\">C\u00f4ng ty N\u1ed8I TH\u1ea4T THE ONE<\/strong> \u2013 Ph\u00e2n ph\u1ed1i b\u1edfi <strong data-start=\"295\" data-end=\"331\">C\u00d4NG TY TNHH SXTM TTNT H\u1eeeU TH\u1ecaNH<\/strong><br data-start=\"331\" data-end=\"334\" \/>B\u1ea3o h\u00e0nh: 12 th\u00e1ng theo ti\u00eau chu\u1ea9n nh\u00e0 m\u00e1y<\/p>\n<p data-start=\"380\" data-end=\"534\"><span style=\"color: #ed1c24;\"><em data-start=\"380\" data-end=\"532\">L\u01b0u \u00fd: Gi\u00e1 tr\u00ean ch\u01b0a bao g\u1ed3m VAT v\u00e0 ph\u00ed v\u1eadn chuy\u1ec3n. Gi\u00e1 s\u1ea3n ph\u1ea9m c\u00f3 th\u1ec3 thay \u0111\u1ed5i theo t\u1eebng th\u1eddi \u0111i\u1ec3m, vui l\u00f2ng li\u00ean h\u1ec7 \u0111\u1ec3 nh\u1eadn t\u01b0 v\u1ea5n \u01b0u \u0111\u00e3i t\u1ed1t nh\u1ea5t.<\/em><\/span><\/p>\n","protected":false},"featured_media":3691,"comment_status":"open","ping_status":"closed","template":"","meta":[],"product_brand":[],"product_cat":[17,179],"product_tag":[],"class_list":{"0":"post-3690","1":"product","2":"type-product","3":"status-publish","4":"has-post-thumbnail","6":"product_cat-noi-that-van-phong","7":"product_cat-ban-lam-viec-chan-sat","9":"first","10":"instock","11":"taxable","12":"shipping-taxable","13":"purchasable","14":"product-type-simple"},"_links":{"self":[{"href":"https:\/\/noithathuuthinh.vn\/zh-hans\/wp-json\/wp\/v2\/product\/3690","targetHints":{"allow":["GET"]}}],"collection":[{"href":"https:\/\/noithathuuthinh.vn\/zh-hans\/wp-json\/wp\/v2\/product"}],"about":[{"href":"https:\/\/noithathuuthinh.vn\/zh-hans\/wp-json\/wp\/v2\/types\/product"}],"replies":[{"embeddable":true,"href":"https:\/\/noithathuuthinh.vn\/zh-hans\/wp-json\/wp\/v2\/comments?post=3690"}],"wp:featuredmedia":[{"embeddable":true,"href":"https:\/\/noithathuuthinh.vn\/zh-hans\/wp-json\/wp\/v2\/media\/3691"}],"wp:attachment":[{"href":"https:\/\/noithathuuthinh.vn\/zh-hans\/wp-json\/wp\/v2\/media?parent=3690"}],"wp:term":[{"taxonomy":"product_brand","embeddable":true,"href":"https:\/\/noithathuuthinh.vn\/zh-hans\/wp-json\/wp\/v2\/product_brand?post=3690"},{"taxonomy":"product_cat","embeddable":true,"href":"https:\/\/noithathuuthinh.vn\/zh-hans\/wp-json\/wp\/v2\/product_cat?post=3690"},{"taxonomy":"product_tag","embeddable":true,"href":"https:\/\/noithathuuthinh.vn\/zh-hans\/wp-json\/wp\/v2\/product_tag?post=3690"}],"curies":[{"name":"wp","href":"https:\/\/api.w.org\/{rel}","templated":true}]}}