{"id":3698,"date":"2025-10-21T16:05:52","date_gmt":"2025-10-21T09:05:52","guid":{"rendered":"https:\/\/noithathuuthinh.vn\/?post_type=product&#038;p=3698"},"modified":"2025-11-29T08:38:19","modified_gmt":"2025-11-29T01:38:19","slug":"ban-lam-viec-chan-sat-hr160c2","status":"publish","type":"product","link":"https:\/\/noithathuuthinh.vn\/zh-hans\/san-pham\/ban-lam-viec-chan-sat-hr160c2\/","title":{"rendered":"B\u00e0n l\u00e0m vi\u1ec7c ch\u00e2n s\u1eaft HR160C2"},"content":{"rendered":"<p data-start=\"539\" data-end=\"616\">B\u00e0n l\u00e0m vi\u1ec7c ch\u00e2n s\u1eaft HR160C2 &#8211;\u00a0B\u00e0n l\u00e0m vi\u1ec7c ch\u00e2n s\u1eaft HR160C2 l\u00e0 m\u1eabu b\u00e0n l\u00e3nh \u0111\u1ea1o hi\u1ec7n \u0111\u1ea1i \u0111\u01b0\u1ee3c thi\u1ebft k\u1ebf tinh t\u1ebf, k\u1ebft h\u1ee3p gi\u1eefa khung th\u00e9p s\u01a1n t\u0129nh \u0111i\u1ec7n v\u00e0 m\u1eb7t b\u00e0n g\u1ed7 Melamine sang tr\u1ecdng. S\u1ea3n ph\u1ea9m mang \u0111\u1ebfn s\u1ef1 v\u1eefng ch\u1eafc, ti\u1ec7n nghi v\u00e0 th\u1ea9m m\u1ef9 cao, ph\u00f9 h\u1ee3p cho kh\u00f4ng gian l\u00e0m vi\u1ec7c c\u1ee7a l\u00e3nh \u0111\u1ea1o, tr\u01b0\u1edfng ph\u00f2ng ho\u1eb7c c\u00e1c v\u1ecb tr\u00ed qu\u1ea3n l\u00fd c\u1ea5p trung trong doanh nghi\u1ec7p.<\/p>\n<p data-start=\"947\" data-end=\"1363\">\u0110i\u1ec3m n\u1ed5i b\u1eadt c\u1ee7a HR160C2 n\u1eb1m \u1edf <strong data-start=\"978\" data-end=\"1011\">khung ch\u00e2n th\u00e9p s\u01a1n t\u0129nh \u0111i\u1ec7n<\/strong> ch\u1eafc ch\u1eafn, mang phong c\u00e1ch c\u00f4ng nghi\u1ec7p hi\u1ec7n \u0111\u1ea1i. Ph\u1ea7n khung \u0111\u01b0\u1ee3c gia c\u00f4ng t\u1ec9 m\u1ec9 t\u1eeb th\u00e9p h\u1ed9p cao c\u1ea5p, ph\u1ee7 l\u1edbp s\u01a1n t\u0129nh \u0111i\u1ec7n m\u1ecbn, gi\u00fap ch\u1ed1ng g\u1ec9 s\u00e9t, ch\u1ed1ng tr\u1ea7y x\u01b0\u1edbc v\u00e0 \u0111\u1ea3m b\u1ea3o \u0111\u1ed9 b\u1ec1n v\u01b0\u1ee3t tr\u1ed9i trong su\u1ed1t qu\u00e1 tr\u00ecnh s\u1eed d\u1ee5ng. Thi\u1ebft k\u1ebf ch\u00e2n b\u00e0n v\u1eefng ch\u00e3i, c\u00e2n \u0111\u1ed1i v\u00e0 mang t\u00ednh th\u1ea9m m\u1ef9 cao, gi\u00fap kh\u00f4ng gian l\u00e0m vi\u1ec7c tr\u1edf n\u00ean chuy\u00ean nghi\u1ec7p v\u00e0 sang tr\u1ecdng h\u01a1n.<\/p>\n<p data-start=\"1365\" data-end=\"1698\"><strong data-start=\"1365\" data-end=\"1388\">M\u1eb7t b\u00e0n g\u1ed7 Melamine<\/strong> cao c\u1ea5p l\u00e0 l\u1ef1a ch\u1ecdn l\u00fd t\u01b0\u1edfng cho c\u00e1c v\u0103n ph\u00f2ng hi\u1ec7n \u0111\u1ea1i. V\u1edbi \u01b0u \u0111i\u1ec3m ch\u1ed1ng th\u1ea5m, ch\u1ed1ng tr\u1ea7y v\u00e0 d\u1ec5 v\u1ec7 sinh, l\u1edbp ph\u1ee7 Melamine kh\u00f4ng ch\u1ec9 \u0111\u1ea3m b\u1ea3o \u0111\u1ed9 b\u1ec1n \u0111\u1eb9p theo th\u1eddi gian m\u00e0 c\u00f2n mang l\u1ea1i c\u1ea3m gi\u00e1c \u1ea5m \u00e1p, th\u00e2n thi\u1ec7n. M\u00e0u s\u1eafc g\u1ed7 tinh t\u1ebf d\u1ec5 d\u00e0ng h\u00f2a h\u1ee3p v\u1edbi nhi\u1ec1u phong c\u00e1ch n\u1ed9i th\u1ea5t, t\u1eeb hi\u1ec7n \u0111\u1ea1i \u0111\u1ebfn truy\u1ec1n th\u1ed1ng.<\/p>\n<p data-start=\"1700\" data-end=\"2043\">B\u00e0n HR160C2 \u0111\u01b0\u1ee3c trang b\u1ecb <strong data-start=\"1726\" data-end=\"1750\">h\u1ed9c \u0111i li\u1ec1n ti\u1ec7n l\u1ee3i<\/strong>, gi\u00fap ng\u01b0\u1eddi s\u1eed d\u1ee5ng c\u00f3 th\u00eam kh\u00f4ng gian l\u01b0u tr\u1eef h\u1ed3 s\u01a1, t\u00e0i li\u1ec7u, \u0111\u1ed3 d\u00f9ng c\u00e1 nh\u00e2n m\u1ed9t c\u00e1ch ng\u0103n n\u1eafp. Thi\u1ebft k\u1ebf h\u1ed9c b\u00e0n li\u1ec1n th\u00e2n gi\u00fap ti\u1ebft ki\u1ec7m di\u1ec7n t\u00edch, t\u1ea1o s\u1ef1 \u0111\u1ed3ng b\u1ed9 v\u00e0 g\u1ecdn g\u00e0ng cho t\u1ed5ng th\u1ec3 s\u1ea3n ph\u1ea9m. \u0110\u00e2y l\u00e0 chi ti\u1ebft \u0111\u01b0\u1ee3c \u0111\u00e1nh gi\u00e1 cao v\u1ec1 t\u00ednh \u1ee9ng d\u1ee5ng th\u1ef1c t\u1ebf trong c\u00e1c v\u0103n ph\u00f2ng hi\u1ec7n nay.<\/p>\n<p data-start=\"2045\" data-end=\"2307\">Ph\u1ea7n <strong data-start=\"2050\" data-end=\"2060\">y\u1ebfm g\u1ed7<\/strong> ch\u1ea1y ngang ph\u00eda tr\u01b0\u1edbc b\u00e0n kh\u00f4ng ch\u1ec9 mang l\u1ea1i s\u1ef1 k\u00edn \u0111\u00e1o, l\u1ecbch s\u1ef1 m\u00e0 c\u00f2n gi\u00fap b\u00e0n tr\u1edf n\u00ean c\u00e2n \u0111\u1ed1i v\u00e0 sang tr\u1ecdng h\u01a1n. \u0110\u1eb7c bi\u1ec7t, chi ti\u1ebft y\u1ebfm g\u1ed7 li\u1ec1n m\u1ea1ch gi\u00fap che \u0111i kho\u1ea3ng tr\u1ed1ng d\u01b0\u1edbi b\u00e0n, t\u1ea1o c\u1ea3m gi\u00e1c ri\u00eang t\u01b0 v\u00e0 chuy\u00ean nghi\u1ec7p cho ng\u01b0\u1eddi s\u1eed d\u1ee5ng.<\/p>\n<p data-start=\"2309\" data-end=\"2581\">K\u00edch th\u01b0\u1edbc <strong data-start=\"2320\" data-end=\"2347\">W1600 x D1700 x H750 mm<\/strong> c\u1ee7a b\u00e0n \u0111\u01b0\u1ee3c thi\u1ebft k\u1ebf v\u1eeba ph\u1ea3i, \u0111\u00e1p \u1ee9ng nhu c\u1ea7u s\u1eed d\u1ee5ng tho\u1ea3i m\u00e1i m\u00e0 v\u1eabn t\u1ed1i \u01b0u di\u1ec7n t\u00edch ph\u00f2ng l\u00e0m vi\u1ec7c. B\u00e0n c\u00f3 d\u1ea1ng g\u00f3c ch\u1eef L gi\u00fap m\u1edf r\u1ed9ng kh\u00f4ng gian thao t\u00e1c, thu\u1eadn ti\u1ec7n cho vi\u1ec7c b\u1ed1 tr\u00ed m\u00e1y t\u00ednh, h\u1ed3 s\u01a1 v\u00e0 c\u00e1c v\u1eadt d\u1ee5ng c\u1ea7n thi\u1ebft.<\/p>\n<p data-start=\"2583\" data-end=\"2917\">V\u1edbi ki\u1ec3u d\u00e1ng thanh l\u1ecbch, m\u00e0u s\u1eafc trang nh\u00e3 v\u00e0 \u0111\u01b0\u1eddng n\u00e9t tinh t\u1ebf, <strong data-start=\"2649\" data-end=\"2673\">b\u00e0n l\u00e0m vi\u1ec7c HR160C2<\/strong> kh\u00f4ng ch\u1ec9 mang \u0111\u1ebfn v\u1ebb \u0111\u1eb9p hi\u1ec7n \u0111\u1ea1i cho v\u0103n ph\u00f2ng m\u00e0 c\u00f2n th\u1ec3 hi\u1ec7n phong th\u00e1i chuy\u00ean nghi\u1ec7p v\u00e0 \u0111\u1eb3ng c\u1ea5p c\u1ee7a ng\u01b0\u1eddi l\u00e3nh \u0111\u1ea1o. S\u1ea3n ph\u1ea9m c\u00f2n gi\u00fap t\u1ed1i \u01b0u kh\u00f4ng gian l\u00e0m vi\u1ec7c, h\u1ed7 tr\u1ee3 hi\u1ec7u qu\u1ea3 trong qu\u00e1 tr\u00ecnh qu\u1ea3n l\u00fd v\u00e0 \u0111i\u1ec1u h\u00e0nh c\u00f4ng vi\u1ec7c h\u00e0ng ng\u00e0y.<\/p>\n<p data-start=\"2919\" data-end=\"3246\">\u0110\u1eb7c bi\u1ec7t, b\u00e0n HR160C2 \u0111\u01b0\u1ee3c s\u1ea3n xu\u1ea5t tr\u00ean d\u00e2y chuy\u1ec1n c\u00f4ng ngh\u1ec7 ti\u00ean ti\u1ebfn c\u1ee7a <strong data-start=\"2995\" data-end=\"3015\">N\u1ed9i Th\u1ea5t The One<\/strong>, \u0111\u1ea3m b\u1ea3o ti\u00eau chu\u1ea9n ch\u1ea5t l\u01b0\u1ee3ng cao, k\u1ebft c\u1ea5u v\u1eefng ch\u1eafc, c\u00e1c m\u1ed1i li\u00ean k\u1ebft ch\u00ednh x\u00e1c v\u00e0 b\u1ec1n b\u1ec9 theo th\u1eddi gian. T\u1eebng chi ti\u1ebft c\u1ee7a s\u1ea3n ph\u1ea9m \u0111\u01b0\u1ee3c ho\u00e0n thi\u1ec7n t\u1ec9 m\u1ec9 nh\u1eb1m mang \u0111\u1ebfn tr\u1ea3i nghi\u1ec7m s\u1eed d\u1ee5ng tho\u1ea3i m\u00e1i, an to\u00e0n v\u00e0 ti\u1ec7n d\u1ee5ng nh\u1ea5t.<\/p>\n<p data-start=\"3248\" data-end=\"3457\" data-is-last-node=\"\" data-is-only-node=\"\">V\u1edbi s\u1ef1 k\u1ebft h\u1ee3p gi\u1eefa <strong data-start=\"3268\" data-end=\"3306\">v\u1ebb \u0111\u1eb9p th\u1ea9m m\u1ef9 v\u00e0 c\u00f4ng n\u0103ng t\u1ed1i \u01b0u<\/strong>, b\u00e0n l\u00e3nh \u0111\u1ea1o HR160C2 l\u00e0 l\u1ef1a ch\u1ecdn ho\u00e0n h\u1ea3o cho kh\u00f4ng gian l\u00e0m vi\u1ec7c hi\u1ec7n \u0111\u1ea1i, th\u1ec3 hi\u1ec7n phong th\u00e1i chuy\u00ean nghi\u1ec7p, quy\u1ec1n uy v\u00e0 tinh t\u1ebf c\u1ee7a ng\u01b0\u1eddi s\u1eed d\u1ee5ng.<\/p>\n","protected":false},"excerpt":{"rendered":"<p data-start=\"0\" data-end=\"66\">B\u00e0n l\u00e0m vi\u1ec7c ch\u00e2n s\u1eaft HR160C2 &#8211;\u00a0B\u00e0n l\u00e3nh \u0111\u1ea1o khung th\u00e9p, m\u1eb7t b\u00e0n g\u1ed7 Melamine.<br data-start=\"113\" data-end=\"116\" \/>B\u00e0n c\u00f3 h\u1ed9c \u0111i li\u1ec1n, s\u1eed d\u1ee5ng y\u1ebfm g\u1ed7.<br data-start=\"151\" data-end=\"154\" \/>(S\u1ea3n ph\u1ea9m kh\u00f4ng k\u00e8m b\u00e0n ph\u00edm)<\/p>\n<p data-start=\"187\" data-end=\"224\">K\u00edch th\u01b0\u1edbc: W1600 x D1700 x H750 mm<\/p>\n<p data-start=\"226\" data-end=\"376\">Xu\u1ea5t x\u1ee9: S\u1ea3n ph\u1ea9m c\u1ee7a <strong data-start=\"248\" data-end=\"276\">C\u00f4ng ty N\u1ed8I TH\u1ea4T THE ONE<\/strong> \u2013 Ph\u00e2n ph\u1ed1i b\u1edfi <strong data-start=\"293\" data-end=\"329\">C\u00d4NG TY TNHH SXTM TTNT H\u1eeeU TH\u1ecaNH<\/strong><br data-start=\"329\" data-end=\"332\" \/>B\u1ea3o h\u00e0nh: 12 th\u00e1ng theo ti\u00eau chu\u1ea9n nh\u00e0 m\u00e1y<\/p>\n<p data-start=\"378\" data-end=\"532\"><em data-start=\"378\" data-end=\"530\">L\u01b0u \u00fd: Gi\u00e1 tr\u00ean ch\u01b0a bao g\u1ed3m VAT v\u00e0 ph\u00ed v\u1eadn chuy\u1ec3n. Gi\u00e1 s\u1ea3n ph\u1ea9m c\u00f3 th\u1ec3 thay \u0111\u1ed5i theo t\u1eebng th\u1eddi \u0111i\u1ec3m, vui l\u00f2ng li\u00ean h\u1ec7 \u0111\u1ec3 nh\u1eadn t\u01b0 v\u1ea5n \u01b0u \u0111\u00e3i t\u1ed1t nh\u1ea5t.<\/em><\/p>\n","protected":false},"featured_media":3699,"comment_status":"open","ping_status":"closed","template":"","meta":[],"product_brand":[],"product_cat":[17,179],"product_tag":[],"class_list":{"0":"post-3698","1":"product","2":"type-product","3":"status-publish","4":"has-post-thumbnail","6":"product_cat-noi-that-van-phong","7":"product_cat-ban-lam-viec-chan-sat","9":"first","10":"instock","11":"taxable","12":"shipping-taxable","13":"purchasable","14":"product-type-simple"},"_links":{"self":[{"href":"https:\/\/noithathuuthinh.vn\/zh-hans\/wp-json\/wp\/v2\/product\/3698","targetHints":{"allow":["GET"]}}],"collection":[{"href":"https:\/\/noithathuuthinh.vn\/zh-hans\/wp-json\/wp\/v2\/product"}],"about":[{"href":"https:\/\/noithathuuthinh.vn\/zh-hans\/wp-json\/wp\/v2\/types\/product"}],"replies":[{"embeddable":true,"href":"https:\/\/noithathuuthinh.vn\/zh-hans\/wp-json\/wp\/v2\/comments?post=3698"}],"wp:featuredmedia":[{"embeddable":true,"href":"https:\/\/noithathuuthinh.vn\/zh-hans\/wp-json\/wp\/v2\/media\/3699"}],"wp:attachment":[{"href":"https:\/\/noithathuuthinh.vn\/zh-hans\/wp-json\/wp\/v2\/media?parent=3698"}],"wp:term":[{"taxonomy":"product_brand","embeddable":true,"href":"https:\/\/noithathuuthinh.vn\/zh-hans\/wp-json\/wp\/v2\/product_brand?post=3698"},{"taxonomy":"product_cat","embeddable":true,"href":"https:\/\/noithathuuthinh.vn\/zh-hans\/wp-json\/wp\/v2\/product_cat?post=3698"},{"taxonomy":"product_tag","embeddable":true,"href":"https:\/\/noithathuuthinh.vn\/zh-hans\/wp-json\/wp\/v2\/product_tag?post=3698"}],"curies":[{"name":"wp","href":"https:\/\/api.w.org\/{rel}","templated":true}]}}