{"id":3706,"date":"2025-10-21T16:29:30","date_gmt":"2025-10-21T09:29:30","guid":{"rendered":"https:\/\/noithathuuthinh.vn\/?post_type=product&#038;p=3706"},"modified":"2025-10-21T16:32:31","modified_gmt":"2025-10-21T09:32:31","slug":"ban-lam-viec-chan-sat-hr120sc1","status":"publish","type":"product","link":"https:\/\/noithathuuthinh.vn\/zh-hans\/san-pham\/ban-lam-viec-chan-sat-hr120sc1\/","title":{"rendered":"B\u00e0n l\u00e0m vi\u1ec7c ch\u00e2n s\u1eaft HR120SC1"},"content":{"rendered":"<p data-start=\"676\" data-end=\"1015\">B\u00e0n l\u00e0m vi\u1ec7c ch\u00e2n s\u1eaft HR120SC1 l\u00e0 l\u1ef1a ch\u1ecdn l\u00fd t\u01b0\u1edfng d\u00e0nh cho kh\u00f4ng gian l\u00e0m vi\u1ec7c hi\u1ec7n \u0111\u1ea1i, k\u1ebft h\u1ee3p h\u00e0i h\u00f2a gi\u1eefa s\u1ef1 ch\u1eafc ch\u1eafn c\u1ee7a khung th\u00e9p v\u00e0 v\u1ebb \u0111\u1eb9p tinh t\u1ebf c\u1ee7a m\u1eb7t g\u1ed7 Melamine. Thi\u1ebft k\u1ebf nh\u1ecf g\u1ecdn, ki\u1ec3u d\u00e1ng t\u1ed1i gi\u1ea3n nh\u01b0ng v\u1eabn \u0111\u1ea3m b\u1ea3o c\u00f4ng n\u0103ng s\u1eed d\u1ee5ng t\u1ed1i \u0111a, m\u1eabu b\u00e0n n\u00e0y ph\u00f9 h\u1ee3p cho c\u1ea3 v\u0103n ph\u00f2ng c\u00f4ng ty l\u1eabn kh\u00f4ng gian l\u00e0m vi\u1ec7c t\u1ea1i nh\u00e0.<\/p>\n<p data-start=\"1017\" data-end=\"1345\">Khung b\u00e0n \u0111\u01b0\u1ee3c l\u00e0m t\u1eeb th\u00e9p s\u01a1n t\u0129nh \u0111i\u1ec7n cao c\u1ea5p, gi\u00fap ch\u1ed1ng g\u1ec9 s\u00e9t, tr\u1ea7y x\u01b0\u1edbc v\u00e0 ch\u1ecbu l\u1ef1c t\u1ed1t. L\u1edbp s\u01a1n t\u0129nh \u0111i\u1ec7n m\u00e0u s\u00e1ng kh\u00f4ng ch\u1ec9 t\u0103ng t\u00ednh th\u1ea9m m\u1ef9 m\u00e0 c\u00f2n gi\u00fap b\u00e0n lu\u00f4n b\u1ec1n \u0111\u1eb9p theo th\u1eddi gian, ngay c\u1ea3 trong m\u00f4i tr\u01b0\u1eddng c\u00f3 \u0111\u1ed9 \u1ea9m cao. Ph\u1ea7n ch\u00e2n b\u00e0n \u0111\u01b0\u1ee3c thi\u1ebft k\u1ebf vu\u00f4ng v\u1ee9c, c\u00e2n \u0111\u1ed1i, mang \u0111\u1ebfn s\u1ef1 \u1ed5n \u0111\u1ecbnh tuy\u1ec7t \u0111\u1ed1i khi l\u00e0m vi\u1ec7c.<\/p>\n<p data-start=\"1347\" data-end=\"1678\">M\u1eb7t b\u00e0n g\u1ed7 Melamine d\u00e0y d\u1eb7n, c\u00f3 kh\u1ea3 n\u0103ng ch\u1ed1ng th\u1ea5m n\u01b0\u1edbc, ch\u1ed1ng tr\u1ea7y x\u01b0\u1edbc v\u00e0 d\u1ec5 d\u00e0ng v\u1ec7 sinh. B\u1ec1 m\u1eb7t g\u1ed7 c\u00f3 th\u1ec3 l\u1ef1a ch\u1ecdn nhi\u1ec1u m\u00e0u s\u1eafc nh\u01b0 v\u00e2n s\u00e1ng, v\u00e2n t\u1ed1i ho\u1eb7c trung t\u00ednh, d\u1ec5 d\u00e0ng ph\u1ed1i h\u1ee3p v\u1edbi c\u00e1c d\u00f2ng n\u1ed9i th\u1ea5t v\u0103n ph\u00f2ng kh\u00e1c c\u1ee7a THE ONE. C\u00e1c c\u1ea1nh b\u00e0n \u0111\u01b0\u1ee3c x\u1eed l\u00fd t\u1ec9 m\u1ec9, bo tr\u00f2n nh\u1eb9 gi\u00fap an to\u00e0n khi s\u1eed d\u1ee5ng v\u00e0 t\u0103ng t\u00ednh th\u1ea9m m\u1ef9.<\/p>\n<p data-start=\"1680\" data-end=\"2059\">B\u00e0n HR120SC1 c\u00f3 hai phi\u00ean b\u1ea3n linh ho\u1ea1t: s\u1eed d\u1ee5ng <strong data-start=\"1729\" data-end=\"1739\">y\u1ebfm g\u1ed7<\/strong> (m\u00e3 HR120SC1) ho\u1eb7c <strong data-start=\"1759\" data-end=\"1806\">y\u1ebfm t\u00f4n s\u01a1n t\u0129nh \u0111i\u1ec7n \u0111\u1ed9t hoa v\u0103n trang tr\u00ed<\/strong> (m\u00e3 HR120SC1Y1 \u2013 k\u00fd hi\u1ec7u Y1 ho\u1eb7c Y2). Y\u1ebfm t\u00f4n kh\u00f4ng ch\u1ec9 mang l\u1ea1i c\u1ea3m gi\u00e1c hi\u1ec7n \u0111\u1ea1i m\u00e0 c\u00f2n t\u0103ng \u0111\u1ed9 tho\u00e1ng cho kh\u00f4ng gian, trong khi y\u1ebfm g\u1ed7 gi\u00fap t\u1ea1o n\u00ean n\u00e9t trang tr\u1ecdng, truy\u1ec1n th\u1ed1ng h\u01a1n \u2013 ph\u00f9 h\u1ee3p v\u1edbi ph\u00f2ng l\u00e0m vi\u1ec7c ri\u00eang c\u1ee7a l\u00e3nh \u0111\u1ea1o ho\u1eb7c chuy\u00ean vi\u00ean.<\/p>\n<p data-start=\"2061\" data-end=\"2369\">K\u00edch th\u01b0\u1edbc ti\u00eau chu\u1ea9n <strong data-start=\"2083\" data-end=\"2109\">W1200 x D600 x H750 mm<\/strong> gi\u00fap b\u00e0n \u0111\u00e1p \u1ee9ng t\u1ed1t nhu c\u1ea7u l\u00e0m vi\u1ec7c c\u00e1 nh\u00e2n, ti\u1ebft ki\u1ec7m di\u1ec7n t\u00edch m\u00e0 v\u1eabn \u0111\u1ee7 kh\u00f4ng gian cho m\u00e1y t\u00ednh, t\u00e0i li\u1ec7u v\u00e0 c\u00e1c v\u1eadt d\u1ee5ng v\u0103n ph\u00f2ng c\u1ea7n thi\u1ebft. \u0110\u00e2y l\u00e0 k\u00edch th\u01b0\u1edbc l\u00fd t\u01b0\u1edfng cho kh\u00f4ng gian v\u0103n ph\u00f2ng hi\u1ec7n \u0111\u1ea1i, n\u01a1i \u0111\u1ec1 cao s\u1ef1 g\u1ecdn g\u00e0ng v\u00e0 t\u1ed1i \u01b0u h\u00f3a di\u1ec7n t\u00edch.<\/p>\n<p data-start=\"2371\" data-end=\"2698\">S\u1ea3n ph\u1ea9m HR120SC1 c\u0169ng c\u00f3 th\u1ec3 d\u1ec5 d\u00e0ng k\u1ebft h\u1ee3p c\u00f9ng h\u1ed9c di \u0111\u1ed9ng, t\u1ee7 ph\u1ee5 ho\u1eb7c gh\u1ebf v\u0103n ph\u00f2ng c\u00f9ng th\u01b0\u01a1ng hi\u1ec7u \u0111\u1ec3 t\u1ea1o th\u00e0nh m\u1ed9t b\u1ed9 l\u00e0m vi\u1ec7c \u0111\u1ed3ng b\u1ed9, chuy\u00ean nghi\u1ec7p. V\u1edbi thi\u1ebft k\u1ebf \u0111\u01a1n gi\u1ea3n nh\u01b0ng tinh t\u1ebf, b\u00e0n c\u00f3 th\u1ec3 b\u1ed1 tr\u00ed linh ho\u1ea1t trong nhi\u1ec1u ki\u1ec3u kh\u00f4ng gian \u2013 t\u1eeb ph\u00f2ng l\u00e0m vi\u1ec7c c\u00e1 nh\u00e2n, ph\u00f2ng l\u00e0m vi\u1ec7c nh\u00f3m \u0111\u1ebfn khu v\u1ef1c h\u00e0nh ch\u00ednh.<\/p>\n<p data-start=\"2700\" data-end=\"3028\">M\u1ed9t \u0111i\u1ec3m c\u1ed9ng l\u1edbn c\u1ee7a b\u00e0n HR120SC1 l\u00e0 t\u00ednh b\u1ec1n v\u1eefng v\u00e0 tu\u1ed5i th\u1ecd cao. C\u1ea5u tr\u00fac th\u00e9p v\u00e0 g\u1ed7 c\u00f4ng nghi\u1ec7p ch\u1ea5t l\u01b0\u1ee3ng gi\u00fap b\u00e0n gi\u1eef \u0111\u01b0\u1ee3c \u0111\u1ed9 \u1ed5n \u0111\u1ecbnh, kh\u00f4ng cong v\u00eanh, kh\u00f4ng bi\u1ebfn d\u1ea1ng sau th\u1eddi gian d\u00e0i s\u1eed d\u1ee5ng. \u0110\u1eb7c bi\u1ec7t, c\u00e1c chi ti\u1ebft \u0111\u01b0\u1ee3c gia c\u00f4ng t\u1ec9 m\u1ec9, l\u1eafp r\u00e1p d\u1ec5 d\u00e0ng v\u00e0 ch\u1eafc ch\u1eafn, \u0111\u1ea3m b\u1ea3o an to\u00e0n tuy\u1ec7t \u0111\u1ed1i trong qu\u00e1 tr\u00ecnh s\u1eed d\u1ee5ng.<\/p>\n<p data-start=\"3030\" data-end=\"3369\">V\u1edbi phong c\u00e1ch hi\u1ec7n \u0111\u1ea1i, m\u00e0u s\u1eafc h\u00e0i h\u00f2a v\u00e0 c\u00f4ng n\u0103ng linh ho\u1ea1t, <strong data-start=\"3095\" data-end=\"3129\">b\u00e0n l\u00e0m vi\u1ec7c ch\u00e2n s\u1eaft HR120SC1<\/strong> kh\u00f4ng ch\u1ec9 mang \u0111\u1ebfn kh\u00f4ng gian l\u00e0m vi\u1ec7c ti\u1ec7n nghi m\u00e0 c\u00f2n g\u00f3p ph\u1ea7n n\u00e2ng cao h\u00ecnh \u1ea3nh chuy\u00ean nghi\u1ec7p c\u1ee7a doanh nghi\u1ec7p. \u0110\u00e2y l\u00e0 l\u1ef1a ch\u1ecdn \u0111\u00e1ng c\u00e2n nh\u1eafc cho nh\u1eefng ai \u0111ang t\u00ecm ki\u1ebfm m\u1ed9t s\u1ea3n ph\u1ea9m c\u00f3 ch\u1ea5t l\u01b0\u1ee3ng cao, thi\u1ebft k\u1ebf \u0111\u1eb9p v\u00e0 gi\u00e1 th\u00e0nh h\u1ee3p l\u00fd.<\/p>\n<p data-start=\"3371\" data-end=\"3557\" data-is-last-node=\"\" data-is-only-node=\"\">B\u00e0n HR120SC1 \u2013 bi\u1ec3u t\u01b0\u1ee3ng c\u1ee7a s\u1ef1 b\u1ec1n b\u1ec9, tinh t\u1ebf v\u00e0 hi\u1ec7u qu\u1ea3 trong t\u1eebng chi ti\u1ebft, l\u00e0 ng\u01b0\u1eddi b\u1ea1n \u0111\u1ed3ng h\u00e0nh l\u00fd t\u01b0\u1edfng trong h\u00e0nh tr\u00ecnh ki\u1ebfn t\u1ea1o kh\u00f4ng gian l\u00e0m vi\u1ec7c hi\u1ec7n \u0111\u1ea1i v\u00e0 chuy\u00ean nghi\u1ec7p.<\/p>\n","protected":false},"excerpt":{"rendered":"<p data-start=\"32\" data-end=\"252\">B\u00e0n l\u00e0m vi\u1ec7c ch\u00e2n s\u1eaft HR120SC1 &#8211; B\u00e0n l\u00e0m vi\u1ec7c khung th\u00e9p m\u1eb7t g\u1ed7 Melamine.<br data-start=\"109\" data-end=\"112\" \/>B\u00e0n s\u1eed d\u1ee5ng y\u1ebfm t\u00f4n &#8211; HR120SC1Y1 (y\u1ebfm t\u00f4n c\u00f3 k\u00fd hi\u1ec7u: Y1 ho\u1eb7c Y2) ho\u1eb7c s\u1eed d\u1ee5ng y\u1ebfm g\u1ed7 &#8211; HR120SC1.<br \/>\nY\u1ebfm g\u1ed7 :\u00a0 <span style=\"font-size: 120%; color: #ed1c24;\"><strong>1.303.000 \u0111<\/strong><\/span><br \/>\nY\u1ebfm t\u00f4n : <span style=\"color: #ed1c24; font-size: 120%;\"><strong>1.373.000 \u0111<\/strong><\/span><br \/>\nK\u00edch th\u01b0\u1edbc: W1200 x D600 x H750 mm<br data-start=\"288\" data-end=\"291\" \/>Xu\u1ea5t x\u1ee9: S\u1ea3n ph\u1ea9m c\u1ee7a c\u00f4ng ty N\u1ed8I TH\u1ea4T THE ONE \u2013 Ph\u00e2n ph\u1ed1i b\u1edfi C\u00d4NG TY TNHH SXTM TTNT H\u1eeeU TH\u1ecaNH<br data-start=\"386\" data-end=\"389\" \/>B\u1ea3o h\u00e0nh: 12 th\u00e1ng theo ti\u00eau chu\u1ea9n nh\u00e0 m\u00e1y<br data-start=\"431\" data-end=\"434\" \/><span style=\"color: #ed1c24;\"><em data-start=\"434\" data-end=\"586\">L\u01b0u \u00fd: Gi\u00e1 tr\u00ean ch\u01b0a bao g\u1ed3m VAT v\u00e0 ph\u00ed v\u1eadn chuy\u1ec3n. Gi\u00e1 s\u1ea3n ph\u1ea9m c\u00f3 th\u1ec3 thay \u0111\u1ed5i theo t\u1eebng th\u1eddi \u0111i\u1ec3m, vui l\u00f2ng li\u00ean h\u1ec7 \u0111\u1ec3 nh\u1eadn t\u01b0 v\u1ea5n \u01b0u \u0111\u00e3i t\u1ed1t nh\u1ea5t.<\/em><\/span><\/p>\n","protected":false},"featured_media":3707,"comment_status":"open","ping_status":"closed","template":"","meta":[],"product_brand":[],"product_cat":[17,179],"product_tag":[],"class_list":{"0":"post-3706","1":"product","2":"type-product","3":"status-publish","4":"has-post-thumbnail","6":"product_cat-noi-that-van-phong","7":"product_cat-ban-lam-viec-chan-sat","9":"first","10":"instock","11":"taxable","12":"shipping-taxable","13":"purchasable","14":"product-type-simple"},"_links":{"self":[{"href":"https:\/\/noithathuuthinh.vn\/zh-hans\/wp-json\/wp\/v2\/product\/3706","targetHints":{"allow":["GET"]}}],"collection":[{"href":"https:\/\/noithathuuthinh.vn\/zh-hans\/wp-json\/wp\/v2\/product"}],"about":[{"href":"https:\/\/noithathuuthinh.vn\/zh-hans\/wp-json\/wp\/v2\/types\/product"}],"replies":[{"embeddable":true,"href":"https:\/\/noithathuuthinh.vn\/zh-hans\/wp-json\/wp\/v2\/comments?post=3706"}],"wp:featuredmedia":[{"embeddable":true,"href":"https:\/\/noithathuuthinh.vn\/zh-hans\/wp-json\/wp\/v2\/media\/3707"}],"wp:attachment":[{"href":"https:\/\/noithathuuthinh.vn\/zh-hans\/wp-json\/wp\/v2\/media?parent=3706"}],"wp:term":[{"taxonomy":"product_brand","embeddable":true,"href":"https:\/\/noithathuuthinh.vn\/zh-hans\/wp-json\/wp\/v2\/product_brand?post=3706"},{"taxonomy":"product_cat","embeddable":true,"href":"https:\/\/noithathuuthinh.vn\/zh-hans\/wp-json\/wp\/v2\/product_cat?post=3706"},{"taxonomy":"product_tag","embeddable":true,"href":"https:\/\/noithathuuthinh.vn\/zh-hans\/wp-json\/wp\/v2\/product_tag?post=3706"}],"curies":[{"name":"wp","href":"https:\/\/api.w.org\/{rel}","templated":true}]}}