{"id":3714,"date":"2025-10-21T16:48:25","date_gmt":"2025-10-21T09:48:25","guid":{"rendered":"https:\/\/noithathuuthinh.vn\/?post_type=product&#038;p=3714"},"modified":"2025-10-21T16:48:25","modified_gmt":"2025-10-21T09:48:25","slug":"ban-lam-viec-chan-sat-hrl1450c1","status":"publish","type":"product","link":"https:\/\/noithathuuthinh.vn\/zh-hans\/san-pham\/ban-lam-viec-chan-sat-hrl1450c1\/","title":{"rendered":"B\u00e0n l\u00e0m vi\u1ec7c ch\u00e2n s\u1eaft HRL1450C1"},"content":{"rendered":"<p data-start=\"632\" data-end=\"946\">B\u00e0n l\u00e0m vi\u1ec7c ch\u00e2n s\u1eaft HRL1450C1 l\u00e0 m\u1eabu b\u00e0n mang thi\u1ebft k\u1ebf hi\u1ec7n \u0111\u1ea1i, tr\u1ebb trung nh\u01b0ng v\u1eabn to\u00e1t l\u00ean v\u1ebb chuy\u00ean nghi\u1ec7p v\u00e0 sang tr\u1ecdng \u0111\u1eb7c tr\u01b0ng c\u1ee7a d\u00f2ng s\u1ea3n ph\u1ea9m n\u1ed9i th\u1ea5t v\u0103n ph\u00f2ng THE ONE. V\u1edbi ki\u1ec3u d\u00e1ng m\u1eb7t b\u00e0n l\u01b0\u1ee3n \u0111\u1ed9c \u0111\u00e1o, b\u00e0n kh\u00f4ng ch\u1ec9 t\u1ea1o \u0111i\u1ec3m nh\u1ea5n th\u1ea9m m\u1ef9 m\u00e0 c\u00f2n mang l\u1ea1i s\u1ef1 tho\u1ea3i m\u00e1i, ti\u1ec7n l\u1ee3i cho ng\u01b0\u1eddi s\u1eed d\u1ee5ng.<\/p>\n<p data-start=\"948\" data-end=\"1317\">Khung b\u00e0n \u0111\u01b0\u1ee3c l\u00e0m t\u1eeb th\u00e9p s\u01a1n t\u0129nh \u0111i\u1ec7n cao c\u1ea5p, \u0111\u1ea3m b\u1ea3o \u0111\u1ed9 b\u1ec1n v\u1eefng ch\u1eafc, kh\u1ea3 n\u0103ng ch\u1ecbu t\u1ea3i cao v\u00e0 ch\u1ed1ng g\u1ec9 s\u00e9t hi\u1ec7u qu\u1ea3. L\u1edbp s\u01a1n t\u0129nh \u0111i\u1ec7n \u0111\u01b0\u1ee3c ph\u1ee7 \u0111\u1ec1u, m\u1ecbn, gi\u00fap b\u1ea3o v\u1ec7 khung th\u00e9p kh\u1ecfi t\u00e1c \u0111\u1ed9ng c\u1ee7a m\u00f4i tr\u01b0\u1eddng, \u0111\u1ed3ng th\u1eddi mang l\u1ea1i v\u1ebb ngo\u00e0i hi\u1ec7n \u0111\u1ea1i, tinh t\u1ebf cho t\u1ed5ng th\u1ec3 s\u1ea3n ph\u1ea9m. C\u00e1c m\u1ed1i n\u1ed1i \u0111\u01b0\u1ee3c gia c\u00f4ng t\u1ec9 m\u1ec9, \u0111\u1ea3m b\u1ea3o \u0111\u1ed9 \u1ed5n \u0111\u1ecbnh khi s\u1eed d\u1ee5ng trong th\u1eddi gian d\u00e0i.<\/p>\n<p data-start=\"1319\" data-end=\"1741\">M\u1eb7t b\u00e0n \u0111\u01b0\u1ee3c ch\u1ebf t\u00e1c t\u1eeb g\u1ed7 c\u00f4ng nghi\u1ec7p ph\u1ee7 Melamine cao c\u1ea5p, n\u1ed5i b\u1eadt v\u1edbi kh\u1ea3 n\u0103ng ch\u1ed1ng tr\u1ea7y x\u01b0\u1edbc, ch\u1ed1ng \u1ea9m v\u00e0 d\u1ec5 lau ch\u00f9i. \u0110\u1eb7c bi\u1ec7t, thi\u1ebft k\u1ebf <strong data-start=\"1462\" data-end=\"1478\">m\u1eb7t b\u00e0n l\u01b0\u1ee3n<\/strong> t\u1ea1o s\u1ef1 kh\u00e1c bi\u1ec7t so v\u1edbi c\u00e1c d\u00f2ng b\u00e0n l\u00e0m vi\u1ec7c truy\u1ec1n th\u1ed1ng, gi\u00fap ng\u01b0\u1eddi d\u00f9ng c\u00f3 c\u1ea3m gi\u00e1c tho\u1ea3i m\u00e1i h\u01a1n khi ng\u1ed3i l\u00e0m vi\u1ec7c l\u00e2u d\u00e0i. Ph\u1ea7n l\u01b0\u1ee3n \u00f4m nh\u1eb9 v\u1ec1 ph\u00eda ng\u01b0\u1eddi ng\u1ed3i c\u0169ng gi\u00fap b\u1ed1 tr\u00ed m\u00e1y t\u00ednh, b\u00e0n ph\u00edm v\u00e0 t\u00e0i li\u1ec7u m\u1ed9t c\u00e1ch thu\u1eadn ti\u1ec7n, t\u1ed1i \u01b0u di\u1ec7n t\u00edch l\u00e0m vi\u1ec7c.<\/p>\n<p data-start=\"1743\" data-end=\"1822\">M\u1ed9t \u0111i\u1ec3m n\u1ed5i b\u1eadt c\u1ee7a b\u00e0n HRL1450C1 l\u00e0 t\u00ednh linh ho\u1ea1t trong l\u1ef1a ch\u1ecdn ki\u1ec3u y\u1ebfm:<\/p>\n<ul data-start=\"1823\" data-end=\"2235\">\n<li data-start=\"1823\" data-end=\"1984\">\n<p data-start=\"1825\" data-end=\"1984\"><strong data-start=\"1825\" data-end=\"1857\">Phi\u00ean b\u1ea3n y\u1ebfm g\u1ed7 (HRL1450C1)<\/strong> mang l\u1ea1i c\u1ea3m gi\u00e1c \u1ea5m \u00e1p, trang tr\u1ecdng, ph\u00f9 h\u1ee3p cho kh\u00f4ng gian v\u0103n ph\u00f2ng ri\u00eang, ph\u00f2ng chuy\u00ean vi\u00ean ho\u1eb7c ph\u00f2ng l\u00e0m vi\u1ec7c t\u1ea1i nh\u00e0.<\/p>\n<\/li>\n<li data-start=\"1985\" data-end=\"2235\">\n<p data-start=\"1987\" data-end=\"2235\"><strong data-start=\"1987\" data-end=\"2022\">Phi\u00ean b\u1ea3n y\u1ebfm t\u00f4n (HRL1450C1Y1)<\/strong> l\u1ea1i mang phong c\u00e1ch hi\u1ec7n \u0111\u1ea1i, tr\u1ebb trung v\u00e0 th\u00f4ng tho\u00e1ng h\u01a1n, gi\u00fap t\u0103ng s\u1ef1 tho\u1ea3i m\u00e1i v\u00e0 th\u1ea9m m\u1ef9 cho kh\u00f4ng gian m\u1edf. Y\u1ebfm t\u00f4n \u0111\u01b0\u1ee3c s\u01a1n t\u0129nh \u0111i\u1ec7n v\u00e0 \u0111\u1ed9t hoa v\u0103n tinh t\u1ebf, g\u00f3p ph\u1ea7n t\u1ea1o \u0111i\u1ec3m nh\u1ea5n cho thi\u1ebft k\u1ebf t\u1ed5ng th\u1ec3.<\/p>\n<\/li>\n<\/ul>\n<p data-start=\"2237\" data-end=\"2585\">K\u00edch th\u01b0\u1edbc ti\u00eau chu\u1ea9n <strong data-start=\"2259\" data-end=\"2286\">W1450 x D1350 x H750 mm<\/strong> gi\u00fap b\u00e0n HRL1450C1 v\u1eeba \u0111\u1ee7 r\u1ed9ng r\u00e3i cho m\u00e1y t\u00ednh, t\u00e0i li\u1ec7u v\u00e0 c\u00e1c thi\u1ebft b\u1ecb v\u0103n ph\u00f2ng, v\u1eeba ti\u1ebft ki\u1ec7m di\u1ec7n t\u00edch, ph\u00f9 h\u1ee3p v\u1edbi nhi\u1ec1u ki\u1ec3u b\u1ed1 tr\u00ed kh\u00f4ng gian l\u00e0m vi\u1ec7c kh\u00e1c nhau. D\u1ea1ng b\u00e0n g\u00f3c l\u01b0\u1ee3n n\u00e0y \u0111\u1eb7c bi\u1ec7t ph\u00f9 h\u1ee3p cho nh\u1eefng ng\u01b0\u1eddi th\u01b0\u1eddng xuy\u00ean l\u00e0m vi\u1ec7c v\u1edbi m\u00e1y t\u00ednh, c\u1ea7n kh\u00f4ng gian thao t\u00e1c linh ho\u1ea1t.<\/p>\n<p data-start=\"2587\" data-end=\"2890\">Ngo\u00e0i ra, b\u00e0n c\u00f3 th\u1ec3 k\u1ebft h\u1ee3p d\u1ec5 d\u00e0ng v\u1edbi h\u1ed9c di \u0111\u1ed9ng, t\u1ee7 ph\u1ee5, ho\u1eb7c gh\u1ebf v\u0103n ph\u00f2ng c\u00f9ng d\u00f2ng \u0111\u1ec3 t\u1ea1o n\u00ean b\u1ed9 s\u1ea3n ph\u1ea9m \u0111\u1ed3ng b\u1ed9, ti\u1ec7n nghi v\u00e0 chuy\u00ean nghi\u1ec7p. V\u1edbi phong c\u00e1ch thi\u1ebft k\u1ebf t\u1ed1i gi\u1ea3n, b\u00e0n HRL1450C1 ph\u00f9 h\u1ee3p cho c\u1ea3 v\u0103n ph\u00f2ng doanh nghi\u1ec7p, khu l\u00e0m vi\u1ec7c c\u00e1 nh\u00e2n ho\u1eb7c c\u00e1c d\u1ef1 \u00e1n n\u1ed9i th\u1ea5t v\u0103n ph\u00f2ng cao c\u1ea5p.<\/p>\n<p data-start=\"2892\" data-end=\"3229\">S\u1ea3n ph\u1ea9m \u0111\u01b0\u1ee3c s\u1ea3n xu\u1ea5t theo ti\u00eau chu\u1ea9n c\u1ee7a <strong data-start=\"2935\" data-end=\"2955\">N\u1ed8I TH\u1ea4T THE ONE<\/strong>, \u0111\u1ea3m b\u1ea3o \u0111\u1ed9 b\u1ec1n cao, ch\u1ea5t l\u01b0\u1ee3ng \u1ed5n \u0111\u1ecbnh v\u00e0 thi\u1ebft k\u1ebf tinh x\u1ea3o trong t\u1eebng chi ti\u1ebft. B\u00e0n \u0111\u01b0\u1ee3c l\u1eafp r\u00e1p d\u1ec5 d\u00e0ng, k\u1ebft c\u1ea5u ch\u1eafc ch\u1eafn, kh\u00f4ng rung l\u1eafc trong qu\u00e1 tr\u00ecnh s\u1eed d\u1ee5ng. Nh\u1edd v\u1eadt li\u1ec7u cao c\u1ea5p v\u00e0 c\u00f4ng ngh\u1ec7 s\u01a1n ti\u00ean ti\u1ebfn, b\u00e0n lu\u00f4n gi\u1eef \u0111\u01b0\u1ee3c v\u1ebb \u0111\u1eb9p m\u1edbi v\u00e0 b\u1ec1n m\u00e0u theo th\u1eddi gian.<\/p>\n<p data-start=\"3231\" data-end=\"3658\" data-is-last-node=\"\" data-is-only-node=\"\">V\u1edbi s\u1ef1 k\u1ebft h\u1ee3p ho\u00e0n h\u1ea3o gi\u1eefa <strong data-start=\"3260\" data-end=\"3285\">khung th\u00e9p kh\u1ecfe kho\u1eafn<\/strong>, <strong data-start=\"3287\" data-end=\"3314\">m\u1eb7t g\u1ed7 Melamine tinh t\u1ebf<\/strong> v\u00e0 <strong data-start=\"3318\" data-end=\"3344\">ki\u1ec3u d\u00e1ng l\u01b0\u1ee3n \u0111\u1ed9c \u0111\u00e1o<\/strong>, <strong data-start=\"3346\" data-end=\"3381\">b\u00e0n l\u00e0m vi\u1ec7c ch\u00e2n s\u1eaft HRL1450C1<\/strong> l\u00e0 l\u1ef1a ch\u1ecdn t\u1ed1i \u01b0u cho nh\u1eefng ai \u0111ang t\u00ecm ki\u1ebfm m\u1ed9t s\u1ea3n ph\u1ea9m v\u1eeba \u0111\u1eb9p, v\u1eeba b\u1ec1n, v\u1eeba mang l\u1ea1i s\u1ef1 tho\u1ea3i m\u00e1i trong qu\u00e1 tr\u00ecnh l\u00e0m vi\u1ec7c. \u0110\u00e2y ch\u00ednh l\u00e0 gi\u1ea3i ph\u00e1p n\u1ed9i th\u1ea5t th\u00f4ng minh gi\u00fap n\u00e2ng t\u1ea7m kh\u00f4ng gian v\u0103n ph\u00f2ng, mang l\u1ea1i ngu\u1ed3n c\u1ea3m h\u1ee9ng s\u00e1ng t\u1ea1o v\u00e0 hi\u1ec7u su\u1ea5t cao cho ng\u01b0\u1eddi s\u1eed d\u1ee5ng.<\/p>\n","protected":false},"excerpt":{"rendered":"<p data-start=\"32\" data-end=\"206\">B\u00e0n l\u00e0m vi\u1ec7c ch\u00e2n s\u1eaft HRL1450C1 &#8211; B\u00e0n l\u00e0m vi\u1ec7c khung th\u00e9p m\u1eb7t b\u00e0n l\u01b0\u1ee3n g\u1ed7 Melamine.<br data-start=\"119\" data-end=\"122\" \/>B\u00e0n s\u1eed d\u1ee5ng y\u1ebfm t\u00f4n &#8211; HRL1450C1Y1 (Y\u1ebfm t\u00f4n c\u00f3 k\u00fd hi\u1ec7u Y1) ho\u1eb7c y\u1ebfm g\u1ed7 &#8211; HRL1450C1.<br \/>\nY\u1ebfm g\u1ed7 :\u00a0 <span style=\"color: #ed1c24; font-size: 120%;\"><strong>3.762.000 \u0111<\/strong><\/span><br \/>\nY\u1ebfm t\u00f4n : <span style=\"font-size: 120%; color: #ed1c24;\"><strong>3.830.000 \u0111<\/strong><\/span><br \/>\nK\u00edch th\u01b0\u1edbc: W1450 x D1350 x H750 mm<br data-start=\"243\" data-end=\"246\" \/>Xu\u1ea5t x\u1ee9: S\u1ea3n ph\u1ea9m c\u1ee7a c\u00f4ng ty N\u1ed8I TH\u1ea4T THE ONE \u2013 Ph\u00e2n ph\u1ed1i b\u1edfi C\u00d4NG TY TNHH SXTM TTNT H\u1eeeU TH\u1ecaNH<br data-start=\"341\" data-end=\"344\" \/>B\u1ea3o h\u00e0nh: 12 th\u00e1ng theo ti\u00eau chu\u1ea9n nh\u00e0 m\u00e1y<br data-start=\"386\" data-end=\"389\" \/><span style=\"color: #ed1c24;\"><em data-start=\"389\" data-end=\"541\">L\u01b0u \u00fd: Gi\u00e1 tr\u00ean ch\u01b0a bao g\u1ed3m VAT v\u00e0 ph\u00ed v\u1eadn chuy\u1ec3n. Gi\u00e1 s\u1ea3n ph\u1ea9m c\u00f3 th\u1ec3 thay \u0111\u1ed5i theo t\u1eebng th\u1eddi \u0111i\u1ec3m, vui l\u00f2ng li\u00ean h\u1ec7 \u0111\u1ec3 nh\u1eadn t\u01b0 v\u1ea5n \u01b0u \u0111\u00e3i t\u1ed1t nh\u1ea5t.<\/em><\/span><\/p>\n","protected":false},"featured_media":3715,"comment_status":"open","ping_status":"closed","template":"","meta":[],"product_brand":[],"product_cat":[17,179],"product_tag":[],"class_list":{"0":"post-3714","1":"product","2":"type-product","3":"status-publish","4":"has-post-thumbnail","6":"product_cat-noi-that-van-phong","7":"product_cat-ban-lam-viec-chan-sat","9":"first","10":"instock","11":"taxable","12":"shipping-taxable","13":"purchasable","14":"product-type-simple"},"_links":{"self":[{"href":"https:\/\/noithathuuthinh.vn\/zh-hans\/wp-json\/wp\/v2\/product\/3714","targetHints":{"allow":["GET"]}}],"collection":[{"href":"https:\/\/noithathuuthinh.vn\/zh-hans\/wp-json\/wp\/v2\/product"}],"about":[{"href":"https:\/\/noithathuuthinh.vn\/zh-hans\/wp-json\/wp\/v2\/types\/product"}],"replies":[{"embeddable":true,"href":"https:\/\/noithathuuthinh.vn\/zh-hans\/wp-json\/wp\/v2\/comments?post=3714"}],"wp:featuredmedia":[{"embeddable":true,"href":"https:\/\/noithathuuthinh.vn\/zh-hans\/wp-json\/wp\/v2\/media\/3715"}],"wp:attachment":[{"href":"https:\/\/noithathuuthinh.vn\/zh-hans\/wp-json\/wp\/v2\/media?parent=3714"}],"wp:term":[{"taxonomy":"product_brand","embeddable":true,"href":"https:\/\/noithathuuthinh.vn\/zh-hans\/wp-json\/wp\/v2\/product_brand?post=3714"},{"taxonomy":"product_cat","embeddable":true,"href":"https:\/\/noithathuuthinh.vn\/zh-hans\/wp-json\/wp\/v2\/product_cat?post=3714"},{"taxonomy":"product_tag","embeddable":true,"href":"https:\/\/noithathuuthinh.vn\/zh-hans\/wp-json\/wp\/v2\/product_tag?post=3714"}],"curies":[{"name":"wp","href":"https:\/\/api.w.org\/{rel}","templated":true}]}}