{"id":3718,"date":"2025-10-21T16:59:21","date_gmt":"2025-10-21T09:59:21","guid":{"rendered":"https:\/\/noithathuuthinh.vn\/?post_type=product&#038;p=3718"},"modified":"2025-11-24T14:36:09","modified_gmt":"2025-11-24T07:36:09","slug":"ban-lam-viec-chan-sat-hr120sc7","status":"publish","type":"product","link":"https:\/\/noithathuuthinh.vn\/zh-hans\/san-pham\/ban-lam-viec-chan-sat-hr120sc7\/","title":{"rendered":"B\u00e0n l\u00e0m vi\u1ec7c ch\u00e2n s\u1eaft HR120SC7"},"content":{"rendered":"<p data-start=\"549\" data-end=\"913\">B\u00e0n l\u00e0m vi\u1ec7c ch\u00e2n s\u1eaft HR120SC7 l\u00e0 m\u1ed9t trong nh\u1eefng m\u1eabu b\u00e0n hi\u1ec7n \u0111\u1ea1i, tinh t\u1ebf v\u00e0 b\u1ec1n b\u1ec9 \u0111\u1ebfn t\u1eeb th\u01b0\u01a1ng hi\u1ec7u <strong data-start=\"654\" data-end=\"674\">N\u1ed8I TH\u1ea4T THE ONE<\/strong>, \u0111\u01b0\u1ee3c nhi\u1ec1u doanh nghi\u1ec7p v\u00e0 c\u00e1 nh\u00e2n l\u1ef1a ch\u1ecdn cho kh\u00f4ng gian l\u00e0m vi\u1ec7c chuy\u00ean nghi\u1ec7p. V\u1edbi ki\u1ec3u d\u00e1ng g\u1ecdn g\u00e0ng, khung ch\u00e2n s\u1eaft oval sang tr\u1ecdng c\u00f9ng m\u1eb7t b\u00e0n g\u1ed7 Melamine cao c\u1ea5p, s\u1ea3n ph\u1ea9m mang \u0111\u1ebfn s\u1ef1 h\u00e0i h\u00f2a gi\u1eefa th\u1ea9m m\u1ef9 v\u00e0 c\u00f4ng n\u0103ng s\u1eed d\u1ee5ng.<\/p>\n<p data-start=\"915\" data-end=\"1426\">\u0110i\u1ec3m n\u1ed5i b\u1eadt c\u1ee7a b\u00e0n HR120SC7 n\u1eb1m \u1edf ph\u1ea7n <strong data-start=\"956\" data-end=\"980\">khung ch\u00e2n th\u00e9p oval<\/strong> \u2013 thi\u1ebft k\u1ebf mang \u0111\u1eadm phong c\u00e1ch hi\u1ec7n \u0111\u1ea1i v\u00e0 tr\u1ebb trung. C\u00e1c thanh th\u00e9p \u0111\u01b0\u1ee3c u\u1ed1n cong m\u1ec1m m\u1ea1i, t\u1ea1o n\u00ean v\u1ebb ngo\u00e0i thanh tho\u00e1t nh\u01b0ng v\u1eabn \u0111\u1ea3m b\u1ea3o \u0111\u1ed9 v\u1eefng ch\u1eafc v\u00e0 ch\u1ecbu l\u1ef1c t\u1ed1t. Khung ch\u00e2n \u0111\u01b0\u1ee3c <strong data-start=\"1166\" data-end=\"1197\">s\u01a1n t\u0129nh \u0111i\u1ec7n c\u00f4ng ngh\u1ec7 cao<\/strong>, gi\u00fap b\u1ec1 m\u1eb7t b\u00f3ng m\u1ecbn, ch\u1ed1ng g\u1ec9 s\u00e9t, ch\u1ed1ng tr\u1ea7y x\u01b0\u1edbc v\u00e0 duy tr\u00ec \u0111\u1ed9 b\u1ec1n m\u00e0u trong su\u1ed1t qu\u00e1 tr\u00ecnh s\u1eed d\u1ee5ng. Ki\u1ec3u d\u00e1ng ch\u00e2n oval c\u00f2n gi\u00fap b\u00e0n tr\u00f4ng nh\u1eb9 nh\u00e0ng h\u01a1n, d\u1ec5 d\u00e0ng ph\u1ed1i h\u1ee3p v\u1edbi nhi\u1ec1u phong c\u00e1ch n\u1ed9i th\u1ea5t v\u0103n ph\u00f2ng kh\u00e1c nhau.<\/p>\n<p data-start=\"1428\" data-end=\"1867\"><strong data-start=\"1428\" data-end=\"1451\">M\u1eb7t b\u00e0n g\u1ed7 Melamine<\/strong> \u0111\u01b0\u1ee3c gia c\u00f4ng t\u1ec9 m\u1ec9, b\u1ec1 m\u1eb7t ph\u1eb3ng m\u1ecbn, d\u1ec5 v\u1ec7 sinh v\u00e0 c\u00f3 kh\u1ea3 n\u0103ng ch\u1ed1ng \u1ea9m, ch\u1ed1ng tr\u1ea7y x\u01b0\u1edbc hi\u1ec7u qu\u1ea3. M\u00e0u s\u1eafc trang nh\u00e3, sang tr\u1ecdng c\u1ee7a Melamine gi\u00fap kh\u00f4ng gian l\u00e0m vi\u1ec7c tr\u1edf n\u00ean hi\u1ec7n \u0111\u1ea1i, s\u00e1ng s\u1ee7a v\u00e0 th\u00e2n thi\u1ec7n h\u01a1n. V\u1edbi k\u00edch th\u01b0\u1edbc ti\u00eau chu\u1ea9n <strong data-start=\"1693\" data-end=\"1719\">W1200 x D600 x H750 mm<\/strong>, b\u00e0n HR120SC7 ph\u00f9 h\u1ee3p cho m\u1ed9t ng\u01b0\u1eddi s\u1eed d\u1ee5ng, th\u00edch h\u1ee3p b\u1ed1 tr\u00ed t\u1ea1i v\u0103n ph\u00f2ng c\u00f4ng ty, khu l\u00e0m vi\u1ec7c nh\u00f3m ho\u1eb7c kh\u00f4ng gian h\u1ecdc t\u1eadp, l\u00e0m vi\u1ec7c t\u1ea1i nh\u00e0.<\/p>\n<p data-start=\"1869\" data-end=\"2250\">Ngo\u00e0i ra, b\u00e0n c\u00f2n c\u00f3 th\u1ec3 k\u1ebft h\u1ee3p d\u1ec5 d\u00e0ng v\u1edbi c\u00e1c s\u1ea3n ph\u1ea9m n\u1ed9i th\u1ea5t kh\u00e1c nh\u01b0 <strong data-start=\"1945\" data-end=\"1960\">h\u1ed9c di \u0111\u1ed9ng<\/strong>, <strong data-start=\"1962\" data-end=\"1984\">gh\u1ebf xoay v\u0103n ph\u00f2ng<\/strong>, ho\u1eb7c <strong data-start=\"1991\" data-end=\"2017\">v\u00e1ch ng\u0103n b\u00e0n l\u00e0m vi\u1ec7c<\/strong>, gi\u00fap t\u1ed1i \u01b0u di\u1ec7n t\u00edch v\u00e0 mang l\u1ea1i s\u1ef1 ti\u1ec7n nghi t\u1ed1i \u0111a cho ng\u01b0\u1eddi s\u1eed d\u1ee5ng. C\u00e1c chi ti\u1ebft \u0111\u01b0\u1ee3c gia c\u00f4ng ch\u00ednh x\u00e1c, g\u00f3c c\u1ea1nh bo tr\u00f2n an to\u00e0n, h\u1ea1n ch\u1ebf va ch\u1ea1m trong qu\u00e1 tr\u00ecnh s\u1eed d\u1ee5ng, \u0111\u1eb7c bi\u1ec7t ph\u00f9 h\u1ee3p v\u1edbi m\u00f4i tr\u01b0\u1eddng l\u00e0m vi\u1ec7c n\u0103ng \u0111\u1ed9ng.<\/p>\n<p data-start=\"2252\" data-end=\"2682\">M\u1ed9t \u01b0u \u0111i\u1ec3m \u0111\u00e1ng ch\u00fa \u00fd kh\u00e1c c\u1ee7a b\u00e0n l\u00e0m vi\u1ec7c HR120SC7 l\u00e0 <strong data-start=\"2309\" data-end=\"2353\">t\u00ednh linh ho\u1ea1t trong l\u1ef1a ch\u1ecdn k\u00edch th\u01b0\u1edbc<\/strong>. Ngo\u00e0i m\u1eabu ti\u00eau chu\u1ea9n HR120SC7 (W1200 x D600 x H750 mm), s\u1ea3n ph\u1ea9m c\u00f2n c\u00f3 nhi\u1ec1u bi\u1ebfn th\u1ec3 kh\u00e1c nh\u01b0 HR100SC7, HR140C7, HR140SC7&#8230; gi\u00fap ng\u01b0\u1eddi d\u00f9ng d\u1ec5 d\u00e0ng ch\u1ecdn l\u1ef1a theo nhu c\u1ea7u v\u00e0 di\u1ec7n t\u00edch kh\u00f4ng gian. D\u00f9 \u1edf phi\u00ean b\u1ea3n n\u00e0o, b\u00e0n v\u1eabn gi\u1eef nguy\u00ean thi\u1ebft k\u1ebf khung oval \u0111\u1eb7c tr\u01b0ng, \u0111\u1ea3m b\u1ea3o \u0111\u1ed3ng b\u1ed9 th\u1ea9m m\u1ef9 cho to\u00e0n b\u1ed9 kh\u00f4ng gian v\u0103n ph\u00f2ng.<\/p>\n<p data-start=\"2684\" data-end=\"3017\">V\u1edbi thi\u1ebft k\u1ebf <strong data-start=\"2697\" data-end=\"2723\">t\u1ed1i gi\u1ea3n nh\u01b0ng tinh t\u1ebf<\/strong>, HR120SC7 kh\u00f4ng ch\u1ec9 l\u00e0 n\u01a1i l\u00e0m vi\u1ec7c l\u00fd t\u01b0\u1edfng m\u00e0 c\u00f2n l\u00e0 m\u1ed9t ph\u1ea7n trang tr\u00ed n\u1ed9i th\u1ea5t gi\u00fap t\u00f4n l\u00ean phong c\u00e1ch chuy\u00ean nghi\u1ec7p v\u00e0 hi\u1ec7n \u0111\u1ea1i. \u0110\u1eb7c bi\u1ec7t, s\u1ea3n ph\u1ea9m \u0111\u01b0\u1ee3c s\u1ea3n xu\u1ea5t tr\u00ean d\u00e2y chuy\u1ec1n c\u00f4ng ngh\u1ec7 ti\u00ean ti\u1ebfn c\u1ee7a <strong data-start=\"2931\" data-end=\"2951\">N\u1ed8I TH\u1ea4T THE ONE<\/strong>, \u0111\u1ea3m b\u1ea3o ch\u1ea5t l\u01b0\u1ee3ng, \u0111\u1ed9 b\u1ec1n v\u00e0 t\u00ednh \u1ed5n \u0111\u1ecbnh cao theo th\u1eddi gian.<\/p>\n<p data-start=\"3019\" data-end=\"3368\">N\u1ebfu b\u1ea1n \u0111ang t\u00ecm ki\u1ebfm m\u1ed9t chi\u1ebfc b\u00e0n l\u00e0m vi\u1ec7c <strong data-start=\"3064\" data-end=\"3112\">ch\u1eafc ch\u1eafn, g\u1ecdn g\u00e0ng v\u00e0 mang h\u01a1i th\u1edf hi\u1ec7n \u0111\u1ea1i<\/strong>, th\u00ec <strong data-start=\"3118\" data-end=\"3152\">b\u00e0n l\u00e0m vi\u1ec7c ch\u00e2n s\u1eaft HR120SC7<\/strong> ch\u00ednh l\u00e0 l\u1ef1a ch\u1ecdn ho\u00e0n h\u1ea3o. S\u1ea3n ph\u1ea9m ph\u00f9 h\u1ee3p cho m\u1ecdi kh\u00f4ng gian \u2013 t\u1eeb v\u0103n ph\u00f2ng c\u00f4ng ty, ph\u00f2ng l\u00e0m vi\u1ec7c c\u00e1 nh\u00e2n cho \u0111\u1ebfn khu h\u1ecdc t\u1eadp gia \u0111\u00ecnh \u2013 mang l\u1ea1i c\u1ea3m gi\u00e1c tho\u1ea3i m\u00e1i, n\u0103ng su\u1ea5t v\u00e0 phong c\u00e1ch cho ng\u01b0\u1eddi s\u1eed d\u1ee5ng.<\/p>\n<p data-start=\"3370\" data-end=\"3605\" data-is-last-node=\"\" data-is-only-node=\"\">V\u1edbi <strong data-start=\"3374\" data-end=\"3456\">s\u1ef1 k\u1ebft h\u1ee3p h\u00e0i h\u00f2a gi\u1eefa khung th\u00e9p oval thanh tho\u00e1t v\u00e0 m\u1eb7t g\u1ed7 Melamine b\u1ec1n \u0111\u1eb9p<\/strong>, b\u00e0n HR120SC7 kh\u00f4ng ch\u1ec9 l\u00e0 m\u1ed9t m\u00f3n n\u1ed9i th\u1ea5t ti\u1ec7n \u00edch m\u00e0 c\u00f2n l\u00e0 \u0111i\u1ec3m nh\u1ea5n tinh t\u1ebf, g\u00f3p ph\u1ea7n ho\u00e0n thi\u1ec7n kh\u00f4ng gian l\u00e0m vi\u1ec7c hi\u1ec7n \u0111\u1ea1i v\u00e0 chuy\u00ean nghi\u1ec7p.<\/p>\n","protected":false},"excerpt":{"rendered":"<p data-start=\"32\" data-end=\"125\">B\u00e0n l\u00e0m vi\u1ec7c ch\u00e2n s\u1eaft HR120SC7 &#8211; B\u00e0n l\u00e0m vi\u1ec7c khung th\u00e9p \u1ed1ng oval, m\u1eb7t b\u00e0n g\u1ed7 Melamine.<\/p>\n<p data-start=\"127\" data-end=\"461\">K\u00edch th\u01b0\u1edbc: W1200 x D600 x H750 mm<br data-start=\"161\" data-end=\"164\" \/>Xu\u1ea5t x\u1ee9: S\u1ea3n ph\u1ea9m c\u1ee7a c\u00f4ng ty N\u1ed8I TH\u1ea4T THE ONE \u2013 Ph\u00e2n ph\u1ed1i b\u1edfi C\u00d4NG TY TNHH SXTM TTNT H\u1eeeU TH\u1ecaNH<br data-start=\"259\" data-end=\"262\" \/>B\u1ea3o h\u00e0nh: 12 th\u00e1ng theo ti\u00eau chu\u1ea9n nh\u00e0 m\u00e1y<br data-start=\"304\" data-end=\"307\" \/><em data-start=\"307\" data-end=\"459\">L\u01b0u \u00fd: Gi\u00e1 tr\u00ean ch\u01b0a bao g\u1ed3m VAT v\u00e0 ph\u00ed v\u1eadn chuy\u1ec3n. Gi\u00e1 s\u1ea3n ph\u1ea9m c\u00f3 th\u1ec3 thay \u0111\u1ed5i theo t\u1eebng th\u1eddi \u0111i\u1ec3m, vui l\u00f2ng li\u00ean h\u1ec7 \u0111\u1ec3 nh\u1eadn t\u01b0 v\u1ea5n \u01b0u \u0111\u00e3i t\u1ed1t nh\u1ea5t.<\/em><\/p>\n","protected":false},"featured_media":3719,"comment_status":"open","ping_status":"closed","template":"","meta":[],"product_brand":[],"product_cat":[17,179],"product_tag":[],"class_list":{"0":"post-3718","1":"product","2":"type-product","3":"status-publish","4":"has-post-thumbnail","6":"product_cat-noi-that-van-phong","7":"product_cat-ban-lam-viec-chan-sat","9":"first","10":"instock","11":"taxable","12":"shipping-taxable","13":"purchasable","14":"product-type-simple"},"_links":{"self":[{"href":"https:\/\/noithathuuthinh.vn\/zh-hans\/wp-json\/wp\/v2\/product\/3718","targetHints":{"allow":["GET"]}}],"collection":[{"href":"https:\/\/noithathuuthinh.vn\/zh-hans\/wp-json\/wp\/v2\/product"}],"about":[{"href":"https:\/\/noithathuuthinh.vn\/zh-hans\/wp-json\/wp\/v2\/types\/product"}],"replies":[{"embeddable":true,"href":"https:\/\/noithathuuthinh.vn\/zh-hans\/wp-json\/wp\/v2\/comments?post=3718"}],"wp:featuredmedia":[{"embeddable":true,"href":"https:\/\/noithathuuthinh.vn\/zh-hans\/wp-json\/wp\/v2\/media\/3719"}],"wp:attachment":[{"href":"https:\/\/noithathuuthinh.vn\/zh-hans\/wp-json\/wp\/v2\/media?parent=3718"}],"wp:term":[{"taxonomy":"product_brand","embeddable":true,"href":"https:\/\/noithathuuthinh.vn\/zh-hans\/wp-json\/wp\/v2\/product_brand?post=3718"},{"taxonomy":"product_cat","embeddable":true,"href":"https:\/\/noithathuuthinh.vn\/zh-hans\/wp-json\/wp\/v2\/product_cat?post=3718"},{"taxonomy":"product_tag","embeddable":true,"href":"https:\/\/noithathuuthinh.vn\/zh-hans\/wp-json\/wp\/v2\/product_tag?post=3718"}],"curies":[{"name":"wp","href":"https:\/\/api.w.org\/{rel}","templated":true}]}}