{"id":3730,"date":"2025-10-22T11:17:33","date_gmt":"2025-10-22T04:17:33","guid":{"rendered":"https:\/\/noithathuuthinh.vn\/?post_type=product&#038;p=3730"},"modified":"2025-11-24T14:35:16","modified_gmt":"2025-11-24T07:35:16","slug":"ban-lam-viec-chan-sat-hr120sc8","status":"publish","type":"product","link":"https:\/\/noithathuuthinh.vn\/zh-hans\/san-pham\/ban-lam-viec-chan-sat-hr120sc8\/","title":{"rendered":"B\u00e0n l\u00e0m vi\u1ec7c ch\u00e2n s\u1eaft HR120SC8"},"content":{"rendered":"<p data-start=\"781\" data-end=\"1152\">B\u00e0n l\u00e0m vi\u1ec7c ch\u00e2n s\u1eaft HR120SC8 l\u00e0 m\u1eabu b\u00e0n nh\u00e2n vi\u00ean mang phong c\u00e1ch t\u1ed1i gi\u1ea3n, tr\u1ebb trung v\u00e0 hi\u1ec7n \u0111\u1ea1i, \u0111\u01b0\u1ee3c nhi\u1ec1u doanh nghi\u1ec7p \u01b0a chu\u1ed9ng trong thi\u1ebft k\u1ebf v\u0103n ph\u00f2ng hi\u1ec7n nay. V\u1edbi khung th\u00e9p ch\u00e2n t\u00f3p ch\u1eafc ch\u1eafn c\u00f9ng m\u1eb7t b\u00e0n g\u1ed7 melamine b\u1ec1n \u0111\u1eb9p, s\u1ea3n ph\u1ea9m mang l\u1ea1i s\u1ef1 c\u00e2n b\u1eb1ng gi\u1eefa th\u1ea9m m\u1ef9 v\u00e0 c\u00f4ng n\u0103ng, th\u00edch h\u1ee3p cho c\u1ea3 kh\u00f4ng gian l\u00e0m vi\u1ec7c c\u00e1 nh\u00e2n l\u1eabn m\u00f4i tr\u01b0\u1eddng l\u00e0m vi\u1ec7c nh\u00f3m.<\/p>\n<p data-start=\"1154\" data-end=\"1589\">Khung b\u00e0n HR120SC8 \u0111\u01b0\u1ee3c l\u00e0m t\u1eeb th\u00e9p s\u01a1n t\u0129nh \u0111i\u1ec7n, ch\u1ed1ng g\u1ec9 s\u00e9t v\u00e0 \u0111\u1ea3m b\u1ea3o \u0111\u1ed9 b\u1ec1n v\u01b0\u1ee3t tr\u1ed9i theo th\u1eddi gian. Thi\u1ebft k\u1ebf ch\u00e2n t\u00f3p (thon g\u1ecdn d\u1ea7n \u1edf ph\u1ea7n d\u01b0\u1edbi) kh\u00f4ng ch\u1ec9 t\u1ea1o c\u1ea3m gi\u00e1c nh\u1eb9 nh\u00e0ng, thanh tho\u00e1t m\u00e0 c\u00f2n gi\u00fap b\u00e0n c\u00f3 v\u1ebb hi\u1ec7n \u0111\u1ea1i v\u00e0 tinh t\u1ebf h\u01a1n so v\u1edbi c\u00e1c m\u1eabu b\u00e0n truy\u1ec1n th\u1ed1ng. C\u1ea5u tr\u00fac n\u00e0y gi\u00fap t\u1ed1i \u01b0u di\u1ec7n t\u00edch, d\u1ec5 d\u00e0ng k\u1ebft h\u1ee3p nhi\u1ec1u b\u00e0n l\u1ea1i th\u00e0nh c\u1ee5m l\u00e0m vi\u1ec7c, \u0111\u1ed3ng th\u1eddi gi\u1eef cho kh\u00f4ng gian v\u0103n ph\u00f2ng th\u00f4ng tho\u00e1ng v\u00e0 chuy\u00ean nghi\u1ec7p.<\/p>\n<p data-start=\"1591\" data-end=\"1988\">M\u1eb7t b\u00e0n \u0111\u01b0\u1ee3c l\u00e0m t\u1eeb g\u1ed7 c\u00f4ng nghi\u1ec7p ph\u1ee7 melamine cao c\u1ea5p, c\u00f3 kh\u1ea3 n\u0103ng ch\u1ed1ng tr\u1ea7y x\u01b0\u1edbc, ch\u1ed1ng \u1ea9m v\u00e0 d\u1ec5 lau ch\u00f9i. L\u1edbp ph\u1ee7 melamine gi\u00fap m\u00e0u s\u1eafc b\u00e0n lu\u00f4n b\u1ec1n, kh\u00f4ng phai theo th\u1eddi gian, \u0111\u1ed3ng th\u1eddi mang l\u1ea1i b\u1ec1 m\u1eb7t ph\u1eb3ng m\u1ecbn, d\u1ec5 vi\u1ebft, d\u1ec5 \u0111\u1eb7t thi\u1ebft b\u1ecb \u0111i\u1ec7n t\u1eed nh\u01b0 m\u00e1y t\u00ednh, b\u00e0n ph\u00edm hay t\u00e0i li\u1ec7u v\u0103n ph\u00f2ng. C\u1ea1nh b\u00e0n \u0111\u01b0\u1ee3c x\u1eed l\u00fd bo tr\u00f2n tinh t\u1ebf, \u0111\u1ea3m b\u1ea3o an to\u00e0n cho ng\u01b0\u1eddi s\u1eed d\u1ee5ng trong qu\u00e1 tr\u00ecnh l\u00e0m vi\u1ec7c.<\/p>\n<p data-start=\"1990\" data-end=\"2412\">Kh\u00e1c v\u1edbi nhi\u1ec1u m\u1eabu b\u00e0n c\u00f3 y\u1ebfm t\u00f4n truy\u1ec1n th\u1ed1ng, HR120SC8 \u0111\u01b0\u1ee3c thi\u1ebft k\u1ebf <strong data-start=\"2061\" data-end=\"2077\">kh\u00f4ng c\u00f3 y\u1ebfm<\/strong>, ph\u00f9 h\u1ee3p cho c\u00e1c kh\u00f4ng gian l\u00e0m vi\u1ec7c m\u1edf, n\u01a1i \u0111\u1ec1 cao t\u00ednh linh ho\u1ea1t v\u00e0 phong c\u00e1ch hi\u1ec7n \u0111\u1ea1i. Ki\u1ec3u d\u00e1ng n\u00e0y gi\u00fap b\u00e0n d\u1ec5 d\u00e0ng k\u1ebft h\u1ee3p trong c\u00e1c kh\u00f4ng gian coworking ho\u1eb7c b\u1ed1 tr\u00ed theo nh\u00f3m, \u0111\u1ed3ng th\u1eddi t\u1ea1o c\u1ea3m gi\u00e1c r\u1ed9ng r\u00e3i, tho\u00e1ng kh\u00ed. Khi c\u1ea7n, ng\u01b0\u1eddi d\u00f9ng c\u00f3 th\u1ec3 l\u1eafp th\u00eam h\u1ed9c di \u0111\u1ed9ng ho\u1eb7c v\u00e1ch ng\u0103n th\u1ea5p \u0111\u1ec3 t\u0103ng t\u00ednh ti\u1ec7n d\u1ee5ng v\u00e0 ri\u00eang t\u01b0.<\/p>\n<p data-start=\"2414\" data-end=\"2741\">B\u00e0n l\u00e0m vi\u1ec7c ch\u00e2n s\u1eaft HR120SC8 c\u00f3 nhi\u1ec1u k\u00edch th\u01b0\u1edbc kh\u00e1c nhau \u0111\u1ec3 ph\u00f9 h\u1ee3p v\u1edbi nhu c\u1ea7u s\u1eed d\u1ee5ng. M\u1eabu <strong data-start=\"2511\" data-end=\"2530\">W1200 x D600 mm<\/strong> ph\u00f9 h\u1ee3p cho kh\u00f4ng gian nh\u1ecf ho\u1eb7c b\u00e0n c\u00e1 nh\u00e2n; trong khi k\u00edch th\u01b0\u1edbc <strong data-start=\"2597\" data-end=\"2616\">W1200 x D700 mm<\/strong> v\u00e0 <strong data-start=\"2620\" data-end=\"2639\">W1400 x D700 mm<\/strong> \u0111em l\u1ea1i m\u1eb7t b\u00e0n r\u1ed9ng h\u01a1n, tho\u1ea3i m\u00e1i khi b\u1ed1 tr\u00ed m\u00e1y t\u00ednh, t\u00e0i li\u1ec7u ho\u1eb7c c\u00e1c thi\u1ebft b\u1ecb v\u0103n ph\u00f2ng kh\u00e1c.<\/p>\n<p data-start=\"2743\" data-end=\"3097\">Nh\u1edd thi\u1ebft k\u1ebf khung s\u1eaft ch\u1eafc ch\u1eafn v\u00e0 m\u1eb7t b\u00e0n g\u1ed7 melamine cao c\u1ea5p, HR120SC8 c\u00f3 th\u1ec3 k\u1ebft h\u1ee3p linh ho\u1ea1t v\u1edbi nhi\u1ec1u lo\u1ea1i gh\u1ebf nh\u01b0 gh\u1ebf xoay nh\u00e2n vi\u00ean, gh\u1ebf l\u01b0\u1edbi ho\u1eb7c gh\u1ebf ch\u00e2n qu\u1ef3, mang l\u1ea1i kh\u00f4ng gian l\u00e0m vi\u1ec7c \u0111\u1ed3ng b\u1ed9 v\u00e0 chuy\u00ean nghi\u1ec7p. Ngo\u00e0i ra, b\u00e0n c\u00f2n c\u00f3 th\u1ec3 k\u1ebft h\u1ee3p d\u1ec5 d\u00e0ng v\u1edbi c\u00e1c t\u1ee7 ph\u1ee5, h\u1ed9c di \u0111\u1ed9ng ho\u1eb7c v\u00e1ch ng\u0103n \u0111\u1ec3 t\u1ea1o n\u00ean c\u1ee5m b\u00e0n l\u00e0m vi\u1ec7c nh\u00f3m \u0111\u1ed3ng nh\u1ea5t.<\/p>\n<p data-start=\"3099\" data-end=\"3407\">S\u1ea3n ph\u1ea9m <strong data-start=\"3108\" data-end=\"3142\">B\u00e0n l\u00e0m vi\u1ec7c ch\u00e2n s\u1eaft HR120SC8<\/strong> \u0111\u01b0\u1ee3c s\u1ea3n xu\u1ea5t tr\u1ef1c ti\u1ebfp b\u1edfi <strong data-start=\"3171\" data-end=\"3191\">N\u1ed8I TH\u1ea4T THE ONE<\/strong> v\u00e0 ph\u00e2n ph\u1ed1i ch\u00ednh th\u1ee9c qua <strong data-start=\"3220\" data-end=\"3256\">C\u00d4NG TY TNHH SXTM TTNT H\u1eeeU TH\u1ecaNH<\/strong>, \u0111\u1ea3m b\u1ea3o ch\u1ea5t l\u01b0\u1ee3ng, \u0111\u1ed9 b\u1ec1n v\u00e0 t\u00ednh th\u1ea9m m\u1ef9 cao. B\u00e0n \u0111\u01b0\u1ee3c b\u1ea3o h\u00e0nh 12 th\u00e1ng theo ti\u00eau chu\u1ea9n nh\u00e0 m\u00e1y, gi\u00fap kh\u00e1ch h\u00e0ng an t\u00e2m trong qu\u00e1 tr\u00ecnh s\u1eed d\u1ee5ng.<\/p>\n<p data-start=\"3409\" data-end=\"3763\" data-is-last-node=\"\" data-is-only-node=\"\">V\u1edbi thi\u1ebft k\u1ebf hi\u1ec7n \u0111\u1ea1i, v\u1eadt li\u1ec7u cao c\u1ea5p v\u00e0 m\u1ee9c gi\u00e1 h\u1ee3p l\u00fd, <strong data-start=\"3468\" data-end=\"3502\">B\u00e0n l\u00e0m vi\u1ec7c ch\u00e2n s\u1eaft HR120SC8<\/strong> l\u00e0 l\u1ef1a ch\u1ecdn l\u00fd t\u01b0\u1edfng cho c\u00e1c doanh nghi\u1ec7p, c\u01a1 quan ho\u1eb7c h\u1ed9 kinh doanh \u0111ang t\u00ecm ki\u1ebfm gi\u1ea3i ph\u00e1p n\u1ed9i th\u1ea5t v\u0103n ph\u00f2ng b\u1ec1n \u0111\u1eb9p, t\u1ed1i gi\u1ea3n v\u00e0 ti\u1ec7n nghi. Li\u00ean h\u1ec7 ngay <strong data-start=\"3661\" data-end=\"3697\">C\u00d4NG TY TNHH SXTM TTNT H\u1eeeU TH\u1ecaNH<\/strong> \u0111\u1ec3 \u0111\u01b0\u1ee3c t\u01b0 v\u1ea5n chi ti\u1ebft v\u00e0 nh\u1eadn b\u00e1o gi\u00e1 \u01b0u \u0111\u00e3i nh\u1ea5t cho s\u1ea3n ph\u1ea9m.<\/p>\n","protected":false},"excerpt":{"rendered":"<p>B\u00e0n l\u00e0m vi\u1ec7c ch\u00e2n s\u1eaft HR120SC8 l\u00e0 b\u00e0n l\u00e0m vi\u1ec7c nh\u00e2n vi\u00ean c\u00f3 khung th\u00e9p thi\u1ebft k\u1ebf ch\u00e2n t\u00f3p hi\u1ec7n \u0111\u1ea1i, m\u1eb7t g\u1ed7 melamine v\u00e0 kh\u00f4ng c\u00f3 y\u1ebfm, ph\u00f9 h\u1ee3p v\u1edbi nhi\u1ec1u kh\u00f4ng gian l\u00e0m vi\u1ec7c m\u1edf.<br data-start=\"216\" data-end=\"219\" \/>K\u00edch th\u01b0\u1edbc:<br data-start=\"230\" data-end=\"233\" \/>W1200 x D600 x H750 (mm) &#8211; <span style=\"font-size: 120%; color: #ed1c24;\"><strong>1.138.000 \u0111<\/strong><\/span><br data-start=\"267\" data-end=\"270\" \/>W1200 x D700 x H750 (mm) &#8211; <span style=\"color: #ed1c24; font-size: 120%;\"><strong>1.238.000 \u0111<\/strong><\/span><br data-start=\"303\" data-end=\"306\" data-is-only-node=\"\" \/>W1400 x D700 x H750 (mm) &#8211; <span style=\"color: #ed1c24; font-size: 120%;\"><strong>1.291.000 \u0111<\/strong><\/span><br data-start=\"339\" data-end=\"342\" \/>Xu\u1ea5t x\u1ee9: S\u1ea3n ph\u1ea9m c\u1ee7a c\u00f4ng ty N\u1ed8I TH\u1ea4T THE ONE \u2013 Ph\u00e2n ph\u1ed1i b\u1edfi C\u00d4NG TY TNHH SXTM TTNT H\u1eeeU TH\u1ecaNH<br data-start=\"437\" data-end=\"440\" \/>B\u1ea3o h\u00e0nh: 12 th\u00e1ng theo ti\u00eau chu\u1ea9n nh\u00e0 m\u00e1y.<br data-start=\"482\" data-end=\"485\" \/><span style=\"color: #ed1c24;\"><em data-start=\"485\" data-end=\"729\">L\u01b0u \u00fd: M\u00e0u s\u1eafc hi\u1ec3n th\u1ecb tr\u00ean website c\u00f3 th\u1ec3 kh\u00f4ng ch\u00ednh x\u00e1c do ch\u1ee5p \u1ea3nh ho\u1eb7c m\u00f4 ph\u1ecfng b\u1eb1ng \u1ea3nh 3D. Gi\u00e1 tr\u00ean ch\u01b0a bao g\u1ed3m VAT v\u00e0 ph\u00ed v\u1eadn chuy\u1ec3n. Gi\u00e1 s\u1ea3n ph\u1ea9m c\u00f3 th\u1ec3 thay \u0111\u1ed5i theo t\u1eebng th\u1eddi \u0111i\u1ec3m, vui l\u00f2ng li\u00ean h\u1ec7 \u0111\u1ec3 nh\u1eadn t\u01b0 v\u1ea5n \u01b0u \u0111\u00e3i t\u1ed1t nh\u1ea5t.<\/em><\/span><\/p>\n","protected":false},"featured_media":3732,"comment_status":"open","ping_status":"closed","template":"","meta":[],"product_brand":[],"product_cat":[17,179],"product_tag":[],"class_list":{"0":"post-3730","1":"product","2":"type-product","3":"status-publish","4":"has-post-thumbnail","6":"product_cat-noi-that-van-phong","7":"product_cat-ban-lam-viec-chan-sat","9":"first","10":"instock","11":"taxable","12":"shipping-taxable","13":"purchasable","14":"product-type-simple"},"_links":{"self":[{"href":"https:\/\/noithathuuthinh.vn\/zh-hans\/wp-json\/wp\/v2\/product\/3730","targetHints":{"allow":["GET"]}}],"collection":[{"href":"https:\/\/noithathuuthinh.vn\/zh-hans\/wp-json\/wp\/v2\/product"}],"about":[{"href":"https:\/\/noithathuuthinh.vn\/zh-hans\/wp-json\/wp\/v2\/types\/product"}],"replies":[{"embeddable":true,"href":"https:\/\/noithathuuthinh.vn\/zh-hans\/wp-json\/wp\/v2\/comments?post=3730"}],"wp:featuredmedia":[{"embeddable":true,"href":"https:\/\/noithathuuthinh.vn\/zh-hans\/wp-json\/wp\/v2\/media\/3732"}],"wp:attachment":[{"href":"https:\/\/noithathuuthinh.vn\/zh-hans\/wp-json\/wp\/v2\/media?parent=3730"}],"wp:term":[{"taxonomy":"product_brand","embeddable":true,"href":"https:\/\/noithathuuthinh.vn\/zh-hans\/wp-json\/wp\/v2\/product_brand?post=3730"},{"taxonomy":"product_cat","embeddable":true,"href":"https:\/\/noithathuuthinh.vn\/zh-hans\/wp-json\/wp\/v2\/product_cat?post=3730"},{"taxonomy":"product_tag","embeddable":true,"href":"https:\/\/noithathuuthinh.vn\/zh-hans\/wp-json\/wp\/v2\/product_tag?post=3730"}],"curies":[{"name":"wp","href":"https:\/\/api.w.org\/{rel}","templated":true}]}}