{"id":3743,"date":"2025-10-22T11:54:38","date_gmt":"2025-10-22T04:54:38","guid":{"rendered":"https:\/\/noithathuuthinh.vn\/?post_type=product&#038;p=3743"},"modified":"2025-11-24T14:34:40","modified_gmt":"2025-11-24T07:34:40","slug":"ban-lam-viec-chan-sat-hr140hlc8y1","status":"publish","type":"product","link":"https:\/\/noithathuuthinh.vn\/zh-hans\/san-pham\/ban-lam-viec-chan-sat-hr140hlc8y1\/","title":{"rendered":"B\u00e0n l\u00e0m vi\u1ec7c ch\u00e2n s\u1eaft HR140HLC8Y1"},"content":{"rendered":"<p data-start=\"863\" data-end=\"1219\">B\u00e0n l\u00e0m vi\u1ec7c ch\u00e2n s\u1eaft HR140HLC8Y1 l\u00e0 l\u1ef1a ch\u1ecdn ho\u00e0n h\u1ea3o d\u00e0nh cho c\u00e1c kh\u00f4ng gian v\u0103n ph\u00f2ng hi\u1ec7n \u0111\u1ea1i c\u1ea7n s\u1ef1 k\u1ebft h\u1ee3p gi\u1eefa t\u00ednh th\u1ea9m m\u1ef9, \u0111\u1ed9 b\u1ec1n v\u00e0 s\u1ef1 ti\u1ec7n nghi. V\u1edbi thi\u1ebft k\u1ebf ch\u00e2n s\u1eaft t\u00f3p, m\u1eb7t b\u00e0n g\u1ed7 Melamine, h\u1ed9c li\u1ec1n v\u00e0 y\u1ebfm t\u00f4n \u0111\u1ed9t l\u1ed7 trang tr\u00ed, s\u1ea3n ph\u1ea9m kh\u00f4ng ch\u1ec9 mang l\u1ea1i s\u1ef1 g\u1ecdn g\u00e0ng m\u00e0 c\u00f2n gi\u00fap kh\u00f4ng gian l\u00e0m vi\u1ec7c tr\u1edf n\u00ean sang tr\u1ecdng v\u00e0 chuy\u00ean nghi\u1ec7p h\u01a1n.<\/p>\n<p data-start=\"1221\" data-end=\"1645\">Khung ch\u00e2n b\u00e0n \u0111\u01b0\u1ee3c s\u1ea3n xu\u1ea5t t\u1eeb <strong data-start=\"1253\" data-end=\"1284\">th\u00e9p \u1ed1ng oval s\u01a1n t\u0129nh \u0111i\u1ec7n<\/strong> cao c\u1ea5p, c\u00f3 kh\u1ea3 n\u0103ng ch\u1ed1ng g\u1ec9 s\u00e9t, ch\u1ed1ng tr\u1ea7y x\u01b0\u1edbc v\u00e0 ch\u1ecbu l\u1ef1c r\u1ea5t t\u1ed1t. Thi\u1ebft k\u1ebf <strong data-start=\"1366\" data-end=\"1386\">ch\u00e2n t\u00f3p v\u00e1t nh\u1eb9<\/strong> t\u1ea1o c\u1ea3m gi\u00e1c tinh t\u1ebf v\u00e0 thanh tho\u00e1t, gi\u00fap b\u00e0n c\u00f3 ki\u1ec3u d\u00e1ng hi\u1ec7n \u0111\u1ea1i, ph\u00f9 h\u1ee3p v\u1edbi nhi\u1ec1u ki\u1ec3u kh\u00f4ng gian l\u00e0m vi\u1ec7c t\u1eeb c\u00e1 nh\u00e2n \u0111\u1ebfn doanh nghi\u1ec7p. S\u1ef1 ch\u1eafc ch\u1eafn c\u1ee7a ch\u00e2n b\u00e0n k\u1ebft h\u1ee3p c\u00f9ng thanh gi\u1eb1ng th\u00e9p t\u0103ng c\u01b0\u1eddng \u0111\u1ed9 \u1ed5n \u0111\u1ecbnh, \u0111\u1ea3m b\u1ea3o an to\u00e0n khi s\u1eed d\u1ee5ng l\u00e2u d\u00e0i.<\/p>\n<p data-start=\"1647\" data-end=\"2110\"><strong data-start=\"1647\" data-end=\"1658\">M\u1eb7t b\u00e0n<\/strong> \u0111\u01b0\u1ee3c l\u00e0m t\u1eeb <strong data-start=\"1671\" data-end=\"1702\">g\u1ed7 c\u00f4ng nghi\u1ec7p ph\u1ee7 Melamine<\/strong>, ch\u1ea5t li\u1ec7u ph\u1ed5 bi\u1ebfn trong c\u00e1c d\u00f2ng b\u00e0n cao c\u1ea5p c\u1ee7a N\u1ed9i th\u1ea5t The One. L\u1edbp ph\u1ee7 Melamine kh\u00f4ng ch\u1ec9 gi\u00fap ch\u1ed1ng tr\u1ea7y x\u01b0\u1edbc, ch\u1ed1ng th\u1ea5m n\u01b0\u1edbc m\u00e0 c\u00f2n d\u1ec5 d\u00e0ng v\u1ec7 sinh, gi\u1eef \u0111\u01b0\u1ee3c \u0111\u1ed9 s\u00e1ng v\u00e0 m\u00e0u s\u1eafc nh\u01b0 m\u1edbi trong th\u1eddi gian d\u00e0i. V\u1edbi gam m\u00e0u trung t\u00ednh, b\u00e0n d\u1ec5 d\u00e0ng k\u1ebft h\u1ee3p v\u1edbi nhi\u1ec1u ki\u1ec3u gh\u1ebf kh\u00e1c nhau, nh\u01b0 <strong data-start=\"1996\" data-end=\"2018\">gh\u1ebf xoay nh\u00e2n vi\u00ean<\/strong>, <strong data-start=\"2020\" data-end=\"2036\">gh\u1ebf ch\u00e2n qu\u1ef3<\/strong>, ho\u1eb7c <strong data-start=\"2043\" data-end=\"2065\">gh\u1ebf l\u01b0\u1edbi v\u0103n ph\u00f2ng<\/strong> \u0111\u1ec3 t\u1ea1o n\u00ean kh\u00f4ng gian \u0111\u1ed3ng b\u1ed9 v\u00e0 hi\u1ec7n \u0111\u1ea1i.<\/p>\n<p data-start=\"2112\" data-end=\"2503\">M\u1ed9t trong nh\u1eefng \u0111i\u1ec3m nh\u1ea5n n\u1ed5i b\u1eadt c\u1ee7a b\u00e0n l\u00e0m vi\u1ec7c HR140HLC8Y1 ch\u00ednh l\u00e0 <strong data-start=\"2184\" data-end=\"2223\">y\u1ebfm t\u00f4n \u0111\u1ed9t l\u1ed7 trang tr\u00ed k\u00fd hi\u1ec7u Y1<\/strong>. Chi ti\u1ebft n\u00e0y kh\u00f4ng ch\u1ec9 t\u0103ng t\u00ednh th\u1ea9m m\u1ef9 cho s\u1ea3n ph\u1ea9m m\u00e0 c\u00f2n mang l\u1ea1i c\u1ea3m gi\u00e1c nh\u1eb9 nh\u00e0ng, tho\u00e1ng m\u00e1t, t\u1ea1o \u0111i\u1ec3m nh\u1ea5n ri\u00eang cho khu v\u1ef1c l\u00e0m vi\u1ec7c. C\u00e1c h\u1ecda ti\u1ebft \u0111\u1ed9t l\u1ed7 tinh t\u1ebf gi\u00fap b\u00e0n tr\u00f4ng sinh \u0111\u1ed9ng h\u01a1n, \u0111\u1ed3ng th\u1eddi gi\u1eef \u0111\u01b0\u1ee3c s\u1ef1 ri\u00eang t\u01b0 c\u1ea7n thi\u1ebft m\u00e0 kh\u00f4ng l\u00e0m m\u1ea5t \u0111i n\u00e9t hi\u1ec7n \u0111\u1ea1i.<\/p>\n<p data-start=\"2505\" data-end=\"2872\"><strong data-start=\"2505\" data-end=\"2517\">H\u1ed9c li\u1ec1n<\/strong> \u0111\u01b0\u1ee3c b\u1ed1 tr\u00ed b\u00ean d\u01b0\u1edbi m\u1eb7t b\u00e0n gi\u00fap ng\u01b0\u1eddi d\u00f9ng c\u00f3 kh\u00f4ng gian l\u01b0u tr\u1eef t\u00e0i li\u1ec7u, h\u1ed3 s\u01a1 v\u00e0 c\u00e1c v\u1eadt d\u1ee5ng c\u00e1 nh\u00e2n m\u1ed9t c\u00e1ch g\u1ecdn g\u00e0ng, ng\u0103n n\u1eafp. C\u00e1c ng\u0103n k\u00e9o v\u1eadn h\u00e0nh \u00eam \u00e1i, c\u00f3 kh\u00f3a an to\u00e0n v\u00e0 \u0111\u01b0\u1ee3c l\u00e0m t\u1eeb v\u1eadt li\u1ec7u b\u1ec1n b\u1ec9, gi\u00fap t\u1ed1i \u01b0u c\u00f4ng n\u0103ng s\u1eed d\u1ee5ng trong m\u00f4i tr\u01b0\u1eddng l\u00e0m vi\u1ec7c b\u1eadn r\u1ed9n. Thi\u1ebft k\u1ebf h\u1ed9c li\u1ec1n c\u00f2n g\u00f3p ph\u1ea7n t\u1ea1o s\u1ef1 c\u00e2n \u0111\u1ed1i, ch\u1eafc ch\u1eafn cho t\u1ed5ng th\u1ec3 b\u00e0n.<\/p>\n<p data-start=\"2874\" data-end=\"3217\">V\u1edbi <strong data-start=\"2878\" data-end=\"2915\">k\u00edch th\u01b0\u1edbc W1400 x D700 x H750 mm<\/strong>, s\u1ea3n ph\u1ea9m mang l\u1ea1i kh\u00f4ng gian l\u00e0m vi\u1ec7c r\u1ed9ng r\u00e3i m\u00e0 v\u1eabn ph\u00f9 h\u1ee3p v\u1edbi di\u1ec7n t\u00edch v\u0103n ph\u00f2ng ph\u1ed5 th\u00f4ng. Ng\u01b0\u1eddi d\u00f9ng c\u00f3 th\u1ec3 tho\u1ea3i m\u00e1i b\u1ed1 tr\u00ed m\u00e1y t\u00ednh, t\u00e0i li\u1ec7u, \u0111i\u1ec7n tho\u1ea1i v\u00e0 c\u00e1c ph\u1ee5 ki\u1ec7n kh\u00e1c m\u00e0 kh\u00f4ng b\u1ecb ch\u1eadt ch\u1ed9i. \u0110\u1ed9 cao 750 mm \u0111\u1ea3m b\u1ea3o t\u01b0 th\u1ebf ng\u1ed3i ti\u00eau chu\u1ea9n, gi\u00fap gi\u1ea3m m\u1ecfi v\u00e0 n\u00e2ng cao hi\u1ec7u su\u1ea5t l\u00e0m vi\u1ec7c.<\/p>\n<p data-start=\"3219\" data-end=\"3555\">B\u00e0n l\u00e0m vi\u1ec7c ch\u00e2n s\u1eaft HR140HLC8Y1 kh\u00f4ng ch\u1ec9 ph\u00f9 h\u1ee3p cho c\u00e1c <strong data-start=\"3279\" data-end=\"3301\">v\u0103n ph\u00f2ng hi\u1ec7n \u0111\u1ea1i<\/strong>, m\u00e0 c\u00f2n l\u00fd t\u01b0\u1edfng cho <strong data-start=\"3323\" data-end=\"3401\">ph\u00f2ng l\u00e0m vi\u1ec7c c\u00e1 nh\u00e2n, ph\u00f2ng nh\u00e2n s\u1ef1 ho\u1eb7c khu v\u1ef1c ti\u1ebfp kh\u00e1ch doanh nghi\u1ec7p<\/strong>. S\u1ef1 k\u1ebft h\u1ee3p gi\u1eefa khung ch\u00e2n s\u1eaft ch\u1eafc ch\u1eafn, m\u1eb7t b\u00e0n Melamine b\u1ec1n \u0111\u1eb9p v\u00e0 y\u1ebfm t\u00f4n trang tr\u00ed mang l\u1ea1i v\u1ebb sang tr\u1ecdng, chuy\u00ean nghi\u1ec7p cho kh\u00f4ng gian t\u1ed5ng th\u1ec3.<\/p>\n<p data-start=\"3557\" data-end=\"3926\">\u0110\u01b0\u1ee3c s\u1ea3n xu\u1ea5t b\u1edfi <strong data-start=\"3575\" data-end=\"3595\">N\u1ed8I TH\u1ea4T THE ONE<\/strong>, th\u01b0\u01a1ng hi\u1ec7u uy t\u00edn h\u00e0ng \u0111\u1ea7u trong l\u0129nh v\u1ef1c n\u1ed9i th\u1ea5t v\u0103n ph\u00f2ng Vi\u1ec7t Nam, s\u1ea3n ph\u1ea9m \u0111\u1ea3m b\u1ea3o ti\u00eau chu\u1ea9n ch\u1ea5t l\u01b0\u1ee3ng cao, quy tr\u00ecnh s\u01a1n t\u0129nh \u0111i\u1ec7n ti\u00ean ti\u1ebfn v\u00e0 \u0111\u1ed9 b\u1ec1n v\u01b0\u1ee3t tr\u1ed9i. <strong data-start=\"3768\" data-end=\"3804\">C\u00d4NG TY TNHH SXTM TTNT H\u1eeeU TH\u1ecaNH<\/strong> l\u00e0 \u0111\u01a1n v\u1ecb ph\u00e2n ph\u1ed1i ch\u00ednh th\u1ee9c, cung c\u1ea5p s\u1ea3n ph\u1ea9m ch\u00ednh h\u00e3ng c\u00f9ng ch\u00ednh s\u00e1ch b\u1ea3o h\u00e0nh 12 th\u00e1ng theo ti\u00eau chu\u1ea9n nh\u00e0 m\u00e1y.<\/p>\n<p data-start=\"3928\" data-end=\"4351\" data-is-last-node=\"\" data-is-only-node=\"\">V\u1edbi thi\u1ebft k\u1ebf tinh t\u1ebf, \u0111\u1ed9 b\u1ec1n cao v\u00e0 t\u00ednh ti\u1ec7n d\u1ee5ng v\u01b0\u1ee3t tr\u1ed9i, <strong data-start=\"3990\" data-end=\"4027\">B\u00e0n l\u00e0m vi\u1ec7c ch\u00e2n s\u1eaft HR140HLC8Y1<\/strong> l\u00e0 l\u1ef1a ch\u1ecdn l\u00fd t\u01b0\u1edfng cho nh\u1eefng ai t\u00ecm ki\u1ebfm m\u1ed9t m\u1eabu b\u00e0n l\u00e0m vi\u1ec7c v\u1eeba \u0111\u1eb9p m\u1eaft v\u1eeba b\u1ec1n b\u1ec9. S\u1ea3n ph\u1ea9m gi\u00fap n\u00e2ng t\u1ea7m kh\u00f4ng gian l\u00e0m vi\u1ec7c, mang l\u1ea1i c\u1ea3m h\u1ee9ng v\u00e0 hi\u1ec7u qu\u1ea3 cao trong c\u00f4ng vi\u1ec7c h\u00e0ng ng\u00e0y. Li\u00ean h\u1ec7 ngay v\u1edbi <strong data-start=\"4238\" data-end=\"4251\">H\u1eeeU TH\u1ecaNH<\/strong> \u0111\u1ec3 \u0111\u01b0\u1ee3c t\u01b0 v\u1ea5n, b\u00e1o gi\u00e1 v\u00e0 nh\u1eadn nhi\u1ec1u \u01b0u \u0111\u00e3i h\u1ea5p d\u1eabn nh\u1ea5t cho d\u00f2ng b\u00e0n l\u00e0m vi\u1ec7c ch\u1ea5t l\u01b0\u1ee3ng cao n\u00e0y.<\/p>\n","protected":false},"excerpt":{"rendered":"<p data-start=\"50\" data-end=\"806\">B\u00e0n l\u00e0m vi\u1ec7c ch\u00e2n s\u1eaft HR140HLC8Y1 l\u00e0 m\u1eabu b\u00e0n nh\u00e2n vi\u00ean hi\u1ec7n \u0111\u1ea1i, c\u00f3 khung ch\u00e2n th\u00e9p thi\u1ebft k\u1ebf d\u1ea1ng \u1ed1ng t\u00f3p thanh tho\u00e1t, m\u1eb7t b\u00e0n g\u1ed7 Melamine cao c\u1ea5p k\u1ebft h\u1ee3p c\u00f9ng h\u1ed9c li\u1ec1n ti\u1ec7n d\u1ee5ng v\u00e0 y\u1ebfm t\u00f4n \u0111\u1ed9t l\u1ed7 trang tr\u00ed (y\u1ebfm t\u00f4n k\u00fd hi\u1ec7u Y1), mang \u0111\u1ebfn t\u1ed5ng th\u1ec3 ch\u1eafc ch\u1eafn, tinh t\u1ebf v\u00e0 ph\u00f9 h\u1ee3p v\u1edbi nhi\u1ec1u kh\u00f4ng gian l\u00e0m vi\u1ec7c kh\u00e1c nhau.<br data-start=\"367\" data-end=\"370\" \/>K\u00edch th\u01b0\u1edbc: W1400 x D700 x H750 (mm)<br data-start=\"406\" data-end=\"409\" \/>Xu\u1ea5t x\u1ee9: S\u1ea3n ph\u1ea9m c\u1ee7a c\u00f4ng ty <strong data-start=\"439\" data-end=\"459\">N\u1ed8I TH\u1ea4T THE ONE<\/strong> \u2013 Ph\u00e2n ph\u1ed1i b\u1edfi <strong data-start=\"476\" data-end=\"512\">C\u00d4NG TY TNHH SXTM TTNT H\u1eeeU TH\u1ecaNH<\/strong><br data-start=\"512\" data-end=\"515\" \/>B\u1ea3o h\u00e0nh: 12 th\u00e1ng theo ti\u00eau chu\u1ea9n nh\u00e0 m\u00e1y<br data-start=\"557\" data-end=\"560\" \/><span style=\"color: #ed1c24;\"><em data-start=\"560\" data-end=\"804\">L\u01b0u \u00fd: M\u00e0u s\u1eafc hi\u1ec3n th\u1ecb tr\u00ean website c\u00f3 th\u1ec3 kh\u00f4ng ch\u00ednh x\u00e1c do ch\u1ee5p \u1ea3nh ho\u1eb7c m\u00f4 ph\u1ecfng b\u1eb1ng \u1ea3nh 3D. Gi\u00e1 tr\u00ean ch\u01b0a bao g\u1ed3m VAT v\u00e0 ph\u00ed v\u1eadn chuy\u1ec3n. Gi\u00e1 s\u1ea3n ph\u1ea9m c\u00f3 th\u1ec3 thay \u0111\u1ed5i theo t\u1eebng th\u1eddi \u0111i\u1ec3m, vui l\u00f2ng li\u00ean h\u1ec7 \u0111\u1ec3 nh\u1eadn t\u01b0 v\u1ea5n \u01b0u \u0111\u00e3i t\u1ed1t nh\u1ea5t.<\/em><\/span><\/p>\n","protected":false},"featured_media":3744,"comment_status":"open","ping_status":"closed","template":"","meta":[],"product_brand":[],"product_cat":[17,179],"product_tag":[],"class_list":{"0":"post-3743","1":"product","2":"type-product","3":"status-publish","4":"has-post-thumbnail","6":"product_cat-noi-that-van-phong","7":"product_cat-ban-lam-viec-chan-sat","9":"first","10":"instock","11":"taxable","12":"shipping-taxable","13":"purchasable","14":"product-type-simple"},"_links":{"self":[{"href":"https:\/\/noithathuuthinh.vn\/zh-hans\/wp-json\/wp\/v2\/product\/3743","targetHints":{"allow":["GET"]}}],"collection":[{"href":"https:\/\/noithathuuthinh.vn\/zh-hans\/wp-json\/wp\/v2\/product"}],"about":[{"href":"https:\/\/noithathuuthinh.vn\/zh-hans\/wp-json\/wp\/v2\/types\/product"}],"replies":[{"embeddable":true,"href":"https:\/\/noithathuuthinh.vn\/zh-hans\/wp-json\/wp\/v2\/comments?post=3743"}],"wp:featuredmedia":[{"embeddable":true,"href":"https:\/\/noithathuuthinh.vn\/zh-hans\/wp-json\/wp\/v2\/media\/3744"}],"wp:attachment":[{"href":"https:\/\/noithathuuthinh.vn\/zh-hans\/wp-json\/wp\/v2\/media?parent=3743"}],"wp:term":[{"taxonomy":"product_brand","embeddable":true,"href":"https:\/\/noithathuuthinh.vn\/zh-hans\/wp-json\/wp\/v2\/product_brand?post=3743"},{"taxonomy":"product_cat","embeddable":true,"href":"https:\/\/noithathuuthinh.vn\/zh-hans\/wp-json\/wp\/v2\/product_cat?post=3743"},{"taxonomy":"product_tag","embeddable":true,"href":"https:\/\/noithathuuthinh.vn\/zh-hans\/wp-json\/wp\/v2\/product_tag?post=3743"}],"curies":[{"name":"wp","href":"https:\/\/api.w.org\/{rel}","templated":true}]}}