{"id":3749,"date":"2025-10-22T13:26:15","date_gmt":"2025-10-22T06:26:15","guid":{"rendered":"https:\/\/noithathuuthinh.vn\/?post_type=product&#038;p=3749"},"modified":"2025-10-22T13:26:15","modified_gmt":"2025-10-22T06:26:15","slug":"ban-lam-viec-chan-sat-hrp180c14","status":"publish","type":"product","link":"https:\/\/noithathuuthinh.vn\/zh-hans\/san-pham\/ban-lam-viec-chan-sat-hrp180c14\/","title":{"rendered":"B\u00e0n l\u00e0m vi\u1ec7c ch\u00e2n s\u1eaft HRP180C14"},"content":{"rendered":"<p data-start=\"799\" data-end=\"1146\">B\u00e0n l\u00e0m vi\u1ec7c ch\u00e2n s\u1eaft HRP180C14 l\u00e0 d\u00f2ng b\u00e0n l\u00e3nh \u0111\u1ea1o hi\u1ec7n \u0111\u1ea1i, k\u1ebft h\u1ee3p ho\u00e0n h\u1ea3o gi\u1eefa s\u1ef1 tinh t\u1ebf v\u00e0 \u0111\u1ed9 b\u1ec1n ch\u1eafc. V\u1edbi khung s\u1eaft h\u1ed9p 10&#215;50 mm \u0111\u01b0\u1ee3c s\u01a1n t\u0129nh \u0111i\u1ec7n cao c\u1ea5p c\u00f9ng m\u1eb7t b\u00e0n g\u1ed7 Melamine sang tr\u1ecdng, s\u1ea3n ph\u1ea9m th\u1ec3 hi\u1ec7n r\u00f5 phong c\u00e1ch chuy\u00ean nghi\u1ec7p v\u00e0 \u0111\u1eb3ng c\u1ea5p, ph\u00f9 h\u1ee3p cho kh\u00f4ng gian l\u00e0m vi\u1ec7c c\u1ee7a gi\u00e1m \u0111\u1ed1c, tr\u01b0\u1edfng ph\u00f2ng ho\u1eb7c c\u00e1c v\u1ecb tr\u00ed qu\u1ea3n l\u00fd.<\/p>\n<p data-start=\"1148\" data-end=\"1597\"><strong data-start=\"1148\" data-end=\"1166\">Khung ch\u00e2n b\u00e0n<\/strong> \u0111\u01b0\u1ee3c ch\u1ebf t\u1ea1o t\u1eeb th\u00e9p h\u1ed9p ch\u1eef nh\u1eadt 10&#215;50 mm, b\u1ec1n ch\u1eafc v\u00e0 c\u00f3 kh\u1ea3 n\u0103ng ch\u1ecbu l\u1ef1c cao. B\u1ec1 m\u1eb7t th\u00e9p \u0111\u01b0\u1ee3c x\u1eed l\u00fd s\u01a1n t\u0129nh \u0111i\u1ec7n, gi\u00fap ch\u1ed1ng g\u1ec9 s\u00e9t, ch\u1ed1ng tr\u1ea7y x\u01b0\u1edbc v\u00e0 gi\u1eef m\u00e0u l\u00e2u d\u00e0i. C\u1ea5u tr\u00fac khung c\u00f3 <strong data-start=\"1360\" data-end=\"1382\">t\u0103ng c\u1ee9ng ch\u1ecbu l\u1ef1c<\/strong>, gi\u00fap b\u00e0n lu\u00f4n \u1ed5n \u0111\u1ecbnh, h\u1ea1n ch\u1ebf rung l\u1eafc khi s\u1eed d\u1ee5ng. Thi\u1ebft k\u1ebf ch\u00e2n d\u1ea1ng khung k\u00edn v\u1edbi nh\u1eefng \u0111\u01b0\u1eddng n\u00e9t th\u1eb3ng m\u1ea1nh m\u1ebd mang \u0111\u1ebfn c\u1ea3m gi\u00e1c v\u1eefng ch\u00e3i, th\u1ec3 hi\u1ec7n phong th\u00e1i quy\u1ec1n l\u1ef1c v\u00e0 chuy\u00ean nghi\u1ec7p cho ng\u01b0\u1eddi l\u00e3nh \u0111\u1ea1o.<\/p>\n<p data-start=\"1599\" data-end=\"1946\">\u0110i\u1ec3m nh\u1ea5n \u0111\u1eb7c bi\u1ec7t c\u1ee7a <strong data-start=\"1622\" data-end=\"1639\">B\u00e0n HRP180C14<\/strong> l\u00e0 <strong data-start=\"1643\" data-end=\"1669\">h\u1ed9p \u0111i\u1ec7n \u0111i d\u00e2y \u00e2m b\u00e0n<\/strong>, \u0111\u01b0\u1ee3c t\u00edch h\u1ee3p tinh t\u1ebf gi\u00fap s\u1eafp x\u1ebfp d\u00e2y \u0111i\u1ec7n, d\u00e2y m\u1ea1ng ho\u1eb7c d\u00e2y s\u1ea1c thi\u1ebft b\u1ecb g\u1ecdn g\u00e0ng, tr\u00e1nh r\u1ed1i v\u00e0 \u0111\u1ea3m b\u1ea3o t\u00ednh th\u1ea9m m\u1ef9 cao. T\u00ednh n\u0103ng n\u00e0y gi\u00fap ng\u01b0\u1eddi d\u00f9ng c\u00f3 th\u1ec3 d\u1ec5 d\u00e0ng k\u1ebft n\u1ed1i c\u00e1c thi\u1ebft b\u1ecb nh\u01b0 laptop, m\u00e0n h\u00ecnh, \u0111i\u1ec7n tho\u1ea1i m\u00e0 kh\u00f4ng l\u00e0m m\u1ea5t \u0111i s\u1ef1 ng\u0103n n\u1eafp c\u1ee7a b\u00e0n l\u00e0m vi\u1ec7c.<\/p>\n<p data-start=\"1948\" data-end=\"2373\"><strong data-start=\"1948\" data-end=\"1959\">M\u1eb7t b\u00e0n<\/strong> \u0111\u01b0\u1ee3c l\u00e0m t\u1eeb <strong data-start=\"1972\" data-end=\"2011\">g\u1ed7 c\u00f4ng nghi\u1ec7p ph\u1ee7 Melamine cao c\u1ea5p<\/strong>, c\u00f3 kh\u1ea3 n\u0103ng ch\u1ed1ng tr\u1ea7y x\u01b0\u1edbc, ch\u1ed1ng th\u1ea5m n\u01b0\u1edbc v\u00e0 ch\u1ecbu nhi\u1ec7t t\u1ed1t. Ch\u1ea5t li\u1ec7u Melamine kh\u00f4ng ch\u1ec9 mang l\u1ea1i v\u1ebb \u0111\u1eb9p t\u1ef1 nhi\u00ean, tinh t\u1ebf m\u00e0 c\u00f2n d\u1ec5 d\u00e0ng v\u1ec7 sinh v\u00e0 b\u1ea3o d\u01b0\u1ee1ng. V\u1edbi gam m\u00e0u trung t\u00ednh hi\u1ec7n \u0111\u1ea1i, b\u00e0n d\u1ec5 d\u00e0ng ph\u1ed1i h\u1ee3p v\u1edbi c\u00e1c s\u1ea3n ph\u1ea9m n\u1ed9i th\u1ea5t kh\u00e1c nh\u01b0 gh\u1ebf l\u00e3nh \u0111\u1ea1o, t\u1ee7 t\u00e0i li\u1ec7u ho\u1eb7c v\u00e1ch ng\u0103n k\u00ednh, t\u1ea1o n\u00ean m\u1ed9t kh\u00f4ng gian l\u00e0m vi\u1ec7c sang tr\u1ecdng, chuy\u00ean nghi\u1ec7p.<\/p>\n<p data-start=\"2375\" data-end=\"2725\"><strong data-start=\"2375\" data-end=\"2396\">Thi\u1ebft k\u1ebf t\u1ed5ng th\u1ec3<\/strong> c\u1ee7a b\u00e0n HRP180C14 ch\u00fa tr\u1ecdng \u0111\u1ebfn s\u1ef1 \u0111\u01a1n gi\u1ea3n nh\u01b0ng tinh t\u1ebf trong t\u1eebng chi ti\u1ebft. C\u00e1c g\u00f3c b\u00e0n \u0111\u01b0\u1ee3c bo tr\u00f2n nh\u1eb9, \u0111\u1ea3m b\u1ea3o an to\u00e0n khi s\u1eed d\u1ee5ng m\u00e0 v\u1eabn gi\u1eef \u0111\u01b0\u1ee3c n\u00e9t m\u1ea1nh m\u1ebd, hi\u1ec7n \u0111\u1ea1i. Ki\u1ec3u d\u00e1ng b\u00e0n ch\u1eef nh\u1eadt truy\u1ec1n th\u1ed1ng nh\u01b0ng \u0111\u01b0\u1ee3c c\u00e1ch \u0111i\u1ec7u \u1edf ph\u1ea7n ch\u00e2n v\u00e0 khung th\u00e9p, t\u1ea1o \u0111i\u1ec3m nh\u1ea5n kh\u00e1c bi\u1ec7t so v\u1edbi c\u00e1c d\u00f2ng b\u00e0n l\u00e3nh \u0111\u1ea1o th\u00f4ng th\u01b0\u1eddng.<\/p>\n<p data-start=\"2727\" data-end=\"3001\">V\u1edbi <strong data-start=\"2731\" data-end=\"2768\">k\u00edch th\u01b0\u1edbc W1800 x D800 x H750 mm<\/strong>, b\u00e0n mang \u0111\u1ebfn kh\u00f4ng gian l\u00e0m vi\u1ec7c r\u1ed9ng r\u00e3i, tho\u1ea3i m\u00e1i cho ng\u01b0\u1eddi s\u1eed d\u1ee5ng. M\u1eb7t b\u00e0n \u0111\u1ee7 l\u1edbn \u0111\u1ec3 b\u1ed1 tr\u00ed m\u00e1y t\u00ednh, t\u00e0i li\u1ec7u, \u0111i\u1ec7n tho\u1ea1i, ph\u1ee5 ki\u1ec7n l\u00e0m vi\u1ec7c v\u00e0 v\u1eadt d\u1ee5ng trang tr\u00ed nh\u01b0 c\u00e2y xanh ho\u1eb7c khung \u1ea3nh m\u00e0 kh\u00f4ng g\u00e2y c\u1ea3m gi\u00e1c ch\u1eadt ch\u1ed9i.<\/p>\n<p data-start=\"3003\" data-end=\"3285\">Ngo\u00e0i ra, b\u00e0n c\u00f3 th\u1ec3 <strong data-start=\"3024\" data-end=\"3055\">k\u1ebft h\u1ee3p c\u00f9ng t\u1ee7 ph\u1ee5 \u0111\u1ed3ng b\u1ed9<\/strong> (mua r\u1eddi) \u0111\u1ec3 m\u1edf r\u1ed9ng di\u1ec7n t\u00edch s\u1eed d\u1ee5ng, t\u0103ng kh\u1ea3 n\u0103ng l\u01b0u tr\u1eef v\u00e0 ho\u00e0n thi\u1ec7n b\u1ed9 n\u1ed9i th\u1ea5t l\u00e3nh \u0111\u1ea1o. Khi k\u1ebft h\u1ee3p v\u1edbi t\u1ee7 ph\u1ee5, kh\u00f4ng gian l\u00e0m vi\u1ec7c tr\u1edf n\u00ean chuy\u00ean nghi\u1ec7p v\u00e0 thu\u1eadn ti\u1ec7n h\u01a1n, \u0111\u00e1p \u1ee9ng nhu c\u1ea7u c\u00f4ng vi\u1ec7c c\u1ee7a ng\u01b0\u1eddi qu\u1ea3n l\u00fd.<\/p>\n<p data-start=\"3287\" data-end=\"3576\"><strong data-start=\"3287\" data-end=\"3322\">B\u00e0n l\u00e0m vi\u1ec7c ch\u00e2n s\u1eaft HRP180C14<\/strong> \u0111\u01b0\u1ee3c s\u1ea3n xu\u1ea5t theo ti\u00eau chu\u1ea9n ch\u1ea5t l\u01b0\u1ee3ng cao c\u1ee7a <strong data-start=\"3372\" data-end=\"3392\">N\u1ed8I TH\u1ea4T THE ONE<\/strong>, th\u01b0\u01a1ng hi\u1ec7u uy t\u00edn h\u00e0ng \u0111\u1ea7u trong l\u0129nh v\u1ef1c n\u1ed9i th\u1ea5t v\u0103n ph\u00f2ng t\u1ea1i Vi\u1ec7t Nam. M\u1ed7i chi ti\u1ebft c\u1ee7a b\u00e0n \u0111\u1ec1u \u0111\u01b0\u1ee3c gia c\u00f4ng t\u1ec9 m\u1ec9, \u0111\u1ea3m b\u1ea3o \u0111\u1ed9 b\u1ec1n, s\u1ef1 tinh t\u1ebf v\u00e0 t\u00ednh th\u1ea9m m\u1ef9 trong thi\u1ebft k\u1ebf.<\/p>\n<p data-start=\"3578\" data-end=\"3878\">S\u1ea3n ph\u1ea9m \u0111\u01b0\u1ee3c <strong data-start=\"3592\" data-end=\"3628\">C\u00d4NG TY TNHH SXTM TTNT H\u1eeeU TH\u1ecaNH<\/strong> ph\u00e2n ph\u1ed1i ch\u00ednh th\u1ee9c, cam k\u1ebft h\u00e0ng ch\u00ednh h\u00e3ng, b\u1ea3o h\u00e0nh 12 th\u00e1ng theo ti\u00eau chu\u1ea9n nh\u00e0 m\u00e1y. V\u1edbi ch\u00ednh s\u00e1ch h\u1ed7 tr\u1ee3 t\u01b0 v\u1ea5n t\u1eadn t\u00e2m, kh\u00e1ch h\u00e0ng c\u00f3 th\u1ec3 d\u1ec5 d\u00e0ng l\u1ef1a ch\u1ecdn m\u00e0u s\u1eafc, ki\u1ec3u d\u00e1ng v\u00e0 ph\u1ee5 ki\u1ec7n \u0111i k\u00e8m ph\u00f9 h\u1ee3p nh\u1ea5t v\u1edbi kh\u00f4ng gian l\u00e0m vi\u1ec7c c\u1ee7a m\u00ecnh.<\/p>\n<p data-start=\"3880\" data-end=\"4320\" data-is-last-node=\"\" data-is-only-node=\"\">N\u1ebfu b\u1ea1n \u0111ang t\u00ecm ki\u1ebfm m\u1ed9t chi\u1ebfc <strong data-start=\"3912\" data-end=\"3937\">b\u00e0n l\u00e0m vi\u1ec7c l\u00e3nh \u0111\u1ea1o<\/strong> v\u1eeba sang tr\u1ecdng, v\u1eeba ti\u1ec7n nghi, l\u1ea1i \u0111\u1ea3m b\u1ea3o \u0111\u1ed9 b\u1ec1n v\u01b0\u1ee3t tr\u1ed9i, th\u00ec <strong data-start=\"4003\" data-end=\"4038\">B\u00e0n l\u00e0m vi\u1ec7c ch\u00e2n s\u1eaft HRP180C14<\/strong> ch\u1eafc ch\u1eafn l\u00e0 l\u1ef1a ch\u1ecdn ho\u00e0n h\u1ea3o. S\u1ea3n ph\u1ea9m kh\u00f4ng ch\u1ec9 gi\u00fap kh\u1eb3ng \u0111\u1ecbnh phong c\u00e1ch v\u00e0 v\u1ecb th\u1ebf c\u1ee7a ng\u01b0\u1eddi s\u1eed d\u1ee5ng m\u00e0 c\u00f2n mang \u0111\u1ebfn c\u1ea3m h\u1ee9ng s\u00e1ng t\u1ea1o v\u00e0 hi\u1ec7u qu\u1ea3 l\u00e0m vi\u1ec7c t\u1ed1i \u01b0u m\u1ed7i ng\u00e0y. Li\u00ean h\u1ec7 ngay v\u1edbi <strong data-start=\"4234\" data-end=\"4247\">H\u1eeeU TH\u1ecaNH<\/strong> \u0111\u1ec3 \u0111\u01b0\u1ee3c t\u01b0 v\u1ea5n v\u00e0 nh\u1eadn b\u00e1o gi\u00e1 \u01b0u \u0111\u00e3i t\u1ed1t nh\u1ea5t cho d\u00f2ng b\u00e0n cao c\u1ea5p n\u00e0y.<\/p>\n","protected":false},"excerpt":{"rendered":"<p data-start=\"48\" data-end=\"744\">B\u00e0n l\u00e0m vi\u1ec7c ch\u00e2n s\u1eaft HRP180C14 l\u00e0 m\u1eabu b\u00e0n l\u00e3nh \u0111\u1ea1o cao c\u1ea5p v\u1edbi thi\u1ebft k\u1ebf hi\u1ec7n \u0111\u1ea1i, sang tr\u1ecdng. S\u1ea3n ph\u1ea9m s\u1eed d\u1ee5ng khung ch\u00e2n s\u1eaft h\u1ed9p 10&#215;50 mm \u0111\u01b0\u1ee3c gia c\u1ed1 t\u0103ng c\u1ee9ng, t\u00edch h\u1ee3p h\u1ed9p \u0111i\u1ec7n \u0111i d\u00e2y ti\u1ec7n d\u1ee5ng, mang l\u1ea1i s\u1ef1 v\u1eefng ch\u1eafc, th\u1ea9m m\u1ef9 v\u00e0 t\u1ed1i \u01b0u cho kh\u00f4ng gian l\u00e0m vi\u1ec7c c\u1ee7a l\u00e3nh \u0111\u1ea1o.<br data-start=\"325\" data-end=\"328\" \/>K\u00edch th\u01b0\u1edbc: W1800 x D800 x H750 (mm)<br data-start=\"364\" data-end=\"367\" \/>Xu\u1ea5t x\u1ee9: S\u1ea3n ph\u1ea9m c\u1ee7a c\u00f4ng ty <strong data-start=\"397\" data-end=\"417\">N\u1ed8I TH\u1ea4T THE ONE<\/strong> \u2013 Ph\u00e2n ph\u1ed1i b\u1edfi <strong data-start=\"434\" data-end=\"470\">C\u00d4NG TY TNHH SXTM TTNT H\u1eeeU TH\u1ecaNH<\/strong><br data-start=\"470\" data-end=\"473\" \/>B\u1ea3o h\u00e0nh: 12 th\u00e1ng theo ti\u00eau chu\u1ea9n nh\u00e0 m\u00e1y<br data-start=\"515\" data-end=\"518\" \/><span style=\"color: #ed1c24;\"><em data-start=\"518\" data-end=\"742\">L\u01b0u \u00fd: Gi\u00e1 ch\u01b0a bao g\u1ed3m t\u1ee7 ph\u1ee5. M\u00e0u s\u1eafc hi\u1ec3n th\u1ecb tr\u00ean website c\u00f3 th\u1ec3 kh\u00f4ng ch\u00ednh x\u00e1c do ch\u1ee5p \u1ea3nh ho\u1eb7c m\u00f4 ph\u1ecfng b\u1eb1ng \u1ea3nh 3D. Gi\u00e1 s\u1ea3n ph\u1ea9m c\u00f3 th\u1ec3 thay \u0111\u1ed5i theo t\u1eebng th\u1eddi \u0111i\u1ec3m, vui l\u00f2ng li\u00ean h\u1ec7 \u0111\u1ec3 nh\u1eadn t\u01b0 v\u1ea5n \u01b0u \u0111\u00e3i t\u1ed1t nh\u1ea5t.<\/em><\/span><\/p>\n","protected":false},"featured_media":3750,"comment_status":"open","ping_status":"closed","template":"","meta":[],"product_brand":[],"product_cat":[17,756,179],"product_tag":[],"class_list":{"0":"post-3749","1":"product","2":"type-product","3":"status-publish","4":"has-post-thumbnail","6":"product_cat-noi-that-van-phong","7":"product_cat-ban-giam-doc","8":"product_cat-ban-lam-viec-chan-sat","10":"first","11":"instock","12":"taxable","13":"shipping-taxable","14":"purchasable","15":"product-type-simple"},"_links":{"self":[{"href":"https:\/\/noithathuuthinh.vn\/zh-hans\/wp-json\/wp\/v2\/product\/3749","targetHints":{"allow":["GET"]}}],"collection":[{"href":"https:\/\/noithathuuthinh.vn\/zh-hans\/wp-json\/wp\/v2\/product"}],"about":[{"href":"https:\/\/noithathuuthinh.vn\/zh-hans\/wp-json\/wp\/v2\/types\/product"}],"replies":[{"embeddable":true,"href":"https:\/\/noithathuuthinh.vn\/zh-hans\/wp-json\/wp\/v2\/comments?post=3749"}],"wp:featuredmedia":[{"embeddable":true,"href":"https:\/\/noithathuuthinh.vn\/zh-hans\/wp-json\/wp\/v2\/media\/3750"}],"wp:attachment":[{"href":"https:\/\/noithathuuthinh.vn\/zh-hans\/wp-json\/wp\/v2\/media?parent=3749"}],"wp:term":[{"taxonomy":"product_brand","embeddable":true,"href":"https:\/\/noithathuuthinh.vn\/zh-hans\/wp-json\/wp\/v2\/product_brand?post=3749"},{"taxonomy":"product_cat","embeddable":true,"href":"https:\/\/noithathuuthinh.vn\/zh-hans\/wp-json\/wp\/v2\/product_cat?post=3749"},{"taxonomy":"product_tag","embeddable":true,"href":"https:\/\/noithathuuthinh.vn\/zh-hans\/wp-json\/wp\/v2\/product_tag?post=3749"}],"curies":[{"name":"wp","href":"https:\/\/api.w.org\/{rel}","templated":true}]}}