{"id":3758,"date":"2025-10-22T14:02:53","date_gmt":"2025-10-22T07:02:53","guid":{"rendered":"https:\/\/noithathuuthinh.vn\/?post_type=product&#038;p=3758"},"modified":"2025-10-22T14:02:53","modified_gmt":"2025-10-22T07:02:53","slug":"tu-ho-so-go-hrtp04","status":"publish","type":"product","link":"https:\/\/noithathuuthinh.vn\/zh-hans\/san-pham\/tu-ho-so-go-hrtp04\/","title":{"rendered":"T\u1ee7 h\u1ed3 s\u01a1 g\u1ed7 HRTP04"},"content":{"rendered":"<p data-start=\"629\" data-end=\"999\"><strong data-start=\"671\" data-end=\"693\">T\u1ee7 h\u1ed3 s\u01a1 g\u1ed7 HRTP04<\/strong> l\u00e0 l\u1ef1a ch\u1ecdn l\u00fd t\u01b0\u1edfng d\u00e0nh cho c\u00e1c v\u0103n ph\u00f2ng hi\u1ec7n \u0111\u1ea1i \u0111ang t\u00ecm ki\u1ebfm gi\u1ea3i ph\u00e1p l\u01b0u tr\u1eef g\u1ecdn g\u00e0ng, th\u1ea9m m\u1ef9 v\u00e0 ti\u1ec7n l\u1ee3i. S\u1ea3n ph\u1ea9m \u0111\u01b0\u1ee3c thi\u1ebft k\u1ebf nh\u1ecf g\u1ecdn, d\u1ec5 d\u00e0ng b\u1ed1 tr\u00ed c\u1ea1nh b\u00e0n l\u00e0m vi\u1ec7c ho\u1eb7c d\u01b0\u1edbi b\u00e0n \u0111\u1ec3 t\u1eadn d\u1ee5ng t\u1ed1i \u0111a kh\u00f4ng gian s\u1eed d\u1ee5ng, \u0111\u1ed3ng th\u1eddi mang l\u1ea1i s\u1ef1 chuy\u00ean nghi\u1ec7p v\u00e0 ng\u0103n n\u1eafp cho khu v\u1ef1c l\u00e0m vi\u1ec7c.<\/p>\n<p data-start=\"1001\" data-end=\"1405\">T\u1ee7 \u0111\u01b0\u1ee3c s\u1ea3n xu\u1ea5t t\u1eeb <strong data-start=\"1021\" data-end=\"1060\">g\u1ed7 c\u00f4ng nghi\u1ec7p ph\u1ee7 Melamine cao c\u1ea5p<\/strong>, c\u00f3 kh\u1ea3 n\u0103ng ch\u1ed1ng tr\u1ea7y x\u01b0\u1edbc, ch\u1ed1ng th\u1ea5m n\u01b0\u1edbc nh\u1eb9 v\u00e0 d\u1ec5 v\u1ec7 sinh. B\u1ec1 m\u1eb7t Melamine mang \u0111\u1ebfn c\u1ea3m gi\u00e1c m\u1ecbn m\u00e0ng, sang tr\u1ecdng, gi\u00fap t\u1ee7 gi\u1eef \u0111\u01b0\u1ee3c \u0111\u1ed9 m\u1edbi v\u00e0 b\u1ec1n \u0111\u1eb9p trong su\u1ed1t qu\u00e1 tr\u00ecnh s\u1eed d\u1ee5ng. M\u00e0u s\u1eafc g\u1ed7 \u0111a d\u1ea1ng, d\u1ec5 d\u00e0ng ph\u1ed1i h\u1ee3p v\u1edbi c\u00e1c d\u00f2ng b\u00e0n l\u00e0m vi\u1ec7c, c\u1ee5m module ho\u1eb7c n\u1ed9i th\u1ea5t kh\u00e1c c\u1ee7a <strong data-start=\"1345\" data-end=\"1365\">N\u1ed9i Th\u1ea5t The One<\/strong>, t\u1ea1o n\u00ean t\u1ed5ng th\u1ec3 \u0111\u1ed3ng b\u1ed9 v\u00e0 tinh t\u1ebf.<\/p>\n<p data-start=\"1407\" data-end=\"1895\">\u0110i\u1ec3m nh\u1ea5n c\u1ee7a <strong data-start=\"1421\" data-end=\"1440\">T\u1ee7 h\u1ed3 s\u01a1 HRTP04<\/strong> n\u1eb1m \u1edf thi\u1ebft k\u1ebf <strong data-start=\"1456\" data-end=\"1476\">tay n\u1eafm v\u00e1t c\u1ea1nh<\/strong> \u0111\u1ed9c \u0111\u00e1o, v\u1eeba mang t\u00ednh th\u1ea9m m\u1ef9 cao, v\u1eeba \u0111\u1ea3m b\u1ea3o an to\u00e0n khi s\u1eed d\u1ee5ng \u2013 tr\u00e1nh va ch\u1ea1m, tr\u1ea7y x\u01b0\u1edbc trong m\u00f4i tr\u01b0\u1eddng l\u00e0m vi\u1ec7c. B\u1ed1 c\u1ee5c t\u1ee7 \u0111\u01b0\u1ee3c chia khoa h\u1ecdc v\u1edbi <strong data-start=\"1632\" data-end=\"1662\">1 ng\u0103n k\u00e9o tr\u01b0\u1ee3t nh\u1eb9 nh\u00e0ng<\/strong> \u0111\u1ec3 c\u1ea5t gi\u1eef \u0111\u1ed3 c\u00e1 nh\u00e2n ho\u1eb7c gi\u1ea5y t\u1edd nh\u1ecf g\u1ecdn, <strong data-start=\"1707\" data-end=\"1730\">1 c\u00e1nh m\u1edf ti\u1ec7n d\u1ee5ng<\/strong> \u0111\u1ec3 l\u01b0u tr\u1eef t\u00e0i li\u1ec7u, file h\u1ed3 s\u01a1 kh\u1ed5 l\u1edbn v\u00e0 <strong data-start=\"1774\" data-end=\"1797\">m\u1ed9t khoang tr\u1ed1ng m\u1edf<\/strong> \u1edf ph\u00eda tr\u00ean cho nh\u1eefng v\u1eadt d\u1ee5ng th\u01b0\u1eddng xuy\u00ean s\u1eed d\u1ee5ng nh\u01b0 s\u00e1ch, t\u00e0i li\u1ec7u ho\u1eb7c ph\u1ee5 ki\u1ec7n v\u0103n ph\u00f2ng.<\/p>\n<p data-start=\"1897\" data-end=\"2195\">V\u1edbi k\u00edch th\u01b0\u1edbc <strong data-start=\"1912\" data-end=\"1937\">W800 x D400 x H750 mm<\/strong>, t\u1ee7 c\u00f3 chi\u1ec1u cao t\u01b0\u01a1ng th\u00edch v\u1edbi h\u1ea7u h\u1ebft c\u00e1c m\u1eabu b\u00e0n l\u00e0m vi\u1ec7c HR c\u1ee7a The One, gi\u00fap ng\u01b0\u1eddi d\u00f9ng d\u1ec5 d\u00e0ng k\u1ebft h\u1ee3p t\u1ea1o th\u00e0nh <strong data-start=\"2058\" data-end=\"2102\">b\u1ed9 b\u00e0n l\u00e0m vi\u1ec7c c\u00f3 t\u1ee7 ph\u1ee5 li\u1ec1n ti\u1ec7n d\u1ee5ng<\/strong>. T\u1ee7 c\u00f3 th\u1ec3 \u0111\u1eb7t b\u00ean tr\u00e1i ho\u1eb7c b\u00ean ph\u1ea3i t\u00f9y theo nhu c\u1ea7u, linh ho\u1ea1t trong b\u1ed1 tr\u00ed kh\u00f4ng gian.<\/p>\n<p data-start=\"2197\" data-end=\"2479\">Kh\u00f4ng ch\u1ec9 mang l\u1ea1i c\u00f4ng n\u0103ng l\u01b0u tr\u1eef v\u01b0\u1ee3t tr\u1ed9i, <strong data-start=\"2245\" data-end=\"2267\">T\u1ee7 h\u1ed3 s\u01a1 g\u1ed7 HRTP04<\/strong> c\u00f2n g\u00f3p ph\u1ea7n n\u00e2ng cao h\u00ecnh \u1ea3nh chuy\u00ean nghi\u1ec7p cho v\u0103n ph\u00f2ng. S\u1ea3n ph\u1ea9m ph\u00f9 h\u1ee3p v\u1edbi nhi\u1ec1u \u0111\u1ed1i t\u01b0\u1ee3ng s\u1eed d\u1ee5ng \u2013 t\u1eeb nh\u00e2n vi\u00ean v\u0103n ph\u00f2ng, k\u1ebf to\u00e1n, h\u00e0nh ch\u00ednh cho \u0111\u1ebfn c\u00e1c v\u1ecb tr\u00ed qu\u1ea3n l\u00fd c\u1ea7n n\u01a1i l\u01b0u tr\u1eef t\u00e0i li\u1ec7u ri\u00eang.<\/p>\n<p data-start=\"2481\" data-end=\"2757\">Nh\u1edd \u0111\u01b0\u1ee3c s\u1ea3n xu\u1ea5t tr\u00ean d\u00e2y chuy\u1ec1n hi\u1ec7n \u0111\u1ea1i, <strong data-start=\"2525\" data-end=\"2538\">T\u1ee7 HRTP04<\/strong> \u0111\u1ea1t \u0111\u1ed9 ch\u00ednh x\u00e1c cao trong t\u1eebng chi ti\u1ebft l\u1eafp gh\u00e9p, \u0111\u1ea3m b\u1ea3o s\u1ef1 ch\u1eafc ch\u1eafn v\u00e0 \u1ed5n \u0111\u1ecbnh l\u00e2u d\u00e0i. B\u1ec1 m\u1eb7t g\u1ed7 \u0111\u01b0\u1ee3c x\u1eed l\u00fd tinh t\u1ebf, ch\u1ed1ng cong v\u00eanh, m\u1ed1i m\u1ecdt, gi\u00fap t\u1ee7 gi\u1eef \u0111\u01b0\u1ee3c h\u00ecnh d\u00e1ng v\u00e0 m\u00e0u s\u1eafc nh\u01b0 m\u1edbi sau nhi\u1ec1u n\u0103m s\u1eed d\u1ee5ng.<\/p>\n<p data-start=\"2759\" data-end=\"3011\">N\u1ebfu b\u1ea1n \u0111ang t\u00ecm m\u1ed9t chi\u1ebfc <strong data-start=\"2786\" data-end=\"2837\">t\u1ee7 ph\u1ee5 b\u00e0n l\u00e0m vi\u1ec7c nh\u1ecf g\u1ecdn, b\u1ec1n \u0111\u1eb9p v\u00e0 \u0111a n\u0103ng<\/strong>, th\u00ec <strong data-start=\"2843\" data-end=\"2853\">HRTP04<\/strong> ch\u00ednh l\u00e0 l\u1ef1a ch\u1ecdn ho\u00e0n h\u1ea3o. S\u1ea3n ph\u1ea9m kh\u00f4ng ch\u1ec9 gi\u00fap t\u1ed1i \u01b0u di\u1ec7n t\u00edch v\u0103n ph\u00f2ng m\u00e0 c\u00f2n mang l\u1ea1i s\u1ef1 ti\u1ec7n nghi v\u00e0 phong c\u00e1ch hi\u1ec7n \u0111\u1ea1i cho kh\u00f4ng gian l\u00e0m vi\u1ec7c.<\/p>\n<p data-start=\"3013\" data-end=\"3205\" data-is-last-node=\"\" data-is-only-node=\"\">Li\u00ean h\u1ec7 ngay <strong data-start=\"3026\" data-end=\"3062\">C\u00f4ng ty TNHH SXTM TTNT H\u1eefu Th\u1ecbnh<\/strong> \u0111\u1ec3 \u0111\u01b0\u1ee3c t\u01b0 v\u1ea5n chi ti\u1ebft v\u1ec1 s\u1ea3n ph\u1ea9m <strong data-start=\"3099\" data-end=\"3121\">T\u1ee7 h\u1ed3 s\u01a1 g\u1ed7 HRTP04<\/strong>, nh\u1eadn b\u00e1o gi\u00e1 \u01b0u \u0111\u00e3i v\u00e0 h\u1ed7 tr\u1ee3 l\u1ef1a ch\u1ecdn m\u00e0u s\u1eafc ph\u00f9 h\u1ee3p nh\u1ea5t cho v\u0103n ph\u00f2ng c\u1ee7a b\u1ea1n.<\/p>\n","protected":false},"excerpt":{"rendered":"<p data-start=\"0\" data-end=\"276\"><strong data-start=\"31\" data-end=\"53\">T\u1ee7 h\u1ed3 s\u01a1 g\u1ed7 HRTP04<\/strong> l\u00e0 m\u1eabu t\u1ee7 ph\u1ee5 b\u00e0n l\u00e0m vi\u1ec7c ti\u1ec7n d\u1ee5ng, \u0111\u01b0\u1ee3c thi\u1ebft k\u1ebf v\u1edbi 1 ng\u0103n k\u00e9o, 1 c\u00e1nh m\u1edf v\u00e0 m\u1ed9t khoang r\u1ed7ng \u0111\u1ec3 t\u00e0i li\u1ec7u. T\u1ee7 s\u1eed d\u1ee5ng tay n\u1eafm v\u00e1t c\u1ea1nh hi\u1ec7n \u0111\u1ea1i, gi\u00fap thao t\u00e1c \u0111\u00f3ng m\u1edf d\u1ec5 d\u00e0ng, \u0111\u1ed3ng th\u1eddi t\u0103ng t\u00ednh th\u1ea9m m\u1ef9 cho s\u1ea3n ph\u1ea9m.<\/p>\n<p data-start=\"278\" data-end=\"313\">K\u00edch th\u01b0\u1edbc: W800 x D400 x H750 mm<\/p>\n<p data-start=\"315\" data-end=\"420\">Xu\u1ea5t x\u1ee9: S\u1ea3n ph\u1ea9m c\u1ee7a c\u00f4ng ty <strong data-start=\"345\" data-end=\"365\">N\u1ed8I TH\u1ea4T THE ONE<\/strong> \u2013 Ph\u00e2n ph\u1ed1i b\u1edfi <strong data-start=\"382\" data-end=\"418\">C\u00d4NG TY TNHH SXTM TTNT H\u1eeeU TH\u1ecaNH<\/strong><\/p>\n<p data-start=\"422\" data-end=\"466\">B\u1ea3o h\u00e0nh: 12 th\u00e1ng theo ti\u00eau chu\u1ea9n nh\u00e0 m\u00e1y<\/p>\n<p data-start=\"468\" data-end=\"622\"><span style=\"color: #ed1c24;\"><em data-start=\"468\" data-end=\"620\">L\u01b0u \u00fd: Gi\u00e1 tr\u00ean ch\u01b0a bao g\u1ed3m VAT v\u00e0 ph\u00ed v\u1eadn chuy\u1ec3n. Gi\u00e1 s\u1ea3n ph\u1ea9m c\u00f3 th\u1ec3 thay \u0111\u1ed5i theo t\u1eebng th\u1eddi \u0111i\u1ec3m, vui l\u00f2ng li\u00ean h\u1ec7 \u0111\u1ec3 nh\u1eadn t\u01b0 v\u1ea5n \u01b0u \u0111\u00e3i t\u1ed1t nh\u1ea5t.<\/em><\/span><\/p>\n","protected":false},"featured_media":3759,"comment_status":"open","ping_status":"closed","template":"","meta":[],"product_brand":[],"product_cat":[17,760],"product_tag":[],"class_list":{"0":"post-3758","1":"product","2":"type-product","3":"status-publish","4":"has-post-thumbnail","6":"product_cat-noi-that-van-phong","7":"product_cat-tu-go-van-phong","9":"first","10":"instock","11":"taxable","12":"shipping-taxable","13":"purchasable","14":"product-type-simple"},"_links":{"self":[{"href":"https:\/\/noithathuuthinh.vn\/zh-hans\/wp-json\/wp\/v2\/product\/3758","targetHints":{"allow":["GET"]}}],"collection":[{"href":"https:\/\/noithathuuthinh.vn\/zh-hans\/wp-json\/wp\/v2\/product"}],"about":[{"href":"https:\/\/noithathuuthinh.vn\/zh-hans\/wp-json\/wp\/v2\/types\/product"}],"replies":[{"embeddable":true,"href":"https:\/\/noithathuuthinh.vn\/zh-hans\/wp-json\/wp\/v2\/comments?post=3758"}],"wp:featuredmedia":[{"embeddable":true,"href":"https:\/\/noithathuuthinh.vn\/zh-hans\/wp-json\/wp\/v2\/media\/3759"}],"wp:attachment":[{"href":"https:\/\/noithathuuthinh.vn\/zh-hans\/wp-json\/wp\/v2\/media?parent=3758"}],"wp:term":[{"taxonomy":"product_brand","embeddable":true,"href":"https:\/\/noithathuuthinh.vn\/zh-hans\/wp-json\/wp\/v2\/product_brand?post=3758"},{"taxonomy":"product_cat","embeddable":true,"href":"https:\/\/noithathuuthinh.vn\/zh-hans\/wp-json\/wp\/v2\/product_cat?post=3758"},{"taxonomy":"product_tag","embeddable":true,"href":"https:\/\/noithathuuthinh.vn\/zh-hans\/wp-json\/wp\/v2\/product_tag?post=3758"}],"curies":[{"name":"wp","href":"https:\/\/api.w.org\/{rel}","templated":true}]}}