{"id":3795,"date":"2025-10-22T16:15:15","date_gmt":"2025-10-22T09:15:15","guid":{"rendered":"https:\/\/noithathuuthinh.vn\/?post_type=product&#038;p=3795"},"modified":"2025-10-22T16:15:16","modified_gmt":"2025-10-22T09:15:16","slug":"ban-giam-doc-ntp1890t1","status":"publish","type":"product","link":"https:\/\/noithathuuthinh.vn\/zh-hans\/san-pham\/ban-giam-doc-ntp1890t1\/","title":{"rendered":"B\u00e0n Gi\u00e1m \u0111\u1ed1c NTP1890T1"},"content":{"rendered":"<p data-start=\"652\" data-end=\"1039\"><strong data-start=\"694\" data-end=\"720\">B\u00e0n Gi\u00e1m \u0111\u1ed1c NTP1890T1<\/strong> l\u00e0 d\u00f2ng b\u00e0n l\u00e3nh \u0111\u1ea1o cao c\u1ea5p thu\u1ed9c b\u1ed9 s\u01b0u t\u1eadp n\u1ed9i th\u1ea5t v\u0103n ph\u00f2ng hi\u1ec7n \u0111\u1ea1i c\u1ee7a <strong data-start=\"799\" data-end=\"819\">N\u1ed8I TH\u1ea4T THE ONE<\/strong>, \u0111\u01b0\u1ee3c thi\u1ebft k\u1ebf v\u1edbi phong c\u00e1ch tinh t\u1ebf, sang tr\u1ecdng v\u00e0 \u0111\u1ea7y quy\u1ec1n uy. S\u1ea3n ph\u1ea9m kh\u00f4ng ch\u1ec9 \u0111\u00e1p \u1ee9ng y\u00eau c\u1ea7u v\u1ec1 c\u00f4ng n\u0103ng s\u1eed d\u1ee5ng m\u00e0 c\u00f2n th\u1ec3 hi\u1ec7n \u0111\u1eb3ng c\u1ea5p v\u00e0 v\u1ecb th\u1ebf c\u1ee7a ng\u01b0\u1eddi l\u00e3nh \u0111\u1ea1o trong kh\u00f4ng gian l\u00e0m vi\u1ec7c chuy\u00ean nghi\u1ec7p.<\/p>\n<p data-start=\"1041\" data-end=\"1389\">B\u00e0n s\u1eed d\u1ee5ng <strong data-start=\"1053\" data-end=\"1102\">ch\u1ea5t li\u1ec7u g\u1ed7 c\u00f4ng nghi\u1ec7p ph\u1ee7 Laminate cao c\u1ea5p<\/strong>, m\u1ed9t trong nh\u1eefng v\u1eadt li\u1ec7u \u0111\u01b0\u1ee3c \u0111\u00e1nh gi\u00e1 cao v\u1ec1 t\u00ednh th\u1ea9m m\u1ef9 v\u00e0 \u0111\u1ed9 b\u1ec1n. B\u1ec1 m\u1eb7t Laminate c\u00f3 kh\u1ea3 n\u0103ng <strong data-start=\"1202\" data-end=\"1264\">ch\u1ed1ng tr\u1ea7y x\u01b0\u1edbc, ch\u1ed1ng \u1ea9m, ch\u1ecbu nhi\u1ec7t v\u00e0 ch\u1ed1ng b\u00e1m b\u1ea9n t\u1ed1t<\/strong>, gi\u00fap s\u1ea3n ph\u1ea9m lu\u00f4n gi\u1eef \u0111\u01b0\u1ee3c v\u1ebb \u0111\u1eb9p s\u00e1ng b\u00f3ng theo th\u1eddi gian, ngay c\u1ea3 khi s\u1eed d\u1ee5ng th\u01b0\u1eddng xuy\u00ean trong m\u00f4i tr\u01b0\u1eddng v\u0103n ph\u00f2ng.<\/p>\n<p data-start=\"1391\" data-end=\"1792\"><strong data-start=\"1391\" data-end=\"1430\">Thi\u1ebft k\u1ebf t\u1ed5ng th\u1ec3 c\u1ee7a b\u00e0n NTP1890T1<\/strong> \u0111\u01b0\u1ee3c ch\u00fa tr\u1ecdng \u0111\u1ebfn t\u1eebng chi ti\u1ebft. C\u00e1c \u0111\u01b0\u1eddng n\u00e9t \u0111\u01b0\u1ee3c c\u1eaft g\u1ecdt tinh t\u1ebf, bo c\u1ea1nh m\u1ec1m m\u1ea1i gi\u00fap t\u1ea1o c\u1ea3m gi\u00e1c nh\u1eb9 nh\u00e0ng, hi\u1ec7n \u0111\u1ea1i nh\u01b0ng v\u1eabn gi\u1eef \u0111\u01b0\u1ee3c s\u1ef1 b\u1ec1 th\u1ebf c\u1ea7n c\u00f3 c\u1ee7a m\u1ed9t b\u00e0n gi\u00e1m \u0111\u1ed1c. M\u1eb7t b\u00e0n r\u1ed9ng r\u00e3i, \u0111\u1ee7 kh\u00f4ng gian cho m\u00e1y t\u00ednh, t\u00e0i li\u1ec7u, v\u1eadt d\u1ee5ng c\u00e1 nh\u00e2n v\u00e0 c\u00e1c thi\u1ebft b\u1ecb h\u1ed7 tr\u1ee3 c\u00f4ng vi\u1ec7c kh\u00e1c, gi\u00fap ng\u01b0\u1eddi l\u00e3nh \u0111\u1ea1o d\u1ec5 d\u00e0ng s\u1eafp x\u1ebfp m\u1ecdi th\u1ee9 g\u1ecdn g\u00e0ng v\u00e0 khoa h\u1ecdc.<\/p>\n<p data-start=\"1794\" data-end=\"2148\">Ph\u1ea7n <strong data-start=\"1799\" data-end=\"1822\">ch\u00e2n b\u00e0n v\u00e0 h\u1ed9c b\u00e0n<\/strong> \u0111\u01b0\u1ee3c thi\u1ebft k\u1ebf v\u1eefng ch\u1eafc, t\u1ea1o c\u1ea3m gi\u00e1c \u1ed5n \u0111\u1ecbnh v\u00e0 c\u00e2n \u0111\u1ed1i. C\u00e1c chi ti\u1ebft li\u00ean k\u1ebft \u0111\u01b0\u1ee3c x\u1eed l\u00fd t\u1ec9 m\u1ec9, b\u1ea3o \u0111\u1ea3m \u0111\u1ed9 b\u1ec1n ch\u1eafc trong qu\u00e1 tr\u00ecnh s\u1eed d\u1ee5ng l\u00e2u d\u00e0i. V\u1edbi <strong data-start=\"1978\" data-end=\"2015\">k\u00edch th\u01b0\u1edbc W1800 x D900 x H760 mm<\/strong>, b\u00e0n mang \u0111\u1ebfn kh\u00f4ng gian l\u00e0m vi\u1ec7c tho\u1ea3i m\u00e1i, ph\u00f9 h\u1ee3p cho nh\u1eefng l\u00e3nh \u0111\u1ea1o y\u00eau th\u00edch phong c\u00e1ch t\u1ed1i gi\u1ea3n nh\u01b0ng v\u1eabn c\u1ea7n s\u1ef1 sang tr\u1ecdng.<\/p>\n<p data-start=\"2150\" data-end=\"2537\">\u0110i\u1ec3m nh\u1ea5n c\u1ee7a <strong data-start=\"2164\" data-end=\"2190\">B\u00e0n Gi\u00e1m \u0111\u1ed1c NTP1890T1<\/strong> ch\u00ednh l\u00e0 s\u1ef1 k\u1ebft h\u1ee3p gi\u1eefa c\u00f4ng n\u0103ng v\u00e0 th\u1ea9m m\u1ef9. T\u00f4ng m\u00e0u g\u1ed7 trang nh\u00e3 k\u1ebft h\u1ee3p c\u00f9ng c\u00e1c chi ti\u1ebft hi\u1ec7n \u0111\u1ea1i mang l\u1ea1i c\u1ea3m gi\u00e1c \u1ea5m \u00e1p, chuy\u00ean nghi\u1ec7p v\u00e0 quy\u1ec1n l\u1ef1c cho v\u0103n ph\u00f2ng. B\u00e0n d\u1ec5 d\u00e0ng ph\u1ed1i h\u1ee3p v\u1edbi c\u00e1c s\u1ea3n ph\u1ea9m kh\u00e1c nh\u01b0 <strong data-start=\"2409\" data-end=\"2433\">gh\u1ebf gi\u00e1m \u0111\u1ed1c cao c\u1ea5p<\/strong>, <strong data-start=\"2435\" data-end=\"2458\">t\u1ee7 t\u00e0i li\u1ec7u \u0111\u1ed3ng b\u1ed9<\/strong>, ho\u1eb7c <strong data-start=\"2465\" data-end=\"2476\">b\u00e0n ph\u1ee5<\/strong> \u0111\u1ec3 t\u1ea1o n\u00ean m\u1ed9t kh\u00f4ng gian l\u00e0m vi\u1ec7c th\u1ed1ng nh\u1ea5t v\u00e0 \u0111\u1eb3ng c\u1ea5p.<\/p>\n<p data-start=\"2539\" data-end=\"2787\">Ngo\u00e0i ra, ch\u1ea5t li\u1ec7u Laminate gi\u00fap b\u00e0n lu\u00f4n m\u1edbi v\u00e0 d\u1ec5 v\u1ec7 sinh, ph\u00f9 h\u1ee3p v\u1edbi m\u00f4i tr\u01b0\u1eddng l\u00e0m vi\u1ec7c n\u0103ng \u0111\u1ed9ng v\u00e0 y\u00eau c\u1ea7u cao v\u1ec1 t\u00ednh th\u1ea9m m\u1ef9. C\u00e1c g\u00f3c c\u1ea1nh c\u1ee7a b\u00e0n \u0111\u01b0\u1ee3c gia c\u00f4ng k\u1ef9 l\u01b0\u1ee1ng, \u0111\u1ea3m b\u1ea3o an to\u00e0n v\u00e0 t\u1ea1o n\u00ean s\u1ef1 ho\u00e0n thi\u1ec7n trong thi\u1ebft k\u1ebf t\u1ed5ng th\u1ec3.<\/p>\n<p data-start=\"2789\" data-end=\"3136\"><strong data-start=\"2789\" data-end=\"2815\">B\u00e0n Gi\u00e1m \u0111\u1ed1c NTP1890T1<\/strong> kh\u00f4ng ch\u1ec9 l\u00e0 m\u1ed9t s\u1ea3n ph\u1ea9m n\u1ed9i th\u1ea5t th\u00f4ng th\u01b0\u1eddng m\u00e0 c\u00f2n l\u00e0 bi\u1ec3u t\u01b0\u1ee3ng cho phong c\u00e1ch l\u00e3nh \u0111\u1ea1o hi\u1ec7n \u0111\u1ea1i \u2013 n\u01a1i m\u00e0 s\u1ef1 tinh t\u1ebf, ti\u1ec7n nghi v\u00e0 chuy\u00ean nghi\u1ec7p \u0111\u01b0\u1ee3c k\u1ebft h\u1ee3p h\u00e0i h\u00f2a. S\u1ea3n ph\u1ea9m ph\u00f9 h\u1ee3p cho c\u00e1c <strong data-start=\"3013\" data-end=\"3074\">v\u0103n ph\u00f2ng gi\u00e1m \u0111\u1ed1c, tr\u01b0\u1edfng ph\u00f2ng, hay ph\u00f2ng h\u1ecdp \u0111i\u1ec1u h\u00e0nh<\/strong>, n\u01a1i c\u1ea7n th\u1ec3 hi\u1ec7n \u0111\u1eb3ng c\u1ea5p v\u00e0 gu th\u1ea9m m\u1ef9 c\u1ee7a ng\u01b0\u1eddi s\u1eed d\u1ee5ng.<\/p>\n<p data-start=\"3138\" data-end=\"3422\" data-is-last-node=\"\" data-is-only-node=\"\">N\u1ebfu b\u1ea1n \u0111ang t\u00ecm ki\u1ebfm m\u1ed9t m\u1eabu b\u00e0n gi\u00e1m \u0111\u1ed1c hi\u1ec7n \u0111\u1ea1i, ch\u1ea5t l\u01b0\u1ee3ng cao v\u00e0 mang l\u1ea1i s\u1ef1 sang tr\u1ecdng cho kh\u00f4ng gian l\u00e0m vi\u1ec7c, <strong data-start=\"3257\" data-end=\"3283\">B\u00e0n Gi\u00e1m \u0111\u1ed1c NTP1890T1<\/strong> ch\u1eafc ch\u1eafn l\u00e0 l\u1ef1a ch\u1ecdn l\u00fd t\u01b0\u1edfng. Li\u00ean h\u1ec7 ngay v\u1edbi <strong data-start=\"3333\" data-end=\"3369\">C\u00d4NG TY TNHH SXTM TTNT H\u1eeeU TH\u1ecaNH<\/strong> \u0111\u1ec3 \u0111\u01b0\u1ee3c t\u01b0 v\u1ea5n chi ti\u1ebft v\u00e0 nh\u1eadn b\u00e1o gi\u00e1 \u01b0u \u0111\u00e3i nh\u1ea5t.<\/p>\n","protected":false},"excerpt":{"rendered":"<p data-start=\"0\" data-end=\"297\">B\u00e0n Gi\u00e1m \u0111\u1ed1c NTP1890T1\u00a0\u0111\u01b0\u1ee3c thi\u1ebft k\u1ebf sang tr\u1ecdng, s\u1eed d\u1ee5ng ch\u1ea5t li\u1ec7u g\u1ed7 c\u00f4ng nghi\u1ec7p cao c\u1ea5p. M\u1eb7t b\u00e0n ph\u1ee7 <strong data-start=\"153\" data-end=\"165\">Laminate<\/strong> cao c\u1ea5p c\u00f3 kh\u1ea3 n\u0103ng ch\u1ed1ng tr\u1ea7y x\u01b0\u1edbc, ch\u1ecbu nhi\u1ec7t t\u1ed1t, mang \u0111\u1ebfn v\u1ebb \u0111\u1eb9p hi\u1ec7n \u0111\u1ea1i v\u00e0 \u0111\u1ed9 b\u1ec1n cao cho kh\u00f4ng gian l\u00e0m vi\u1ec7c c\u1ee7a l\u00e3nh \u0111\u1ea1o.<\/p>\n<p data-start=\"299\" data-end=\"335\">K\u00edch th\u01b0\u1edbc: W1800 x D900 x H760 mm<\/p>\n<p data-start=\"337\" data-end=\"487\">Xu\u1ea5t x\u1ee9: S\u1ea3n ph\u1ea9m c\u1ee7a <strong data-start=\"359\" data-end=\"387\">C\u00f4ng ty N\u1ed8I TH\u1ea4T THE ONE<\/strong> \u2013 Ph\u00e2n ph\u1ed1i b\u1edfi <strong data-start=\"404\" data-end=\"440\">C\u00d4NG TY TNHH SXTM TTNT H\u1eeeU TH\u1ecaNH<\/strong><br data-start=\"440\" data-end=\"443\" \/>B\u1ea3o h\u00e0nh: 12 th\u00e1ng theo ti\u00eau chu\u1ea9n nh\u00e0 m\u00e1y<\/p>\n<p data-start=\"489\" data-end=\"645\"><span style=\"color: #ed1c24;\"><em data-start=\"489\" data-end=\"643\">(L\u01b0u \u00fd: Gi\u00e1 tr\u00ean ch\u01b0a bao g\u1ed3m VAT v\u00e0 ph\u00ed v\u1eadn chuy\u1ec3n. Gi\u00e1 s\u1ea3n ph\u1ea9m c\u00f3 th\u1ec3 thay \u0111\u1ed5i theo t\u1eebng th\u1eddi \u0111i\u1ec3m, vui l\u00f2ng li\u00ean h\u1ec7 \u0111\u1ec3 nh\u1eadn t\u01b0 v\u1ea5n \u01b0u \u0111\u00e3i t\u1ed1t nh\u1ea5t.)<\/em><\/span><\/p>\n","protected":false},"featured_media":3796,"comment_status":"open","ping_status":"closed","template":"","meta":[],"product_brand":[],"product_cat":[17,756],"product_tag":[],"class_list":{"0":"post-3795","1":"product","2":"type-product","3":"status-publish","4":"has-post-thumbnail","6":"product_cat-noi-that-van-phong","7":"product_cat-ban-giam-doc","9":"first","10":"instock","11":"shipping-taxable","12":"purchasable","13":"product-type-simple"},"_links":{"self":[{"href":"https:\/\/noithathuuthinh.vn\/zh-hans\/wp-json\/wp\/v2\/product\/3795","targetHints":{"allow":["GET"]}}],"collection":[{"href":"https:\/\/noithathuuthinh.vn\/zh-hans\/wp-json\/wp\/v2\/product"}],"about":[{"href":"https:\/\/noithathuuthinh.vn\/zh-hans\/wp-json\/wp\/v2\/types\/product"}],"replies":[{"embeddable":true,"href":"https:\/\/noithathuuthinh.vn\/zh-hans\/wp-json\/wp\/v2\/comments?post=3795"}],"wp:featuredmedia":[{"embeddable":true,"href":"https:\/\/noithathuuthinh.vn\/zh-hans\/wp-json\/wp\/v2\/media\/3796"}],"wp:attachment":[{"href":"https:\/\/noithathuuthinh.vn\/zh-hans\/wp-json\/wp\/v2\/media?parent=3795"}],"wp:term":[{"taxonomy":"product_brand","embeddable":true,"href":"https:\/\/noithathuuthinh.vn\/zh-hans\/wp-json\/wp\/v2\/product_brand?post=3795"},{"taxonomy":"product_cat","embeddable":true,"href":"https:\/\/noithathuuthinh.vn\/zh-hans\/wp-json\/wp\/v2\/product_cat?post=3795"},{"taxonomy":"product_tag","embeddable":true,"href":"https:\/\/noithathuuthinh.vn\/zh-hans\/wp-json\/wp\/v2\/product_tag?post=3795"}],"curies":[{"name":"wp","href":"https:\/\/api.w.org\/{rel}","templated":true}]}}