{"id":3803,"date":"2025-10-22T16:34:28","date_gmt":"2025-10-22T09:34:28","guid":{"rendered":"https:\/\/noithathuuthinh.vn\/?post_type=product&#038;p=3803"},"modified":"2025-10-22T17:01:51","modified_gmt":"2025-10-22T10:01:51","slug":"ban-giam-doc-ntvp2018c17","status":"publish","type":"product","link":"https:\/\/noithathuuthinh.vn\/zh-hans\/san-pham\/ban-giam-doc-ntvp2018c17\/","title":{"rendered":"B\u00e0n Gi\u00e1m \u0111\u1ed1c NTVP2018C17"},"content":{"rendered":"<p data-start=\"1171\" data-end=\"1571\"><strong data-start=\"1213\" data-end=\"1241\">B\u00e0n Gi\u00e1m \u0111\u1ed1c NTVP2018C17<\/strong> l\u00e0 m\u1eabu b\u00e0n l\u00e3nh \u0111\u1ea1o cao c\u1ea5p \u0111\u01b0\u1ee3c thi\u1ebft k\u1ebf d\u00e0nh ri\u00eang cho kh\u00f4ng gian l\u00e0m vi\u1ec7c hi\u1ec7n \u0111\u1ea1i, sang tr\u1ecdng v\u00e0 th\u1ec3 hi\u1ec7n \u0111\u1eb3ng c\u1ea5p c\u1ee7a ng\u01b0\u1eddi \u0111\u1ee9ng \u0111\u1ea7u doanh nghi\u1ec7p. S\u1ea3n ph\u1ea9m thu\u1ed9c d\u00f2ng <strong data-start=\"1414\" data-end=\"1426\">ch\u00e2n C17<\/strong>, n\u1ed5i b\u1eadt v\u1edbi thi\u1ebft k\u1ebf khung ch\u00e2n \u1ed1ng th\u00e9p bi\u00ean d\u1ea1ng m\u1edbi k\u1ebft h\u1ee3p c\u00f9ng y\u1ebfm t\u00f4n v\u1eefng ch\u1eafc, mang l\u1ea1i s\u1ef1 kh\u1ecfe kho\u1eafn v\u00e0 tinh t\u1ebf trong t\u1eebng chi ti\u1ebft.<\/p>\n<p data-start=\"1573\" data-end=\"2016\">\u0110i\u1ec3m nh\u1ea5n \u0111\u1ea7u ti\u00ean c\u1ee7a <strong data-start=\"1596\" data-end=\"1615\">B\u00e0n NTVP2018C17<\/strong> ch\u00ednh l\u00e0 <strong data-start=\"1625\" data-end=\"1684\">s\u1ef1 k\u1ebft h\u1ee3p ho\u00e0n h\u1ea3o gi\u1eefa ch\u1ea5t li\u1ec7u Laminate v\u00e0 Melamine<\/strong>, gi\u00fap s\u1ea3n ph\u1ea9m v\u1eeba c\u00f3 t\u00ednh th\u1ea9m m\u1ef9 cao v\u1eeba \u0111\u1ea3m b\u1ea3o \u0111\u1ed9 b\u1ec1n v\u01b0\u1ee3t tr\u1ed9i. L\u1edbp ph\u1ee7 Laminate ch\u1ed1ng tr\u1ea7y x\u01b0\u1edbc, ch\u1ed1ng th\u1ea5m n\u01b0\u1edbc v\u00e0 ch\u1ecbu nhi\u1ec7t t\u1ed1t, \u0111\u1ed3ng th\u1eddi gi\u1eef cho b\u1ec1 m\u1eb7t b\u00e0n lu\u00f4n s\u00e1ng b\u00f3ng, b\u1ec1n m\u00e0u theo th\u1eddi gian. Trong khi \u0111\u00f3, Melamine gi\u00fap t\u0103ng t\u00ednh \u0111\u1ed3ng b\u1ed9 v\u1ec1 m\u00e0u s\u1eafc v\u00e0 \u0111\u1ed9 \u1ed5n \u0111\u1ecbnh c\u1ee7a k\u1ebft c\u1ea5u, mang l\u1ea1i t\u1ed5ng th\u1ec3 h\u00e0i h\u00f2a, sang tr\u1ecdng.<\/p>\n<p data-start=\"2018\" data-end=\"2481\">Thi\u1ebft k\u1ebf m\u1eb7t b\u00e0n r\u1ed9ng r\u00e3i v\u1edbi <strong data-start=\"2048\" data-end=\"2086\">k\u00edch th\u01b0\u1edbc W2000 x D1800 x H750 mm<\/strong> gi\u00fap ng\u01b0\u1eddi d\u00f9ng d\u1ec5 d\u00e0ng b\u1ed1 tr\u00ed m\u00e1y t\u00ednh, t\u00e0i li\u1ec7u, s\u1ed5 s\u00e1ch, \u0111\u1ed3ng th\u1eddi v\u1eabn gi\u1eef \u0111\u01b0\u1ee3c s\u1ef1 tho\u00e1ng \u0111\u00e3ng, ti\u1ec7n nghi. Ph\u1ea7n <strong data-start=\"2202\" data-end=\"2219\">ch\u00e2n th\u00e9p C17<\/strong> c\u00f3 c\u1ea5u tr\u00fac ch\u1eafc ch\u1eafn, kh\u1ea3 n\u0103ng ch\u1ecbu l\u1ef1c cao, \u0111\u01b0\u1ee3c s\u01a1n t\u0129nh \u0111i\u1ec7n ch\u1ed1ng g\u1ec9, \u0111\u1ea3m b\u1ea3o \u0111\u1ed9 b\u1ec1n l\u00e2u d\u00e0i ngay c\u1ea3 trong m\u00f4i tr\u01b0\u1eddng l\u00e0m vi\u1ec7c c\u00f3 \u0111\u1ed9 \u1ea9m cao. Y\u1ebfm t\u00f4n \u0111\u01b0\u1ee3c thi\u1ebft k\u1ebf tinh t\u1ebf, v\u1eeba t\u0103ng t\u00ednh th\u1ea9m m\u1ef9, v\u1eeba gi\u00fap t\u1ea1o s\u1ef1 ri\u00eang t\u01b0 v\u00e0 trang tr\u1ecdng cho ng\u01b0\u1eddi l\u00e3nh \u0111\u1ea1o.<\/p>\n<p data-start=\"2483\" data-end=\"2838\">M\u1ed9t \u01b0u \u0111i\u1ec3m kh\u00e1c c\u1ee7a <strong data-start=\"2504\" data-end=\"2532\">B\u00e0n Gi\u00e1m \u0111\u1ed1c NTVP2018C17<\/strong> l\u00e0 \u0111i k\u00e8m <strong data-start=\"2543\" data-end=\"2561\">t\u1ee7 ph\u1ee5 \u0111a n\u0103ng<\/strong> \u2013 n\u01a1i c\u00f3 th\u1ec3 l\u01b0u tr\u1eef t\u00e0i li\u1ec7u, h\u1ed3 s\u01a1 v\u00e0 v\u1eadt d\u1ee5ng c\u00e1 nh\u00e2n g\u1ecdn g\u00e0ng. Thi\u1ebft k\u1ebf t\u1ee7 ph\u1ee5 v\u1eeba gi\u00fap t\u1ed1i \u01b0u kh\u00f4ng gian, v\u1eeba t\u0103ng t\u00ednh ti\u1ec7n l\u1ee3i khi l\u00e0m vi\u1ec7c. Ngo\u00e0i ra, b\u00e0n c\u00f2n \u0111\u01b0\u1ee3c trang b\u1ecb <strong data-start=\"2742\" data-end=\"2762\">ph\u1ee5 ki\u1ec7n cao c\u1ea5p<\/strong>, \u0111\u1ea3m b\u1ea3o ho\u1ea1t \u0111\u1ed9ng m\u01b0\u1ee3t m\u00e0, \u00eam \u00e1i v\u00e0 b\u1ec1n b\u1ec9 trong su\u1ed1t qu\u00e1 tr\u00ecnh s\u1eed d\u1ee5ng.<\/p>\n<p data-start=\"2840\" data-end=\"2914\">V\u1ec1 l\u1ef1a ch\u1ecdn ch\u1ea5t li\u1ec7u, <strong data-start=\"2863\" data-end=\"2878\">NTVP2018C17<\/strong> mang \u0111\u1ebfn hai phi\u00ean b\u1ea3n linh ho\u1ea1t:<\/p>\n<ul data-start=\"2915\" data-end=\"3233\">\n<li data-start=\"2915\" data-end=\"3096\">\n<p data-start=\"2917\" data-end=\"3096\">Phi\u00ean b\u1ea3n <strong data-start=\"2927\" data-end=\"2938\">cao c\u1ea5p<\/strong> v\u1edbi Laminate k\u1ebft h\u1ee3p Melamine (m\u00e3 L2M12 v\u00e0 L5M26) \u2013 c\u00f3 c\u00e1c chi ti\u1ebft bo m\u1ecf v\u1ecbt, bo 1\/4 \u0111\u01b0\u1eddng tr\u00f2n t\u1ea1i m\u1eb7t ng\u0103n k\u00e9o v\u00e0 c\u00e1nh h\u1ed9c, t\u1ea1o n\u00ean s\u1ef1 m\u1ec1m m\u1ea1i, tinh t\u1ebf.<\/p>\n<\/li>\n<li data-start=\"3097\" data-end=\"3233\">\n<p data-start=\"3099\" data-end=\"3233\">Phi\u00ean b\u1ea3n <strong data-start=\"3109\" data-end=\"3122\">ph\u1ed5 th\u00f4ng<\/strong> s\u1eed d\u1ee5ng Melamine to\u00e0n b\u1ed9 (M32M26) \u2013 thi\u1ebft k\u1ebf vu\u00f4ng v\u1ee9c, hi\u1ec7n \u0111\u1ea1i, ph\u00f9 h\u1ee3p v\u1edbi phong c\u00e1ch t\u1ed1i gi\u1ea3n, hi\u1ec7u qu\u1ea3.<\/p>\n<\/li>\n<\/ul>\n<p data-start=\"3235\" data-end=\"3383\">D\u00f2ng s\u1ea3n ph\u1ea9m hi\u1ec7n ch\u1ec9 <strong data-start=\"3258\" data-end=\"3288\">s\u1ea3n xu\u1ea5t t\u1ed3n kho m\u00e0u L5M52<\/strong>, hai m\u1eabu c\u00f2n l\u1ea1i l\u00e0 <strong data-start=\"3309\" data-end=\"3340\">h\u00e0ng \u0111\u1eb7t ri\u00eang theo y\u00eau c\u1ea7u<\/strong>, \u0111\u00e1p \u1ee9ng \u0111a d\u1ea1ng nhu c\u1ea7u c\u1ee7a kh\u00e1ch h\u00e0ng.<\/p>\n<p data-start=\"3385\" data-end=\"3669\">Kh\u00f4ng ch\u1ec9 l\u00e0 m\u1ed9t chi\u1ebfc b\u00e0n l\u00e0m vi\u1ec7c, <strong data-start=\"3422\" data-end=\"3450\">B\u00e0n Gi\u00e1m \u0111\u1ed1c NTVP2018C17<\/strong> c\u00f2n l\u00e0 bi\u1ec3u t\u01b0\u1ee3ng cho <strong data-start=\"3473\" data-end=\"3502\">s\u1ef1 th\u00e0nh c\u00f4ng v\u00e0 uy quy\u1ec1n<\/strong> c\u1ee7a ng\u01b0\u1eddi l\u00e3nh \u0111\u1ea1o. T\u1eebng chi ti\u1ebft thi\u1ebft k\u1ebf \u0111\u1ec1u \u0111\u01b0\u1ee3c t\u00ednh to\u00e1n t\u1ec9 m\u1ec9, \u0111\u1ea3m b\u1ea3o mang \u0111\u1ebfn m\u1ed9t kh\u00f4ng gian l\u00e0m vi\u1ec7c \u0111\u1eb3ng c\u1ea5p, th\u1ec3 hi\u1ec7n phong th\u00e1i t\u1ef1 tin v\u00e0 chuy\u00ean nghi\u1ec7p.<\/p>\n<p data-start=\"3671\" data-end=\"3990\">S\u1ea3n ph\u1ea9m ph\u00f9 h\u1ee3p v\u1edbi nhi\u1ec1u kh\u00f4ng gian kh\u00e1c nhau \u2013 t\u1eeb ph\u00f2ng gi\u00e1m \u0111\u1ed1c, ph\u00f2ng ch\u1ee7 t\u1ecbch \u0111\u1ebfn khu v\u1ef1c \u0111i\u1ec1u h\u00e0nh c\u1ea5p cao \u2013 n\u01a1i \u0111\u00f2i h\u1ecfi s\u1ef1 tinh t\u1ebf v\u00e0 phong c\u00e1ch ri\u00eang bi\u1ec7t. Khi k\u1ebft h\u1ee3p c\u00f9ng <strong data-start=\"3853\" data-end=\"3880\">gh\u1ebf l\u00e3nh \u0111\u1ea1o da cao c\u1ea5p<\/strong> ho\u1eb7c <strong data-start=\"3886\" data-end=\"3906\">t\u1ee7 h\u1ed3 s\u01a1 \u0111\u1ed3ng b\u1ed9<\/strong>, t\u1ed5ng th\u1ec3 kh\u00f4ng gian l\u00e0m vi\u1ec7c s\u1ebd tr\u1edf n\u00ean sang tr\u1ecdng v\u00e0 \u0111\u1ed3ng nh\u1ea5t h\u01a1n bao gi\u1edd h\u1ebft.<\/p>\n<p data-start=\"3992\" data-end=\"4310\" data-is-last-node=\"\" data-is-only-node=\"\">N\u1ebfu b\u1ea1n \u0111ang t\u00ecm ki\u1ebfm m\u1ed9t chi\u1ebfc b\u00e0n th\u1ec3 hi\u1ec7n s\u1ef1 m\u1ea1nh m\u1ebd, tinh t\u1ebf v\u00e0 hi\u1ec7n \u0111\u1ea1i, <strong data-start=\"4070\" data-end=\"4098\">B\u00e0n Gi\u00e1m \u0111\u1ed1c NTVP2018C17<\/strong> ch\u00ednh l\u00e0 l\u1ef1a ch\u1ecdn l\u00fd t\u01b0\u1edfng. H\u00e3y li\u00ean h\u1ec7 ngay v\u1edbi <strong data-start=\"4148\" data-end=\"4184\">C\u00d4NG TY TNHH SXTM TTNT H\u1eeeU TH\u1ecaNH<\/strong> \u0111\u1ec3 \u0111\u01b0\u1ee3c t\u01b0 v\u1ea5n chi ti\u1ebft, nh\u1eadn b\u00e1o gi\u00e1 t\u1ed1t nh\u1ea5t v\u00e0 h\u1ed7 tr\u1ee3 l\u1ef1a ch\u1ecdn m\u00e0u s\u1eafc, ch\u1ea5t li\u1ec7u ph\u00f9 h\u1ee3p cho kh\u00f4ng gian l\u00e0m vi\u1ec7c c\u1ee7a b\u1ea1n.<\/p>\n","protected":false},"excerpt":{"rendered":"<p data-start=\"0\" data-end=\"436\"><strong data-start=\"31\" data-end=\"59\">B\u00e0n Gi\u00e1m \u0111\u1ed1c NTVP2018C17<\/strong> l\u00e0 m\u1eabu b\u00e0n l\u00e3nh \u0111\u1ea1o cao c\u1ea5p thu\u1ed9c d\u00f2ng ch\u00e2n s\u1eaft <strong data-start=\"108\" data-end=\"115\">C17<\/strong>, \u0111\u01b0\u1ee3c thi\u1ebft k\u1ebf hi\u1ec7n \u0111\u1ea1i v\u1edbi ch\u00e2n \u1ed1ng th\u00e9p bi\u00ean d\u1ea1ng m\u1edbi k\u1ebft h\u1ee3p y\u1ebfm t\u00f4n trang tr\u00ed. M\u1eb7t b\u00e0n s\u1eed d\u1ee5ng <strong data-start=\"215\" data-end=\"263\">g\u1ed7 c\u00f4ng nghi\u1ec7p ph\u1ee7 Laminate k\u1ebft h\u1ee3p Melamine<\/strong>, mang \u0111\u1ebfn v\u1ebb sang tr\u1ecdng v\u00e0 \u0111\u1ed9 b\u1ec1n v\u01b0\u1ee3t tr\u1ed9i. S\u1ea3n ph\u1ea9m \u0111\u01b0\u1ee3c trang b\u1ecb <strong data-start=\"332\" data-end=\"352\">ph\u1ee5 ki\u1ec7n cao c\u1ea5p<\/strong> v\u00e0 <strong data-start=\"356\" data-end=\"376\">c\u00f3 t\u1ee7 ph\u1ee5 \u0111i k\u00e8m<\/strong>, gi\u00fap m\u1edf r\u1ed9ng kh\u00f4ng gian l\u01b0u tr\u1eef v\u00e0 ti\u1ec7n l\u1ee3i khi s\u1eed d\u1ee5ng.<br \/>\nK\u00edch th\u01b0\u1edbc: W2000 x D1800 x H750 mm<br \/>\nD\u00f2ng ch\u00e2n C17 \u0111\u01b0\u1ee3c \u00e1p d\u1ee5ng v\u1edbi 2 ch\u1ea5t li\u1ec7u:<br \/>\n<strong data-start=\"525\" data-end=\"547\">Ch\u1ea5t li\u1ec7u cao c\u1ea5p:<\/strong> Laminate k\u1ebft h\u1ee3p Melamine (L2M12 v\u00e0 L5M26). M\u1eb7t b\u00e0n bo m\u1ecf v\u1ecbt, m\u1eb7t ng\u0103n k\u00e9o v\u00e0 c\u00e1nh h\u1ed9c \u2013 t\u1ee7 bo 1\/4 \u0111\u01b0\u1eddng tr\u00f2n.<br \/>\n<strong data-start=\"664\" data-end=\"688\">Ch\u1ea5t li\u1ec7u ph\u1ed5 th\u00f4ng:<\/strong> Melamine to\u00e0n b\u1ed9 (M32M26). C\u00e1c c\u1ea1nh vu\u00f4ng, kh\u00f4ng bo nh\u01b0 Laminate.<br \/>\nLaminate k\u1ebft h\u1ee3p Melamine &#8211; <span style=\"font-size: 120%; color: #ed1c24;\"><strong>6.239.000 \u0111<\/strong><\/span><br \/>\nMelamine to\u00e0n b\u1ed9 &#8211; <span style=\"color: #ed1c24;\"><strong><span style=\"font-size: 120%;\">5.387.000 \u0111<\/span><\/strong><\/span><br \/>\n<em data-start=\"758\" data-end=\"852\">Ch\u1ec9 s\u1ea3n xu\u1ea5t t\u1ed3n m\u00e0u L5M52. C\u00e1c h\u00e0ng L2M12 v\u00e0 M32M26 l\u00e0 h\u00e0ng \u0111\u1eb7t ri\u00eang (kh\u00f4ng s\u1ea3n xu\u1ea5t t\u1ed3n).<br \/>\n<\/em>Xu\u1ea5t x\u1ee9: S\u1ea3n ph\u1ea9m c\u1ee7a <strong data-start=\"878\" data-end=\"906\">C\u00f4ng ty N\u1ed8I TH\u1ea4T THE ONE<\/strong> \u2013 Ph\u00e2n ph\u1ed1i b\u1edfi <strong data-start=\"923\" data-end=\"959\">C\u00d4NG TY TNHH SXTM TTNT H\u1eeeU TH\u1ecaNH<\/strong><br data-start=\"959\" data-end=\"962\" \/>B\u1ea3o h\u00e0nh: 12 th\u00e1ng theo ti\u00eau chu\u1ea9n nh\u00e0 m\u00e1y<br \/>\n<em data-start=\"1008\" data-end=\"1162\">(L\u01b0u \u00fd: Gi\u00e1 tr\u00ean ch\u01b0a bao g\u1ed3m VAT v\u00e0 ph\u00ed v\u1eadn chuy\u1ec3n. Gi\u00e1 s\u1ea3n ph\u1ea9m c\u00f3 th\u1ec3 thay \u0111\u1ed5i theo t\u1eebng th\u1eddi \u0111i\u1ec3m, vui l\u00f2ng li\u00ean h\u1ec7 \u0111\u1ec3 nh\u1eadn t\u01b0 v\u1ea5n \u01b0u \u0111\u00e3i t\u1ed1t nh\u1ea5t.)<\/em><\/p>\n","protected":false},"featured_media":3804,"comment_status":"open","ping_status":"closed","template":"","meta":[],"product_brand":[],"product_cat":[17,756,179],"product_tag":[],"class_list":{"0":"post-3803","1":"product","2":"type-product","3":"status-publish","4":"has-post-thumbnail","6":"product_cat-noi-that-van-phong","7":"product_cat-ban-giam-doc","8":"product_cat-ban-lam-viec-chan-sat","10":"first","11":"instock","12":"shipping-taxable","13":"purchasable","14":"product-type-simple"},"_links":{"self":[{"href":"https:\/\/noithathuuthinh.vn\/zh-hans\/wp-json\/wp\/v2\/product\/3803","targetHints":{"allow":["GET"]}}],"collection":[{"href":"https:\/\/noithathuuthinh.vn\/zh-hans\/wp-json\/wp\/v2\/product"}],"about":[{"href":"https:\/\/noithathuuthinh.vn\/zh-hans\/wp-json\/wp\/v2\/types\/product"}],"replies":[{"embeddable":true,"href":"https:\/\/noithathuuthinh.vn\/zh-hans\/wp-json\/wp\/v2\/comments?post=3803"}],"wp:featuredmedia":[{"embeddable":true,"href":"https:\/\/noithathuuthinh.vn\/zh-hans\/wp-json\/wp\/v2\/media\/3804"}],"wp:attachment":[{"href":"https:\/\/noithathuuthinh.vn\/zh-hans\/wp-json\/wp\/v2\/media?parent=3803"}],"wp:term":[{"taxonomy":"product_brand","embeddable":true,"href":"https:\/\/noithathuuthinh.vn\/zh-hans\/wp-json\/wp\/v2\/product_brand?post=3803"},{"taxonomy":"product_cat","embeddable":true,"href":"https:\/\/noithathuuthinh.vn\/zh-hans\/wp-json\/wp\/v2\/product_cat?post=3803"},{"taxonomy":"product_tag","embeddable":true,"href":"https:\/\/noithathuuthinh.vn\/zh-hans\/wp-json\/wp\/v2\/product_tag?post=3803"}],"curies":[{"name":"wp","href":"https:\/\/api.w.org\/{rel}","templated":true}]}}