{"id":3806,"date":"2025-10-22T16:47:43","date_gmt":"2025-10-22T09:47:43","guid":{"rendered":"https:\/\/noithathuuthinh.vn\/?post_type=product&#038;p=3806"},"modified":"2025-10-22T16:49:35","modified_gmt":"2025-10-22T09:49:35","slug":"tu-ho-so-ntv2420t1","status":"publish","type":"product","link":"https:\/\/noithathuuthinh.vn\/zh-hans\/san-pham\/tu-ho-so-ntv2420t1\/","title":{"rendered":"T\u1ee7 h\u1ed3 s\u01a1 NTV2420T1"},"content":{"rendered":"<p data-start=\"578\" data-end=\"1022\"><strong data-start=\"620\" data-end=\"642\">T\u1ee7 h\u1ed3 s\u01a1 NTV2420T1<\/strong> l\u00e0 m\u1eabu t\u1ee7 gi\u00e1m \u0111\u1ed1c cao c\u1ea5p thu\u1ed9c d\u00f2ng s\u1ea3n ph\u1ea9m v\u0103n ph\u00f2ng hi\u1ec7n \u0111\u1ea1i c\u1ee7a <strong data-start=\"713\" data-end=\"733\">N\u1ed8I TH\u1ea4T THE ONE<\/strong>, \u0111\u01b0\u1ee3c thi\u1ebft k\u1ebf \u0111\u1ec3 \u0111\u00e1p \u1ee9ng nhu c\u1ea7u l\u01b0u tr\u1eef v\u00e0 trang tr\u00ed kh\u00f4ng gian ph\u00f2ng l\u00e3nh \u0111\u1ea1o m\u1ed9t c\u00e1ch tinh t\u1ebf, chuy\u00ean nghi\u1ec7p v\u00e0 \u0111\u1eb3ng c\u1ea5p. S\u1ea3n ph\u1ea9m l\u00e0 s\u1ef1 k\u1ebft h\u1ee3p h\u00e0i h\u00f2a gi\u1eefa th\u1ea9m m\u1ef9 sang tr\u1ecdng v\u00e0 c\u00f4ng n\u0103ng s\u1eed d\u1ee5ng t\u1ed1i \u01b0u, gi\u00fap kh\u00f4ng gian l\u00e0m vi\u1ec7c th\u00eam g\u1ecdn g\u00e0ng v\u00e0 th\u1ec3 hi\u1ec7n v\u1ecb th\u1ebf c\u1ee7a ng\u01b0\u1eddi s\u1eed d\u1ee5ng.<\/p>\n<p data-start=\"1024\" data-end=\"1461\">\u0110i\u1ec3m n\u1ed5i b\u1eadt c\u1ee7a <strong data-start=\"1041\" data-end=\"1054\">NTV2420T1<\/strong> n\u1eb1m \u1edf ch\u1ea5t li\u1ec7u c\u1ea5u th\u00e0nh: ph\u1ea7n khung v\u00e0 th\u00e2n t\u1ee7 \u0111\u01b0\u1ee3c l\u00e0m t\u1eeb g\u1ed7 <strong data-start=\"1119\" data-end=\"1131\">Melamine<\/strong> cao c\u1ea5p, ch\u1ed1ng tr\u1ea7y x\u01b0\u1edbc, ch\u1ed1ng th\u1ea5m n\u01b0\u1edbc v\u00e0 d\u1ec5 d\u00e0ng v\u1ec7 sinh, trong khi b\u1ec1 m\u1eb7t c\u00e1nh t\u1ee7 \u0111\u01b0\u1ee3c ph\u1ee7 <strong data-start=\"1228\" data-end=\"1240\">Laminate<\/strong> \u2013 lo\u1ea1i v\u1eadt li\u1ec7u n\u1ed5i ti\u1ebfng v\u1ec1 \u0111\u1ed9 b\u1ec1n m\u00e0u, kh\u1ea3 n\u0103ng ch\u1ecbu nhi\u1ec7t v\u00e0 ch\u1ed1ng va \u0111\u1eadp c\u1ef1c t\u1ed1t. S\u1ef1 k\u1ebft h\u1ee3p n\u00e0y kh\u00f4ng ch\u1ec9 n\u00e2ng cao t\u00ednh th\u1ea9m m\u1ef9 m\u00e0 c\u00f2n t\u0103ng tu\u1ed5i th\u1ecd s\u1ea3n ph\u1ea9m, mang l\u1ea1i c\u1ea3m gi\u00e1c sang tr\u1ecdng v\u00e0 b\u1ec1n b\u1ec9 theo th\u1eddi gian.<\/p>\n<p data-start=\"1463\" data-end=\"1841\">T\u1ee7 \u0111\u01b0\u1ee3c thi\u1ebft k\u1ebf v\u1edbi <strong data-start=\"1484\" data-end=\"1503\">c\u00e1nh t\u1ee7 kh\u00f3a s\u1ed1<\/strong> an to\u00e0n, mang l\u1ea1i s\u1ef1 b\u1ea3o m\u1eadt t\u1ed1i \u0111a cho c\u00e1c t\u00e0i li\u1ec7u quan tr\u1ecdng c\u1ee7a doanh nghi\u1ec7p. H\u1ec7 th\u1ed1ng b\u1ea3n l\u1ec1 v\u00e0 tay n\u1eafm \u0111\u01b0\u1ee3c ch\u1ebf t\u00e1c t\u1eeb ph\u1ee5 ki\u1ec7n cao c\u1ea5p, v\u1eadn h\u00e0nh tr\u01a1n tru, \u00eam \u00e1i v\u00e0 h\u1ea1n ch\u1ebf ti\u1ebfng \u1ed3n khi \u0111\u00f3ng m\u1edf. C\u1ea5u tr\u00fac b\u00ean trong \u0111\u01b0\u1ee3c chia th\u00e0nh nhi\u1ec1u ng\u0103n ch\u1ee9a linh ho\u1ea1t, gi\u00fap ng\u01b0\u1eddi d\u00f9ng d\u1ec5 d\u00e0ng ph\u00e2n lo\u1ea1i h\u1ed3 s\u01a1, t\u00e0i li\u1ec7u ho\u1eb7c v\u1eadt d\u1ee5ng c\u00e1 nh\u00e2n.<\/p>\n<p data-start=\"1843\" data-end=\"2184\">V\u1edbi <strong data-start=\"1847\" data-end=\"1887\">k\u00edch th\u01b0\u1edbc W2400 x D400 x H2000 (mm)<\/strong>, t\u1ee7 NTV2420T1 c\u00f3 s\u1ee9c ch\u1ee9a l\u1edbn nh\u01b0ng v\u1eabn \u0111\u1ea3m b\u1ea3o s\u1ef1 c\u00e2n \u0111\u1ed1i, ph\u00f9 h\u1ee3p v\u1edbi h\u1ea7u h\u1ebft c\u00e1c kh\u00f4ng gian ph\u00f2ng gi\u00e1m \u0111\u1ed1c ho\u1eb7c ph\u00f2ng h\u1ecdp cao c\u1ea5p. T\u1ef7 l\u1ec7 thi\u1ebft k\u1ebf tinh g\u1ecdn, chi\u1ec1u cao h\u1ee3p l\u00fd gi\u00fap s\u1ea3n ph\u1ea9m kh\u00f4ng t\u1ea1o c\u1ea3m gi\u00e1c c\u1ed3ng k\u1ec1nh, \u0111\u1ed3ng th\u1eddi t\u00f4n l\u00ean v\u1ebb uy nghi v\u00e0 hi\u1ec7n \u0111\u1ea1i cho t\u1ed5ng th\u1ec3 kh\u00f4ng gian n\u1ed9i th\u1ea5t.<\/p>\n<p data-start=\"2186\" data-end=\"2251\">D\u00f2ng s\u1ea3n ph\u1ea9m n\u00e0y \u0111\u01b0\u1ee3c s\u1ea3n xu\u1ea5t v\u1edbi <strong data-start=\"2222\" data-end=\"2248\">hai t\u00f9y ch\u1ecdn ch\u1ea5t li\u1ec7u<\/strong>:<\/p>\n<ul data-start=\"2252\" data-end=\"2589\">\n<li data-start=\"2252\" data-end=\"2436\">\n<p data-start=\"2254\" data-end=\"2436\"><strong data-start=\"2254\" data-end=\"2275\">Phi\u00ean b\u1ea3n cao c\u1ea5p<\/strong> s\u1eed d\u1ee5ng <strong data-start=\"2284\" data-end=\"2313\">Laminate k\u1ebft h\u1ee3p Melamine<\/strong>, c\u00f3 c\u00e1c chi ti\u1ebft bo tr\u00f2n m\u1ec1m m\u1ea1i \u1edf m\u1eb7t t\u1ee7 v\u00e0 c\u1ea1nh h\u1ed9c, mang l\u1ea1i c\u1ea3m gi\u00e1c sang tr\u1ecdng, tinh t\u1ebf v\u00e0 \u0111\u1eadm phong c\u00e1ch hi\u1ec7n \u0111\u1ea1i.<\/p>\n<\/li>\n<li data-start=\"2437\" data-end=\"2589\">\n<p data-start=\"2439\" data-end=\"2589\"><strong data-start=\"2439\" data-end=\"2462\">Phi\u00ean b\u1ea3n ph\u1ed5 th\u00f4ng<\/strong> l\u00e0m ho\u00e0n to\u00e0n t\u1eeb Melamine, c\u00f3 thi\u1ebft k\u1ebf g\u00f3c vu\u00f4ng d\u1ee9t kho\u00e1t, ph\u00f9 h\u1ee3p v\u1edbi nh\u1eefng kh\u00f4ng gian tr\u1ebb trung v\u00e0 ti\u1ebft ki\u1ec7m chi ph\u00ed h\u01a1n.<\/p>\n<\/li>\n<\/ul>\n<p data-start=\"2591\" data-end=\"2834\">Ngo\u00e0i ra, <strong data-start=\"2601\" data-end=\"2614\">NTV2420T1<\/strong> ch\u1ec9 \u0111\u01b0\u1ee3c <strong data-start=\"2624\" data-end=\"2650\">s\u1ea3n xu\u1ea5t t\u1ed3n m\u00e0u L5M52<\/strong>, c\u00e1c m\u00e0u kh\u00e1c nh\u01b0 <strong data-start=\"2669\" data-end=\"2678\">L2M12<\/strong> hay <strong data-start=\"2683\" data-end=\"2693\">M32M26<\/strong> s\u1ebd \u0111\u01b0\u1ee3c <strong data-start=\"2702\" data-end=\"2738\">s\u1ea3n xu\u1ea5t theo \u0111\u01a1n \u0111\u1eb7t h\u00e0ng ri\u00eang<\/strong>, gi\u00fap kh\u00e1ch h\u00e0ng c\u00f3 th\u1ec3 linh ho\u1ea1t l\u1ef1a ch\u1ecdn t\u00f4ng m\u00e0u ph\u00f9 h\u1ee3p v\u1edbi phong c\u00e1ch n\u1ed9i th\u1ea5t t\u1ed5ng th\u1ec3.<\/p>\n<p data-start=\"2836\" data-end=\"3102\">S\u1ea3n ph\u1ea9m kh\u00f4ng ch\u1ec9 l\u00e0 n\u01a1i l\u01b0u tr\u1eef m\u00e0 c\u00f2n \u0111\u00f3ng vai tr\u00f2 <strong data-start=\"2890\" data-end=\"2911\">\u0111i\u1ec3m nh\u1ea5n th\u1ea9m m\u1ef9<\/strong> trong ph\u00f2ng l\u00e0m vi\u1ec7c l\u00e3nh \u0111\u1ea1o. S\u1ef1 k\u1ebft h\u1ee3p gi\u1eefa gam m\u00e0u hi\u1ec7n \u0111\u1ea1i, \u0111\u01b0\u1eddng n\u00e9t tinh t\u1ebf v\u00e0 ch\u1ea5t li\u1ec7u cao c\u1ea5p gi\u00fap t\u1ee7 tr\u1edf th\u00e0nh m\u00f3n n\u1ed9i th\u1ea5t th\u1ec3 hi\u1ec7n \u0111\u1eb3ng c\u1ea5p, gu th\u1ea9m m\u1ef9 v\u00e0 v\u1ecb th\u1ebf c\u1ee7a ch\u1ee7 nh\u00e2n.<\/p>\n<p data-start=\"3104\" data-end=\"3504\">N\u1ebfu b\u1ea1n \u0111ang t\u00ecm ki\u1ebfm m\u1ed9t m\u1eabu t\u1ee7 h\u1ed3 s\u01a1 v\u1eeba c\u00f3 c\u00f4ng n\u0103ng s\u1eed d\u1ee5ng cao, v\u1eeba g\u00f3p ph\u1ea7n t\u1ea1o d\u1ef1ng h\u00ecnh \u1ea3nh chuy\u00ean nghi\u1ec7p cho doanh nghi\u1ec7p, <strong data-start=\"3236\" data-end=\"3258\">t\u1ee7 h\u1ed3 s\u01a1 NTV2420T1<\/strong> ch\u00ednh l\u00e0 l\u1ef1a ch\u1ecdn ho\u00e0n h\u1ea3o. V\u1edbi \u0111\u1ed9 b\u1ec1n v\u01b0\u1ee3t tr\u1ed9i, phong c\u00e1ch thi\u1ebft k\u1ebf sang tr\u1ecdng v\u00e0 ch\u1ea5t l\u01b0\u1ee3ng \u0111\u1ea3m b\u1ea3o t\u1eeb th\u01b0\u01a1ng hi\u1ec7u <strong data-start=\"3377\" data-end=\"3397\">N\u1ed8I TH\u1ea4T THE ONE<\/strong>, s\u1ea3n ph\u1ea9m ch\u1eafc ch\u1eafn s\u1ebd mang l\u1ea1i s\u1ef1 h\u00e0i l\u00f2ng v\u00e0 x\u1ee9ng \u0111\u00e1ng l\u00e0 \u0111i\u1ec3m nh\u1ea5n trong kh\u00f4ng gian l\u00e0m vi\u1ec7c c\u1ee7a b\u1ea1n.<\/p>\n","protected":false},"excerpt":{"rendered":"<p data-start=\"0\" data-end=\"221\">T\u1ee7 h\u1ed3 s\u01a1 NTV2420T1\u00a0ch\u1ea5t li\u1ec7u Laminate k\u1ebft h\u1ee3p Melamine, c\u00e1nh t\u1ee7 s\u1eed d\u1ee5ng kh\u00f3a s\u1ed1, thi\u1ebft k\u1ebf hi\u1ec7n \u0111\u1ea1i v\u00e0 sang tr\u1ecdng, ph\u00f9 h\u1ee3p cho kh\u00f4ng gian ph\u00f2ng l\u00e3nh \u0111\u1ea1o cao c\u1ea5p.<\/p>\n<p data-start=\"223\" data-end=\"262\">K\u00edch th\u01b0\u1edbc: W2400 x D400 x H2000 (mm)<br \/>\nLaminate k\u1ebft h\u1ee3p Melamine &#8211; <span style=\"color: #ed1c24; font-size: 120%;\"><strong>7.046.000 \u0111<\/strong><\/span><br \/>\nMelamine to\u00e0n b\u1ed9 &#8211; <span style=\"color: #ed1c24; font-size: 120%;\"><strong>6.194.000 \u0111<\/strong><\/span><\/p>\n<p data-start=\"264\" data-end=\"369\">Xu\u1ea5t x\u1ee9: S\u1ea3n ph\u1ea9m c\u1ee7a c\u00f4ng ty <strong data-start=\"294\" data-end=\"314\">N\u1ed8I TH\u1ea4T THE ONE<\/strong> \u2013 Ph\u00e2n ph\u1ed1i b\u1edfi <strong data-start=\"331\" data-end=\"367\">C\u00d4NG TY TNHH SXTM TTNT H\u1eeeU TH\u1ecaNH<br \/>\n<\/strong>B\u1ea3o h\u00e0nh: 12 th\u00e1ng theo ti\u00eau chu\u1ea9n nh\u00e0 m\u00e1y<\/p>\n<p data-start=\"417\" data-end=\"571\"><span style=\"color: #ed1c24;\"><em data-start=\"417\" data-end=\"569\">L\u01b0u \u00fd: Gi\u00e1 tr\u00ean ch\u01b0a bao g\u1ed3m VAT v\u00e0 ph\u00ed v\u1eadn chuy\u1ec3n. Gi\u00e1 s\u1ea3n ph\u1ea9m c\u00f3 th\u1ec3 thay \u0111\u1ed5i theo t\u1eebng th\u1eddi \u0111i\u1ec3m, vui l\u00f2ng li\u00ean h\u1ec7 \u0111\u1ec3 nh\u1eadn t\u01b0 v\u1ea5n \u01b0u \u0111\u00e3i t\u1ed1t nh\u1ea5t.<\/em><\/span><\/p>\n","protected":false},"featured_media":3807,"comment_status":"open","ping_status":"closed","template":"","meta":[],"product_brand":[],"product_cat":[17,760],"product_tag":[],"class_list":{"0":"post-3806","1":"product","2":"type-product","3":"status-publish","4":"has-post-thumbnail","6":"product_cat-noi-that-van-phong","7":"product_cat-tu-go-van-phong","9":"first","10":"instock","11":"shipping-taxable","12":"purchasable","13":"product-type-simple"},"_links":{"self":[{"href":"https:\/\/noithathuuthinh.vn\/zh-hans\/wp-json\/wp\/v2\/product\/3806","targetHints":{"allow":["GET"]}}],"collection":[{"href":"https:\/\/noithathuuthinh.vn\/zh-hans\/wp-json\/wp\/v2\/product"}],"about":[{"href":"https:\/\/noithathuuthinh.vn\/zh-hans\/wp-json\/wp\/v2\/types\/product"}],"replies":[{"embeddable":true,"href":"https:\/\/noithathuuthinh.vn\/zh-hans\/wp-json\/wp\/v2\/comments?post=3806"}],"wp:featuredmedia":[{"embeddable":true,"href":"https:\/\/noithathuuthinh.vn\/zh-hans\/wp-json\/wp\/v2\/media\/3807"}],"wp:attachment":[{"href":"https:\/\/noithathuuthinh.vn\/zh-hans\/wp-json\/wp\/v2\/media?parent=3806"}],"wp:term":[{"taxonomy":"product_brand","embeddable":true,"href":"https:\/\/noithathuuthinh.vn\/zh-hans\/wp-json\/wp\/v2\/product_brand?post=3806"},{"taxonomy":"product_cat","embeddable":true,"href":"https:\/\/noithathuuthinh.vn\/zh-hans\/wp-json\/wp\/v2\/product_cat?post=3806"},{"taxonomy":"product_tag","embeddable":true,"href":"https:\/\/noithathuuthinh.vn\/zh-hans\/wp-json\/wp\/v2\/product_tag?post=3806"}],"curies":[{"name":"wp","href":"https:\/\/api.w.org\/{rel}","templated":true}]}}