{"id":3838,"date":"2025-10-23T11:12:11","date_gmt":"2025-10-23T04:12:11","guid":{"rendered":"https:\/\/noithathuuthinh.vn\/?post_type=product&#038;p=3838"},"modified":"2025-10-23T11:12:11","modified_gmt":"2025-10-23T04:12:11","slug":"ban-hop-van-phong-ntvh1810c17","status":"publish","type":"product","link":"https:\/\/noithathuuthinh.vn\/zh-hans\/san-pham\/ban-hop-van-phong-ntvh1810c17\/","title":{"rendered":"B\u00e0n h\u1ecdp v\u0103n ph\u00f2ng NTVH1810C17"},"content":{"rendered":"<p data-start=\"1209\" data-end=\"1715\">B\u00e0n h\u1ecdp v\u0103n ph\u00f2ng NTVH1810C17 thu\u1ed9c d\u00f2ng b\u00e0n h\u1ecdp ch\u00e2n s\u1eaft C17 hi\u1ec7n \u0111\u1ea1i, \u0111\u01b0\u1ee3c nhi\u1ec1u doanh nghi\u1ec7p l\u1ef1a ch\u1ecdn cho kh\u00f4ng gian h\u1ecdp chuy\u00ean nghi\u1ec7p. Thi\u1ebft k\u1ebf ch\u00e2n b\u00e0n \u1ed1ng th\u00e9p bi\u00ean d\u1ea1ng m\u1edbi v\u1edbi c\u00e1c \u0111\u01b0\u1eddng n\u00e9t m\u1ea1nh m\u1ebd, s\u1eafc s\u1ea3o, mang \u0111\u1ebfn c\u1ea3m gi\u00e1c v\u1eefng ch\u00e3i v\u00e0 hi\u1ec7n \u0111\u1ea1i. S\u1ef1 k\u1ebft h\u1ee3p h\u00e0i h\u00f2a gi\u1eefa ch\u1ea5t li\u1ec7u g\u1ed7 Laminate v\u00e0 Melamine kh\u00f4ng ch\u1ec9 gi\u00fap b\u00e0n b\u1ec1n b\u1ec9 tr\u01b0\u1edbc t\u00e1c \u0111\u1ed9ng c\u1ee7a m\u00f4i tr\u01b0\u1eddng m\u00e0 c\u00f2n t\u1ea1o \u0111i\u1ec3m nh\u1ea5n th\u1ea9m m\u1ef9 sang tr\u1ecdng, ph\u00f9 h\u1ee3p v\u1edbi phong c\u00e1ch n\u1ed9i th\u1ea5t v\u0103n ph\u00f2ng cao c\u1ea5p.<\/p>\n<p data-start=\"1717\" data-end=\"2027\">B\u1ec1 m\u1eb7t b\u00e0n \u0111\u01b0\u1ee3c x\u1eed l\u00fd tinh t\u1ebf v\u1edbi kh\u1ea3 n\u0103ng ch\u1ed1ng tr\u1ea7y x\u01b0\u1edbc, ch\u1ed1ng th\u1ea5m v\u00e0 d\u1ec5 d\u00e0ng v\u1ec7 sinh, \u0111\u1ea3m b\u1ea3o gi\u1eef \u0111\u01b0\u1ee3c v\u1ebb \u0111\u1eb9p l\u00e2u d\u00e0i trong qu\u00e1 tr\u00ecnh s\u1eed d\u1ee5ng. C\u1ea1nh b\u00e0n \u0111\u01b0\u1ee3c bo m\u1ecf v\u1ecbt m\u1ec1m m\u1ea1i \u1edf phi\u00ean b\u1ea3n cao c\u1ea5p, gi\u00fap ng\u01b0\u1eddi d\u00f9ng tho\u1ea3i m\u00e1i h\u01a1n khi t\u1ef1a tay, \u0111\u1ed3ng th\u1eddi t\u0103ng t\u00ednh an to\u00e0n trong m\u00f4i tr\u01b0\u1eddng l\u00e0m vi\u1ec7c n\u0103ng \u0111\u1ed9ng.<\/p>\n<p data-start=\"2029\" data-end=\"2422\">Ph\u1ea7n ch\u00e2n b\u00e0n C17 l\u00e0m t\u1eeb th\u00e9p s\u01a1n t\u0129nh \u0111i\u1ec7n cao c\u1ea5p, c\u00f3 \u0111\u1ed9 b\u1ec1n v\u01b0\u1ee3t tr\u1ed9i, ch\u1ecbu l\u1ef1c t\u1ed1t v\u00e0 h\u1ea1n ch\u1ebf han g\u1ec9 theo th\u1eddi gian. C\u1ea5u tr\u00fac khung ch\u00e2n ch\u1eafc ch\u1eafn gi\u00fap b\u00e0n \u1ed5n \u0111\u1ecbnh, kh\u00f4ng rung l\u1eafc ngay c\u1ea3 khi s\u1eed d\u1ee5ng trong c\u00e1c ph\u00f2ng h\u1ecdp \u0111\u00f4ng ng\u01b0\u1eddi. Ngo\u00e0i ra, n\u1eafp \u0111i d\u00e2y \u0111\u01b0\u1ee3c b\u1ed1 tr\u00ed g\u1ecdn g\u00e0ng \u1edf gi\u1eefa m\u1eb7t b\u00e0n, h\u1ed7 tr\u1ee3 k\u1ebft n\u1ed1i thi\u1ebft b\u1ecb \u0111i\u1ec7n t\u1eed nh\u01b0 m\u00e1y chi\u1ebfu, laptop, micro\u2026 m\u1ed9t c\u00e1ch ti\u1ec7n l\u1ee3i v\u00e0 chuy\u00ean nghi\u1ec7p.<\/p>\n<p data-start=\"2424\" data-end=\"2820\">B\u00e0n h\u1ecdp NTVH1810C17 \u0111\u01b0\u1ee3c s\u1ea3n xu\u1ea5t v\u1edbi hai phi\u00ean b\u1ea3n ch\u1ea5t li\u1ec7u \u0111\u1ec3 ph\u00f9 h\u1ee3p v\u1edbi nhi\u1ec1u ph\u00e2n kh\u00fac kh\u00e1ch h\u00e0ng. D\u00f2ng cao c\u1ea5p s\u1eed d\u1ee5ng Laminate k\u1ebft h\u1ee3p Melamine (m\u00e0u L2M12 v\u00e0 L5M52) c\u00f3 \u0111\u1ed9 b\u1ec1n v\u00e0 th\u1ea9m m\u1ef9 cao, c\u1ea1nh b\u00e0n \u0111\u01b0\u1ee3c bo tr\u00f2n t\u1ea1o \u0111i\u1ec3m nh\u1ea5n sang tr\u1ecdng. Trong khi \u0111\u00f3, d\u00f2ng ph\u1ed5 th\u00f4ng l\u00e0m ho\u00e0n to\u00e0n b\u1eb1ng Melamine (m\u00e0u M32M26) mang l\u1ea1i v\u1ebb hi\u1ec7n \u0111\u1ea1i, tinh gi\u1ea3n nh\u01b0ng v\u1eabn \u0111\u1ea3m b\u1ea3o ch\u1ea5t l\u01b0\u1ee3ng v\u00e0 \u0111\u1ed9 ch\u1eafc ch\u1eafn.<\/p>\n<p data-start=\"2822\" data-end=\"3097\">Hi\u1ec7n s\u1ea3n ph\u1ea9m \u0111\u01b0\u1ee3c s\u1ea3n xu\u1ea5t t\u1ed3n kho v\u1edbi m\u00e0u L5M52 thanh l\u1ecbch, ph\u00f9 h\u1ee3p v\u1edbi nhi\u1ec1u phong c\u00e1ch v\u0103n ph\u00f2ng kh\u00e1c nhau. C\u00e1c m\u00e0u c\u00f2n l\u1ea1i nh\u01b0 L2M12 v\u00e0 M32M26 \u0111\u01b0\u1ee3c nh\u1eadn \u0111\u1eb7t ri\u00eang theo y\u00eau c\u1ea7u, gi\u00fap doanh nghi\u1ec7p d\u1ec5 d\u00e0ng \u0111\u1ed3ng b\u1ed9 kh\u00f4ng gian n\u1ed9i th\u1ea5t theo m\u00e0u th\u01b0\u01a1ng hi\u1ec7u ho\u1eb7c phong th\u1ee7y.<\/p>\n<p data-start=\"3099\" data-end=\"3436\" data-is-last-node=\"\" data-is-only-node=\"\">V\u1edbi thi\u1ebft k\u1ebf \u0111\u1eb9p m\u1eaft, \u0111\u1ed9 b\u1ec1n cao v\u00e0 c\u00f4ng n\u0103ng t\u1ed1i \u01b0u, b\u00e0n h\u1ecdp v\u0103n ph\u00f2ng NTVH1810C17 l\u00e0 l\u1ef1a ch\u1ecdn l\u00fd t\u01b0\u1edfng cho c\u00e1c ph\u00f2ng h\u1ecdp c\u00f4ng ty, doanh nghi\u1ec7p, c\u01a1 quan h\u00e0nh ch\u00ednh ho\u1eb7c trung t\u00e2m \u0111\u00e0o t\u1ea1o. S\u1ea3n ph\u1ea9m kh\u00f4ng ch\u1ec9 g\u00f3p ph\u1ea7n n\u00e2ng cao t\u00ednh chuy\u00ean nghi\u1ec7p trong kh\u00f4ng gian l\u00e0m vi\u1ec7c m\u00e0 c\u00f2n th\u1ec3 hi\u1ec7n phong c\u00e1ch hi\u1ec7n \u0111\u1ea1i v\u00e0 tinh t\u1ebf c\u1ee7a doanh nghi\u1ec7p.<\/p>\n","protected":false},"excerpt":{"rendered":"<p data-start=\"37\" data-end=\"463\">B\u00e0n h\u1ecdp v\u0103n ph\u00f2ng NTVH1810C17 l\u00e0 m\u1eabu b\u00e0n h\u1ecdp hi\u1ec7n \u0111\u1ea1i thu\u1ed9c d\u00f2ng ch\u00e2n s\u1eaft C17, \u0111\u01b0\u1ee3c thi\u1ebft k\u1ebf v\u1edbi khung ch\u00e2n \u1ed1ng th\u00e9p bi\u00ean d\u1ea1ng m\u1edbi, mang \u0111\u1ebfn s\u1ef1 v\u1eefng ch\u1eafc v\u00e0 th\u1ea9m m\u1ef9 cho kh\u00f4ng gian l\u00e0m vi\u1ec7c. M\u1eb7t b\u00e0n s\u1eed d\u1ee5ng g\u1ed7 ph\u1ee7 Laminate k\u1ebft h\u1ee3p Melamine cao c\u1ea5p, gi\u00fap b\u1ec1 m\u1eb7t ch\u1ed1ng tr\u1ea7y x\u01b0\u1edbc v\u00e0 d\u1ec5 v\u1ec7 sinh. B\u00e0n \u0111\u01b0\u1ee3c trang b\u1ecb m\u1ed9t n\u1eafp \u0111i d\u00e2y \u1edf gi\u1eefa, ti\u1ec7n l\u1ee3i cho vi\u1ec7c b\u1ed1 tr\u00ed thi\u1ebft b\u1ecb \u0111i\u1ec7n t\u1eed trong c\u00e1c cu\u1ed9c h\u1ecdp.<\/p>\n<p data-start=\"37\" data-end=\"463\">D\u00f2ng ch\u00e2n C17 \u0111\u01b0\u1ee3c \u00e1p d\u1ee5ng v\u1edbi hai ch\u1ea5t li\u1ec7u:<br data-start=\"607\" data-end=\"610\" \/>Ch\u1ea5t li\u1ec7u cao c\u1ea5p: Laminate k\u1ebft h\u1ee3p Melamine (L2M12 v\u00e0 L5M52), c\u1ea1nh b\u00e0n bo m\u1ecf v\u1ecbt tinh t\u1ebf.<br data-start=\"700\" data-end=\"703\" \/>Ch\u1ea5t li\u1ec7u ph\u1ed5 th\u00f4ng: Melamine to\u00e0n b\u1ed9 (M32M26), c\u00e1c c\u1ea1nh vu\u00f4ng hi\u1ec7n \u0111\u1ea1i, kh\u00f4ng bo nh\u01b0 Laminate.<\/p>\n<p data-start=\"465\" data-end=\"560\">Laminate k\u1ebft h\u1ee3p Melamine :<br \/>\nW1800 x D1000 x H750 (mm) &#8211; <span style=\"color: #ed1c24; font-size: 120%;\"><strong>3.194.000 \u0111<\/strong><\/span><br data-start=\"517\" data-end=\"520\" \/>W2000 x D1000 x H750 (mm) &#8211; <span style=\"font-size: 120%; color: #ed1c24;\"><strong>3.410.000 \u0111<\/strong><\/span><\/p>\n<p data-start=\"562\" data-end=\"800\">Melamine to\u00e0n b\u1ed9 :<br \/>\nW1800 x D1000 x H750 (mm) &#8211; <span style=\"color: #ed1c24; font-size: 120%;\"><strong>2.932.000 \u0111<\/strong><\/span><br data-start=\"517\" data-end=\"520\" \/>W2000 x D1000 x H750 (mm) &#8211; <span style=\"color: #ed1c24; font-size: 120%;\"><strong>3.125.000 \u0111<\/strong><\/span><\/p>\n<p data-start=\"896\" data-end=\"1046\">Xu\u1ea5t x\u1ee9: S\u1ea3n ph\u1ea9m c\u1ee7a <strong data-start=\"918\" data-end=\"946\">C\u00f4ng ty N\u1ed8I TH\u1ea4T THE ONE<\/strong> \u2013 Ph\u00e2n ph\u1ed1i b\u1edfi <strong data-start=\"963\" data-end=\"999\">C\u00d4NG TY TNHH SXTM TTNT H\u1eeeU TH\u1ecaNH<\/strong><br data-start=\"999\" data-end=\"1002\" \/>B\u1ea3o h\u00e0nh: 12 th\u00e1ng theo ti\u00eau chu\u1ea9n nh\u00e0 m\u00e1y<\/p>\n<p data-start=\"1048\" data-end=\"1202\"><span style=\"color: #ed1c24;\"><em data-start=\"1048\" data-end=\"1200\">L\u01b0u \u00fd: Gi\u00e1 tr\u00ean ch\u01b0a bao g\u1ed3m VAT v\u00e0 ph\u00ed v\u1eadn chuy\u1ec3n. Gi\u00e1 s\u1ea3n ph\u1ea9m c\u00f3 th\u1ec3 thay \u0111\u1ed5i theo t\u1eebng th\u1eddi \u0111i\u1ec3m, vui l\u00f2ng li\u00ean h\u1ec7 \u0111\u1ec3 nh\u1eadn t\u01b0 v\u1ea5n \u01b0u \u0111\u00e3i t\u1ed1t nh\u1ea5t.<\/em><\/span><\/p>\n","protected":false},"featured_media":3839,"comment_status":"open","ping_status":"closed","template":"","meta":[],"product_brand":[],"product_cat":[17,178],"product_tag":[],"class_list":{"0":"post-3838","1":"product","2":"type-product","3":"status-publish","4":"has-post-thumbnail","6":"product_cat-noi-that-van-phong","7":"product_cat-ban-hop-van-phong","9":"first","10":"instock","11":"taxable","12":"shipping-taxable","13":"purchasable","14":"product-type-simple"},"_links":{"self":[{"href":"https:\/\/noithathuuthinh.vn\/zh-hans\/wp-json\/wp\/v2\/product\/3838","targetHints":{"allow":["GET"]}}],"collection":[{"href":"https:\/\/noithathuuthinh.vn\/zh-hans\/wp-json\/wp\/v2\/product"}],"about":[{"href":"https:\/\/noithathuuthinh.vn\/zh-hans\/wp-json\/wp\/v2\/types\/product"}],"replies":[{"embeddable":true,"href":"https:\/\/noithathuuthinh.vn\/zh-hans\/wp-json\/wp\/v2\/comments?post=3838"}],"wp:featuredmedia":[{"embeddable":true,"href":"https:\/\/noithathuuthinh.vn\/zh-hans\/wp-json\/wp\/v2\/media\/3839"}],"wp:attachment":[{"href":"https:\/\/noithathuuthinh.vn\/zh-hans\/wp-json\/wp\/v2\/media?parent=3838"}],"wp:term":[{"taxonomy":"product_brand","embeddable":true,"href":"https:\/\/noithathuuthinh.vn\/zh-hans\/wp-json\/wp\/v2\/product_brand?post=3838"},{"taxonomy":"product_cat","embeddable":true,"href":"https:\/\/noithathuuthinh.vn\/zh-hans\/wp-json\/wp\/v2\/product_cat?post=3838"},{"taxonomy":"product_tag","embeddable":true,"href":"https:\/\/noithathuuthinh.vn\/zh-hans\/wp-json\/wp\/v2\/product_tag?post=3838"}],"curies":[{"name":"wp","href":"https:\/\/api.w.org\/{rel}","templated":true}]}}