{"id":3842,"date":"2025-10-23T11:21:32","date_gmt":"2025-10-23T04:21:32","guid":{"rendered":"https:\/\/noithathuuthinh.vn\/?post_type=product&#038;p=3842"},"modified":"2025-10-23T11:21:32","modified_gmt":"2025-10-23T04:21:32","slug":"ban-hop-van-phong-ntvh2412c17","status":"publish","type":"product","link":"https:\/\/noithathuuthinh.vn\/zh-hans\/san-pham\/ban-hop-van-phong-ntvh2412c17\/","title":{"rendered":"B\u00e0n h\u1ecdp v\u0103n ph\u00f2ng NTVH2412C17"},"content":{"rendered":"<p data-start=\"1273\" data-end=\"1753\">B\u00e0n h\u1ecdp v\u0103n ph\u00f2ng NTVH2412C17 l\u00e0 l\u1ef1a ch\u1ecdn ho\u00e0n h\u1ea3o cho kh\u00f4ng gian ph\u00f2ng h\u1ecdp hi\u1ec7n \u0111\u1ea1i, n\u01a1i \u0111\u1ec1 cao s\u1ef1 ti\u1ec7n nghi, sang tr\u1ecdng v\u00e0 t\u00ednh chuy\u00ean nghi\u1ec7p. V\u1edbi thi\u1ebft k\u1ebf ch\u00e2n b\u00e0n C17 b\u1eb1ng \u1ed1ng th\u00e9p bi\u00ean d\u1ea1ng m\u1edbi, s\u1ea3n ph\u1ea9m mang \u0111\u1ebfn v\u1ebb \u0111\u1eb9p m\u1ea1nh m\u1ebd, thanh tho\u00e1t nh\u01b0ng v\u1eabn \u0111\u1ea3m b\u1ea3o \u0111\u1ed9 v\u1eefng ch\u1eafc tuy\u1ec7t \u0111\u1ed1i. K\u1ebft h\u1ee3p c\u00f9ng b\u1ec1 m\u1eb7t g\u1ed7 ph\u1ee7 Laminate v\u00e0 Melamine cao c\u1ea5p, b\u00e0n kh\u00f4ng ch\u1ec9 b\u1ec1n \u0111\u1eb9p theo th\u1eddi gian m\u00e0 c\u00f2n th\u1ec3 hi\u1ec7n \u0111\u1eb3ng c\u1ea5p th\u1ea9m m\u1ef9 cao cho doanh nghi\u1ec7p.<\/p>\n<p data-start=\"1755\" data-end=\"2182\">\u0110i\u1ec3m n\u1ed5i b\u1eadt c\u1ee7a b\u00e0n h\u1ecdp NTVH2412C17 n\u1eb1m \u1edf s\u1ef1 ti\u1ec7n l\u1ee3i trong thi\u1ebft k\u1ebf. M\u1eb7t b\u00e0n \u0111\u01b0\u1ee3c trang b\u1ecb <strong data-start=\"1848\" data-end=\"1866\">hai n\u1eafp \u0111i d\u00e2y<\/strong> c\u00f9ng <strong data-start=\"1872\" data-end=\"1896\">ch\u00e2n h\u1ed9p \u0111i\u1ec7n \u1edf gi\u1eefa<\/strong>, gi\u00fap ng\u01b0\u1eddi d\u00f9ng d\u1ec5 d\u00e0ng k\u1ebft n\u1ed1i c\u00e1c thi\u1ebft b\u1ecb \u0111i\u1ec7n t\u1eed nh\u01b0 laptop, m\u00e1y chi\u1ebfu hay \u0111i\u1ec7n tho\u1ea1i trong c\u00e1c cu\u1ed9c h\u1ecdp m\u00e0 v\u1eabn \u0111\u1ea3m b\u1ea3o s\u1ef1 g\u1ecdn g\u00e0ng, chuy\u00ean nghi\u1ec7p. \u0110\u00e2y l\u00e0 chi ti\u1ebft th\u1ec3 hi\u1ec7n s\u1ef1 tinh t\u1ebf v\u00e0 th\u1ef1c t\u1ebf trong thi\u1ebft k\u1ebf, \u0111\u00e1p \u1ee9ng tr\u1ecdn v\u1eb9n nhu c\u1ea7u s\u1eed d\u1ee5ng c\u1ee7a m\u00f4i tr\u01b0\u1eddng v\u0103n ph\u00f2ng hi\u1ec7n \u0111\u1ea1i.<\/p>\n<p data-start=\"2184\" data-end=\"2668\">B\u1ec1 m\u1eb7t b\u00e0n \u0111\u01b0\u1ee3c ph\u1ee7 Laminate k\u1ebft h\u1ee3p Melamine cao c\u1ea5p, ch\u1ed1ng tr\u1ea7y x\u01b0\u1edbc, ch\u1ecbu nhi\u1ec7t v\u00e0 ch\u1ed1ng \u1ea9m hi\u1ec7u qu\u1ea3. L\u1edbp ph\u1ee7 n\u00e0y kh\u00f4ng ch\u1ec9 gi\u00fap b\u00e0n duy tr\u00ec v\u1ebb s\u00e1ng \u0111\u1eb9p trong th\u1eddi gian d\u00e0i m\u00e0 c\u00f2n d\u1ec5 d\u00e0ng v\u1ec7 sinh, ph\u00f9 h\u1ee3p v\u1edbi kh\u00f4ng gian s\u1eed d\u1ee5ng th\u01b0\u1eddng xuy\u00ean. C\u1ea1nh b\u00e0n \u0111\u01b0\u1ee3c ho\u00e0n thi\u1ec7n tinh t\u1ebf v\u1edbi hai t\u00f9y ch\u1ecdn: b\u1ea3n cao c\u1ea5p bo m\u1ecf v\u1ecbt m\u1ec1m m\u1ea1i (L2M12, L5M52) t\u1ea1o c\u1ea3m gi\u00e1c tho\u1ea3i m\u00e1i khi t\u00ec tay v\u00e0 t\u0103ng t\u00ednh th\u1ea9m m\u1ef9; b\u1ea3n ph\u1ed5 th\u00f4ng b\u1eb1ng Melamine to\u00e0n b\u1ed9 (M32M26) mang n\u00e9t hi\u1ec7n \u0111\u1ea1i, g\u00f3c c\u1ea1nh v\u00e0 t\u1ed1i gi\u1ea3n.<\/p>\n<p data-start=\"2670\" data-end=\"2926\">Khung ch\u00e2n b\u00e0n C17 \u0111\u01b0\u1ee3c l\u00e0m t\u1eeb th\u00e9p s\u01a1n t\u0129nh \u0111i\u1ec7n, ch\u1ed1ng han g\u1ec9 v\u00e0 ch\u1ecbu l\u1ef1c c\u1ef1c t\u1ed1t, gi\u00fap b\u00e0n lu\u00f4n \u1ed5n \u0111\u1ecbnh, kh\u00f4ng rung l\u1eafc khi s\u1eed d\u1ee5ng. H\u1ec7 khung \u0111\u01b0\u1ee3c thi\u1ebft k\u1ebf m\u1edf, t\u1ea1o c\u1ea3m gi\u00e1c th\u00f4ng tho\u00e1ng, gi\u00fap kh\u00f4ng gian ph\u00f2ng h\u1ecdp tr\u1edf n\u00ean r\u1ed9ng r\u00e3i v\u00e0 chuy\u00ean nghi\u1ec7p h\u01a1n.<\/p>\n<p data-start=\"2928\" data-end=\"3255\">V\u1edbi k\u00edch th\u01b0\u1edbc <strong data-start=\"2943\" data-end=\"2970\">W2400 x D1200 x H750 mm<\/strong>, b\u00e0n h\u1ecdp NTVH2412C17 ph\u00f9 h\u1ee3p cho c\u00e1c cu\u1ed9c h\u1ecdp nh\u00f3m t\u1eeb 6\u20138 ng\u01b0\u1eddi, th\u00edch h\u1ee3p \u0111\u1eb7t trong ph\u00f2ng h\u1ecdp c\u1ee7a doanh nghi\u1ec7p, t\u1ed5 ch\u1ee9c, c\u01a1 quan h\u00e0nh ch\u00ednh hay trung t\u00e2m \u0111i\u1ec1u h\u00e0nh. M\u00e0u ti\u00eau chu\u1ea9n <strong data-start=\"3152\" data-end=\"3161\">L5M52<\/strong> trung t\u00ednh, sang tr\u1ecdng, d\u1ec5 ph\u1ed1i h\u1ee3p c\u00f9ng nhi\u1ec1u phong c\u00e1ch n\u1ed9i th\u1ea5t t\u1eeb c\u1ed5 \u0111i\u1ec3n \u0111\u1ebfn hi\u1ec7n \u0111\u1ea1i.<\/p>\n<p data-start=\"3257\" data-end=\"3535\" data-is-last-node=\"\" data-is-only-node=\"\">B\u00e0n h\u1ecdp v\u0103n ph\u00f2ng NTVH2412C17 kh\u00f4ng ch\u1ec9 mang \u0111\u1ebfn gi\u00e1 tr\u1ecb s\u1eed d\u1ee5ng b\u1ec1n b\u1ec9 m\u00e0 c\u00f2n g\u00f3p ph\u1ea7n n\u00e2ng t\u1ea7m h\u00ecnh \u1ea3nh doanh nghi\u1ec7p. S\u1ea3n ph\u1ea9m th\u1ec3 hi\u1ec7n s\u1ef1 ch\u1ec9n chu trong t\u1eebng chi ti\u1ebft, l\u00e0 \u0111i\u1ec3m nh\u1ea5n tinh t\u1ebf gi\u00fap kh\u00f4ng gian l\u00e0m vi\u1ec7c tr\u1edf n\u00ean chuy\u00ean nghi\u1ec7p, \u0111\u1eb3ng c\u1ea5p v\u00e0 ti\u1ec7n nghi h\u01a1n bao gi\u1edd h\u1ebft.<\/p>\n","protected":false},"excerpt":{"rendered":"<p data-start=\"37\" data-end=\"509\">B\u00e0n h\u1ecdp v\u0103n ph\u00f2ng NTVH2412C17 l\u00e0 m\u1eabu b\u00e0n h\u1ecdp cao c\u1ea5p thu\u1ed9c d\u00f2ng ch\u00e2n s\u1eaft C17 hi\u1ec7n \u0111\u1ea1i, \u0111\u01b0\u1ee3c thi\u1ebft k\u1ebf v\u1edbi khung ch\u00e2n \u1ed1ng th\u00e9p bi\u00ean d\u1ea1ng m\u1edbi mang l\u1ea1i v\u1ebb ch\u1eafc ch\u1eafn v\u00e0 tinh t\u1ebf. M\u1eb7t b\u00e0n \u0111\u01b0\u1ee3c gia c\u00f4ng t\u1eeb g\u1ed7 ph\u1ee7 Laminate k\u1ebft h\u1ee3p Melamine, c\u00f3 kh\u1ea3 n\u0103ng ch\u1ed1ng tr\u1ea7y x\u01b0\u1edbc, ch\u1ed1ng \u1ea9m v\u00e0 d\u1ec5 v\u1ec7 sinh, gi\u00fap duy tr\u00ec \u0111\u1ed9 b\u1ec1n \u0111\u1eb9p l\u00e2u d\u00e0i. B\u00e0n \u0111\u01b0\u1ee3c trang b\u1ecb hai n\u1eafp \u0111i d\u00e2y c\u00f9ng ch\u00e2n h\u1ed9p \u0111i\u1ec7n \u1edf gi\u1eefa, mang l\u1ea1i s\u1ef1 ti\u1ec7n l\u1ee3i v\u00e0 g\u1ecdn g\u00e0ng khi b\u1ed1 tr\u00ed c\u00e1c thi\u1ebft b\u1ecb h\u1ecdp.<\/p>\n<p data-start=\"511\" data-end=\"550\">K\u00edch th\u01b0\u1edbc: W2400 x D1200 x H750 (mm)<\/p>\n<p data-start=\"552\" data-end=\"864\">D\u00f2ng b\u00e0n h\u1ecdp C17 \u0111\u01b0\u1ee3c \u00e1p d\u1ee5ng v\u1edbi hai ch\u1ea5t li\u1ec7u:<br data-start=\"600\" data-end=\"603\" \/>Ch\u1ea5t li\u1ec7u cao c\u1ea5p: Laminate k\u1ebft h\u1ee3p Melamine (L2M12 v\u00e0 L5M52), c\u1ea1nh b\u00e0n bo m\u1ecf v\u1ecbt m\u1ec1m m\u1ea1i, t\u1ea1o \u0111i\u1ec3m nh\u1ea5n th\u1ea9m m\u1ef9 v\u00e0 c\u1ea3m gi\u00e1c tho\u1ea3i m\u00e1i khi s\u1eed d\u1ee5ng.<br data-start=\"750\" data-end=\"753\" \/>Ch\u1ea5t li\u1ec7u ph\u1ed5 th\u00f4ng: Melamine to\u00e0n b\u1ed9 (M32M26), c\u00e1c c\u1ea1nh vu\u00f4ng v\u1ee9c hi\u1ec7n \u0111\u1ea1i, ph\u00f9 h\u1ee3p v\u1edbi kh\u00f4ng gian t\u1ed1i gi\u1ea3n.<\/p>\n<p data-start=\"552\" data-end=\"864\">Laminate k\u1ebft h\u1ee3p Melamine &#8211; <span style=\"color: #ed1c24; font-size: 120%;\"><strong>3.944.000 \u0111<\/strong><\/span><br \/>\nMelamine to\u00e0n b\u1ed9 &#8211; <span style=\"color: #ed1c24; font-size: 120%;\"><strong>4.716.000 \u0111<\/strong><\/span><\/p>\n<p data-start=\"960\" data-end=\"1110\">Xu\u1ea5t x\u1ee9: S\u1ea3n ph\u1ea9m c\u1ee7a <strong data-start=\"982\" data-end=\"1010\">C\u00f4ng ty N\u1ed8I TH\u1ea4T THE ONE<\/strong> \u2013 Ph\u00e2n ph\u1ed1i b\u1edfi <strong data-start=\"1027\" data-end=\"1063\">C\u00d4NG TY TNHH SXTM TTNT H\u1eeeU TH\u1ecaNH<\/strong><br data-start=\"1063\" data-end=\"1066\" \/>B\u1ea3o h\u00e0nh: 12 th\u00e1ng theo ti\u00eau chu\u1ea9n nh\u00e0 m\u00e1y<\/p>\n<p data-start=\"1112\" data-end=\"1266\"><span style=\"color: #ed1c24;\"><em data-start=\"1112\" data-end=\"1264\">L\u01b0u \u00fd: Gi\u00e1 tr\u00ean ch\u01b0a bao g\u1ed3m VAT v\u00e0 ph\u00ed v\u1eadn chuy\u1ec3n. Gi\u00e1 s\u1ea3n ph\u1ea9m c\u00f3 th\u1ec3 thay \u0111\u1ed5i theo t\u1eebng th\u1eddi \u0111i\u1ec3m, vui l\u00f2ng li\u00ean h\u1ec7 \u0111\u1ec3 nh\u1eadn t\u01b0 v\u1ea5n \u01b0u \u0111\u00e3i t\u1ed1t nh\u1ea5t.<\/em><\/span><\/p>\n","protected":false},"featured_media":3843,"comment_status":"open","ping_status":"closed","template":"","meta":[],"product_brand":[],"product_cat":[17,178],"product_tag":[],"class_list":{"0":"post-3842","1":"product","2":"type-product","3":"status-publish","4":"has-post-thumbnail","6":"product_cat-noi-that-van-phong","7":"product_cat-ban-hop-van-phong","9":"first","10":"instock","11":"taxable","12":"shipping-taxable","13":"purchasable","14":"product-type-simple"},"_links":{"self":[{"href":"https:\/\/noithathuuthinh.vn\/zh-hans\/wp-json\/wp\/v2\/product\/3842","targetHints":{"allow":["GET"]}}],"collection":[{"href":"https:\/\/noithathuuthinh.vn\/zh-hans\/wp-json\/wp\/v2\/product"}],"about":[{"href":"https:\/\/noithathuuthinh.vn\/zh-hans\/wp-json\/wp\/v2\/types\/product"}],"replies":[{"embeddable":true,"href":"https:\/\/noithathuuthinh.vn\/zh-hans\/wp-json\/wp\/v2\/comments?post=3842"}],"wp:featuredmedia":[{"embeddable":true,"href":"https:\/\/noithathuuthinh.vn\/zh-hans\/wp-json\/wp\/v2\/media\/3843"}],"wp:attachment":[{"href":"https:\/\/noithathuuthinh.vn\/zh-hans\/wp-json\/wp\/v2\/media?parent=3842"}],"wp:term":[{"taxonomy":"product_brand","embeddable":true,"href":"https:\/\/noithathuuthinh.vn\/zh-hans\/wp-json\/wp\/v2\/product_brand?post=3842"},{"taxonomy":"product_cat","embeddable":true,"href":"https:\/\/noithathuuthinh.vn\/zh-hans\/wp-json\/wp\/v2\/product_cat?post=3842"},{"taxonomy":"product_tag","embeddable":true,"href":"https:\/\/noithathuuthinh.vn\/zh-hans\/wp-json\/wp\/v2\/product_tag?post=3842"}],"curies":[{"name":"wp","href":"https:\/\/api.w.org\/{rel}","templated":true}]}}