{"id":3845,"date":"2025-10-23T11:55:24","date_gmt":"2025-10-23T04:55:24","guid":{"rendered":"https:\/\/noithathuuthinh.vn\/?post_type=product&#038;p=3845"},"modified":"2025-10-23T11:55:25","modified_gmt":"2025-10-23T04:55:25","slug":"tu-ho-so-ntv1260-3t1","status":"publish","type":"product","link":"https:\/\/noithathuuthinh.vn\/zh-hans\/san-pham\/tu-ho-so-ntv1260-3t1\/","title":{"rendered":"T\u1ee7 h\u1ed3 s\u01a1 NTV1260-3T1"},"content":{"rendered":"<p data-start=\"1222\" data-end=\"1702\">T\u1ee7 h\u1ed3 s\u01a1 NTV1260-3T1 l\u00e0 l\u1ef1a ch\u1ecdn ho\u00e0n h\u1ea3o cho nh\u1eefng kh\u00f4ng gian l\u00e0m vi\u1ec7c c\u1ea7n s\u1ef1 g\u1ecdn g\u00e0ng, ti\u1ec7n d\u1ee5ng v\u00e0 th\u1ea9m m\u1ef9. V\u1edbi thi\u1ebft k\u1ebf th\u1ea5p g\u1ecdn v\u00e0 \u0111\u01b0\u1eddng n\u00e9t tinh t\u1ebf, s\u1ea3n ph\u1ea9m kh\u00f4ng ch\u1ec9 gi\u00fap l\u01b0u tr\u1eef t\u00e0i li\u1ec7u hi\u1ec7u qu\u1ea3 m\u00e0 c\u00f2n g\u00f3p ph\u1ea7n t\u1ea1o \u0111i\u1ec3m nh\u1ea5n sang tr\u1ecdng cho v\u0103n ph\u00f2ng. Ch\u1ea5t li\u1ec7u g\u1ed7 Laminate k\u1ebft h\u1ee3p Melamine mang l\u1ea1i b\u1ec1 m\u1eb7t s\u00e1ng b\u00f3ng, ch\u1ed1ng tr\u1ea7y x\u01b0\u1edbc, ch\u1ecbu nhi\u1ec7t t\u1ed1t v\u00e0 d\u1ec5 v\u1ec7 sinh, gi\u00fap t\u1ee7 lu\u00f4n gi\u1eef \u0111\u01b0\u1ee3c v\u1ebb m\u1edbi \u0111\u1eb9p trong su\u1ed1t th\u1eddi gian s\u1eed d\u1ee5ng.<\/p>\n<p data-start=\"1704\" data-end=\"1949\">C\u00e1nh t\u1ee7 \u0111\u01b0\u1ee3c trang b\u1ecb <strong data-start=\"1726\" data-end=\"1745\">kh\u00f3a s\u1ed1 an to\u00e0n<\/strong>, gi\u00fap ng\u01b0\u1eddi d\u00f9ng y\u00ean t\u00e2m l\u01b0u tr\u1eef t\u00e0i li\u1ec7u, h\u1ed3 s\u01a1 m\u1eadt ho\u1eb7c \u0111\u1ed3 d\u00f9ng c\u00e1 nh\u00e2n. Thi\u1ebft k\u1ebf n\u00e0y \u0111\u1eb7c bi\u1ec7t ph\u00f9 h\u1ee3p cho m\u00f4i tr\u01b0\u1eddng v\u0103n ph\u00f2ng hi\u1ec7n \u0111\u1ea1i, n\u01a1i c\u1ea7n t\u00ednh b\u1ea3o m\u1eadt cao v\u00e0 ti\u1ec7n \u00edch trong qu\u00e1 tr\u00ecnh s\u1eed d\u1ee5ng.<\/p>\n<p data-start=\"1951\" data-end=\"2360\">T\u1ee7 NTV1260-3T1 \u0111\u01b0\u1ee3c ch\u1ebf t\u00e1c v\u1edbi hai t\u00f9y ch\u1ecdn ch\u1ea5t li\u1ec7u: d\u00f2ng <strong data-start=\"2012\" data-end=\"2049\">cao c\u1ea5p Laminate k\u1ebft h\u1ee3p Melamine<\/strong> (L2M12 v\u00e0 L5M52) mang l\u1ea1i s\u1ef1 sang tr\u1ecdng v\u1edbi chi ti\u1ebft <strong data-start=\"2103\" data-end=\"2153\">bo m\u1ecf v\u1ecbt \u1edf n\u00f3c v\u00e0 bo 1\/4 \u0111\u01b0\u1eddng tr\u00f2n \u1edf c\u00e1nh t\u1ee7<\/strong>, gi\u00fap t\u1ed5ng th\u1ec3 m\u1ec1m m\u1ea1i, tinh t\u1ebf v\u00e0 cao c\u1ea5p h\u01a1n. D\u00f2ng <strong data-start=\"2207\" data-end=\"2237\">ph\u1ed5 th\u00f4ng Melamine to\u00e0n b\u1ed9<\/strong> (M32M26) mang \u0111\u1ebfn l\u1ef1a ch\u1ecdn kinh t\u1ebf, v\u1edbi c\u00e1c c\u1ea1nh vu\u00f4ng v\u1ee9c kh\u1ecfe kho\u1eafn, ph\u00f9 h\u1ee3p phong c\u00e1ch n\u1ed9i th\u1ea5t hi\u1ec7n \u0111\u1ea1i v\u00e0 t\u1ed1i gi\u1ea3n.<\/p>\n<p data-start=\"2362\" data-end=\"2647\">K\u1ebft c\u1ea5u t\u1ee7 ch\u1eafc ch\u1eafn, c\u00e1c ng\u0103n \u0111\u01b0\u1ee3c b\u1ed1 tr\u00ed h\u1ee3p l\u00fd, thu\u1eadn ti\u1ec7n cho vi\u1ec7c ph\u00e2n lo\u1ea1i v\u00e0 s\u1eafp x\u1ebfp t\u00e0i li\u1ec7u. V\u1edbi k\u00edch th\u01b0\u1edbc <strong data-start=\"2479\" data-end=\"2506\">W1200 x D400 x H1260 mm<\/strong>, t\u1ee7 c\u00f3 th\u1ec3 \u0111\u1eb7t d\u01b0\u1edbi b\u00e0n l\u00e0m vi\u1ec7c, c\u1ea1nh t\u01b0\u1eddng ho\u1eb7c trong khu v\u1ef1c h\u00e0nh ch\u00ednh m\u00e0 kh\u00f4ng chi\u1ebfm nhi\u1ec1u di\u1ec7n t\u00edch, gi\u00fap t\u1ed1i \u01b0u kh\u00f4ng gian s\u1eed d\u1ee5ng.<\/p>\n<p data-start=\"2649\" data-end=\"2935\">B\u1ec1 m\u1eb7t Laminate v\u00e0 Melamine cao c\u1ea5p kh\u00f4ng ch\u1ec9 gi\u00fap t\u0103ng \u0111\u1ed9 b\u1ec1n m\u00e0 c\u00f2n t\u1ea1o c\u1ea3m gi\u00e1c sang tr\u1ecdng, d\u1ec5 ph\u1ed1i h\u1ee3p v\u1edbi c\u00e1c s\u1ea3n ph\u1ea9m n\u1ed9i th\u1ea5t kh\u00e1c c\u00f9ng d\u00f2ng nh\u01b0 b\u00e0n l\u00e0m vi\u1ec7c, t\u1ee7 ph\u1ee5 hay t\u1ee7 l\u1edbn. M\u00e0u ti\u00eau chu\u1ea9n <strong data-start=\"2849\" data-end=\"2858\">L5M52<\/strong> hi\u1ec7n \u0111\u1ea1i v\u00e0 trung t\u00ednh, d\u1ec5 k\u1ebft h\u1ee3p v\u1edbi nhi\u1ec1u t\u00f4ng m\u00e0u v\u0103n ph\u00f2ng kh\u00e1c nhau.<\/p>\n<p data-start=\"2937\" data-end=\"3236\" data-is-last-node=\"\" data-is-only-node=\"\">T\u1ee7 h\u1ed3 s\u01a1 NTV1260-3T1 l\u00e0 s\u1ef1 k\u1ebft h\u1ee3p ho\u00e0n h\u1ea3o gi\u1eefa <strong data-start=\"2986\" data-end=\"3018\">t\u00ednh n\u0103ng \u2013 th\u1ea9m m\u1ef9 \u2013 \u0111\u1ed9 b\u1ec1n<\/strong>, mang \u0111\u1ebfn gi\u1ea3i ph\u00e1p l\u01b0u tr\u1eef ti\u1ec7n nghi cho m\u1ecdi v\u0103n ph\u00f2ng. \u0110\u00e2y l\u00e0 l\u1ef1a ch\u1ecdn l\u00fd t\u01b0\u1edfng cho nh\u1eefng ai mu\u1ed1n t\u1ed1i \u01b0u kh\u00f4ng gian, \u0111\u1ea3m b\u1ea3o t\u00ednh b\u1ea3o m\u1eadt v\u00e0 v\u1eabn gi\u1eef \u0111\u01b0\u1ee3c phong c\u00e1ch chuy\u00ean nghi\u1ec7p, hi\u1ec7n \u0111\u1ea1i trong m\u00f4i tr\u01b0\u1eddng l\u00e0m vi\u1ec7c.<\/p>\n","protected":false},"excerpt":{"rendered":"<p data-start=\"28\" data-end=\"403\">T\u1ee7 h\u1ed3 s\u01a1 NTV1260-3T1 l\u00e0 m\u1eabu t\u1ee7 th\u1ea5p hi\u1ec7n \u0111\u1ea1i, \u0111\u01b0\u1ee3c thi\u1ebft k\u1ebf v\u1edbi ch\u1ea5t li\u1ec7u g\u1ed7 Laminate k\u1ebft h\u1ee3p Melamine mang l\u1ea1i v\u1ebb sang tr\u1ecdng v\u00e0 \u0111\u1ed9 b\u1ec1n cao. C\u00e1nh t\u1ee7 s\u1eed d\u1ee5ng kh\u00f3a s\u1ed1 ti\u1ec7n d\u1ee5ng, gi\u00fap ng\u01b0\u1eddi d\u00f9ng b\u1ea3o m\u1eadt h\u1ed3 s\u01a1, t\u00e0i li\u1ec7u m\u1ed9t c\u00e1ch an to\u00e0n. Thi\u1ebft k\u1ebf t\u1ee7 nh\u1ecf g\u1ecdn, ph\u00f9 h\u1ee3p cho kh\u00f4ng gian v\u0103n ph\u00f2ng, ph\u00f2ng l\u00e0m vi\u1ec7c ho\u1eb7c khu v\u1ef1c l\u01b0u tr\u1eef t\u00e0i li\u1ec7u c\u00e1 nh\u00e2n.<\/p>\n<p data-start=\"405\" data-end=\"444\">K\u00edch th\u01b0\u1edbc: W1200 x D400 x H1260 (mm)<\/p>\n<p data-start=\"446\" data-end=\"812\">D\u00f2ng t\u1ee7 h\u1ed3 s\u01a1 n\u00e0y \u0111\u01b0\u1ee3c \u00e1p d\u1ee5ng v\u1edbi hai ch\u1ea5t li\u1ec7u:<br data-start=\"495\" data-end=\"498\" \/>Ch\u1ea5t li\u1ec7u cao c\u1ea5p: Laminate k\u1ebft h\u1ee3p Melamine (L2M12 v\u00e0 L5M52), n\u00f3c t\u1ee7 bo m\u1ecf v\u1ecbt m\u1ec1m m\u1ea1i, c\u00e1nh t\u1ee7 bo 1\/4 \u0111\u01b0\u1eddng tr\u00f2n tinh t\u1ebf, t\u1ea1o c\u1ea3m gi\u00e1c hi\u1ec7n \u0111\u1ea1i v\u00e0 th\u1ea9m m\u1ef9 cao.<br data-start=\"659\" data-end=\"662\" \/>Ch\u1ea5t li\u1ec7u ph\u1ed5 th\u00f4ng: Melamine to\u00e0n b\u1ed9 (M32M26), c\u00e1c c\u1ea1nh vu\u00f4ng v\u1ee9c, mang phong c\u00e1ch t\u1ed1i gi\u1ea3n v\u00e0 d\u1ec5 ph\u1ed1i h\u1ee3p v\u1edbi nhi\u1ec1u kh\u00f4ng gian n\u1ed9i th\u1ea5t kh\u00e1c nhau.<br \/>\nLaminate k\u1ebft h\u1ee3p Melamine &#8211; <span style=\"color: #ed1c24; font-size: 120%;\"><strong>3.035.000 \u0111<\/strong><\/span><br \/>\nMelamine to\u00e0n b\u1ed9 &#8211; <span style=\"color: #ed1c24; font-size: 120%;\"><strong>2.256.000 \u0111<\/strong><\/span><\/p>\n<p data-start=\"909\" data-end=\"1059\">Xu\u1ea5t x\u1ee9: S\u1ea3n ph\u1ea9m c\u1ee7a <strong data-start=\"931\" data-end=\"959\">C\u00f4ng ty N\u1ed8I TH\u1ea4T THE ONE<\/strong> \u2013 Ph\u00e2n ph\u1ed1i b\u1edfi <strong data-start=\"976\" data-end=\"1012\">C\u00d4NG TY TNHH SXTM TTNT H\u1eeeU TH\u1ecaNH<\/strong><br data-start=\"1012\" data-end=\"1015\" \/>B\u1ea3o h\u00e0nh: 12 th\u00e1ng theo ti\u00eau chu\u1ea9n nh\u00e0 m\u00e1y<\/p>\n<p data-start=\"1061\" data-end=\"1215\"><span style=\"color: #ed1c24;\"><em data-start=\"1061\" data-end=\"1213\">L\u01b0u \u00fd: Gi\u00e1 tr\u00ean ch\u01b0a bao g\u1ed3m VAT v\u00e0 ph\u00ed v\u1eadn chuy\u1ec3n. Gi\u00e1 s\u1ea3n ph\u1ea9m c\u00f3 th\u1ec3 thay \u0111\u1ed5i theo t\u1eebng th\u1eddi \u0111i\u1ec3m, vui l\u00f2ng li\u00ean h\u1ec7 \u0111\u1ec3 nh\u1eadn t\u01b0 v\u1ea5n \u01b0u \u0111\u00e3i t\u1ed1t nh\u1ea5t.<\/em><\/span><\/p>\n","protected":false},"featured_media":3846,"comment_status":"open","ping_status":"closed","template":"","meta":[],"product_brand":[],"product_cat":[17,760],"product_tag":[],"class_list":{"0":"post-3845","1":"product","2":"type-product","3":"status-publish","4":"has-post-thumbnail","6":"product_cat-noi-that-van-phong","7":"product_cat-tu-go-van-phong","9":"first","10":"instock","11":"taxable","12":"shipping-taxable","13":"purchasable","14":"product-type-simple"},"_links":{"self":[{"href":"https:\/\/noithathuuthinh.vn\/zh-hans\/wp-json\/wp\/v2\/product\/3845","targetHints":{"allow":["GET"]}}],"collection":[{"href":"https:\/\/noithathuuthinh.vn\/zh-hans\/wp-json\/wp\/v2\/product"}],"about":[{"href":"https:\/\/noithathuuthinh.vn\/zh-hans\/wp-json\/wp\/v2\/types\/product"}],"replies":[{"embeddable":true,"href":"https:\/\/noithathuuthinh.vn\/zh-hans\/wp-json\/wp\/v2\/comments?post=3845"}],"wp:featuredmedia":[{"embeddable":true,"href":"https:\/\/noithathuuthinh.vn\/zh-hans\/wp-json\/wp\/v2\/media\/3846"}],"wp:attachment":[{"href":"https:\/\/noithathuuthinh.vn\/zh-hans\/wp-json\/wp\/v2\/media?parent=3845"}],"wp:term":[{"taxonomy":"product_brand","embeddable":true,"href":"https:\/\/noithathuuthinh.vn\/zh-hans\/wp-json\/wp\/v2\/product_brand?post=3845"},{"taxonomy":"product_cat","embeddable":true,"href":"https:\/\/noithathuuthinh.vn\/zh-hans\/wp-json\/wp\/v2\/product_cat?post=3845"},{"taxonomy":"product_tag","embeddable":true,"href":"https:\/\/noithathuuthinh.vn\/zh-hans\/wp-json\/wp\/v2\/product_tag?post=3845"}],"curies":[{"name":"wp","href":"https:\/\/api.w.org\/{rel}","templated":true}]}}