{"id":3851,"date":"2025-10-23T14:34:58","date_gmt":"2025-10-23T07:34:58","guid":{"rendered":"https:\/\/noithathuuthinh.vn\/?post_type=product&#038;p=3851"},"modified":"2025-10-23T14:34:58","modified_gmt":"2025-10-23T07:34:58","slug":"tu-ho-so-ntv1260sd","status":"publish","type":"product","link":"https:\/\/noithathuuthinh.vn\/zh-hans\/san-pham\/tu-ho-so-ntv1260sd\/","title":{"rendered":"T\u1ee7 h\u1ed3 s\u01a1 NTV1260SD"},"content":{"rendered":"<p data-start=\"1152\" data-end=\"1661\">T\u1ee7 h\u1ed3 s\u01a1 NTV1260SD l\u00e0 s\u1ef1 l\u1ef1a ch\u1ecdn ho\u00e0n h\u1ea3o cho c\u00e1c v\u0103n ph\u00f2ng hi\u1ec7n \u0111\u1ea1i, n\u01a1i c\u1ea7n gi\u1ea3i ph\u00e1p l\u01b0u tr\u1eef g\u1ecdn g\u00e0ng, b\u1ea3o m\u1eadt v\u00e0 sang tr\u1ecdng. Thi\u1ebft k\u1ebf d\u00e1ng th\u1ea5p nh\u1ecf g\u1ecdn gi\u00fap t\u1ee7 d\u1ec5 d\u00e0ng b\u1ed1 tr\u00ed trong nhi\u1ec1u kh\u00f4ng gian kh\u00e1c nhau, t\u1eeb ph\u00f2ng l\u00e0m vi\u1ec7c c\u00e1 nh\u00e2n, ph\u00f2ng h\u00e0nh ch\u00ednh \u0111\u1ebfn khu v\u1ef1c l\u1ec5 t\u00e2n ho\u1eb7c ph\u00f2ng qu\u1ea3n l\u00fd. V\u1edbi ki\u1ec3u d\u00e1ng thanh l\u1ecbch v\u00e0 \u0111\u01b0\u1eddng n\u00e9t tinh t\u1ebf, s\u1ea3n ph\u1ea9m kh\u00f4ng ch\u1ec9 \u0111\u00e1p \u1ee9ng nhu c\u1ea7u l\u01b0u tr\u1eef m\u00e0 c\u00f2n g\u00f3p ph\u1ea7n ho\u00e0n thi\u1ec7n phong c\u00e1ch n\u1ed9i th\u1ea5t chuy\u00ean nghi\u1ec7p cho doanh nghi\u1ec7p.<\/p>\n<p data-start=\"1663\" data-end=\"2068\">Ch\u1ea5t li\u1ec7u g\u1ed7 <strong data-start=\"1676\" data-end=\"1705\">Laminate k\u1ebft h\u1ee3p Melamine<\/strong> gi\u00fap b\u1ec1 m\u1eb7t t\u1ee7 ch\u1ed1ng tr\u1ea7y x\u01b0\u1edbc, ch\u1ed1ng \u1ea9m v\u00e0 d\u1ec5 v\u1ec7 sinh. S\u1ef1 k\u1ebft h\u1ee3p n\u00e0y kh\u00f4ng ch\u1ec9 t\u0103ng \u0111\u1ed9 b\u1ec1n cho s\u1ea3n ph\u1ea9m m\u00e0 c\u00f2n mang l\u1ea1i hi\u1ec7u \u1ee9ng th\u1ea9m m\u1ef9 cao, v\u1edbi m\u00e0u s\u1eafc h\u00e0i h\u00f2a, tinh t\u1ebf, ph\u00f9 h\u1ee3p xu h\u01b0\u1edbng n\u1ed9i th\u1ea5t hi\u1ec7n \u0111\u1ea1i. C\u00e1nh t\u1ee7 \u0111\u01b0\u1ee3c thi\u1ebft k\u1ebf <strong data-start=\"1938\" data-end=\"1951\">d\u1ea1ng l\u1eedng<\/strong> v\u00e0 trang b\u1ecb <strong data-start=\"1964\" data-end=\"1983\">kh\u00f3a s\u1ed1 cao c\u1ea5p<\/strong>, gi\u00fap ng\u01b0\u1eddi d\u00f9ng an t\u00e2m h\u01a1n khi l\u01b0u tr\u1eef t\u00e0i li\u1ec7u quan tr\u1ecdng ho\u1eb7c v\u1eadt d\u1ee5ng c\u00e1 nh\u00e2n.<\/p>\n<p data-start=\"2070\" data-end=\"2416\">Phi\u00ean b\u1ea3n <strong data-start=\"2080\" data-end=\"2106\">cao c\u1ea5p L2M12 v\u00e0 L5M52<\/strong> n\u1ed5i b\u1eadt v\u1edbi chi ti\u1ebft <strong data-start=\"2128\" data-end=\"2181\">bo m\u1ecf v\u1ecbt \u1edf n\u00f3c t\u1ee7 v\u00e0 bo 1\/4 \u0111\u01b0\u1eddng tr\u00f2n \u1edf c\u00e1nh t\u1ee7<\/strong>, t\u1ea1o c\u1ea3m gi\u00e1c m\u1ec1m m\u1ea1i, sang tr\u1ecdng v\u00e0 th\u00e2n thi\u1ec7n trong qu\u00e1 tr\u00ecnh s\u1eed d\u1ee5ng. Trong khi \u0111\u00f3, d\u00f2ng <strong data-start=\"2274\" data-end=\"2294\">ph\u1ed5 th\u00f4ng M32M26<\/strong> c\u00f3 thi\u1ebft k\u1ebf c\u1ea1nh vu\u00f4ng v\u1ee9c, mang v\u1ebb hi\u1ec7n \u0111\u1ea1i, \u0111\u01a1n gi\u1ea3n, d\u1ec5 k\u1ebft h\u1ee3p v\u1edbi nhi\u1ec1u lo\u1ea1i b\u00e0n v\u00e0 t\u1ee7 kh\u00e1c trong c\u00f9ng kh\u00f4ng gian.<\/p>\n<p data-start=\"2418\" data-end=\"2738\">K\u00edch th\u01b0\u1edbc <strong data-start=\"2429\" data-end=\"2455\">W800 x D400 x H1260 mm<\/strong> \u0111\u01b0\u1ee3c t\u1ed1i \u01b0u h\u00f3a cho kh\u1ea3 n\u0103ng l\u01b0u tr\u1eef linh ho\u1ea1t. Ng\u01b0\u1eddi d\u00f9ng c\u00f3 th\u1ec3 d\u1ec5 d\u00e0ng s\u1eafp x\u1ebfp h\u1ed3 s\u01a1, t\u00e0i li\u1ec7u, s\u1ed5 s\u00e1ch ho\u1eb7c c\u00e1c v\u1eadt d\u1ee5ng v\u0103n ph\u00f2ng kh\u00e1c m\u1ed9t c\u00e1ch g\u1ecdn g\u00e0ng. Ph\u1ea7n tr\u00ean t\u1ee7 c\u00f3 th\u1ec3 t\u1eadn d\u1ee5ng l\u00e0m k\u1ec7 tr\u01b0ng b\u00e0y ho\u1eb7c \u0111\u1eb7t v\u1eadt trang tr\u00ed nh\u1ecf, gi\u00fap kh\u00f4ng gian th\u00eam sinh \u0111\u1ed9ng v\u00e0 c\u00f3 \u0111i\u1ec3m nh\u1ea5n.<\/p>\n<p data-start=\"2740\" data-end=\"2993\">T\u1ee7 h\u1ed3 s\u01a1 NTV1260SD s\u1eed d\u1ee5ng gam m\u00e0u ti\u00eau chu\u1ea9n <strong data-start=\"2786\" data-end=\"2795\">L5M52<\/strong> trung t\u00ednh, d\u1ec5 ph\u1ed1i h\u1ee3p v\u1edbi nhi\u1ec1u phong c\u00e1ch n\u1ed9i th\u1ea5t kh\u00e1c nhau, t\u1eeb c\u1ed5 \u0111i\u1ec3n \u0111\u1ebfn hi\u1ec7n \u0111\u1ea1i. Khung t\u1ee7 v\u1eefng ch\u1eafc, b\u1ec1 m\u1eb7t m\u1ecbn v\u00e0 chi ti\u1ebft ho\u00e0n thi\u1ec7n tinh t\u1ebf mang l\u1ea1i c\u1ea3m gi\u00e1c cao c\u1ea5p v\u00e0 chuy\u00ean nghi\u1ec7p.<\/p>\n<p data-start=\"2995\" data-end=\"3244\" data-is-last-node=\"\" data-is-only-node=\"\">V\u1edbi s\u1ef1 k\u1ebft h\u1ee3p ho\u00e0n h\u1ea3o gi\u1eefa <strong data-start=\"3024\" data-end=\"3089\">thi\u1ebft k\u1ebf tinh g\u1ecdn, ch\u1ea5t li\u1ec7u b\u1ec1n \u0111\u1eb9p v\u00e0 t\u00ednh n\u0103ng b\u1ea3o m\u1eadt cao<\/strong>, t\u1ee7 h\u1ed3 s\u01a1 NTV1260SD l\u00e0 gi\u1ea3i ph\u00e1p l\u00fd t\u01b0\u1edfng gi\u00fap doanh nghi\u1ec7p t\u1ed1i \u01b0u kh\u00f4ng gian l\u01b0u tr\u1eef, \u0111\u1ed3ng th\u1eddi kh\u1eb3ng \u0111\u1ecbnh phong c\u00e1ch l\u00e0m vi\u1ec7c hi\u1ec7n \u0111\u1ea1i v\u00e0 chuy\u00ean nghi\u1ec7p.<\/p>\n","protected":false},"excerpt":{"rendered":"<p data-start=\"26\" data-end=\"370\">T\u1ee7 h\u1ed3 s\u01a1 NTV1260SD l\u00e0 m\u1eabu t\u1ee7 t\u00e0i li\u1ec7u d\u00e1ng th\u1ea5p hi\u1ec7n \u0111\u1ea1i, \u0111\u01b0\u1ee3c thi\u1ebft k\u1ebf v\u1edbi ch\u1ea5t li\u1ec7u g\u1ed7 Laminate k\u1ebft h\u1ee3p Melamine cao c\u1ea5p, mang l\u1ea1i \u0111\u1ed9 b\u1ec1n, t\u00ednh th\u1ea9m m\u1ef9 v\u00e0 kh\u1ea3 n\u0103ng ch\u1ed1ng tr\u1ea7y x\u01b0\u1edbc v\u01b0\u1ee3t tr\u1ed9i. T\u1ee7 g\u1ed3m hai c\u00e1nh l\u1eedng c\u00f3 trang b\u1ecb kh\u00f3a s\u1ed1 an to\u00e0n, gi\u00fap ng\u01b0\u1eddi d\u00f9ng d\u1ec5 d\u00e0ng b\u1ea3o m\u1eadt t\u00e0i li\u1ec7u, h\u1ed3 s\u01a1 v\u00e0 v\u1eadt d\u1ee5ng c\u00e1 nh\u00e2n.<\/p>\n<p data-start=\"372\" data-end=\"410\">K\u00edch th\u01b0\u1edbc: W800 x D400 x H1260 (mm)<\/p>\n<p data-start=\"372\" data-end=\"410\">Laminate k\u1ebft h\u1ee3p Melamine &#8211; <span style=\"color: #ed1c24; font-size: 120%;\"><strong>2.319.000 \u0111<\/strong><\/span><br \/>\nMelamine to\u00e0n b\u1ed9 &#8211; <span style=\"color: #ed1c24; font-size: 120%;\"><strong>1.547.000 \u0111<\/strong><\/span><\/p>\n<p data-start=\"372\" data-end=\"410\">T\u1ee7 \u0111\u01b0\u1ee3c \u00e1p d\u1ee5ng v\u1edbi hai ch\u1ea5t li\u1ec7u:<br data-start=\"446\" data-end=\"449\" \/>Ch\u1ea5t li\u1ec7u cao c\u1ea5p: Laminate k\u1ebft h\u1ee3p Melamine (L2M12 v\u00e0 L5M52), v\u1edbi n\u00f3c bo m\u1ecf v\u1ecbt m\u1ec1m m\u1ea1i v\u00e0 c\u00e1nh t\u1ee7 bo 1\/4 \u0111\u01b0\u1eddng tr\u00f2n, mang \u0111\u1ebfn v\u1ebb sang tr\u1ecdng, tinh t\u1ebf v\u00e0 hi\u1ec7n \u0111\u1ea1i.<br data-start=\"612\" data-end=\"615\" \/>Ch\u1ea5t li\u1ec7u ph\u1ed5 th\u00f4ng: Melamine to\u00e0n b\u1ed9 (M32M26), c\u00e1c c\u1ea1nh vu\u00f4ng v\u1ee9c, t\u1ed1i gi\u1ea3n, ph\u00f9 h\u1ee3p v\u1edbi nhi\u1ec1u kh\u00f4ng gian l\u00e0m vi\u1ec7c kh\u00e1c nhau.<\/p>\n<p data-start=\"839\" data-end=\"989\">Xu\u1ea5t x\u1ee9: S\u1ea3n ph\u1ea9m c\u1ee7a <strong data-start=\"861\" data-end=\"889\">C\u00f4ng ty N\u1ed8I TH\u1ea4T THE ONE<\/strong> \u2013 Ph\u00e2n ph\u1ed1i b\u1edfi <strong data-start=\"906\" data-end=\"942\">C\u00d4NG TY TNHH SXTM TTNT H\u1eeeU TH\u1ecaNH<\/strong><br data-start=\"942\" data-end=\"945\" \/>B\u1ea3o h\u00e0nh: 12 th\u00e1ng theo ti\u00eau chu\u1ea9n nh\u00e0 m\u00e1y<\/p>\n<p data-start=\"991\" data-end=\"1145\"><span style=\"color: #ed1c24;\"><em data-start=\"991\" data-end=\"1143\">L\u01b0u \u00fd: Gi\u00e1 tr\u00ean ch\u01b0a bao g\u1ed3m VAT v\u00e0 ph\u00ed v\u1eadn chuy\u1ec3n. Gi\u00e1 s\u1ea3n ph\u1ea9m c\u00f3 th\u1ec3 thay \u0111\u1ed5i theo t\u1eebng th\u1eddi \u0111i\u1ec3m, vui l\u00f2ng li\u00ean h\u1ec7 \u0111\u1ec3 nh\u1eadn t\u01b0 v\u1ea5n \u01b0u \u0111\u00e3i t\u1ed1t nh\u1ea5t.<\/em><\/span><\/p>\n","protected":false},"featured_media":3852,"comment_status":"open","ping_status":"closed","template":"","meta":[],"product_brand":[],"product_cat":[17,760],"product_tag":[],"class_list":{"0":"post-3851","1":"product","2":"type-product","3":"status-publish","4":"has-post-thumbnail","6":"product_cat-noi-that-van-phong","7":"product_cat-tu-go-van-phong","9":"first","10":"instock","11":"shipping-taxable","12":"purchasable","13":"product-type-simple"},"_links":{"self":[{"href":"https:\/\/noithathuuthinh.vn\/zh-hans\/wp-json\/wp\/v2\/product\/3851","targetHints":{"allow":["GET"]}}],"collection":[{"href":"https:\/\/noithathuuthinh.vn\/zh-hans\/wp-json\/wp\/v2\/product"}],"about":[{"href":"https:\/\/noithathuuthinh.vn\/zh-hans\/wp-json\/wp\/v2\/types\/product"}],"replies":[{"embeddable":true,"href":"https:\/\/noithathuuthinh.vn\/zh-hans\/wp-json\/wp\/v2\/comments?post=3851"}],"wp:featuredmedia":[{"embeddable":true,"href":"https:\/\/noithathuuthinh.vn\/zh-hans\/wp-json\/wp\/v2\/media\/3852"}],"wp:attachment":[{"href":"https:\/\/noithathuuthinh.vn\/zh-hans\/wp-json\/wp\/v2\/media?parent=3851"}],"wp:term":[{"taxonomy":"product_brand","embeddable":true,"href":"https:\/\/noithathuuthinh.vn\/zh-hans\/wp-json\/wp\/v2\/product_brand?post=3851"},{"taxonomy":"product_cat","embeddable":true,"href":"https:\/\/noithathuuthinh.vn\/zh-hans\/wp-json\/wp\/v2\/product_cat?post=3851"},{"taxonomy":"product_tag","embeddable":true,"href":"https:\/\/noithathuuthinh.vn\/zh-hans\/wp-json\/wp\/v2\/product_tag?post=3851"}],"curies":[{"name":"wp","href":"https:\/\/api.w.org\/{rel}","templated":true}]}}