{"id":3862,"date":"2025-10-23T15:17:55","date_gmt":"2025-10-23T08:17:55","guid":{"rendered":"https:\/\/noithathuuthinh.vn\/?post_type=product&#038;p=3862"},"modified":"2025-10-23T15:17:55","modified_gmt":"2025-10-23T08:17:55","slug":"tu-ho-so-ntv1000-3t2","status":"publish","type":"product","link":"https:\/\/noithathuuthinh.vn\/zh-hans\/san-pham\/tu-ho-so-ntv1000-3t2\/","title":{"rendered":"T\u1ee7 h\u1ed3 s\u01a1 NTV1000-3T2"},"content":{"rendered":"<p data-start=\"1244\" data-end=\"1695\">T\u1ee7 h\u1ed3 s\u01a1 NTV1000-3T2 l\u00e0 s\u1ef1 l\u1ef1a ch\u1ecdn l\u00fd t\u01b0\u1edfng cho nh\u1eefng v\u0103n ph\u00f2ng hi\u1ec7n \u0111\u1ea1i c\u1ea7n s\u1ef1 g\u1ecdn g\u00e0ng, tinh t\u1ebf v\u00e0 ti\u1ec7n d\u1ee5ng trong l\u01b0u tr\u1eef. V\u1edbi chi\u1ec1u cao v\u1eeba t\u1ea7m <strong data-start=\"1435\" data-end=\"1447\">H1000 mm<\/strong>, s\u1ea3n ph\u1ea9m v\u1eeba c\u00f3 th\u1ec3 s\u1eed d\u1ee5ng nh\u01b0 <strong data-start=\"1481\" data-end=\"1501\">t\u1ee7 \u0111\u1ef1ng t\u00e0i li\u1ec7u<\/strong>, v\u1eeba \u0111\u00f3ng vai tr\u00f2 nh\u01b0 <strong data-start=\"1524\" data-end=\"1540\">k\u1ec7 trang tr\u00ed<\/strong> khi ph\u1ea7n n\u00f3c t\u1ee7 \u0111\u01b0\u1ee3c thi\u1ebft k\u1ebf th\u00eam <strong data-start=\"1576\" data-end=\"1620\">khay \u0111\u1ec3 ch\u1eadu c\u00e2y ho\u1eb7c v\u1eadt d\u1ee5ng decor nh\u1ecf<\/strong>, t\u1ea1o n\u00ean kh\u00f4ng gian l\u00e0m vi\u1ec7c g\u1ea7n g\u0169i, th\u01b0 gi\u00e3n v\u00e0 mang t\u00ednh th\u1ea9m m\u1ef9 cao.<\/p>\n<p data-start=\"1697\" data-end=\"2155\">T\u1ee7 \u0111\u01b0\u1ee3c ch\u1ebf t\u00e1c t\u1eeb <strong data-start=\"1716\" data-end=\"1763\">ch\u1ea5t li\u1ec7u Laminate k\u1ebft h\u1ee3p Melamine cao c\u1ea5p<\/strong>, gi\u00fap t\u0103ng kh\u1ea3 n\u0103ng ch\u1ed1ng tr\u1ea7y x\u01b0\u1edbc, ch\u1ed1ng \u1ea9m v\u00e0 ch\u1ed1ng b\u00e1m b\u1ee5i. Laminate l\u00e0 lo\u1ea1i v\u1eadt li\u1ec7u b\u1ec1 m\u1eb7t \u0111\u01b0\u1ee3c \u0111\u00e1nh gi\u00e1 cao nh\u1edd \u0111\u1ed9 b\u1ec1n v\u01b0\u1ee3t tr\u1ed9i v\u00e0 kh\u1ea3 n\u0103ng ch\u1ecbu va \u0111\u1eadp t\u1ed1t, trong khi l\u1edbp ph\u1ee7 Melamine gi\u00fap b\u1ec1 m\u1eb7t m\u1ecbn, d\u1ec5 v\u1ec7 sinh v\u00e0 gi\u1eef m\u00e0u s\u1eafc t\u01b0\u01a1i m\u1edbi l\u00e2u d\u00e0i. S\u1ef1 k\u1ebft h\u1ee3p n\u00e0y mang \u0111\u1ebfn cho t\u1ee7 h\u1ed3 s\u01a1 NTV1000-3T2 v\u1ebb ngo\u00e0i sang tr\u1ecdng, hi\u1ec7n \u0111\u1ea1i v\u00e0 \u0111\u1ed9 b\u1ec1n cao h\u01a1n h\u1eb3n so v\u1edbi c\u00e1c d\u00f2ng t\u1ee7 g\u1ed7 th\u00f4ng th\u01b0\u1eddng.<\/p>\n<p data-start=\"2157\" data-end=\"2534\">Phi\u00ean b\u1ea3n <strong data-start=\"2167\" data-end=\"2193\">cao c\u1ea5p (L2M12, L5M52)<\/strong> c\u1ee7a t\u1ee7 \u0111\u01b0\u1ee3c ho\u00e0n thi\u1ec7n t\u1ec9 m\u1ec9 v\u1edbi <strong data-start=\"2227\" data-end=\"2244\">n\u00f3c bo m\u1ecf v\u1ecbt<\/strong> m\u1ec1m m\u1ea1i v\u00e0 <strong data-start=\"2256\" data-end=\"2285\">c\u00e1nh t\u1ee7 bo 1\/4 \u0111\u01b0\u1eddng tr\u00f2n<\/strong>, t\u1ea1o hi\u1ec7u \u1ee9ng th\u1ea9m m\u1ef9 cao v\u00e0 mang l\u1ea1i c\u1ea3m gi\u00e1c sang tr\u1ecdng. Trong khi \u0111\u00f3, phi\u00ean b\u1ea3n <strong data-start=\"2369\" data-end=\"2391\">ph\u1ed5 th\u00f4ng (M32M26)<\/strong> v\u1eabn gi\u1eef \u0111\u01b0\u1ee3c v\u1ebb tinh t\u1ebf, t\u1ed1i gi\u1ea3n v\u1edbi thi\u1ebft k\u1ebf <strong data-start=\"2439\" data-end=\"2453\">vu\u00f4ng c\u1ea1nh<\/strong> g\u1ecdn g\u00e0ng, ph\u00f9 h\u1ee3p v\u1edbi phong c\u00e1ch n\u1ed9i th\u1ea5t t\u1ed1i gi\u1ea3n v\u00e0 \u0111\u1ed3ng b\u1ed9 trong v\u0103n ph\u00f2ng.<\/p>\n<p data-start=\"2536\" data-end=\"2811\">\u0110i\u1ec3m nh\u1ea5n \u0111\u00e1ng ch\u00fa \u00fd c\u1ee7a t\u1ee7 h\u1ed3 s\u01a1 NTV1000-3T2 l\u00e0 <strong data-start=\"2585\" data-end=\"2626\">c\u00e1nh t\u1ee7 \u0111\u01b0\u1ee3c trang b\u1ecb kh\u00f3a s\u1ed1 an to\u00e0n<\/strong>, gi\u00fap ng\u01b0\u1eddi d\u00f9ng d\u1ec5 d\u00e0ng b\u1ea3o m\u1eadt t\u00e0i li\u1ec7u quan tr\u1ecdng, h\u1ee3p \u0111\u1ed3ng ho\u1eb7c v\u1eadt d\u1ee5ng c\u00e1 nh\u00e2n. H\u1ec7 th\u1ed1ng b\u1ea3n l\u1ec1 ch\u1ea5t l\u01b0\u1ee3ng cao \u0111\u1ea3m b\u1ea3o c\u00e1nh t\u1ee7 \u0111\u00f3ng m\u1edf nh\u1eb9 nh\u00e0ng, \u00eam \u00e1i v\u00e0 kh\u00f4ng g\u00e2y ti\u1ebfng \u0111\u1ed9ng.<\/p>\n<p data-start=\"2813\" data-end=\"3096\">V\u1edbi k\u00edch th\u01b0\u1edbc <strong data-start=\"2828\" data-end=\"2855\">W1200 x D390 x H1000 mm<\/strong>, t\u1ee7 c\u00f3 s\u1ee9c ch\u1ee9a linh ho\u1ea1t, chia ng\u0103n h\u1ee3p l\u00fd, d\u1ec5 d\u00e0ng s\u1eafp x\u1ebfp h\u1ed3 s\u01a1, t\u00e0i li\u1ec7u ho\u1eb7c v\u1eadt d\u1ee5ng v\u0103n ph\u00f2ng. B\u1ec1 m\u1eb7t t\u1ee7 c\u00f3 th\u1ec3 t\u1eadn d\u1ee5ng \u0111\u1ec3 \u0111\u1eb7t m\u00e1y in, h\u1ed9p gi\u1ea5y ho\u1eb7c c\u00e1c v\u1eadt trang tr\u00ed nh\u1ecf gi\u00fap t\u0103ng t\u00ednh th\u1ea9m m\u1ef9 v\u00e0 ti\u1ec7n \u00edch cho kh\u00f4ng gian l\u00e0m vi\u1ec7c.<\/p>\n<p data-start=\"3098\" data-end=\"3482\" data-is-last-node=\"\" data-is-only-node=\"\">M\u00e0u s\u1eafc ti\u00eau chu\u1ea9n <strong data-start=\"3117\" data-end=\"3126\">L5M52<\/strong> trung t\u00ednh, trang nh\u00e3, d\u1ec5 d\u00e0ng k\u1ebft h\u1ee3p c\u00f9ng b\u00e0n l\u00e0m vi\u1ec7c, v\u00e1ch ng\u0103n ho\u1eb7c t\u1ee7 h\u1ed3 s\u01a1 c\u00f9ng d\u00f2ng C17, mang l\u1ea1i s\u1ef1 \u0111\u1ed3ng b\u1ed9 v\u00e0 chuy\u00ean nghi\u1ec7p cho v\u0103n ph\u00f2ng. Nh\u1edd v\u00e0o thi\u1ebft k\u1ebf g\u1ecdn g\u00e0ng, ch\u1ea5t li\u1ec7u b\u1ec1n \u0111\u1eb9p v\u00e0 t\u00ednh n\u0103ng ti\u1ec7n d\u1ee5ng, <strong data-start=\"3345\" data-end=\"3369\">t\u1ee7 h\u1ed3 s\u01a1 NTV1000-3T2<\/strong> l\u00e0 l\u1ef1a ch\u1ecdn ho\u00e0n h\u1ea3o cho m\u1ecdi doanh nghi\u1ec7p \u0111ang t\u00ecm ki\u1ebfm gi\u1ea3i ph\u00e1p l\u01b0u tr\u1eef th\u00f4ng minh k\u1ebft h\u1ee3p y\u1ebfu t\u1ed1 th\u1ea9m m\u1ef9 cao.<\/p>\n","protected":false},"excerpt":{"rendered":"<p data-start=\"28\" data-end=\"473\">T\u1ee7 h\u1ed3 s\u01a1 NTV1000-3T2 l\u00e0 m\u1eabu t\u1ee7 th\u1ea5p hi\u1ec7n \u0111\u1ea1i, \u0111\u01b0\u1ee3c thi\u1ebft k\u1ebf v\u1edbi ch\u1ea5t li\u1ec7u <strong data-start=\"133\" data-end=\"162\">Laminate k\u1ebft h\u1ee3p Melamine<\/strong> b\u1ec1n \u0111\u1eb9p, mang \u0111\u1ebfn s\u1ef1 sang tr\u1ecdng v\u00e0 \u0111\u1ed9 b\u1ec1n cao cho kh\u00f4ng gian l\u00e0m vi\u1ec7c. S\u1ea3n ph\u1ea9m c\u00f3 <strong data-start=\"246\" data-end=\"290\">c\u00e1nh t\u1ee7 Laminate s\u1eed d\u1ee5ng kh\u00f3a s\u1ed1 an to\u00e0n<\/strong>, gi\u00fap b\u1ea3o m\u1eadt t\u00e0i li\u1ec7u, h\u1ed3 s\u01a1 quan tr\u1ecdng. Ph\u1ea7n <strong data-start=\"338\" data-end=\"378\">n\u00f3c t\u1ee7 c\u00f3 khay \u0111\u1ec3 ch\u1eadu c\u00e2y trang tr\u00ed<\/strong>, t\u1ea1o \u0111i\u1ec3m nh\u1ea5n sinh \u0111\u1ed9ng, gi\u00fap kh\u00f4ng gian v\u0103n ph\u00f2ng th\u00eam h\u00e0i h\u00f2a v\u00e0 g\u1ea7n g\u0169i v\u1edbi thi\u00ean nhi\u00ean.<\/p>\n<p data-start=\"475\" data-end=\"514\">K\u00edch th\u01b0\u1edbc: W1200 x D390 x H1000 (mm)<\/p>\n<p data-start=\"475\" data-end=\"514\">Melamine to\u00e0n b\u1ed9 &#8211; <span style=\"color: #ed1c24; font-size: 120%;\"><strong>1.884.000 \u0111<\/strong><\/span><br \/>\nLaminate k\u1ebft h\u1ee3p Melamine &#8211; <span style=\"color: #ed1c24; font-size: 120%;\"><strong>2.221.000 \u0111<\/strong><\/span><\/p>\n<p data-start=\"516\" data-end=\"835\">T\u1ee7 \u0111\u01b0\u1ee3c \u00e1p d\u1ee5ng v\u1edbi hai ch\u1ea5t li\u1ec7u:<br data-start=\"550\" data-end=\"553\" \/>Ch\u1ea5t li\u1ec7u cao c\u1ea5p: <strong data-start=\"572\" data-end=\"601\">Laminate k\u1ebft h\u1ee3p Melamine<\/strong> (L2M12 v\u00e0 L5M52), c\u00f3 n\u00f3c bo m\u1ecf v\u1ecbt v\u00e0 c\u00e1nh t\u1ee7 bo 1\/4 \u0111\u01b0\u1eddng tr\u00f2n, mang \u0111\u1ebfn v\u1ebb m\u1ec1m m\u1ea1i v\u00e0 tinh t\u1ebf.<br data-start=\"698\" data-end=\"701\" \/>Ch\u1ea5t li\u1ec7u ph\u1ed5 th\u00f4ng: <strong data-start=\"722\" data-end=\"742\">Melamine to\u00e0n b\u1ed9<\/strong> (M32M26), thi\u1ebft k\u1ebf c\u00e1c c\u1ea1nh vu\u00f4ng v\u1ee9c, \u0111\u01a1n gi\u1ea3n, ph\u00f9 h\u1ee3p v\u1edbi phong c\u00e1ch n\u1ed9i th\u1ea5t hi\u1ec7n \u0111\u1ea1i.<\/p>\n<p data-start=\"931\" data-end=\"1081\">Xu\u1ea5t x\u1ee9: S\u1ea3n ph\u1ea9m c\u1ee7a <strong data-start=\"953\" data-end=\"981\">C\u00f4ng ty N\u1ed8I TH\u1ea4T THE ONE<\/strong> \u2013 Ph\u00e2n ph\u1ed1i b\u1edfi <strong data-start=\"998\" data-end=\"1034\">C\u00d4NG TY TNHH SXTM TTNT H\u1eeeU TH\u1ecaNH<\/strong><br data-start=\"1034\" data-end=\"1037\" \/>B\u1ea3o h\u00e0nh: 12 th\u00e1ng theo ti\u00eau chu\u1ea9n nh\u00e0 m\u00e1y<\/p>\n<p data-start=\"1083\" data-end=\"1237\"><span style=\"color: #ed1c24;\"><em data-start=\"1083\" data-end=\"1235\">L\u01b0u \u00fd: Gi\u00e1 tr\u00ean ch\u01b0a bao g\u1ed3m VAT v\u00e0 ph\u00ed v\u1eadn chuy\u1ec3n. Gi\u00e1 s\u1ea3n ph\u1ea9m c\u00f3 th\u1ec3 thay \u0111\u1ed5i theo t\u1eebng th\u1eddi \u0111i\u1ec3m, vui l\u00f2ng li\u00ean h\u1ec7 \u0111\u1ec3 nh\u1eadn t\u01b0 v\u1ea5n \u01b0u \u0111\u00e3i t\u1ed1t nh\u1ea5t.<\/em><\/span><\/p>\n","protected":false},"featured_media":3863,"comment_status":"open","ping_status":"closed","template":"","meta":[],"product_brand":[],"product_cat":[17,760],"product_tag":[],"class_list":{"0":"post-3862","1":"product","2":"type-product","3":"status-publish","4":"has-post-thumbnail","6":"product_cat-noi-that-van-phong","7":"product_cat-tu-go-van-phong","9":"first","10":"instock","11":"shipping-taxable","12":"purchasable","13":"product-type-simple"},"_links":{"self":[{"href":"https:\/\/noithathuuthinh.vn\/zh-hans\/wp-json\/wp\/v2\/product\/3862","targetHints":{"allow":["GET"]}}],"collection":[{"href":"https:\/\/noithathuuthinh.vn\/zh-hans\/wp-json\/wp\/v2\/product"}],"about":[{"href":"https:\/\/noithathuuthinh.vn\/zh-hans\/wp-json\/wp\/v2\/types\/product"}],"replies":[{"embeddable":true,"href":"https:\/\/noithathuuthinh.vn\/zh-hans\/wp-json\/wp\/v2\/comments?post=3862"}],"wp:featuredmedia":[{"embeddable":true,"href":"https:\/\/noithathuuthinh.vn\/zh-hans\/wp-json\/wp\/v2\/media\/3863"}],"wp:attachment":[{"href":"https:\/\/noithathuuthinh.vn\/zh-hans\/wp-json\/wp\/v2\/media?parent=3862"}],"wp:term":[{"taxonomy":"product_brand","embeddable":true,"href":"https:\/\/noithathuuthinh.vn\/zh-hans\/wp-json\/wp\/v2\/product_brand?post=3862"},{"taxonomy":"product_cat","embeddable":true,"href":"https:\/\/noithathuuthinh.vn\/zh-hans\/wp-json\/wp\/v2\/product_cat?post=3862"},{"taxonomy":"product_tag","embeddable":true,"href":"https:\/\/noithathuuthinh.vn\/zh-hans\/wp-json\/wp\/v2\/product_tag?post=3862"}],"curies":[{"name":"wp","href":"https:\/\/api.w.org\/{rel}","templated":true}]}}