{"id":3870,"date":"2025-10-23T15:48:47","date_gmt":"2025-10-23T08:48:47","guid":{"rendered":"https:\/\/noithathuuthinh.vn\/?post_type=product&#038;p=3870"},"modified":"2025-10-23T15:48:47","modified_gmt":"2025-10-23T08:48:47","slug":"tu-ho-so-ntv880sd","status":"publish","type":"product","link":"https:\/\/noithathuuthinh.vn\/zh-hans\/san-pham\/tu-ho-so-ntv880sd\/","title":{"rendered":"T\u1ee7 h\u1ed3 s\u01a1 NTV880SD"},"content":{"rendered":"<p data-start=\"1132\" data-end=\"1479\">T\u1ee7 h\u1ed3 s\u01a1 NTV880SD thu\u1ed9c d\u00f2ng <strong data-start=\"1203\" data-end=\"1219\">Newtrend VIP<\/strong> l\u00e0 l\u1ef1a ch\u1ecdn l\u00fd t\u01b0\u1edfng cho nh\u1eefng v\u0103n ph\u00f2ng c\u1ea7n m\u1ed9t m\u1eabu t\u1ee7 nh\u1ecf g\u1ecdn, sang tr\u1ecdng v\u00e0 ti\u1ec7n \u00edch. V\u1edbi <strong data-start=\"1313\" data-end=\"1343\">thi\u1ebft k\u1ebf chi\u1ec1u cao H880 mm<\/strong>, s\u1ea3n ph\u1ea9m d\u1ec5 d\u00e0ng b\u1ed1 tr\u00ed b\u00ean c\u1ea1nh b\u00e0n l\u00e0m vi\u1ec7c ho\u1eb7c trong g\u00f3c ph\u00f2ng, gi\u00fap t\u1eadn d\u1ee5ng t\u1ed1i \u0111a di\u1ec7n t\u00edch m\u00e0 v\u1eabn \u0111\u1ea3m b\u1ea3o c\u00f4ng n\u0103ng l\u01b0u tr\u1eef.<\/p>\n<p data-start=\"1481\" data-end=\"1741\">T\u1ee7 \u0111\u01b0\u1ee3c thi\u1ebft k\u1ebf g\u1ed3m <strong data-start=\"1502\" data-end=\"1517\">2 c\u00e1nh l\u1eedng<\/strong> c\u00f3 trang b\u1ecb <strong data-start=\"1530\" data-end=\"1549\">kh\u00f3a s\u1ed1 an to\u00e0n<\/strong>, mang \u0111\u1ebfn s\u1ef1 an t\u00e2m cho ng\u01b0\u1eddi d\u00f9ng trong vi\u1ec7c b\u1ea3o m\u1eadt t\u00e0i li\u1ec7u, h\u1ee3p \u0111\u1ed3ng v\u00e0 v\u1eadt d\u1ee5ng c\u00e1 nh\u00e2n. Ph\u1ea7n b\u00ean trong t\u1ee7 \u0111\u01b0\u1ee3c chia ng\u0103n khoa h\u1ecdc, gi\u00fap s\u1eafp x\u1ebfp h\u1ed3 s\u01a1, gi\u1ea5y t\u1edd g\u1ecdn g\u00e0ng v\u00e0 d\u1ec5 t\u00ecm ki\u1ebfm.<\/p>\n<p data-start=\"1743\" data-end=\"2093\">\u0110i\u1ec3m nh\u1ea5n n\u1ed5i b\u1eadt c\u1ee7a <strong data-start=\"1765\" data-end=\"1786\">t\u1ee7 h\u1ed3 s\u01a1 NTV880SD<\/strong> ch\u00ednh l\u00e0 <strong data-start=\"1796\" data-end=\"1843\">ch\u1ea5t li\u1ec7u Laminate k\u1ebft h\u1ee3p Melamine cao c\u1ea5p<\/strong>, mang l\u1ea1i kh\u1ea3 n\u0103ng <strong data-start=\"1863\" data-end=\"1907\">ch\u1ed1ng tr\u1ea7y x\u01b0\u1edbc, ch\u1ed1ng \u1ea9m v\u00e0 d\u1ec5 lau ch\u00f9i<\/strong>. B\u1ec1 m\u1eb7t Laminate c\u00f3 \u0111\u1ed9 b\u00f3ng nh\u1eb9, t\u1ea1o c\u1ea3m gi\u00e1c sang tr\u1ecdng v\u00e0 hi\u1ec7n \u0111\u1ea1i, trong khi l\u1edbp Melamine gia t\u0103ng \u0111\u1ed9 c\u1ee9ng v\u00e0 gi\u00fap s\u1ea3n ph\u1ea9m gi\u1eef \u0111\u01b0\u1ee3c h\u00ecnh d\u00e1ng \u1ed5n \u0111\u1ecbnh trong su\u1ed1t qu\u00e1 tr\u00ecnh s\u1eed d\u1ee5ng.<\/p>\n<p data-start=\"2095\" data-end=\"2502\">\u1ede phi\u00ean b\u1ea3n <strong data-start=\"2107\" data-end=\"2135\">cao c\u1ea5p (L2M12 v\u00e0 L5M52)<\/strong>, t\u1ee7 \u0111\u01b0\u1ee3c bo <strong data-start=\"2148\" data-end=\"2191\">n\u00f3c m\u1ecf v\u1ecbt v\u00e0 c\u00e1nh t\u1ee7 bo 1\/4 \u0111\u01b0\u1eddng tr\u00f2n<\/strong>, mang l\u1ea1i \u0111\u01b0\u1eddng n\u00e9t m\u1ec1m m\u1ea1i v\u00e0 \u0111\u1eb3ng c\u1ea5p, ph\u00f9 h\u1ee3p cho kh\u00f4ng gian v\u0103n ph\u00f2ng gi\u00e1m \u0111\u1ed1c ho\u1eb7c ph\u00f2ng l\u00e0m vi\u1ec7c cao c\u1ea5p. Ng\u01b0\u1ee3c l\u1ea1i, phi\u00ean b\u1ea3n <strong data-start=\"2325\" data-end=\"2347\">ph\u1ed5 th\u00f4ng (M32M26)<\/strong> \u0111\u01b0\u1ee3c thi\u1ebft k\u1ebf <strong data-start=\"2362\" data-end=\"2384\">c\u00e1c c\u1ea1nh vu\u00f4ng v\u1ee9c<\/strong>, th\u1ec3 hi\u1ec7n phong c\u00e1ch t\u1ed1i gi\u1ea3n v\u00e0 hi\u1ec7n \u0111\u1ea1i, d\u1ec5 d\u00e0ng k\u1ebft h\u1ee3p v\u1edbi nhi\u1ec1u d\u00f2ng b\u00e0n v\u00e0 t\u1ee7 kh\u00e1c trong h\u1ec7 <strong data-start=\"2483\" data-end=\"2499\">C17 ho\u1eb7c NTV<\/strong>.<\/p>\n<p data-start=\"2504\" data-end=\"2740\">Kh\u00f3a s\u1ed1 \u0111\u01b0\u1ee3c trang b\u1ecb tr\u00ean t\u1ee7 kh\u00f4ng ch\u1ec9 gi\u00fap b\u1ea3o m\u1eadt an to\u00e0n m\u00e0 c\u00f2n t\u1ea1o n\u00ean v\u1ebb chuy\u00ean nghi\u1ec7p cho s\u1ea3n ph\u1ea9m. Ngo\u00e0i ra, h\u1ec7 th\u1ed1ng b\u1ea3n l\u1ec1 ch\u1ea5t l\u01b0\u1ee3ng cao gi\u00fap thao t\u00e1c \u0111\u00f3ng m\u1edf c\u00e1nh t\u1ee7 \u00eam \u00e1i, kh\u00f4ng g\u00e2y ti\u1ebfng \u1ed3n, n\u00e2ng cao tr\u1ea3i nghi\u1ec7m s\u1eed d\u1ee5ng.<\/p>\n<p data-start=\"2742\" data-end=\"3042\">V\u1edbi <strong data-start=\"2746\" data-end=\"2782\">k\u00edch th\u01b0\u1edbc W800 x D400 x H880 mm<\/strong>, t\u1ee7 h\u1ed3 s\u01a1 NTV880SD c\u00f3 th\u1ec3 \u0111\u1eb7t linh ho\u1ea1t \u1edf nhi\u1ec1u v\u1ecb tr\u00ed kh\u00e1c nhau trong v\u0103n ph\u00f2ng: b\u00ean c\u1ea1nh b\u00e0n l\u00e0m vi\u1ec7c, d\u01b0\u1edbi k\u1ec7 tivi, hay khu v\u1ef1c ti\u1ebfp kh\u00e1ch. B\u1ec1 m\u1eb7t t\u1ee7 c\u00f3 th\u1ec3 t\u1eadn d\u1ee5ng \u0111\u1ec3 \u0111\u1eb7t ch\u1eadu c\u00e2y, v\u1eadt trang tr\u00ed ho\u1eb7c m\u00e1y in, v\u1eeba t\u0103ng t\u00ednh th\u1ea9m m\u1ef9 v\u1eeba t\u1ed1i \u01b0u kh\u00f4ng gian.<\/p>\n<p data-start=\"3044\" data-end=\"3213\">T\u00f4ng m\u00e0u <strong data-start=\"3053\" data-end=\"3062\">L5M52<\/strong> trung t\u00ednh, hi\u1ec7n \u0111\u1ea1i, d\u1ec5 ph\u1ed1i v\u1edbi c\u00e1c s\u1ea3n ph\u1ea9m c\u00f9ng b\u1ed9 s\u01b0u t\u1eadp Newtrend VIP, gi\u00fap t\u1ea1o n\u00ean m\u1ed9t kh\u00f4ng gian l\u00e0m vi\u1ec7c \u0111\u1ed3ng b\u1ed9, tinh t\u1ebf v\u00e0 chuy\u00ean nghi\u1ec7p.<\/p>\n<p data-start=\"3215\" data-end=\"3396\" data-is-last-node=\"\" data-is-only-node=\"\">V\u1edbi thi\u1ebft k\u1ebf nh\u1ecf g\u1ecdn, ch\u1ea5t li\u1ec7u b\u1ec1n \u0111\u1eb9p v\u00e0 c\u00f4ng n\u0103ng linh ho\u1ea1t, <strong data-start=\"3279\" data-end=\"3300\">t\u1ee7 h\u1ed3 s\u01a1 NTV880SD<\/strong> l\u00e0 l\u1ef1a ch\u1ecdn ho\u00e0n h\u1ea3o cho m\u1ecdi v\u0103n ph\u00f2ng hi\u1ec7n \u0111\u1ea1i \u2013 n\u01a1i \u0111\u1ec1 cao s\u1ef1 g\u1ecdn g\u00e0ng, th\u1ea9m m\u1ef9 v\u00e0 ti\u1ec7n d\u1ee5ng.<\/p>\n","protected":false},"excerpt":{"rendered":"<p data-start=\"25\" data-end=\"373\">T\u1ee7 h\u1ed3 s\u01a1 NTV880SD l\u00e0 m\u1eabu <strong data-start=\"81\" data-end=\"116\">t\u1ee7 th\u1ea5p thu\u1ed9c d\u00f2ng Newtrend VIP<\/strong>, \u0111\u01b0\u1ee3c thi\u1ebft k\u1ebf v\u1edbi <strong data-start=\"136\" data-end=\"170\">2 c\u00e1nh l\u1eedng c\u00f3 kh\u00f3a s\u1ed1 an to\u00e0n<\/strong>, mang \u0111\u1ebfn s\u1ef1 ti\u1ec7n d\u1ee5ng v\u00e0 hi\u1ec7n \u0111\u1ea1i cho kh\u00f4ng gian v\u0103n ph\u00f2ng. S\u1ea3n ph\u1ea9m s\u1eed d\u1ee5ng <strong data-start=\"249\" data-end=\"296\">ch\u1ea5t li\u1ec7u Laminate k\u1ebft h\u1ee3p Melamine cao c\u1ea5p<\/strong>, v\u1eeba \u0111\u1ea3m b\u1ea3o t\u00ednh th\u1ea9m m\u1ef9 v\u1eeba c\u00f3 \u0111\u1ed9 b\u1ec1n v\u01b0\u1ee3t tr\u1ed9i trong qu\u00e1 tr\u00ecnh s\u1eed d\u1ee5ng.<\/p>\n<p data-start=\"375\" data-end=\"412\">K\u00edch th\u01b0\u1edbc: W800 x D400 x H880 (mm)<\/p>\n<p data-start=\"375\" data-end=\"412\">Melamine to\u00e0n b\u1ed9 &#8211; <span style=\"color: #ed1c24; font-size: 120%;\"><strong>1.200.000 \u0111<\/strong><\/span><br \/>\nLaminate k\u1ebft h\u1ee3p Melamine &#8211; <span style=\"color: #ed1c24; font-size: 120%;\"><strong>1.675.000 \u0111<\/strong><\/span><\/p>\n<p data-start=\"414\" data-end=\"720\">T\u1ee7 \u0111\u01b0\u1ee3c \u00e1p d\u1ee5ng v\u1edbi hai ch\u1ea5t li\u1ec7u:<br data-start=\"448\" data-end=\"451\" \/>Ch\u1ea5t li\u1ec7u cao c\u1ea5p: <strong data-start=\"470\" data-end=\"516\">Laminate k\u1ebft h\u1ee3p Melamine (L2M12 v\u00e0 L5M52)<\/strong>, v\u1edbi n\u00f3c bo m\u1ecf v\u1ecbt v\u00e0 c\u00e1nh t\u1ee7 bo 1\/4 \u0111\u01b0\u1eddng tr\u00f2n, mang \u0111\u1ebfn n\u00e9t m\u1ec1m m\u1ea1i v\u00e0 sang tr\u1ecdng.<br data-start=\"601\" data-end=\"604\" \/>Ch\u1ea5t li\u1ec7u ph\u1ed5 th\u00f4ng: <strong data-start=\"625\" data-end=\"654\">Melamine to\u00e0n b\u1ed9 (M32M26)<\/strong>, thi\u1ebft k\u1ebf c\u00e1c c\u1ea1nh vu\u00f4ng hi\u1ec7n \u0111\u1ea1i, ph\u00f9 h\u1ee3p phong c\u00e1ch t\u1ed1i gi\u1ea3n.<\/p>\n<p data-start=\"819\" data-end=\"969\">Xu\u1ea5t x\u1ee9: S\u1ea3n ph\u1ea9m c\u1ee7a <strong data-start=\"841\" data-end=\"869\">C\u00f4ng ty N\u1ed8I TH\u1ea4T THE ONE<\/strong> \u2013 Ph\u00e2n ph\u1ed1i b\u1edfi <strong data-start=\"886\" data-end=\"922\">C\u00d4NG TY TNHH SXTM TTNT H\u1eeeU TH\u1ecaNH<\/strong><br data-start=\"922\" data-end=\"925\" \/>B\u1ea3o h\u00e0nh: 12 th\u00e1ng theo ti\u00eau chu\u1ea9n nh\u00e0 m\u00e1y<\/p>\n<p data-start=\"971\" data-end=\"1125\"><span style=\"color: #ed1c24;\"><em data-start=\"971\" data-end=\"1123\">L\u01b0u \u00fd: Gi\u00e1 tr\u00ean ch\u01b0a bao g\u1ed3m VAT v\u00e0 ph\u00ed v\u1eadn chuy\u1ec3n. Gi\u00e1 s\u1ea3n ph\u1ea9m c\u00f3 th\u1ec3 thay \u0111\u1ed5i theo t\u1eebng th\u1eddi \u0111i\u1ec3m, vui l\u00f2ng li\u00ean h\u1ec7 \u0111\u1ec3 nh\u1eadn t\u01b0 v\u1ea5n \u01b0u \u0111\u00e3i t\u1ed1t nh\u1ea5t.<\/em><\/span><\/p>\n","protected":false},"featured_media":3871,"comment_status":"open","ping_status":"closed","template":"","meta":[],"product_brand":[],"product_cat":[17,760],"product_tag":[],"class_list":{"0":"post-3870","1":"product","2":"type-product","3":"status-publish","4":"has-post-thumbnail","6":"product_cat-noi-that-van-phong","7":"product_cat-tu-go-van-phong","9":"first","10":"instock","11":"shipping-taxable","12":"purchasable","13":"product-type-simple"},"_links":{"self":[{"href":"https:\/\/noithathuuthinh.vn\/zh-hans\/wp-json\/wp\/v2\/product\/3870","targetHints":{"allow":["GET"]}}],"collection":[{"href":"https:\/\/noithathuuthinh.vn\/zh-hans\/wp-json\/wp\/v2\/product"}],"about":[{"href":"https:\/\/noithathuuthinh.vn\/zh-hans\/wp-json\/wp\/v2\/types\/product"}],"replies":[{"embeddable":true,"href":"https:\/\/noithathuuthinh.vn\/zh-hans\/wp-json\/wp\/v2\/comments?post=3870"}],"wp:featuredmedia":[{"embeddable":true,"href":"https:\/\/noithathuuthinh.vn\/zh-hans\/wp-json\/wp\/v2\/media\/3871"}],"wp:attachment":[{"href":"https:\/\/noithathuuthinh.vn\/zh-hans\/wp-json\/wp\/v2\/media?parent=3870"}],"wp:term":[{"taxonomy":"product_brand","embeddable":true,"href":"https:\/\/noithathuuthinh.vn\/zh-hans\/wp-json\/wp\/v2\/product_brand?post=3870"},{"taxonomy":"product_cat","embeddable":true,"href":"https:\/\/noithathuuthinh.vn\/zh-hans\/wp-json\/wp\/v2\/product_cat?post=3870"},{"taxonomy":"product_tag","embeddable":true,"href":"https:\/\/noithathuuthinh.vn\/zh-hans\/wp-json\/wp\/v2\/product_tag?post=3870"}],"curies":[{"name":"wp","href":"https:\/\/api.w.org\/{rel}","templated":true}]}}